{"id":851,"date":"2025-12-04T11:45:55","date_gmt":"2025-12-04T11:45:55","guid":{"rendered":"https:\/\/kuuloasi.fi\/?post_type=product&#038;p=851"},"modified":"2026-04-15T10:24:06","modified_gmt":"2026-04-15T10:24:06","slug":"cedis-puhdistustabletti-20kpl","status":"publish","type":"product","link":"https:\/\/kuuloasi.fi\/sv\/produkt\/cedis-puhdistustabletti-20kpl\/","title":{"rendered":"Cedis reng\u00f6ringstablett 20st"},"content":{"rendered":"<p><iframe title=\"Tv\u00e4tta h\u00f6rapparatens h\u00f6rsn\u00e4cka med Cedis reng\u00f6ringstabletter.\" width=\"800\" height=\"450\" src=\"https:\/\/www.youtube.com\/embed\/T0hC0srQmAo?feature=oembed\" frameborder=\"0\" allow=\"accelerometer; autoplay; clipboard-write; encrypted-media; gyroscope; picture-in-picture; web-share\" referrerpolicy=\"strict-origin-when-cross-origin\" allowfullscreen><\/iframe><\/p>\n<h3 tabindex=\"0\" data-end=\"687\" data-start=\"644\">Varf\u00f6r \u00e4r det viktigt att reng\u00f6ra h\u00f6rapparaterna?<\/h3>\n<p data-end=\"1086\" data-start=\"689\">Regelbunden reng\u00f6ring av h\u00f6rapparatens h\u00f6rsn\u00e4cka f\u00f6rb\u00e4ttrar ljudkvaliteten, f\u00f6rhindrar blockeringar och f\u00f6rl\u00e4nger apparatens livsl\u00e4ngd. Om vax eller smuts ansamlas p\u00e5 \u00f6ronsn\u00e4ckan kan h\u00f6rapparatens ljudkanal bli helt blockerad. Detta kan f\u00f6rs\u00e4mra ljudkvaliteten eller blockera ljudet helt och h\u00e5llet. En ren \u00f6ronsn\u00e4cka minskar ocks\u00e5 tillv\u00e4xten av bakterier och svampar, som kan orsaka \u00f6roninfektioner och andra hygieniska risker.<\/p>\n<h3 tabindex=\"0\" data-end=\"1120\" data-start=\"1088\">Enkel och s\u00e4ker att anv\u00e4nda<\/h3>\n<p data-end=\"1412\" data-start=\"1122\">Cedis reng\u00f6ringstabletter l\u00f6ses upp i vatten, d\u00e4r de bildar en effektiv reng\u00f6ringsl\u00f6sning. Tabletten avl\u00e4gsnar f\u00f6rsiktigt men effektivt orenheter och desinficerar \u00f6ronsn\u00e4ckan. Efter reng\u00f6ringen sk\u00f6ljs \u00f6ronsn\u00e4ckan noggrant och torkas innan den s\u00e4tts tillbaka.<\/p>\n<p data-end=\"1532\" data-start=\"1414\">Reng\u00f6ringstabletterna \u00e4r endast avsedda f\u00f6r reng\u00f6ring av \u00f6ronsn\u00e4ckorna. H\u00f6rapparaten f\u00e5r under inga omst\u00e4ndigheter s\u00e4nkas ned i vatten.<\/p>\n<h3 tabindex=\"0\" data-end=\"1548\" data-start=\"1534\">Instruktioner f\u00f6r anv\u00e4ndning<\/h3>\n<ol data-end=\"2065\" data-start=\"1550\">\n<li data-end=\"1585\" data-start=\"1550\">\n<p data-end=\"1585\" data-start=\"1553\">Fyll glaset eller burken med vatten.<\/p>\n<\/li>\n<li data-end=\"1654\" data-start=\"1586\">\n<p data-end=\"1654\" data-start=\"1589\">Tills\u00e4tt en Cedis reng\u00f6ringstablett och l\u00e5t den l\u00f6sas upp helt.<\/p>\n<\/li>\n<li data-end=\"1706\" data-start=\"1655\">\n<p data-end=\"1706\" data-start=\"1658\">Ta bort \u00f6ronsn\u00e4ckan fr\u00e5n h\u00f6rapparaten och slangen.<\/p>\n<\/li>\n<li data-end=\"1797\" data-start=\"1707\">\n<p data-end=\"1797\" data-start=\"1710\">Placera \u00f6ronsn\u00e4ckan i l\u00f6sningen och l\u00e5t den ligga i minst 15 minuter, upp till maximalt 8 timmar.<\/p>\n<\/li>\n<li data-end=\"1903\" data-start=\"1798\">\n<p data-end=\"1903\" data-start=\"1801\">Ta bort \u00f6ronsn\u00e4ckan, sk\u00f6lj den med rent vatten och torka den noggrant med en Cedis torkpump.<\/p>\n<\/li>\n<li data-end=\"1975\" data-start=\"1904\">\n<p data-end=\"1975\" data-start=\"1907\">Kontrollera att ljudgenomg\u00e5ngen och ventilations\u00f6ppningen \u00e4r helt torra.<\/p>\n<\/li>\n<li data-end=\"2065\" data-start=\"1976\">\n<p data-end=\"2065\" data-start=\"1979\">Vi rekommenderar att du reng\u00f6r \u00f6ronsn\u00e4ckan p\u00e5 kv\u00e4llen s\u00e5 att den kan torka \u00f6ver natten.<\/p>\n<\/li>\n<\/ol>\n<h3 tabindex=\"0\" data-end=\"2123\" data-start=\"2067\">Regelbundet underh\u00e5ll f\u00f6rb\u00e4ttrar h\u00f6rapparatens prestanda<\/h3>\n<p data-end=\"2494\" data-start=\"2125\">Cedis reng\u00f6ringstabletter \u00e4r s\u00e4rskilt l\u00e4mpliga f\u00f6r anv\u00e4ndare som tenderar att ha en h\u00f6g uts\u00f6ndringshastighet av \u00f6ronvax eller som uts\u00e4tts f\u00f6r damm och fukt. Vi rekommenderar att du reng\u00f6r \u00f6ronsn\u00e4ckan en g\u00e5ng i m\u00e5naden eller oftare vid behov. Vid reng\u00f6ring \u00e4r det ocks\u00e5 l\u00e4mpligt att byta ut h\u00f6rapparatens mellanslang f\u00f6r att h\u00e5lla h\u00f6rapparaten i gott skick och redo att anv\u00e4ndas.<\/p>\n<h3 tabindex=\"0\" data-end=\"2511\" data-start=\"2496\">Information om produkten<\/h3>\n<ul data-end=\"2702\" data-start=\"2513\">\n<li data-end=\"2542\" data-start=\"2513\">\n<p data-end=\"2542\" data-start=\"2515\">20 tabletter per f\u00f6rpackning<\/p>\n<\/li>\n<li data-end=\"2606\" data-start=\"2543\">\n<p data-end=\"2606\" data-start=\"2545\">L\u00e4mplig f\u00f6r de flesta \u00f6ronproppar f\u00f6r de flesta \u00f6ronproppar<\/p>\n<\/li>\n<li data-end=\"2651\" data-start=\"2607\">\n<p data-end=\"2651\" data-start=\"2609\">En s\u00e4ker och effektiv reng\u00f6ringsl\u00f6sning<\/p>\n<\/li>\n<li data-end=\"2702\" data-start=\"2652\">\n<p data-end=\"2702\" data-start=\"2654\">En viktig h\u00f6rapparat f\u00f6r anv\u00e4ndare av h\u00f6rapparater<\/p>\n<\/li>\n<\/ul>\n<h3 tabindex=\"0\" data-end=\"2741\" data-start=\"2704\">Best\u00e4ll nu fr\u00e5n Hear Your Voice onlinebutik<\/h3>\n<p data-end=\"3000\" data-is-last-node=\"\" data-is-only-node=\"\" data-start=\"2743\">Prenumerera p\u00e5\u00a0<strong data-end=\"2776\" data-start=\"2749\">Cedis reng\u00f6ringstabletter<\/strong>\u00a0enkelt fr\u00e5n online Hearing Aid Shop och s\u00e4kerst\u00e4lla en hygienisk och problemfri drift av dina h\u00f6rapparater. Denna l\u00e4ttanv\u00e4nda och effektiva\u00a0<strong data-end=\"2919\" data-start=\"2903\">H\u00f6rselhj\u00e4lpmedel<\/strong>\u00a0g\u00f6r reng\u00f6ring av h\u00f6rapparater till en del av vardagen - enkelt och tillf\u00f6rlitligt.<\/p>","protected":false},"excerpt":{"rendered":"<p><strong data-end=\"312\" data-start=\"285\">Cedis reng\u00f6ringstabletter<\/strong>\u00a0erbjuder ett effektivt och enkelt s\u00e4tt att reng\u00f6ra \u00f6ronsn\u00e4ckorna p\u00e5 din h\u00f6rapparat. De \u00e4r s\u00e4rskilt utformade f\u00f6r reng\u00f6ring av h\u00f6rapparater och \u00e4r en viktig del av det regelbundna underh\u00e5llet av h\u00f6rapparaterna. Reng\u00f6ringstabletterna avl\u00e4gsnar effektivt \u00f6ronvax, fett, smuts och bakterier som kan f\u00f6rs\u00e4mra h\u00f6rapparatens funktion och ljudkvalitet.<\/p>","protected":false},"featured_media":852,"comment_status":"closed","ping_status":"closed","template":"","meta":{"_acf_changed":false},"product_brand":[],"product_cat":[24],"product_tag":[135,141,140],"class_list":{"0":"post-851","1":"product","2":"type-product","3":"status-publish","4":"has-post-thumbnail","6":"product_cat-kuulokojeen-puhdistus","7":"product_tag-cedis","8":"product_tag-puhdistustabletti","9":"product_tag-tabletti","11":"first","12":"instock","13":"taxable","14":"shipping-taxable","15":"purchasable","16":"product-type-simple"},"acf":[],"yoast_head":"<!-- This site is optimized with the Yoast SEO plugin v27.4 - https:\/\/yoast.com\/product\/yoast-seo-wordpress\/ -->\n<title>Cedis puhdistustabletti 20kpl - kuuloasi.fi<\/title>\n<meta name=\"robots\" content=\"index, follow, max-snippet:-1, max-image-preview:large, max-video-preview:-1\" \/>\n<link rel=\"canonical\" href=\"https:\/\/kuuloasi.fi\/sv\/produkt\/cedis-puhdistustabletti-20kpl\/\" \/>\n<meta property=\"og:locale\" content=\"sv_SE\" \/>\n<meta property=\"og:type\" content=\"article\" \/>\n<meta property=\"og:title\" content=\"Cedis puhdistustabletti 20kpl - kuuloasi.fi\" \/>\n<meta property=\"og:description\" content=\"Cedis-puhdistustabletit\u00a0tarjoavat tehokkaan ja vaivattoman tavan puhdistaa kuulokojeen korvakappaleet. Ne on suunniteltu erityisesti kuulokojeen puhdistukseen ja ovat t\u00e4rke\u00e4 osa kuulokojeen s\u00e4\u00e4nn\u00f6llist\u00e4 huoltoa. Puhdistustabletit poistavat tehokkaasti korvavahaa, rasvaa, likaa ja bakteereja, jotka voivat heikent\u00e4\u00e4 kuulokojeen toimintaa ja \u00e4\u00e4nenlaatua.\" \/>\n<meta property=\"og:url\" content=\"https:\/\/kuuloasi.fi\/sv\/produkt\/cedis-puhdistustabletti-20kpl\/\" \/>\n<meta property=\"og:site_name\" content=\"kuuloasi.fi\" \/>\n<meta property=\"article:modified_time\" content=\"2026-04-15T10:24:06+00:00\" \/>\n<meta property=\"og:image\" content=\"https:\/\/kuuloasi.fi\/wp-content\/uploads\/2025\/12\/Cedis-tablets-web.jpg\" \/>\n\t<meta property=\"og:image:width\" content=\"1080\" \/>\n\t<meta property=\"og:image:height\" content=\"1080\" \/>\n\t<meta property=\"og:image:type\" content=\"image\/jpeg\" \/>\n<meta name=\"twitter:card\" content=\"summary_large_image\" \/>\n<meta name=\"twitter:label1\" content=\"Ber\u00e4knad l\u00e4stid\" \/>\n\t<meta name=\"twitter:data1\" content=\"1 minut\" \/>\n<script type=\"application\/ld+json\" class=\"yoast-schema-graph\">{\"@context\":\"https:\\\/\\\/schema.org\",\"@graph\":[{\"@type\":\"WebPage\",\"@id\":\"https:\\\/\\\/kuuloasi.fi\\\/tuote\\\/cedis-puhdistustabletti-20kpl\\\/\",\"url\":\"https:\\\/\\\/kuuloasi.fi\\\/tuote\\\/cedis-puhdistustabletti-20kpl\\\/\",\"name\":\"Cedis puhdistustabletti 20kpl - kuuloasi.fi\",\"isPartOf\":{\"@id\":\"https:\\\/\\\/kuuloasi.fi\\\/#website\"},\"primaryImageOfPage\":{\"@id\":\"https:\\\/\\\/kuuloasi.fi\\\/tuote\\\/cedis-puhdistustabletti-20kpl\\\/#primaryimage\"},\"image\":{\"@id\":\"https:\\\/\\\/kuuloasi.fi\\\/tuote\\\/cedis-puhdistustabletti-20kpl\\\/#primaryimage\"},\"thumbnailUrl\":\"https:\\\/\\\/kuuloasi.fi\\\/wp-content\\\/uploads\\\/2025\\\/12\\\/Cedis-tablets-web.jpg\",\"datePublished\":\"2025-12-04T11:45:55+00:00\",\"dateModified\":\"2026-04-15T10:24:06+00:00\",\"breadcrumb\":{\"@id\":\"https:\\\/\\\/kuuloasi.fi\\\/tuote\\\/cedis-puhdistustabletti-20kpl\\\/#breadcrumb\"},\"inLanguage\":\"sv-SE\",\"potentialAction\":[{\"@type\":\"ReadAction\",\"target\":[\"https:\\\/\\\/kuuloasi.fi\\\/tuote\\\/cedis-puhdistustabletti-20kpl\\\/\"]}]},{\"@type\":\"ImageObject\",\"inLanguage\":\"sv-SE\",\"@id\":\"https:\\\/\\\/kuuloasi.fi\\\/tuote\\\/cedis-puhdistustabletti-20kpl\\\/#primaryimage\",\"url\":\"https:\\\/\\\/kuuloasi.fi\\\/wp-content\\\/uploads\\\/2025\\\/12\\\/Cedis-tablets-web.jpg\",\"contentUrl\":\"https:\\\/\\\/kuuloasi.fi\\\/wp-content\\\/uploads\\\/2025\\\/12\\\/Cedis-tablets-web.jpg\",\"width\":1080,\"height\":1080},{\"@type\":\"BreadcrumbList\",\"@id\":\"https:\\\/\\\/kuuloasi.fi\\\/tuote\\\/cedis-puhdistustabletti-20kpl\\\/#breadcrumb\",\"itemListElement\":[{\"@type\":\"ListItem\",\"position\":1,\"name\":\"Etusivu\",\"item\":\"https:\\\/\\\/kuuloasi.fi\\\/\"},{\"@type\":\"ListItem\",\"position\":2,\"name\":\"Kauppa\",\"item\":\"https:\\\/\\\/kuuloasi.fi\\\/kauppa\\\/\"},{\"@type\":\"ListItem\",\"position\":3,\"name\":\"Cedis puhdistustabletti 20kpl\"}]},{\"@type\":\"WebSite\",\"@id\":\"https:\\\/\\\/kuuloasi.fi\\\/#website\",\"url\":\"https:\\\/\\\/kuuloasi.fi\\\/\",\"name\":\"kuuloasi.fi\",\"description\":\"\",\"potentialAction\":[{\"@type\":\"SearchAction\",\"target\":{\"@type\":\"EntryPoint\",\"urlTemplate\":\"https:\\\/\\\/kuuloasi.fi\\\/?s={search_term_string}\"},\"query-input\":{\"@type\":\"PropertyValueSpecification\",\"valueRequired\":true,\"valueName\":\"search_term_string\"}}],\"inLanguage\":\"sv-SE\"}]}<\/script>\n<!-- \/ Yoast SEO plugin. -->","yoast_head_json":{"title":"Cedis puhdistustabletti 20kpl - kuuloasi.fi","robots":{"index":"index","follow":"follow","max-snippet":"max-snippet:-1","max-image-preview":"max-image-preview:large","max-video-preview":"max-video-preview:-1"},"canonical":"https:\/\/kuuloasi.fi\/sv\/produkt\/cedis-puhdistustabletti-20kpl\/","og_locale":"sv_SE","og_type":"article","og_title":"Cedis puhdistustabletti 20kpl - kuuloasi.fi","og_description":"Cedis-puhdistustabletit\u00a0tarjoavat tehokkaan ja vaivattoman tavan puhdistaa kuulokojeen korvakappaleet. Ne on suunniteltu erityisesti kuulokojeen puhdistukseen ja ovat t\u00e4rke\u00e4 osa kuulokojeen s\u00e4\u00e4nn\u00f6llist\u00e4 huoltoa. Puhdistustabletit poistavat tehokkaasti korvavahaa, rasvaa, likaa ja bakteereja, jotka voivat heikent\u00e4\u00e4 kuulokojeen toimintaa ja \u00e4\u00e4nenlaatua.","og_url":"https:\/\/kuuloasi.fi\/sv\/produkt\/cedis-puhdistustabletti-20kpl\/","og_site_name":"kuuloasi.fi","article_modified_time":"2026-04-15T10:24:06+00:00","og_image":[{"width":1080,"height":1080,"url":"https:\/\/kuuloasi.fi\/wp-content\/uploads\/2025\/12\/Cedis-tablets-web.jpg","type":"image\/jpeg"}],"twitter_card":"summary_large_image","twitter_misc":{"Ber\u00e4knad l\u00e4stid":"1 minut"},"schema":{"@context":"https:\/\/schema.org","@graph":[{"@type":"WebPage","@id":"https:\/\/kuuloasi.fi\/tuote\/cedis-puhdistustabletti-20kpl\/","url":"https:\/\/kuuloasi.fi\/tuote\/cedis-puhdistustabletti-20kpl\/","name":"Cedis puhdistustabletti 20kpl - kuuloasi.fi","isPartOf":{"@id":"https:\/\/kuuloasi.fi\/#website"},"primaryImageOfPage":{"@id":"https:\/\/kuuloasi.fi\/tuote\/cedis-puhdistustabletti-20kpl\/#primaryimage"},"image":{"@id":"https:\/\/kuuloasi.fi\/tuote\/cedis-puhdistustabletti-20kpl\/#primaryimage"},"thumbnailUrl":"https:\/\/kuuloasi.fi\/wp-content\/uploads\/2025\/12\/Cedis-tablets-web.jpg","datePublished":"2025-12-04T11:45:55+00:00","dateModified":"2026-04-15T10:24:06+00:00","breadcrumb":{"@id":"https:\/\/kuuloasi.fi\/tuote\/cedis-puhdistustabletti-20kpl\/#breadcrumb"},"inLanguage":"sv-SE","potentialAction":[{"@type":"ReadAction","target":["https:\/\/kuuloasi.fi\/tuote\/cedis-puhdistustabletti-20kpl\/"]}]},{"@type":"ImageObject","inLanguage":"sv-SE","@id":"https:\/\/kuuloasi.fi\/tuote\/cedis-puhdistustabletti-20kpl\/#primaryimage","url":"https:\/\/kuuloasi.fi\/wp-content\/uploads\/2025\/12\/Cedis-tablets-web.jpg","contentUrl":"https:\/\/kuuloasi.fi\/wp-content\/uploads\/2025\/12\/Cedis-tablets-web.jpg","width":1080,"height":1080},{"@type":"BreadcrumbList","@id":"https:\/\/kuuloasi.fi\/tuote\/cedis-puhdistustabletti-20kpl\/#breadcrumb","itemListElement":[{"@type":"ListItem","position":1,"name":"Etusivu","item":"https:\/\/kuuloasi.fi\/"},{"@type":"ListItem","position":2,"name":"Kauppa","item":"https:\/\/kuuloasi.fi\/kauppa\/"},{"@type":"ListItem","position":3,"name":"Cedis puhdistustabletti 20kpl"}]},{"@type":"WebSite","@id":"https:\/\/kuuloasi.fi\/#website","url":"https:\/\/kuuloasi.fi\/","name":"h\u00f6rsel.co.uk","description":"","potentialAction":[{"@type":"SearchAction","target":{"@type":"EntryPoint","urlTemplate":"https:\/\/kuuloasi.fi\/?s={search_term_string}"},"query-input":{"@type":"PropertyValueSpecification","valueRequired":true,"valueName":"search_term_string"}}],"inLanguage":"sv-SE"}]}},"_links":{"self":[{"href":"https:\/\/kuuloasi.fi\/sv\/wp-json\/wp\/v2\/product\/851","targetHints":{"allow":["GET"]}}],"collection":[{"href":"https:\/\/kuuloasi.fi\/sv\/wp-json\/wp\/v2\/product"}],"about":[{"href":"https:\/\/kuuloasi.fi\/sv\/wp-json\/wp\/v2\/types\/product"}],"replies":[{"embeddable":true,"href":"https:\/\/kuuloasi.fi\/sv\/wp-json\/wp\/v2\/comments?post=851"}],"wp:featuredmedia":[{"embeddable":true,"href":"https:\/\/kuuloasi.fi\/sv\/wp-json\/wp\/v2\/media\/852"}],"wp:attachment":[{"href":"https:\/\/kuuloasi.fi\/sv\/wp-json\/wp\/v2\/media?parent=851"}],"wp:term":[{"taxonomy":"product_brand","embeddable":true,"href":"https:\/\/kuuloasi.fi\/sv\/wp-json\/wp\/v2\/product_brand?post=851"},{"taxonomy":"product_cat","embeddable":true,"href":"https:\/\/kuuloasi.fi\/sv\/wp-json\/wp\/v2\/product_cat?post=851"},{"taxonomy":"product_tag","embeddable":true,"href":"https:\/\/kuuloasi.fi\/sv\/wp-json\/wp\/v2\/product_tag?post=851"}],"curies":[{"name":"wp","href":"https:\/\/api.w.org\/{rel}","templated":true}]}}