{"id":849,"date":"2025-12-04T11:43:57","date_gmt":"2025-12-04T11:43:57","guid":{"rendered":"https:\/\/kuuloasi.fi\/?post_type=product&#038;p=849"},"modified":"2026-04-16T08:31:09","modified_gmt":"2026-04-16T08:31:09","slug":"cedis-puhdistusliina-25kpl","status":"publish","type":"product","link":"https:\/\/kuuloasi.fi\/sv\/produkt\/cedis-puhdistusliina-25kpl\/","title":{"rendered":"Cedis reng\u00f6ringsduk 25st"},"content":{"rendered":"<p>Regelbunden reng\u00f6ring \u00f6kar komforten och livsl\u00e4ngden f\u00f6r din h\u00f6rapparat. De individuellt f\u00f6rpackade reng\u00f6ringsdukarna \u00e4r mycket enkla att anv\u00e4nda och l\u00e4tta att ta med sig p\u00e5 resan. En f\u00f6rpackning inneh\u00e5ller 25 fuktiga individuellt f\u00f6rpackade reng\u00f6ringsdukar.<\/p>\n<p>&nbsp;<\/p>\n<p>Reng\u00f6ringsdukar fungerar b\u00e4st med Neuroths torktumlare f\u00f6r h\u00f6rapparater. Reng\u00f6r h\u00f6rapparaterna med en Cedis-reng\u00f6ringsduk innan du l\u00e4gger in dem i torktumlaren. P\u00e5 s\u00e5 s\u00e4tt h\u00e5ller du h\u00f6rapparaterna rena och i gott skick hela tiden.<\/p>\n<p>&nbsp;<\/p>\n<p>Reng\u00f6ring av dina h\u00f6rapparater \u00e4r viktigt f\u00f6r en optimal anv\u00e4ndarupplevelse. Med regelbunden reng\u00f6ring undviker du on\u00f6diga reparationer.<\/p>","protected":false},"excerpt":{"rendered":"<p>Cedis reng\u00f6ringsdukar \u00e4r speciellt framtagna f\u00f6r reng\u00f6ring av \u00f6ronsn\u00e4ckor och h\u00f6rapparater. Dina h\u00f6rapparater och \u00f6ronsn\u00e4ckor blir inte bara noggrant och skonsamt rengjorda, utan ocks\u00e5 desinficerade.<\/p>","protected":false},"featured_media":850,"comment_status":"closed","ping_status":"closed","template":"","meta":{"_acf_changed":false},"product_brand":[],"product_cat":[24],"product_tag":[135,138,139],"class_list":{"0":"post-849","1":"product","2":"type-product","3":"status-publish","4":"has-post-thumbnail","6":"product_cat-kuulokojeen-puhdistus","7":"product_tag-cedis","8":"product_tag-liina","9":"product_tag-puhdistusliina","11":"first","12":"instock","13":"taxable","14":"shipping-taxable","15":"purchasable","16":"product-type-simple"},"acf":[],"yoast_head":"<!-- This site is optimized with the Yoast SEO plugin v27.4 - https:\/\/yoast.com\/product\/yoast-seo-wordpress\/ -->\n<title>Cedis puhdistusliina 25kpl - kuuloasi.fi<\/title>\n<meta name=\"robots\" content=\"index, follow, max-snippet:-1, max-image-preview:large, max-video-preview:-1\" \/>\n<link rel=\"canonical\" href=\"https:\/\/kuuloasi.fi\/sv\/produkt\/cedis-puhdistusliina-25kpl\/\" \/>\n<meta property=\"og:locale\" content=\"sv_SE\" \/>\n<meta property=\"og:type\" content=\"article\" \/>\n<meta property=\"og:title\" content=\"Cedis puhdistusliina 25kpl - kuuloasi.fi\" \/>\n<meta property=\"og:description\" content=\"Cedis puhdistusliinat on kehitetty erityisesti korvakappaleiden ja kuulokojeiden puhdistukseen. Kuulokojeesi ja korvakappaleesi ei ole vain perusteellisesti ja hell\u00e4varaisesti puhdistettu, vaan my\u00f6s desinfioitu.\" \/>\n<meta property=\"og:url\" content=\"https:\/\/kuuloasi.fi\/sv\/produkt\/cedis-puhdistusliina-25kpl\/\" \/>\n<meta property=\"og:site_name\" content=\"kuuloasi.fi\" \/>\n<meta property=\"article:modified_time\" content=\"2026-04-16T08:31:09+00:00\" \/>\n<meta property=\"og:image\" content=\"https:\/\/kuuloasi.fi\/wp-content\/uploads\/2025\/12\/puhdistusliina_1000X1000.png\" \/>\n\t<meta property=\"og:image:width\" content=\"1000\" \/>\n\t<meta property=\"og:image:height\" content=\"1000\" \/>\n\t<meta property=\"og:image:type\" content=\"image\/png\" \/>\n<meta name=\"twitter:card\" content=\"summary_large_image\" \/>\n<script type=\"application\/ld+json\" class=\"yoast-schema-graph\">{\"@context\":\"https:\\\/\\\/schema.org\",\"@graph\":[{\"@type\":\"WebPage\",\"@id\":\"https:\\\/\\\/kuuloasi.fi\\\/tuote\\\/cedis-puhdistusliina-25kpl\\\/\",\"url\":\"https:\\\/\\\/kuuloasi.fi\\\/tuote\\\/cedis-puhdistusliina-25kpl\\\/\",\"name\":\"Cedis puhdistusliina 25kpl - kuuloasi.fi\",\"isPartOf\":{\"@id\":\"https:\\\/\\\/kuuloasi.fi\\\/#website\"},\"primaryImageOfPage\":{\"@id\":\"https:\\\/\\\/kuuloasi.fi\\\/tuote\\\/cedis-puhdistusliina-25kpl\\\/#primaryimage\"},\"image\":{\"@id\":\"https:\\\/\\\/kuuloasi.fi\\\/tuote\\\/cedis-puhdistusliina-25kpl\\\/#primaryimage\"},\"thumbnailUrl\":\"https:\\\/\\\/kuuloasi.fi\\\/wp-content\\\/uploads\\\/2025\\\/12\\\/puhdistusliina_1000X1000.png\",\"datePublished\":\"2025-12-04T11:43:57+00:00\",\"dateModified\":\"2026-04-16T08:31:09+00:00\",\"breadcrumb\":{\"@id\":\"https:\\\/\\\/kuuloasi.fi\\\/tuote\\\/cedis-puhdistusliina-25kpl\\\/#breadcrumb\"},\"inLanguage\":\"sv-SE\",\"potentialAction\":[{\"@type\":\"ReadAction\",\"target\":[\"https:\\\/\\\/kuuloasi.fi\\\/tuote\\\/cedis-puhdistusliina-25kpl\\\/\"]}]},{\"@type\":\"ImageObject\",\"inLanguage\":\"sv-SE\",\"@id\":\"https:\\\/\\\/kuuloasi.fi\\\/tuote\\\/cedis-puhdistusliina-25kpl\\\/#primaryimage\",\"url\":\"https:\\\/\\\/kuuloasi.fi\\\/wp-content\\\/uploads\\\/2025\\\/12\\\/puhdistusliina_1000X1000.png\",\"contentUrl\":\"https:\\\/\\\/kuuloasi.fi\\\/wp-content\\\/uploads\\\/2025\\\/12\\\/puhdistusliina_1000X1000.png\",\"width\":1000,\"height\":1000},{\"@type\":\"BreadcrumbList\",\"@id\":\"https:\\\/\\\/kuuloasi.fi\\\/tuote\\\/cedis-puhdistusliina-25kpl\\\/#breadcrumb\",\"itemListElement\":[{\"@type\":\"ListItem\",\"position\":1,\"name\":\"Etusivu\",\"item\":\"https:\\\/\\\/kuuloasi.fi\\\/\"},{\"@type\":\"ListItem\",\"position\":2,\"name\":\"Kauppa\",\"item\":\"https:\\\/\\\/kuuloasi.fi\\\/kauppa\\\/\"},{\"@type\":\"ListItem\",\"position\":3,\"name\":\"Cedis puhdistusliina 25kpl\"}]},{\"@type\":\"WebSite\",\"@id\":\"https:\\\/\\\/kuuloasi.fi\\\/#website\",\"url\":\"https:\\\/\\\/kuuloasi.fi\\\/\",\"name\":\"kuuloasi.fi\",\"description\":\"\",\"potentialAction\":[{\"@type\":\"SearchAction\",\"target\":{\"@type\":\"EntryPoint\",\"urlTemplate\":\"https:\\\/\\\/kuuloasi.fi\\\/?s={search_term_string}\"},\"query-input\":{\"@type\":\"PropertyValueSpecification\",\"valueRequired\":true,\"valueName\":\"search_term_string\"}}],\"inLanguage\":\"sv-SE\"}]}<\/script>\n<!-- \/ Yoast SEO plugin. -->","yoast_head_json":{"title":"Cedis puhdistusliina 25kpl - kuuloasi.fi","robots":{"index":"index","follow":"follow","max-snippet":"max-snippet:-1","max-image-preview":"max-image-preview:large","max-video-preview":"max-video-preview:-1"},"canonical":"https:\/\/kuuloasi.fi\/sv\/produkt\/cedis-puhdistusliina-25kpl\/","og_locale":"sv_SE","og_type":"article","og_title":"Cedis puhdistusliina 25kpl - kuuloasi.fi","og_description":"Cedis puhdistusliinat on kehitetty erityisesti korvakappaleiden ja kuulokojeiden puhdistukseen. Kuulokojeesi ja korvakappaleesi ei ole vain perusteellisesti ja hell\u00e4varaisesti puhdistettu, vaan my\u00f6s desinfioitu.","og_url":"https:\/\/kuuloasi.fi\/sv\/produkt\/cedis-puhdistusliina-25kpl\/","og_site_name":"kuuloasi.fi","article_modified_time":"2026-04-16T08:31:09+00:00","og_image":[{"width":1000,"height":1000,"url":"https:\/\/kuuloasi.fi\/wp-content\/uploads\/2025\/12\/puhdistusliina_1000X1000.png","type":"image\/png"}],"twitter_card":"summary_large_image","schema":{"@context":"https:\/\/schema.org","@graph":[{"@type":"WebPage","@id":"https:\/\/kuuloasi.fi\/tuote\/cedis-puhdistusliina-25kpl\/","url":"https:\/\/kuuloasi.fi\/tuote\/cedis-puhdistusliina-25kpl\/","name":"Cedis puhdistusliina 25kpl - kuuloasi.fi","isPartOf":{"@id":"https:\/\/kuuloasi.fi\/#website"},"primaryImageOfPage":{"@id":"https:\/\/kuuloasi.fi\/tuote\/cedis-puhdistusliina-25kpl\/#primaryimage"},"image":{"@id":"https:\/\/kuuloasi.fi\/tuote\/cedis-puhdistusliina-25kpl\/#primaryimage"},"thumbnailUrl":"https:\/\/kuuloasi.fi\/wp-content\/uploads\/2025\/12\/puhdistusliina_1000X1000.png","datePublished":"2025-12-04T11:43:57+00:00","dateModified":"2026-04-16T08:31:09+00:00","breadcrumb":{"@id":"https:\/\/kuuloasi.fi\/tuote\/cedis-puhdistusliina-25kpl\/#breadcrumb"},"inLanguage":"sv-SE","potentialAction":[{"@type":"ReadAction","target":["https:\/\/kuuloasi.fi\/tuote\/cedis-puhdistusliina-25kpl\/"]}]},{"@type":"ImageObject","inLanguage":"sv-SE","@id":"https:\/\/kuuloasi.fi\/tuote\/cedis-puhdistusliina-25kpl\/#primaryimage","url":"https:\/\/kuuloasi.fi\/wp-content\/uploads\/2025\/12\/puhdistusliina_1000X1000.png","contentUrl":"https:\/\/kuuloasi.fi\/wp-content\/uploads\/2025\/12\/puhdistusliina_1000X1000.png","width":1000,"height":1000},{"@type":"BreadcrumbList","@id":"https:\/\/kuuloasi.fi\/tuote\/cedis-puhdistusliina-25kpl\/#breadcrumb","itemListElement":[{"@type":"ListItem","position":1,"name":"Etusivu","item":"https:\/\/kuuloasi.fi\/"},{"@type":"ListItem","position":2,"name":"Kauppa","item":"https:\/\/kuuloasi.fi\/kauppa\/"},{"@type":"ListItem","position":3,"name":"Cedis puhdistusliina 25kpl"}]},{"@type":"WebSite","@id":"https:\/\/kuuloasi.fi\/#website","url":"https:\/\/kuuloasi.fi\/","name":"h\u00f6rsel.co.uk","description":"","potentialAction":[{"@type":"SearchAction","target":{"@type":"EntryPoint","urlTemplate":"https:\/\/kuuloasi.fi\/?s={search_term_string}"},"query-input":{"@type":"PropertyValueSpecification","valueRequired":true,"valueName":"search_term_string"}}],"inLanguage":"sv-SE"}]}},"_links":{"self":[{"href":"https:\/\/kuuloasi.fi\/sv\/wp-json\/wp\/v2\/product\/849","targetHints":{"allow":["GET"]}}],"collection":[{"href":"https:\/\/kuuloasi.fi\/sv\/wp-json\/wp\/v2\/product"}],"about":[{"href":"https:\/\/kuuloasi.fi\/sv\/wp-json\/wp\/v2\/types\/product"}],"replies":[{"embeddable":true,"href":"https:\/\/kuuloasi.fi\/sv\/wp-json\/wp\/v2\/comments?post=849"}],"wp:featuredmedia":[{"embeddable":true,"href":"https:\/\/kuuloasi.fi\/sv\/wp-json\/wp\/v2\/media\/850"}],"wp:attachment":[{"href":"https:\/\/kuuloasi.fi\/sv\/wp-json\/wp\/v2\/media?parent=849"}],"wp:term":[{"taxonomy":"product_brand","embeddable":true,"href":"https:\/\/kuuloasi.fi\/sv\/wp-json\/wp\/v2\/product_brand?post=849"},{"taxonomy":"product_cat","embeddable":true,"href":"https:\/\/kuuloasi.fi\/sv\/wp-json\/wp\/v2\/product_cat?post=849"},{"taxonomy":"product_tag","embeddable":true,"href":"https:\/\/kuuloasi.fi\/sv\/wp-json\/wp\/v2\/product_tag?post=849"}],"curies":[{"name":"wp","href":"https:\/\/api.w.org\/{rel}","templated":true}]}}