{"id":847,"date":"2025-12-04T11:42:51","date_gmt":"2025-12-04T11:42:51","guid":{"rendered":"https:\/\/kuuloasi.fi\/?post_type=product&#038;p=847"},"modified":"2026-04-15T06:19:46","modified_gmt":"2026-04-15T06:19:46","slug":"kuivauspumppu","status":"publish","type":"product","link":"https:\/\/kuuloasi.fi\/sv\/produkt\/kuivauspumppu\/","title":{"rendered":"Torkningspump"},"content":{"rendered":"<p><iframe title=\"Anv\u00e4ndning av torkningspump f\u00f6r h\u00f6rapparat\" width=\"800\" height=\"450\" src=\"https:\/\/www.youtube.com\/embed\/CmrZq378VxI?feature=oembed\" frameborder=\"0\" allow=\"accelerometer; autoplay; clipboard-write; encrypted-media; gyroscope; picture-in-picture; web-share\" referrerpolicy=\"strict-origin-when-cross-origin\" allowfullscreen><\/iframe><\/p>\n<p>Om h\u00f6rapparaten inte fungerar som den ska efter tv\u00e4tt beror det troligen p\u00e5 att det finns fukt i \u00f6ronsn\u00e4ckans ljudkanal. En torkpump g\u00f6r det enkelt att bl\u00e5sa in luft i ljudkanalen och avl\u00e4gsna fukten. Fukt kan ocks\u00e5 tr\u00e4nga in i h\u00f6rselg\u00e5ngen efter dusch eller bad.<\/p>","protected":false},"excerpt":{"rendered":"<p><strong>Pump f\u00f6r torkning av h\u00f6rapparat<\/strong><\/p>\n<p>&nbsp;<\/p>\n<p>Cedis torkpump g\u00f6r att du kan torka dina h\u00f6rapparater efter att du har tv\u00e4ttat \u00f6ronsn\u00e4ckan. Det \u00e4r s\u00e4rskilt viktigt att \u00f6ronsn\u00e4ckan torkas noggrant efter tv\u00e4tt. Om det bara finns en liten vattendroppe kvar i ljudkanalen kan den blockera ljudpassagen helt och h\u00e5llet.<\/p>","protected":false},"featured_media":848,"comment_status":"closed","ping_status":"closed","template":"","meta":{"_acf_changed":false},"product_brand":[],"product_cat":[24],"product_tag":[135,129,137],"class_list":{"0":"post-847","1":"product","2":"type-product","3":"status-publish","4":"has-post-thumbnail","6":"product_cat-kuulokojeen-puhdistus","7":"product_tag-cedis","8":"product_tag-kuivaus","9":"product_tag-pumppu","11":"first","12":"instock","13":"taxable","14":"shipping-taxable","15":"purchasable","16":"product-type-simple"},"acf":[],"yoast_head":"<!-- This site is optimized with the Yoast SEO plugin v27.4 - https:\/\/yoast.com\/product\/yoast-seo-wordpress\/ -->\n<title>Kuivauspumppu - kuuloasi.fi<\/title>\n<meta name=\"robots\" content=\"index, follow, max-snippet:-1, max-image-preview:large, max-video-preview:-1\" \/>\n<link rel=\"canonical\" href=\"https:\/\/kuuloasi.fi\/sv\/produkt\/kuivauspumppu\/\" \/>\n<meta property=\"og:locale\" content=\"sv_SE\" \/>\n<meta property=\"og:type\" content=\"article\" \/>\n<meta property=\"og:title\" content=\"Kuivauspumppu - kuuloasi.fi\" \/>\n<meta property=\"og:description\" content=\"Kuulokojeen kuivauspumppu  &nbsp;  Cedis kuivauspumpulla voit kuivata kuulolaitteesi korvakappaleen pesun j\u00e4lkeen.\u00a0Pesun j\u00e4lkeen korvakappaleen huolellinen kuivaaminen on erityisen t\u00e4rke\u00e4\u00e4. Mik\u00e4li \u00e4\u00e4nikanavaan j\u00e4\u00e4 pienikin pisara vett\u00e4, voi se tukkia \u00e4\u00e4nen l\u00e4pimenon kokonaan.\" \/>\n<meta property=\"og:url\" content=\"https:\/\/kuuloasi.fi\/sv\/produkt\/kuivauspumppu\/\" \/>\n<meta property=\"og:site_name\" content=\"kuuloasi.fi\" \/>\n<meta property=\"article:modified_time\" content=\"2026-04-15T06:19:46+00:00\" \/>\n<meta property=\"og:image\" content=\"https:\/\/kuuloasi.fi\/wp-content\/uploads\/2025\/12\/82400_eT2-500x500_ml-1.jpg\" \/>\n\t<meta property=\"og:image:width\" content=\"500\" \/>\n\t<meta property=\"og:image:height\" content=\"500\" \/>\n\t<meta property=\"og:image:type\" content=\"image\/jpeg\" \/>\n<meta name=\"twitter:card\" content=\"summary_large_image\" \/>\n<script type=\"application\/ld+json\" class=\"yoast-schema-graph\">{\"@context\":\"https:\\\/\\\/schema.org\",\"@graph\":[{\"@type\":\"WebPage\",\"@id\":\"https:\\\/\\\/kuuloasi.fi\\\/tuote\\\/kuivauspumppu\\\/\",\"url\":\"https:\\\/\\\/kuuloasi.fi\\\/tuote\\\/kuivauspumppu\\\/\",\"name\":\"Kuivauspumppu - kuuloasi.fi\",\"isPartOf\":{\"@id\":\"https:\\\/\\\/kuuloasi.fi\\\/#website\"},\"primaryImageOfPage\":{\"@id\":\"https:\\\/\\\/kuuloasi.fi\\\/tuote\\\/kuivauspumppu\\\/#primaryimage\"},\"image\":{\"@id\":\"https:\\\/\\\/kuuloasi.fi\\\/tuote\\\/kuivauspumppu\\\/#primaryimage\"},\"thumbnailUrl\":\"https:\\\/\\\/kuuloasi.fi\\\/wp-content\\\/uploads\\\/2025\\\/12\\\/82400_eT2-500x500_ml-1.jpg\",\"datePublished\":\"2025-12-04T11:42:51+00:00\",\"dateModified\":\"2026-04-15T06:19:46+00:00\",\"breadcrumb\":{\"@id\":\"https:\\\/\\\/kuuloasi.fi\\\/tuote\\\/kuivauspumppu\\\/#breadcrumb\"},\"inLanguage\":\"sv-SE\",\"potentialAction\":[{\"@type\":\"ReadAction\",\"target\":[\"https:\\\/\\\/kuuloasi.fi\\\/tuote\\\/kuivauspumppu\\\/\"]}]},{\"@type\":\"ImageObject\",\"inLanguage\":\"sv-SE\",\"@id\":\"https:\\\/\\\/kuuloasi.fi\\\/tuote\\\/kuivauspumppu\\\/#primaryimage\",\"url\":\"https:\\\/\\\/kuuloasi.fi\\\/wp-content\\\/uploads\\\/2025\\\/12\\\/82400_eT2-500x500_ml-1.jpg\",\"contentUrl\":\"https:\\\/\\\/kuuloasi.fi\\\/wp-content\\\/uploads\\\/2025\\\/12\\\/82400_eT2-500x500_ml-1.jpg\",\"width\":500,\"height\":500},{\"@type\":\"BreadcrumbList\",\"@id\":\"https:\\\/\\\/kuuloasi.fi\\\/tuote\\\/kuivauspumppu\\\/#breadcrumb\",\"itemListElement\":[{\"@type\":\"ListItem\",\"position\":1,\"name\":\"Etusivu\",\"item\":\"https:\\\/\\\/kuuloasi.fi\\\/\"},{\"@type\":\"ListItem\",\"position\":2,\"name\":\"Kauppa\",\"item\":\"https:\\\/\\\/kuuloasi.fi\\\/kauppa\\\/\"},{\"@type\":\"ListItem\",\"position\":3,\"name\":\"Kuivauspumppu\"}]},{\"@type\":\"WebSite\",\"@id\":\"https:\\\/\\\/kuuloasi.fi\\\/#website\",\"url\":\"https:\\\/\\\/kuuloasi.fi\\\/\",\"name\":\"kuuloasi.fi\",\"description\":\"\",\"potentialAction\":[{\"@type\":\"SearchAction\",\"target\":{\"@type\":\"EntryPoint\",\"urlTemplate\":\"https:\\\/\\\/kuuloasi.fi\\\/?s={search_term_string}\"},\"query-input\":{\"@type\":\"PropertyValueSpecification\",\"valueRequired\":true,\"valueName\":\"search_term_string\"}}],\"inLanguage\":\"sv-SE\"}]}<\/script>\n<!-- \/ Yoast SEO plugin. -->","yoast_head_json":{"title":"Kuivauspumppu - kuuloasi.fi","robots":{"index":"index","follow":"follow","max-snippet":"max-snippet:-1","max-image-preview":"max-image-preview:large","max-video-preview":"max-video-preview:-1"},"canonical":"https:\/\/kuuloasi.fi\/sv\/produkt\/kuivauspumppu\/","og_locale":"sv_SE","og_type":"article","og_title":"Kuivauspumppu - kuuloasi.fi","og_description":"Kuulokojeen kuivauspumppu  &nbsp;  Cedis kuivauspumpulla voit kuivata kuulolaitteesi korvakappaleen pesun j\u00e4lkeen.\u00a0Pesun j\u00e4lkeen korvakappaleen huolellinen kuivaaminen on erityisen t\u00e4rke\u00e4\u00e4. Mik\u00e4li \u00e4\u00e4nikanavaan j\u00e4\u00e4 pienikin pisara vett\u00e4, voi se tukkia \u00e4\u00e4nen l\u00e4pimenon kokonaan.","og_url":"https:\/\/kuuloasi.fi\/sv\/produkt\/kuivauspumppu\/","og_site_name":"kuuloasi.fi","article_modified_time":"2026-04-15T06:19:46+00:00","og_image":[{"width":500,"height":500,"url":"https:\/\/kuuloasi.fi\/wp-content\/uploads\/2025\/12\/82400_eT2-500x500_ml-1.jpg","type":"image\/jpeg"}],"twitter_card":"summary_large_image","schema":{"@context":"https:\/\/schema.org","@graph":[{"@type":"WebPage","@id":"https:\/\/kuuloasi.fi\/tuote\/kuivauspumppu\/","url":"https:\/\/kuuloasi.fi\/tuote\/kuivauspumppu\/","name":"Kuivauspumppu - kuuloasi.fi","isPartOf":{"@id":"https:\/\/kuuloasi.fi\/#website"},"primaryImageOfPage":{"@id":"https:\/\/kuuloasi.fi\/tuote\/kuivauspumppu\/#primaryimage"},"image":{"@id":"https:\/\/kuuloasi.fi\/tuote\/kuivauspumppu\/#primaryimage"},"thumbnailUrl":"https:\/\/kuuloasi.fi\/wp-content\/uploads\/2025\/12\/82400_eT2-500x500_ml-1.jpg","datePublished":"2025-12-04T11:42:51+00:00","dateModified":"2026-04-15T06:19:46+00:00","breadcrumb":{"@id":"https:\/\/kuuloasi.fi\/tuote\/kuivauspumppu\/#breadcrumb"},"inLanguage":"sv-SE","potentialAction":[{"@type":"ReadAction","target":["https:\/\/kuuloasi.fi\/tuote\/kuivauspumppu\/"]}]},{"@type":"ImageObject","inLanguage":"sv-SE","@id":"https:\/\/kuuloasi.fi\/tuote\/kuivauspumppu\/#primaryimage","url":"https:\/\/kuuloasi.fi\/wp-content\/uploads\/2025\/12\/82400_eT2-500x500_ml-1.jpg","contentUrl":"https:\/\/kuuloasi.fi\/wp-content\/uploads\/2025\/12\/82400_eT2-500x500_ml-1.jpg","width":500,"height":500},{"@type":"BreadcrumbList","@id":"https:\/\/kuuloasi.fi\/tuote\/kuivauspumppu\/#breadcrumb","itemListElement":[{"@type":"ListItem","position":1,"name":"Etusivu","item":"https:\/\/kuuloasi.fi\/"},{"@type":"ListItem","position":2,"name":"Kauppa","item":"https:\/\/kuuloasi.fi\/kauppa\/"},{"@type":"ListItem","position":3,"name":"Kuivauspumppu"}]},{"@type":"WebSite","@id":"https:\/\/kuuloasi.fi\/#website","url":"https:\/\/kuuloasi.fi\/","name":"h\u00f6rsel.co.uk","description":"","potentialAction":[{"@type":"SearchAction","target":{"@type":"EntryPoint","urlTemplate":"https:\/\/kuuloasi.fi\/?s={search_term_string}"},"query-input":{"@type":"PropertyValueSpecification","valueRequired":true,"valueName":"search_term_string"}}],"inLanguage":"sv-SE"}]}},"_links":{"self":[{"href":"https:\/\/kuuloasi.fi\/sv\/wp-json\/wp\/v2\/product\/847","targetHints":{"allow":["GET"]}}],"collection":[{"href":"https:\/\/kuuloasi.fi\/sv\/wp-json\/wp\/v2\/product"}],"about":[{"href":"https:\/\/kuuloasi.fi\/sv\/wp-json\/wp\/v2\/types\/product"}],"replies":[{"embeddable":true,"href":"https:\/\/kuuloasi.fi\/sv\/wp-json\/wp\/v2\/comments?post=847"}],"wp:featuredmedia":[{"embeddable":true,"href":"https:\/\/kuuloasi.fi\/sv\/wp-json\/wp\/v2\/media\/848"}],"wp:attachment":[{"href":"https:\/\/kuuloasi.fi\/sv\/wp-json\/wp\/v2\/media?parent=847"}],"wp:term":[{"taxonomy":"product_brand","embeddable":true,"href":"https:\/\/kuuloasi.fi\/sv\/wp-json\/wp\/v2\/product_brand?post=847"},{"taxonomy":"product_cat","embeddable":true,"href":"https:\/\/kuuloasi.fi\/sv\/wp-json\/wp\/v2\/product_cat?post=847"},{"taxonomy":"product_tag","embeddable":true,"href":"https:\/\/kuuloasi.fi\/sv\/wp-json\/wp\/v2\/product_tag?post=847"}],"curies":[{"name":"wp","href":"https:\/\/api.w.org\/{rel}","templated":true}]}}