{"id":845,"date":"2025-12-04T11:39:39","date_gmt":"2025-12-04T11:39:39","guid":{"rendered":"https:\/\/kuuloasi.fi\/?post_type=product&#038;p=845"},"modified":"2026-04-14T10:18:23","modified_gmt":"2026-04-14T10:18:23","slug":"cedis-desinfiointisuihke","status":"publish","type":"product","link":"https:\/\/kuuloasi.fi\/sv\/produkt\/cedis-desinfiointisuihke\/","title":{"rendered":"Cedis spray f\u00f6r desinfektionsmedel"},"content":{"rendered":"<p>Spraya reng\u00f6ringssprayen p\u00e5 papperet och reng\u00f6r h\u00f6rapparaten och h\u00f6rsn\u00e4ckan. L\u00e5t sprayen verka i cirka en minut och torka sedan med en absorberande trasa eller mjuk pappershandduk, t.ex. en k\u00f6kshandduk.<\/p>\n<p>N\u00e4r du anv\u00e4nder reng\u00f6ringssprayen m\u00e5ste du vara f\u00f6rsiktig s\u00e5 att du inte f\u00e5r in sprayen i mikrofon- eller h\u00f6rlurs\u00f6ppningarna.<\/p>\n<p>Cedis reng\u00f6ringsspray rekommenderas f\u00f6r anv\u00e4ndning med en h\u00f6rapparattork. Genom att spraya reng\u00f6ringssprayen p\u00e5 h\u00f6rapparaten och torka av den innan den placeras i torktumlaren hinner torktumlaren torka ut eventuell fukt som kan finnas kvar i h\u00f6rapparaten.<\/p>","protected":false},"excerpt":{"rendered":"<p>Cedis reng\u00f6ringsspray anv\u00e4nds f\u00f6r daglig reng\u00f6ring och desinfektion av h\u00f6rapparater och \u00f6ronsn\u00e4ckor. Sprayen har en reng\u00f6rande effekt p\u00e5 bakterier, virus och svamp.<\/p>","protected":false},"featured_media":846,"comment_status":"closed","ping_status":"closed","template":"","meta":{"_acf_changed":false},"product_brand":[],"product_cat":[24],"product_tag":[135,136,125],"class_list":{"0":"post-845","1":"product","2":"type-product","3":"status-publish","4":"has-post-thumbnail","6":"product_cat-kuulokojeen-puhdistus","7":"product_tag-cedis","8":"product_tag-desinfiointisuihke","9":"product_tag-suihke","11":"first","12":"instock","13":"taxable","14":"shipping-taxable","15":"purchasable","16":"product-type-simple"},"acf":[],"yoast_head":"<!-- This site is optimized with the Yoast SEO plugin v27.4 - https:\/\/yoast.com\/product\/yoast-seo-wordpress\/ -->\n<title>Cedis desinfiointisuihke - kuuloasi.fi<\/title>\n<meta name=\"robots\" content=\"index, follow, max-snippet:-1, max-image-preview:large, max-video-preview:-1\" \/>\n<link rel=\"canonical\" href=\"https:\/\/kuuloasi.fi\/sv\/produkt\/cedis-desinfiointisuihke\/\" \/>\n<meta property=\"og:locale\" content=\"sv_SE\" \/>\n<meta property=\"og:type\" content=\"article\" \/>\n<meta property=\"og:title\" content=\"Cedis desinfiointisuihke - kuuloasi.fi\" \/>\n<meta property=\"og:description\" content=\"Cedis puhdistussuihketta k\u00e4ytet\u00e4\u00e4n kuulokojeiden ja korvakappaleiden p\u00e4ivitt\u00e4iseen puhdistukseen ja desinfiointiin. Suihkeella on puhdistava vaikutus bakteereihin, viruksiin ja sieniin.\" \/>\n<meta property=\"og:url\" content=\"https:\/\/kuuloasi.fi\/sv\/produkt\/cedis-desinfiointisuihke\/\" \/>\n<meta property=\"og:site_name\" content=\"kuuloasi.fi\" \/>\n<meta property=\"article:modified_time\" content=\"2026-04-14T10:18:23+00:00\" \/>\n<meta property=\"og:image\" content=\"https:\/\/kuuloasi.fi\/wp-content\/uploads\/2025\/12\/Desinfiontisuihke_1000X1000.png\" \/>\n\t<meta property=\"og:image:width\" content=\"1000\" \/>\n\t<meta property=\"og:image:height\" content=\"1000\" \/>\n\t<meta property=\"og:image:type\" content=\"image\/png\" \/>\n<meta name=\"twitter:card\" content=\"summary_large_image\" \/>\n<script type=\"application\/ld+json\" class=\"yoast-schema-graph\">{\"@context\":\"https:\\\/\\\/schema.org\",\"@graph\":[{\"@type\":\"WebPage\",\"@id\":\"https:\\\/\\\/kuuloasi.fi\\\/tuote\\\/cedis-desinfiointisuihke\\\/\",\"url\":\"https:\\\/\\\/kuuloasi.fi\\\/tuote\\\/cedis-desinfiointisuihke\\\/\",\"name\":\"Cedis desinfiointisuihke - kuuloasi.fi\",\"isPartOf\":{\"@id\":\"https:\\\/\\\/kuuloasi.fi\\\/#website\"},\"primaryImageOfPage\":{\"@id\":\"https:\\\/\\\/kuuloasi.fi\\\/tuote\\\/cedis-desinfiointisuihke\\\/#primaryimage\"},\"image\":{\"@id\":\"https:\\\/\\\/kuuloasi.fi\\\/tuote\\\/cedis-desinfiointisuihke\\\/#primaryimage\"},\"thumbnailUrl\":\"https:\\\/\\\/kuuloasi.fi\\\/wp-content\\\/uploads\\\/2025\\\/12\\\/Desinfiontisuihke_1000X1000.png\",\"datePublished\":\"2025-12-04T11:39:39+00:00\",\"dateModified\":\"2026-04-14T10:18:23+00:00\",\"breadcrumb\":{\"@id\":\"https:\\\/\\\/kuuloasi.fi\\\/tuote\\\/cedis-desinfiointisuihke\\\/#breadcrumb\"},\"inLanguage\":\"sv-SE\",\"potentialAction\":[{\"@type\":\"ReadAction\",\"target\":[\"https:\\\/\\\/kuuloasi.fi\\\/tuote\\\/cedis-desinfiointisuihke\\\/\"]}]},{\"@type\":\"ImageObject\",\"inLanguage\":\"sv-SE\",\"@id\":\"https:\\\/\\\/kuuloasi.fi\\\/tuote\\\/cedis-desinfiointisuihke\\\/#primaryimage\",\"url\":\"https:\\\/\\\/kuuloasi.fi\\\/wp-content\\\/uploads\\\/2025\\\/12\\\/Desinfiontisuihke_1000X1000.png\",\"contentUrl\":\"https:\\\/\\\/kuuloasi.fi\\\/wp-content\\\/uploads\\\/2025\\\/12\\\/Desinfiontisuihke_1000X1000.png\",\"width\":1000,\"height\":1000},{\"@type\":\"BreadcrumbList\",\"@id\":\"https:\\\/\\\/kuuloasi.fi\\\/tuote\\\/cedis-desinfiointisuihke\\\/#breadcrumb\",\"itemListElement\":[{\"@type\":\"ListItem\",\"position\":1,\"name\":\"Etusivu\",\"item\":\"https:\\\/\\\/kuuloasi.fi\\\/\"},{\"@type\":\"ListItem\",\"position\":2,\"name\":\"Kauppa\",\"item\":\"https:\\\/\\\/kuuloasi.fi\\\/kauppa\\\/\"},{\"@type\":\"ListItem\",\"position\":3,\"name\":\"Cedis desinfiointisuihke\"}]},{\"@type\":\"WebSite\",\"@id\":\"https:\\\/\\\/kuuloasi.fi\\\/#website\",\"url\":\"https:\\\/\\\/kuuloasi.fi\\\/\",\"name\":\"kuuloasi.fi\",\"description\":\"\",\"potentialAction\":[{\"@type\":\"SearchAction\",\"target\":{\"@type\":\"EntryPoint\",\"urlTemplate\":\"https:\\\/\\\/kuuloasi.fi\\\/?s={search_term_string}\"},\"query-input\":{\"@type\":\"PropertyValueSpecification\",\"valueRequired\":true,\"valueName\":\"search_term_string\"}}],\"inLanguage\":\"sv-SE\"}]}<\/script>\n<!-- \/ Yoast SEO plugin. -->","yoast_head_json":{"title":"Cedis desinfiointisuihke - kuuloasi.fi","robots":{"index":"index","follow":"follow","max-snippet":"max-snippet:-1","max-image-preview":"max-image-preview:large","max-video-preview":"max-video-preview:-1"},"canonical":"https:\/\/kuuloasi.fi\/sv\/produkt\/cedis-desinfiointisuihke\/","og_locale":"sv_SE","og_type":"article","og_title":"Cedis desinfiointisuihke - kuuloasi.fi","og_description":"Cedis puhdistussuihketta k\u00e4ytet\u00e4\u00e4n kuulokojeiden ja korvakappaleiden p\u00e4ivitt\u00e4iseen puhdistukseen ja desinfiointiin. Suihkeella on puhdistava vaikutus bakteereihin, viruksiin ja sieniin.","og_url":"https:\/\/kuuloasi.fi\/sv\/produkt\/cedis-desinfiointisuihke\/","og_site_name":"kuuloasi.fi","article_modified_time":"2026-04-14T10:18:23+00:00","og_image":[{"width":1000,"height":1000,"url":"https:\/\/kuuloasi.fi\/wp-content\/uploads\/2025\/12\/Desinfiontisuihke_1000X1000.png","type":"image\/png"}],"twitter_card":"summary_large_image","schema":{"@context":"https:\/\/schema.org","@graph":[{"@type":"WebPage","@id":"https:\/\/kuuloasi.fi\/tuote\/cedis-desinfiointisuihke\/","url":"https:\/\/kuuloasi.fi\/tuote\/cedis-desinfiointisuihke\/","name":"Cedis desinfiointisuihke - kuuloasi.fi","isPartOf":{"@id":"https:\/\/kuuloasi.fi\/#website"},"primaryImageOfPage":{"@id":"https:\/\/kuuloasi.fi\/tuote\/cedis-desinfiointisuihke\/#primaryimage"},"image":{"@id":"https:\/\/kuuloasi.fi\/tuote\/cedis-desinfiointisuihke\/#primaryimage"},"thumbnailUrl":"https:\/\/kuuloasi.fi\/wp-content\/uploads\/2025\/12\/Desinfiontisuihke_1000X1000.png","datePublished":"2025-12-04T11:39:39+00:00","dateModified":"2026-04-14T10:18:23+00:00","breadcrumb":{"@id":"https:\/\/kuuloasi.fi\/tuote\/cedis-desinfiointisuihke\/#breadcrumb"},"inLanguage":"sv-SE","potentialAction":[{"@type":"ReadAction","target":["https:\/\/kuuloasi.fi\/tuote\/cedis-desinfiointisuihke\/"]}]},{"@type":"ImageObject","inLanguage":"sv-SE","@id":"https:\/\/kuuloasi.fi\/tuote\/cedis-desinfiointisuihke\/#primaryimage","url":"https:\/\/kuuloasi.fi\/wp-content\/uploads\/2025\/12\/Desinfiontisuihke_1000X1000.png","contentUrl":"https:\/\/kuuloasi.fi\/wp-content\/uploads\/2025\/12\/Desinfiontisuihke_1000X1000.png","width":1000,"height":1000},{"@type":"BreadcrumbList","@id":"https:\/\/kuuloasi.fi\/tuote\/cedis-desinfiointisuihke\/#breadcrumb","itemListElement":[{"@type":"ListItem","position":1,"name":"Etusivu","item":"https:\/\/kuuloasi.fi\/"},{"@type":"ListItem","position":2,"name":"Kauppa","item":"https:\/\/kuuloasi.fi\/kauppa\/"},{"@type":"ListItem","position":3,"name":"Cedis desinfiointisuihke"}]},{"@type":"WebSite","@id":"https:\/\/kuuloasi.fi\/#website","url":"https:\/\/kuuloasi.fi\/","name":"h\u00f6rsel.co.uk","description":"","potentialAction":[{"@type":"SearchAction","target":{"@type":"EntryPoint","urlTemplate":"https:\/\/kuuloasi.fi\/?s={search_term_string}"},"query-input":{"@type":"PropertyValueSpecification","valueRequired":true,"valueName":"search_term_string"}}],"inLanguage":"sv-SE"}]}},"_links":{"self":[{"href":"https:\/\/kuuloasi.fi\/sv\/wp-json\/wp\/v2\/product\/845","targetHints":{"allow":["GET"]}}],"collection":[{"href":"https:\/\/kuuloasi.fi\/sv\/wp-json\/wp\/v2\/product"}],"about":[{"href":"https:\/\/kuuloasi.fi\/sv\/wp-json\/wp\/v2\/types\/product"}],"replies":[{"embeddable":true,"href":"https:\/\/kuuloasi.fi\/sv\/wp-json\/wp\/v2\/comments?post=845"}],"wp:featuredmedia":[{"embeddable":true,"href":"https:\/\/kuuloasi.fi\/sv\/wp-json\/wp\/v2\/media\/846"}],"wp:attachment":[{"href":"https:\/\/kuuloasi.fi\/sv\/wp-json\/wp\/v2\/media?parent=845"}],"wp:term":[{"taxonomy":"product_brand","embeddable":true,"href":"https:\/\/kuuloasi.fi\/sv\/wp-json\/wp\/v2\/product_brand?post=845"},{"taxonomy":"product_cat","embeddable":true,"href":"https:\/\/kuuloasi.fi\/sv\/wp-json\/wp\/v2\/product_cat?post=845"},{"taxonomy":"product_tag","embeddable":true,"href":"https:\/\/kuuloasi.fi\/sv\/wp-json\/wp\/v2\/product_tag?post=845"}],"curies":[{"name":"wp","href":"https:\/\/api.w.org\/{rel}","templated":true}]}}