{"id":841,"date":"2025-12-04T11:37:33","date_gmt":"2025-12-04T11:37:33","guid":{"rendered":"https:\/\/kuuloasi.fi\/?post_type=product&#038;p=841"},"modified":"2026-04-15T10:24:06","modified_gmt":"2026-04-15T10:24:06","slug":"cedis-puhdistusnaru-10kpl","status":"publish","type":"product","link":"https:\/\/kuuloasi.fi\/sv\/produkt\/cedis-puhdistusnaru-10kpl\/","title":{"rendered":"Cedis reng\u00f6ringssladd 10st"},"content":{"rendered":"","protected":false},"excerpt":{"rendered":"<p>Med Cedis reng\u00f6ringssladdar kan du slutf\u00f6ra reng\u00f6ringen och torkningen av \u00f6ronsn\u00e4ckan p\u00e5 din h\u00f6rapparat. Vi rekommenderar alltid att du tv\u00e4ttar \u00f6ronsn\u00e4ckan f\u00f6rst\u00a0<a href=\"https:\/\/kuuloasi.fi\/sv\/epages\/kuuloasi.sf\/fi_FI\/?ObjectPath=\/Shops\/2017112003\/Products\/2121\" data-link-type=\"tree\" data-type=\"linkpicker\">med Cedis reng\u00f6ringstabletter<\/a>. Med reng\u00f6ringsn\u00e5len kan du avsluta reng\u00f6ringen av den bl\u00f6ta \u00f6ronsn\u00e4ckan v\u00e4l. Till och med den sista smutsen avl\u00e4gsnas fr\u00e5n insidan av ljudkanalen, d\u00e4r det annars \u00e4r sv\u00e5rt att komma \u00e5t. Reng\u00f6ringssladden hj\u00e4lper ocks\u00e5 till att avl\u00e4gsna eventuellt vatten som fastnat i ljudkanalen genom att absorbera det och torka ljudkanalen. Genom att anv\u00e4nda reng\u00f6ringsspikar avl\u00e4gsnas all smuts och fukt som annars skulle t\u00e4ppa till ljudkanalen. H\u00f6rsn\u00e4ckan b\u00f6r tv\u00e4ttas en g\u00e5ng i m\u00e5naden eller oftare om det kommer mycket vax ur \u00f6rat. N\u00e4r du reng\u00f6r \u00f6ronsn\u00e4ckan \u00e4r det ocks\u00e5 en bra id\u00e9 att byta ut h\u00f6rapparatslangen f\u00f6r att h\u00e5lla h\u00f6rapparaten i gott skick och regelbundet servad.<\/p>\n<p>&nbsp;<\/p>\n<p>F\u00f6rpackningen inneh\u00e5ller totalt 10 reng\u00f6ringssladdar.<\/p>","protected":false},"featured_media":842,"comment_status":"closed","ping_status":"closed","template":"","meta":{"_acf_changed":false},"product_brand":[],"product_cat":[24],"product_tag":[128,130],"class_list":{"0":"post-841","1":"product","2":"type-product","3":"status-publish","4":"has-post-thumbnail","6":"product_cat-kuulokojeen-puhdistus","7":"product_tag-puhdistus","8":"product_tag-puhdistusnaru","10":"first","11":"instock","12":"taxable","13":"shipping-taxable","14":"purchasable","15":"product-type-simple"},"acf":[],"yoast_head":"<!-- This site is optimized with the Yoast SEO plugin v27.4 - https:\/\/yoast.com\/product\/yoast-seo-wordpress\/ -->\n<title>Cedis puhdistusnaru 10kpl - kuuloasi.fi<\/title>\n<meta name=\"robots\" content=\"index, follow, max-snippet:-1, max-image-preview:large, max-video-preview:-1\" \/>\n<link rel=\"canonical\" href=\"https:\/\/kuuloasi.fi\/sv\/produkt\/cedis-puhdistusnaru-10kpl\/\" \/>\n<meta property=\"og:locale\" content=\"sv_SE\" \/>\n<meta property=\"og:type\" content=\"article\" \/>\n<meta property=\"og:title\" content=\"Cedis puhdistusnaru 10kpl - kuuloasi.fi\" \/>\n<meta property=\"og:description\" content=\"Cedis puhdistusnaruilla saat viimeistelty\u00e4 kuulolaitteesi korvakappaleen puhdistuksen ja kuivaamisen. Suosittelemme aina ensiksi pesem\u00e4\u00e4n korvakappaleen\u00a0Cediksen puhdistustableteilla. Puhdistusnarulla saat hyvin viimeistelty\u00e4 liotetun korvakappaleen puhdistuksen. Viimeisetkin liat irtoavat \u00e4\u00e4nikanavan sis\u00e4lt\u00e4 jonne on muuten vaikea p\u00e4\u00e4st\u00e4. Puhdistusnaru auttaa my\u00f6s poistamaan \u00e4\u00e4nikanavaan mahdollisesti j\u00e4\u00e4nytt\u00e4 vett\u00e4 imem\u00e4ll\u00e4 sen itseens\u00e4 ja kuivaamalla \u00e4\u00e4nikanavan. Puhdistusnaruja k\u00e4ytt\u00e4m\u00e4ll\u00e4 saa kaikki liat ja kosteuden pois joka muuten tukkii \u00e4\u00e4nikanavan. Korvakappale olisi hyv\u00e4 pest\u00e4 kerran kuukaudessa tai useammin, mik\u00e4li korvasta erittyy paljon vahaa. Korvakappaleen pesun yhteydss\u00e4 on hyv\u00e4 vaihtaa my\u00f6s kuulokojeen v\u00e4liletku, jotta kuulokojeen huolto pysyy s\u00e4\u00e4nn\u00f6llisen\u00e4 ja kuulokoje toimintakykyisen\u00e4.  &nbsp;  Pakkauksessa on yhteens\u00e4 10 kpl puhdistus naruja.\" \/>\n<meta property=\"og:url\" content=\"https:\/\/kuuloasi.fi\/sv\/produkt\/cedis-puhdistusnaru-10kpl\/\" \/>\n<meta property=\"og:site_name\" content=\"kuuloasi.fi\" \/>\n<meta property=\"article:modified_time\" content=\"2026-04-15T10:24:06+00:00\" \/>\n<meta property=\"og:image\" content=\"https:\/\/kuuloasi.fi\/wp-content\/uploads\/2025\/12\/cedis_otofloss_2.jpg\" \/>\n\t<meta property=\"og:image:width\" content=\"1024\" \/>\n\t<meta property=\"og:image:height\" content=\"1024\" \/>\n\t<meta property=\"og:image:type\" content=\"image\/jpeg\" \/>\n<meta name=\"twitter:card\" content=\"summary_large_image\" \/>\n<script type=\"application\/ld+json\" class=\"yoast-schema-graph\">{\"@context\":\"https:\\\/\\\/schema.org\",\"@graph\":[{\"@type\":\"WebPage\",\"@id\":\"https:\\\/\\\/kuuloasi.fi\\\/tuote\\\/cedis-puhdistusnaru-10kpl\\\/\",\"url\":\"https:\\\/\\\/kuuloasi.fi\\\/tuote\\\/cedis-puhdistusnaru-10kpl\\\/\",\"name\":\"Cedis puhdistusnaru 10kpl - kuuloasi.fi\",\"isPartOf\":{\"@id\":\"https:\\\/\\\/kuuloasi.fi\\\/#website\"},\"primaryImageOfPage\":{\"@id\":\"https:\\\/\\\/kuuloasi.fi\\\/tuote\\\/cedis-puhdistusnaru-10kpl\\\/#primaryimage\"},\"image\":{\"@id\":\"https:\\\/\\\/kuuloasi.fi\\\/tuote\\\/cedis-puhdistusnaru-10kpl\\\/#primaryimage\"},\"thumbnailUrl\":\"https:\\\/\\\/kuuloasi.fi\\\/wp-content\\\/uploads\\\/2025\\\/12\\\/cedis_otofloss_2.jpg\",\"datePublished\":\"2025-12-04T11:37:33+00:00\",\"dateModified\":\"2026-04-15T10:24:06+00:00\",\"breadcrumb\":{\"@id\":\"https:\\\/\\\/kuuloasi.fi\\\/tuote\\\/cedis-puhdistusnaru-10kpl\\\/#breadcrumb\"},\"inLanguage\":\"sv-SE\",\"potentialAction\":[{\"@type\":\"ReadAction\",\"target\":[\"https:\\\/\\\/kuuloasi.fi\\\/tuote\\\/cedis-puhdistusnaru-10kpl\\\/\"]}]},{\"@type\":\"ImageObject\",\"inLanguage\":\"sv-SE\",\"@id\":\"https:\\\/\\\/kuuloasi.fi\\\/tuote\\\/cedis-puhdistusnaru-10kpl\\\/#primaryimage\",\"url\":\"https:\\\/\\\/kuuloasi.fi\\\/wp-content\\\/uploads\\\/2025\\\/12\\\/cedis_otofloss_2.jpg\",\"contentUrl\":\"https:\\\/\\\/kuuloasi.fi\\\/wp-content\\\/uploads\\\/2025\\\/12\\\/cedis_otofloss_2.jpg\",\"width\":1024,\"height\":1024},{\"@type\":\"BreadcrumbList\",\"@id\":\"https:\\\/\\\/kuuloasi.fi\\\/tuote\\\/cedis-puhdistusnaru-10kpl\\\/#breadcrumb\",\"itemListElement\":[{\"@type\":\"ListItem\",\"position\":1,\"name\":\"Etusivu\",\"item\":\"https:\\\/\\\/kuuloasi.fi\\\/\"},{\"@type\":\"ListItem\",\"position\":2,\"name\":\"Kauppa\",\"item\":\"https:\\\/\\\/kuuloasi.fi\\\/kauppa\\\/\"},{\"@type\":\"ListItem\",\"position\":3,\"name\":\"Cedis puhdistusnaru 10kpl\"}]},{\"@type\":\"WebSite\",\"@id\":\"https:\\\/\\\/kuuloasi.fi\\\/#website\",\"url\":\"https:\\\/\\\/kuuloasi.fi\\\/\",\"name\":\"kuuloasi.fi\",\"description\":\"\",\"potentialAction\":[{\"@type\":\"SearchAction\",\"target\":{\"@type\":\"EntryPoint\",\"urlTemplate\":\"https:\\\/\\\/kuuloasi.fi\\\/?s={search_term_string}\"},\"query-input\":{\"@type\":\"PropertyValueSpecification\",\"valueRequired\":true,\"valueName\":\"search_term_string\"}}],\"inLanguage\":\"sv-SE\"}]}<\/script>\n<!-- \/ Yoast SEO plugin. -->","yoast_head_json":{"title":"Cedis puhdistusnaru 10kpl - kuuloasi.fi","robots":{"index":"index","follow":"follow","max-snippet":"max-snippet:-1","max-image-preview":"max-image-preview:large","max-video-preview":"max-video-preview:-1"},"canonical":"https:\/\/kuuloasi.fi\/sv\/produkt\/cedis-puhdistusnaru-10kpl\/","og_locale":"sv_SE","og_type":"article","og_title":"Cedis puhdistusnaru 10kpl - kuuloasi.fi","og_description":"Cedis puhdistusnaruilla saat viimeistelty\u00e4 kuulolaitteesi korvakappaleen puhdistuksen ja kuivaamisen. Suosittelemme aina ensiksi pesem\u00e4\u00e4n korvakappaleen\u00a0Cediksen puhdistustableteilla. Puhdistusnarulla saat hyvin viimeistelty\u00e4 liotetun korvakappaleen puhdistuksen. Viimeisetkin liat irtoavat \u00e4\u00e4nikanavan sis\u00e4lt\u00e4 jonne on muuten vaikea p\u00e4\u00e4st\u00e4. Puhdistusnaru auttaa my\u00f6s poistamaan \u00e4\u00e4nikanavaan mahdollisesti j\u00e4\u00e4nytt\u00e4 vett\u00e4 imem\u00e4ll\u00e4 sen itseens\u00e4 ja kuivaamalla \u00e4\u00e4nikanavan. Puhdistusnaruja k\u00e4ytt\u00e4m\u00e4ll\u00e4 saa kaikki liat ja kosteuden pois joka muuten tukkii \u00e4\u00e4nikanavan. Korvakappale olisi hyv\u00e4 pest\u00e4 kerran kuukaudessa tai useammin, mik\u00e4li korvasta erittyy paljon vahaa. Korvakappaleen pesun yhteydss\u00e4 on hyv\u00e4 vaihtaa my\u00f6s kuulokojeen v\u00e4liletku, jotta kuulokojeen huolto pysyy s\u00e4\u00e4nn\u00f6llisen\u00e4 ja kuulokoje toimintakykyisen\u00e4.  &nbsp;  Pakkauksessa on yhteens\u00e4 10 kpl puhdistus naruja.","og_url":"https:\/\/kuuloasi.fi\/sv\/produkt\/cedis-puhdistusnaru-10kpl\/","og_site_name":"kuuloasi.fi","article_modified_time":"2026-04-15T10:24:06+00:00","og_image":[{"width":1024,"height":1024,"url":"https:\/\/kuuloasi.fi\/wp-content\/uploads\/2025\/12\/cedis_otofloss_2.jpg","type":"image\/jpeg"}],"twitter_card":"summary_large_image","schema":{"@context":"https:\/\/schema.org","@graph":[{"@type":"WebPage","@id":"https:\/\/kuuloasi.fi\/tuote\/cedis-puhdistusnaru-10kpl\/","url":"https:\/\/kuuloasi.fi\/tuote\/cedis-puhdistusnaru-10kpl\/","name":"Cedis puhdistusnaru 10kpl - kuuloasi.fi","isPartOf":{"@id":"https:\/\/kuuloasi.fi\/#website"},"primaryImageOfPage":{"@id":"https:\/\/kuuloasi.fi\/tuote\/cedis-puhdistusnaru-10kpl\/#primaryimage"},"image":{"@id":"https:\/\/kuuloasi.fi\/tuote\/cedis-puhdistusnaru-10kpl\/#primaryimage"},"thumbnailUrl":"https:\/\/kuuloasi.fi\/wp-content\/uploads\/2025\/12\/cedis_otofloss_2.jpg","datePublished":"2025-12-04T11:37:33+00:00","dateModified":"2026-04-15T10:24:06+00:00","breadcrumb":{"@id":"https:\/\/kuuloasi.fi\/tuote\/cedis-puhdistusnaru-10kpl\/#breadcrumb"},"inLanguage":"sv-SE","potentialAction":[{"@type":"ReadAction","target":["https:\/\/kuuloasi.fi\/tuote\/cedis-puhdistusnaru-10kpl\/"]}]},{"@type":"ImageObject","inLanguage":"sv-SE","@id":"https:\/\/kuuloasi.fi\/tuote\/cedis-puhdistusnaru-10kpl\/#primaryimage","url":"https:\/\/kuuloasi.fi\/wp-content\/uploads\/2025\/12\/cedis_otofloss_2.jpg","contentUrl":"https:\/\/kuuloasi.fi\/wp-content\/uploads\/2025\/12\/cedis_otofloss_2.jpg","width":1024,"height":1024},{"@type":"BreadcrumbList","@id":"https:\/\/kuuloasi.fi\/tuote\/cedis-puhdistusnaru-10kpl\/#breadcrumb","itemListElement":[{"@type":"ListItem","position":1,"name":"Etusivu","item":"https:\/\/kuuloasi.fi\/"},{"@type":"ListItem","position":2,"name":"Kauppa","item":"https:\/\/kuuloasi.fi\/kauppa\/"},{"@type":"ListItem","position":3,"name":"Cedis puhdistusnaru 10kpl"}]},{"@type":"WebSite","@id":"https:\/\/kuuloasi.fi\/#website","url":"https:\/\/kuuloasi.fi\/","name":"h\u00f6rsel.co.uk","description":"","potentialAction":[{"@type":"SearchAction","target":{"@type":"EntryPoint","urlTemplate":"https:\/\/kuuloasi.fi\/?s={search_term_string}"},"query-input":{"@type":"PropertyValueSpecification","valueRequired":true,"valueName":"search_term_string"}}],"inLanguage":"sv-SE"}]}},"_links":{"self":[{"href":"https:\/\/kuuloasi.fi\/sv\/wp-json\/wp\/v2\/product\/841","targetHints":{"allow":["GET"]}}],"collection":[{"href":"https:\/\/kuuloasi.fi\/sv\/wp-json\/wp\/v2\/product"}],"about":[{"href":"https:\/\/kuuloasi.fi\/sv\/wp-json\/wp\/v2\/types\/product"}],"replies":[{"embeddable":true,"href":"https:\/\/kuuloasi.fi\/sv\/wp-json\/wp\/v2\/comments?post=841"}],"wp:featuredmedia":[{"embeddable":true,"href":"https:\/\/kuuloasi.fi\/sv\/wp-json\/wp\/v2\/media\/842"}],"wp:attachment":[{"href":"https:\/\/kuuloasi.fi\/sv\/wp-json\/wp\/v2\/media?parent=841"}],"wp:term":[{"taxonomy":"product_brand","embeddable":true,"href":"https:\/\/kuuloasi.fi\/sv\/wp-json\/wp\/v2\/product_brand?post=841"},{"taxonomy":"product_cat","embeddable":true,"href":"https:\/\/kuuloasi.fi\/sv\/wp-json\/wp\/v2\/product_cat?post=841"},{"taxonomy":"product_tag","embeddable":true,"href":"https:\/\/kuuloasi.fi\/sv\/wp-json\/wp\/v2\/product_tag?post=841"}],"curies":[{"name":"wp","href":"https:\/\/api.w.org\/{rel}","templated":true}]}}