{"id":835,"date":"2025-12-04T11:34:20","date_gmt":"2025-12-04T11:34:20","guid":{"rendered":"https:\/\/kuuloasi.fi\/?post_type=product&#038;p=835"},"modified":"2026-04-07T14:36:43","modified_gmt":"2026-04-07T14:36:43","slug":"kuulokojeen-kuivauslaite","status":"publish","type":"product","link":"https:\/\/kuuloasi.fi\/sv\/produkt\/kuulokojeen-kuivauslaite\/","title":{"rendered":"Torktumlare f\u00f6r h\u00f6rapparat"},"content":{"rendered":"<p><iframe title=\"Anv\u00e4nda en torktumlare f\u00f6r h\u00f6rapparat\" width=\"800\" height=\"450\" src=\"https:\/\/www.youtube.com\/embed\/6NtzMu7jrts?feature=oembed\" frameborder=\"0\" allow=\"accelerometer; autoplay; clipboard-write; encrypted-media; gyroscope; picture-in-picture; web-share\" referrerpolicy=\"strict-origin-when-cross-origin\" allowfullscreen><\/iframe><\/p>\n<p>S\u00e4rskilt n\u00e4r du svettas samlar headsetet mycket v\u00e4tska, eftersom det st\u00e4ndigt \u00e4r i kontakt med h\u00e5r och h\u00e5rbotten. Denna fukt kan orsaka att h\u00f6rapparaten stammar och andra funktionsst\u00f6rningar. Om du m\u00e4rker att din h\u00f6rapparat beter sig p\u00e5 det h\u00e4r s\u00e4ttet, s\u00e4rskilt p\u00e5 sommaren eller efter tr\u00e4ning, beror det p\u00e5 att det har samlats fukt i h\u00f6rapparaten. Detta kan l\u00e4tt avl\u00e4gsnas genom att anv\u00e4nda en h\u00f6rapparattork varje dag. H\u00f6rapparaten i sig orsakar ocks\u00e5 kondens som med tiden kan leda till att h\u00f6rapparaten inte fungerar som den ska.<\/p>\n<p>&nbsp;<\/p>\n<p>Dry-sun uv2.1 torktumlare torkar dina h\u00f6rapparater med cirkulerande 50\u00b0C luft. Torkning vid 50\u00b0C f\u00f6rl\u00e4nger utrustningens livsl\u00e4ngd avsev\u00e4rt. Under reng\u00f6ringen avl\u00e4gsnar UV-C-ljus 99,9% av alla bakterier utan anv\u00e4ndning av kemikalier. Denna kliniska kvalitet f\u00f6rebygger risken f\u00f6r \u00f6roninfektioner och skyddar dina h\u00f6rapparater och din h\u00e4lsa. Torktumlaren fungerar f\u00f6r alla typer av h\u00f6rapparater. Torktumlaren rekommenderas f\u00f6r f\u00f6rvaring av h\u00f6rapparaterna \u00f6ver natten. P\u00e5 s\u00e5 s\u00e4tt \u00e4r h\u00f6rapparaterna s\u00e4kra och du har alltid rena och torra h\u00f6rapparater p\u00e5 morgonen.<\/p>\n<p>&nbsp;<\/p>\n<p>Torktumlaren st\u00e4ngs av automatiskt n\u00e4r torkprogrammet \u00e4r klart. Du kan allts\u00e5 tryggt l\u00e4mna h\u00f6rapparaten i torktumlaren \u00f6ver natten. Torkprogrammet varar i 4 timmar och torktumlaren st\u00e4ngs av automatiskt n\u00e4r programmet \u00e4r klart.<\/p>\n<p>&nbsp;<\/p>\n<p>En praktisk f\u00f6ljeslagare till reng\u00f6ringsenheten \u00e4r\u00a0<a href=\"https:\/\/kuuloasi.fi\/sv\/epages\/kuuloasi.sf\/fi_FI\/?ObjectPath=\/Shops\/2017112003\/Products\/2123\" data-link-type=\"tree\" data-type=\"linkpicker\">Cedis reng\u00f6ringsdukar<\/a>, f\u00f6r att ta bort den st\u00f6rsta smutsen fr\u00e5n h\u00f6rapparaten innan du l\u00e4gger den i torktumlaren. Du hittar reng\u00f6ringsdukarna i v\u00e5r onlinebutik under namnet\u00a0<a href=\"https:\/\/kuuloasi.fi\/sv\/epages\/kuuloasi.sf\/fi_FI\/?ObjectPath=\/Shops\/2017112003\/Products\/2123\" data-link-type=\"tree\" data-type=\"linkpicker\">Cedis reng\u00f6ringsduk<\/a>.<\/p>\n<p>&nbsp;<\/p>\n<p><strong>Instruktioner f\u00f6r anv\u00e4ndning<\/strong>:<\/p>\n<p>Anv\u00e4nds f\u00f6r f\u00f6rsta g\u00e5ngen<\/p>\n<p>1. Anslut USB-kabeln till 5 V-str\u00f6mf\u00f6rs\u00f6rjningen och USB-C-kontakten till uttaget p\u00e5 baksidan av torkstationen.<\/p>\n<p>2. Anslut str\u00f6mf\u00f6rs\u00f6rjningen till eln\u00e4tet<\/p>\n<p>i dry-sun uv 2.1 \u00e4r klar f\u00f6r anv\u00e4ndning<\/p>\n<p>&nbsp;<\/p>\n<p><strong>Anv\u00e4ndning<\/strong><\/p>\n<p>3. \u00d6ppna locket till din dry-sun uv 2.1<\/p>\n<p>4. Placera den rengjorda h\u00f6rapparaten med batterifackets lucka \u00f6ppen (om m\u00f6jligt) i torkstationen<\/p>\n<p>5. Tryck kort p\u00e5 touchknappen s\u00e5 startar torkningsprogrammet (torkning + UV-C) automatiskt (LED-lampan lyser kontinuerligt).<\/p>\n<p>6. St\u00e4ng locket<\/p>\n<ul>\n<li>Ultraviolett ljus (253,7 nm) eliminerar 99,9% av patogener och bakterier inom 4 minuter (LED blinkar)<\/li>\n<li>Efter 4 minuter st\u00e4ngs UV-C-lampan automatiskt av och torkprocessen forts\u00e4tter (LED lyser kontinuerligt)<\/li>\n<li>\u00a0Under de sista 4 minuterna av det 4 timmar l\u00e5nga torkprogrammet k\u00f6rs en andra UV-C-hygienreng\u00f6ring (LED blinkar)<\/li>\n<li>Efter 4 timmars torkning v\u00e4xlar apparaten automatiskt till standby-l\u00e4ge (LED-lampan slocknar)<\/li>\n<\/ul>\n<p>7. \u00d6ppna locket igen<\/p>\n<p>8. Ta bort den torkade och hygieniskt rengjorda h\u00f6rapparaten<\/p>","protected":false},"excerpt":{"rendered":"<p>Med den h\u00e4r fantastiska torken kan du torka dina h\u00f6rapparater \u00f6ver natten och samtidigt d\u00f6da 99% av alla bakterier.<\/p>","protected":false},"featured_media":836,"comment_status":"closed","ping_status":"closed","template":"","meta":{"_acf_changed":false},"product_brand":[],"product_cat":[24],"product_tag":[129,128],"class_list":{"0":"post-835","1":"product","2":"type-product","3":"status-publish","4":"has-post-thumbnail","6":"product_cat-kuulokojeen-puhdistus","7":"product_tag-kuivaus","8":"product_tag-puhdistus","10":"first","11":"onbackorder","12":"taxable","13":"shipping-taxable","14":"purchasable","15":"product-type-simple"},"acf":[],"yoast_head":"<!-- This site is optimized with the Yoast SEO plugin v27.4 - https:\/\/yoast.com\/product\/yoast-seo-wordpress\/ -->\n<title>Kuulokojeen kuivauslaite - kuuloasi.fi<\/title>\n<meta name=\"robots\" content=\"index, follow, max-snippet:-1, max-image-preview:large, max-video-preview:-1\" \/>\n<link rel=\"canonical\" href=\"https:\/\/kuuloasi.fi\/sv\/produkt\/kuulokojeen-kuivauslaite\/\" \/>\n<meta property=\"og:locale\" content=\"sv_SE\" \/>\n<meta property=\"og:type\" content=\"article\" \/>\n<meta property=\"og:title\" content=\"Kuulokojeen kuivauslaite - kuuloasi.fi\" \/>\n<meta property=\"og:description\" content=\"T\u00e4ll\u00e4 loistavalla kuivauslaitteella saat kuivattua kuulokojeesi y\u00f6naikana, samalla tappaen 99% kaikista bakteereista.\" \/>\n<meta property=\"og:url\" content=\"https:\/\/kuuloasi.fi\/sv\/produkt\/kuulokojeen-kuivauslaite\/\" \/>\n<meta property=\"og:site_name\" content=\"kuuloasi.fi\" \/>\n<meta property=\"article:modified_time\" content=\"2026-04-07T14:36:43+00:00\" \/>\n<meta property=\"og:image\" content=\"https:\/\/kuuloasi.fi\/wp-content\/uploads\/2025\/12\/Dry_Sun_UV2.jpg\" \/>\n\t<meta property=\"og:image:width\" content=\"554\" \/>\n\t<meta property=\"og:image:height\" content=\"500\" \/>\n\t<meta property=\"og:image:type\" content=\"image\/jpeg\" \/>\n<meta name=\"twitter:card\" content=\"summary_large_image\" \/>\n<meta name=\"twitter:label1\" content=\"Ber\u00e4knad l\u00e4stid\" \/>\n\t<meta name=\"twitter:data1\" content=\"2 minuter\" \/>\n<script type=\"application\/ld+json\" class=\"yoast-schema-graph\">{\"@context\":\"https:\\\/\\\/schema.org\",\"@graph\":[{\"@type\":\"WebPage\",\"@id\":\"https:\\\/\\\/kuuloasi.fi\\\/tuote\\\/kuulokojeen-kuivauslaite\\\/\",\"url\":\"https:\\\/\\\/kuuloasi.fi\\\/tuote\\\/kuulokojeen-kuivauslaite\\\/\",\"name\":\"Kuulokojeen kuivauslaite - kuuloasi.fi\",\"isPartOf\":{\"@id\":\"https:\\\/\\\/kuuloasi.fi\\\/#website\"},\"primaryImageOfPage\":{\"@id\":\"https:\\\/\\\/kuuloasi.fi\\\/tuote\\\/kuulokojeen-kuivauslaite\\\/#primaryimage\"},\"image\":{\"@id\":\"https:\\\/\\\/kuuloasi.fi\\\/tuote\\\/kuulokojeen-kuivauslaite\\\/#primaryimage\"},\"thumbnailUrl\":\"https:\\\/\\\/kuuloasi.fi\\\/wp-content\\\/uploads\\\/2025\\\/12\\\/Dry_Sun_UV2.jpg\",\"datePublished\":\"2025-12-04T11:34:20+00:00\",\"dateModified\":\"2026-04-07T14:36:43+00:00\",\"breadcrumb\":{\"@id\":\"https:\\\/\\\/kuuloasi.fi\\\/tuote\\\/kuulokojeen-kuivauslaite\\\/#breadcrumb\"},\"inLanguage\":\"sv-SE\",\"potentialAction\":[{\"@type\":\"ReadAction\",\"target\":[\"https:\\\/\\\/kuuloasi.fi\\\/tuote\\\/kuulokojeen-kuivauslaite\\\/\"]}]},{\"@type\":\"ImageObject\",\"inLanguage\":\"sv-SE\",\"@id\":\"https:\\\/\\\/kuuloasi.fi\\\/tuote\\\/kuulokojeen-kuivauslaite\\\/#primaryimage\",\"url\":\"https:\\\/\\\/kuuloasi.fi\\\/wp-content\\\/uploads\\\/2025\\\/12\\\/Dry_Sun_UV2.jpg\",\"contentUrl\":\"https:\\\/\\\/kuuloasi.fi\\\/wp-content\\\/uploads\\\/2025\\\/12\\\/Dry_Sun_UV2.jpg\",\"width\":554,\"height\":500},{\"@type\":\"BreadcrumbList\",\"@id\":\"https:\\\/\\\/kuuloasi.fi\\\/tuote\\\/kuulokojeen-kuivauslaite\\\/#breadcrumb\",\"itemListElement\":[{\"@type\":\"ListItem\",\"position\":1,\"name\":\"Etusivu\",\"item\":\"https:\\\/\\\/kuuloasi.fi\\\/\"},{\"@type\":\"ListItem\",\"position\":2,\"name\":\"Kauppa\",\"item\":\"https:\\\/\\\/kuuloasi.fi\\\/kauppa\\\/\"},{\"@type\":\"ListItem\",\"position\":3,\"name\":\"Kuulokojeen kuivauslaite\"}]},{\"@type\":\"WebSite\",\"@id\":\"https:\\\/\\\/kuuloasi.fi\\\/#website\",\"url\":\"https:\\\/\\\/kuuloasi.fi\\\/\",\"name\":\"kuuloasi.fi\",\"description\":\"\",\"potentialAction\":[{\"@type\":\"SearchAction\",\"target\":{\"@type\":\"EntryPoint\",\"urlTemplate\":\"https:\\\/\\\/kuuloasi.fi\\\/?s={search_term_string}\"},\"query-input\":{\"@type\":\"PropertyValueSpecification\",\"valueRequired\":true,\"valueName\":\"search_term_string\"}}],\"inLanguage\":\"sv-SE\"}]}<\/script>\n<!-- \/ Yoast SEO plugin. -->","yoast_head_json":{"title":"Kuulokojeen kuivauslaite - kuuloasi.fi","robots":{"index":"index","follow":"follow","max-snippet":"max-snippet:-1","max-image-preview":"max-image-preview:large","max-video-preview":"max-video-preview:-1"},"canonical":"https:\/\/kuuloasi.fi\/sv\/produkt\/kuulokojeen-kuivauslaite\/","og_locale":"sv_SE","og_type":"article","og_title":"Kuulokojeen kuivauslaite - kuuloasi.fi","og_description":"T\u00e4ll\u00e4 loistavalla kuivauslaitteella saat kuivattua kuulokojeesi y\u00f6naikana, samalla tappaen 99% kaikista bakteereista.","og_url":"https:\/\/kuuloasi.fi\/sv\/produkt\/kuulokojeen-kuivauslaite\/","og_site_name":"kuuloasi.fi","article_modified_time":"2026-04-07T14:36:43+00:00","og_image":[{"width":554,"height":500,"url":"https:\/\/kuuloasi.fi\/wp-content\/uploads\/2025\/12\/Dry_Sun_UV2.jpg","type":"image\/jpeg"}],"twitter_card":"summary_large_image","twitter_misc":{"Ber\u00e4knad l\u00e4stid":"2 minuter"},"schema":{"@context":"https:\/\/schema.org","@graph":[{"@type":"WebPage","@id":"https:\/\/kuuloasi.fi\/tuote\/kuulokojeen-kuivauslaite\/","url":"https:\/\/kuuloasi.fi\/tuote\/kuulokojeen-kuivauslaite\/","name":"Kuulokojeen kuivauslaite - kuuloasi.fi","isPartOf":{"@id":"https:\/\/kuuloasi.fi\/#website"},"primaryImageOfPage":{"@id":"https:\/\/kuuloasi.fi\/tuote\/kuulokojeen-kuivauslaite\/#primaryimage"},"image":{"@id":"https:\/\/kuuloasi.fi\/tuote\/kuulokojeen-kuivauslaite\/#primaryimage"},"thumbnailUrl":"https:\/\/kuuloasi.fi\/wp-content\/uploads\/2025\/12\/Dry_Sun_UV2.jpg","datePublished":"2025-12-04T11:34:20+00:00","dateModified":"2026-04-07T14:36:43+00:00","breadcrumb":{"@id":"https:\/\/kuuloasi.fi\/tuote\/kuulokojeen-kuivauslaite\/#breadcrumb"},"inLanguage":"sv-SE","potentialAction":[{"@type":"ReadAction","target":["https:\/\/kuuloasi.fi\/tuote\/kuulokojeen-kuivauslaite\/"]}]},{"@type":"ImageObject","inLanguage":"sv-SE","@id":"https:\/\/kuuloasi.fi\/tuote\/kuulokojeen-kuivauslaite\/#primaryimage","url":"https:\/\/kuuloasi.fi\/wp-content\/uploads\/2025\/12\/Dry_Sun_UV2.jpg","contentUrl":"https:\/\/kuuloasi.fi\/wp-content\/uploads\/2025\/12\/Dry_Sun_UV2.jpg","width":554,"height":500},{"@type":"BreadcrumbList","@id":"https:\/\/kuuloasi.fi\/tuote\/kuulokojeen-kuivauslaite\/#breadcrumb","itemListElement":[{"@type":"ListItem","position":1,"name":"Etusivu","item":"https:\/\/kuuloasi.fi\/"},{"@type":"ListItem","position":2,"name":"Kauppa","item":"https:\/\/kuuloasi.fi\/kauppa\/"},{"@type":"ListItem","position":3,"name":"Kuulokojeen kuivauslaite"}]},{"@type":"WebSite","@id":"https:\/\/kuuloasi.fi\/#website","url":"https:\/\/kuuloasi.fi\/","name":"h\u00f6rsel.co.uk","description":"","potentialAction":[{"@type":"SearchAction","target":{"@type":"EntryPoint","urlTemplate":"https:\/\/kuuloasi.fi\/?s={search_term_string}"},"query-input":{"@type":"PropertyValueSpecification","valueRequired":true,"valueName":"search_term_string"}}],"inLanguage":"sv-SE"}]}},"_links":{"self":[{"href":"https:\/\/kuuloasi.fi\/sv\/wp-json\/wp\/v2\/product\/835","targetHints":{"allow":["GET"]}}],"collection":[{"href":"https:\/\/kuuloasi.fi\/sv\/wp-json\/wp\/v2\/product"}],"about":[{"href":"https:\/\/kuuloasi.fi\/sv\/wp-json\/wp\/v2\/types\/product"}],"replies":[{"embeddable":true,"href":"https:\/\/kuuloasi.fi\/sv\/wp-json\/wp\/v2\/comments?post=835"}],"wp:featuredmedia":[{"embeddable":true,"href":"https:\/\/kuuloasi.fi\/sv\/wp-json\/wp\/v2\/media\/836"}],"wp:attachment":[{"href":"https:\/\/kuuloasi.fi\/sv\/wp-json\/wp\/v2\/media?parent=835"}],"wp:term":[{"taxonomy":"product_brand","embeddable":true,"href":"https:\/\/kuuloasi.fi\/sv\/wp-json\/wp\/v2\/product_brand?post=835"},{"taxonomy":"product_cat","embeddable":true,"href":"https:\/\/kuuloasi.fi\/sv\/wp-json\/wp\/v2\/product_cat?post=835"},{"taxonomy":"product_tag","embeddable":true,"href":"https:\/\/kuuloasi.fi\/sv\/wp-json\/wp\/v2\/product_tag?post=835"}],"curies":[{"name":"wp","href":"https:\/\/api.w.org\/{rel}","templated":true}]}}