{"id":829,"date":"2025-12-04T11:34:01","date_gmt":"2025-12-04T11:34:01","guid":{"rendered":"https:\/\/kuuloasi.fi\/?post_type=product&#038;p=829"},"modified":"2026-03-17T20:15:10","modified_gmt":"2026-03-17T20:15:10","slug":"kuivauslaite-ladattaville-kuulokojeille","status":"publish","type":"product","link":"https:\/\/kuuloasi.fi\/sv\/produkt\/kuivauslaite-ladattaville-kuulokojeille\/","title":{"rendered":"Torkanordning f\u00f6r laddningsbara h\u00f6rapparater"},"content":{"rendered":"<p><strong>Fullst\u00e4ndig torkning och skydd<\/strong><\/p>\n<p>Flow Med Dry-Cap UV 3.1 har en optimerad luftkanaldesign med luftintag, en kraftfull fl\u00e4kt och en turbokanal f\u00f6r att rikta luftfl\u00f6det direkt mot h\u00f6rapparaterna. Vid 7 000 varv\/min r\u00f6r enheten 4,89 m\u00b3\/h luft \u00f6ver h\u00f6rapparaterna, vilket f\u00f6rb\u00e4ttrar torkningen 25%. Fuktig luft sl\u00e4pps ut genom stora sidoventiler utan att generera v\u00e4rme, vilket g\u00f6r enheten perfekt f\u00f6r uppladdningsbara h\u00f6rapparater, cochlea-processorer, in-ear-monitorer och batterier.<\/p>\n<p><strong>Optimal hygien<\/strong><\/p>\n<p>Dry-Cap UV 3.1 \u00e4r utrustad med en h\u00f6gkvalitativ UV-C-lampa som avger 253,7 nm<\/p>\n<div><\/div>\n<p>v\u00e5gl\u00e4ngd och 4 900 \u03bcW\/cm\u00b2<\/p>\n<div><\/div>\n<p>intensitet, vilket eliminerar 99,9% av alla virus, bakterier och svampar p\u00e5 bara 2 minuter. Kombinationen av UV-C-ljus och antibakteriellt bl\u00e5tt ljus (465 nm) ger b\u00e4sta m\u00f6jliga hygien f\u00f6r dina h\u00f6rapparater och \u00e4r certifierad som en medicinteknisk produkt som uppfyller de h\u00f6gsta kraven i EU:s regelverk f\u00f6r medicintekniska produkter (EU 2017\/745).<\/p>\n<p>&nbsp;<\/p>\n<p><b>Program<\/b><\/p>\n<ul>\n<li><strong>Kemtv\u00e4tt- och reng\u00f6ringsl\u00e4ge (2 timmar):<\/strong>\u00a0Ett automatiskt program som kombinerar snabb torkning med en kraftfull fl\u00e4kt och UV-C-ljus f\u00f6r perfekt hygien f\u00f6r dina h\u00f6rapparater.<\/li>\n<li><strong>Reng\u00f6ringsl\u00e4ge (2 minuter):<\/strong>\u00a0Ett kortvarigt hygienprogram som effektivt eliminerar 99,9% av bakterier, virus och svamp i hemmet.<\/li>\n<\/ul>\n<p><strong>Kompatibilitet och anv\u00e4ndning<\/strong><\/p>\n<p>Dry-Cap UV 3.1 \u00e4r kompatibel med alla laddningsbara h\u00f6rapparater. Apparaten \u00e4r enkel att anv\u00e4nda och mycket energieffektiv, med cirka 5 cykler i Dry&amp;Clean-l\u00e4ge eller 60 cykler i Clean-l\u00e4ge p\u00e5 en enda laddning.<\/p>\n<p><strong>Best\u00e4ll Flow Med Dry-Cap UV 3.1 torkningsapparat f\u00f6r h\u00f6rapparater fr\u00e5n v\u00e5r onlinebutik idag!<\/strong><\/p>\n<p>H\u00e5ll dina laddningsbara h\u00f6rapparater i toppskick och se till att de h\u00e5ller l\u00e4nge med Flow Med Dry-Cap UV 3.1 torkningsapparat. Den h\u00e4r kraftfulla enheten ser till att dina h\u00f6rapparater f\u00f6rblir torra och rena, skyddar dem fr\u00e5n skador och f\u00f6rl\u00e4nger deras livsl\u00e4ngd. Best\u00e4ll nu och upplev den b\u00e4sta h\u00f6rapparatv\u00e5rden p\u00e5 marknaden!<\/p>\n<p>&nbsp;<\/p>\n<p><strong>Flow Med Dry-Cap UV 3.1 Instruktioner f\u00f6r anv\u00e4ndning<\/strong><\/p>\n<p><strong>Kemtv\u00e4tt- och reng\u00f6ringsl\u00e4ge (2 timmar)<\/strong><\/p>\n<ol>\n<li><strong>S\u00e4tt enheten p\u00e5 plats:<\/strong>\n<ul>\n<li>Placera Dry-Cap UV 3.1\u00ae ovanp\u00e5 laddaren, s\u00e5 att h\u00f6rapparaterna som ska laddas ligger kvar under locket.<\/li>\n<\/ul>\n<\/li>\n<li><strong>Starta programmet:<\/strong>\n<ul>\n<li>Tryck p\u00e5 v\u00e4nster knapp p\u00e5 apparaten f\u00f6r att starta Dry&amp;Clean-l\u00e4get. Apparaten startar automatiskt torknings- och UV-C-hygienfunktionen.<\/li>\n<\/ul>\n<\/li>\n<li><strong>Torkningsprocessen:<\/strong>\n<ul>\n<li>En kraftfull fl\u00e4kt torkar h\u00f6rapparaterna under 2 timmar, styrd av en mikroprocessor. Denna fas p\u00e5g\u00e5r under hela programmets l\u00e4ngd.<\/li>\n<li>UV-C-ljus med en v\u00e5gl\u00e4ngd p\u00e5 253,7 nm eliminerar 99,9% av bakterier och virus inom de f\u00f6rsta 2 minuterna. UV-C-ljuset st\u00e4ngs av automatiskt efter denna tid och h\u00e4rdningen forts\u00e4tter som vanligt.<\/li>\n<li>Under de sista tv\u00e5 minuterna \u00e5teraktiveras UV-C-hygienfunktionen f\u00f6r att s\u00e4kerst\u00e4lla fullst\u00e4ndig sterilitet hos h\u00f6rapparaterna.<\/li>\n<\/ul>\n<\/li>\n<li><strong>Automatisk avst\u00e4ngning:<\/strong>\n<ul>\n<li>Efter tv\u00e5 timmar \u00f6verg\u00e5r apparaten automatiskt till standby-l\u00e4ge och torknings- och saneringsprocessen \u00e4r avslutad.<\/li>\n<li>H\u00f6rapparaterna forts\u00e4tter att laddas om det beh\u00f6vs och kan ligga kvar under laddningsanordningen i huven p\u00e5 Dry-Cap UV 3.1\u00ae tills laddningen \u00e4r klar.<\/li>\n<\/ul>\n<\/li>\n<li><strong>Stoppa och ta bort:<\/strong>\n<ul>\n<li>Lyft upp Dry-Cap UV 3.1\u00ae och ta bort den fr\u00e5n laddaren.<\/li>\n<li>Ta ut de torkade och hygieniskt rengjorda h\u00f6rapparaterna ur laddaren.<\/li>\n<\/ul>\n<\/li>\n<\/ol>\n<p><strong>Reng\u00f6ringsl\u00e4ge (2 minuter)<\/strong><\/p>\n<ol>\n<li><strong>S\u00e4tt enheten p\u00e5 plats:<\/strong>\n<ul>\n<li>Placera Dry-Cap UV 3.1\u00ae ovanp\u00e5 laddaren, s\u00e5 att h\u00f6rapparaterna som ska laddas ligger kvar under locket.<\/li>\n<\/ul>\n<\/li>\n<li><strong>Starta programmet:<\/strong>\n<ul>\n<li>Tryck p\u00e5 knappen p\u00e5 apparatens h\u00f6gra sida f\u00f6r att starta Clean-l\u00e4get. Apparaten startar automatiskt UV-C-hygienfunktionen.<\/li>\n<\/ul>\n<\/li>\n<li><strong>Hygienprocessen:<\/strong>\n<ul>\n<li>UV-C-ljus med en v\u00e5gl\u00e4ngd p\u00e5 253,7 nm eliminerar 99,9% av bakterier och virus p\u00e5 bara 2 minuter.<\/li>\n<\/ul>\n<\/li>\n<li><strong>Automatisk avst\u00e4ngning:<\/strong>\n<ul>\n<li>Efter tv\u00e5 minuter g\u00e5r maskinen automatiskt in i standby-l\u00e4ge och hygienprocessen \u00e4r avslutad.<\/li>\n<\/ul>\n<\/li>\n<li><strong>Stoppa och ta bort:<\/strong>\n<ul>\n<li>Lyft upp Dry-Cap UV 3.1\u00ae och placera den bredvid laddaren.<\/li>\n<li>Ta ut de hygieniskt rengjorda h\u00f6rapparaterna ur laddaren.<\/li>\n<\/ul>\n<\/li>\n<\/ol>","protected":false},"excerpt":{"rendered":"<p>Flow Med Dry-Cap UV 3.1 \u00e4r den marknadsledande torkanordningen som \u00e4r speciellt utformad f\u00f6r uppladdningsbara h\u00f6rapparater. Denna innovativa enhet ger fullst\u00e4ndig torkning och hygien f\u00f6r dina h\u00f6rapparater och skyddar dem fr\u00e5n fukt, kroppssekret och \u00f6ronvax, vilket kan f\u00f6rs\u00e4mra h\u00f6rapparatens prestanda avsev\u00e4rt.<\/p>","protected":false},"featured_media":830,"comment_status":"closed","ping_status":"closed","template":"","meta":{"_acf_changed":false},"product_brand":[],"product_cat":[24],"product_tag":[129,128],"class_list":{"0":"post-829","1":"product","2":"type-product","3":"status-publish","4":"has-post-thumbnail","6":"product_cat-kuulokojeen-puhdistus","7":"product_tag-kuivaus","8":"product_tag-puhdistus","10":"first","11":"onbackorder","12":"taxable","13":"shipping-taxable","14":"purchasable","15":"product-type-simple"},"acf":[],"yoast_head":"<!-- This site is optimized with the Yoast SEO plugin v27.4 - https:\/\/yoast.com\/product\/yoast-seo-wordpress\/ -->\n<title>Kuivauslaite ladattaville kuulokojeille - kuuloasi.fi<\/title>\n<meta name=\"robots\" content=\"index, follow, max-snippet:-1, max-image-preview:large, max-video-preview:-1\" \/>\n<link rel=\"canonical\" href=\"https:\/\/kuuloasi.fi\/sv\/produkt\/kuivauslaite-ladattaville-kuulokojeille\/\" \/>\n<meta property=\"og:locale\" content=\"sv_SE\" \/>\n<meta property=\"og:type\" content=\"article\" \/>\n<meta property=\"og:title\" content=\"Kuivauslaite ladattaville kuulokojeille - kuuloasi.fi\" \/>\n<meta property=\"og:description\" content=\"Flow Med Dry-Cap UV 3.1 on markkinoiden johtava kuivauslaite, joka on suunniteltu erityisesti ladattaville kuulokojeille. T\u00e4m\u00e4 innovatiivinen laite tarjoaa t\u00e4ydellisen kuivauksen ja hygienian kuulokojeillesi, suojaten niit\u00e4 kosteudelta, kehon eritteilt\u00e4 ja korvavahalta, jotka voivat merkitt\u00e4v\u00e4sti heikent\u00e4\u00e4 kuulokojeiden toimintaa.\" \/>\n<meta property=\"og:url\" content=\"https:\/\/kuuloasi.fi\/sv\/produkt\/kuivauslaite-ladattaville-kuulokojeille\/\" \/>\n<meta property=\"og:site_name\" content=\"kuuloasi.fi\" \/>\n<meta property=\"article:modified_time\" content=\"2026-03-17T20:15:10+00:00\" \/>\n<meta property=\"og:image\" content=\"https:\/\/kuuloasi.fi\/wp-content\/uploads\/2025\/12\/90810100.png\" \/>\n\t<meta property=\"og:image:width\" content=\"1200\" \/>\n\t<meta property=\"og:image:height\" content=\"800\" \/>\n\t<meta property=\"og:image:type\" content=\"image\/png\" \/>\n<meta name=\"twitter:card\" content=\"summary_large_image\" \/>\n<meta name=\"twitter:label1\" content=\"Ber\u00e4knad l\u00e4stid\" \/>\n\t<meta name=\"twitter:data1\" content=\"2 minuter\" \/>\n<script type=\"application\/ld+json\" class=\"yoast-schema-graph\">{\"@context\":\"https:\\\/\\\/schema.org\",\"@graph\":[{\"@type\":\"WebPage\",\"@id\":\"https:\\\/\\\/kuuloasi.fi\\\/tuote\\\/kuivauslaite-ladattaville-kuulokojeille\\\/\",\"url\":\"https:\\\/\\\/kuuloasi.fi\\\/tuote\\\/kuivauslaite-ladattaville-kuulokojeille\\\/\",\"name\":\"Kuivauslaite ladattaville kuulokojeille - kuuloasi.fi\",\"isPartOf\":{\"@id\":\"https:\\\/\\\/kuuloasi.fi\\\/#website\"},\"primaryImageOfPage\":{\"@id\":\"https:\\\/\\\/kuuloasi.fi\\\/tuote\\\/kuivauslaite-ladattaville-kuulokojeille\\\/#primaryimage\"},\"image\":{\"@id\":\"https:\\\/\\\/kuuloasi.fi\\\/tuote\\\/kuivauslaite-ladattaville-kuulokojeille\\\/#primaryimage\"},\"thumbnailUrl\":\"https:\\\/\\\/kuuloasi.fi\\\/wp-content\\\/uploads\\\/2025\\\/12\\\/90810100.png\",\"datePublished\":\"2025-12-04T11:34:01+00:00\",\"dateModified\":\"2026-03-17T20:15:10+00:00\",\"breadcrumb\":{\"@id\":\"https:\\\/\\\/kuuloasi.fi\\\/tuote\\\/kuivauslaite-ladattaville-kuulokojeille\\\/#breadcrumb\"},\"inLanguage\":\"sv-SE\",\"potentialAction\":[{\"@type\":\"ReadAction\",\"target\":[\"https:\\\/\\\/kuuloasi.fi\\\/tuote\\\/kuivauslaite-ladattaville-kuulokojeille\\\/\"]}]},{\"@type\":\"ImageObject\",\"inLanguage\":\"sv-SE\",\"@id\":\"https:\\\/\\\/kuuloasi.fi\\\/tuote\\\/kuivauslaite-ladattaville-kuulokojeille\\\/#primaryimage\",\"url\":\"https:\\\/\\\/kuuloasi.fi\\\/wp-content\\\/uploads\\\/2025\\\/12\\\/90810100.png\",\"contentUrl\":\"https:\\\/\\\/kuuloasi.fi\\\/wp-content\\\/uploads\\\/2025\\\/12\\\/90810100.png\",\"width\":1200,\"height\":800},{\"@type\":\"BreadcrumbList\",\"@id\":\"https:\\\/\\\/kuuloasi.fi\\\/tuote\\\/kuivauslaite-ladattaville-kuulokojeille\\\/#breadcrumb\",\"itemListElement\":[{\"@type\":\"ListItem\",\"position\":1,\"name\":\"Etusivu\",\"item\":\"https:\\\/\\\/kuuloasi.fi\\\/\"},{\"@type\":\"ListItem\",\"position\":2,\"name\":\"Kauppa\",\"item\":\"https:\\\/\\\/kuuloasi.fi\\\/kauppa\\\/\"},{\"@type\":\"ListItem\",\"position\":3,\"name\":\"Kuivauslaite ladattaville kuulokojeille\"}]},{\"@type\":\"WebSite\",\"@id\":\"https:\\\/\\\/kuuloasi.fi\\\/#website\",\"url\":\"https:\\\/\\\/kuuloasi.fi\\\/\",\"name\":\"kuuloasi.fi\",\"description\":\"\",\"potentialAction\":[{\"@type\":\"SearchAction\",\"target\":{\"@type\":\"EntryPoint\",\"urlTemplate\":\"https:\\\/\\\/kuuloasi.fi\\\/?s={search_term_string}\"},\"query-input\":{\"@type\":\"PropertyValueSpecification\",\"valueRequired\":true,\"valueName\":\"search_term_string\"}}],\"inLanguage\":\"sv-SE\"}]}<\/script>\n<!-- \/ Yoast SEO plugin. -->","yoast_head_json":{"title":"Kuivauslaite ladattaville kuulokojeille - kuuloasi.fi","robots":{"index":"index","follow":"follow","max-snippet":"max-snippet:-1","max-image-preview":"max-image-preview:large","max-video-preview":"max-video-preview:-1"},"canonical":"https:\/\/kuuloasi.fi\/sv\/produkt\/kuivauslaite-ladattaville-kuulokojeille\/","og_locale":"sv_SE","og_type":"article","og_title":"Kuivauslaite ladattaville kuulokojeille - kuuloasi.fi","og_description":"Flow Med Dry-Cap UV 3.1 on markkinoiden johtava kuivauslaite, joka on suunniteltu erityisesti ladattaville kuulokojeille. T\u00e4m\u00e4 innovatiivinen laite tarjoaa t\u00e4ydellisen kuivauksen ja hygienian kuulokojeillesi, suojaten niit\u00e4 kosteudelta, kehon eritteilt\u00e4 ja korvavahalta, jotka voivat merkitt\u00e4v\u00e4sti heikent\u00e4\u00e4 kuulokojeiden toimintaa.","og_url":"https:\/\/kuuloasi.fi\/sv\/produkt\/kuivauslaite-ladattaville-kuulokojeille\/","og_site_name":"kuuloasi.fi","article_modified_time":"2026-03-17T20:15:10+00:00","og_image":[{"width":1200,"height":800,"url":"https:\/\/kuuloasi.fi\/wp-content\/uploads\/2025\/12\/90810100.png","type":"image\/png"}],"twitter_card":"summary_large_image","twitter_misc":{"Ber\u00e4knad l\u00e4stid":"2 minuter"},"schema":{"@context":"https:\/\/schema.org","@graph":[{"@type":"WebPage","@id":"https:\/\/kuuloasi.fi\/tuote\/kuivauslaite-ladattaville-kuulokojeille\/","url":"https:\/\/kuuloasi.fi\/tuote\/kuivauslaite-ladattaville-kuulokojeille\/","name":"Kuivauslaite ladattaville kuulokojeille - kuuloasi.fi","isPartOf":{"@id":"https:\/\/kuuloasi.fi\/#website"},"primaryImageOfPage":{"@id":"https:\/\/kuuloasi.fi\/tuote\/kuivauslaite-ladattaville-kuulokojeille\/#primaryimage"},"image":{"@id":"https:\/\/kuuloasi.fi\/tuote\/kuivauslaite-ladattaville-kuulokojeille\/#primaryimage"},"thumbnailUrl":"https:\/\/kuuloasi.fi\/wp-content\/uploads\/2025\/12\/90810100.png","datePublished":"2025-12-04T11:34:01+00:00","dateModified":"2026-03-17T20:15:10+00:00","breadcrumb":{"@id":"https:\/\/kuuloasi.fi\/tuote\/kuivauslaite-ladattaville-kuulokojeille\/#breadcrumb"},"inLanguage":"sv-SE","potentialAction":[{"@type":"ReadAction","target":["https:\/\/kuuloasi.fi\/tuote\/kuivauslaite-ladattaville-kuulokojeille\/"]}]},{"@type":"ImageObject","inLanguage":"sv-SE","@id":"https:\/\/kuuloasi.fi\/tuote\/kuivauslaite-ladattaville-kuulokojeille\/#primaryimage","url":"https:\/\/kuuloasi.fi\/wp-content\/uploads\/2025\/12\/90810100.png","contentUrl":"https:\/\/kuuloasi.fi\/wp-content\/uploads\/2025\/12\/90810100.png","width":1200,"height":800},{"@type":"BreadcrumbList","@id":"https:\/\/kuuloasi.fi\/tuote\/kuivauslaite-ladattaville-kuulokojeille\/#breadcrumb","itemListElement":[{"@type":"ListItem","position":1,"name":"Etusivu","item":"https:\/\/kuuloasi.fi\/"},{"@type":"ListItem","position":2,"name":"Kauppa","item":"https:\/\/kuuloasi.fi\/kauppa\/"},{"@type":"ListItem","position":3,"name":"Kuivauslaite ladattaville kuulokojeille"}]},{"@type":"WebSite","@id":"https:\/\/kuuloasi.fi\/#website","url":"https:\/\/kuuloasi.fi\/","name":"h\u00f6rsel.co.uk","description":"","potentialAction":[{"@type":"SearchAction","target":{"@type":"EntryPoint","urlTemplate":"https:\/\/kuuloasi.fi\/?s={search_term_string}"},"query-input":{"@type":"PropertyValueSpecification","valueRequired":true,"valueName":"search_term_string"}}],"inLanguage":"sv-SE"}]}},"_links":{"self":[{"href":"https:\/\/kuuloasi.fi\/sv\/wp-json\/wp\/v2\/product\/829","targetHints":{"allow":["GET"]}}],"collection":[{"href":"https:\/\/kuuloasi.fi\/sv\/wp-json\/wp\/v2\/product"}],"about":[{"href":"https:\/\/kuuloasi.fi\/sv\/wp-json\/wp\/v2\/types\/product"}],"replies":[{"embeddable":true,"href":"https:\/\/kuuloasi.fi\/sv\/wp-json\/wp\/v2\/comments?post=829"}],"wp:featuredmedia":[{"embeddable":true,"href":"https:\/\/kuuloasi.fi\/sv\/wp-json\/wp\/v2\/media\/830"}],"wp:attachment":[{"href":"https:\/\/kuuloasi.fi\/sv\/wp-json\/wp\/v2\/media?parent=829"}],"wp:term":[{"taxonomy":"product_brand","embeddable":true,"href":"https:\/\/kuuloasi.fi\/sv\/wp-json\/wp\/v2\/product_brand?post=829"},{"taxonomy":"product_cat","embeddable":true,"href":"https:\/\/kuuloasi.fi\/sv\/wp-json\/wp\/v2\/product_cat?post=829"},{"taxonomy":"product_tag","embeddable":true,"href":"https:\/\/kuuloasi.fi\/sv\/wp-json\/wp\/v2\/product_tag?post=829"}],"curies":[{"name":"wp","href":"https:\/\/api.w.org\/{rel}","templated":true}]}}