{"id":827,"date":"2025-12-04T11:27:34","date_gmt":"2025-12-04T11:27:34","guid":{"rendered":"https:\/\/kuuloasi.fi\/?post_type=product&#038;p=827"},"modified":"2026-04-10T07:01:02","modified_gmt":"2026-04-10T07:01:02","slug":"otocur-korvasuihke-30ml","status":"publish","type":"product","link":"https:\/\/kuuloasi.fi\/sv\/produkt\/otocur-korvasuihke-30ml\/","title":{"rendered":"Otocur \u00f6ronspray 30ml"},"content":{"rendered":"<h3 tabindex=\"0\" data-end=\"701\" data-start=\"685\">Otocur \u00f6ronspray - effekt och f\u00f6rdelar<\/h3>\n<ul data-end=\"1245\" data-start=\"703\">\n<li data-end=\"819\" data-start=\"703\">\n<p data-end=\"819\" data-start=\"705\">Sprayen mjukar upp \u00f6ronvaxet och hj\u00e4lper till att f\u00f6rsiktigt avl\u00e4gsna \u00f6ronvaxproppen.<\/p>\n<\/li>\n<li data-end=\"961\" data-start=\"820\">\n<p data-end=\"961\" data-start=\"822\">Otocur \u00f6ronspray f\u00f6rebygger inflammation och irritation i h\u00f6rselg\u00e5ngen, s\u00e4rskilt efter simning eller vattenexponering.<\/p>\n<\/li>\n<li data-end=\"1058\" data-start=\"962\">\n<p data-end=\"1058\" data-start=\"964\">Lindrar torra, kliande och k\u00e4nsliga h\u00f6rselg\u00e5ngar.<\/p>\n<\/li>\n<li data-end=\"1245\" data-start=\"1059\">\n<p data-end=\"1245\" data-start=\"1061\">L\u00e4mplig f\u00f6r anv\u00e4ndare av h\u00f6rapparater och \u00f6ronsn\u00e4ckor: hj\u00e4lper till att f\u00f6rhindra vaxproppar, som kan d\u00e4mpa ljudet eller orsaka obehag.<\/p>\n<\/li>\n<\/ul>\n<h2 tabindex=\"0\" data-end=\"1276\" data-start=\"1252\"><\/h2>\n<h3 tabindex=\"0\" data-end=\"1276\" data-start=\"1252\">Otocur \u00f6ronspray ingredienser &amp; sammans\u00e4ttning<\/h3>\n<ul data-end=\"1710\" data-start=\"1278\">\n<li data-end=\"1407\" data-start=\"1278\">\n<p data-end=\"1407\" data-start=\"1280\"><strong data-end=\"1317\" data-start=\"1280\">Jojobaolja (Simmondsia chinensis)<\/strong>\u00a05 % - mjukar upp vaxets konsistens och skyddar huden.<\/p>\n<\/li>\n<li data-end=\"1573\" data-start=\"1408\">\n<p data-end=\"1573\" data-start=\"1410\"><strong data-end=\"1435\" data-start=\"1410\">Flytande paraffinvax<\/strong>\u00a0- bildar ett skyddande lager i h\u00f6rselg\u00e5ngen som bromsar fukt- och bakterieangrepp.<\/p>\n<\/li>\n<li data-end=\"1710\" data-start=\"1574\">\n<p data-end=\"1710\" data-start=\"1576\"><strong data-end=\"1600\" data-start=\"1576\">Cyklopentasiloxan<\/strong>\u00a0- hj\u00e4lper till med appliceringen och g\u00f6r att formulan k\u00e4nns behaglig att ta p\u00e5.<\/p>\n<\/li>\n<\/ul>\n<h2 tabindex=\"0\" data-end=\"1741\" data-start=\"1717\"><\/h2>\n<h3 tabindex=\"0\" data-end=\"1741\" data-start=\"1717\">Instruktioner f\u00f6r anv\u00e4ndning och dosering<\/h3>\n<ul data-end=\"2580\" data-start=\"1743\">\n<li data-end=\"1831\" data-start=\"1743\">\n<p data-end=\"1831\" data-start=\"1745\"><strong data-end=\"1791\" data-start=\"1745\">Otocur \u00f6ronspray \u00e4r l\u00e4mplig f\u00f6r vuxna och barn \u00f6ver 6 m\u00e5naders \u00e5lder.<\/strong><\/p>\n<\/li>\n<li data-end=\"2009\" data-start=\"1832\">\n<p data-end=\"2009\" data-start=\"1834\"><strong data-end=\"1853\" data-start=\"1834\">Anv\u00e4ndning p\u00e5 kv\u00e4llen<\/strong> rekommenderas f\u00f6r att l\u00e5ta torknings- och skyddseffekten verka - p\u00e5 morgonen kan h\u00f6rapparaterna b\u00e4ras som vanligt.<\/p>\n<\/li>\n<li data-end=\"2191\" data-start=\"2010\">\n<p data-end=\"2191\" data-start=\"2012\"><strong data-end=\"2034\" data-start=\"2012\">Avl\u00e4gsnande av vaxproppen:<\/strong> 1-2 kl\u00e4mmor Otocur \u00f6ronspray i h\u00f6rselg\u00e5ngen dagligen i 3-4 dagar. Om proppen inte g\u00e5r ut av sig sj\u00e4lv beh\u00f6vs en \u00f6ronsk\u00f6ljning.<\/p>\n<\/li>\n<li data-end=\"2306\" data-start=\"2192\">\n<p data-end=\"2306\" data-start=\"2194\"><strong data-end=\"2213\" data-start=\"2194\">F\u00f6rebyggande \u00e5tg\u00e4rder:<\/strong> 1-2 kl\u00e4mmor Otocur \u00f6ronspray en g\u00e5ng i veckan i b\u00e5da \u00f6ronen.<\/p>\n<\/li>\n<li data-end=\"2460\" data-start=\"2307\">\n<p data-end=\"2460\" data-start=\"2309\"><strong data-end=\"2347\" data-start=\"2309\">F\u00f6rebyggande av inflammation och irritation:<\/strong>\u00a0dagligen under de f\u00f6rsta 1-2 veckorna, d\u00e4refter som underh\u00e5ll en g\u00e5ng i veckan.<\/p>\n<\/li>\n<li data-end=\"2580\" data-start=\"2461\">\n<p data-end=\"2580\" data-start=\"2463\"><strong data-end=\"2493\" data-start=\"2463\">Torra\/kl\u00e5da i \u00f6ronen:<\/strong> 1-2 kl\u00e4mmor Otocur \u00f6ronspray dagligen eller vid behov.<\/p>\n<\/li>\n<\/ul>\n<h2 tabindex=\"0\" data-end=\"2629\" data-start=\"2587\"><\/h2>\n<h3 tabindex=\"0\" data-end=\"2629\" data-start=\"2587\">Hur kan Otocur \u00f6ronspray anv\u00e4ndas p\u00e5 ett s\u00e4kert s\u00e4tt?<\/h3>\n<ul data-end=\"3195\" data-start=\"2631\">\n<li data-end=\"2806\" data-start=\"2631\">\n<p data-end=\"2806\" data-start=\"2633\">H\u00e5ll flaskan uppr\u00e4tt. De f\u00f6rsta g\u00e5ngerna du anv\u00e4nder sprayen kan du beh\u00f6va trycka 20-30 g\u00e5nger f\u00f6r att f\u00e5 oljan att fl\u00f6da normalt.<\/p>\n<\/li>\n<li data-end=\"2968\" data-start=\"2807\">\n<p data-end=\"2968\" data-start=\"2809\">Se till att Otocurs munstycke f\u00f6r \u00f6ronspray (montering) \u00e4r rent och sitter p\u00e5 plats - tryck inte in munstycket f\u00f6r l\u00e5ngt i h\u00f6rselg\u00e5ngen.<\/p>\n<\/li>\n<li data-end=\"3087\" data-start=\"2969\">\n<p data-end=\"3087\" data-start=\"2971\">Dra \u00f6rat bak\u00e5t och ut\u00e5t och spraya 1-2 pressar in i h\u00f6rselg\u00e5ngen.<\/p>\n<\/li>\n<li data-end=\"3195\" data-start=\"3088\">\n<p data-end=\"3195\" data-start=\"3090\">Torka bort \u00f6verfl\u00f6dig olja fr\u00e5n \u00f6rats utsida f\u00f6r att undvika fl\u00e4ckar.<\/p>\n<\/li>\n<\/ul>\n<h2 tabindex=\"0\" data-end=\"3226\" data-start=\"3202\"><\/h2>\n<h3 tabindex=\"0\" data-end=\"3226\" data-start=\"3202\">S\u00e4kerhet &amp; information<\/h3>\n<ul data-end=\"3678\" data-start=\"3228\">\n<li data-end=\"3372\" data-start=\"3228\">\n<p data-end=\"3372\" data-start=\"3230\">CE-m\u00e4rkt medicinteknisk produkt. Tillverkad av Galena Pharma Oy, utvecklad och tillverkad i Finland.<\/p>\n<\/li>\n<li data-end=\"3522\" data-start=\"3373\">\n<p data-end=\"3522\" data-start=\"3375\">Otocur \u00f6ronspray beh\u00f6ver inte sk\u00f6ljas ut ur \u00f6rat. Oljan blandar sig med \u00f6rats eget vax och bildar ett skyddande lager.<\/p>\n<\/li>\n<li data-end=\"3678\" data-start=\"3523\">\n<p data-end=\"3678\" data-start=\"3525\">R\u00e5dg\u00f6r med din l\u00e4kare om du har genomg\u00e5tt en operation, har \u00f6ronr\u00f6r, \u00e4r \u00f6m eller om anv\u00e4ndningen orsakar obehag.<\/p>\n<\/li>\n<\/ul>\n<h2 tabindex=\"0\" data-end=\"3718\" data-start=\"3685\"><\/h2>\n<h3 tabindex=\"0\" data-end=\"3718\" data-start=\"3685\">Vem \u00e4r Otocur \u00f6ronspray f\u00f6r?<\/h3>\n<ul data-end=\"4056\" data-start=\"3720\">\n<li data-end=\"3770\" data-start=\"3720\">\n<p data-end=\"3770\" data-start=\"3722\">F\u00f6r anv\u00e4ndare av h\u00f6rapparater och \u00f6ronsn\u00e4ckor<\/p>\n<\/li>\n<li data-end=\"3833\" data-start=\"3771\">\n<p data-end=\"3833\" data-start=\"3773\">F\u00f6r simmare eller personer som ofta uts\u00e4tts f\u00f6r vatten<\/p>\n<\/li>\n<li data-end=\"3875\" data-start=\"3834\">\n<p data-end=\"3875\" data-start=\"3836\">F\u00f6r barn \u00f6ver 6 m\u00e5naders \u00e5lder<\/p>\n<\/li>\n<li data-end=\"3948\" data-start=\"3876\">\n<p data-end=\"3948\" data-start=\"3878\">F\u00f6r personer med torra, kliande eller irriterade h\u00f6rselg\u00e5ngar<\/p>\n<\/li>\n<li data-end=\"4056\" data-start=\"3949\">\n<p data-end=\"4056\" data-start=\"3951\">De som vill f\u00f6rhindra \u00f6ronvaxproppar eller f\u00f6rsiktigt behandla en befintlig propp<\/p>\n<\/li>\n<\/ul>\n<p data-end=\"4332\" data-start=\"4078\">Otocur \u00f6ronspray \u00e4r en m\u00e5ngsidig och p\u00e5litlig l\u00f6sning f\u00f6r behandling av \u00f6ronen. Den mjukar upp vax, f\u00f6rebygger inflammation, skyddar mot vatten och lindrar kl\u00e5da. V\u00e4lj Otocur \u00f6ronspray om du vill h\u00e5lla dina \u00f6ron friska, din r\u00f6st klar och dina h\u00f6rapparater fungerande.<\/p>","protected":false},"excerpt":{"rendered":"<div class=\"InfoArea New\">\n<div id=\"ProductInfoTabs\" class=\"ui-tabs ui-widget ui-widget-content ui-corner-all epProductInfoTabs ep-js\" data-js=\"\">\n<div id=\"tab-product-description\" class=\"ui-tabs-panel ui-widget-content ui-corner-bottom\" role=\"tabpanel\" aria-live=\"polite\" aria-labelledby=\"ui-id-1\" aria-hidden=\"false\">\n<div class=\"description\">\n<h2 tabindex=\"0\" data-end=\"339\" data-start=\"269\"><strong data-end=\"339\" data-start=\"271\">Skonsamt h\u00f6rselskydd och klart ljud<\/strong><\/h2>\n<p data-end=\"678\" data-start=\"341\"><strong data-end=\"363\" data-start=\"341\">Otocur \u00f6ronspray<\/strong>\u00a0\u00e4r en finsk CE-m\u00e4rkt medicinsk \u00f6ronspray som mjukar upp \u00f6ronvax, f\u00f6rhindrar vaxproppar och skyddar h\u00f6rselg\u00e5ngen fr\u00e5n vibrationer och uttorkning. Den \u00e4r l\u00e4mplig f\u00f6r hela familjen \u00f6ver\u00a0<strong data-end=\"588\" data-start=\"554\">F\u00f6r barn fr\u00e5n 6 m\u00e5nader<\/strong>, h\u00f6rselskydd f\u00f6r simmare och anv\u00e4ndare av h\u00f6rapparat.<\/p>\n<\/div>\n<\/div>\n<\/div>\n<\/div>","protected":false},"featured_media":828,"comment_status":"closed","ping_status":"closed","template":"","meta":{"_acf_changed":false},"product_brand":[],"product_cat":[25],"product_tag":[126,127,125],"class_list":{"0":"post-827","1":"product","2":"type-product","3":"status-publish","4":"has-post-thumbnail","6":"product_cat-muut-tuotteet","7":"product_tag-korvasuihke","8":"product_tag-otocur","9":"product_tag-suihke","11":"first","12":"instock","13":"taxable","14":"shipping-taxable","15":"purchasable","16":"product-type-simple"},"acf":[],"yoast_head":"<!-- This site is optimized with the Yoast SEO plugin v27.4 - https:\/\/yoast.com\/product\/yoast-seo-wordpress\/ -->\n<title>Otocur korvasuihke - Kuuloasi.fi<\/title>\n<meta name=\"description\" content=\"Otocur korvasuihke hell\u00e4varaiseen korvien puhdistukseen. Erinomainen esimerkiksi kuulokojeen k\u00e4ytt\u00e4jille. Tutustu Otocur korvasuihkeeseen!\" \/>\n<meta name=\"robots\" content=\"index, follow, max-snippet:-1, max-image-preview:large, max-video-preview:-1\" \/>\n<link rel=\"canonical\" href=\"https:\/\/kuuloasi.fi\/sv\/produkt\/otocur-korvasuihke-30ml\/\" \/>\n<meta property=\"og:locale\" content=\"sv_SE\" \/>\n<meta property=\"og:type\" content=\"article\" \/>\n<meta property=\"og:title\" content=\"Otocur korvasuihke - Kuuloasi.fi\" \/>\n<meta property=\"og:description\" content=\"Otocur korvasuihke hell\u00e4varaiseen korvien puhdistukseen. Erinomainen esimerkiksi kuulokojeen k\u00e4ytt\u00e4jille. Tutustu Otocur korvasuihkeeseen!\" \/>\n<meta property=\"og:url\" content=\"https:\/\/kuuloasi.fi\/sv\/produkt\/otocur-korvasuihke-30ml\/\" \/>\n<meta property=\"og:site_name\" content=\"kuuloasi.fi\" \/>\n<meta property=\"article:modified_time\" content=\"2026-04-10T07:01:02+00:00\" \/>\n<meta property=\"og:image\" content=\"https:\/\/kuuloasi.fi\/wp-content\/uploads\/2025\/12\/otocur-500x500-1.jpg\" \/>\n\t<meta property=\"og:image:width\" content=\"500\" \/>\n\t<meta property=\"og:image:height\" content=\"500\" \/>\n\t<meta property=\"og:image:type\" content=\"image\/jpeg\" \/>\n<meta name=\"twitter:card\" content=\"summary_large_image\" \/>\n<meta name=\"twitter:label1\" content=\"Ber\u00e4knad l\u00e4stid\" \/>\n\t<meta name=\"twitter:data1\" content=\"3 minuter\" \/>\n<script type=\"application\/ld+json\" class=\"yoast-schema-graph\">{\"@context\":\"https:\\\/\\\/schema.org\",\"@graph\":[{\"@type\":\"WebPage\",\"@id\":\"https:\\\/\\\/kuuloasi.fi\\\/tuote\\\/otocur-korvasuihke-30ml\\\/\",\"url\":\"https:\\\/\\\/kuuloasi.fi\\\/tuote\\\/otocur-korvasuihke-30ml\\\/\",\"name\":\"Otocur korvasuihke - Kuuloasi.fi\",\"isPartOf\":{\"@id\":\"https:\\\/\\\/kuuloasi.fi\\\/#website\"},\"primaryImageOfPage\":{\"@id\":\"https:\\\/\\\/kuuloasi.fi\\\/tuote\\\/otocur-korvasuihke-30ml\\\/#primaryimage\"},\"image\":{\"@id\":\"https:\\\/\\\/kuuloasi.fi\\\/tuote\\\/otocur-korvasuihke-30ml\\\/#primaryimage\"},\"thumbnailUrl\":\"https:\\\/\\\/kuuloasi.fi\\\/wp-content\\\/uploads\\\/2025\\\/12\\\/otocur-500x500-1.jpg\",\"datePublished\":\"2025-12-04T11:27:34+00:00\",\"dateModified\":\"2026-04-10T07:01:02+00:00\",\"description\":\"Otocur korvasuihke hell\u00e4varaiseen korvien puhdistukseen. Erinomainen esimerkiksi kuulokojeen k\u00e4ytt\u00e4jille. Tutustu Otocur korvasuihkeeseen!\",\"breadcrumb\":{\"@id\":\"https:\\\/\\\/kuuloasi.fi\\\/tuote\\\/otocur-korvasuihke-30ml\\\/#breadcrumb\"},\"inLanguage\":\"sv-SE\",\"potentialAction\":[{\"@type\":\"ReadAction\",\"target\":[\"https:\\\/\\\/kuuloasi.fi\\\/tuote\\\/otocur-korvasuihke-30ml\\\/\"]}]},{\"@type\":\"ImageObject\",\"inLanguage\":\"sv-SE\",\"@id\":\"https:\\\/\\\/kuuloasi.fi\\\/tuote\\\/otocur-korvasuihke-30ml\\\/#primaryimage\",\"url\":\"https:\\\/\\\/kuuloasi.fi\\\/wp-content\\\/uploads\\\/2025\\\/12\\\/otocur-500x500-1.jpg\",\"contentUrl\":\"https:\\\/\\\/kuuloasi.fi\\\/wp-content\\\/uploads\\\/2025\\\/12\\\/otocur-500x500-1.jpg\",\"width\":500,\"height\":500,\"caption\":\"Otocur korvasuihke\"},{\"@type\":\"BreadcrumbList\",\"@id\":\"https:\\\/\\\/kuuloasi.fi\\\/tuote\\\/otocur-korvasuihke-30ml\\\/#breadcrumb\",\"itemListElement\":[{\"@type\":\"ListItem\",\"position\":1,\"name\":\"Etusivu\",\"item\":\"https:\\\/\\\/kuuloasi.fi\\\/\"},{\"@type\":\"ListItem\",\"position\":2,\"name\":\"Kauppa\",\"item\":\"https:\\\/\\\/kuuloasi.fi\\\/kauppa\\\/\"},{\"@type\":\"ListItem\",\"position\":3,\"name\":\"Otocur-korvasuihke 30ml\"}]},{\"@type\":\"WebSite\",\"@id\":\"https:\\\/\\\/kuuloasi.fi\\\/#website\",\"url\":\"https:\\\/\\\/kuuloasi.fi\\\/\",\"name\":\"kuuloasi.fi\",\"description\":\"\",\"potentialAction\":[{\"@type\":\"SearchAction\",\"target\":{\"@type\":\"EntryPoint\",\"urlTemplate\":\"https:\\\/\\\/kuuloasi.fi\\\/?s={search_term_string}\"},\"query-input\":{\"@type\":\"PropertyValueSpecification\",\"valueRequired\":true,\"valueName\":\"search_term_string\"}}],\"inLanguage\":\"sv-SE\"}]}<\/script>\n<!-- \/ Yoast SEO plugin. -->","yoast_head_json":{"title":"Otocur korvasuihke - Kuuloasi.fi","description":"Otocur korvasuihke hell\u00e4varaiseen korvien puhdistukseen. Erinomainen esimerkiksi kuulokojeen k\u00e4ytt\u00e4jille. Tutustu Otocur korvasuihkeeseen!","robots":{"index":"index","follow":"follow","max-snippet":"max-snippet:-1","max-image-preview":"max-image-preview:large","max-video-preview":"max-video-preview:-1"},"canonical":"https:\/\/kuuloasi.fi\/sv\/produkt\/otocur-korvasuihke-30ml\/","og_locale":"sv_SE","og_type":"article","og_title":"Otocur korvasuihke - Kuuloasi.fi","og_description":"Otocur korvasuihke hell\u00e4varaiseen korvien puhdistukseen. Erinomainen esimerkiksi kuulokojeen k\u00e4ytt\u00e4jille. Tutustu Otocur korvasuihkeeseen!","og_url":"https:\/\/kuuloasi.fi\/sv\/produkt\/otocur-korvasuihke-30ml\/","og_site_name":"kuuloasi.fi","article_modified_time":"2026-04-10T07:01:02+00:00","og_image":[{"width":500,"height":500,"url":"https:\/\/kuuloasi.fi\/wp-content\/uploads\/2025\/12\/otocur-500x500-1.jpg","type":"image\/jpeg"}],"twitter_card":"summary_large_image","twitter_misc":{"Ber\u00e4knad l\u00e4stid":"3 minuter"},"schema":{"@context":"https:\/\/schema.org","@graph":[{"@type":"WebPage","@id":"https:\/\/kuuloasi.fi\/tuote\/otocur-korvasuihke-30ml\/","url":"https:\/\/kuuloasi.fi\/tuote\/otocur-korvasuihke-30ml\/","name":"Otocur korvasuihke - Kuuloasi.fi","isPartOf":{"@id":"https:\/\/kuuloasi.fi\/#website"},"primaryImageOfPage":{"@id":"https:\/\/kuuloasi.fi\/tuote\/otocur-korvasuihke-30ml\/#primaryimage"},"image":{"@id":"https:\/\/kuuloasi.fi\/tuote\/otocur-korvasuihke-30ml\/#primaryimage"},"thumbnailUrl":"https:\/\/kuuloasi.fi\/wp-content\/uploads\/2025\/12\/otocur-500x500-1.jpg","datePublished":"2025-12-04T11:27:34+00:00","dateModified":"2026-04-10T07:01:02+00:00","description":"Otocur korvasuihke hell\u00e4varaiseen korvien puhdistukseen. Erinomainen esimerkiksi kuulokojeen k\u00e4ytt\u00e4jille. Tutustu Otocur korvasuihkeeseen!","breadcrumb":{"@id":"https:\/\/kuuloasi.fi\/tuote\/otocur-korvasuihke-30ml\/#breadcrumb"},"inLanguage":"sv-SE","potentialAction":[{"@type":"ReadAction","target":["https:\/\/kuuloasi.fi\/tuote\/otocur-korvasuihke-30ml\/"]}]},{"@type":"ImageObject","inLanguage":"sv-SE","@id":"https:\/\/kuuloasi.fi\/tuote\/otocur-korvasuihke-30ml\/#primaryimage","url":"https:\/\/kuuloasi.fi\/wp-content\/uploads\/2025\/12\/otocur-500x500-1.jpg","contentUrl":"https:\/\/kuuloasi.fi\/wp-content\/uploads\/2025\/12\/otocur-500x500-1.jpg","width":500,"height":500,"caption":"Otocur korvasuihke"},{"@type":"BreadcrumbList","@id":"https:\/\/kuuloasi.fi\/tuote\/otocur-korvasuihke-30ml\/#breadcrumb","itemListElement":[{"@type":"ListItem","position":1,"name":"Etusivu","item":"https:\/\/kuuloasi.fi\/"},{"@type":"ListItem","position":2,"name":"Kauppa","item":"https:\/\/kuuloasi.fi\/kauppa\/"},{"@type":"ListItem","position":3,"name":"Otocur-korvasuihke 30ml"}]},{"@type":"WebSite","@id":"https:\/\/kuuloasi.fi\/#website","url":"https:\/\/kuuloasi.fi\/","name":"h\u00f6rsel.co.uk","description":"","potentialAction":[{"@type":"SearchAction","target":{"@type":"EntryPoint","urlTemplate":"https:\/\/kuuloasi.fi\/?s={search_term_string}"},"query-input":{"@type":"PropertyValueSpecification","valueRequired":true,"valueName":"search_term_string"}}],"inLanguage":"sv-SE"}]}},"_links":{"self":[{"href":"https:\/\/kuuloasi.fi\/sv\/wp-json\/wp\/v2\/product\/827","targetHints":{"allow":["GET"]}}],"collection":[{"href":"https:\/\/kuuloasi.fi\/sv\/wp-json\/wp\/v2\/product"}],"about":[{"href":"https:\/\/kuuloasi.fi\/sv\/wp-json\/wp\/v2\/types\/product"}],"replies":[{"embeddable":true,"href":"https:\/\/kuuloasi.fi\/sv\/wp-json\/wp\/v2\/comments?post=827"}],"wp:featuredmedia":[{"embeddable":true,"href":"https:\/\/kuuloasi.fi\/sv\/wp-json\/wp\/v2\/media\/828"}],"wp:attachment":[{"href":"https:\/\/kuuloasi.fi\/sv\/wp-json\/wp\/v2\/media?parent=827"}],"wp:term":[{"taxonomy":"product_brand","embeddable":true,"href":"https:\/\/kuuloasi.fi\/sv\/wp-json\/wp\/v2\/product_brand?post=827"},{"taxonomy":"product_cat","embeddable":true,"href":"https:\/\/kuuloasi.fi\/sv\/wp-json\/wp\/v2\/product_cat?post=827"},{"taxonomy":"product_tag","embeddable":true,"href":"https:\/\/kuuloasi.fi\/sv\/wp-json\/wp\/v2\/product_tag?post=827"}],"curies":[{"name":"wp","href":"https:\/\/api.w.org\/{rel}","templated":true}]}}