{"id":825,"date":"2025-12-04T11:26:20","date_gmt":"2025-12-04T11:26:20","guid":{"rendered":"https:\/\/kuuloasi.fi\/?post_type=product&#038;p=825"},"modified":"2026-01-14T18:17:53","modified_gmt":"2026-01-14T18:17:53","slug":"kuulokojeen-u-letku-5kpl","status":"publish","type":"product","link":"https:\/\/kuuloasi.fi\/sv\/produkt\/kuulokojeen-u-letku-5kpl\/","title":{"rendered":"H\u00f6rapparat U-slang 5st"},"content":{"rendered":"<p>U-slangen b\u00f6r bytas ut regelbundet f\u00f6r att bibeh\u00e5lla sina b\u00e4sta egenskaper. Slangen f\u00e5r inte h\u00e4rda f\u00f6r mycket, utan m\u00e5ste bytas ut regelbundet. Om du har en krok i \u00f6ronsn\u00e4ckan b\u00f6r du f\u00f6rst kontakta din audionom och fr\u00e5ga om det \u00e4r m\u00f6jligt att anv\u00e4nda en U-slang i din \u00f6ronsn\u00e4cka.<\/p>\n<p>&nbsp;<\/p>\n<p><strong>Instruktioner f\u00f6r byte:<\/strong><\/p>\n<p>- Dra i den andra \u00e4nden av slangen f\u00f6r att koppla bort h\u00f6rapparaten.<\/p>\n<p>- Dra sedan ut slangen ur \u00f6ronsn\u00e4ckan.<\/p>\n<p>- I detta skede \u00e4r det ocks\u00e5 en bra id\u00e9 att tv\u00e4tta \u00f6ronsn\u00e4ckan\u00a0<a href=\"https:\/\/kuuloasi.fi\/sv\/epages\/kuuloasi.sf\/fi_FI\/?ObjectPath=\/Shops\/2017112003\/Products\/2121\" data-link-type=\"tree\" data-type=\"linkpicker\">Med Cedis reng\u00f6ringstabletter.<\/a><\/p>\n<p>- M\u00e4t upp slangens \u00e4nde i h\u00f6rapparaten till samma l\u00e4ngd som den gamla slangen.<\/p>\n<p>- F\u00f6r in den nya slangen genom \u00f6ronsn\u00e4ckans ljudkanal.<\/p>\n<p>- Klipp av den \u00f6verfl\u00f6diga slangen som kommer ut ur \u00f6ronsn\u00e4ckan.<\/p>\n<p>- Slutligen kopplar du h\u00f6rapparaten till den andra \u00e4nden av slangen.<\/p>\n<p>- Du kan be din audionom om r\u00e5d om hur du byter slang.<\/p>","protected":false},"excerpt":{"rendered":"<div class=\"InfoArea New\">\n<div id=\"ProductInfoTabs\" class=\"ui-tabs ui-widget ui-widget-content ui-corner-all epProductInfoTabs ep-js\" data-js=\"\">\n<div id=\"tab-product-description\" class=\"ui-tabs-panel ui-widget-content ui-corner-bottom\" role=\"tabpanel\" aria-live=\"polite\" aria-labelledby=\"ui-id-1\" aria-hidden=\"false\">\n<div class=\"description\">\n<p>U-slangen \u00e4r den slang som anv\u00e4nds mest i h\u00f6rapparater v\u00e4rlden \u00f6ver. Den skiljer sig fr\u00e5n en h\u00f6rapparats mellanslang, eftersom U-slangen s\u00e4tts in i en \u00f6ronsn\u00e4cka som inte har en krok, vilket \u00e4r vanligt i Finland. F\u00f6rdelen med att anv\u00e4nda en U-slang \u00e4r att det inte finns n\u00e5gra anslutningar i ljudkanalen som i en \u00f6ronsn\u00e4cka med krok. Detta g\u00f6r att ljudet kan \u00f6verf\u00f6ras direkt till \u00f6rat fr\u00e5n h\u00f6rapparaten utan n\u00e5gra st\u00f6rningar.<\/p>\n<\/div>\n<\/div>\n<\/div>\n<\/div>","protected":false},"featured_media":826,"comment_status":"closed","ping_status":"closed","template":"","meta":{"_acf_changed":false},"product_brand":[],"product_cat":[25],"product_tag":[84],"class_list":{"0":"post-825","1":"product","2":"type-product","3":"status-publish","4":"has-post-thumbnail","6":"product_cat-muut-tuotteet","7":"product_tag-letku","9":"first","10":"instock","11":"taxable","12":"shipping-taxable","13":"purchasable","14":"product-type-simple"},"acf":[],"yoast_head":"<!-- This site is optimized with the Yoast SEO plugin v27.4 - https:\/\/yoast.com\/product\/yoast-seo-wordpress\/ -->\n<title>Kuulokojeen U-letku 5kpl - kuuloasi.fi<\/title>\n<meta name=\"robots\" content=\"index, follow, max-snippet:-1, max-image-preview:large, max-video-preview:-1\" \/>\n<link rel=\"canonical\" href=\"https:\/\/kuuloasi.fi\/sv\/produkt\/kuulokojeen-u-letku-5kpl\/\" \/>\n<meta property=\"og:locale\" content=\"sv_SE\" \/>\n<meta property=\"og:type\" content=\"article\" \/>\n<meta property=\"og:title\" content=\"Kuulokojeen U-letku 5kpl - kuuloasi.fi\" \/>\n<meta property=\"og:description\" content=\"U-letku on maailmalla yleisimmin k\u00e4ytetty letku kuulokojeen korvakappaleessa. Se on eri kuin kuulokojeen v\u00e4liletku, sill\u00e4 U-letku tulee korvakappaleeseen jossa ei ole k\u00e4ytetty ollenkaan Suomessa yleist\u00e4 koukkua. U-letkua k\u00e4ytett\u00e4ess\u00e4 on etuna se, ett\u00e4 \u00e4\u00e4nikanavassa ei ole mit\u00e4\u00e4n liitoksia niin kuin koukullisessa korvakappaleessa. T\u00e4m\u00e4 mahdollistaa \u00e4\u00e4nen siirt\u00e4misen suoraan korvaan kuulokojeesta ilman h\u00e4iri\u00f6tekij\u00f6it\u00e4.\" \/>\n<meta property=\"og:url\" content=\"https:\/\/kuuloasi.fi\/sv\/produkt\/kuulokojeen-u-letku-5kpl\/\" \/>\n<meta property=\"og:site_name\" content=\"kuuloasi.fi\" \/>\n<meta property=\"article:modified_time\" content=\"2026-01-14T18:17:53+00:00\" \/>\n<meta property=\"og:image\" content=\"https:\/\/kuuloasi.fi\/wp-content\/uploads\/2025\/12\/Tubing-Pre-Bent-Tubing.png\" \/>\n\t<meta property=\"og:image:width\" content=\"1000\" \/>\n\t<meta property=\"og:image:height\" content=\"1000\" \/>\n\t<meta property=\"og:image:type\" content=\"image\/png\" \/>\n<meta name=\"twitter:card\" content=\"summary_large_image\" \/>\n<meta name=\"twitter:label1\" content=\"Ber\u00e4knad l\u00e4stid\" \/>\n\t<meta name=\"twitter:data1\" content=\"1 minut\" \/>\n<script type=\"application\/ld+json\" class=\"yoast-schema-graph\">{\"@context\":\"https:\\\/\\\/schema.org\",\"@graph\":[{\"@type\":\"WebPage\",\"@id\":\"https:\\\/\\\/kuuloasi.fi\\\/tuote\\\/kuulokojeen-u-letku-5kpl\\\/\",\"url\":\"https:\\\/\\\/kuuloasi.fi\\\/tuote\\\/kuulokojeen-u-letku-5kpl\\\/\",\"name\":\"Kuulokojeen U-letku 5kpl - kuuloasi.fi\",\"isPartOf\":{\"@id\":\"https:\\\/\\\/kuuloasi.fi\\\/#website\"},\"primaryImageOfPage\":{\"@id\":\"https:\\\/\\\/kuuloasi.fi\\\/tuote\\\/kuulokojeen-u-letku-5kpl\\\/#primaryimage\"},\"image\":{\"@id\":\"https:\\\/\\\/kuuloasi.fi\\\/tuote\\\/kuulokojeen-u-letku-5kpl\\\/#primaryimage\"},\"thumbnailUrl\":\"https:\\\/\\\/kuuloasi.fi\\\/wp-content\\\/uploads\\\/2025\\\/12\\\/Tubing-Pre-Bent-Tubing.png\",\"datePublished\":\"2025-12-04T11:26:20+00:00\",\"dateModified\":\"2026-01-14T18:17:53+00:00\",\"breadcrumb\":{\"@id\":\"https:\\\/\\\/kuuloasi.fi\\\/tuote\\\/kuulokojeen-u-letku-5kpl\\\/#breadcrumb\"},\"inLanguage\":\"sv-SE\",\"potentialAction\":[{\"@type\":\"ReadAction\",\"target\":[\"https:\\\/\\\/kuuloasi.fi\\\/tuote\\\/kuulokojeen-u-letku-5kpl\\\/\"]}]},{\"@type\":\"ImageObject\",\"inLanguage\":\"sv-SE\",\"@id\":\"https:\\\/\\\/kuuloasi.fi\\\/tuote\\\/kuulokojeen-u-letku-5kpl\\\/#primaryimage\",\"url\":\"https:\\\/\\\/kuuloasi.fi\\\/wp-content\\\/uploads\\\/2025\\\/12\\\/Tubing-Pre-Bent-Tubing.png\",\"contentUrl\":\"https:\\\/\\\/kuuloasi.fi\\\/wp-content\\\/uploads\\\/2025\\\/12\\\/Tubing-Pre-Bent-Tubing.png\",\"width\":1000,\"height\":1000},{\"@type\":\"BreadcrumbList\",\"@id\":\"https:\\\/\\\/kuuloasi.fi\\\/tuote\\\/kuulokojeen-u-letku-5kpl\\\/#breadcrumb\",\"itemListElement\":[{\"@type\":\"ListItem\",\"position\":1,\"name\":\"Etusivu\",\"item\":\"https:\\\/\\\/kuuloasi.fi\\\/\"},{\"@type\":\"ListItem\",\"position\":2,\"name\":\"Kauppa\",\"item\":\"https:\\\/\\\/kuuloasi.fi\\\/kauppa\\\/\"},{\"@type\":\"ListItem\",\"position\":3,\"name\":\"Kuulokojeen U-letku 5kpl\"}]},{\"@type\":\"WebSite\",\"@id\":\"https:\\\/\\\/kuuloasi.fi\\\/#website\",\"url\":\"https:\\\/\\\/kuuloasi.fi\\\/\",\"name\":\"kuuloasi.fi\",\"description\":\"\",\"potentialAction\":[{\"@type\":\"SearchAction\",\"target\":{\"@type\":\"EntryPoint\",\"urlTemplate\":\"https:\\\/\\\/kuuloasi.fi\\\/?s={search_term_string}\"},\"query-input\":{\"@type\":\"PropertyValueSpecification\",\"valueRequired\":true,\"valueName\":\"search_term_string\"}}],\"inLanguage\":\"sv-SE\"}]}<\/script>\n<!-- \/ Yoast SEO plugin. -->","yoast_head_json":{"title":"Kuulokojeen U-letku 5kpl - kuuloasi.fi","robots":{"index":"index","follow":"follow","max-snippet":"max-snippet:-1","max-image-preview":"max-image-preview:large","max-video-preview":"max-video-preview:-1"},"canonical":"https:\/\/kuuloasi.fi\/sv\/produkt\/kuulokojeen-u-letku-5kpl\/","og_locale":"sv_SE","og_type":"article","og_title":"Kuulokojeen U-letku 5kpl - kuuloasi.fi","og_description":"U-letku on maailmalla yleisimmin k\u00e4ytetty letku kuulokojeen korvakappaleessa. Se on eri kuin kuulokojeen v\u00e4liletku, sill\u00e4 U-letku tulee korvakappaleeseen jossa ei ole k\u00e4ytetty ollenkaan Suomessa yleist\u00e4 koukkua. U-letkua k\u00e4ytett\u00e4ess\u00e4 on etuna se, ett\u00e4 \u00e4\u00e4nikanavassa ei ole mit\u00e4\u00e4n liitoksia niin kuin koukullisessa korvakappaleessa. T\u00e4m\u00e4 mahdollistaa \u00e4\u00e4nen siirt\u00e4misen suoraan korvaan kuulokojeesta ilman h\u00e4iri\u00f6tekij\u00f6it\u00e4.","og_url":"https:\/\/kuuloasi.fi\/sv\/produkt\/kuulokojeen-u-letku-5kpl\/","og_site_name":"kuuloasi.fi","article_modified_time":"2026-01-14T18:17:53+00:00","og_image":[{"width":1000,"height":1000,"url":"https:\/\/kuuloasi.fi\/wp-content\/uploads\/2025\/12\/Tubing-Pre-Bent-Tubing.png","type":"image\/png"}],"twitter_card":"summary_large_image","twitter_misc":{"Ber\u00e4knad l\u00e4stid":"1 minut"},"schema":{"@context":"https:\/\/schema.org","@graph":[{"@type":"WebPage","@id":"https:\/\/kuuloasi.fi\/tuote\/kuulokojeen-u-letku-5kpl\/","url":"https:\/\/kuuloasi.fi\/tuote\/kuulokojeen-u-letku-5kpl\/","name":"Kuulokojeen U-letku 5kpl - kuuloasi.fi","isPartOf":{"@id":"https:\/\/kuuloasi.fi\/#website"},"primaryImageOfPage":{"@id":"https:\/\/kuuloasi.fi\/tuote\/kuulokojeen-u-letku-5kpl\/#primaryimage"},"image":{"@id":"https:\/\/kuuloasi.fi\/tuote\/kuulokojeen-u-letku-5kpl\/#primaryimage"},"thumbnailUrl":"https:\/\/kuuloasi.fi\/wp-content\/uploads\/2025\/12\/Tubing-Pre-Bent-Tubing.png","datePublished":"2025-12-04T11:26:20+00:00","dateModified":"2026-01-14T18:17:53+00:00","breadcrumb":{"@id":"https:\/\/kuuloasi.fi\/tuote\/kuulokojeen-u-letku-5kpl\/#breadcrumb"},"inLanguage":"sv-SE","potentialAction":[{"@type":"ReadAction","target":["https:\/\/kuuloasi.fi\/tuote\/kuulokojeen-u-letku-5kpl\/"]}]},{"@type":"ImageObject","inLanguage":"sv-SE","@id":"https:\/\/kuuloasi.fi\/tuote\/kuulokojeen-u-letku-5kpl\/#primaryimage","url":"https:\/\/kuuloasi.fi\/wp-content\/uploads\/2025\/12\/Tubing-Pre-Bent-Tubing.png","contentUrl":"https:\/\/kuuloasi.fi\/wp-content\/uploads\/2025\/12\/Tubing-Pre-Bent-Tubing.png","width":1000,"height":1000},{"@type":"BreadcrumbList","@id":"https:\/\/kuuloasi.fi\/tuote\/kuulokojeen-u-letku-5kpl\/#breadcrumb","itemListElement":[{"@type":"ListItem","position":1,"name":"Etusivu","item":"https:\/\/kuuloasi.fi\/"},{"@type":"ListItem","position":2,"name":"Kauppa","item":"https:\/\/kuuloasi.fi\/kauppa\/"},{"@type":"ListItem","position":3,"name":"Kuulokojeen U-letku 5kpl"}]},{"@type":"WebSite","@id":"https:\/\/kuuloasi.fi\/#website","url":"https:\/\/kuuloasi.fi\/","name":"h\u00f6rsel.co.uk","description":"","potentialAction":[{"@type":"SearchAction","target":{"@type":"EntryPoint","urlTemplate":"https:\/\/kuuloasi.fi\/?s={search_term_string}"},"query-input":{"@type":"PropertyValueSpecification","valueRequired":true,"valueName":"search_term_string"}}],"inLanguage":"sv-SE"}]}},"_links":{"self":[{"href":"https:\/\/kuuloasi.fi\/sv\/wp-json\/wp\/v2\/product\/825","targetHints":{"allow":["GET"]}}],"collection":[{"href":"https:\/\/kuuloasi.fi\/sv\/wp-json\/wp\/v2\/product"}],"about":[{"href":"https:\/\/kuuloasi.fi\/sv\/wp-json\/wp\/v2\/types\/product"}],"replies":[{"embeddable":true,"href":"https:\/\/kuuloasi.fi\/sv\/wp-json\/wp\/v2\/comments?post=825"}],"wp:featuredmedia":[{"embeddable":true,"href":"https:\/\/kuuloasi.fi\/sv\/wp-json\/wp\/v2\/media\/826"}],"wp:attachment":[{"href":"https:\/\/kuuloasi.fi\/sv\/wp-json\/wp\/v2\/media?parent=825"}],"wp:term":[{"taxonomy":"product_brand","embeddable":true,"href":"https:\/\/kuuloasi.fi\/sv\/wp-json\/wp\/v2\/product_brand?post=825"},{"taxonomy":"product_cat","embeddable":true,"href":"https:\/\/kuuloasi.fi\/sv\/wp-json\/wp\/v2\/product_cat?post=825"},{"taxonomy":"product_tag","embeddable":true,"href":"https:\/\/kuuloasi.fi\/sv\/wp-json\/wp\/v2\/product_tag?post=825"}],"curies":[{"name":"wp","href":"https:\/\/api.w.org\/{rel}","templated":true}]}}