{"id":819,"date":"2025-12-04T11:24:56","date_gmt":"2025-12-04T11:24:56","guid":{"rendered":"https:\/\/kuuloasi.fi\/?post_type=product&#038;p=819"},"modified":"2026-04-02T05:27:31","modified_gmt":"2026-04-02T05:27:31","slug":"kuulokojeen-turvanauha","status":"publish","type":"product","link":"https:\/\/kuuloasi.fi\/sv\/produkt\/kuulokojeen-turvanauha\/","title":{"rendered":"S\u00e4kerhetsrem f\u00f6r h\u00f6rapparat"},"content":{"rendered":"<p>S\u00e4kerhetsb\u00e4ltet \u00e4r mycket praktiskt och enkelt att anv\u00e4nda. Med silikon\u00f6glorna p\u00e5 bandet kan du f\u00e4sta h\u00f6rapparaten i bandet och med den praktiska kl\u00e4mman i andra \u00e4nden av bandet kan du f\u00e4sta bandet i t.ex. en skjortkrage. P\u00e5 s\u00e5 s\u00e4tt f\u00f6rhindrar du att h\u00f6rapparaten f\u00f6rsvinner. S\u00e4kerhetsremmen kan ocks\u00e5 anv\u00e4ndas med barn, vars h\u00f6rapparater l\u00e4tt kan ramla ur \u00f6ronen n\u00e4r de \u00e4r i full aktivitet. S\u00e4kerhetsremmen ser till att h\u00f6rapparaten inte faller l\u00e5ngt bort utan h\u00e4nger kvar p\u00e5 skjortkragen.<\/p>\n<p>&nbsp;<\/p>\n<p>F\u00f6rpackningen inneh\u00e5ller en kl\u00e4mma, en bruksanvisning och tv\u00e5 s\u00e4kerhetsremmar i olika l\u00e4ngder. Du kan alltid \u00e4ndra l\u00e4ngden p\u00e5 s\u00e4kerhetsremmen efter dina behov.<\/p>","protected":false},"excerpt":{"rendered":"<p>\u00c4r du orolig f\u00f6r att din h\u00f6rapparat ska ramla av n\u00e4r du idrottar eller g\u00f6r andra dagliga aktiviteter? Det beh\u00f6ver du inte oroa dig f\u00f6r. Med den h\u00e4r s\u00e4kerhetsremmen f\u00f6r h\u00f6rapparater kan du njuta av din aktivitet i lugn och ro utan att beh\u00f6va oroa dig f\u00f6r att h\u00f6rapparaten ska ramla av p\u00e5 v\u00e4gen.<\/p>","protected":false},"featured_media":820,"comment_status":"closed","ping_status":"closed","template":"","meta":{"_acf_changed":false},"product_brand":[],"product_cat":[25],"product_tag":[124,123],"class_list":{"0":"post-819","1":"product","2":"type-product","3":"status-publish","4":"has-post-thumbnail","6":"product_cat-muut-tuotteet","7":"product_tag-nauha","8":"product_tag-turvanauha","10":"first","11":"instock","12":"taxable","13":"shipping-taxable","14":"purchasable","15":"product-type-simple"},"acf":[],"yoast_head":"<!-- This site is optimized with the Yoast SEO plugin v27.4 - https:\/\/yoast.com\/product\/yoast-seo-wordpress\/ -->\n<title>Kuulokojeen turvanauha - kuuloasi.fi<\/title>\n<meta name=\"robots\" content=\"index, follow, max-snippet:-1, max-image-preview:large, max-video-preview:-1\" \/>\n<link rel=\"canonical\" href=\"https:\/\/kuuloasi.fi\/sv\/produkt\/kuulokojeen-turvanauha\/\" \/>\n<meta property=\"og:locale\" content=\"sv_SE\" \/>\n<meta property=\"og:type\" content=\"article\" \/>\n<meta property=\"og:title\" content=\"Kuulokojeen turvanauha - kuuloasi.fi\" \/>\n<meta property=\"og:description\" content=\"Pelk\u00e4\u00e4tk\u00f6, ett\u00e4 kuulokoje putoaa urheillessa tai muuten vain p\u00e4ivitt\u00e4isten askareiden yhteydess\u00e4? Ei h\u00e4t\u00e4\u00e4. T\u00e4ll\u00e4 kuulokojeen turvanauhalla voit rauhassa nauttia kulloisestakin aktiviteetista ilman huolta, ett\u00e4 kuulokoje putoaisi matkan varrelle.\" \/>\n<meta property=\"og:url\" content=\"https:\/\/kuuloasi.fi\/sv\/produkt\/kuulokojeen-turvanauha\/\" \/>\n<meta property=\"og:site_name\" content=\"kuuloasi.fi\" \/>\n<meta property=\"article:modified_time\" content=\"2026-04-02T05:27:31+00:00\" \/>\n<meta property=\"og:image\" content=\"https:\/\/kuuloasi.fi\/wp-content\/uploads\/2025\/12\/safeline-kuulolaitteiden-turvanauha-13_orig_ml.jpg\" \/>\n\t<meta property=\"og:image:width\" content=\"500\" \/>\n\t<meta property=\"og:image:height\" content=\"500\" \/>\n\t<meta property=\"og:image:type\" content=\"image\/jpeg\" \/>\n<meta name=\"twitter:card\" content=\"summary_large_image\" \/>\n<script type=\"application\/ld+json\" class=\"yoast-schema-graph\">{\"@context\":\"https:\\\/\\\/schema.org\",\"@graph\":[{\"@type\":\"WebPage\",\"@id\":\"https:\\\/\\\/kuuloasi.fi\\\/tuote\\\/kuulokojeen-turvanauha\\\/\",\"url\":\"https:\\\/\\\/kuuloasi.fi\\\/tuote\\\/kuulokojeen-turvanauha\\\/\",\"name\":\"Kuulokojeen turvanauha - kuuloasi.fi\",\"isPartOf\":{\"@id\":\"https:\\\/\\\/kuuloasi.fi\\\/#website\"},\"primaryImageOfPage\":{\"@id\":\"https:\\\/\\\/kuuloasi.fi\\\/tuote\\\/kuulokojeen-turvanauha\\\/#primaryimage\"},\"image\":{\"@id\":\"https:\\\/\\\/kuuloasi.fi\\\/tuote\\\/kuulokojeen-turvanauha\\\/#primaryimage\"},\"thumbnailUrl\":\"https:\\\/\\\/kuuloasi.fi\\\/wp-content\\\/uploads\\\/2025\\\/12\\\/safeline-kuulolaitteiden-turvanauha-13_orig_ml.jpg\",\"datePublished\":\"2025-12-04T11:24:56+00:00\",\"dateModified\":\"2026-04-02T05:27:31+00:00\",\"breadcrumb\":{\"@id\":\"https:\\\/\\\/kuuloasi.fi\\\/tuote\\\/kuulokojeen-turvanauha\\\/#breadcrumb\"},\"inLanguage\":\"sv-SE\",\"potentialAction\":[{\"@type\":\"ReadAction\",\"target\":[\"https:\\\/\\\/kuuloasi.fi\\\/tuote\\\/kuulokojeen-turvanauha\\\/\"]}]},{\"@type\":\"ImageObject\",\"inLanguage\":\"sv-SE\",\"@id\":\"https:\\\/\\\/kuuloasi.fi\\\/tuote\\\/kuulokojeen-turvanauha\\\/#primaryimage\",\"url\":\"https:\\\/\\\/kuuloasi.fi\\\/wp-content\\\/uploads\\\/2025\\\/12\\\/safeline-kuulolaitteiden-turvanauha-13_orig_ml.jpg\",\"contentUrl\":\"https:\\\/\\\/kuuloasi.fi\\\/wp-content\\\/uploads\\\/2025\\\/12\\\/safeline-kuulolaitteiden-turvanauha-13_orig_ml.jpg\",\"width\":500,\"height\":500},{\"@type\":\"BreadcrumbList\",\"@id\":\"https:\\\/\\\/kuuloasi.fi\\\/tuote\\\/kuulokojeen-turvanauha\\\/#breadcrumb\",\"itemListElement\":[{\"@type\":\"ListItem\",\"position\":1,\"name\":\"Etusivu\",\"item\":\"https:\\\/\\\/kuuloasi.fi\\\/\"},{\"@type\":\"ListItem\",\"position\":2,\"name\":\"Kauppa\",\"item\":\"https:\\\/\\\/kuuloasi.fi\\\/kauppa\\\/\"},{\"@type\":\"ListItem\",\"position\":3,\"name\":\"Kuulokojeen turvanauha\"}]},{\"@type\":\"WebSite\",\"@id\":\"https:\\\/\\\/kuuloasi.fi\\\/#website\",\"url\":\"https:\\\/\\\/kuuloasi.fi\\\/\",\"name\":\"kuuloasi.fi\",\"description\":\"\",\"potentialAction\":[{\"@type\":\"SearchAction\",\"target\":{\"@type\":\"EntryPoint\",\"urlTemplate\":\"https:\\\/\\\/kuuloasi.fi\\\/?s={search_term_string}\"},\"query-input\":{\"@type\":\"PropertyValueSpecification\",\"valueRequired\":true,\"valueName\":\"search_term_string\"}}],\"inLanguage\":\"sv-SE\"}]}<\/script>\n<!-- \/ Yoast SEO plugin. -->","yoast_head_json":{"title":"Kuulokojeen turvanauha - kuuloasi.fi","robots":{"index":"index","follow":"follow","max-snippet":"max-snippet:-1","max-image-preview":"max-image-preview:large","max-video-preview":"max-video-preview:-1"},"canonical":"https:\/\/kuuloasi.fi\/sv\/produkt\/kuulokojeen-turvanauha\/","og_locale":"sv_SE","og_type":"article","og_title":"Kuulokojeen turvanauha - kuuloasi.fi","og_description":"Pelk\u00e4\u00e4tk\u00f6, ett\u00e4 kuulokoje putoaa urheillessa tai muuten vain p\u00e4ivitt\u00e4isten askareiden yhteydess\u00e4? Ei h\u00e4t\u00e4\u00e4. T\u00e4ll\u00e4 kuulokojeen turvanauhalla voit rauhassa nauttia kulloisestakin aktiviteetista ilman huolta, ett\u00e4 kuulokoje putoaisi matkan varrelle.","og_url":"https:\/\/kuuloasi.fi\/sv\/produkt\/kuulokojeen-turvanauha\/","og_site_name":"kuuloasi.fi","article_modified_time":"2026-04-02T05:27:31+00:00","og_image":[{"width":500,"height":500,"url":"https:\/\/kuuloasi.fi\/wp-content\/uploads\/2025\/12\/safeline-kuulolaitteiden-turvanauha-13_orig_ml.jpg","type":"image\/jpeg"}],"twitter_card":"summary_large_image","schema":{"@context":"https:\/\/schema.org","@graph":[{"@type":"WebPage","@id":"https:\/\/kuuloasi.fi\/tuote\/kuulokojeen-turvanauha\/","url":"https:\/\/kuuloasi.fi\/tuote\/kuulokojeen-turvanauha\/","name":"Kuulokojeen turvanauha - kuuloasi.fi","isPartOf":{"@id":"https:\/\/kuuloasi.fi\/#website"},"primaryImageOfPage":{"@id":"https:\/\/kuuloasi.fi\/tuote\/kuulokojeen-turvanauha\/#primaryimage"},"image":{"@id":"https:\/\/kuuloasi.fi\/tuote\/kuulokojeen-turvanauha\/#primaryimage"},"thumbnailUrl":"https:\/\/kuuloasi.fi\/wp-content\/uploads\/2025\/12\/safeline-kuulolaitteiden-turvanauha-13_orig_ml.jpg","datePublished":"2025-12-04T11:24:56+00:00","dateModified":"2026-04-02T05:27:31+00:00","breadcrumb":{"@id":"https:\/\/kuuloasi.fi\/tuote\/kuulokojeen-turvanauha\/#breadcrumb"},"inLanguage":"sv-SE","potentialAction":[{"@type":"ReadAction","target":["https:\/\/kuuloasi.fi\/tuote\/kuulokojeen-turvanauha\/"]}]},{"@type":"ImageObject","inLanguage":"sv-SE","@id":"https:\/\/kuuloasi.fi\/tuote\/kuulokojeen-turvanauha\/#primaryimage","url":"https:\/\/kuuloasi.fi\/wp-content\/uploads\/2025\/12\/safeline-kuulolaitteiden-turvanauha-13_orig_ml.jpg","contentUrl":"https:\/\/kuuloasi.fi\/wp-content\/uploads\/2025\/12\/safeline-kuulolaitteiden-turvanauha-13_orig_ml.jpg","width":500,"height":500},{"@type":"BreadcrumbList","@id":"https:\/\/kuuloasi.fi\/tuote\/kuulokojeen-turvanauha\/#breadcrumb","itemListElement":[{"@type":"ListItem","position":1,"name":"Etusivu","item":"https:\/\/kuuloasi.fi\/"},{"@type":"ListItem","position":2,"name":"Kauppa","item":"https:\/\/kuuloasi.fi\/kauppa\/"},{"@type":"ListItem","position":3,"name":"Kuulokojeen turvanauha"}]},{"@type":"WebSite","@id":"https:\/\/kuuloasi.fi\/#website","url":"https:\/\/kuuloasi.fi\/","name":"h\u00f6rsel.co.uk","description":"","potentialAction":[{"@type":"SearchAction","target":{"@type":"EntryPoint","urlTemplate":"https:\/\/kuuloasi.fi\/?s={search_term_string}"},"query-input":{"@type":"PropertyValueSpecification","valueRequired":true,"valueName":"search_term_string"}}],"inLanguage":"sv-SE"}]}},"_links":{"self":[{"href":"https:\/\/kuuloasi.fi\/sv\/wp-json\/wp\/v2\/product\/819","targetHints":{"allow":["GET"]}}],"collection":[{"href":"https:\/\/kuuloasi.fi\/sv\/wp-json\/wp\/v2\/product"}],"about":[{"href":"https:\/\/kuuloasi.fi\/sv\/wp-json\/wp\/v2\/types\/product"}],"replies":[{"embeddable":true,"href":"https:\/\/kuuloasi.fi\/sv\/wp-json\/wp\/v2\/comments?post=819"}],"wp:featuredmedia":[{"embeddable":true,"href":"https:\/\/kuuloasi.fi\/sv\/wp-json\/wp\/v2\/media\/820"}],"wp:attachment":[{"href":"https:\/\/kuuloasi.fi\/sv\/wp-json\/wp\/v2\/media?parent=819"}],"wp:term":[{"taxonomy":"product_brand","embeddable":true,"href":"https:\/\/kuuloasi.fi\/sv\/wp-json\/wp\/v2\/product_brand?post=819"},{"taxonomy":"product_cat","embeddable":true,"href":"https:\/\/kuuloasi.fi\/sv\/wp-json\/wp\/v2\/product_cat?post=819"},{"taxonomy":"product_tag","embeddable":true,"href":"https:\/\/kuuloasi.fi\/sv\/wp-json\/wp\/v2\/product_tag?post=819"}],"curies":[{"name":"wp","href":"https:\/\/api.w.org\/{rel}","templated":true}]}}