{"id":818,"date":"2025-12-04T11:22:14","date_gmt":"2025-12-04T11:22:14","guid":{"rendered":"https:\/\/kuuloasi.fi\/?post_type=product&#038;p=818"},"modified":"2026-01-14T18:25:43","modified_gmt":"2026-01-14T18:25:43","slug":"yksilolliset-kuulosuojaimet","status":"publish","type":"product","link":"https:\/\/kuuloasi.fi\/sv\/produkt\/yksilolliset-kuulosuojaimet\/","title":{"rendered":"Individuella h\u00f6rselskydd"},"content":{"rendered":"<p>P\u00e5 festivaler och konserter ligger ljudtrycksniv\u00e5erna p\u00e5 cirka 90-100 decibel. Vid dessa decibelniv\u00e5er \u00e4r risken f\u00f6r h\u00f6rselskador \u00f6verh\u00e4ngande redan efter 15 minuters lyssnande. I allm\u00e4nhet varar festivaler och konserter i flera timmar, s\u00e5 risken f\u00f6r h\u00f6rselskador \u00e4r mycket h\u00f6g. Enbart den stora massan av m\u00e4nniskor h\u00f6jer decibelniv\u00e5n till farligt h\u00f6ga niv\u00e5er. Vi rekommenderar d\u00e4rf\u00f6r att du b\u00e4r h\u00f6rselskydd p\u00e5 alla konserter och musikevenemang.<\/p>\n<p>&nbsp;<\/p>\n<p>\u00c4ven p\u00e5 nattklubbar stiger decibelniv\u00e5erna ofta till niv\u00e5er som kan skada h\u00f6rseln. Folkmassor och musik h\u00f6jer ljudniv\u00e5n inomhus till mycket h\u00f6ga niv\u00e5er. Enligt m\u00e4tningar fr\u00e5n German Hearing Association (v\u00e5ren 2008) ligger den genomsnittliga ljudniv\u00e5n p\u00e5 restauranger p\u00e5 cirka 96 decibel. Redan en timme med 94 decibel \u00e4r skadligt f\u00f6r h\u00f6rseln och om ljudniv\u00e5n stiger till 100 decibel r\u00e4cker det med 15 minuter f\u00f6r att skada h\u00f6rseln. Bra akustik s\u00e4nker ljudniv\u00e5n i en restaurang, men det \u00e4r inget vi kan p\u00e5verka. Det enda vi kan g\u00f6ra \u00e4r att skydda v\u00e5r h\u00f6rsel och det kan vi g\u00f6ra p\u00e5 ett bekv\u00e4mt s\u00e4tt med personligt anpassade h\u00f6rselskydd.<\/p>\n<p>&nbsp;<\/p>\n<p>Inom musikhobbyn varierar ljudniv\u00e5erna mycket. Ofta stiger ljudniv\u00e5erna tillf\u00e4lligt \u00f6ver skadliga niv\u00e5er och om musiken spelas dagligen blir det p\u00e5 sikt en stor p\u00e5frestning f\u00f6r h\u00f6rseln. Olika instrument ger ocks\u00e5 upphov till olika ljud. Det \u00e4r t.ex. mycket viktigare f\u00f6r en trumslagare att skydda sin h\u00f6rsel \u00e4n f\u00f6r en violinist, eftersom slagljud \u00e4r mycket farligare \u00e4n j\u00e4mnt ljud. Vi rekommenderar att du anv\u00e4nder personligt anpassade bullerskydd f\u00f6r alla musikaktiviteter s\u00e5 att du kan njuta av musiken hela livet.<\/p>\n<p>&nbsp;<\/p>\n<p>Vid motorcykelk\u00f6rning kan ljudet fr\u00e5n sj\u00e4lva motorcykeln \u00f6verstiga 85 dB, men luftfl\u00f6det i hj\u00e4lmen kan ocks\u00e5 h\u00f6ja decibelniv\u00e5n till niv\u00e5er f\u00f6r h\u00f6rselskadade. Det finns flera faktorer som p\u00e5verkar bullerniv\u00e5n vid motorcykelk\u00f6rning (motorcykel, hj\u00e4lm, hastighet, k\u00f6rst\u00e4llning, v\u00e4gbel\u00e4ggning). Vid motorcykelk\u00f6rning \u00e4r det viktigt att h\u00f6rselskyddet sitter perfekt och mjukt i \u00f6rat s\u00e5 att det inte st\u00f6r \u00f6rat p\u00e5 n\u00e5got s\u00e4tt. Anpassade h\u00f6rselskydd \u00e4r den perfekta l\u00f6sningen f\u00f6r detta och du kan njuta av sommarens asfaltf\u00f6rbud utan n\u00e5gra bekymmer.<\/p>\n<p>&nbsp;<\/p>\n<p>H\u00f6rselskydden inkluderar en upps\u00e4ttning filter av m\u00e4rket Dm. Det finns ett antal olika filteralternativ och det beror alltid p\u00e5 i vilken situation h\u00f6rselskyddet beh\u00f6vs.  Som tillval finns h\u00f6rselskydden \u00e4ven tillg\u00e4ngliga separat med utbytbara filter och h\u00f6rlurar eller halsslingor som f\u00e4sts p\u00e5 skydden. Tabellen nedan visar d\u00e4mpningsniv\u00e5erna f\u00f6r de olika filtren. Beroende p\u00e5 situationen kan vi v\u00e4lja h\u00f6rselskydd med mer d\u00e4mpning av h\u00f6ga frekvenser eller mer d\u00e4mpning av l\u00e5ga frekvenser.<\/p>\n<p>&nbsp;<\/p>\n<p><img decoding=\"async\" src=\"https:\/\/www.kuuloasi.fi\/WebRoot\/vilkasfi03\/Shops\/2017112003\/MediaGallery\/musiikki_melusuoja_kaeyrae.png\" alt=\"Yksil\u00f6lliset kuulonsuojaimet\" data-pagespeed-url-hash=\"3111275542\" \/><\/p>\n<p>&nbsp;<\/p>\n<p>Du kan f\u00e5 dessa fantastiska h\u00f6rselskydd f\u00f6r 250 euro. Leveranstiden \u00e4r ca 3-4 veckor. Boka ett m\u00f6te med en av v\u00e5ra partners och be om mer information!<\/p>\n<p>&nbsp;<\/p>\n<p><strong><img decoding=\"async\" src=\"https:\/\/www.kuuloasi.fi\/WebRoot\/vilkasfi03\/Shops\/2017112003\/MediaGallery\/kuulostudio_logo.png\" alt=\"melusuojat\" data-pagespeed-url-hash=\"1306406870\" \/><\/strong><strong>Tfn. 050 5355 557<\/strong><strong><img decoding=\"async\" src=\"https:\/\/www.kuuloasi.fi\/WebRoot\/vilkasfi03\/Shops\/2017112003\/MediaGallery\/logo.png\" alt=\"Melusuojat\" data-pagespeed-url-hash=\"3230622059\" \/><\/strong><\/p>\n<p>&nbsp;<\/p>\n<p>&nbsp;<\/p>\n<p>Var v\u00e5ra partners finns:<\/p>\n<p>Vanda, Esbo, Lojo, Tammerfors, Bj\u00f6rneborg, Sein\u00e4joki.<\/p>","protected":false},"excerpt":{"rendered":"<p>Denna produkt kan inte s\u00e4ljas online eftersom den kr\u00e4ver modellering p\u00e5 plats. V\u00e4nligen boka en tid f\u00f6r en modellsession med v\u00e5ra partners p\u00e5 numret nedan:<\/p>\n<p><strong>Tfn. 050 5355 557<\/strong><\/p>","protected":false},"featured_media":804,"comment_status":"closed","ping_status":"closed","template":"","meta":{"_acf_changed":false},"product_brand":[],"product_cat":[23],"product_tag":[121,120],"class_list":{"0":"post-818","1":"product","2":"type-product","3":"status-publish","4":"has-post-thumbnail","6":"product_cat-kuulonsuojaus","7":"product_tag-korvatulppa","8":"product_tag-kuulonsuojaus","10":"first","11":"instock","12":"taxable","13":"shipping-taxable","14":"product-type-external"},"acf":[],"yoast_head":"<!-- This site is optimized with the Yoast SEO plugin v27.4 - https:\/\/yoast.com\/product\/yoast-seo-wordpress\/ -->\n<title>Yksil\u00f6lliset kuulosuojaimet - kuuloasi.fi<\/title>\n<meta name=\"robots\" content=\"index, follow, max-snippet:-1, max-image-preview:large, max-video-preview:-1\" \/>\n<link rel=\"canonical\" href=\"https:\/\/kuuloasi.fi\/sv\/produkt\/yksilolliset-kuulosuojaimet\/\" \/>\n<meta property=\"og:locale\" content=\"sv_SE\" \/>\n<meta property=\"og:type\" content=\"article\" \/>\n<meta property=\"og:title\" content=\"Yksil\u00f6lliset kuulosuojaimet - kuuloasi.fi\" \/>\n<meta property=\"og:description\" content=\"T\u00e4t\u00e4 tuotetta emme voi myyd\u00e4 verkossa sill\u00e4 se vaatii mallinoton paikanp\u00e4\u00e4ll\u00e4. Varaa aika mallinottoon yhteisty\u00f6kumppaneillemme numerosta:  Puh. 050 5355 557\" \/>\n<meta property=\"og:url\" content=\"https:\/\/kuuloasi.fi\/sv\/produkt\/yksilolliset-kuulosuojaimet\/\" \/>\n<meta property=\"og:site_name\" content=\"kuuloasi.fi\" \/>\n<meta property=\"article:modified_time\" content=\"2026-01-14T18:25:43+00:00\" \/>\n<meta property=\"og:image\" content=\"https:\/\/kuuloasi.fi\/wp-content\/uploads\/2025\/12\/biopor_ab_x_track_conchaform_mit_griff_schwarz.png\" \/>\n\t<meta property=\"og:image:width\" content=\"1000\" \/>\n\t<meta property=\"og:image:height\" content=\"1000\" \/>\n\t<meta property=\"og:image:type\" content=\"image\/png\" \/>\n<meta name=\"twitter:card\" content=\"summary_large_image\" \/>\n<meta name=\"twitter:label1\" content=\"Ber\u00e4knad l\u00e4stid\" \/>\n\t<meta name=\"twitter:data1\" content=\"2 minuter\" \/>\n<script type=\"application\/ld+json\" class=\"yoast-schema-graph\">{\"@context\":\"https:\\\/\\\/schema.org\",\"@graph\":[{\"@type\":\"WebPage\",\"@id\":\"https:\\\/\\\/kuuloasi.fi\\\/tuote\\\/yksilolliset-kuulosuojaimet\\\/\",\"url\":\"https:\\\/\\\/kuuloasi.fi\\\/tuote\\\/yksilolliset-kuulosuojaimet\\\/\",\"name\":\"Yksil\u00f6lliset kuulosuojaimet - kuuloasi.fi\",\"isPartOf\":{\"@id\":\"https:\\\/\\\/kuuloasi.fi\\\/#website\"},\"primaryImageOfPage\":{\"@id\":\"https:\\\/\\\/kuuloasi.fi\\\/tuote\\\/yksilolliset-kuulosuojaimet\\\/#primaryimage\"},\"image\":{\"@id\":\"https:\\\/\\\/kuuloasi.fi\\\/tuote\\\/yksilolliset-kuulosuojaimet\\\/#primaryimage\"},\"thumbnailUrl\":\"https:\\\/\\\/kuuloasi.fi\\\/wp-content\\\/uploads\\\/2025\\\/12\\\/biopor_ab_x_track_conchaform_mit_griff_schwarz.png\",\"datePublished\":\"2025-12-04T11:22:14+00:00\",\"dateModified\":\"2026-01-14T18:25:43+00:00\",\"breadcrumb\":{\"@id\":\"https:\\\/\\\/kuuloasi.fi\\\/tuote\\\/yksilolliset-kuulosuojaimet\\\/#breadcrumb\"},\"inLanguage\":\"sv-SE\",\"potentialAction\":[{\"@type\":\"ReadAction\",\"target\":[\"https:\\\/\\\/kuuloasi.fi\\\/tuote\\\/yksilolliset-kuulosuojaimet\\\/\"]}]},{\"@type\":\"ImageObject\",\"inLanguage\":\"sv-SE\",\"@id\":\"https:\\\/\\\/kuuloasi.fi\\\/tuote\\\/yksilolliset-kuulosuojaimet\\\/#primaryimage\",\"url\":\"https:\\\/\\\/kuuloasi.fi\\\/wp-content\\\/uploads\\\/2025\\\/12\\\/biopor_ab_x_track_conchaform_mit_griff_schwarz.png\",\"contentUrl\":\"https:\\\/\\\/kuuloasi.fi\\\/wp-content\\\/uploads\\\/2025\\\/12\\\/biopor_ab_x_track_conchaform_mit_griff_schwarz.png\",\"width\":1000,\"height\":1000,\"caption\":\"Kuulosuojaimet ja korvatulpat\"},{\"@type\":\"BreadcrumbList\",\"@id\":\"https:\\\/\\\/kuuloasi.fi\\\/tuote\\\/yksilolliset-kuulosuojaimet\\\/#breadcrumb\",\"itemListElement\":[{\"@type\":\"ListItem\",\"position\":1,\"name\":\"Etusivu\",\"item\":\"https:\\\/\\\/kuuloasi.fi\\\/\"},{\"@type\":\"ListItem\",\"position\":2,\"name\":\"Kauppa\",\"item\":\"https:\\\/\\\/kuuloasi.fi\\\/kauppa\\\/\"},{\"@type\":\"ListItem\",\"position\":3,\"name\":\"Yksil\u00f6lliset kuulosuojaimet\"}]},{\"@type\":\"WebSite\",\"@id\":\"https:\\\/\\\/kuuloasi.fi\\\/#website\",\"url\":\"https:\\\/\\\/kuuloasi.fi\\\/\",\"name\":\"kuuloasi.fi\",\"description\":\"\",\"potentialAction\":[{\"@type\":\"SearchAction\",\"target\":{\"@type\":\"EntryPoint\",\"urlTemplate\":\"https:\\\/\\\/kuuloasi.fi\\\/?s={search_term_string}\"},\"query-input\":{\"@type\":\"PropertyValueSpecification\",\"valueRequired\":true,\"valueName\":\"search_term_string\"}}],\"inLanguage\":\"sv-SE\"}]}<\/script>\n<!-- \/ Yoast SEO plugin. -->","yoast_head_json":{"title":"Yksil\u00f6lliset kuulosuojaimet - kuuloasi.fi","robots":{"index":"index","follow":"follow","max-snippet":"max-snippet:-1","max-image-preview":"max-image-preview:large","max-video-preview":"max-video-preview:-1"},"canonical":"https:\/\/kuuloasi.fi\/sv\/produkt\/yksilolliset-kuulosuojaimet\/","og_locale":"sv_SE","og_type":"article","og_title":"Yksil\u00f6lliset kuulosuojaimet - kuuloasi.fi","og_description":"T\u00e4t\u00e4 tuotetta emme voi myyd\u00e4 verkossa sill\u00e4 se vaatii mallinoton paikanp\u00e4\u00e4ll\u00e4. Varaa aika mallinottoon yhteisty\u00f6kumppaneillemme numerosta:  Puh. 050 5355 557","og_url":"https:\/\/kuuloasi.fi\/sv\/produkt\/yksilolliset-kuulosuojaimet\/","og_site_name":"kuuloasi.fi","article_modified_time":"2026-01-14T18:25:43+00:00","og_image":[{"width":1000,"height":1000,"url":"https:\/\/kuuloasi.fi\/wp-content\/uploads\/2025\/12\/biopor_ab_x_track_conchaform_mit_griff_schwarz.png","type":"image\/png"}],"twitter_card":"summary_large_image","twitter_misc":{"Ber\u00e4knad l\u00e4stid":"2 minuter"},"schema":{"@context":"https:\/\/schema.org","@graph":[{"@type":"WebPage","@id":"https:\/\/kuuloasi.fi\/tuote\/yksilolliset-kuulosuojaimet\/","url":"https:\/\/kuuloasi.fi\/tuote\/yksilolliset-kuulosuojaimet\/","name":"Yksil\u00f6lliset kuulosuojaimet - kuuloasi.fi","isPartOf":{"@id":"https:\/\/kuuloasi.fi\/#website"},"primaryImageOfPage":{"@id":"https:\/\/kuuloasi.fi\/tuote\/yksilolliset-kuulosuojaimet\/#primaryimage"},"image":{"@id":"https:\/\/kuuloasi.fi\/tuote\/yksilolliset-kuulosuojaimet\/#primaryimage"},"thumbnailUrl":"https:\/\/kuuloasi.fi\/wp-content\/uploads\/2025\/12\/biopor_ab_x_track_conchaform_mit_griff_schwarz.png","datePublished":"2025-12-04T11:22:14+00:00","dateModified":"2026-01-14T18:25:43+00:00","breadcrumb":{"@id":"https:\/\/kuuloasi.fi\/tuote\/yksilolliset-kuulosuojaimet\/#breadcrumb"},"inLanguage":"sv-SE","potentialAction":[{"@type":"ReadAction","target":["https:\/\/kuuloasi.fi\/tuote\/yksilolliset-kuulosuojaimet\/"]}]},{"@type":"ImageObject","inLanguage":"sv-SE","@id":"https:\/\/kuuloasi.fi\/tuote\/yksilolliset-kuulosuojaimet\/#primaryimage","url":"https:\/\/kuuloasi.fi\/wp-content\/uploads\/2025\/12\/biopor_ab_x_track_conchaform_mit_griff_schwarz.png","contentUrl":"https:\/\/kuuloasi.fi\/wp-content\/uploads\/2025\/12\/biopor_ab_x_track_conchaform_mit_griff_schwarz.png","width":1000,"height":1000,"caption":"Kuulosuojaimet ja korvatulpat"},{"@type":"BreadcrumbList","@id":"https:\/\/kuuloasi.fi\/tuote\/yksilolliset-kuulosuojaimet\/#breadcrumb","itemListElement":[{"@type":"ListItem","position":1,"name":"Etusivu","item":"https:\/\/kuuloasi.fi\/"},{"@type":"ListItem","position":2,"name":"Kauppa","item":"https:\/\/kuuloasi.fi\/kauppa\/"},{"@type":"ListItem","position":3,"name":"Yksil\u00f6lliset kuulosuojaimet"}]},{"@type":"WebSite","@id":"https:\/\/kuuloasi.fi\/#website","url":"https:\/\/kuuloasi.fi\/","name":"h\u00f6rsel.co.uk","description":"","potentialAction":[{"@type":"SearchAction","target":{"@type":"EntryPoint","urlTemplate":"https:\/\/kuuloasi.fi\/?s={search_term_string}"},"query-input":{"@type":"PropertyValueSpecification","valueRequired":true,"valueName":"search_term_string"}}],"inLanguage":"sv-SE"}]}},"_links":{"self":[{"href":"https:\/\/kuuloasi.fi\/sv\/wp-json\/wp\/v2\/product\/818","targetHints":{"allow":["GET"]}}],"collection":[{"href":"https:\/\/kuuloasi.fi\/sv\/wp-json\/wp\/v2\/product"}],"about":[{"href":"https:\/\/kuuloasi.fi\/sv\/wp-json\/wp\/v2\/types\/product"}],"replies":[{"embeddable":true,"href":"https:\/\/kuuloasi.fi\/sv\/wp-json\/wp\/v2\/comments?post=818"}],"wp:featuredmedia":[{"embeddable":true,"href":"https:\/\/kuuloasi.fi\/sv\/wp-json\/wp\/v2\/media\/804"}],"wp:attachment":[{"href":"https:\/\/kuuloasi.fi\/sv\/wp-json\/wp\/v2\/media?parent=818"}],"wp:term":[{"taxonomy":"product_brand","embeddable":true,"href":"https:\/\/kuuloasi.fi\/sv\/wp-json\/wp\/v2\/product_brand?post=818"},{"taxonomy":"product_cat","embeddable":true,"href":"https:\/\/kuuloasi.fi\/sv\/wp-json\/wp\/v2\/product_cat?post=818"},{"taxonomy":"product_tag","embeddable":true,"href":"https:\/\/kuuloasi.fi\/sv\/wp-json\/wp\/v2\/product_tag?post=818"}],"curies":[{"name":"wp","href":"https:\/\/api.w.org\/{rel}","templated":true}]}}