{"id":812,"date":"2025-12-04T11:17:50","date_gmt":"2025-12-04T11:17:50","guid":{"rendered":"https:\/\/kuuloasi.fi\/?post_type=product&#038;p=812"},"modified":"2026-01-14T18:26:03","modified_gmt":"2026-01-14T18:26:03","slug":"yksilolliset-kuulosuojaimet-lentokoneeseen","status":"publish","type":"product","link":"https:\/\/kuuloasi.fi\/sv\/produkt\/yksilolliset-kuulosuojaimet-lentokoneeseen\/","title":{"rendered":"Individuella h\u00f6rselskydd f\u00f6r flygplan"},"content":{"rendered":"<p>Dessa SkyComfort-h\u00f6rselskydd \u00e4r utformade f\u00f6r flygresor. Med sitt SANOHRA Fly-filter hj\u00e4lper h\u00f6rselskydden dina \u00f6ron att utj\u00e4mna trycket under flygningen. Detta \u00e4r s\u00e4rskilt anv\u00e4ndbart vid start och landning n\u00e4r lufttrycket varierar som mest. Filtren absorberar ocks\u00e5 obehagligt h\u00f6gt bakgrundsljud, t.ex. ljudet fr\u00e5n motorer och turbiner. Filtren sl\u00e4pper dock fortfarande igenom tal, s\u00e5 kommunikationen med medpassagerare g\u00e5r smidigt och du kan fortfarande h\u00f6ra alla flygplansmeddelanden. Med dessa smarta filter kan du beh\u00e5lla dina h\u00f6rselskydd i \u00f6ronen under hela flygningen, vilket ocks\u00e5 \u00e4r det b\u00e4sta alternativet f\u00f6r tryckutj\u00e4mning. Om du \u00e4nd\u00e5 vill ta av dig h\u00f6rselskydden under flygningen rekommenderar vi att du g\u00f6r det f\u00f6rst n\u00e4r flygplanet har n\u00e5tt sin marschh\u00f6jd. Du b\u00f6r s\u00e4tta p\u00e5 dig dem igen minst en timme f\u00f6re landning, innan flygplanet b\u00f6rjar sjunka avsev\u00e4rt i h\u00f6jd. Tabellerna nedan visar bl.a. hur filtren f\u00f6rl\u00e4nger tryckfluktuationstiden i \u00f6ronen. En annan tabell visar hur mycket \u00f6ronpropparna minskar bakgrundsljudet.<\/p>\n<p>&nbsp;<\/p>\n<p><img decoding=\"async\" src=\"https:\/\/www.kuuloasi.fi\/WebRoot\/vilkasfi03\/Shops\/2017112003\/MediaGallery\/2021-01-08_8.png\" alt=\"korvatulpat lentokoneeseen\" data-pagespeed-url-hash=\"1804923176\" \/><\/p>\n<p>&nbsp;<\/p>\n<p><img decoding=\"async\" src=\"https:\/\/www.kuuloasi.fi\/WebRoot\/vilkasfi03\/Shops\/2017112003\/MediaGallery\/2021-01-08_4.png\" alt=\"lentotulpat\" data-pagespeed-url-hash=\"626923492\" \/><\/p>\n<p>&nbsp;<\/p>\n<p>Tack vare sin unika konstruktion passar dessa h\u00f6rselskydd perfekt i \u00f6rat och \u00e4r mycket bekv\u00e4ma att b\u00e4ra. Det mjuka silikonet irriterar inte \u00f6rat och k\u00e4nns inte obekv\u00e4mt under resan. Det g\u00f6r att du kan ha p\u00e5 dig h\u00f6rselskyddet under hela resan. \u00d6ronproppar som k\u00f6ps i aff\u00e4ren eller \u00f6ronproppar f\u00f6r flygning \u00e4r inte individuellt tillverkade, s\u00e5 de passar inte alla \u00f6ron.<\/p>\n<p>&nbsp;<\/p>\n<p>Unna dig en avkopplande och bekv\u00e4m flygresa utan distraktioner. K\u00f6p dessa fantastiska h\u00f6rselskydd f\u00f6r 210 euro. Leveranstiden \u00e4r ca 3-4 veckor. Boka en tid f\u00f6r utprovning hos n\u00e5gon av v\u00e5ra partners och be om mer information!<\/p>\n<p>&nbsp;<\/p>\n<p><strong><img decoding=\"async\" src=\"https:\/\/www.kuuloasi.fi\/WebRoot\/vilkasfi03\/Shops\/2017112003\/MediaGallery\/kuulostudio_logo.png\" alt=\"kuulonsuojaimet\" data-pagespeed-url-hash=\"1306406870\" \/><\/strong><strong>Tfn. 050 5355 557<\/strong><strong><img decoding=\"async\" src=\"https:\/\/www.kuuloasi.fi\/WebRoot\/vilkasfi03\/Shops\/2017112003\/MediaGallery\/logo.png\" alt=\"kuulonsuojaimet\" data-pagespeed-url-hash=\"3230622059\" \/><\/strong><\/p>\n<p>&nbsp;<\/p>\n<p>&nbsp;<\/p>\n<p>Var v\u00e5ra partners finns:<\/p>\n<p>Vanda, Esbo, Lojo, Tammerfors, Bj\u00f6rneborg, Sein\u00e4joki.<\/p>","protected":false},"excerpt":{"rendered":"<p>Denna produkt kan inte s\u00e4ljas online eftersom den kr\u00e4ver modellering p\u00e5 plats. V\u00e4nligen boka en tid f\u00f6r en modellsession med v\u00e5ra partners p\u00e5 numret nedan:<\/p>\n<p><strong>Tfn. 050 5355 557<\/strong><\/p>","protected":false},"featured_media":813,"comment_status":"closed","ping_status":"closed","template":"","meta":{"_acf_changed":false},"product_brand":[],"product_cat":[23],"product_tag":[121,120],"class_list":{"0":"post-812","1":"product","2":"type-product","3":"status-publish","4":"has-post-thumbnail","6":"product_cat-kuulonsuojaus","7":"product_tag-korvatulppa","8":"product_tag-kuulonsuojaus","10":"first","11":"instock","12":"taxable","13":"shipping-taxable","14":"product-type-external"},"acf":[],"yoast_head":"<!-- This site is optimized with the Yoast SEO plugin v27.4 - https:\/\/yoast.com\/product\/yoast-seo-wordpress\/ -->\n<title>Yksil\u00f6lliset kuulosuojaimet lentokoneeseen - kuuloasi.fi<\/title>\n<meta name=\"robots\" content=\"index, follow, max-snippet:-1, max-image-preview:large, max-video-preview:-1\" \/>\n<link rel=\"canonical\" href=\"https:\/\/kuuloasi.fi\/sv\/produkt\/yksilolliset-kuulosuojaimet-lentokoneeseen\/\" \/>\n<meta property=\"og:locale\" content=\"sv_SE\" \/>\n<meta property=\"og:type\" content=\"article\" \/>\n<meta property=\"og:title\" content=\"Yksil\u00f6lliset kuulosuojaimet lentokoneeseen - kuuloasi.fi\" \/>\n<meta property=\"og:description\" content=\"T\u00e4t\u00e4 tuotetta emme voi myyd\u00e4 verkossa sill\u00e4 se vaatii mallinoton paikanp\u00e4\u00e4ll\u00e4. Varaa aika mallinottoon yhteisty\u00f6kumppaneillemme numerosta:  Puh. 050 5355 557\" \/>\n<meta property=\"og:url\" content=\"https:\/\/kuuloasi.fi\/sv\/produkt\/yksilolliset-kuulosuojaimet-lentokoneeseen\/\" \/>\n<meta property=\"og:site_name\" content=\"kuuloasi.fi\" \/>\n<meta property=\"article:modified_time\" content=\"2026-01-14T18:26:03+00:00\" \/>\n<meta property=\"og:image\" content=\"https:\/\/kuuloasi.fi\/wp-content\/uploads\/2025\/12\/165-19_ab40da_skycomfort_conchaform.png\" \/>\n\t<meta property=\"og:image:width\" content=\"640\" \/>\n\t<meta property=\"og:image:height\" content=\"360\" \/>\n\t<meta property=\"og:image:type\" content=\"image\/png\" \/>\n<meta name=\"twitter:card\" content=\"summary_large_image\" \/>\n<meta name=\"twitter:label1\" content=\"Ber\u00e4knad l\u00e4stid\" \/>\n\t<meta name=\"twitter:data1\" content=\"1 minut\" \/>\n<script type=\"application\/ld+json\" class=\"yoast-schema-graph\">{\"@context\":\"https:\\\/\\\/schema.org\",\"@graph\":[{\"@type\":\"WebPage\",\"@id\":\"https:\\\/\\\/kuuloasi.fi\\\/tuote\\\/yksilolliset-kuulosuojaimet-lentokoneeseen\\\/\",\"url\":\"https:\\\/\\\/kuuloasi.fi\\\/tuote\\\/yksilolliset-kuulosuojaimet-lentokoneeseen\\\/\",\"name\":\"Yksil\u00f6lliset kuulosuojaimet lentokoneeseen - kuuloasi.fi\",\"isPartOf\":{\"@id\":\"https:\\\/\\\/kuuloasi.fi\\\/#website\"},\"primaryImageOfPage\":{\"@id\":\"https:\\\/\\\/kuuloasi.fi\\\/tuote\\\/yksilolliset-kuulosuojaimet-lentokoneeseen\\\/#primaryimage\"},\"image\":{\"@id\":\"https:\\\/\\\/kuuloasi.fi\\\/tuote\\\/yksilolliset-kuulosuojaimet-lentokoneeseen\\\/#primaryimage\"},\"thumbnailUrl\":\"https:\\\/\\\/kuuloasi.fi\\\/wp-content\\\/uploads\\\/2025\\\/12\\\/165-19_ab40da_skycomfort_conchaform.png\",\"datePublished\":\"2025-12-04T11:17:50+00:00\",\"dateModified\":\"2026-01-14T18:26:03+00:00\",\"breadcrumb\":{\"@id\":\"https:\\\/\\\/kuuloasi.fi\\\/tuote\\\/yksilolliset-kuulosuojaimet-lentokoneeseen\\\/#breadcrumb\"},\"inLanguage\":\"sv-SE\",\"potentialAction\":[{\"@type\":\"ReadAction\",\"target\":[\"https:\\\/\\\/kuuloasi.fi\\\/tuote\\\/yksilolliset-kuulosuojaimet-lentokoneeseen\\\/\"]}]},{\"@type\":\"ImageObject\",\"inLanguage\":\"sv-SE\",\"@id\":\"https:\\\/\\\/kuuloasi.fi\\\/tuote\\\/yksilolliset-kuulosuojaimet-lentokoneeseen\\\/#primaryimage\",\"url\":\"https:\\\/\\\/kuuloasi.fi\\\/wp-content\\\/uploads\\\/2025\\\/12\\\/165-19_ab40da_skycomfort_conchaform.png\",\"contentUrl\":\"https:\\\/\\\/kuuloasi.fi\\\/wp-content\\\/uploads\\\/2025\\\/12\\\/165-19_ab40da_skycomfort_conchaform.png\",\"width\":640,\"height\":360},{\"@type\":\"BreadcrumbList\",\"@id\":\"https:\\\/\\\/kuuloasi.fi\\\/tuote\\\/yksilolliset-kuulosuojaimet-lentokoneeseen\\\/#breadcrumb\",\"itemListElement\":[{\"@type\":\"ListItem\",\"position\":1,\"name\":\"Etusivu\",\"item\":\"https:\\\/\\\/kuuloasi.fi\\\/\"},{\"@type\":\"ListItem\",\"position\":2,\"name\":\"Kauppa\",\"item\":\"https:\\\/\\\/kuuloasi.fi\\\/kauppa\\\/\"},{\"@type\":\"ListItem\",\"position\":3,\"name\":\"Yksil\u00f6lliset kuulosuojaimet lentokoneeseen\"}]},{\"@type\":\"WebSite\",\"@id\":\"https:\\\/\\\/kuuloasi.fi\\\/#website\",\"url\":\"https:\\\/\\\/kuuloasi.fi\\\/\",\"name\":\"kuuloasi.fi\",\"description\":\"\",\"potentialAction\":[{\"@type\":\"SearchAction\",\"target\":{\"@type\":\"EntryPoint\",\"urlTemplate\":\"https:\\\/\\\/kuuloasi.fi\\\/?s={search_term_string}\"},\"query-input\":{\"@type\":\"PropertyValueSpecification\",\"valueRequired\":true,\"valueName\":\"search_term_string\"}}],\"inLanguage\":\"sv-SE\"}]}<\/script>\n<!-- \/ Yoast SEO plugin. -->","yoast_head_json":{"title":"Yksil\u00f6lliset kuulosuojaimet lentokoneeseen - kuuloasi.fi","robots":{"index":"index","follow":"follow","max-snippet":"max-snippet:-1","max-image-preview":"max-image-preview:large","max-video-preview":"max-video-preview:-1"},"canonical":"https:\/\/kuuloasi.fi\/sv\/produkt\/yksilolliset-kuulosuojaimet-lentokoneeseen\/","og_locale":"sv_SE","og_type":"article","og_title":"Yksil\u00f6lliset kuulosuojaimet lentokoneeseen - kuuloasi.fi","og_description":"T\u00e4t\u00e4 tuotetta emme voi myyd\u00e4 verkossa sill\u00e4 se vaatii mallinoton paikanp\u00e4\u00e4ll\u00e4. Varaa aika mallinottoon yhteisty\u00f6kumppaneillemme numerosta:  Puh. 050 5355 557","og_url":"https:\/\/kuuloasi.fi\/sv\/produkt\/yksilolliset-kuulosuojaimet-lentokoneeseen\/","og_site_name":"kuuloasi.fi","article_modified_time":"2026-01-14T18:26:03+00:00","og_image":[{"width":640,"height":360,"url":"https:\/\/kuuloasi.fi\/wp-content\/uploads\/2025\/12\/165-19_ab40da_skycomfort_conchaform.png","type":"image\/png"}],"twitter_card":"summary_large_image","twitter_misc":{"Ber\u00e4knad l\u00e4stid":"1 minut"},"schema":{"@context":"https:\/\/schema.org","@graph":[{"@type":"WebPage","@id":"https:\/\/kuuloasi.fi\/tuote\/yksilolliset-kuulosuojaimet-lentokoneeseen\/","url":"https:\/\/kuuloasi.fi\/tuote\/yksilolliset-kuulosuojaimet-lentokoneeseen\/","name":"Yksil\u00f6lliset kuulosuojaimet lentokoneeseen - kuuloasi.fi","isPartOf":{"@id":"https:\/\/kuuloasi.fi\/#website"},"primaryImageOfPage":{"@id":"https:\/\/kuuloasi.fi\/tuote\/yksilolliset-kuulosuojaimet-lentokoneeseen\/#primaryimage"},"image":{"@id":"https:\/\/kuuloasi.fi\/tuote\/yksilolliset-kuulosuojaimet-lentokoneeseen\/#primaryimage"},"thumbnailUrl":"https:\/\/kuuloasi.fi\/wp-content\/uploads\/2025\/12\/165-19_ab40da_skycomfort_conchaform.png","datePublished":"2025-12-04T11:17:50+00:00","dateModified":"2026-01-14T18:26:03+00:00","breadcrumb":{"@id":"https:\/\/kuuloasi.fi\/tuote\/yksilolliset-kuulosuojaimet-lentokoneeseen\/#breadcrumb"},"inLanguage":"sv-SE","potentialAction":[{"@type":"ReadAction","target":["https:\/\/kuuloasi.fi\/tuote\/yksilolliset-kuulosuojaimet-lentokoneeseen\/"]}]},{"@type":"ImageObject","inLanguage":"sv-SE","@id":"https:\/\/kuuloasi.fi\/tuote\/yksilolliset-kuulosuojaimet-lentokoneeseen\/#primaryimage","url":"https:\/\/kuuloasi.fi\/wp-content\/uploads\/2025\/12\/165-19_ab40da_skycomfort_conchaform.png","contentUrl":"https:\/\/kuuloasi.fi\/wp-content\/uploads\/2025\/12\/165-19_ab40da_skycomfort_conchaform.png","width":640,"height":360},{"@type":"BreadcrumbList","@id":"https:\/\/kuuloasi.fi\/tuote\/yksilolliset-kuulosuojaimet-lentokoneeseen\/#breadcrumb","itemListElement":[{"@type":"ListItem","position":1,"name":"Etusivu","item":"https:\/\/kuuloasi.fi\/"},{"@type":"ListItem","position":2,"name":"Kauppa","item":"https:\/\/kuuloasi.fi\/kauppa\/"},{"@type":"ListItem","position":3,"name":"Yksil\u00f6lliset kuulosuojaimet lentokoneeseen"}]},{"@type":"WebSite","@id":"https:\/\/kuuloasi.fi\/#website","url":"https:\/\/kuuloasi.fi\/","name":"h\u00f6rsel.co.uk","description":"","potentialAction":[{"@type":"SearchAction","target":{"@type":"EntryPoint","urlTemplate":"https:\/\/kuuloasi.fi\/?s={search_term_string}"},"query-input":{"@type":"PropertyValueSpecification","valueRequired":true,"valueName":"search_term_string"}}],"inLanguage":"sv-SE"}]}},"_links":{"self":[{"href":"https:\/\/kuuloasi.fi\/sv\/wp-json\/wp\/v2\/product\/812","targetHints":{"allow":["GET"]}}],"collection":[{"href":"https:\/\/kuuloasi.fi\/sv\/wp-json\/wp\/v2\/product"}],"about":[{"href":"https:\/\/kuuloasi.fi\/sv\/wp-json\/wp\/v2\/types\/product"}],"replies":[{"embeddable":true,"href":"https:\/\/kuuloasi.fi\/sv\/wp-json\/wp\/v2\/comments?post=812"}],"wp:featuredmedia":[{"embeddable":true,"href":"https:\/\/kuuloasi.fi\/sv\/wp-json\/wp\/v2\/media\/813"}],"wp:attachment":[{"href":"https:\/\/kuuloasi.fi\/sv\/wp-json\/wp\/v2\/media?parent=812"}],"wp:term":[{"taxonomy":"product_brand","embeddable":true,"href":"https:\/\/kuuloasi.fi\/sv\/wp-json\/wp\/v2\/product_brand?post=812"},{"taxonomy":"product_cat","embeddable":true,"href":"https:\/\/kuuloasi.fi\/sv\/wp-json\/wp\/v2\/product_cat?post=812"},{"taxonomy":"product_tag","embeddable":true,"href":"https:\/\/kuuloasi.fi\/sv\/wp-json\/wp\/v2\/product_tag?post=812"}],"curies":[{"name":"wp","href":"https:\/\/api.w.org\/{rel}","templated":true}]}}