{"id":803,"date":"2025-12-04T11:13:40","date_gmt":"2025-12-04T11:13:40","guid":{"rendered":"https:\/\/kuuloasi.fi\/?post_type=product&#038;p=803"},"modified":"2026-01-14T18:25:35","modified_gmt":"2026-01-14T18:25:35","slug":"yksilolliset-kuulosuojaimet-teollisuuteen","status":"publish","type":"product","link":"https:\/\/kuuloasi.fi\/sv\/produkt\/yksilolliset-kuulosuojaimet-teollisuuteen\/","title":{"rendered":"Individuella h\u00f6rselskydd f\u00f6r industrin"},"content":{"rendered":"<p>P\u00e5 jobbet uts\u00e4tts vi ofta f\u00f6r olika ljud som p\u00e5 sikt kan skada h\u00f6rseln. Om den genomsnittliga kontinuerliga bullerniv\u00e5n p\u00e5 80 dB \u00f6verskrids m\u00e5ste arbetsgivaren f\u00f6rse arbetstagarna med l\u00e4mpligt bullerskydd. Med v\u00e5ra professionella h\u00f6rselskydd erbjuder vi dig den b\u00e4sta l\u00f6sningen f\u00f6r att minimera och undvika eventuella obehag som tinnitus, stress, h\u00f6gt blodtryck eller huvudv\u00e4rk.<\/p>\n<p>&nbsp;<\/p>\n<p>H\u00f6rselskydd skyddar dig mot buller och d\u00e4rmed mot allvarliga h\u00f6rselskador. De \u00e4r s\u00e4rskilt l\u00e4mpliga f\u00f6r bullriga arbetsmilj\u00f6er och motorcykling, till exempel. De mjuka och flexibla h\u00f6rselskydden \u00e4r skr\u00e4ddarsydda f\u00f6r att passa b\u00e4raren perfekt. Du kan v\u00e4lja den f\u00e4rg du vill ha bland ett stort antal alternativ. H\u00f6rselskydden finns i tv\u00e5 olika material; akryl, som \u00e4r h\u00e5rt och styvt i \u00f6rat, och silikon, som \u00e4r ett mjukt och flexibelt material. Silikon \u00e4r mycket bekv\u00e4mt att b\u00e4ra p\u00e5 grund av sin flexibilitet.<\/p>\n<p>&nbsp;<\/p>\n<p>H\u00f6rselskydden inneh\u00e5ller en upps\u00e4ttning filter av m\u00e4rket Dm. D\u00e4mpningsalternativen f\u00f6r filtren \u00e4r 15dB, 20dB eller 25dB. Tabellen nedan visar d\u00e4mpningsniv\u00e5erna f\u00f6r 20dB- och 25dB-filtren. Dessa tv\u00e5 filter rekommenderas f\u00f6r industriella till\u00e4mpningar. Som tillval finns h\u00f6rselskydden \u00e4ven tillg\u00e4ngliga separat med utbytbara filter och h\u00f6rlurar eller nackband att f\u00e4sta p\u00e5 skydden.<\/p>\n<p><img decoding=\"async\" src=\"https:\/\/www.kuuloasi.fi\/WebRoot\/vilkasfi03\/Shops\/2017112003\/MediaGallery\/Melusuoja_kaeyraet.png\" alt=\"yksil\u00f6lliset melusuojat\" data-pagespeed-url-hash=\"4237233639\" \/><\/p>\n<p>&nbsp;<\/p>\n<p>Du kan f\u00e5 dessa fantastiska h\u00f6rselskydd f\u00f6r 250 euro. Leveranstiden \u00e4r ca 3-4 veckor. Boka ett m\u00f6te med en av v\u00e5ra partners och be om mer information!<\/p>\n<p>&nbsp;<\/p>\n<p><strong><img decoding=\"async\" src=\"https:\/\/www.kuuloasi.fi\/WebRoot\/vilkasfi03\/Shops\/2017112003\/MediaGallery\/kuulostudio_logo.png\" alt=\"melusuojat\" data-pagespeed-url-hash=\"2628586393\" \/><\/strong><strong>Tfn. 050 5355 557<\/strong><strong><img decoding=\"async\" src=\"https:\/\/www.kuuloasi.fi\/WebRoot\/vilkasfi03\/Shops\/2017112003\/MediaGallery\/logo.png\" alt=\"Melusuojat\" data-pagespeed-url-hash=\"4041192030\" \/><\/strong><\/p>\n<p>&nbsp;<\/p>\n<p>&nbsp;<\/p>\n<p>Var v\u00e5ra partners finns:<\/p>\n<p>Vanda, Esbo, Lojo, Tammerfors, Bj\u00f6rneborg, Sein\u00e4joki.<\/p>","protected":false},"excerpt":{"rendered":"<p>Denna produkt kan inte s\u00e4ljas online eftersom den kr\u00e4ver modellering p\u00e5 plats. V\u00e4nligen boka en tid f\u00f6r en modellsession med v\u00e5ra partners p\u00e5 numret nedan:<\/p>\n<p><strong>Tfn. 050 5355 557<\/strong><\/p>","protected":false},"featured_media":804,"comment_status":"closed","ping_status":"closed","template":"","meta":{"_acf_changed":false},"product_brand":[],"product_cat":[23],"product_tag":[121,120],"class_list":{"0":"post-803","1":"product","2":"type-product","3":"status-publish","4":"has-post-thumbnail","6":"product_cat-kuulonsuojaus","7":"product_tag-korvatulppa","8":"product_tag-kuulonsuojaus","10":"first","11":"instock","12":"taxable","13":"shipping-taxable","14":"product-type-external"},"acf":[],"yoast_head":"<!-- This site is optimized with the Yoast SEO plugin v27.4 - https:\/\/yoast.com\/product\/yoast-seo-wordpress\/ -->\n<title>Yksil\u00f6lliset kuulosuojaimet teollisuuteen - kuuloasi.fi<\/title>\n<meta name=\"robots\" content=\"index, follow, max-snippet:-1, max-image-preview:large, max-video-preview:-1\" \/>\n<link rel=\"canonical\" href=\"https:\/\/kuuloasi.fi\/sv\/produkt\/yksilolliset-kuulosuojaimet-teollisuuteen\/\" \/>\n<meta property=\"og:locale\" content=\"sv_SE\" \/>\n<meta property=\"og:type\" content=\"article\" \/>\n<meta property=\"og:title\" content=\"Yksil\u00f6lliset kuulosuojaimet teollisuuteen - kuuloasi.fi\" \/>\n<meta property=\"og:description\" content=\"T\u00e4t\u00e4 tuotetta emme voi myyd\u00e4 verkossa sill\u00e4 se vaatii mallinoton paikanp\u00e4\u00e4ll\u00e4. Varaa aika mallinottoon yhteisty\u00f6kumppaneillemme numerosta:  Puh. 050 5355 557\" \/>\n<meta property=\"og:url\" content=\"https:\/\/kuuloasi.fi\/sv\/produkt\/yksilolliset-kuulosuojaimet-teollisuuteen\/\" \/>\n<meta property=\"og:site_name\" content=\"kuuloasi.fi\" \/>\n<meta property=\"article:modified_time\" content=\"2026-01-14T18:25:35+00:00\" \/>\n<meta property=\"og:image\" content=\"https:\/\/kuuloasi.fi\/wp-content\/uploads\/2025\/12\/biopor_ab_x_track_conchaform_mit_griff_schwarz.png\" \/>\n\t<meta property=\"og:image:width\" content=\"1000\" \/>\n\t<meta property=\"og:image:height\" content=\"1000\" \/>\n\t<meta property=\"og:image:type\" content=\"image\/png\" \/>\n<meta name=\"twitter:card\" content=\"summary_large_image\" \/>\n<meta name=\"twitter:label1\" content=\"Ber\u00e4knad l\u00e4stid\" \/>\n\t<meta name=\"twitter:data1\" content=\"1 minut\" \/>\n<script type=\"application\/ld+json\" class=\"yoast-schema-graph\">{\"@context\":\"https:\\\/\\\/schema.org\",\"@graph\":[{\"@type\":\"WebPage\",\"@id\":\"https:\\\/\\\/kuuloasi.fi\\\/tuote\\\/yksilolliset-kuulosuojaimet-teollisuuteen\\\/\",\"url\":\"https:\\\/\\\/kuuloasi.fi\\\/tuote\\\/yksilolliset-kuulosuojaimet-teollisuuteen\\\/\",\"name\":\"Yksil\u00f6lliset kuulosuojaimet teollisuuteen - kuuloasi.fi\",\"isPartOf\":{\"@id\":\"https:\\\/\\\/kuuloasi.fi\\\/#website\"},\"primaryImageOfPage\":{\"@id\":\"https:\\\/\\\/kuuloasi.fi\\\/tuote\\\/yksilolliset-kuulosuojaimet-teollisuuteen\\\/#primaryimage\"},\"image\":{\"@id\":\"https:\\\/\\\/kuuloasi.fi\\\/tuote\\\/yksilolliset-kuulosuojaimet-teollisuuteen\\\/#primaryimage\"},\"thumbnailUrl\":\"https:\\\/\\\/kuuloasi.fi\\\/wp-content\\\/uploads\\\/2025\\\/12\\\/biopor_ab_x_track_conchaform_mit_griff_schwarz.png\",\"datePublished\":\"2025-12-04T11:13:40+00:00\",\"dateModified\":\"2026-01-14T18:25:35+00:00\",\"breadcrumb\":{\"@id\":\"https:\\\/\\\/kuuloasi.fi\\\/tuote\\\/yksilolliset-kuulosuojaimet-teollisuuteen\\\/#breadcrumb\"},\"inLanguage\":\"sv-SE\",\"potentialAction\":[{\"@type\":\"ReadAction\",\"target\":[\"https:\\\/\\\/kuuloasi.fi\\\/tuote\\\/yksilolliset-kuulosuojaimet-teollisuuteen\\\/\"]}]},{\"@type\":\"ImageObject\",\"inLanguage\":\"sv-SE\",\"@id\":\"https:\\\/\\\/kuuloasi.fi\\\/tuote\\\/yksilolliset-kuulosuojaimet-teollisuuteen\\\/#primaryimage\",\"url\":\"https:\\\/\\\/kuuloasi.fi\\\/wp-content\\\/uploads\\\/2025\\\/12\\\/biopor_ab_x_track_conchaform_mit_griff_schwarz.png\",\"contentUrl\":\"https:\\\/\\\/kuuloasi.fi\\\/wp-content\\\/uploads\\\/2025\\\/12\\\/biopor_ab_x_track_conchaform_mit_griff_schwarz.png\",\"width\":1000,\"height\":1000,\"caption\":\"Kuulosuojaimet ja korvatulpat\"},{\"@type\":\"BreadcrumbList\",\"@id\":\"https:\\\/\\\/kuuloasi.fi\\\/tuote\\\/yksilolliset-kuulosuojaimet-teollisuuteen\\\/#breadcrumb\",\"itemListElement\":[{\"@type\":\"ListItem\",\"position\":1,\"name\":\"Etusivu\",\"item\":\"https:\\\/\\\/kuuloasi.fi\\\/\"},{\"@type\":\"ListItem\",\"position\":2,\"name\":\"Kauppa\",\"item\":\"https:\\\/\\\/kuuloasi.fi\\\/kauppa\\\/\"},{\"@type\":\"ListItem\",\"position\":3,\"name\":\"Yksil\u00f6lliset kuulosuojaimet teollisuuteen\"}]},{\"@type\":\"WebSite\",\"@id\":\"https:\\\/\\\/kuuloasi.fi\\\/#website\",\"url\":\"https:\\\/\\\/kuuloasi.fi\\\/\",\"name\":\"kuuloasi.fi\",\"description\":\"\",\"potentialAction\":[{\"@type\":\"SearchAction\",\"target\":{\"@type\":\"EntryPoint\",\"urlTemplate\":\"https:\\\/\\\/kuuloasi.fi\\\/?s={search_term_string}\"},\"query-input\":{\"@type\":\"PropertyValueSpecification\",\"valueRequired\":true,\"valueName\":\"search_term_string\"}}],\"inLanguage\":\"sv-SE\"}]}<\/script>\n<!-- \/ Yoast SEO plugin. -->","yoast_head_json":{"title":"Yksil\u00f6lliset kuulosuojaimet teollisuuteen - kuuloasi.fi","robots":{"index":"index","follow":"follow","max-snippet":"max-snippet:-1","max-image-preview":"max-image-preview:large","max-video-preview":"max-video-preview:-1"},"canonical":"https:\/\/kuuloasi.fi\/sv\/produkt\/yksilolliset-kuulosuojaimet-teollisuuteen\/","og_locale":"sv_SE","og_type":"article","og_title":"Yksil\u00f6lliset kuulosuojaimet teollisuuteen - kuuloasi.fi","og_description":"T\u00e4t\u00e4 tuotetta emme voi myyd\u00e4 verkossa sill\u00e4 se vaatii mallinoton paikanp\u00e4\u00e4ll\u00e4. Varaa aika mallinottoon yhteisty\u00f6kumppaneillemme numerosta:  Puh. 050 5355 557","og_url":"https:\/\/kuuloasi.fi\/sv\/produkt\/yksilolliset-kuulosuojaimet-teollisuuteen\/","og_site_name":"kuuloasi.fi","article_modified_time":"2026-01-14T18:25:35+00:00","og_image":[{"width":1000,"height":1000,"url":"https:\/\/kuuloasi.fi\/wp-content\/uploads\/2025\/12\/biopor_ab_x_track_conchaform_mit_griff_schwarz.png","type":"image\/png"}],"twitter_card":"summary_large_image","twitter_misc":{"Ber\u00e4knad l\u00e4stid":"1 minut"},"schema":{"@context":"https:\/\/schema.org","@graph":[{"@type":"WebPage","@id":"https:\/\/kuuloasi.fi\/tuote\/yksilolliset-kuulosuojaimet-teollisuuteen\/","url":"https:\/\/kuuloasi.fi\/tuote\/yksilolliset-kuulosuojaimet-teollisuuteen\/","name":"Yksil\u00f6lliset kuulosuojaimet teollisuuteen - kuuloasi.fi","isPartOf":{"@id":"https:\/\/kuuloasi.fi\/#website"},"primaryImageOfPage":{"@id":"https:\/\/kuuloasi.fi\/tuote\/yksilolliset-kuulosuojaimet-teollisuuteen\/#primaryimage"},"image":{"@id":"https:\/\/kuuloasi.fi\/tuote\/yksilolliset-kuulosuojaimet-teollisuuteen\/#primaryimage"},"thumbnailUrl":"https:\/\/kuuloasi.fi\/wp-content\/uploads\/2025\/12\/biopor_ab_x_track_conchaform_mit_griff_schwarz.png","datePublished":"2025-12-04T11:13:40+00:00","dateModified":"2026-01-14T18:25:35+00:00","breadcrumb":{"@id":"https:\/\/kuuloasi.fi\/tuote\/yksilolliset-kuulosuojaimet-teollisuuteen\/#breadcrumb"},"inLanguage":"sv-SE","potentialAction":[{"@type":"ReadAction","target":["https:\/\/kuuloasi.fi\/tuote\/yksilolliset-kuulosuojaimet-teollisuuteen\/"]}]},{"@type":"ImageObject","inLanguage":"sv-SE","@id":"https:\/\/kuuloasi.fi\/tuote\/yksilolliset-kuulosuojaimet-teollisuuteen\/#primaryimage","url":"https:\/\/kuuloasi.fi\/wp-content\/uploads\/2025\/12\/biopor_ab_x_track_conchaform_mit_griff_schwarz.png","contentUrl":"https:\/\/kuuloasi.fi\/wp-content\/uploads\/2025\/12\/biopor_ab_x_track_conchaform_mit_griff_schwarz.png","width":1000,"height":1000,"caption":"Kuulosuojaimet ja korvatulpat"},{"@type":"BreadcrumbList","@id":"https:\/\/kuuloasi.fi\/tuote\/yksilolliset-kuulosuojaimet-teollisuuteen\/#breadcrumb","itemListElement":[{"@type":"ListItem","position":1,"name":"Etusivu","item":"https:\/\/kuuloasi.fi\/"},{"@type":"ListItem","position":2,"name":"Kauppa","item":"https:\/\/kuuloasi.fi\/kauppa\/"},{"@type":"ListItem","position":3,"name":"Yksil\u00f6lliset kuulosuojaimet teollisuuteen"}]},{"@type":"WebSite","@id":"https:\/\/kuuloasi.fi\/#website","url":"https:\/\/kuuloasi.fi\/","name":"h\u00f6rsel.co.uk","description":"","potentialAction":[{"@type":"SearchAction","target":{"@type":"EntryPoint","urlTemplate":"https:\/\/kuuloasi.fi\/?s={search_term_string}"},"query-input":{"@type":"PropertyValueSpecification","valueRequired":true,"valueName":"search_term_string"}}],"inLanguage":"sv-SE"}]}},"_links":{"self":[{"href":"https:\/\/kuuloasi.fi\/sv\/wp-json\/wp\/v2\/product\/803","targetHints":{"allow":["GET"]}}],"collection":[{"href":"https:\/\/kuuloasi.fi\/sv\/wp-json\/wp\/v2\/product"}],"about":[{"href":"https:\/\/kuuloasi.fi\/sv\/wp-json\/wp\/v2\/types\/product"}],"replies":[{"embeddable":true,"href":"https:\/\/kuuloasi.fi\/sv\/wp-json\/wp\/v2\/comments?post=803"}],"wp:featuredmedia":[{"embeddable":true,"href":"https:\/\/kuuloasi.fi\/sv\/wp-json\/wp\/v2\/media\/804"}],"wp:attachment":[{"href":"https:\/\/kuuloasi.fi\/sv\/wp-json\/wp\/v2\/media?parent=803"}],"wp:term":[{"taxonomy":"product_brand","embeddable":true,"href":"https:\/\/kuuloasi.fi\/sv\/wp-json\/wp\/v2\/product_brand?post=803"},{"taxonomy":"product_cat","embeddable":true,"href":"https:\/\/kuuloasi.fi\/sv\/wp-json\/wp\/v2\/product_cat?post=803"},{"taxonomy":"product_tag","embeddable":true,"href":"https:\/\/kuuloasi.fi\/sv\/wp-json\/wp\/v2\/product_tag?post=803"}],"curies":[{"name":"wp","href":"https:\/\/api.w.org\/{rel}","templated":true}]}}