{"id":778,"date":"2025-12-04T09:31:47","date_gmt":"2025-12-04T09:31:47","guid":{"rendered":"https:\/\/kuuloasi.fi\/?post_type=product&#038;p=778"},"modified":"2026-04-06T10:38:23","modified_gmt":"2026-04-06T10:38:23","slug":"widex-sleeve-vented-tippi","status":"publish","type":"product","link":"https:\/\/kuuloasi.fi\/sv\/produkt\/widex-sleeve-vented-tippi\/","title":{"rendered":"Ventilerad spets med Widex-\u00e4rm"},"content":{"rendered":"<p><iframe title=\"Byte av spets p\u00e5 h\u00f6rapparat\" width=\"800\" height=\"450\" src=\"https:\/\/www.youtube.com\/embed\/9MKWhWD0MN4?feature=oembed\" frameborder=\"0\" allow=\"accelerometer; autoplay; clipboard-write; encrypted-media; gyroscope; picture-in-picture; web-share\" referrerpolicy=\"strict-origin-when-cross-origin\" allowfullscreen><\/iframe><\/p>\n<p data-end=\"927\" data-start=\"771\">Detta tips \u00e4r l\u00e4mpligt f\u00f6r\u00a0<strong data-end=\"812\" data-start=\"788\">Widex h\u00f6rapparater<\/strong>, som anv\u00e4nder\u00a0<strong data-end=\"855\" data-start=\"831\">Adapter av hylstyp<\/strong>, och \u00e4r l\u00e4tt att s\u00e4tta fast och ta loss fr\u00e5n headsetet utan verktyg.<\/p>\n<h2 tabindex=\"0\" data-end=\"974\" data-start=\"929\"><strong data-end=\"974\" data-start=\"932\">Varf\u00f6r v\u00e4lja Widex Sleeve Vented Drip<\/strong><\/h2>\n<p data-end=\"1180\" data-start=\"976\"><strong data-end=\"1010\" data-start=\"976\">1. Naturligt och klart ljud<\/strong><br data-end=\"1013\" data-start=\"1010\" \/>Den ventilerade designen minskar k\u00e4nslan av ett st\u00e4ngt \u00f6ra och ger en klarare och \u00f6ppnare ljudkvalitet. Detta g\u00f6r lyssningen bekv\u00e4m f\u00f6r b\u00e5de tal och musik.<\/p>\n<p data-end=\"1423\" data-start=\"1182\"><strong data-end=\"1215\" data-start=\"1182\">2. Utm\u00e4rkt anv\u00e4ndarv\u00e4nlighet<\/strong><br data-end=\"1218\" data-start=\"1215\" \/>Det mjuka, hudv\u00e4nliga materialet formar sig efter h\u00f6rselg\u00e5ngen och sitter stadigt p\u00e5 plats hela dagen. Spetsen \u00e4r l\u00e4tt och andas, s\u00e5 den orsakar inte tryck eller irritation i \u00f6rat.<\/p>\n<p data-end=\"1720\" data-start=\"1425\"><strong data-end=\"1464\" data-start=\"1425\">3. L\u00e5ng livsl\u00e4ngd och enkelt underh\u00e5ll<\/strong><br data-end=\"1467\" data-start=\"1464\" \/>Widex Sleeve Vented drip \u00e4r tillverkad av slitstarkt silikonmaterial som beh\u00e5ller sin form och t\u00e4thet under l\u00e5ng tid. Spetsarna kan reng\u00f6ras regelbundet och bytas ut mot nya vid behov f\u00f6r att h\u00e5lla h\u00f6rapparatens ljudkvalitet p\u00e5 b\u00e4sta m\u00f6jliga niv\u00e5.<\/p>\n<h2 tabindex=\"0\" data-end=\"1750\" data-start=\"1722\"><strong data-end=\"1750\" data-start=\"1725\">Storlekar och riktlinjer f\u00f6r urval<\/strong><\/h2>\n<p data-end=\"1892\" data-start=\"1752\">Widex Sleeve Vented T-stycken finns tillg\u00e4ngliga i\u00a0<strong data-end=\"1814\" data-start=\"1795\">fyra olika storlekar<\/strong>\u00a0- XS, S, M och L - s\u00e5 att du kan hitta den som passar dig b\u00e4st.<\/p>\n<ul data-end=\"2052\" data-start=\"1893\">\n<li data-end=\"1937\" data-start=\"1893\">\n<p data-end=\"1937\" data-start=\"1895\"><strong data-end=\"1901\" data-start=\"1895\">XS<\/strong>\u00a0- f\u00f6r en mycket smal h\u00f6rselg\u00e5ng<\/p>\n<\/li>\n<li data-end=\"1972\" data-start=\"1938\">\n<p data-end=\"1972\" data-start=\"1940\"><strong data-end=\"1945\" data-start=\"1940\">S<\/strong>\u00a0- i den lilla h\u00f6rselg\u00e5ngen<\/p>\n<\/li>\n<li data-end=\"2014\" data-start=\"1973\">\n<p data-end=\"2014\" data-start=\"1975\"><strong data-end=\"1980\" data-start=\"1975\">M<\/strong>\u00a0- i mellan\u00f6rats kanal<\/p>\n<\/li>\n<li data-end=\"2052\" data-start=\"2015\">\n<p data-end=\"2052\" data-start=\"2017\"><strong data-end=\"2022\" data-start=\"2017\">L<\/strong>\u00a0- en st\u00f6rre h\u00f6rselg\u00e5ng<\/p>\n<\/li>\n<\/ul>\n<p data-end=\"2182\" data-start=\"2054\">V\u00e4lj l\u00e4mplig storlek i rullgardinsmenyn innan du best\u00e4ller. R\u00e4tt storlek s\u00e4kerst\u00e4ller b\u00e4sta m\u00f6jliga ljudkvalitet och anv\u00e4ndarkomfort. S\u00e4ljs i f\u00f6rpackningar om 10 st.<\/p>\n<h2 tabindex=\"0\" data-end=\"2214\" data-start=\"2184\"><strong data-end=\"2214\" data-start=\"2187\">Enkelt byte och underh\u00e5ll<\/strong><\/h2>\n<p data-end=\"2260\" data-start=\"2216\">Det g\u00e5r snabbt och enkelt att byta spets:<\/p>\n<ol data-end=\"2485\" data-start=\"2261\">\n<li data-end=\"2309\" data-start=\"2261\">\n<p data-end=\"2309\" data-start=\"2264\">Ta f\u00f6rsiktigt bort den gamla droppen fr\u00e5n h\u00f6rapparaten.<\/p>\n<\/li>\n<li data-end=\"2414\" data-start=\"2310\">\n<p data-end=\"2414\" data-start=\"2313\">Tryck p\u00e5 ny\u00a0<strong data-end=\"2353\" data-start=\"2324\">Widex Sleeve Ventilerad spets<\/strong>\u00a0h\u00f6rapparaten i \u00f6ronsn\u00e4ckan tills den klickar p\u00e5 plats.<\/p>\n<\/li>\n<li data-end=\"2485\" data-start=\"2415\">\n<p data-end=\"2485\" data-start=\"2418\">Kontrollera att droppen sitter ordentligt fast och \u00e4r ren f\u00f6re anv\u00e4ndning.<\/p>\n<\/li>\n<\/ol>\n<p data-end=\"2611\" data-start=\"2487\">Regelbundna byten var 1-2:a m\u00e5nad eller vid behov h\u00e5ller ljudet i h\u00f6rapparaten klart och din apparat hygienisk.<\/p>\n<h2 tabindex=\"0\" data-end=\"2657\" data-start=\"2613\"><strong data-end=\"2657\" data-start=\"2616\">H\u00f6r mer - h\u00f6r mer naturligt<\/strong><\/h2>\n<p data-end=\"2916\" data-start=\"2659\"><strong data-end=\"2688\" data-start=\"2659\">Widex Sleeve Ventilerad spets<\/strong>\u00a0\u00e4r det perfekta valet f\u00f6r dem som v\u00e4rdes\u00e4tter naturlig ljudkvalitet, andningsbar konstruktion och komfort. Den g\u00f6r det bekv\u00e4mare att anv\u00e4nda h\u00f6rapparat och hj\u00e4lper till att bibeh\u00e5lla talets tydlighet i alla situationer.<\/p>\n<p data-end=\"3075\" data-start=\"2918\">Prenumerera p\u00e5\u00a0<strong data-end=\"2953\" data-start=\"2924\">Widex Sleeve Ventilerad spets<\/strong>\u00a0Handla dina h\u00f6rapparater online idag och upplev skillnaden - mer ljud, mindre tr\u00e4ngsel och en perfekt passform varje dag.<\/p>","protected":false},"excerpt":{"rendered":"<h2 tabindex=\"0\" data-end=\"406\" data-start=\"351\"><strong data-end=\"406\" data-start=\"354\">Bekv\u00e4m och ventilerande passform f\u00f6r Widex h\u00f6rapparater<\/strong><\/h2>\n<p data-end=\"769\" data-start=\"408\"><strong data-end=\"437\" data-start=\"408\">Widex Sleeve Ventilerad spets<\/strong>\u00a0\u00e4r ett h\u00f6gkvalitativt och innovativt h\u00f6rapparattillbeh\u00f6r som \u00e4r utformat f\u00f6r att ge en s\u00e5 naturlig och bekv\u00e4m lyssningsupplevelse som m\u00f6jligt. Den ventilerade designen g\u00f6r att luft och ljud kan fl\u00f6da fritt i h\u00f6rselg\u00e5ngen, vilket g\u00f6r ljudet mer \u00f6ppet och naturligt utan k\u00e4nslan av tr\u00e4ngsel.<\/p>","protected":false},"featured_media":795,"comment_status":"closed","ping_status":"closed","template":"","meta":{"_acf_changed":false},"product_brand":[],"product_cat":[22,73],"product_tag":[77,116],"class_list":{"0":"post-778","1":"product","2":"type-product","3":"status-publish","4":"has-post-thumbnail","6":"product_cat-varaosat","7":"product_cat-widex","8":"product_tag-tippi","9":"product_tag-widex","11":"first","12":"instock","13":"taxable","14":"shipping-taxable","15":"purchasable","16":"product-type-variable"},"acf":[],"yoast_head":"<!-- This site is optimized with the Yoast SEO plugin v27.4 - https:\/\/yoast.com\/product\/yoast-seo-wordpress\/ -->\n<title>Widex sleeve vented tippi - kuuloasi.fi<\/title>\n<meta name=\"robots\" content=\"index, follow, max-snippet:-1, max-image-preview:large, max-video-preview:-1\" \/>\n<link rel=\"canonical\" href=\"https:\/\/kuuloasi.fi\/sv\/produkt\/widex-sleeve-vented-tippi\/\" \/>\n<meta property=\"og:locale\" content=\"sv_SE\" \/>\n<meta property=\"og:type\" content=\"article\" \/>\n<meta property=\"og:title\" content=\"Widex sleeve vented tippi - kuuloasi.fi\" \/>\n<meta property=\"og:description\" content=\"Mukava ja hengitt\u00e4v\u00e4 sovite Widex-kuulokojeisiin Widex Sleeve Vented tippi\u00a0on korkealaatuinen ja innovatiivinen kuulokojeen lis\u00e4varuste, joka on suunniteltu tarjoamaan mahdollisimman luonnollinen ja miellytt\u00e4v\u00e4 kuuntelukokemus. Ilmastoitu (vented) rakenne mahdollistaa ilman ja \u00e4\u00e4nen vapaan virtauksen korvak\u00e4yt\u00e4v\u00e4ss\u00e4, jolloin \u00e4\u00e4ni kuulostaa avoimemmalta ja luonnollisemmalta ilman tukkoisuuden tunnetta.\" \/>\n<meta property=\"og:url\" content=\"https:\/\/kuuloasi.fi\/sv\/produkt\/widex-sleeve-vented-tippi\/\" \/>\n<meta property=\"og:site_name\" content=\"kuuloasi.fi\" \/>\n<meta property=\"article:modified_time\" content=\"2026-04-06T10:38:23+00:00\" \/>\n<meta property=\"og:image\" content=\"https:\/\/kuuloasi.fi\/wp-content\/uploads\/2025\/12\/Widex_sleeve_vented.png\" \/>\n\t<meta property=\"og:image:width\" content=\"600\" \/>\n\t<meta property=\"og:image:height\" content=\"1000\" \/>\n\t<meta property=\"og:image:type\" content=\"image\/png\" \/>\n<meta name=\"twitter:card\" content=\"summary_large_image\" \/>\n<meta name=\"twitter:label1\" content=\"Ber\u00e4knad l\u00e4stid\" \/>\n\t<meta name=\"twitter:data1\" content=\"2 minuter\" \/>\n<script type=\"application\/ld+json\" class=\"yoast-schema-graph\">{\"@context\":\"https:\\\/\\\/schema.org\",\"@graph\":[{\"@type\":\"WebPage\",\"@id\":\"https:\\\/\\\/kuuloasi.fi\\\/tuote\\\/widex-sleeve-vented-tippi\\\/\",\"url\":\"https:\\\/\\\/kuuloasi.fi\\\/tuote\\\/widex-sleeve-vented-tippi\\\/\",\"name\":\"Widex sleeve vented tippi - kuuloasi.fi\",\"isPartOf\":{\"@id\":\"https:\\\/\\\/kuuloasi.fi\\\/#website\"},\"primaryImageOfPage\":{\"@id\":\"https:\\\/\\\/kuuloasi.fi\\\/tuote\\\/widex-sleeve-vented-tippi\\\/#primaryimage\"},\"image\":{\"@id\":\"https:\\\/\\\/kuuloasi.fi\\\/tuote\\\/widex-sleeve-vented-tippi\\\/#primaryimage\"},\"thumbnailUrl\":\"https:\\\/\\\/kuuloasi.fi\\\/wp-content\\\/uploads\\\/2025\\\/12\\\/Widex_sleeve_vented.png\",\"datePublished\":\"2025-12-04T09:31:47+00:00\",\"dateModified\":\"2026-04-06T10:38:23+00:00\",\"breadcrumb\":{\"@id\":\"https:\\\/\\\/kuuloasi.fi\\\/tuote\\\/widex-sleeve-vented-tippi\\\/#breadcrumb\"},\"inLanguage\":\"sv-SE\",\"potentialAction\":[{\"@type\":\"ReadAction\",\"target\":[\"https:\\\/\\\/kuuloasi.fi\\\/tuote\\\/widex-sleeve-vented-tippi\\\/\"]}]},{\"@type\":\"ImageObject\",\"inLanguage\":\"sv-SE\",\"@id\":\"https:\\\/\\\/kuuloasi.fi\\\/tuote\\\/widex-sleeve-vented-tippi\\\/#primaryimage\",\"url\":\"https:\\\/\\\/kuuloasi.fi\\\/wp-content\\\/uploads\\\/2025\\\/12\\\/Widex_sleeve_vented.png\",\"contentUrl\":\"https:\\\/\\\/kuuloasi.fi\\\/wp-content\\\/uploads\\\/2025\\\/12\\\/Widex_sleeve_vented.png\",\"width\":600,\"height\":1000},{\"@type\":\"BreadcrumbList\",\"@id\":\"https:\\\/\\\/kuuloasi.fi\\\/tuote\\\/widex-sleeve-vented-tippi\\\/#breadcrumb\",\"itemListElement\":[{\"@type\":\"ListItem\",\"position\":1,\"name\":\"Etusivu\",\"item\":\"https:\\\/\\\/kuuloasi.fi\\\/\"},{\"@type\":\"ListItem\",\"position\":2,\"name\":\"Kauppa\",\"item\":\"https:\\\/\\\/kuuloasi.fi\\\/kauppa\\\/\"},{\"@type\":\"ListItem\",\"position\":3,\"name\":\"Widex sleeve vented tippi\"}]},{\"@type\":\"WebSite\",\"@id\":\"https:\\\/\\\/kuuloasi.fi\\\/#website\",\"url\":\"https:\\\/\\\/kuuloasi.fi\\\/\",\"name\":\"kuuloasi.fi\",\"description\":\"\",\"potentialAction\":[{\"@type\":\"SearchAction\",\"target\":{\"@type\":\"EntryPoint\",\"urlTemplate\":\"https:\\\/\\\/kuuloasi.fi\\\/?s={search_term_string}\"},\"query-input\":{\"@type\":\"PropertyValueSpecification\",\"valueRequired\":true,\"valueName\":\"search_term_string\"}}],\"inLanguage\":\"sv-SE\"}]}<\/script>\n<!-- \/ Yoast SEO plugin. -->","yoast_head_json":{"title":"Widex sleeve vented tippi - kuuloasi.fi","robots":{"index":"index","follow":"follow","max-snippet":"max-snippet:-1","max-image-preview":"max-image-preview:large","max-video-preview":"max-video-preview:-1"},"canonical":"https:\/\/kuuloasi.fi\/sv\/produkt\/widex-sleeve-vented-tippi\/","og_locale":"sv_SE","og_type":"article","og_title":"Widex sleeve vented tippi - kuuloasi.fi","og_description":"Mukava ja hengitt\u00e4v\u00e4 sovite Widex-kuulokojeisiin Widex Sleeve Vented tippi\u00a0on korkealaatuinen ja innovatiivinen kuulokojeen lis\u00e4varuste, joka on suunniteltu tarjoamaan mahdollisimman luonnollinen ja miellytt\u00e4v\u00e4 kuuntelukokemus. Ilmastoitu (vented) rakenne mahdollistaa ilman ja \u00e4\u00e4nen vapaan virtauksen korvak\u00e4yt\u00e4v\u00e4ss\u00e4, jolloin \u00e4\u00e4ni kuulostaa avoimemmalta ja luonnollisemmalta ilman tukkoisuuden tunnetta.","og_url":"https:\/\/kuuloasi.fi\/sv\/produkt\/widex-sleeve-vented-tippi\/","og_site_name":"kuuloasi.fi","article_modified_time":"2026-04-06T10:38:23+00:00","og_image":[{"width":600,"height":1000,"url":"https:\/\/kuuloasi.fi\/wp-content\/uploads\/2025\/12\/Widex_sleeve_vented.png","type":"image\/png"}],"twitter_card":"summary_large_image","twitter_misc":{"Ber\u00e4knad l\u00e4stid":"2 minuter"},"schema":{"@context":"https:\/\/schema.org","@graph":[{"@type":"WebPage","@id":"https:\/\/kuuloasi.fi\/tuote\/widex-sleeve-vented-tippi\/","url":"https:\/\/kuuloasi.fi\/tuote\/widex-sleeve-vented-tippi\/","name":"Widex sleeve vented tippi - kuuloasi.fi","isPartOf":{"@id":"https:\/\/kuuloasi.fi\/#website"},"primaryImageOfPage":{"@id":"https:\/\/kuuloasi.fi\/tuote\/widex-sleeve-vented-tippi\/#primaryimage"},"image":{"@id":"https:\/\/kuuloasi.fi\/tuote\/widex-sleeve-vented-tippi\/#primaryimage"},"thumbnailUrl":"https:\/\/kuuloasi.fi\/wp-content\/uploads\/2025\/12\/Widex_sleeve_vented.png","datePublished":"2025-12-04T09:31:47+00:00","dateModified":"2026-04-06T10:38:23+00:00","breadcrumb":{"@id":"https:\/\/kuuloasi.fi\/tuote\/widex-sleeve-vented-tippi\/#breadcrumb"},"inLanguage":"sv-SE","potentialAction":[{"@type":"ReadAction","target":["https:\/\/kuuloasi.fi\/tuote\/widex-sleeve-vented-tippi\/"]}]},{"@type":"ImageObject","inLanguage":"sv-SE","@id":"https:\/\/kuuloasi.fi\/tuote\/widex-sleeve-vented-tippi\/#primaryimage","url":"https:\/\/kuuloasi.fi\/wp-content\/uploads\/2025\/12\/Widex_sleeve_vented.png","contentUrl":"https:\/\/kuuloasi.fi\/wp-content\/uploads\/2025\/12\/Widex_sleeve_vented.png","width":600,"height":1000},{"@type":"BreadcrumbList","@id":"https:\/\/kuuloasi.fi\/tuote\/widex-sleeve-vented-tippi\/#breadcrumb","itemListElement":[{"@type":"ListItem","position":1,"name":"Etusivu","item":"https:\/\/kuuloasi.fi\/"},{"@type":"ListItem","position":2,"name":"Kauppa","item":"https:\/\/kuuloasi.fi\/kauppa\/"},{"@type":"ListItem","position":3,"name":"Widex sleeve vented tippi"}]},{"@type":"WebSite","@id":"https:\/\/kuuloasi.fi\/#website","url":"https:\/\/kuuloasi.fi\/","name":"h\u00f6rsel.co.uk","description":"","potentialAction":[{"@type":"SearchAction","target":{"@type":"EntryPoint","urlTemplate":"https:\/\/kuuloasi.fi\/?s={search_term_string}"},"query-input":{"@type":"PropertyValueSpecification","valueRequired":true,"valueName":"search_term_string"}}],"inLanguage":"sv-SE"}]}},"_links":{"self":[{"href":"https:\/\/kuuloasi.fi\/sv\/wp-json\/wp\/v2\/product\/778","targetHints":{"allow":["GET"]}}],"collection":[{"href":"https:\/\/kuuloasi.fi\/sv\/wp-json\/wp\/v2\/product"}],"about":[{"href":"https:\/\/kuuloasi.fi\/sv\/wp-json\/wp\/v2\/types\/product"}],"replies":[{"embeddable":true,"href":"https:\/\/kuuloasi.fi\/sv\/wp-json\/wp\/v2\/comments?post=778"}],"wp:featuredmedia":[{"embeddable":true,"href":"https:\/\/kuuloasi.fi\/sv\/wp-json\/wp\/v2\/media\/795"}],"wp:attachment":[{"href":"https:\/\/kuuloasi.fi\/sv\/wp-json\/wp\/v2\/media?parent=778"}],"wp:term":[{"taxonomy":"product_brand","embeddable":true,"href":"https:\/\/kuuloasi.fi\/sv\/wp-json\/wp\/v2\/product_brand?post=778"},{"taxonomy":"product_cat","embeddable":true,"href":"https:\/\/kuuloasi.fi\/sv\/wp-json\/wp\/v2\/product_cat?post=778"},{"taxonomy":"product_tag","embeddable":true,"href":"https:\/\/kuuloasi.fi\/sv\/wp-json\/wp\/v2\/product_tag?post=778"}],"curies":[{"name":"wp","href":"https:\/\/api.w.org\/{rel}","templated":true}]}}