{"id":761,"date":"2025-12-04T09:22:26","date_gmt":"2025-12-04T09:22:26","guid":{"rendered":"https:\/\/kuuloasi.fi\/?post_type=product&#038;p=761"},"modified":"2026-04-13T10:03:14","modified_gmt":"2026-04-13T10:03:14","slug":"widex-instant-ric-tippi-pallo","status":"publish","type":"product","link":"https:\/\/kuuloasi.fi\/sv\/produkt\/widex-instant-ric-tippi-pallo\/","title":{"rendered":"Widex Instant RIC stift, boll"},"content":{"rendered":"<p><strong>Starkare l\u00e5ga ljud och mindre gnisslande<\/strong><\/p>\n<p>Kulspetsen har samma egenskaper som m\u00e5nga andra slutna spetsar. Denna t\u00e4tare in-ear-design \u00e4r mindre ben\u00e4gen att orsaka gnissel \u00e4n en design med \u00f6ppen spets. Den f\u00f6rst\u00e4rker ocks\u00e5 fler l\u00e5ga frekvenser, vilket ger dig en klar och kraftfull h\u00f6rselupplevelse.<\/p>\n<p>&nbsp;<\/p>\n<p><strong>Valfrihet - En eller tv\u00e5 ventiler?<\/strong><\/p>\n<p>Det finns flera olika alternativ f\u00f6r Widex Ball-spetsen. Du kan v\u00e4lja en enkelventilad spets med bara ett ventilationsh\u00e5l eller en dubbelventilad spets med tv\u00e5 ventilationsh\u00e5l. Valet \u00e4r upp till anv\u00e4ndaren, och vissa kanske f\u00f6redrar den mer \u201d\u00f6ppna\u201d tv\u00e5ventilsspetsen, medan andra f\u00f6redrar den \u201dt\u00e4tare\u201d enventilsspetsen f\u00f6r b\u00e4ttre f\u00f6rst\u00e4rkning.<\/p>\n<p>&nbsp;<\/p>\n<p><strong>Storlekar f\u00f6r alla - S, M, L<\/strong><\/p>\n<p>B\u00e5da modellerna finns i tre olika storlekar: S (8 mm), M (10 mm) och L (12 mm), s\u00e5 att du kan v\u00e4lja den storlek som passar dig b\u00e4st.<\/p>\n<p>&nbsp;<\/p>\n<p><strong>Komplett utrustningssats - paket med 10 delar<\/strong><\/p>\n<p>Widex Ball-tipsf\u00f6rpackningar inneh\u00e5ller 10 tips, s\u00e5 att du kan utrusta dina h\u00f6rlurar med ett tillr\u00e4ckligt antal tips f\u00f6r l\u00e5ngvarig anv\u00e4ndning. Kvalitet och m\u00e5ngsidighet i ett fr\u00e5n din onlinebutik f\u00f6r h\u00f6rapparater.<\/p>\n<p>&nbsp;<\/p>\n<p><strong>H\u00f6r v\u00e4rlden p\u00e5 ett nytt s\u00e4tt<\/strong><\/p>\n<p>Prova Widex Ball Tip-modellen och h\u00f6r v\u00e4rlden p\u00e5 ett nytt, mer kraftfullt s\u00e4tt. Skaffa din nu!<\/p>","protected":false},"excerpt":{"rendered":"<p>Vi introducerar Widex Instant RIC ballongspets! Denna spets \u00e4r speciellt utformad f\u00f6r anv\u00e4ndare av Widex RIC S- och M-h\u00f6rapparater, med m\u00e5let att ge en perfekt passform i \u00f6rat, vilket ger en bekv\u00e4m och diskret h\u00f6rselupplevelse.<\/p>","protected":false},"featured_media":777,"comment_status":"closed","ping_status":"closed","template":"","meta":{"_acf_changed":false},"product_brand":[],"product_cat":[22,73],"product_tag":[119,77,116],"class_list":{"0":"post-761","1":"product","2":"type-product","3":"status-publish","4":"has-post-thumbnail","6":"product_cat-varaosat","7":"product_cat-widex","8":"product_tag-pallo","9":"product_tag-tippi","10":"product_tag-widex","12":"first","13":"instock","14":"taxable","15":"shipping-taxable","16":"purchasable","17":"product-type-variable"},"acf":[],"yoast_head":"<!-- This site is optimized with the Yoast SEO plugin v27.4 - https:\/\/yoast.com\/product\/yoast-seo-wordpress\/ -->\n<title>Widex Instant RIC-tippi, pallo - kuuloasi.fi<\/title>\n<meta name=\"robots\" content=\"index, follow, max-snippet:-1, max-image-preview:large, max-video-preview:-1\" \/>\n<link rel=\"canonical\" href=\"https:\/\/kuuloasi.fi\/sv\/produkt\/widex-instant-ric-tippi-pallo\/\" \/>\n<meta property=\"og:locale\" content=\"sv_SE\" \/>\n<meta property=\"og:type\" content=\"article\" \/>\n<meta property=\"og:title\" content=\"Widex Instant RIC-tippi, pallo - kuuloasi.fi\" \/>\n<meta property=\"og:description\" content=\"Esittelemme Widexin Instant RIC -pallo tipin! T\u00e4m\u00e4 tippi on suunniteltu erityisesti Widex-kuulokojeiden RIC S- ja M-kuulokkeiden k\u00e4ytt\u00e4jille, tavoitteena tarjota t\u00e4ydellinen istuvuus korvassa, mik\u00e4 mahdollistaa miellytt\u00e4v\u00e4n ja huomaamattoman kuulokokemuksen.\" \/>\n<meta property=\"og:url\" content=\"https:\/\/kuuloasi.fi\/sv\/produkt\/widex-instant-ric-tippi-pallo\/\" \/>\n<meta property=\"og:site_name\" content=\"kuuloasi.fi\" \/>\n<meta property=\"article:modified_time\" content=\"2026-04-13T10:03:14+00:00\" \/>\n<meta property=\"og:image\" content=\"https:\/\/kuuloasi.fi\/wp-content\/uploads\/2025\/12\/Easywear-eartips-round-sizes.png\" \/>\n\t<meta property=\"og:image:width\" content=\"600\" \/>\n\t<meta property=\"og:image:height\" content=\"600\" \/>\n\t<meta property=\"og:image:type\" content=\"image\/png\" \/>\n<meta name=\"twitter:card\" content=\"summary_large_image\" \/>\n<meta name=\"twitter:label1\" content=\"Ber\u00e4knad l\u00e4stid\" \/>\n\t<meta name=\"twitter:data1\" content=\"1 minut\" \/>\n<script type=\"application\/ld+json\" class=\"yoast-schema-graph\">{\"@context\":\"https:\\\/\\\/schema.org\",\"@graph\":[{\"@type\":\"WebPage\",\"@id\":\"https:\\\/\\\/kuuloasi.fi\\\/tuote\\\/widex-instant-ric-tippi-pallo\\\/\",\"url\":\"https:\\\/\\\/kuuloasi.fi\\\/tuote\\\/widex-instant-ric-tippi-pallo\\\/\",\"name\":\"Widex Instant RIC-tippi, pallo - kuuloasi.fi\",\"isPartOf\":{\"@id\":\"https:\\\/\\\/kuuloasi.fi\\\/#website\"},\"primaryImageOfPage\":{\"@id\":\"https:\\\/\\\/kuuloasi.fi\\\/tuote\\\/widex-instant-ric-tippi-pallo\\\/#primaryimage\"},\"image\":{\"@id\":\"https:\\\/\\\/kuuloasi.fi\\\/tuote\\\/widex-instant-ric-tippi-pallo\\\/#primaryimage\"},\"thumbnailUrl\":\"https:\\\/\\\/kuuloasi.fi\\\/wp-content\\\/uploads\\\/2025\\\/12\\\/Easywear-eartips-round-sizes.png\",\"datePublished\":\"2025-12-04T09:22:26+00:00\",\"dateModified\":\"2026-04-13T10:03:14+00:00\",\"breadcrumb\":{\"@id\":\"https:\\\/\\\/kuuloasi.fi\\\/tuote\\\/widex-instant-ric-tippi-pallo\\\/#breadcrumb\"},\"inLanguage\":\"sv-SE\",\"potentialAction\":[{\"@type\":\"ReadAction\",\"target\":[\"https:\\\/\\\/kuuloasi.fi\\\/tuote\\\/widex-instant-ric-tippi-pallo\\\/\"]}]},{\"@type\":\"ImageObject\",\"inLanguage\":\"sv-SE\",\"@id\":\"https:\\\/\\\/kuuloasi.fi\\\/tuote\\\/widex-instant-ric-tippi-pallo\\\/#primaryimage\",\"url\":\"https:\\\/\\\/kuuloasi.fi\\\/wp-content\\\/uploads\\\/2025\\\/12\\\/Easywear-eartips-round-sizes.png\",\"contentUrl\":\"https:\\\/\\\/kuuloasi.fi\\\/wp-content\\\/uploads\\\/2025\\\/12\\\/Easywear-eartips-round-sizes.png\",\"width\":600,\"height\":600},{\"@type\":\"BreadcrumbList\",\"@id\":\"https:\\\/\\\/kuuloasi.fi\\\/tuote\\\/widex-instant-ric-tippi-pallo\\\/#breadcrumb\",\"itemListElement\":[{\"@type\":\"ListItem\",\"position\":1,\"name\":\"Etusivu\",\"item\":\"https:\\\/\\\/kuuloasi.fi\\\/\"},{\"@type\":\"ListItem\",\"position\":2,\"name\":\"Kauppa\",\"item\":\"https:\\\/\\\/kuuloasi.fi\\\/kauppa\\\/\"},{\"@type\":\"ListItem\",\"position\":3,\"name\":\"Widex Instant RIC-tippi, pallo\"}]},{\"@type\":\"WebSite\",\"@id\":\"https:\\\/\\\/kuuloasi.fi\\\/#website\",\"url\":\"https:\\\/\\\/kuuloasi.fi\\\/\",\"name\":\"kuuloasi.fi\",\"description\":\"\",\"potentialAction\":[{\"@type\":\"SearchAction\",\"target\":{\"@type\":\"EntryPoint\",\"urlTemplate\":\"https:\\\/\\\/kuuloasi.fi\\\/?s={search_term_string}\"},\"query-input\":{\"@type\":\"PropertyValueSpecification\",\"valueRequired\":true,\"valueName\":\"search_term_string\"}}],\"inLanguage\":\"sv-SE\"}]}<\/script>\n<!-- \/ Yoast SEO plugin. -->","yoast_head_json":{"title":"Widex Instant RIC-tippi, pallo - kuuloasi.fi","robots":{"index":"index","follow":"follow","max-snippet":"max-snippet:-1","max-image-preview":"max-image-preview:large","max-video-preview":"max-video-preview:-1"},"canonical":"https:\/\/kuuloasi.fi\/sv\/produkt\/widex-instant-ric-tippi-pallo\/","og_locale":"sv_SE","og_type":"article","og_title":"Widex Instant RIC-tippi, pallo - kuuloasi.fi","og_description":"Esittelemme Widexin Instant RIC -pallo tipin! T\u00e4m\u00e4 tippi on suunniteltu erityisesti Widex-kuulokojeiden RIC S- ja M-kuulokkeiden k\u00e4ytt\u00e4jille, tavoitteena tarjota t\u00e4ydellinen istuvuus korvassa, mik\u00e4 mahdollistaa miellytt\u00e4v\u00e4n ja huomaamattoman kuulokokemuksen.","og_url":"https:\/\/kuuloasi.fi\/sv\/produkt\/widex-instant-ric-tippi-pallo\/","og_site_name":"kuuloasi.fi","article_modified_time":"2026-04-13T10:03:14+00:00","og_image":[{"width":600,"height":600,"url":"https:\/\/kuuloasi.fi\/wp-content\/uploads\/2025\/12\/Easywear-eartips-round-sizes.png","type":"image\/png"}],"twitter_card":"summary_large_image","twitter_misc":{"Ber\u00e4knad l\u00e4stid":"1 minut"},"schema":{"@context":"https:\/\/schema.org","@graph":[{"@type":"WebPage","@id":"https:\/\/kuuloasi.fi\/tuote\/widex-instant-ric-tippi-pallo\/","url":"https:\/\/kuuloasi.fi\/tuote\/widex-instant-ric-tippi-pallo\/","name":"Widex Instant RIC-tippi, pallo - kuuloasi.fi","isPartOf":{"@id":"https:\/\/kuuloasi.fi\/#website"},"primaryImageOfPage":{"@id":"https:\/\/kuuloasi.fi\/tuote\/widex-instant-ric-tippi-pallo\/#primaryimage"},"image":{"@id":"https:\/\/kuuloasi.fi\/tuote\/widex-instant-ric-tippi-pallo\/#primaryimage"},"thumbnailUrl":"https:\/\/kuuloasi.fi\/wp-content\/uploads\/2025\/12\/Easywear-eartips-round-sizes.png","datePublished":"2025-12-04T09:22:26+00:00","dateModified":"2026-04-13T10:03:14+00:00","breadcrumb":{"@id":"https:\/\/kuuloasi.fi\/tuote\/widex-instant-ric-tippi-pallo\/#breadcrumb"},"inLanguage":"sv-SE","potentialAction":[{"@type":"ReadAction","target":["https:\/\/kuuloasi.fi\/tuote\/widex-instant-ric-tippi-pallo\/"]}]},{"@type":"ImageObject","inLanguage":"sv-SE","@id":"https:\/\/kuuloasi.fi\/tuote\/widex-instant-ric-tippi-pallo\/#primaryimage","url":"https:\/\/kuuloasi.fi\/wp-content\/uploads\/2025\/12\/Easywear-eartips-round-sizes.png","contentUrl":"https:\/\/kuuloasi.fi\/wp-content\/uploads\/2025\/12\/Easywear-eartips-round-sizes.png","width":600,"height":600},{"@type":"BreadcrumbList","@id":"https:\/\/kuuloasi.fi\/tuote\/widex-instant-ric-tippi-pallo\/#breadcrumb","itemListElement":[{"@type":"ListItem","position":1,"name":"Etusivu","item":"https:\/\/kuuloasi.fi\/"},{"@type":"ListItem","position":2,"name":"Kauppa","item":"https:\/\/kuuloasi.fi\/kauppa\/"},{"@type":"ListItem","position":3,"name":"Widex Instant RIC-tippi, pallo"}]},{"@type":"WebSite","@id":"https:\/\/kuuloasi.fi\/#website","url":"https:\/\/kuuloasi.fi\/","name":"h\u00f6rsel.co.uk","description":"","potentialAction":[{"@type":"SearchAction","target":{"@type":"EntryPoint","urlTemplate":"https:\/\/kuuloasi.fi\/?s={search_term_string}"},"query-input":{"@type":"PropertyValueSpecification","valueRequired":true,"valueName":"search_term_string"}}],"inLanguage":"sv-SE"}]}},"_links":{"self":[{"href":"https:\/\/kuuloasi.fi\/sv\/wp-json\/wp\/v2\/product\/761","targetHints":{"allow":["GET"]}}],"collection":[{"href":"https:\/\/kuuloasi.fi\/sv\/wp-json\/wp\/v2\/product"}],"about":[{"href":"https:\/\/kuuloasi.fi\/sv\/wp-json\/wp\/v2\/types\/product"}],"replies":[{"embeddable":true,"href":"https:\/\/kuuloasi.fi\/sv\/wp-json\/wp\/v2\/comments?post=761"}],"wp:featuredmedia":[{"embeddable":true,"href":"https:\/\/kuuloasi.fi\/sv\/wp-json\/wp\/v2\/media\/777"}],"wp:attachment":[{"href":"https:\/\/kuuloasi.fi\/sv\/wp-json\/wp\/v2\/media?parent=761"}],"wp:term":[{"taxonomy":"product_brand","embeddable":true,"href":"https:\/\/kuuloasi.fi\/sv\/wp-json\/wp\/v2\/product_brand?post=761"},{"taxonomy":"product_cat","embeddable":true,"href":"https:\/\/kuuloasi.fi\/sv\/wp-json\/wp\/v2\/product_cat?post=761"},{"taxonomy":"product_tag","embeddable":true,"href":"https:\/\/kuuloasi.fi\/sv\/wp-json\/wp\/v2\/product_tag?post=761"}],"curies":[{"name":"wp","href":"https:\/\/api.w.org\/{rel}","templated":true}]}}