{"id":755,"date":"2025-12-04T09:15:09","date_gmt":"2025-12-04T09:15:09","guid":{"rendered":"https:\/\/kuuloasi.fi\/?post_type=product&#038;p=755"},"modified":"2026-04-06T07:32:07","modified_gmt":"2026-04-06T07:32:07","slug":"widex-tulppaani-tippi","status":"publish","type":"product","link":"https:\/\/kuuloasi.fi\/sv\/produkt\/widex-tulppaani-tippi\/","title":{"rendered":"Widex Tulpan droppe"},"content":{"rendered":"<p><strong>Diskret och felfri h\u00f6rselupplevelse - varf\u00f6r v\u00e4lja en Tulip Tip?<\/strong><\/p>\n<p>Tulpanpluggen \u00e4r t\u00e4tare \u00e4n den \u00f6ppna droppmodellen och \u00e4r mindre ben\u00e4gen att gnissla. Den kallas ocks\u00e5 f\u00f6r konspets och \u00e4r ett alternativ till den slutna spetsdesignen. Alla dessa modeller har dock samma v\u00e4sentliga egenskaper, varav den viktigaste \u00e4r b\u00e4ttre f\u00f6rst\u00e4rkning av l\u00e5ga frekvenser j\u00e4mf\u00f6rt med den \u00f6ppna droppmodellen. Vi rekommenderar alltid att du pratar med din Audionom innan du byter till en annan modell, eftersom r\u00e4tt modell beror p\u00e5 din individuella h\u00f6rsel.<\/p>\n<p>&nbsp;<\/p>\n<p><strong>V\u00e4lj r\u00e4tt storlek - M eller L?<\/strong><\/p>\n<p>Widex Tulip Tape finns i tv\u00e5 storlekar, M och L. V\u00e4lj l\u00e4mplig storlek i rullgardinsmenyn.<\/p>\n<p>&nbsp;<\/p>\n<p><strong>H\u00e5llbarhet och anv\u00e4ndarv\u00e4nlighet - f\u00f6rpackningar med 10 delar<\/strong><\/p>\n<p>Tulip-banden s\u00e4ljs i praktiska f\u00f6rpackningar om 10 st. P\u00e5 s\u00e5 s\u00e4tt kan du utrusta dina h\u00f6rlurar med tillr\u00e4ckligt m\u00e5nga droppar f\u00f6r l\u00e5ngvarig anv\u00e4ndning. Kvalitet och komfort i ett fr\u00e5n Your Hearings onlinebutik.<\/p>\n<p>&nbsp;<\/p>\n<p><strong>Skaffa din Widex Tulip Wig nu<\/strong><\/p>\n<p>Med Widex Tulip Tip kan du njuta av en perfekt h\u00f6rselupplevelse utan n\u00e5gra bekymmer. Klicka p\u00e5 kundvagnen och se till att du f\u00e5r b\u00e4sta m\u00f6jliga ljudkvalitet och komfort med dina Widex-h\u00f6rlurar. H\u00f6r v\u00e4rlden p\u00e5 ett nytt s\u00e4tt!<\/p>","protected":false},"excerpt":{"rendered":"<p>Letar du efter det perfekta tillbeh\u00f6ret till dina Widex-h\u00f6rapparater? Prova Widex Instant RIC-propp! Den h\u00e4r proppen \u00e4r utformad speciellt f\u00f6r anv\u00e4ndare av Widex RIC S- och M-headset och ger en perfekt passform i \u00f6rat. Med tulpanspetsen kan du njuta av en bekv\u00e4m och diskret h\u00f6rselupplevelse.<\/p>","protected":false},"featured_media":760,"comment_status":"closed","ping_status":"closed","template":"","meta":{"_acf_changed":false},"product_brand":[],"product_cat":[22,73],"product_tag":[77,116],"class_list":{"0":"post-755","1":"product","2":"type-product","3":"status-publish","4":"has-post-thumbnail","6":"product_cat-varaosat","7":"product_cat-widex","8":"product_tag-tippi","9":"product_tag-widex","11":"first","12":"instock","13":"taxable","14":"shipping-taxable","15":"purchasable","16":"product-type-variable"},"acf":[],"yoast_head":"<!-- This site is optimized with the Yoast SEO plugin v27.4 - https:\/\/yoast.com\/product\/yoast-seo-wordpress\/ -->\n<title>Widex tulppaani tippi - kuuloasi.fi<\/title>\n<meta name=\"robots\" content=\"index, follow, max-snippet:-1, max-image-preview:large, max-video-preview:-1\" \/>\n<link rel=\"canonical\" href=\"https:\/\/kuuloasi.fi\/sv\/produkt\/widex-tulppaani-tippi\/\" \/>\n<meta property=\"og:locale\" content=\"sv_SE\" \/>\n<meta property=\"og:type\" content=\"article\" \/>\n<meta property=\"og:title\" content=\"Widex tulppaani tippi - kuuloasi.fi\" \/>\n<meta property=\"og:description\" content=\"Etsitk\u00f6 t\u00e4ydellist\u00e4 lis\u00e4varustetta Widex-kuulokojeillesi? Kokeile Widexin Instant RIC -tulppaanitippi\u00e4! T\u00e4m\u00e4 tippi on suunniteltu erityisesti Widex-merkkisten RIC S- ja M-kuulokkeiden k\u00e4ytt\u00e4jille, ja se tarjoaa t\u00e4ydellisen istuvuuden korvassa. Tulppaanitipin avulla voit nauttia mukavasta ja huomaamattomasta kuulokokemuksesta.\" \/>\n<meta property=\"og:url\" content=\"https:\/\/kuuloasi.fi\/sv\/produkt\/widex-tulppaani-tippi\/\" \/>\n<meta property=\"og:site_name\" content=\"kuuloasi.fi\" \/>\n<meta property=\"article:modified_time\" content=\"2026-04-06T07:32:07+00:00\" \/>\n<meta property=\"og:image\" content=\"https:\/\/kuuloasi.fi\/wp-content\/uploads\/2025\/12\/widextulppaani-228x228-1.jpg\" \/>\n\t<meta property=\"og:image:width\" content=\"228\" \/>\n\t<meta property=\"og:image:height\" content=\"228\" \/>\n\t<meta property=\"og:image:type\" content=\"image\/jpeg\" \/>\n<meta name=\"twitter:card\" content=\"summary_large_image\" \/>\n<meta name=\"twitter:label1\" content=\"Ber\u00e4knad l\u00e4stid\" \/>\n\t<meta name=\"twitter:data1\" content=\"1 minut\" \/>\n<script type=\"application\/ld+json\" class=\"yoast-schema-graph\">{\"@context\":\"https:\\\/\\\/schema.org\",\"@graph\":[{\"@type\":\"WebPage\",\"@id\":\"https:\\\/\\\/kuuloasi.fi\\\/tuote\\\/widex-tulppaani-tippi\\\/\",\"url\":\"https:\\\/\\\/kuuloasi.fi\\\/tuote\\\/widex-tulppaani-tippi\\\/\",\"name\":\"Widex tulppaani tippi - kuuloasi.fi\",\"isPartOf\":{\"@id\":\"https:\\\/\\\/kuuloasi.fi\\\/#website\"},\"primaryImageOfPage\":{\"@id\":\"https:\\\/\\\/kuuloasi.fi\\\/tuote\\\/widex-tulppaani-tippi\\\/#primaryimage\"},\"image\":{\"@id\":\"https:\\\/\\\/kuuloasi.fi\\\/tuote\\\/widex-tulppaani-tippi\\\/#primaryimage\"},\"thumbnailUrl\":\"https:\\\/\\\/kuuloasi.fi\\\/wp-content\\\/uploads\\\/2025\\\/12\\\/widextulppaani-228x228-1.jpg\",\"datePublished\":\"2025-12-04T09:15:09+00:00\",\"dateModified\":\"2026-04-06T07:32:07+00:00\",\"breadcrumb\":{\"@id\":\"https:\\\/\\\/kuuloasi.fi\\\/tuote\\\/widex-tulppaani-tippi\\\/#breadcrumb\"},\"inLanguage\":\"sv-SE\",\"potentialAction\":[{\"@type\":\"ReadAction\",\"target\":[\"https:\\\/\\\/kuuloasi.fi\\\/tuote\\\/widex-tulppaani-tippi\\\/\"]}]},{\"@type\":\"ImageObject\",\"inLanguage\":\"sv-SE\",\"@id\":\"https:\\\/\\\/kuuloasi.fi\\\/tuote\\\/widex-tulppaani-tippi\\\/#primaryimage\",\"url\":\"https:\\\/\\\/kuuloasi.fi\\\/wp-content\\\/uploads\\\/2025\\\/12\\\/widextulppaani-228x228-1.jpg\",\"contentUrl\":\"https:\\\/\\\/kuuloasi.fi\\\/wp-content\\\/uploads\\\/2025\\\/12\\\/widextulppaani-228x228-1.jpg\",\"width\":228,\"height\":228},{\"@type\":\"BreadcrumbList\",\"@id\":\"https:\\\/\\\/kuuloasi.fi\\\/tuote\\\/widex-tulppaani-tippi\\\/#breadcrumb\",\"itemListElement\":[{\"@type\":\"ListItem\",\"position\":1,\"name\":\"Etusivu\",\"item\":\"https:\\\/\\\/kuuloasi.fi\\\/\"},{\"@type\":\"ListItem\",\"position\":2,\"name\":\"Kauppa\",\"item\":\"https:\\\/\\\/kuuloasi.fi\\\/kauppa\\\/\"},{\"@type\":\"ListItem\",\"position\":3,\"name\":\"Widex tulppaani tippi\"}]},{\"@type\":\"WebSite\",\"@id\":\"https:\\\/\\\/kuuloasi.fi\\\/#website\",\"url\":\"https:\\\/\\\/kuuloasi.fi\\\/\",\"name\":\"kuuloasi.fi\",\"description\":\"\",\"potentialAction\":[{\"@type\":\"SearchAction\",\"target\":{\"@type\":\"EntryPoint\",\"urlTemplate\":\"https:\\\/\\\/kuuloasi.fi\\\/?s={search_term_string}\"},\"query-input\":{\"@type\":\"PropertyValueSpecification\",\"valueRequired\":true,\"valueName\":\"search_term_string\"}}],\"inLanguage\":\"sv-SE\"}]}<\/script>\n<!-- \/ Yoast SEO plugin. -->","yoast_head_json":{"title":"Widex tulppaani tippi - kuuloasi.fi","robots":{"index":"index","follow":"follow","max-snippet":"max-snippet:-1","max-image-preview":"max-image-preview:large","max-video-preview":"max-video-preview:-1"},"canonical":"https:\/\/kuuloasi.fi\/sv\/produkt\/widex-tulppaani-tippi\/","og_locale":"sv_SE","og_type":"article","og_title":"Widex tulppaani tippi - kuuloasi.fi","og_description":"Etsitk\u00f6 t\u00e4ydellist\u00e4 lis\u00e4varustetta Widex-kuulokojeillesi? Kokeile Widexin Instant RIC -tulppaanitippi\u00e4! T\u00e4m\u00e4 tippi on suunniteltu erityisesti Widex-merkkisten RIC S- ja M-kuulokkeiden k\u00e4ytt\u00e4jille, ja se tarjoaa t\u00e4ydellisen istuvuuden korvassa. Tulppaanitipin avulla voit nauttia mukavasta ja huomaamattomasta kuulokokemuksesta.","og_url":"https:\/\/kuuloasi.fi\/sv\/produkt\/widex-tulppaani-tippi\/","og_site_name":"kuuloasi.fi","article_modified_time":"2026-04-06T07:32:07+00:00","og_image":[{"width":228,"height":228,"url":"https:\/\/kuuloasi.fi\/wp-content\/uploads\/2025\/12\/widextulppaani-228x228-1.jpg","type":"image\/jpeg"}],"twitter_card":"summary_large_image","twitter_misc":{"Ber\u00e4knad l\u00e4stid":"1 minut"},"schema":{"@context":"https:\/\/schema.org","@graph":[{"@type":"WebPage","@id":"https:\/\/kuuloasi.fi\/tuote\/widex-tulppaani-tippi\/","url":"https:\/\/kuuloasi.fi\/tuote\/widex-tulppaani-tippi\/","name":"Widex tulppaani tippi - kuuloasi.fi","isPartOf":{"@id":"https:\/\/kuuloasi.fi\/#website"},"primaryImageOfPage":{"@id":"https:\/\/kuuloasi.fi\/tuote\/widex-tulppaani-tippi\/#primaryimage"},"image":{"@id":"https:\/\/kuuloasi.fi\/tuote\/widex-tulppaani-tippi\/#primaryimage"},"thumbnailUrl":"https:\/\/kuuloasi.fi\/wp-content\/uploads\/2025\/12\/widextulppaani-228x228-1.jpg","datePublished":"2025-12-04T09:15:09+00:00","dateModified":"2026-04-06T07:32:07+00:00","breadcrumb":{"@id":"https:\/\/kuuloasi.fi\/tuote\/widex-tulppaani-tippi\/#breadcrumb"},"inLanguage":"sv-SE","potentialAction":[{"@type":"ReadAction","target":["https:\/\/kuuloasi.fi\/tuote\/widex-tulppaani-tippi\/"]}]},{"@type":"ImageObject","inLanguage":"sv-SE","@id":"https:\/\/kuuloasi.fi\/tuote\/widex-tulppaani-tippi\/#primaryimage","url":"https:\/\/kuuloasi.fi\/wp-content\/uploads\/2025\/12\/widextulppaani-228x228-1.jpg","contentUrl":"https:\/\/kuuloasi.fi\/wp-content\/uploads\/2025\/12\/widextulppaani-228x228-1.jpg","width":228,"height":228},{"@type":"BreadcrumbList","@id":"https:\/\/kuuloasi.fi\/tuote\/widex-tulppaani-tippi\/#breadcrumb","itemListElement":[{"@type":"ListItem","position":1,"name":"Etusivu","item":"https:\/\/kuuloasi.fi\/"},{"@type":"ListItem","position":2,"name":"Kauppa","item":"https:\/\/kuuloasi.fi\/kauppa\/"},{"@type":"ListItem","position":3,"name":"Widex tulppaani tippi"}]},{"@type":"WebSite","@id":"https:\/\/kuuloasi.fi\/#website","url":"https:\/\/kuuloasi.fi\/","name":"h\u00f6rsel.co.uk","description":"","potentialAction":[{"@type":"SearchAction","target":{"@type":"EntryPoint","urlTemplate":"https:\/\/kuuloasi.fi\/?s={search_term_string}"},"query-input":{"@type":"PropertyValueSpecification","valueRequired":true,"valueName":"search_term_string"}}],"inLanguage":"sv-SE"}]}},"_links":{"self":[{"href":"https:\/\/kuuloasi.fi\/sv\/wp-json\/wp\/v2\/product\/755","targetHints":{"allow":["GET"]}}],"collection":[{"href":"https:\/\/kuuloasi.fi\/sv\/wp-json\/wp\/v2\/product"}],"about":[{"href":"https:\/\/kuuloasi.fi\/sv\/wp-json\/wp\/v2\/types\/product"}],"replies":[{"embeddable":true,"href":"https:\/\/kuuloasi.fi\/sv\/wp-json\/wp\/v2\/comments?post=755"}],"wp:featuredmedia":[{"embeddable":true,"href":"https:\/\/kuuloasi.fi\/sv\/wp-json\/wp\/v2\/media\/760"}],"wp:attachment":[{"href":"https:\/\/kuuloasi.fi\/sv\/wp-json\/wp\/v2\/media?parent=755"}],"wp:term":[{"taxonomy":"product_brand","embeddable":true,"href":"https:\/\/kuuloasi.fi\/sv\/wp-json\/wp\/v2\/product_brand?post=755"},{"taxonomy":"product_cat","embeddable":true,"href":"https:\/\/kuuloasi.fi\/sv\/wp-json\/wp\/v2\/product_cat?post=755"},{"taxonomy":"product_tag","embeddable":true,"href":"https:\/\/kuuloasi.fi\/sv\/wp-json\/wp\/v2\/product_tag?post=755"}],"curies":[{"name":"wp","href":"https:\/\/api.w.org\/{rel}","templated":true}]}}