{"id":749,"date":"2025-12-04T09:13:11","date_gmt":"2025-12-04T09:13:11","guid":{"rendered":"https:\/\/kuuloasi.fi\/?post_type=product&#038;p=749"},"modified":"2026-03-17T20:02:21","modified_gmt":"2026-03-17T20:02:21","slug":"widex-tupla-tippi","status":"publish","type":"product","link":"https:\/\/kuuloasi.fi\/sv\/produkt\/widex-tupla-tippi\/","title":{"rendered":"Widex dubbelspets"},"content":{"rendered":"<p><strong>En mer kraftfull h\u00f6rselupplevelse med Widex Double Tip<\/strong><\/p>\n<p>&nbsp;<\/p>\n<p>V\u00e4lkommen till Your Hearings onlinebutik, d\u00e4r du kan hitta det perfekta tillbeh\u00f6ret till dina Widex-h\u00f6rapparater. Kolla in Widex Instant RIC doppler! Detta tips har utformats speciellt f\u00f6r anv\u00e4ndare av Widex RIC S- och M-h\u00f6rlurar, vilket ger en extra bekv\u00e4m passform i \u00f6rat f\u00f6r en diskret b\u00e4rupplevelse.<\/p>\n<p>&nbsp;<\/p>\n<p>**<strong>Kraftfull Power-modell - alla ljud med maximal f\u00f6rst\u00e4rkning<\/strong><\/p>\n<p>Widex Double Tip, \u00e4ven k\u00e4nd som \u201dPower Tip\u201d, \u00e4r utformad f\u00f6r dem som beh\u00f6ver maximal ljudf\u00f6rst\u00e4rkning. Denna ultrat\u00e4ta in-ear-design m\u00f6jligg\u00f6r maximal f\u00f6rst\u00e4rkning av alla ljud. En \u00e4ndring av denna spetsdesign b\u00f6r alltid diskuteras med din audionom, eftersom den l\u00e4mpliga spetsdesignen beror p\u00e5 din individuella h\u00f6rsel.<\/p>\n<p>&nbsp;<\/p>\n<p><strong>Tre olika storlekar - XS, S, M och L<\/strong><\/p>\n<p>Widex Double Zip finns i fyra storlekar (XS, S, M och L), s\u00e5 du kan v\u00e4lja den storlek som passar dig i rullgardinsmenyn. Du beh\u00f6ver inte l\u00e4ngre kompromissa med r\u00e4tt storlek!<\/p>\n<p>&nbsp;<\/p>\n<p><strong>Kvalitet och kvantitet - f\u00f6rpackningar med 10 delar<\/strong><\/p>\n<p>Double-tips s\u00e4ljs i praktiska f\u00f6rpackningar om 10, s\u00e5 att du kan utrusta dina h\u00f6rlurar med tillr\u00e4ckligt m\u00e5nga tips f\u00f6r l\u00e5ngvarig anv\u00e4ndning. V\u00e4lj kvalitet och f\u00e5 maximal f\u00f6rst\u00e4rkning p\u00e5 samma g\u00e5ng.<\/p>\n<p>&nbsp;<\/p>\n<p><strong>Skaffa din Widex Double Tap nu<\/strong><\/p>\n<p>Med Widex Double Tip kan du uppleva din h\u00f6rselupplevelse p\u00e5 en ny och mer kraftfull niv\u00e5. Klicka p\u00e5 kundvagnen och se till att du f\u00e5r b\u00e4sta m\u00f6jliga ljudkvalitet och komfort med dina Widex-h\u00f6rlurar. H\u00f6r v\u00e4rlden p\u00e5 ett nytt s\u00e4tt!<\/p>","protected":false},"excerpt":{"rendered":"<p>V\u00e4lkommen till Your Hearings onlinebutik, d\u00e4r du kan hitta det perfekta tillbeh\u00f6ret till dina Widex-h\u00f6rapparater. Kolla in Widex Instant RIC doppler! Detta tips har utformats speciellt f\u00f6r anv\u00e4ndare av Widex RIC S- och M-h\u00f6rlurar, vilket ger en extra bekv\u00e4m passform i \u00f6rat f\u00f6r en diskret b\u00e4rupplevelse.<\/p>","protected":false},"featured_media":753,"comment_status":"closed","ping_status":"closed","template":"","meta":{"_acf_changed":false},"product_brand":[],"product_cat":[22,73],"product_tag":[77,116],"class_list":{"0":"post-749","1":"product","2":"type-product","3":"status-publish","4":"has-post-thumbnail","6":"product_cat-varaosat","7":"product_cat-widex","8":"product_tag-tippi","9":"product_tag-widex","11":"first","12":"instock","13":"taxable","14":"shipping-taxable","15":"purchasable","16":"product-type-variable"},"acf":[],"yoast_head":"<!-- This site is optimized with the Yoast SEO plugin v27.4 - https:\/\/yoast.com\/product\/yoast-seo-wordpress\/ -->\n<title>Widex tupla tippi - kuuloasi.fi<\/title>\n<meta name=\"robots\" content=\"index, follow, max-snippet:-1, max-image-preview:large, max-video-preview:-1\" \/>\n<link rel=\"canonical\" href=\"https:\/\/kuuloasi.fi\/sv\/produkt\/widex-tupla-tippi\/\" \/>\n<meta property=\"og:locale\" content=\"sv_SE\" \/>\n<meta property=\"og:type\" content=\"article\" \/>\n<meta property=\"og:title\" content=\"Widex tupla tippi - kuuloasi.fi\" \/>\n<meta property=\"og:description\" content=\"Tervetuloa Kuuloasi verkkokauppaan, miss\u00e4 voit l\u00f6yt\u00e4\u00e4 t\u00e4ydellisen lis\u00e4varusteen Widex-kuulokojeillesi. Tutustu Widexin Instant RIC -tuplatippiin! T\u00e4m\u00e4 tippi on suunniteltu erityisesti Widex-merkkisten RIC S- ja M-kuulokkeiden k\u00e4ytt\u00e4jille, tarjoten erityisen mukavan istuvuuden korvassa, jolloin kuulokojeen k\u00e4ytt\u00f6 on huomaamatonta.\" \/>\n<meta property=\"og:url\" content=\"https:\/\/kuuloasi.fi\/sv\/produkt\/widex-tupla-tippi\/\" \/>\n<meta property=\"og:site_name\" content=\"kuuloasi.fi\" \/>\n<meta property=\"article:modified_time\" content=\"2026-03-17T20:02:21+00:00\" \/>\n<meta property=\"og:image\" content=\"https:\/\/kuuloasi.fi\/wp-content\/uploads\/2025\/12\/Tupla-228x228-1.jpg\" \/>\n\t<meta property=\"og:image:width\" content=\"228\" \/>\n\t<meta property=\"og:image:height\" content=\"228\" \/>\n\t<meta property=\"og:image:type\" content=\"image\/jpeg\" \/>\n<meta name=\"twitter:card\" content=\"summary_large_image\" \/>\n<meta name=\"twitter:label1\" content=\"Ber\u00e4knad l\u00e4stid\" \/>\n\t<meta name=\"twitter:data1\" content=\"1 minut\" \/>\n<script type=\"application\/ld+json\" class=\"yoast-schema-graph\">{\"@context\":\"https:\\\/\\\/schema.org\",\"@graph\":[{\"@type\":\"WebPage\",\"@id\":\"https:\\\/\\\/kuuloasi.fi\\\/tuote\\\/widex-tupla-tippi\\\/\",\"url\":\"https:\\\/\\\/kuuloasi.fi\\\/tuote\\\/widex-tupla-tippi\\\/\",\"name\":\"Widex tupla tippi - kuuloasi.fi\",\"isPartOf\":{\"@id\":\"https:\\\/\\\/kuuloasi.fi\\\/#website\"},\"primaryImageOfPage\":{\"@id\":\"https:\\\/\\\/kuuloasi.fi\\\/tuote\\\/widex-tupla-tippi\\\/#primaryimage\"},\"image\":{\"@id\":\"https:\\\/\\\/kuuloasi.fi\\\/tuote\\\/widex-tupla-tippi\\\/#primaryimage\"},\"thumbnailUrl\":\"https:\\\/\\\/kuuloasi.fi\\\/wp-content\\\/uploads\\\/2025\\\/12\\\/Tupla-228x228-1.jpg\",\"datePublished\":\"2025-12-04T09:13:11+00:00\",\"dateModified\":\"2026-03-17T20:02:21+00:00\",\"breadcrumb\":{\"@id\":\"https:\\\/\\\/kuuloasi.fi\\\/tuote\\\/widex-tupla-tippi\\\/#breadcrumb\"},\"inLanguage\":\"sv-SE\",\"potentialAction\":[{\"@type\":\"ReadAction\",\"target\":[\"https:\\\/\\\/kuuloasi.fi\\\/tuote\\\/widex-tupla-tippi\\\/\"]}]},{\"@type\":\"ImageObject\",\"inLanguage\":\"sv-SE\",\"@id\":\"https:\\\/\\\/kuuloasi.fi\\\/tuote\\\/widex-tupla-tippi\\\/#primaryimage\",\"url\":\"https:\\\/\\\/kuuloasi.fi\\\/wp-content\\\/uploads\\\/2025\\\/12\\\/Tupla-228x228-1.jpg\",\"contentUrl\":\"https:\\\/\\\/kuuloasi.fi\\\/wp-content\\\/uploads\\\/2025\\\/12\\\/Tupla-228x228-1.jpg\",\"width\":228,\"height\":228},{\"@type\":\"BreadcrumbList\",\"@id\":\"https:\\\/\\\/kuuloasi.fi\\\/tuote\\\/widex-tupla-tippi\\\/#breadcrumb\",\"itemListElement\":[{\"@type\":\"ListItem\",\"position\":1,\"name\":\"Etusivu\",\"item\":\"https:\\\/\\\/kuuloasi.fi\\\/\"},{\"@type\":\"ListItem\",\"position\":2,\"name\":\"Kauppa\",\"item\":\"https:\\\/\\\/kuuloasi.fi\\\/kauppa\\\/\"},{\"@type\":\"ListItem\",\"position\":3,\"name\":\"Widex tupla tippi\"}]},{\"@type\":\"WebSite\",\"@id\":\"https:\\\/\\\/kuuloasi.fi\\\/#website\",\"url\":\"https:\\\/\\\/kuuloasi.fi\\\/\",\"name\":\"kuuloasi.fi\",\"description\":\"\",\"potentialAction\":[{\"@type\":\"SearchAction\",\"target\":{\"@type\":\"EntryPoint\",\"urlTemplate\":\"https:\\\/\\\/kuuloasi.fi\\\/?s={search_term_string}\"},\"query-input\":{\"@type\":\"PropertyValueSpecification\",\"valueRequired\":true,\"valueName\":\"search_term_string\"}}],\"inLanguage\":\"sv-SE\"}]}<\/script>\n<!-- \/ Yoast SEO plugin. -->","yoast_head_json":{"title":"Widex tupla tippi - kuuloasi.fi","robots":{"index":"index","follow":"follow","max-snippet":"max-snippet:-1","max-image-preview":"max-image-preview:large","max-video-preview":"max-video-preview:-1"},"canonical":"https:\/\/kuuloasi.fi\/sv\/produkt\/widex-tupla-tippi\/","og_locale":"sv_SE","og_type":"article","og_title":"Widex tupla tippi - kuuloasi.fi","og_description":"Tervetuloa Kuuloasi verkkokauppaan, miss\u00e4 voit l\u00f6yt\u00e4\u00e4 t\u00e4ydellisen lis\u00e4varusteen Widex-kuulokojeillesi. Tutustu Widexin Instant RIC -tuplatippiin! T\u00e4m\u00e4 tippi on suunniteltu erityisesti Widex-merkkisten RIC S- ja M-kuulokkeiden k\u00e4ytt\u00e4jille, tarjoten erityisen mukavan istuvuuden korvassa, jolloin kuulokojeen k\u00e4ytt\u00f6 on huomaamatonta.","og_url":"https:\/\/kuuloasi.fi\/sv\/produkt\/widex-tupla-tippi\/","og_site_name":"kuuloasi.fi","article_modified_time":"2026-03-17T20:02:21+00:00","og_image":[{"width":228,"height":228,"url":"https:\/\/kuuloasi.fi\/wp-content\/uploads\/2025\/12\/Tupla-228x228-1.jpg","type":"image\/jpeg"}],"twitter_card":"summary_large_image","twitter_misc":{"Ber\u00e4knad l\u00e4stid":"1 minut"},"schema":{"@context":"https:\/\/schema.org","@graph":[{"@type":"WebPage","@id":"https:\/\/kuuloasi.fi\/tuote\/widex-tupla-tippi\/","url":"https:\/\/kuuloasi.fi\/tuote\/widex-tupla-tippi\/","name":"Widex tupla tippi - kuuloasi.fi","isPartOf":{"@id":"https:\/\/kuuloasi.fi\/#website"},"primaryImageOfPage":{"@id":"https:\/\/kuuloasi.fi\/tuote\/widex-tupla-tippi\/#primaryimage"},"image":{"@id":"https:\/\/kuuloasi.fi\/tuote\/widex-tupla-tippi\/#primaryimage"},"thumbnailUrl":"https:\/\/kuuloasi.fi\/wp-content\/uploads\/2025\/12\/Tupla-228x228-1.jpg","datePublished":"2025-12-04T09:13:11+00:00","dateModified":"2026-03-17T20:02:21+00:00","breadcrumb":{"@id":"https:\/\/kuuloasi.fi\/tuote\/widex-tupla-tippi\/#breadcrumb"},"inLanguage":"sv-SE","potentialAction":[{"@type":"ReadAction","target":["https:\/\/kuuloasi.fi\/tuote\/widex-tupla-tippi\/"]}]},{"@type":"ImageObject","inLanguage":"sv-SE","@id":"https:\/\/kuuloasi.fi\/tuote\/widex-tupla-tippi\/#primaryimage","url":"https:\/\/kuuloasi.fi\/wp-content\/uploads\/2025\/12\/Tupla-228x228-1.jpg","contentUrl":"https:\/\/kuuloasi.fi\/wp-content\/uploads\/2025\/12\/Tupla-228x228-1.jpg","width":228,"height":228},{"@type":"BreadcrumbList","@id":"https:\/\/kuuloasi.fi\/tuote\/widex-tupla-tippi\/#breadcrumb","itemListElement":[{"@type":"ListItem","position":1,"name":"Etusivu","item":"https:\/\/kuuloasi.fi\/"},{"@type":"ListItem","position":2,"name":"Kauppa","item":"https:\/\/kuuloasi.fi\/kauppa\/"},{"@type":"ListItem","position":3,"name":"Widex tupla tippi"}]},{"@type":"WebSite","@id":"https:\/\/kuuloasi.fi\/#website","url":"https:\/\/kuuloasi.fi\/","name":"h\u00f6rsel.co.uk","description":"","potentialAction":[{"@type":"SearchAction","target":{"@type":"EntryPoint","urlTemplate":"https:\/\/kuuloasi.fi\/?s={search_term_string}"},"query-input":{"@type":"PropertyValueSpecification","valueRequired":true,"valueName":"search_term_string"}}],"inLanguage":"sv-SE"}]}},"_links":{"self":[{"href":"https:\/\/kuuloasi.fi\/sv\/wp-json\/wp\/v2\/product\/749","targetHints":{"allow":["GET"]}}],"collection":[{"href":"https:\/\/kuuloasi.fi\/sv\/wp-json\/wp\/v2\/product"}],"about":[{"href":"https:\/\/kuuloasi.fi\/sv\/wp-json\/wp\/v2\/types\/product"}],"replies":[{"embeddable":true,"href":"https:\/\/kuuloasi.fi\/sv\/wp-json\/wp\/v2\/comments?post=749"}],"wp:featuredmedia":[{"embeddable":true,"href":"https:\/\/kuuloasi.fi\/sv\/wp-json\/wp\/v2\/media\/753"}],"wp:attachment":[{"href":"https:\/\/kuuloasi.fi\/sv\/wp-json\/wp\/v2\/media?parent=749"}],"wp:term":[{"taxonomy":"product_brand","embeddable":true,"href":"https:\/\/kuuloasi.fi\/sv\/wp-json\/wp\/v2\/product_brand?post=749"},{"taxonomy":"product_cat","embeddable":true,"href":"https:\/\/kuuloasi.fi\/sv\/wp-json\/wp\/v2\/product_cat?post=749"},{"taxonomy":"product_tag","embeddable":true,"href":"https:\/\/kuuloasi.fi\/sv\/wp-json\/wp\/v2\/product_tag?post=749"}],"curies":[{"name":"wp","href":"https:\/\/api.w.org\/{rel}","templated":true}]}}