{"id":744,"date":"2025-12-04T09:12:57","date_gmt":"2025-12-04T09:12:57","guid":{"rendered":"https:\/\/kuuloasi.fi\/?post_type=product&#038;p=744"},"modified":"2026-04-12T15:21:21","modified_gmt":"2026-04-12T15:21:21","slug":"widex-avoin-tippi","status":"publish","type":"product","link":"https:\/\/kuuloasi.fi\/sv\/produkt\/widex-avoin-tippi\/","title":{"rendered":"Widex \u00f6ppen spets"},"content":{"rendered":"<p><strong>Varf\u00f6r v\u00e4lja Widex Instant open drop?<\/strong><\/p>\n<p>Den \u00f6ppna passformen g\u00f6r att luften kan fl\u00f6da fritt runt h\u00f6rlurarna, vilket g\u00f6r dem s\u00e4rskilt bekv\u00e4ma och diskreta att b\u00e4ra. Det inneb\u00e4r att du kan njuta av klart ljud utan o\u00f6nskat eko eller en blockerad k\u00e4nsla i \u00f6ronen. F\u00f6r mer information om hur du \u00e4ndrar droppm\u00f6nstret rekommenderar vi att du pratar med din audionom, eftersom droppm\u00f6nstret beror p\u00e5 din individuella h\u00f6rsel.<\/p>\n<p>&nbsp;<\/p>\n<p><strong>V\u00e4lj r\u00e4tt storlek - tre olika Widex pincettmodeller<\/strong><\/p>\n<p>Widex tees finns i tre storlekar (XS, S och L), s\u00e5 att du kan v\u00e4lja den storlek som passar dig b\u00e4st. Du beh\u00f6ver inte l\u00e4ngre b\u00e4ra fel storlek, vi erbjuder dig alternativ.<\/p>\n<p>&nbsp;<\/p>\n<p><strong>L\u00e5ng livsl\u00e4ngd och enkel anv\u00e4ndning - f\u00f6rpackningar med 10 delar<\/strong><\/p>\n<p>Dessutom s\u00e4ljs Widex Instant RIC pegs i praktiska f\u00f6rpackningar om 10. Detta inneb\u00e4r att du kan utrusta dina h\u00f6rlurar med ett tillr\u00e4ckligt antal spetsar f\u00f6r l\u00e5ngvarig anv\u00e4ndning. Gl\u00f6m vanliga ink\u00f6p - v\u00e4lj kvalitet och komfort f\u00f6r din h\u00f6rsel genom v\u00e5r onlinebutik.<\/p>\n<p>&nbsp;<\/p>\n<p><strong>F\u00e5 din Widex Instant RIC nu<\/strong><\/p>\n<p>Med Widex Instant RIC-pluggen kan du ta din h\u00f6rselupplevelse till n\u00e4sta niv\u00e5. Klicka p\u00e5 kundvagnen och se till att du f\u00e5r b\u00e4sta m\u00f6jliga ljudkvalitet och komfort med dina Widex-h\u00f6rlurar. Bli en av de tusentals n\u00f6jda kunder som redan har uppt\u00e4ckt denna h\u00f6gkvalitativa drop-l\u00f6sning.<strong>\u00a0<\/strong>Skaffa din egen Widex Instant RIC nu och h\u00f6r v\u00e4rlden p\u00e5 ett nytt s\u00e4tt!<\/p>","protected":false},"excerpt":{"rendered":"<p>Letar du efter det perfekta tillbeh\u00f6ret till din Widex-h\u00f6rapparat? H\u00e4r \u00e4r den - Instant RIC-pluggen f\u00f6r Widex h\u00f6rapparater. Den h\u00e4r proppen \u00e4r s\u00e4rskilt utformad f\u00f6r anv\u00e4ndare av Widex RIC S- och M-headset och ger en fantastisk h\u00f6rselupplevelse. Den \u00f6ppna spetsdesignen ger dig b\u00e4sta m\u00f6jliga ljudkvalitet och komfort.<\/p>","protected":false},"featured_media":748,"comment_status":"closed","ping_status":"closed","template":"","meta":{"_acf_changed":false},"product_brand":[],"product_cat":[22,73],"product_tag":[77,116],"class_list":{"0":"post-744","1":"product","2":"type-product","3":"status-publish","4":"has-post-thumbnail","6":"product_cat-varaosat","7":"product_cat-widex","8":"product_tag-tippi","9":"product_tag-widex","11":"first","12":"instock","13":"taxable","14":"shipping-taxable","15":"purchasable","16":"product-type-variable"},"acf":[],"yoast_head":"<!-- This site is optimized with the Yoast SEO plugin v27.4 - https:\/\/yoast.com\/product\/yoast-seo-wordpress\/ -->\n<title>Widex avoin tippi - kuuloasi.fi<\/title>\n<meta name=\"robots\" content=\"index, follow, max-snippet:-1, max-image-preview:large, max-video-preview:-1\" \/>\n<link rel=\"canonical\" href=\"https:\/\/kuuloasi.fi\/sv\/produkt\/widex-avoin-tippi\/\" \/>\n<meta property=\"og:locale\" content=\"sv_SE\" \/>\n<meta property=\"og:type\" content=\"article\" \/>\n<meta property=\"og:title\" content=\"Widex avoin tippi - kuuloasi.fi\" \/>\n<meta property=\"og:description\" content=\"Etsitk\u00f6 t\u00e4ydellist\u00e4 lis\u00e4varustetta Widex-kuulokojeellesi? Etsim\u00e4si on t\u00e4ss\u00e4 \u2013 Widexin kuulokojeiden Instant RIC-tippi. T\u00e4m\u00e4 tippi on suunniteltu erityisesti Widex-merkkisten RIC S- ja M-kuulokkeiden k\u00e4ytt\u00e4jille, ja se tarjoaa loistavan kuulokokemuksen. T\u00e4m\u00e4n avoimen tippimallin ansiosta saat parhaan mahdollisen \u00e4\u00e4nentoiston ja mukavuuden.\" \/>\n<meta property=\"og:url\" content=\"https:\/\/kuuloasi.fi\/sv\/produkt\/widex-avoin-tippi\/\" \/>\n<meta property=\"og:site_name\" content=\"kuuloasi.fi\" \/>\n<meta property=\"article:modified_time\" content=\"2026-04-12T15:21:21+00:00\" \/>\n<meta property=\"og:image\" content=\"https:\/\/kuuloasi.fi\/wp-content\/uploads\/2025\/12\/InstantOpen_comp-228x228-1.jpg\" \/>\n\t<meta property=\"og:image:width\" content=\"228\" \/>\n\t<meta property=\"og:image:height\" content=\"228\" \/>\n\t<meta property=\"og:image:type\" content=\"image\/jpeg\" \/>\n<meta name=\"twitter:card\" content=\"summary_large_image\" \/>\n<meta name=\"twitter:label1\" content=\"Ber\u00e4knad l\u00e4stid\" \/>\n\t<meta name=\"twitter:data1\" content=\"1 minut\" \/>\n<script type=\"application\/ld+json\" class=\"yoast-schema-graph\">{\"@context\":\"https:\\\/\\\/schema.org\",\"@graph\":[{\"@type\":\"WebPage\",\"@id\":\"https:\\\/\\\/kuuloasi.fi\\\/tuote\\\/widex-avoin-tippi\\\/\",\"url\":\"https:\\\/\\\/kuuloasi.fi\\\/tuote\\\/widex-avoin-tippi\\\/\",\"name\":\"Widex avoin tippi - kuuloasi.fi\",\"isPartOf\":{\"@id\":\"https:\\\/\\\/kuuloasi.fi\\\/#website\"},\"primaryImageOfPage\":{\"@id\":\"https:\\\/\\\/kuuloasi.fi\\\/tuote\\\/widex-avoin-tippi\\\/#primaryimage\"},\"image\":{\"@id\":\"https:\\\/\\\/kuuloasi.fi\\\/tuote\\\/widex-avoin-tippi\\\/#primaryimage\"},\"thumbnailUrl\":\"https:\\\/\\\/kuuloasi.fi\\\/wp-content\\\/uploads\\\/2025\\\/12\\\/InstantOpen_comp-228x228-1.jpg\",\"datePublished\":\"2025-12-04T09:12:57+00:00\",\"dateModified\":\"2026-04-12T15:21:21+00:00\",\"breadcrumb\":{\"@id\":\"https:\\\/\\\/kuuloasi.fi\\\/tuote\\\/widex-avoin-tippi\\\/#breadcrumb\"},\"inLanguage\":\"sv-SE\",\"potentialAction\":[{\"@type\":\"ReadAction\",\"target\":[\"https:\\\/\\\/kuuloasi.fi\\\/tuote\\\/widex-avoin-tippi\\\/\"]}]},{\"@type\":\"ImageObject\",\"inLanguage\":\"sv-SE\",\"@id\":\"https:\\\/\\\/kuuloasi.fi\\\/tuote\\\/widex-avoin-tippi\\\/#primaryimage\",\"url\":\"https:\\\/\\\/kuuloasi.fi\\\/wp-content\\\/uploads\\\/2025\\\/12\\\/InstantOpen_comp-228x228-1.jpg\",\"contentUrl\":\"https:\\\/\\\/kuuloasi.fi\\\/wp-content\\\/uploads\\\/2025\\\/12\\\/InstantOpen_comp-228x228-1.jpg\",\"width\":228,\"height\":228},{\"@type\":\"BreadcrumbList\",\"@id\":\"https:\\\/\\\/kuuloasi.fi\\\/tuote\\\/widex-avoin-tippi\\\/#breadcrumb\",\"itemListElement\":[{\"@type\":\"ListItem\",\"position\":1,\"name\":\"Etusivu\",\"item\":\"https:\\\/\\\/kuuloasi.fi\\\/\"},{\"@type\":\"ListItem\",\"position\":2,\"name\":\"Kauppa\",\"item\":\"https:\\\/\\\/kuuloasi.fi\\\/kauppa\\\/\"},{\"@type\":\"ListItem\",\"position\":3,\"name\":\"Widex avoin tippi\"}]},{\"@type\":\"WebSite\",\"@id\":\"https:\\\/\\\/kuuloasi.fi\\\/#website\",\"url\":\"https:\\\/\\\/kuuloasi.fi\\\/\",\"name\":\"kuuloasi.fi\",\"description\":\"\",\"potentialAction\":[{\"@type\":\"SearchAction\",\"target\":{\"@type\":\"EntryPoint\",\"urlTemplate\":\"https:\\\/\\\/kuuloasi.fi\\\/?s={search_term_string}\"},\"query-input\":{\"@type\":\"PropertyValueSpecification\",\"valueRequired\":true,\"valueName\":\"search_term_string\"}}],\"inLanguage\":\"sv-SE\"}]}<\/script>\n<!-- \/ Yoast SEO plugin. -->","yoast_head_json":{"title":"Widex avoin tippi - kuuloasi.fi","robots":{"index":"index","follow":"follow","max-snippet":"max-snippet:-1","max-image-preview":"max-image-preview:large","max-video-preview":"max-video-preview:-1"},"canonical":"https:\/\/kuuloasi.fi\/sv\/produkt\/widex-avoin-tippi\/","og_locale":"sv_SE","og_type":"article","og_title":"Widex avoin tippi - kuuloasi.fi","og_description":"Etsitk\u00f6 t\u00e4ydellist\u00e4 lis\u00e4varustetta Widex-kuulokojeellesi? Etsim\u00e4si on t\u00e4ss\u00e4 \u2013 Widexin kuulokojeiden Instant RIC-tippi. T\u00e4m\u00e4 tippi on suunniteltu erityisesti Widex-merkkisten RIC S- ja M-kuulokkeiden k\u00e4ytt\u00e4jille, ja se tarjoaa loistavan kuulokokemuksen. T\u00e4m\u00e4n avoimen tippimallin ansiosta saat parhaan mahdollisen \u00e4\u00e4nentoiston ja mukavuuden.","og_url":"https:\/\/kuuloasi.fi\/sv\/produkt\/widex-avoin-tippi\/","og_site_name":"kuuloasi.fi","article_modified_time":"2026-04-12T15:21:21+00:00","og_image":[{"width":228,"height":228,"url":"https:\/\/kuuloasi.fi\/wp-content\/uploads\/2025\/12\/InstantOpen_comp-228x228-1.jpg","type":"image\/jpeg"}],"twitter_card":"summary_large_image","twitter_misc":{"Ber\u00e4knad l\u00e4stid":"1 minut"},"schema":{"@context":"https:\/\/schema.org","@graph":[{"@type":"WebPage","@id":"https:\/\/kuuloasi.fi\/tuote\/widex-avoin-tippi\/","url":"https:\/\/kuuloasi.fi\/tuote\/widex-avoin-tippi\/","name":"Widex avoin tippi - kuuloasi.fi","isPartOf":{"@id":"https:\/\/kuuloasi.fi\/#website"},"primaryImageOfPage":{"@id":"https:\/\/kuuloasi.fi\/tuote\/widex-avoin-tippi\/#primaryimage"},"image":{"@id":"https:\/\/kuuloasi.fi\/tuote\/widex-avoin-tippi\/#primaryimage"},"thumbnailUrl":"https:\/\/kuuloasi.fi\/wp-content\/uploads\/2025\/12\/InstantOpen_comp-228x228-1.jpg","datePublished":"2025-12-04T09:12:57+00:00","dateModified":"2026-04-12T15:21:21+00:00","breadcrumb":{"@id":"https:\/\/kuuloasi.fi\/tuote\/widex-avoin-tippi\/#breadcrumb"},"inLanguage":"sv-SE","potentialAction":[{"@type":"ReadAction","target":["https:\/\/kuuloasi.fi\/tuote\/widex-avoin-tippi\/"]}]},{"@type":"ImageObject","inLanguage":"sv-SE","@id":"https:\/\/kuuloasi.fi\/tuote\/widex-avoin-tippi\/#primaryimage","url":"https:\/\/kuuloasi.fi\/wp-content\/uploads\/2025\/12\/InstantOpen_comp-228x228-1.jpg","contentUrl":"https:\/\/kuuloasi.fi\/wp-content\/uploads\/2025\/12\/InstantOpen_comp-228x228-1.jpg","width":228,"height":228},{"@type":"BreadcrumbList","@id":"https:\/\/kuuloasi.fi\/tuote\/widex-avoin-tippi\/#breadcrumb","itemListElement":[{"@type":"ListItem","position":1,"name":"Etusivu","item":"https:\/\/kuuloasi.fi\/"},{"@type":"ListItem","position":2,"name":"Kauppa","item":"https:\/\/kuuloasi.fi\/kauppa\/"},{"@type":"ListItem","position":3,"name":"Widex avoin tippi"}]},{"@type":"WebSite","@id":"https:\/\/kuuloasi.fi\/#website","url":"https:\/\/kuuloasi.fi\/","name":"h\u00f6rsel.co.uk","description":"","potentialAction":[{"@type":"SearchAction","target":{"@type":"EntryPoint","urlTemplate":"https:\/\/kuuloasi.fi\/?s={search_term_string}"},"query-input":{"@type":"PropertyValueSpecification","valueRequired":true,"valueName":"search_term_string"}}],"inLanguage":"sv-SE"}]}},"_links":{"self":[{"href":"https:\/\/kuuloasi.fi\/sv\/wp-json\/wp\/v2\/product\/744","targetHints":{"allow":["GET"]}}],"collection":[{"href":"https:\/\/kuuloasi.fi\/sv\/wp-json\/wp\/v2\/product"}],"about":[{"href":"https:\/\/kuuloasi.fi\/sv\/wp-json\/wp\/v2\/types\/product"}],"replies":[{"embeddable":true,"href":"https:\/\/kuuloasi.fi\/sv\/wp-json\/wp\/v2\/comments?post=744"}],"wp:featuredmedia":[{"embeddable":true,"href":"https:\/\/kuuloasi.fi\/sv\/wp-json\/wp\/v2\/media\/748"}],"wp:attachment":[{"href":"https:\/\/kuuloasi.fi\/sv\/wp-json\/wp\/v2\/media?parent=744"}],"wp:term":[{"taxonomy":"product_brand","embeddable":true,"href":"https:\/\/kuuloasi.fi\/sv\/wp-json\/wp\/v2\/product_brand?post=744"},{"taxonomy":"product_cat","embeddable":true,"href":"https:\/\/kuuloasi.fi\/sv\/wp-json\/wp\/v2\/product_cat?post=744"},{"taxonomy":"product_tag","embeddable":true,"href":"https:\/\/kuuloasi.fi\/sv\/wp-json\/wp\/v2\/product_tag?post=744"}],"curies":[{"name":"wp","href":"https:\/\/api.w.org\/{rel}","templated":true}]}}