{"id":735,"date":"2025-12-04T08:43:12","date_gmt":"2025-12-04T08:43:12","guid":{"rendered":"https:\/\/kuuloasi.fi\/?post_type=product&#038;p=735"},"modified":"2026-03-17T19:56:54","modified_gmt":"2026-03-17T19:56:54","slug":"siemens-click-dome-tupla-tippi","status":"publish","type":"product","link":"https:\/\/kuuloasi.fi\/sv\/produkt\/siemens-click-dome-tupla-tippi\/","title":{"rendered":"Siemens Click Dome dubbeldropp"},"content":{"rendered":"<p><strong>Click Dome dubbelspets<\/strong><\/p>\n<p>&nbsp;<\/p>\n<p>Siemens Click Dome-serie med dubbla spetsar, som passar h\u00f6rlurarna till Siemens, Signia och Rextone h\u00f6rapparater. Adaptern f\u00e4sts p\u00e5 \u00f6ronsn\u00e4ckan genom att trycka p\u00e5 \u00f6ronsn\u00e4ckan. Den \u00e4r tillverkad i ett mjukt material som ger en mycket behaglig k\u00e4nsla i \u00f6rat. Byte av packningen \u00e4r en del av underh\u00e5llet av h\u00f6rapparaten och packningen ska bytas ut vid behov.<\/p>\n<p>&nbsp;<\/p>\n<p>En dubbel spets \u00e4r ocks\u00e5 k\u00e4nd som en power tip. Power-namnet kommer fr\u00e5n spetsens egenskaper, eftersom modellen sitter mycket t\u00e4tt i \u00f6rat, vilket ger maximal f\u00f6rst\u00e4rkning av alla ljud. Dubbelspetsen \u00e4r b\u00e4st l\u00e4mpad f\u00f6r dem som beh\u00f6ver maximal f\u00f6rst\u00e4rkning av sina h\u00f6rapparater. Vi rekommenderar att du alltid diskuterar med din audionom innan du byter modell p\u00e5 spetsen, eftersom modellen beror mycket p\u00e5 individens h\u00f6rsel.<\/p>\n<p>&nbsp;<\/p>\n<p>Click dubbelspets finns i tv\u00e5 olika storlekar (8\/10 mm, 10\/12 mm). V\u00e4lj den storlek som passar dig i rullgardinsmenyn.<\/p>\n<p>&nbsp;<\/p>\n<p>Dropparna s\u00e4ljs i f\u00f6rpackningar om 6 st.<\/p>","protected":false},"excerpt":{"rendered":"<p>Siemens Click Dome-serie med dubbla spetsar, som passar h\u00f6rlurarna till Siemens, Signia och Rextone h\u00f6rapparater. Adaptern f\u00e4sts p\u00e5 \u00f6ronsn\u00e4ckan genom att trycka p\u00e5 \u00f6ronsn\u00e4ckan. Den \u00e4r tillverkad i ett mjukt material som ger en mycket behaglig k\u00e4nsla i \u00f6rat. Byte av packningen \u00e4r en del av underh\u00e5llet av h\u00f6rapparaten och packningen ska bytas ut vid behov.<\/p>\n<p>&nbsp;<\/p>","protected":false},"featured_media":739,"comment_status":"closed","ping_status":"closed","template":"","meta":{"_acf_changed":false},"product_brand":[],"product_cat":[72,22],"product_tag":[113,111,77],"class_list":{"0":"post-735","1":"product","2":"type-product","3":"status-publish","4":"has-post-thumbnail","6":"product_cat-signia","7":"product_cat-varaosat","8":"product_tag-siemens","9":"product_tag-signia","10":"product_tag-tippi","12":"first","13":"instock","14":"taxable","15":"shipping-taxable","16":"purchasable","17":"product-type-variable"},"acf":[],"yoast_head":"<!-- This site is optimized with the Yoast SEO plugin v27.4 - https:\/\/yoast.com\/product\/yoast-seo-wordpress\/ -->\n<title>Siemens Click Dome tupla tippi - kuuloasi.fi<\/title>\n<meta name=\"robots\" content=\"index, follow, max-snippet:-1, max-image-preview:large, max-video-preview:-1\" \/>\n<link rel=\"canonical\" href=\"https:\/\/kuuloasi.fi\/sv\/produkt\/siemens-click-dome-tupla-tippi\/\" \/>\n<meta property=\"og:locale\" content=\"sv_SE\" \/>\n<meta property=\"og:type\" content=\"article\" \/>\n<meta property=\"og:title\" content=\"Siemens Click Dome tupla tippi - kuuloasi.fi\" \/>\n<meta property=\"og:description\" content=\"Siemens Click Dome sarjan tupla tippi, joka k\u00e4y Siemens, Signia ja Rextone merkkisten kuulolaitteiden kuulokkeihin. Sovite kiinnitet\u00e4\u00e4n kuulokkeen p\u00e4h\u00e4n painamalla. Sovite on materiaaliltaan pehme\u00e4, joka takaa eritt\u00e4in mukavan k\u00e4ytt\u00f6kokemuksen korvassa. Sovitteen vaihtaminen on osa kuulokojeen huoltamista ja sovite tulee vaihtaa tarvittaessa.  &nbsp;\" \/>\n<meta property=\"og:url\" content=\"https:\/\/kuuloasi.fi\/sv\/produkt\/siemens-click-dome-tupla-tippi\/\" \/>\n<meta property=\"og:site_name\" content=\"kuuloasi.fi\" \/>\n<meta property=\"article:modified_time\" content=\"2026-03-17T19:56:54+00:00\" \/>\n<meta property=\"og:image\" content=\"https:\/\/kuuloasi.fi\/wp-content\/uploads\/2025\/12\/3SA426027.jpg\" \/>\n\t<meta property=\"og:image:width\" content=\"1042\" \/>\n\t<meta property=\"og:image:height\" content=\"1042\" \/>\n\t<meta property=\"og:image:type\" content=\"image\/jpeg\" \/>\n<meta name=\"twitter:card\" content=\"summary_large_image\" \/>\n<meta name=\"twitter:label1\" content=\"Ber\u00e4knad l\u00e4stid\" \/>\n\t<meta name=\"twitter:data1\" content=\"1 minut\" \/>\n<script type=\"application\/ld+json\" class=\"yoast-schema-graph\">{\"@context\":\"https:\\\/\\\/schema.org\",\"@graph\":[{\"@type\":\"WebPage\",\"@id\":\"https:\\\/\\\/kuuloasi.fi\\\/tuote\\\/siemens-click-dome-tupla-tippi\\\/\",\"url\":\"https:\\\/\\\/kuuloasi.fi\\\/tuote\\\/siemens-click-dome-tupla-tippi\\\/\",\"name\":\"Siemens Click Dome tupla tippi - kuuloasi.fi\",\"isPartOf\":{\"@id\":\"https:\\\/\\\/kuuloasi.fi\\\/#website\"},\"primaryImageOfPage\":{\"@id\":\"https:\\\/\\\/kuuloasi.fi\\\/tuote\\\/siemens-click-dome-tupla-tippi\\\/#primaryimage\"},\"image\":{\"@id\":\"https:\\\/\\\/kuuloasi.fi\\\/tuote\\\/siemens-click-dome-tupla-tippi\\\/#primaryimage\"},\"thumbnailUrl\":\"https:\\\/\\\/kuuloasi.fi\\\/wp-content\\\/uploads\\\/2025\\\/12\\\/3SA426027.jpg\",\"datePublished\":\"2025-12-04T08:43:12+00:00\",\"dateModified\":\"2026-03-17T19:56:54+00:00\",\"breadcrumb\":{\"@id\":\"https:\\\/\\\/kuuloasi.fi\\\/tuote\\\/siemens-click-dome-tupla-tippi\\\/#breadcrumb\"},\"inLanguage\":\"sv-SE\",\"potentialAction\":[{\"@type\":\"ReadAction\",\"target\":[\"https:\\\/\\\/kuuloasi.fi\\\/tuote\\\/siemens-click-dome-tupla-tippi\\\/\"]}]},{\"@type\":\"ImageObject\",\"inLanguage\":\"sv-SE\",\"@id\":\"https:\\\/\\\/kuuloasi.fi\\\/tuote\\\/siemens-click-dome-tupla-tippi\\\/#primaryimage\",\"url\":\"https:\\\/\\\/kuuloasi.fi\\\/wp-content\\\/uploads\\\/2025\\\/12\\\/3SA426027.jpg\",\"contentUrl\":\"https:\\\/\\\/kuuloasi.fi\\\/wp-content\\\/uploads\\\/2025\\\/12\\\/3SA426027.jpg\",\"width\":1042,\"height\":1042},{\"@type\":\"BreadcrumbList\",\"@id\":\"https:\\\/\\\/kuuloasi.fi\\\/tuote\\\/siemens-click-dome-tupla-tippi\\\/#breadcrumb\",\"itemListElement\":[{\"@type\":\"ListItem\",\"position\":1,\"name\":\"Etusivu\",\"item\":\"https:\\\/\\\/kuuloasi.fi\\\/\"},{\"@type\":\"ListItem\",\"position\":2,\"name\":\"Kauppa\",\"item\":\"https:\\\/\\\/kuuloasi.fi\\\/kauppa\\\/\"},{\"@type\":\"ListItem\",\"position\":3,\"name\":\"Siemens Click Dome tupla tippi\"}]},{\"@type\":\"WebSite\",\"@id\":\"https:\\\/\\\/kuuloasi.fi\\\/#website\",\"url\":\"https:\\\/\\\/kuuloasi.fi\\\/\",\"name\":\"kuuloasi.fi\",\"description\":\"\",\"potentialAction\":[{\"@type\":\"SearchAction\",\"target\":{\"@type\":\"EntryPoint\",\"urlTemplate\":\"https:\\\/\\\/kuuloasi.fi\\\/?s={search_term_string}\"},\"query-input\":{\"@type\":\"PropertyValueSpecification\",\"valueRequired\":true,\"valueName\":\"search_term_string\"}}],\"inLanguage\":\"sv-SE\"}]}<\/script>\n<!-- \/ Yoast SEO plugin. -->","yoast_head_json":{"title":"Siemens Click Dome tupla tippi - kuuloasi.fi","robots":{"index":"index","follow":"follow","max-snippet":"max-snippet:-1","max-image-preview":"max-image-preview:large","max-video-preview":"max-video-preview:-1"},"canonical":"https:\/\/kuuloasi.fi\/sv\/produkt\/siemens-click-dome-tupla-tippi\/","og_locale":"sv_SE","og_type":"article","og_title":"Siemens Click Dome tupla tippi - kuuloasi.fi","og_description":"Siemens Click Dome sarjan tupla tippi, joka k\u00e4y Siemens, Signia ja Rextone merkkisten kuulolaitteiden kuulokkeihin. Sovite kiinnitet\u00e4\u00e4n kuulokkeen p\u00e4h\u00e4n painamalla. Sovite on materiaaliltaan pehme\u00e4, joka takaa eritt\u00e4in mukavan k\u00e4ytt\u00f6kokemuksen korvassa. Sovitteen vaihtaminen on osa kuulokojeen huoltamista ja sovite tulee vaihtaa tarvittaessa.  &nbsp;","og_url":"https:\/\/kuuloasi.fi\/sv\/produkt\/siemens-click-dome-tupla-tippi\/","og_site_name":"kuuloasi.fi","article_modified_time":"2026-03-17T19:56:54+00:00","og_image":[{"width":1042,"height":1042,"url":"https:\/\/kuuloasi.fi\/wp-content\/uploads\/2025\/12\/3SA426027.jpg","type":"image\/jpeg"}],"twitter_card":"summary_large_image","twitter_misc":{"Ber\u00e4knad l\u00e4stid":"1 minut"},"schema":{"@context":"https:\/\/schema.org","@graph":[{"@type":"WebPage","@id":"https:\/\/kuuloasi.fi\/tuote\/siemens-click-dome-tupla-tippi\/","url":"https:\/\/kuuloasi.fi\/tuote\/siemens-click-dome-tupla-tippi\/","name":"Siemens Click Dome tupla tippi - kuuloasi.fi","isPartOf":{"@id":"https:\/\/kuuloasi.fi\/#website"},"primaryImageOfPage":{"@id":"https:\/\/kuuloasi.fi\/tuote\/siemens-click-dome-tupla-tippi\/#primaryimage"},"image":{"@id":"https:\/\/kuuloasi.fi\/tuote\/siemens-click-dome-tupla-tippi\/#primaryimage"},"thumbnailUrl":"https:\/\/kuuloasi.fi\/wp-content\/uploads\/2025\/12\/3SA426027.jpg","datePublished":"2025-12-04T08:43:12+00:00","dateModified":"2026-03-17T19:56:54+00:00","breadcrumb":{"@id":"https:\/\/kuuloasi.fi\/tuote\/siemens-click-dome-tupla-tippi\/#breadcrumb"},"inLanguage":"sv-SE","potentialAction":[{"@type":"ReadAction","target":["https:\/\/kuuloasi.fi\/tuote\/siemens-click-dome-tupla-tippi\/"]}]},{"@type":"ImageObject","inLanguage":"sv-SE","@id":"https:\/\/kuuloasi.fi\/tuote\/siemens-click-dome-tupla-tippi\/#primaryimage","url":"https:\/\/kuuloasi.fi\/wp-content\/uploads\/2025\/12\/3SA426027.jpg","contentUrl":"https:\/\/kuuloasi.fi\/wp-content\/uploads\/2025\/12\/3SA426027.jpg","width":1042,"height":1042},{"@type":"BreadcrumbList","@id":"https:\/\/kuuloasi.fi\/tuote\/siemens-click-dome-tupla-tippi\/#breadcrumb","itemListElement":[{"@type":"ListItem","position":1,"name":"Etusivu","item":"https:\/\/kuuloasi.fi\/"},{"@type":"ListItem","position":2,"name":"Kauppa","item":"https:\/\/kuuloasi.fi\/kauppa\/"},{"@type":"ListItem","position":3,"name":"Siemens Click Dome tupla tippi"}]},{"@type":"WebSite","@id":"https:\/\/kuuloasi.fi\/#website","url":"https:\/\/kuuloasi.fi\/","name":"h\u00f6rsel.co.uk","description":"","potentialAction":[{"@type":"SearchAction","target":{"@type":"EntryPoint","urlTemplate":"https:\/\/kuuloasi.fi\/?s={search_term_string}"},"query-input":{"@type":"PropertyValueSpecification","valueRequired":true,"valueName":"search_term_string"}}],"inLanguage":"sv-SE"}]}},"_links":{"self":[{"href":"https:\/\/kuuloasi.fi\/sv\/wp-json\/wp\/v2\/product\/735","targetHints":{"allow":["GET"]}}],"collection":[{"href":"https:\/\/kuuloasi.fi\/sv\/wp-json\/wp\/v2\/product"}],"about":[{"href":"https:\/\/kuuloasi.fi\/sv\/wp-json\/wp\/v2\/types\/product"}],"replies":[{"embeddable":true,"href":"https:\/\/kuuloasi.fi\/sv\/wp-json\/wp\/v2\/comments?post=735"}],"wp:featuredmedia":[{"embeddable":true,"href":"https:\/\/kuuloasi.fi\/sv\/wp-json\/wp\/v2\/media\/739"}],"wp:attachment":[{"href":"https:\/\/kuuloasi.fi\/sv\/wp-json\/wp\/v2\/media?parent=735"}],"wp:term":[{"taxonomy":"product_brand","embeddable":true,"href":"https:\/\/kuuloasi.fi\/sv\/wp-json\/wp\/v2\/product_brand?post=735"},{"taxonomy":"product_cat","embeddable":true,"href":"https:\/\/kuuloasi.fi\/sv\/wp-json\/wp\/v2\/product_cat?post=735"},{"taxonomy":"product_tag","embeddable":true,"href":"https:\/\/kuuloasi.fi\/sv\/wp-json\/wp\/v2\/product_tag?post=735"}],"curies":[{"name":"wp","href":"https:\/\/api.w.org\/{rel}","templated":true}]}}