{"id":729,"date":"2025-12-04T08:34:56","date_gmt":"2025-12-04T08:34:56","guid":{"rendered":"https:\/\/kuuloasi.fi\/?post_type=product&#038;p=729"},"modified":"2026-03-17T19:53:49","modified_gmt":"2026-03-17T19:53:49","slug":"siemens-click-dome-suljettu-tippi","status":"publish","type":"product","link":"https:\/\/kuuloasi.fi\/sv\/produkt\/siemens-click-dome-suljettu-tippi\/","title":{"rendered":"Siemens Click Dome st\u00e4ngd dropp"},"content":{"rendered":"<p><strong>Siemens Click Dome st\u00e4ngd dropp<\/strong><\/p>\n<p>&nbsp;<\/p>\n<p>Siemens Click Dome-serien \u00e4r en sluten kupolanpassning som passar h\u00f6rapparater av m\u00e4rkena Siemens, Signia och Rextone. Adaptern f\u00e4sts p\u00e5 \u00f6ronsn\u00e4ckan genom att trycka p\u00e5 \u00f6ronsn\u00e4ckan. Den \u00e4r mjuk och bekv\u00e4m att b\u00e4ra p\u00e5 \u00f6rat. Byte av adapter \u00e4r en del av underh\u00e5llet av h\u00f6rapparaten och adaptern ska bytas ut vid behov.<\/p>\n<p>&nbsp;<\/p>\n<p>En sluten droppare sitter t\u00e4tare i \u00f6rat och gnisslar inte lika l\u00e4tt som en \u00f6ppen droppare. Den starkaste egenskapen hos en sluten spets \u00e4r f\u00f6rst\u00e4rkningen av l\u00e5ga ljud. En sluten spets f\u00f6rst\u00e4rker l\u00e5ga ljud mer \u00e4n en \u00f6ppen spets. Vi rekommenderar att du alltid diskuterar med din audionom innan du byter modell p\u00e5 droppet, eftersom modellen beror mycket p\u00e5 personens h\u00f6rsel.<\/p>\n<p>&nbsp;<\/p>\n<p>Klickspetsen finns i tre olika storlekar (6 mm, 8 mm, 10 mm). V\u00e4lj den storlek som passar dig i rullgardinsmenyn.<\/p>\n<p>&nbsp;<\/p>\n<p>Dropparna s\u00e4ljs i f\u00f6rpackningar om 6 st.<\/p>","protected":false},"excerpt":{"rendered":"<p>Siemens Click Dome-serien \u00e4r en sluten kupolanpassning som passar h\u00f6rapparater av m\u00e4rkena Siemens, Signia och Rextone. Adaptern f\u00e4sts p\u00e5 headsetet genom att trycka p\u00e5 headsetets \u00e4nde. Den \u00e4r mjuk och bekv\u00e4m att b\u00e4ra p\u00e5 \u00f6rat. Byte av adapter \u00e4r en del av underh\u00e5llet av h\u00f6rapparaten och adaptern ska bytas ut vid behov.<\/p>","protected":false},"featured_media":733,"comment_status":"closed","ping_status":"closed","template":"","meta":{"_acf_changed":false},"product_brand":[],"product_cat":[72,22],"product_tag":[113,111,77],"class_list":{"0":"post-729","1":"product","2":"type-product","3":"status-publish","4":"has-post-thumbnail","6":"product_cat-signia","7":"product_cat-varaosat","8":"product_tag-siemens","9":"product_tag-signia","10":"product_tag-tippi","12":"first","13":"instock","14":"taxable","15":"shipping-taxable","16":"purchasable","17":"product-type-variable"},"acf":[],"yoast_head":"<!-- This site is optimized with the Yoast SEO plugin v27.4 - https:\/\/yoast.com\/product\/yoast-seo-wordpress\/ -->\n<title>Siemens Click Dome suljettu tippi - kuuloasi.fi<\/title>\n<meta name=\"robots\" content=\"index, follow, max-snippet:-1, max-image-preview:large, max-video-preview:-1\" \/>\n<link rel=\"canonical\" href=\"https:\/\/kuuloasi.fi\/sv\/produkt\/siemens-click-dome-suljettu-tippi\/\" \/>\n<meta property=\"og:locale\" content=\"sv_SE\" \/>\n<meta property=\"og:type\" content=\"article\" \/>\n<meta property=\"og:title\" content=\"Siemens Click Dome suljettu tippi - kuuloasi.fi\" \/>\n<meta property=\"og:description\" content=\"Siemens click Dome sarjan suljettu tippi sovite joka k\u00e4y Siemens, Signia ja Rextone merkkisten kuulolaitteiden kuulokkeihin. Sovite kiinnitet\u00e4\u00e4n kuulokkeen p\u00e4\u00e4h\u00e4n painamalla. Sovite on pehme\u00e4 ja mukava k\u00e4ytt\u00e4\u00e4 korvassa. Sovitteen vaihtaminen on osa kuulokojeen huoltamista ja sovite tulee vaihtaa tarvittaessa.\" \/>\n<meta property=\"og:url\" content=\"https:\/\/kuuloasi.fi\/sv\/produkt\/siemens-click-dome-suljettu-tippi\/\" \/>\n<meta property=\"og:site_name\" content=\"kuuloasi.fi\" \/>\n<meta property=\"article:modified_time\" content=\"2026-03-17T19:53:49+00:00\" \/>\n<meta property=\"og:image\" content=\"https:\/\/kuuloasi.fi\/wp-content\/uploads\/2025\/12\/3SA426020_ml.jpg\" \/>\n\t<meta property=\"og:image:width\" content=\"250\" \/>\n\t<meta property=\"og:image:height\" content=\"250\" \/>\n\t<meta property=\"og:image:type\" content=\"image\/jpeg\" \/>\n<meta name=\"twitter:card\" content=\"summary_large_image\" \/>\n<meta name=\"twitter:label1\" content=\"Ber\u00e4knad l\u00e4stid\" \/>\n\t<meta name=\"twitter:data1\" content=\"1 minut\" \/>\n<script type=\"application\/ld+json\" class=\"yoast-schema-graph\">{\"@context\":\"https:\\\/\\\/schema.org\",\"@graph\":[{\"@type\":\"WebPage\",\"@id\":\"https:\\\/\\\/kuuloasi.fi\\\/tuote\\\/siemens-click-dome-suljettu-tippi\\\/\",\"url\":\"https:\\\/\\\/kuuloasi.fi\\\/tuote\\\/siemens-click-dome-suljettu-tippi\\\/\",\"name\":\"Siemens Click Dome suljettu tippi - kuuloasi.fi\",\"isPartOf\":{\"@id\":\"https:\\\/\\\/kuuloasi.fi\\\/#website\"},\"primaryImageOfPage\":{\"@id\":\"https:\\\/\\\/kuuloasi.fi\\\/tuote\\\/siemens-click-dome-suljettu-tippi\\\/#primaryimage\"},\"image\":{\"@id\":\"https:\\\/\\\/kuuloasi.fi\\\/tuote\\\/siemens-click-dome-suljettu-tippi\\\/#primaryimage\"},\"thumbnailUrl\":\"https:\\\/\\\/kuuloasi.fi\\\/wp-content\\\/uploads\\\/2025\\\/12\\\/3SA426020_ml.jpg\",\"datePublished\":\"2025-12-04T08:34:56+00:00\",\"dateModified\":\"2026-03-17T19:53:49+00:00\",\"breadcrumb\":{\"@id\":\"https:\\\/\\\/kuuloasi.fi\\\/tuote\\\/siemens-click-dome-suljettu-tippi\\\/#breadcrumb\"},\"inLanguage\":\"sv-SE\",\"potentialAction\":[{\"@type\":\"ReadAction\",\"target\":[\"https:\\\/\\\/kuuloasi.fi\\\/tuote\\\/siemens-click-dome-suljettu-tippi\\\/\"]}]},{\"@type\":\"ImageObject\",\"inLanguage\":\"sv-SE\",\"@id\":\"https:\\\/\\\/kuuloasi.fi\\\/tuote\\\/siemens-click-dome-suljettu-tippi\\\/#primaryimage\",\"url\":\"https:\\\/\\\/kuuloasi.fi\\\/wp-content\\\/uploads\\\/2025\\\/12\\\/3SA426020_ml.jpg\",\"contentUrl\":\"https:\\\/\\\/kuuloasi.fi\\\/wp-content\\\/uploads\\\/2025\\\/12\\\/3SA426020_ml.jpg\",\"width\":250,\"height\":250},{\"@type\":\"BreadcrumbList\",\"@id\":\"https:\\\/\\\/kuuloasi.fi\\\/tuote\\\/siemens-click-dome-suljettu-tippi\\\/#breadcrumb\",\"itemListElement\":[{\"@type\":\"ListItem\",\"position\":1,\"name\":\"Etusivu\",\"item\":\"https:\\\/\\\/kuuloasi.fi\\\/\"},{\"@type\":\"ListItem\",\"position\":2,\"name\":\"Kauppa\",\"item\":\"https:\\\/\\\/kuuloasi.fi\\\/kauppa\\\/\"},{\"@type\":\"ListItem\",\"position\":3,\"name\":\"Siemens Click Dome suljettu tippi\"}]},{\"@type\":\"WebSite\",\"@id\":\"https:\\\/\\\/kuuloasi.fi\\\/#website\",\"url\":\"https:\\\/\\\/kuuloasi.fi\\\/\",\"name\":\"kuuloasi.fi\",\"description\":\"\",\"potentialAction\":[{\"@type\":\"SearchAction\",\"target\":{\"@type\":\"EntryPoint\",\"urlTemplate\":\"https:\\\/\\\/kuuloasi.fi\\\/?s={search_term_string}\"},\"query-input\":{\"@type\":\"PropertyValueSpecification\",\"valueRequired\":true,\"valueName\":\"search_term_string\"}}],\"inLanguage\":\"sv-SE\"}]}<\/script>\n<!-- \/ Yoast SEO plugin. -->","yoast_head_json":{"title":"Siemens Click Dome suljettu tippi - kuuloasi.fi","robots":{"index":"index","follow":"follow","max-snippet":"max-snippet:-1","max-image-preview":"max-image-preview:large","max-video-preview":"max-video-preview:-1"},"canonical":"https:\/\/kuuloasi.fi\/sv\/produkt\/siemens-click-dome-suljettu-tippi\/","og_locale":"sv_SE","og_type":"article","og_title":"Siemens Click Dome suljettu tippi - kuuloasi.fi","og_description":"Siemens click Dome sarjan suljettu tippi sovite joka k\u00e4y Siemens, Signia ja Rextone merkkisten kuulolaitteiden kuulokkeihin. Sovite kiinnitet\u00e4\u00e4n kuulokkeen p\u00e4\u00e4h\u00e4n painamalla. Sovite on pehme\u00e4 ja mukava k\u00e4ytt\u00e4\u00e4 korvassa. Sovitteen vaihtaminen on osa kuulokojeen huoltamista ja sovite tulee vaihtaa tarvittaessa.","og_url":"https:\/\/kuuloasi.fi\/sv\/produkt\/siemens-click-dome-suljettu-tippi\/","og_site_name":"kuuloasi.fi","article_modified_time":"2026-03-17T19:53:49+00:00","og_image":[{"width":250,"height":250,"url":"https:\/\/kuuloasi.fi\/wp-content\/uploads\/2025\/12\/3SA426020_ml.jpg","type":"image\/jpeg"}],"twitter_card":"summary_large_image","twitter_misc":{"Ber\u00e4knad l\u00e4stid":"1 minut"},"schema":{"@context":"https:\/\/schema.org","@graph":[{"@type":"WebPage","@id":"https:\/\/kuuloasi.fi\/tuote\/siemens-click-dome-suljettu-tippi\/","url":"https:\/\/kuuloasi.fi\/tuote\/siemens-click-dome-suljettu-tippi\/","name":"Siemens Click Dome suljettu tippi - kuuloasi.fi","isPartOf":{"@id":"https:\/\/kuuloasi.fi\/#website"},"primaryImageOfPage":{"@id":"https:\/\/kuuloasi.fi\/tuote\/siemens-click-dome-suljettu-tippi\/#primaryimage"},"image":{"@id":"https:\/\/kuuloasi.fi\/tuote\/siemens-click-dome-suljettu-tippi\/#primaryimage"},"thumbnailUrl":"https:\/\/kuuloasi.fi\/wp-content\/uploads\/2025\/12\/3SA426020_ml.jpg","datePublished":"2025-12-04T08:34:56+00:00","dateModified":"2026-03-17T19:53:49+00:00","breadcrumb":{"@id":"https:\/\/kuuloasi.fi\/tuote\/siemens-click-dome-suljettu-tippi\/#breadcrumb"},"inLanguage":"sv-SE","potentialAction":[{"@type":"ReadAction","target":["https:\/\/kuuloasi.fi\/tuote\/siemens-click-dome-suljettu-tippi\/"]}]},{"@type":"ImageObject","inLanguage":"sv-SE","@id":"https:\/\/kuuloasi.fi\/tuote\/siemens-click-dome-suljettu-tippi\/#primaryimage","url":"https:\/\/kuuloasi.fi\/wp-content\/uploads\/2025\/12\/3SA426020_ml.jpg","contentUrl":"https:\/\/kuuloasi.fi\/wp-content\/uploads\/2025\/12\/3SA426020_ml.jpg","width":250,"height":250},{"@type":"BreadcrumbList","@id":"https:\/\/kuuloasi.fi\/tuote\/siemens-click-dome-suljettu-tippi\/#breadcrumb","itemListElement":[{"@type":"ListItem","position":1,"name":"Etusivu","item":"https:\/\/kuuloasi.fi\/"},{"@type":"ListItem","position":2,"name":"Kauppa","item":"https:\/\/kuuloasi.fi\/kauppa\/"},{"@type":"ListItem","position":3,"name":"Siemens Click Dome suljettu tippi"}]},{"@type":"WebSite","@id":"https:\/\/kuuloasi.fi\/#website","url":"https:\/\/kuuloasi.fi\/","name":"h\u00f6rsel.co.uk","description":"","potentialAction":[{"@type":"SearchAction","target":{"@type":"EntryPoint","urlTemplate":"https:\/\/kuuloasi.fi\/?s={search_term_string}"},"query-input":{"@type":"PropertyValueSpecification","valueRequired":true,"valueName":"search_term_string"}}],"inLanguage":"sv-SE"}]}},"_links":{"self":[{"href":"https:\/\/kuuloasi.fi\/sv\/wp-json\/wp\/v2\/product\/729","targetHints":{"allow":["GET"]}}],"collection":[{"href":"https:\/\/kuuloasi.fi\/sv\/wp-json\/wp\/v2\/product"}],"about":[{"href":"https:\/\/kuuloasi.fi\/sv\/wp-json\/wp\/v2\/types\/product"}],"replies":[{"embeddable":true,"href":"https:\/\/kuuloasi.fi\/sv\/wp-json\/wp\/v2\/comments?post=729"}],"wp:featuredmedia":[{"embeddable":true,"href":"https:\/\/kuuloasi.fi\/sv\/wp-json\/wp\/v2\/media\/733"}],"wp:attachment":[{"href":"https:\/\/kuuloasi.fi\/sv\/wp-json\/wp\/v2\/media?parent=729"}],"wp:term":[{"taxonomy":"product_brand","embeddable":true,"href":"https:\/\/kuuloasi.fi\/sv\/wp-json\/wp\/v2\/product_brand?post=729"},{"taxonomy":"product_cat","embeddable":true,"href":"https:\/\/kuuloasi.fi\/sv\/wp-json\/wp\/v2\/product_cat?post=729"},{"taxonomy":"product_tag","embeddable":true,"href":"https:\/\/kuuloasi.fi\/sv\/wp-json\/wp\/v2\/product_tag?post=729"}],"curies":[{"name":"wp","href":"https:\/\/api.w.org\/{rel}","templated":true}]}}