{"id":717,"date":"2025-12-03T16:43:46","date_gmt":"2025-12-03T16:43:46","guid":{"rendered":"https:\/\/kuuloasi.fi\/?post_type=product&#038;p=717"},"modified":"2026-03-17T19:45:46","modified_gmt":"2026-03-17T19:45:46","slug":"signia-minireceiver-vahasuoja","status":"publish","type":"product","link":"https:\/\/kuuloasi.fi\/sv\/produkt\/signia-minireceiver-vahasuoja\/","title":{"rendered":"Signia miniReceiver vaxskydd"},"content":{"rendered":"<p><iframe title=\"Cerustop vaxskydd ers\u00e4ttning f\u00f6r h\u00f6rapparater\" width=\"800\" height=\"450\" src=\"https:\/\/www.youtube.com\/embed\/v93oyweIpB4?feature=oembed\" frameborder=\"0\" allow=\"accelerometer; autoplay; clipboard-write; encrypted-media; gyroscope; picture-in-picture; web-share\" referrerpolicy=\"strict-origin-when-cross-origin\" allowfullscreen><\/iframe><\/p>\n<h2 tabindex=\"0\" data-end=\"672\" data-start=\"648\">Produktens egenskaper<\/h2>\n<ul data-end=\"974\" data-start=\"674\">\n<li data-end=\"779\" data-start=\"674\">\n<p data-end=\"779\" data-start=\"676\">Kompatibel med\u00a0<strong data-end=\"699\" data-start=\"689\">Signia<\/strong>,\u00a0<strong data-end=\"712\" data-start=\"701\">Siemens<\/strong>\u00a0och\u00a0<strong data-end=\"770\" data-start=\"716\">Rexton RIC h\u00f6rapparater miniReceiver h\u00f6rapparater<\/strong>\u00a0med<\/p>\n<\/li>\n<li data-end=\"833\" data-start=\"780\">\n<p data-end=\"833\" data-start=\"782\">F\u00f6rhindrar \u00f6ronvax fr\u00e5n att tr\u00e4nga in i h\u00f6rapparatens \u00f6ronsn\u00e4cka<\/p>\n<\/li>\n<li data-end=\"895\" data-start=\"834\">\n<p data-end=\"895\" data-start=\"836\">F\u00f6rl\u00e4nger livsl\u00e4ngden p\u00e5 din utrustning och minskar behovet av underh\u00e5ll<\/p>\n<\/li>\n<li data-end=\"949\" data-start=\"896\">\n<p data-end=\"949\" data-start=\"898\">L\u00e4tt att byta med de medf\u00f6ljande vaxskydden<\/p>\n<\/li>\n<li data-end=\"974\" data-start=\"950\">\n<p data-end=\"974\" data-start=\"952\">Praktisk f\u00f6rpackning med 8 st.<\/p>\n<\/li>\n<\/ul>\n<h2 tabindex=\"0\" data-end=\"1009\" data-start=\"981\"><\/h2>\n<h2 tabindex=\"0\" data-end=\"1009\" data-start=\"981\">Kompatibla h\u00f6rapparater<\/h2>\n<ul data-end=\"1161\" data-start=\"1011\">\n<li data-end=\"1106\" data-start=\"1011\">\n<p data-end=\"1106\" data-start=\"1013\">Signia h\u00f6rapparater (inklusive Pure, Styletto och andra modeller med miniReceiver)<\/p>\n<\/li>\n<li data-end=\"1134\" data-start=\"1107\">\n<p data-end=\"1134\" data-start=\"1109\">Siemens RIC h\u00f6rapparater<\/p>\n<\/li>\n<li data-end=\"1161\" data-start=\"1135\">\n<p data-end=\"1161\" data-start=\"1137\">Rexton RIC h\u00f6rapparater<\/p>\n<\/li>\n<\/ul>\n<h2 tabindex=\"0\" data-end=\"1206\" data-start=\"1168\"><\/h2>\n<h2 tabindex=\"0\" data-end=\"1206\" data-start=\"1168\">Varf\u00f6r \u00e4r det viktigt att byta ut vaxskyddet?<\/h2>\n<p data-end=\"1256\" data-start=\"1208\">\u00d6ronvax kan blockera h\u00f6rapparaten och orsaka:<\/p>\n<ul data-end=\"1337\" data-start=\"1257\">\n<li data-end=\"1280\" data-start=\"1257\">\n<p data-end=\"1280\" data-start=\"1259\">Tystnad av r\u00f6sten<\/p>\n<\/li>\n<li data-end=\"1304\" data-start=\"1281\">\n<p data-end=\"1304\" data-start=\"1283\">ljudf\u00f6rvr\u00e4ngning<\/p>\n<\/li>\n<li data-end=\"1337\" data-start=\"1305\">\n<p data-end=\"1337\" data-start=\"1307\">fullst\u00e4ndig f\u00f6rlust av ljud<\/p>\n<\/li>\n<\/ul>\n<p data-end=\"1378\" data-start=\"1339\">Regelbundet byte av vaxskydd:<\/p>\n<ul data-end=\"1491\" data-start=\"1379\">\n<li data-end=\"1421\" data-start=\"1379\">\n<p data-end=\"1421\" data-start=\"1381\">h\u00e5ller ljudet klart och naturligt<\/p>\n<\/li>\n<li data-end=\"1456\" data-start=\"1422\">\n<p data-end=\"1456\" data-start=\"1424\">skyddar h\u00f6rapparaten fr\u00e5n skador<\/p>\n<\/li>\n<li data-end=\"1491\" data-start=\"1457\">\n<p data-end=\"1491\" data-start=\"1459\">minska on\u00f6diga underh\u00e5llsbes\u00f6k<\/p>\n<\/li>\n<\/ul>\n<h2 tabindex=\"0\" data-end=\"1512\" data-start=\"1498\"><\/h2>\n<h2 tabindex=\"0\" data-end=\"1512\" data-start=\"1498\">Guide f\u00f6r utbyte<\/h2>\n<ol data-end=\"1803\" data-start=\"1514\">\n<li data-end=\"1552\" data-start=\"1514\">\n<p data-end=\"1552\" data-start=\"1517\">Ta en vaxpinne fr\u00e5n l\u00e5dan.<\/p>\n<\/li>\n<li data-end=\"1626\" data-start=\"1553\">\n<p data-end=\"1626\" data-start=\"1556\">Tryck p\u00e5 spaken\u00a0<strong data-end=\"1581\" data-start=\"1568\">tomt huvud<\/strong>\u00a0det gamla vaxskyddet i h\u00f6rapparaten.<\/p>\n<\/li>\n<li data-end=\"1671\" data-start=\"1627\">\n<p data-end=\"1671\" data-start=\"1630\">Anv\u00e4nd en pinne f\u00f6r att dra ut det gamla vaxskyddet.<\/p>\n<\/li>\n<li data-end=\"1733\" data-start=\"1672\">\n<p data-end=\"1733\" data-start=\"1675\">Vrid p\u00e5 spaken och s\u00e4tt i den\u00a0<strong data-end=\"1715\" data-start=\"1697\">ny vaxvakt<\/strong>\u00a0till en h\u00f6rapparat.<\/p>\n<\/li>\n<li data-end=\"1803\" data-start=\"1734\">\n<p data-end=\"1803\" data-start=\"1737\">Dra ut stickan och kontrollera att det nya vaxskyddet sitter p\u00e5 plats.<\/p>\n<\/li>\n<\/ol>\n<h2 tabindex=\"0\" data-end=\"1900\" data-start=\"1859\">Hur ofta b\u00f6r vaxskyddet bytas ut?<\/h2>\n<ul data-end=\"2079\" data-start=\"1902\">\n<li data-end=\"1952\" data-start=\"1902\">\n<p data-end=\"1952\" data-start=\"1904\">Det rekommenderade utbytesintervallet \u00e4r\u00a0<strong data-end=\"1950\" data-start=\"1929\">Var 4:e-8:e vecka<\/strong><\/p>\n<\/li>\n<li data-end=\"2010\" data-start=\"1953\">\n<p data-end=\"2010\" data-start=\"1955\">Byt omedelbart ut om ljudet blir svagare, f\u00f6rvr\u00e4ngs eller f\u00f6rsvinner.<\/p>\n<\/li>\n<li data-end=\"2079\" data-start=\"2011\">\n<p data-end=\"2079\" data-start=\"2013\">Byt ocks\u00e5 ut om vaxskyddet ser smutsigt eller igensatt ut<\/p>\n<\/li>\n<\/ul>\n<h2 tabindex=\"0\" data-end=\"2099\" data-start=\"2086\"><\/h2>\n<h2 tabindex=\"0\" data-end=\"2099\" data-start=\"2086\">Sammanfattning<\/h2>\n<p data-end=\"2307\" data-start=\"2101\"><strong data-end=\"2134\" data-start=\"2101\">Signia miniReceiver vaxskydd<\/strong>\u00a0\u00e4r en l\u00e4ttanv\u00e4nd och p\u00e5litlig l\u00f6sning f\u00f6r att skydda dina h\u00f6rapparater. Det g\u00f6r din apparat p\u00e5litlig, f\u00f6rl\u00e4nger dess livsl\u00e4ngd och s\u00e4kerst\u00e4ller b\u00e4sta m\u00f6jliga ljudkvalitet.<\/p>","protected":false},"excerpt":{"rendered":"<p data-end=\"556\" data-start=\"335\"><strong data-end=\"368\" data-start=\"335\">Signia miniReceiver vaxskydd<\/strong>\u00a0skyddar h\u00f6rapparaten fr\u00e5n igens\u00e4ttning orsakad av \u00f6ronvax, fukt och smuts. Det hj\u00e4lper till att h\u00e5lla h\u00f6rapparatens ljud klart och apparaten p\u00e5litlig vid daglig anv\u00e4ndning.<\/p>\n<p data-end=\"641\" data-start=\"558\">Detta paket inneh\u00e5ller\u00a0<strong data-end=\"602\" data-start=\"580\">8 vaxpinnar<\/strong>, vilket g\u00f6r bytet snabbt och enkelt.<\/p>","protected":false},"featured_media":718,"comment_status":"closed","ping_status":"closed","template":"","meta":{"_acf_changed":false},"product_brand":[],"product_cat":[72,22],"product_tag":[111,79],"class_list":{"0":"post-717","1":"product","2":"type-product","3":"status-publish","4":"has-post-thumbnail","6":"product_cat-signia","7":"product_cat-varaosat","8":"product_tag-signia","9":"product_tag-vahasuoja","11":"first","12":"instock","13":"taxable","14":"shipping-taxable","15":"purchasable","16":"product-type-simple"},"acf":[],"yoast_head":"<!-- This site is optimized with the Yoast SEO plugin v27.4 - https:\/\/yoast.com\/product\/yoast-seo-wordpress\/ -->\n<title>Signia miniReceiver vahasuoja - kuuloasi.fi<\/title>\n<meta name=\"robots\" content=\"index, follow, max-snippet:-1, max-image-preview:large, max-video-preview:-1\" \/>\n<link rel=\"canonical\" href=\"https:\/\/kuuloasi.fi\/sv\/produkt\/signia-minireceiver-vahasuoja\/\" \/>\n<meta property=\"og:locale\" content=\"sv_SE\" \/>\n<meta property=\"og:type\" content=\"article\" \/>\n<meta property=\"og:title\" content=\"Signia miniReceiver vahasuoja - kuuloasi.fi\" \/>\n<meta property=\"og:description\" content=\"Signia miniReceiver vahasuoja\u00a0suojaa kuulokojetta korvavahan, kosteuden ja lian aiheuttamilta tukkeutumisilta. Se auttaa s\u00e4ilytt\u00e4m\u00e4\u00e4n kuulokojeen \u00e4\u00e4nen selke\u00e4n\u00e4 ja laitteen toimintavarmuuden p\u00e4ivitt\u00e4isess\u00e4 k\u00e4yt\u00f6ss\u00e4. T\u00e4m\u00e4 pakkaus sis\u00e4lt\u00e4\u00e4\u00a08 vahasuojatikkuja, joilla vaihto on helppoa ja nopeaa.\" \/>\n<meta property=\"og:url\" content=\"https:\/\/kuuloasi.fi\/sv\/produkt\/signia-minireceiver-vahasuoja\/\" \/>\n<meta property=\"og:site_name\" content=\"kuuloasi.fi\" \/>\n<meta property=\"article:modified_time\" content=\"2026-03-17T19:45:46+00:00\" \/>\n<meta property=\"og:image\" content=\"https:\/\/kuuloasi.fi\/wp-content\/uploads\/2025\/12\/736118-miniReceiver-wax-guard-8-768x768-1.jpg\" \/>\n\t<meta property=\"og:image:width\" content=\"768\" \/>\n\t<meta property=\"og:image:height\" content=\"768\" \/>\n\t<meta property=\"og:image:type\" content=\"image\/jpeg\" \/>\n<meta name=\"twitter:card\" content=\"summary_large_image\" \/>\n<meta name=\"twitter:label1\" content=\"Ber\u00e4knad l\u00e4stid\" \/>\n\t<meta name=\"twitter:data1\" content=\"1 minut\" \/>\n<script type=\"application\/ld+json\" class=\"yoast-schema-graph\">{\"@context\":\"https:\\\/\\\/schema.org\",\"@graph\":[{\"@type\":\"WebPage\",\"@id\":\"https:\\\/\\\/kuuloasi.fi\\\/tuote\\\/signia-minireceiver-vahasuoja\\\/\",\"url\":\"https:\\\/\\\/kuuloasi.fi\\\/tuote\\\/signia-minireceiver-vahasuoja\\\/\",\"name\":\"Signia miniReceiver vahasuoja - kuuloasi.fi\",\"isPartOf\":{\"@id\":\"https:\\\/\\\/kuuloasi.fi\\\/#website\"},\"primaryImageOfPage\":{\"@id\":\"https:\\\/\\\/kuuloasi.fi\\\/tuote\\\/signia-minireceiver-vahasuoja\\\/#primaryimage\"},\"image\":{\"@id\":\"https:\\\/\\\/kuuloasi.fi\\\/tuote\\\/signia-minireceiver-vahasuoja\\\/#primaryimage\"},\"thumbnailUrl\":\"https:\\\/\\\/kuuloasi.fi\\\/wp-content\\\/uploads\\\/2025\\\/12\\\/736118-miniReceiver-wax-guard-8-768x768-1.jpg\",\"datePublished\":\"2025-12-03T16:43:46+00:00\",\"dateModified\":\"2026-03-17T19:45:46+00:00\",\"breadcrumb\":{\"@id\":\"https:\\\/\\\/kuuloasi.fi\\\/tuote\\\/signia-minireceiver-vahasuoja\\\/#breadcrumb\"},\"inLanguage\":\"sv-SE\",\"potentialAction\":[{\"@type\":\"ReadAction\",\"target\":[\"https:\\\/\\\/kuuloasi.fi\\\/tuote\\\/signia-minireceiver-vahasuoja\\\/\"]}]},{\"@type\":\"ImageObject\",\"inLanguage\":\"sv-SE\",\"@id\":\"https:\\\/\\\/kuuloasi.fi\\\/tuote\\\/signia-minireceiver-vahasuoja\\\/#primaryimage\",\"url\":\"https:\\\/\\\/kuuloasi.fi\\\/wp-content\\\/uploads\\\/2025\\\/12\\\/736118-miniReceiver-wax-guard-8-768x768-1.jpg\",\"contentUrl\":\"https:\\\/\\\/kuuloasi.fi\\\/wp-content\\\/uploads\\\/2025\\\/12\\\/736118-miniReceiver-wax-guard-8-768x768-1.jpg\",\"width\":768,\"height\":768},{\"@type\":\"BreadcrumbList\",\"@id\":\"https:\\\/\\\/kuuloasi.fi\\\/tuote\\\/signia-minireceiver-vahasuoja\\\/#breadcrumb\",\"itemListElement\":[{\"@type\":\"ListItem\",\"position\":1,\"name\":\"Etusivu\",\"item\":\"https:\\\/\\\/kuuloasi.fi\\\/\"},{\"@type\":\"ListItem\",\"position\":2,\"name\":\"Kauppa\",\"item\":\"https:\\\/\\\/kuuloasi.fi\\\/kauppa\\\/\"},{\"@type\":\"ListItem\",\"position\":3,\"name\":\"Signia miniReceiver vahasuoja\"}]},{\"@type\":\"WebSite\",\"@id\":\"https:\\\/\\\/kuuloasi.fi\\\/#website\",\"url\":\"https:\\\/\\\/kuuloasi.fi\\\/\",\"name\":\"kuuloasi.fi\",\"description\":\"\",\"potentialAction\":[{\"@type\":\"SearchAction\",\"target\":{\"@type\":\"EntryPoint\",\"urlTemplate\":\"https:\\\/\\\/kuuloasi.fi\\\/?s={search_term_string}\"},\"query-input\":{\"@type\":\"PropertyValueSpecification\",\"valueRequired\":true,\"valueName\":\"search_term_string\"}}],\"inLanguage\":\"sv-SE\"}]}<\/script>\n<!-- \/ Yoast SEO plugin. -->","yoast_head_json":{"title":"Signia miniReceiver vahasuoja - kuuloasi.fi","robots":{"index":"index","follow":"follow","max-snippet":"max-snippet:-1","max-image-preview":"max-image-preview:large","max-video-preview":"max-video-preview:-1"},"canonical":"https:\/\/kuuloasi.fi\/sv\/produkt\/signia-minireceiver-vahasuoja\/","og_locale":"sv_SE","og_type":"article","og_title":"Signia miniReceiver vahasuoja - kuuloasi.fi","og_description":"Signia miniReceiver vahasuoja\u00a0suojaa kuulokojetta korvavahan, kosteuden ja lian aiheuttamilta tukkeutumisilta. Se auttaa s\u00e4ilytt\u00e4m\u00e4\u00e4n kuulokojeen \u00e4\u00e4nen selke\u00e4n\u00e4 ja laitteen toimintavarmuuden p\u00e4ivitt\u00e4isess\u00e4 k\u00e4yt\u00f6ss\u00e4. T\u00e4m\u00e4 pakkaus sis\u00e4lt\u00e4\u00e4\u00a08 vahasuojatikkuja, joilla vaihto on helppoa ja nopeaa.","og_url":"https:\/\/kuuloasi.fi\/sv\/produkt\/signia-minireceiver-vahasuoja\/","og_site_name":"kuuloasi.fi","article_modified_time":"2026-03-17T19:45:46+00:00","og_image":[{"width":768,"height":768,"url":"https:\/\/kuuloasi.fi\/wp-content\/uploads\/2025\/12\/736118-miniReceiver-wax-guard-8-768x768-1.jpg","type":"image\/jpeg"}],"twitter_card":"summary_large_image","twitter_misc":{"Ber\u00e4knad l\u00e4stid":"1 minut"},"schema":{"@context":"https:\/\/schema.org","@graph":[{"@type":"WebPage","@id":"https:\/\/kuuloasi.fi\/tuote\/signia-minireceiver-vahasuoja\/","url":"https:\/\/kuuloasi.fi\/tuote\/signia-minireceiver-vahasuoja\/","name":"Signia miniReceiver vahasuoja - kuuloasi.fi","isPartOf":{"@id":"https:\/\/kuuloasi.fi\/#website"},"primaryImageOfPage":{"@id":"https:\/\/kuuloasi.fi\/tuote\/signia-minireceiver-vahasuoja\/#primaryimage"},"image":{"@id":"https:\/\/kuuloasi.fi\/tuote\/signia-minireceiver-vahasuoja\/#primaryimage"},"thumbnailUrl":"https:\/\/kuuloasi.fi\/wp-content\/uploads\/2025\/12\/736118-miniReceiver-wax-guard-8-768x768-1.jpg","datePublished":"2025-12-03T16:43:46+00:00","dateModified":"2026-03-17T19:45:46+00:00","breadcrumb":{"@id":"https:\/\/kuuloasi.fi\/tuote\/signia-minireceiver-vahasuoja\/#breadcrumb"},"inLanguage":"sv-SE","potentialAction":[{"@type":"ReadAction","target":["https:\/\/kuuloasi.fi\/tuote\/signia-minireceiver-vahasuoja\/"]}]},{"@type":"ImageObject","inLanguage":"sv-SE","@id":"https:\/\/kuuloasi.fi\/tuote\/signia-minireceiver-vahasuoja\/#primaryimage","url":"https:\/\/kuuloasi.fi\/wp-content\/uploads\/2025\/12\/736118-miniReceiver-wax-guard-8-768x768-1.jpg","contentUrl":"https:\/\/kuuloasi.fi\/wp-content\/uploads\/2025\/12\/736118-miniReceiver-wax-guard-8-768x768-1.jpg","width":768,"height":768},{"@type":"BreadcrumbList","@id":"https:\/\/kuuloasi.fi\/tuote\/signia-minireceiver-vahasuoja\/#breadcrumb","itemListElement":[{"@type":"ListItem","position":1,"name":"Etusivu","item":"https:\/\/kuuloasi.fi\/"},{"@type":"ListItem","position":2,"name":"Kauppa","item":"https:\/\/kuuloasi.fi\/kauppa\/"},{"@type":"ListItem","position":3,"name":"Signia miniReceiver vahasuoja"}]},{"@type":"WebSite","@id":"https:\/\/kuuloasi.fi\/#website","url":"https:\/\/kuuloasi.fi\/","name":"h\u00f6rsel.co.uk","description":"","potentialAction":[{"@type":"SearchAction","target":{"@type":"EntryPoint","urlTemplate":"https:\/\/kuuloasi.fi\/?s={search_term_string}"},"query-input":{"@type":"PropertyValueSpecification","valueRequired":true,"valueName":"search_term_string"}}],"inLanguage":"sv-SE"}]}},"_links":{"self":[{"href":"https:\/\/kuuloasi.fi\/sv\/wp-json\/wp\/v2\/product\/717","targetHints":{"allow":["GET"]}}],"collection":[{"href":"https:\/\/kuuloasi.fi\/sv\/wp-json\/wp\/v2\/product"}],"about":[{"href":"https:\/\/kuuloasi.fi\/sv\/wp-json\/wp\/v2\/types\/product"}],"replies":[{"embeddable":true,"href":"https:\/\/kuuloasi.fi\/sv\/wp-json\/wp\/v2\/comments?post=717"}],"wp:featuredmedia":[{"embeddable":true,"href":"https:\/\/kuuloasi.fi\/sv\/wp-json\/wp\/v2\/media\/718"}],"wp:attachment":[{"href":"https:\/\/kuuloasi.fi\/sv\/wp-json\/wp\/v2\/media?parent=717"}],"wp:term":[{"taxonomy":"product_brand","embeddable":true,"href":"https:\/\/kuuloasi.fi\/sv\/wp-json\/wp\/v2\/product_brand?post=717"},{"taxonomy":"product_cat","embeddable":true,"href":"https:\/\/kuuloasi.fi\/sv\/wp-json\/wp\/v2\/product_cat?post=717"},{"taxonomy":"product_tag","embeddable":true,"href":"https:\/\/kuuloasi.fi\/sv\/wp-json\/wp\/v2\/product_tag?post=717"}],"curies":[{"name":"wp","href":"https:\/\/api.w.org\/{rel}","templated":true}]}}