{"id":714,"date":"2025-12-03T16:43:38","date_gmt":"2025-12-03T16:43:38","guid":{"rendered":"https:\/\/kuuloasi.fi\/?post_type=product&#038;p=714"},"modified":"2026-04-15T16:27:14","modified_gmt":"2026-04-15T16:27:14","slug":"signia-quickguard-vahasuoja","status":"publish","type":"product","link":"https:\/\/kuuloasi.fi\/sv\/produkt\/signia-quickguard-vahasuoja\/","title":{"rendered":"Signia QuickGuard vaxskydd"},"content":{"rendered":"<p><iframe title=\"Cerustop vaxskydd ers\u00e4ttning f\u00f6r h\u00f6rapparater\" width=\"800\" height=\"450\" src=\"https:\/\/www.youtube.com\/embed\/v93oyweIpB4?feature=oembed\" frameborder=\"0\" allow=\"accelerometer; autoplay; clipboard-write; encrypted-media; gyroscope; picture-in-picture; web-share\" referrerpolicy=\"strict-origin-when-cross-origin\" allowfullscreen><\/iframe><\/p>\n<h2 tabindex=\"0\" data-end=\"717\" data-start=\"693\">Produktens egenskaper<\/h2>\n<ul data-end=\"977\" data-start=\"719\">\n<li data-end=\"785\" data-start=\"719\">\n<p data-end=\"785\" data-start=\"721\">F\u00f6rhindrar att \u00f6ronvax och fukt tr\u00e4nger in i h\u00f6rapparatens \u00f6ronsn\u00e4cka<\/p>\n<\/li>\n<li data-end=\"845\" data-start=\"786\">\n<p data-end=\"845\" data-start=\"788\">Minskar behovet av underh\u00e5ll och f\u00f6rl\u00e4nger utrustningens livsl\u00e4ngd<\/p>\n<\/li>\n<li data-end=\"948\" data-start=\"846\">\n<p data-end=\"948\" data-start=\"848\">L\u00e4ttanv\u00e4nda ers\u00e4ttningspinnar - ena \u00e4nden med en tom gren f\u00f6r att ta bort den gamla, den andra med ett nytt vaxskydd<\/p>\n<\/li>\n<li data-end=\"977\" data-start=\"949\">\n<p data-end=\"977\" data-start=\"951\">Bekv\u00e4mt\u00a0<strong data-end=\"975\" data-start=\"958\">F\u00f6rpackning med 8 st.<\/strong><\/p>\n<\/li>\n<\/ul>\n<h2 tabindex=\"0\" data-end=\"1001\" data-start=\"984\"><\/h2>\n<h2 tabindex=\"0\" data-end=\"1001\" data-start=\"984\">Kompatibilitet<\/h2>\n<ul data-end=\"1198\" data-start=\"1003\">\n<li data-end=\"1056\" data-start=\"1003\">\n<p data-end=\"1056\" data-start=\"1005\"><strong data-end=\"1015\" data-start=\"1005\">Signia<\/strong>,\u00a0<strong data-end=\"1028\" data-start=\"1017\">Siemens<\/strong>\u00a0och\u00a0<strong data-end=\"1042\" data-start=\"1032\">Rexton<\/strong>\u00a0h\u00f6rapparater<\/p>\n<\/li>\n<li data-end=\"1133\" data-start=\"1057\">\n<p data-end=\"1133\" data-start=\"1059\">Passar \u00e4ven till m\u00e5nga h\u00f6rapparater med HF-3 eller HF-4 vaxskydd<\/p>\n<\/li>\n<\/ul>\n<h2 tabindex=\"0\" data-end=\"1243\" data-start=\"1205\"><\/h2>\n<h2 tabindex=\"0\" data-end=\"1243\" data-start=\"1205\">Varf\u00f6r \u00e4r det viktigt att byta ut vaxskyddet?<\/h2>\n<p data-end=\"1345\" data-start=\"1245\">En blockerad vaxf\u00f6rsegling \u00e4r den vanligaste orsaken till funktionsfel i h\u00f6rapparaten. Byte av vaxskyddet \u00e4r f\u00f6rebyggande:<\/p>\n<ul data-end=\"1431\" data-start=\"1346\">\n<li data-end=\"1369\" data-start=\"1346\">\n<p data-end=\"1369\" data-start=\"1348\">f\u00f6rlust av ljud<\/p>\n<\/li>\n<li data-end=\"1393\" data-start=\"1370\">\n<p data-end=\"1393\" data-start=\"1372\">ljudf\u00f6rvr\u00e4ngning<\/p>\n<\/li>\n<li data-end=\"1431\" data-start=\"1394\">\n<p data-end=\"1431\" data-start=\"1396\">fullst\u00e4ndig ljudd\u00e4mpning av enheten<\/p>\n<\/li>\n<\/ul>\n<p data-end=\"1522\" data-start=\"1433\">Ett vaxskydd som byts ut regelbundet g\u00f6r att ljudet f\u00f6rblir klart och att h\u00f6rapparaten fungerar tillf\u00f6rlitligt.<\/p>\n<h2 tabindex=\"0\" data-end=\"1543\" data-start=\"1529\"><\/h2>\n<h2 tabindex=\"0\" data-end=\"1543\" data-start=\"1529\">Guide f\u00f6r utbyte<\/h2>\n<ol data-end=\"1830\" data-start=\"1545\">\n<li data-end=\"1587\" data-start=\"1545\">\n<p data-end=\"1587\" data-start=\"1548\">Ta ut en vaxpinne ur f\u00f6rpackningen.<\/p>\n<\/li>\n<li data-end=\"1677\" data-start=\"1588\">\n<p data-end=\"1677\" data-start=\"1591\">Tryck p\u00e5 spaken\u00a0<strong data-end=\"1616\" data-start=\"1603\">tomt huvud<\/strong>\u00a0det gamla vaxskyddet i h\u00f6rapparaten och dra ut det.<\/p>\n<\/li>\n<li data-end=\"1739\" data-start=\"1678\">\n<p data-end=\"1739\" data-start=\"1681\">Vrid p\u00e5 spaken och s\u00e4tt i den\u00a0<strong data-end=\"1721\" data-start=\"1703\">ny vaxvakt<\/strong>\u00a0till en h\u00f6rapparat.<\/p>\n<\/li>\n<li data-end=\"1830\" data-start=\"1740\">\n<p data-end=\"1830\" data-start=\"1743\">Dra f\u00f6rsiktigt ut pinnen och se till att det nya vaxskyddet sitter ordentligt p\u00e5 plats.<\/p>\n<\/li>\n<\/ol>\n<p data-end=\"1879\" data-start=\"1832\">Hur ofta b\u00f6r vaxskyddet bytas ut?<\/p>\n<ul data-end=\"2141\" data-start=\"1929\">\n<li data-end=\"1979\" data-start=\"1929\">\n<p data-end=\"1979\" data-start=\"1931\">Det rekommenderade utbytesintervallet \u00e4r\u00a0<strong data-end=\"1977\" data-start=\"1956\">Var 4:e-8:e vecka<\/strong><\/p>\n<\/li>\n<li data-end=\"2070\" data-start=\"1980\">\n<p data-end=\"2070\" data-start=\"1982\">Byt omedelbart ut h\u00f6rapparaten om ljudet blir d\u00e4mpat, f\u00f6rvr\u00e4ngt eller f\u00f6rsvinner helt.<\/p>\n<\/li>\n<li data-end=\"2141\" data-start=\"2071\">\n<p data-end=\"2141\" data-start=\"2073\">Byt ocks\u00e5 ut om vaxskyddet ser smutsigt eller igensatt ut<\/p>\n<\/li>\n<\/ul>\n<h2 tabindex=\"0\" data-end=\"2161\" data-start=\"2148\"><\/h2>\n<h2 tabindex=\"0\" data-end=\"2161\" data-start=\"2148\">Sammanfattning<\/h2>\n<p data-end=\"2369\" data-start=\"2163\"><strong data-end=\"2194\" data-start=\"2163\">Signia QuickGuard vaxskydd<\/strong>\u00a0h\u00e5ller dina h\u00f6rapparater rena och i gott skick. Det \u00e4r enkelt att byta ut, kompatibelt med ett brett utbud av h\u00f6rapparater och utformat f\u00f6r att ers\u00e4tta de gamla vaxskydden HF-3 och HF-4.<\/p>\n<p>&nbsp;<\/p>","protected":false},"excerpt":{"rendered":"<p data-end=\"577\" data-start=\"342\"><strong data-end=\"373\" data-start=\"342\">Signia QuickGuard vaxskydd<\/strong>\u00a0\u00e4r en p\u00e5litlig l\u00f6sning f\u00f6r att skydda din h\u00f6rapparat fr\u00e5n blockeringar av \u00f6ronvax och smuts. Ett litet men viktigt tillbeh\u00f6r som hj\u00e4lper till att bibeh\u00e5lla klar ljudkvalitet och tillf\u00f6rlitlighet.<\/p>\n<p data-end=\"686\" data-start=\"579\">Detta paket inneh\u00e5ller\u00a0<strong data-end=\"623\" data-start=\"601\">8 vaxpinnar<\/strong>, vilket g\u00f6r det enkelt att byta ut den hemma utan servicebes\u00f6k.<\/p>\n<h2 tabindex=\"0\" data-end=\"717\" data-start=\"693\"><\/h2>","protected":false},"featured_media":715,"comment_status":"closed","ping_status":"closed","template":"","meta":{"_acf_changed":false},"product_brand":[],"product_cat":[72,22],"product_tag":[111,79],"class_list":{"0":"post-714","1":"product","2":"type-product","3":"status-publish","4":"has-post-thumbnail","6":"product_cat-signia","7":"product_cat-varaosat","8":"product_tag-signia","9":"product_tag-vahasuoja","11":"first","12":"instock","13":"taxable","14":"shipping-taxable","15":"purchasable","16":"product-type-simple"},"acf":[],"yoast_head":"<!-- This site is optimized with the Yoast SEO plugin v27.4 - https:\/\/yoast.com\/product\/yoast-seo-wordpress\/ -->\n<title>Signia QuickGuard vahasuoja - kuuloasi.fi<\/title>\n<meta name=\"robots\" content=\"index, follow, max-snippet:-1, max-image-preview:large, max-video-preview:-1\" \/>\n<link rel=\"canonical\" href=\"https:\/\/kuuloasi.fi\/sv\/produkt\/signia-quickguard-vahasuoja\/\" \/>\n<meta property=\"og:locale\" content=\"sv_SE\" \/>\n<meta property=\"og:type\" content=\"article\" \/>\n<meta property=\"og:title\" content=\"Signia QuickGuard vahasuoja - kuuloasi.fi\" \/>\n<meta property=\"og:description\" content=\"Signia QuickGuard vahasuoja\u00a0on luotettava ratkaisu kuulokojeen suojaamiseen korvavahan ja lian aiheuttamilta tukkeutumisilta. Pieni mutta t\u00e4rke\u00e4 lis\u00e4varuste auttaa s\u00e4ilytt\u00e4m\u00e4\u00e4n \u00e4\u00e4nenlaadun kirkkaana ja laitteen toimintavarmuuden. T\u00e4m\u00e4 pakkaus sis\u00e4lt\u00e4\u00e4\u00a08 vahasuojatikkuja, joilla vaihto onnistuu helposti kotona ilman huoltok\u00e4ynti\u00e4.\" \/>\n<meta property=\"og:url\" content=\"https:\/\/kuuloasi.fi\/sv\/produkt\/signia-quickguard-vahasuoja\/\" \/>\n<meta property=\"og:site_name\" content=\"kuuloasi.fi\" \/>\n<meta property=\"article:modified_time\" content=\"2026-04-15T16:27:14+00:00\" \/>\n<meta property=\"og:image\" content=\"https:\/\/kuuloasi.fi\/wp-content\/uploads\/2025\/12\/quickguards.jpg\" \/>\n\t<meta property=\"og:image:width\" content=\"300\" \/>\n\t<meta property=\"og:image:height\" content=\"300\" \/>\n\t<meta property=\"og:image:type\" content=\"image\/jpeg\" \/>\n<meta name=\"twitter:card\" content=\"summary_large_image\" \/>\n<meta name=\"twitter:label1\" content=\"Ber\u00e4knad l\u00e4stid\" \/>\n\t<meta name=\"twitter:data1\" content=\"1 minut\" \/>\n<script type=\"application\/ld+json\" class=\"yoast-schema-graph\">{\"@context\":\"https:\\\/\\\/schema.org\",\"@graph\":[{\"@type\":\"WebPage\",\"@id\":\"https:\\\/\\\/kuuloasi.fi\\\/tuote\\\/signia-quickguard-vahasuoja\\\/\",\"url\":\"https:\\\/\\\/kuuloasi.fi\\\/tuote\\\/signia-quickguard-vahasuoja\\\/\",\"name\":\"Signia QuickGuard vahasuoja - kuuloasi.fi\",\"isPartOf\":{\"@id\":\"https:\\\/\\\/kuuloasi.fi\\\/#website\"},\"primaryImageOfPage\":{\"@id\":\"https:\\\/\\\/kuuloasi.fi\\\/tuote\\\/signia-quickguard-vahasuoja\\\/#primaryimage\"},\"image\":{\"@id\":\"https:\\\/\\\/kuuloasi.fi\\\/tuote\\\/signia-quickguard-vahasuoja\\\/#primaryimage\"},\"thumbnailUrl\":\"https:\\\/\\\/kuuloasi.fi\\\/wp-content\\\/uploads\\\/2025\\\/12\\\/quickguards.jpg\",\"datePublished\":\"2025-12-03T16:43:38+00:00\",\"dateModified\":\"2026-04-15T16:27:14+00:00\",\"breadcrumb\":{\"@id\":\"https:\\\/\\\/kuuloasi.fi\\\/tuote\\\/signia-quickguard-vahasuoja\\\/#breadcrumb\"},\"inLanguage\":\"sv-SE\",\"potentialAction\":[{\"@type\":\"ReadAction\",\"target\":[\"https:\\\/\\\/kuuloasi.fi\\\/tuote\\\/signia-quickguard-vahasuoja\\\/\"]}]},{\"@type\":\"ImageObject\",\"inLanguage\":\"sv-SE\",\"@id\":\"https:\\\/\\\/kuuloasi.fi\\\/tuote\\\/signia-quickguard-vahasuoja\\\/#primaryimage\",\"url\":\"https:\\\/\\\/kuuloasi.fi\\\/wp-content\\\/uploads\\\/2025\\\/12\\\/quickguards.jpg\",\"contentUrl\":\"https:\\\/\\\/kuuloasi.fi\\\/wp-content\\\/uploads\\\/2025\\\/12\\\/quickguards.jpg\",\"width\":300,\"height\":300},{\"@type\":\"BreadcrumbList\",\"@id\":\"https:\\\/\\\/kuuloasi.fi\\\/tuote\\\/signia-quickguard-vahasuoja\\\/#breadcrumb\",\"itemListElement\":[{\"@type\":\"ListItem\",\"position\":1,\"name\":\"Etusivu\",\"item\":\"https:\\\/\\\/kuuloasi.fi\\\/\"},{\"@type\":\"ListItem\",\"position\":2,\"name\":\"Kauppa\",\"item\":\"https:\\\/\\\/kuuloasi.fi\\\/kauppa\\\/\"},{\"@type\":\"ListItem\",\"position\":3,\"name\":\"Signia QuickGuard vahasuoja\"}]},{\"@type\":\"WebSite\",\"@id\":\"https:\\\/\\\/kuuloasi.fi\\\/#website\",\"url\":\"https:\\\/\\\/kuuloasi.fi\\\/\",\"name\":\"kuuloasi.fi\",\"description\":\"\",\"potentialAction\":[{\"@type\":\"SearchAction\",\"target\":{\"@type\":\"EntryPoint\",\"urlTemplate\":\"https:\\\/\\\/kuuloasi.fi\\\/?s={search_term_string}\"},\"query-input\":{\"@type\":\"PropertyValueSpecification\",\"valueRequired\":true,\"valueName\":\"search_term_string\"}}],\"inLanguage\":\"sv-SE\"}]}<\/script>\n<!-- \/ Yoast SEO plugin. -->","yoast_head_json":{"title":"Signia QuickGuard vahasuoja - kuuloasi.fi","robots":{"index":"index","follow":"follow","max-snippet":"max-snippet:-1","max-image-preview":"max-image-preview:large","max-video-preview":"max-video-preview:-1"},"canonical":"https:\/\/kuuloasi.fi\/sv\/produkt\/signia-quickguard-vahasuoja\/","og_locale":"sv_SE","og_type":"article","og_title":"Signia QuickGuard vahasuoja - kuuloasi.fi","og_description":"Signia QuickGuard vahasuoja\u00a0on luotettava ratkaisu kuulokojeen suojaamiseen korvavahan ja lian aiheuttamilta tukkeutumisilta. Pieni mutta t\u00e4rke\u00e4 lis\u00e4varuste auttaa s\u00e4ilytt\u00e4m\u00e4\u00e4n \u00e4\u00e4nenlaadun kirkkaana ja laitteen toimintavarmuuden. T\u00e4m\u00e4 pakkaus sis\u00e4lt\u00e4\u00e4\u00a08 vahasuojatikkuja, joilla vaihto onnistuu helposti kotona ilman huoltok\u00e4ynti\u00e4.","og_url":"https:\/\/kuuloasi.fi\/sv\/produkt\/signia-quickguard-vahasuoja\/","og_site_name":"kuuloasi.fi","article_modified_time":"2026-04-15T16:27:14+00:00","og_image":[{"width":300,"height":300,"url":"https:\/\/kuuloasi.fi\/wp-content\/uploads\/2025\/12\/quickguards.jpg","type":"image\/jpeg"}],"twitter_card":"summary_large_image","twitter_misc":{"Ber\u00e4knad l\u00e4stid":"1 minut"},"schema":{"@context":"https:\/\/schema.org","@graph":[{"@type":"WebPage","@id":"https:\/\/kuuloasi.fi\/tuote\/signia-quickguard-vahasuoja\/","url":"https:\/\/kuuloasi.fi\/tuote\/signia-quickguard-vahasuoja\/","name":"Signia QuickGuard vahasuoja - kuuloasi.fi","isPartOf":{"@id":"https:\/\/kuuloasi.fi\/#website"},"primaryImageOfPage":{"@id":"https:\/\/kuuloasi.fi\/tuote\/signia-quickguard-vahasuoja\/#primaryimage"},"image":{"@id":"https:\/\/kuuloasi.fi\/tuote\/signia-quickguard-vahasuoja\/#primaryimage"},"thumbnailUrl":"https:\/\/kuuloasi.fi\/wp-content\/uploads\/2025\/12\/quickguards.jpg","datePublished":"2025-12-03T16:43:38+00:00","dateModified":"2026-04-15T16:27:14+00:00","breadcrumb":{"@id":"https:\/\/kuuloasi.fi\/tuote\/signia-quickguard-vahasuoja\/#breadcrumb"},"inLanguage":"sv-SE","potentialAction":[{"@type":"ReadAction","target":["https:\/\/kuuloasi.fi\/tuote\/signia-quickguard-vahasuoja\/"]}]},{"@type":"ImageObject","inLanguage":"sv-SE","@id":"https:\/\/kuuloasi.fi\/tuote\/signia-quickguard-vahasuoja\/#primaryimage","url":"https:\/\/kuuloasi.fi\/wp-content\/uploads\/2025\/12\/quickguards.jpg","contentUrl":"https:\/\/kuuloasi.fi\/wp-content\/uploads\/2025\/12\/quickguards.jpg","width":300,"height":300},{"@type":"BreadcrumbList","@id":"https:\/\/kuuloasi.fi\/tuote\/signia-quickguard-vahasuoja\/#breadcrumb","itemListElement":[{"@type":"ListItem","position":1,"name":"Etusivu","item":"https:\/\/kuuloasi.fi\/"},{"@type":"ListItem","position":2,"name":"Kauppa","item":"https:\/\/kuuloasi.fi\/kauppa\/"},{"@type":"ListItem","position":3,"name":"Signia QuickGuard vahasuoja"}]},{"@type":"WebSite","@id":"https:\/\/kuuloasi.fi\/#website","url":"https:\/\/kuuloasi.fi\/","name":"h\u00f6rsel.co.uk","description":"","potentialAction":[{"@type":"SearchAction","target":{"@type":"EntryPoint","urlTemplate":"https:\/\/kuuloasi.fi\/?s={search_term_string}"},"query-input":{"@type":"PropertyValueSpecification","valueRequired":true,"valueName":"search_term_string"}}],"inLanguage":"sv-SE"}]}},"_links":{"self":[{"href":"https:\/\/kuuloasi.fi\/sv\/wp-json\/wp\/v2\/product\/714","targetHints":{"allow":["GET"]}}],"collection":[{"href":"https:\/\/kuuloasi.fi\/sv\/wp-json\/wp\/v2\/product"}],"about":[{"href":"https:\/\/kuuloasi.fi\/sv\/wp-json\/wp\/v2\/types\/product"}],"replies":[{"embeddable":true,"href":"https:\/\/kuuloasi.fi\/sv\/wp-json\/wp\/v2\/comments?post=714"}],"wp:featuredmedia":[{"embeddable":true,"href":"https:\/\/kuuloasi.fi\/sv\/wp-json\/wp\/v2\/media\/715"}],"wp:attachment":[{"href":"https:\/\/kuuloasi.fi\/sv\/wp-json\/wp\/v2\/media?parent=714"}],"wp:term":[{"taxonomy":"product_brand","embeddable":true,"href":"https:\/\/kuuloasi.fi\/sv\/wp-json\/wp\/v2\/product_brand?post=714"},{"taxonomy":"product_cat","embeddable":true,"href":"https:\/\/kuuloasi.fi\/sv\/wp-json\/wp\/v2\/product_cat?post=714"},{"taxonomy":"product_tag","embeddable":true,"href":"https:\/\/kuuloasi.fi\/sv\/wp-json\/wp\/v2\/product_tag?post=714"}],"curies":[{"name":"wp","href":"https:\/\/api.w.org\/{rel}","templated":true}]}}