{"id":704,"date":"2025-12-03T16:36:43","date_gmt":"2025-12-03T16:36:43","guid":{"rendered":"https:\/\/kuuloasi.fi\/?post_type=product&#038;p=704"},"modified":"2026-04-16T09:55:10","modified_gmt":"2026-04-16T09:55:10","slug":"signia-click-sleeve-2-0-suljettu-tippi","status":"publish","type":"product","link":"https:\/\/kuuloasi.fi\/sv\/produkt\/signia-click-sleeve-2-0-suljettu-tippi\/","title":{"rendered":"Signia Click Sleeve 2.0 slutet dropp"},"content":{"rendered":"<p><iframe title=\"Byte av spets p\u00e5 h\u00f6rapparat\" width=\"800\" height=\"450\" src=\"https:\/\/www.youtube.com\/embed\/9MKWhWD0MN4?feature=oembed\" frameborder=\"0\" allow=\"accelerometer; autoplay; clipboard-write; encrypted-media; gyroscope; picture-in-picture; web-share\" referrerpolicy=\"strict-origin-when-cross-origin\" allowfullscreen><\/iframe><\/p>\n<h2 tabindex=\"0\" data-end=\"1049\" data-start=\"1025\">Produktens egenskaper<\/h2>\n<ul data-end=\"1592\" data-start=\"1051\">\n<li data-end=\"1171\" data-start=\"1051\">\n<p data-end=\"1171\" data-start=\"1053\"><strong data-end=\"1072\" data-start=\"1053\">Kompatibilitet:<\/strong>\u00a0L\u00e4mplig f\u00f6r alla\u00a0<strong data-end=\"1098\" data-start=\"1088\">Signia<\/strong>,\u00a0<strong data-end=\"1111\" data-start=\"1100\">Siemens<\/strong>\u00a0och\u00a0<strong data-end=\"1125\" data-start=\"1115\">Rexton<\/strong>\u00a0h\u00f6rapparater med Click-systemet<\/p>\n<\/li>\n<li data-end=\"1261\" data-start=\"1172\">\n<p data-end=\"1261\" data-start=\"1174\"><strong data-end=\"1197\" data-start=\"1174\">Anpassningsbar design:<\/strong>\u00a0F\u00f6ljer h\u00f6rselg\u00e5ngens form och sitter stadigt p\u00e5 plats<\/p>\n<\/li>\n<li data-end=\"1395\" data-start=\"1262\">\n<p data-end=\"1395\" data-start=\"1264\"><strong data-end=\"1295\" data-start=\"1264\">Utm\u00e4rkt anv\u00e4ndarv\u00e4nlighet:<\/strong>\u00a0Det mjuka materialet och den diskreta formen g\u00f6r spetsen bekv\u00e4m \u00e4ven vid l\u00e5ngvarig anv\u00e4ndning<\/p>\n<\/li>\n<li data-end=\"1486\" data-start=\"1396\">\n<p data-end=\"1486\" data-start=\"1398\"><strong data-end=\"1419\" data-start=\"1398\">Sluten struktur:<\/strong>\u00a0M\u00f6jligg\u00f6r b\u00e4ttre ljudf\u00f6rst\u00e4rkning och minskar ljudl\u00e4ckage<\/p>\n<\/li>\n<li data-end=\"1592\" data-start=\"1487\">\n<p data-end=\"1592\" data-start=\"1489\"><strong data-end=\"1527\" data-start=\"1489\">F\u00f6rb\u00e4ttrad audiologisk prestanda:<\/strong>\u00a0Ger j\u00e4mn och tydlig ljud\u00e5tergivning vid alla frekvenser<\/p>\n<\/li>\n<\/ul>\n<h2 tabindex=\"0\" data-end=\"1620\" data-start=\"1599\"><\/h2>\n<h2 tabindex=\"0\" data-end=\"1620\" data-start=\"1599\">Storlekar och f\u00e4rgkoder<\/h2>\n<p data-end=\"1753\" data-start=\"1622\">Signia Click Sleeve 2.0 f\u00f6rseglade tees finns i fyra storlekar, s\u00e5 att du kan v\u00e4lja den som passar dig b\u00e4st:<\/p>\n<div class=\"_tableContainer_1rjym_1\">\n<div class=\"group _tableWrapper_1rjym_13 flex w-fit flex-col-reverse\" tabindex=\"-1\">\n<table class=\"w-fit min-w-(--thread-content-width)\" data-end=\"1973\" data-start=\"1755\">\n<thead data-end=\"1779\" data-start=\"1755\">\n<tr data-end=\"1779\" data-start=\"1755\">\n<th data-col-size=\"sm\" data-end=\"1762\" data-start=\"1755\">Storlek<\/th>\n<th data-col-size=\"sm\" data-end=\"1769\" data-start=\"1762\">F\u00e4rg<\/th>\n<th data-col-size=\"sm\" data-end=\"1779\" data-start=\"1769\">Beskrivning<\/th>\n<\/tr>\n<\/thead>\n<tbody data-end=\"1973\" data-start=\"1805\">\n<tr data-end=\"1851\" data-start=\"1805\">\n<td data-col-size=\"sm\" data-end=\"1810\" data-start=\"1805\">XS<\/td>\n<td data-col-size=\"sm\" data-end=\"1820\" data-start=\"1810\">Orange<\/td>\n<td data-col-size=\"sm\" data-end=\"1851\" data-start=\"1820\">Mycket liten h\u00f6rselg\u00e5ng<\/td>\n<\/tr>\n<tr data-end=\"1887\" data-start=\"1852\">\n<td data-col-size=\"sm\" data-end=\"1856\" data-start=\"1852\">S<\/td>\n<td data-col-size=\"sm\" data-end=\"1865\" data-start=\"1856\">Gr\u00f6n<\/td>\n<td data-col-size=\"sm\" data-end=\"1887\" data-start=\"1865\">Liten h\u00f6rselg\u00e5ng<\/td>\n<\/tr>\n<tr data-end=\"1932\" data-start=\"1888\">\n<td data-col-size=\"sm\" data-end=\"1892\" data-start=\"1888\">M<\/td>\n<td data-col-size=\"sm\" data-end=\"1902\" data-start=\"1892\">Bl\u00e5<\/td>\n<td data-col-size=\"sm\" data-end=\"1932\" data-start=\"1902\">Medelstor h\u00f6rselg\u00e5ng<\/td>\n<\/tr>\n<tr data-end=\"1973\" data-start=\"1933\">\n<td data-col-size=\"sm\" data-end=\"1937\" data-start=\"1933\">L<\/td>\n<td data-col-size=\"sm\" data-end=\"1948\" data-start=\"1937\">Lila<\/td>\n<td data-col-size=\"sm\" data-end=\"1973\" data-start=\"1948\">St\u00f6rre h\u00f6rselg\u00e5ng<\/td>\n<\/tr>\n<\/tbody>\n<\/table>\n<\/div>\n<\/div>\n<p data-end=\"2023\" data-start=\"1975\">V\u00e4lj storlek fr\u00e5n rullgardinsmenyn innan du best\u00e4ller.<\/p>\n<p data-end=\"2067\" data-start=\"2025\"><strong data-end=\"2041\" data-start=\"2025\">Paketets storlek:<\/strong>\u00a06 stycken (3 par).<\/p>\n<h2 tabindex=\"0\" data-end=\"2114\" data-start=\"2074\"><\/h2>\n<h2 tabindex=\"0\" data-end=\"2114\" data-start=\"2074\">Varf\u00f6r v\u00e4lja Signia Click Sleeve 2.0?<\/h2>\n<p data-end=\"2537\" data-start=\"2116\">\u00a0<strong data-end=\"2143\" data-start=\"2118\">Perfekt passform:<\/strong>\u00a0formad f\u00f6r att f\u00f6lja h\u00f6rselg\u00e5ngens struktur<br data-end=\"2192\" data-start=\"2189\" \/>\u00a0<strong data-end=\"2207\" data-start=\"2194\">Komfort:<\/strong>\u00a0mjukt material som inte irriterar huden<br data-end=\"2243\" data-start=\"2240\" \/>\u00a0<strong data-end=\"2267\" data-start=\"2245\">Ett naturligt ljud:<\/strong>\u00a0en kompakt, men \u00e4nd\u00e5 balanserad akustisk respons<br data-end=\"2320\" data-start=\"2317\" \/>\u00a0<strong data-end=\"2356\" data-start=\"2322\">L\u00e4tt att f\u00e4sta och lossa:<\/strong>\u00a0\u201cClick\u201d-f\u00e4stsystemet ger ett s\u00e4kert grepp om headsetet<br data-end=\"2426\" data-start=\"2423\" \/>\u00a0<strong data-end=\"2474\" data-start=\"2428\">Kompatibel med ett brett utbud av h\u00f6rapparater:<\/strong>\u00a0fungerar med alla Signia-, Siemens- och Rexton Click-headset<\/p>\n<h2 tabindex=\"0\" data-end=\"2559\" data-start=\"2544\"><\/h2>\n<h2 tabindex=\"0\" data-end=\"2559\" data-start=\"2544\">Hur man anv\u00e4nder<\/h2>\n<p data-end=\"2728\" data-start=\"2561\">Spetsen ska placeras i \u00f6rat s\u00e5 att den\u00a0<strong data-end=\"2634\" data-start=\"2604\">\u201dst\u00e5\u201d upp\u00e5t i \u00f6rat<\/strong>. Denna position garanterar b\u00e4sta t\u00e4thet, anv\u00e4ndarv\u00e4nlighet och en n\u00e4stan osynlig finish.<\/p>\n<h2 tabindex=\"0\" data-end=\"2763\" data-start=\"2735\"><\/h2>\n<h2 tabindex=\"0\" data-end=\"2763\" data-start=\"2735\">Vem \u00e4r detta tips l\u00e4mpligt f\u00f6r?<\/h2>\n<ul data-end=\"2992\" data-start=\"2765\">\n<li data-end=\"2838\" data-start=\"2765\">\n<p data-end=\"2838\" data-start=\"2767\">F\u00f6r anv\u00e4ndare som har\u00a0<strong data-end=\"2836\" data-start=\"2790\">Signia, Siemens eller Rexton RIC h\u00f6rapparater<\/strong><\/p>\n<\/li>\n<li data-end=\"2904\" data-start=\"2839\">\n<p data-end=\"2904\" data-start=\"2841\">F\u00f6r personer som beh\u00f6ver\u00a0<strong data-end=\"2902\" data-start=\"2872\">starkare ljudf\u00f6rst\u00e4rkning<\/strong><\/p>\n<\/li>\n<li data-end=\"2992\" data-start=\"2905\">\n<p data-end=\"2992\" data-start=\"2907\">F\u00f6r anv\u00e4ndare som vill\u00a0<strong data-end=\"2969\" data-start=\"2935\">bra passform och komfort<\/strong>\u00a0anv\u00e4ndning hela dagen<\/p>\n<\/li>\n<\/ul>\n<h2 tabindex=\"0\" data-end=\"3012\" data-start=\"2999\"><\/h2>\n<h2 tabindex=\"0\" data-end=\"3012\" data-start=\"2999\">Sammanfattning<\/h2>\n<p data-end=\"3267\" data-start=\"3014\"><strong data-end=\"3056\" data-start=\"3014\">Signia Click Sleeve 2.0 slutet dropp<\/strong>\u00a0erbjuder den optimala kombinationen av komfort, kompakthet och utm\u00e4rkt ljudkvalitet. Den \u00e4r enkel att byta ut, kompatibel med ett brett utbud av h\u00f6rapparater och s\u00e4kerst\u00e4ller att du h\u00f6r allt tydligt - utan st\u00f6rningar.<\/p>","protected":false},"excerpt":{"rendered":"<p><strong data-end=\"579\" data-start=\"488\">Perfekt passform och utm\u00e4rkt ljudkvalitet<\/strong><\/p>\n<p data-end=\"852\" data-start=\"581\"><strong data-end=\"608\" data-start=\"581\">Signia Klickhylsa 2.0<\/strong>\u00a0\u00e4r en avancerad h\u00f6rapparatspets som \u00e4r utformad f\u00f6r att ge utm\u00e4rkt komfort och balanserad ljud\u00e5tergivning. Den omdesignade spetsen passar perfekt i \u00f6rat och bibeh\u00e5ller h\u00f6rapparatens prestanda p\u00e5 b\u00e4sta s\u00e4tt.<\/p>\n<p data-end=\"1018\" data-start=\"854\">Den slutna modellen \u00e4r mer kompakt \u00e4n den \u00f6ppna droppen, vilket g\u00f6r den s\u00e4rskilt l\u00e4mplig f\u00f6r situationer d\u00e4r\u00a0<strong data-end=\"1015\" data-start=\"958\">starkare f\u00f6rst\u00e4rkning och mer effektiv ljudisolering<\/strong>.<\/p>","protected":false},"featured_media":699,"comment_status":"closed","ping_status":"closed","template":"","meta":{"_acf_changed":false},"product_brand":[],"product_cat":[72,22],"product_tag":[111,77],"class_list":{"0":"post-704","1":"product","2":"type-product","3":"status-publish","4":"has-post-thumbnail","6":"product_cat-signia","7":"product_cat-varaosat","8":"product_tag-signia","9":"product_tag-tippi","11":"first","12":"instock","13":"taxable","14":"shipping-taxable","15":"purchasable","16":"product-type-variable"},"acf":[],"yoast_head":"<!-- This site is optimized with the Yoast SEO plugin v27.4 - https:\/\/yoast.com\/product\/yoast-seo-wordpress\/ -->\n<title>Signia Click Sleeve 2.0 suljettu tippi - kuuloasi.fi<\/title>\n<meta name=\"robots\" content=\"index, follow, max-snippet:-1, max-image-preview:large, max-video-preview:-1\" \/>\n<link rel=\"canonical\" href=\"https:\/\/kuuloasi.fi\/sv\/produkt\/signia-click-sleeve-2-0-suljettu-tippi\/\" \/>\n<meta property=\"og:locale\" content=\"sv_SE\" \/>\n<meta property=\"og:type\" content=\"article\" \/>\n<meta property=\"og:title\" content=\"Signia Click Sleeve 2.0 suljettu tippi - kuuloasi.fi\" \/>\n<meta property=\"og:description\" content=\"T\u00e4ydellinen istuvuus ja erinomainen \u00e4\u00e4nenlaatu Signia Click Sleeve 2.0\u00a0on huippuluokan kuulokojeen tippi, joka on suunniteltu tarjoamaan erinomainen k\u00e4ytt\u00f6mukavuus ja tasapainoinen \u00e4\u00e4nentoisto. Uudistetun muotoilun ansiosta tippi istuu korvaan t\u00e4ydellisesti ja s\u00e4ilytt\u00e4\u00e4 kuulokojeen suorituskyvyn parhaimmillaan. Suljettu malli on tiiviimpi kuin avoin tippi, joten se sopii erityisesti tilanteisiin, joissa tarvitaan\u00a0vahvempaa vahvistusta ja tehokkaampaa \u00e4\u00e4nen eristyst\u00e4.\" \/>\n<meta property=\"og:url\" content=\"https:\/\/kuuloasi.fi\/sv\/produkt\/signia-click-sleeve-2-0-suljettu-tippi\/\" \/>\n<meta property=\"og:site_name\" content=\"kuuloasi.fi\" \/>\n<meta property=\"article:modified_time\" content=\"2026-04-16T09:55:10+00:00\" \/>\n<meta property=\"og:image\" content=\"https:\/\/kuuloasi.fi\/wp-content\/uploads\/2025\/12\/Click-Sleeves-20_vented_900x900.jpg\" \/>\n\t<meta property=\"og:image:width\" content=\"900\" \/>\n\t<meta property=\"og:image:height\" content=\"900\" \/>\n\t<meta property=\"og:image:type\" content=\"image\/jpeg\" \/>\n<meta name=\"twitter:card\" content=\"summary_large_image\" \/>\n<meta name=\"twitter:label1\" content=\"Ber\u00e4knad l\u00e4stid\" \/>\n\t<meta name=\"twitter:data1\" content=\"1 minut\" \/>\n<script type=\"application\/ld+json\" class=\"yoast-schema-graph\">{\"@context\":\"https:\\\/\\\/schema.org\",\"@graph\":[{\"@type\":\"WebPage\",\"@id\":\"https:\\\/\\\/kuuloasi.fi\\\/tuote\\\/signia-click-sleeve-2-0-suljettu-tippi\\\/\",\"url\":\"https:\\\/\\\/kuuloasi.fi\\\/tuote\\\/signia-click-sleeve-2-0-suljettu-tippi\\\/\",\"name\":\"Signia Click Sleeve 2.0 suljettu tippi - kuuloasi.fi\",\"isPartOf\":{\"@id\":\"https:\\\/\\\/kuuloasi.fi\\\/#website\"},\"primaryImageOfPage\":{\"@id\":\"https:\\\/\\\/kuuloasi.fi\\\/tuote\\\/signia-click-sleeve-2-0-suljettu-tippi\\\/#primaryimage\"},\"image\":{\"@id\":\"https:\\\/\\\/kuuloasi.fi\\\/tuote\\\/signia-click-sleeve-2-0-suljettu-tippi\\\/#primaryimage\"},\"thumbnailUrl\":\"https:\\\/\\\/kuuloasi.fi\\\/wp-content\\\/uploads\\\/2025\\\/12\\\/Click-Sleeves-20_vented_900x900.jpg\",\"datePublished\":\"2025-12-03T16:36:43+00:00\",\"dateModified\":\"2026-04-16T09:55:10+00:00\",\"breadcrumb\":{\"@id\":\"https:\\\/\\\/kuuloasi.fi\\\/tuote\\\/signia-click-sleeve-2-0-suljettu-tippi\\\/#breadcrumb\"},\"inLanguage\":\"sv-SE\",\"potentialAction\":[{\"@type\":\"ReadAction\",\"target\":[\"https:\\\/\\\/kuuloasi.fi\\\/tuote\\\/signia-click-sleeve-2-0-suljettu-tippi\\\/\"]}]},{\"@type\":\"ImageObject\",\"inLanguage\":\"sv-SE\",\"@id\":\"https:\\\/\\\/kuuloasi.fi\\\/tuote\\\/signia-click-sleeve-2-0-suljettu-tippi\\\/#primaryimage\",\"url\":\"https:\\\/\\\/kuuloasi.fi\\\/wp-content\\\/uploads\\\/2025\\\/12\\\/Click-Sleeves-20_vented_900x900.jpg\",\"contentUrl\":\"https:\\\/\\\/kuuloasi.fi\\\/wp-content\\\/uploads\\\/2025\\\/12\\\/Click-Sleeves-20_vented_900x900.jpg\",\"width\":900,\"height\":900},{\"@type\":\"BreadcrumbList\",\"@id\":\"https:\\\/\\\/kuuloasi.fi\\\/tuote\\\/signia-click-sleeve-2-0-suljettu-tippi\\\/#breadcrumb\",\"itemListElement\":[{\"@type\":\"ListItem\",\"position\":1,\"name\":\"Etusivu\",\"item\":\"https:\\\/\\\/kuuloasi.fi\\\/\"},{\"@type\":\"ListItem\",\"position\":2,\"name\":\"Kauppa\",\"item\":\"https:\\\/\\\/kuuloasi.fi\\\/kauppa\\\/\"},{\"@type\":\"ListItem\",\"position\":3,\"name\":\"Signia Click Sleeve 2.0 suljettu tippi\"}]},{\"@type\":\"WebSite\",\"@id\":\"https:\\\/\\\/kuuloasi.fi\\\/#website\",\"url\":\"https:\\\/\\\/kuuloasi.fi\\\/\",\"name\":\"kuuloasi.fi\",\"description\":\"\",\"potentialAction\":[{\"@type\":\"SearchAction\",\"target\":{\"@type\":\"EntryPoint\",\"urlTemplate\":\"https:\\\/\\\/kuuloasi.fi\\\/?s={search_term_string}\"},\"query-input\":{\"@type\":\"PropertyValueSpecification\",\"valueRequired\":true,\"valueName\":\"search_term_string\"}}],\"inLanguage\":\"sv-SE\"}]}<\/script>\n<!-- \/ Yoast SEO plugin. -->","yoast_head_json":{"title":"Signia Click Sleeve 2.0 suljettu tippi - kuuloasi.fi","robots":{"index":"index","follow":"follow","max-snippet":"max-snippet:-1","max-image-preview":"max-image-preview:large","max-video-preview":"max-video-preview:-1"},"canonical":"https:\/\/kuuloasi.fi\/sv\/produkt\/signia-click-sleeve-2-0-suljettu-tippi\/","og_locale":"sv_SE","og_type":"article","og_title":"Signia Click Sleeve 2.0 suljettu tippi - kuuloasi.fi","og_description":"T\u00e4ydellinen istuvuus ja erinomainen \u00e4\u00e4nenlaatu Signia Click Sleeve 2.0\u00a0on huippuluokan kuulokojeen tippi, joka on suunniteltu tarjoamaan erinomainen k\u00e4ytt\u00f6mukavuus ja tasapainoinen \u00e4\u00e4nentoisto. Uudistetun muotoilun ansiosta tippi istuu korvaan t\u00e4ydellisesti ja s\u00e4ilytt\u00e4\u00e4 kuulokojeen suorituskyvyn parhaimmillaan. Suljettu malli on tiiviimpi kuin avoin tippi, joten se sopii erityisesti tilanteisiin, joissa tarvitaan\u00a0vahvempaa vahvistusta ja tehokkaampaa \u00e4\u00e4nen eristyst\u00e4.","og_url":"https:\/\/kuuloasi.fi\/sv\/produkt\/signia-click-sleeve-2-0-suljettu-tippi\/","og_site_name":"kuuloasi.fi","article_modified_time":"2026-04-16T09:55:10+00:00","og_image":[{"width":900,"height":900,"url":"https:\/\/kuuloasi.fi\/wp-content\/uploads\/2025\/12\/Click-Sleeves-20_vented_900x900.jpg","type":"image\/jpeg"}],"twitter_card":"summary_large_image","twitter_misc":{"Ber\u00e4knad l\u00e4stid":"1 minut"},"schema":{"@context":"https:\/\/schema.org","@graph":[{"@type":"WebPage","@id":"https:\/\/kuuloasi.fi\/tuote\/signia-click-sleeve-2-0-suljettu-tippi\/","url":"https:\/\/kuuloasi.fi\/tuote\/signia-click-sleeve-2-0-suljettu-tippi\/","name":"Signia Click Sleeve 2.0 suljettu tippi - kuuloasi.fi","isPartOf":{"@id":"https:\/\/kuuloasi.fi\/#website"},"primaryImageOfPage":{"@id":"https:\/\/kuuloasi.fi\/tuote\/signia-click-sleeve-2-0-suljettu-tippi\/#primaryimage"},"image":{"@id":"https:\/\/kuuloasi.fi\/tuote\/signia-click-sleeve-2-0-suljettu-tippi\/#primaryimage"},"thumbnailUrl":"https:\/\/kuuloasi.fi\/wp-content\/uploads\/2025\/12\/Click-Sleeves-20_vented_900x900.jpg","datePublished":"2025-12-03T16:36:43+00:00","dateModified":"2026-04-16T09:55:10+00:00","breadcrumb":{"@id":"https:\/\/kuuloasi.fi\/tuote\/signia-click-sleeve-2-0-suljettu-tippi\/#breadcrumb"},"inLanguage":"sv-SE","potentialAction":[{"@type":"ReadAction","target":["https:\/\/kuuloasi.fi\/tuote\/signia-click-sleeve-2-0-suljettu-tippi\/"]}]},{"@type":"ImageObject","inLanguage":"sv-SE","@id":"https:\/\/kuuloasi.fi\/tuote\/signia-click-sleeve-2-0-suljettu-tippi\/#primaryimage","url":"https:\/\/kuuloasi.fi\/wp-content\/uploads\/2025\/12\/Click-Sleeves-20_vented_900x900.jpg","contentUrl":"https:\/\/kuuloasi.fi\/wp-content\/uploads\/2025\/12\/Click-Sleeves-20_vented_900x900.jpg","width":900,"height":900},{"@type":"BreadcrumbList","@id":"https:\/\/kuuloasi.fi\/tuote\/signia-click-sleeve-2-0-suljettu-tippi\/#breadcrumb","itemListElement":[{"@type":"ListItem","position":1,"name":"Etusivu","item":"https:\/\/kuuloasi.fi\/"},{"@type":"ListItem","position":2,"name":"Kauppa","item":"https:\/\/kuuloasi.fi\/kauppa\/"},{"@type":"ListItem","position":3,"name":"Signia Click Sleeve 2.0 suljettu tippi"}]},{"@type":"WebSite","@id":"https:\/\/kuuloasi.fi\/#website","url":"https:\/\/kuuloasi.fi\/","name":"h\u00f6rsel.co.uk","description":"","potentialAction":[{"@type":"SearchAction","target":{"@type":"EntryPoint","urlTemplate":"https:\/\/kuuloasi.fi\/?s={search_term_string}"},"query-input":{"@type":"PropertyValueSpecification","valueRequired":true,"valueName":"search_term_string"}}],"inLanguage":"sv-SE"}]}},"_links":{"self":[{"href":"https:\/\/kuuloasi.fi\/sv\/wp-json\/wp\/v2\/product\/704","targetHints":{"allow":["GET"]}}],"collection":[{"href":"https:\/\/kuuloasi.fi\/sv\/wp-json\/wp\/v2\/product"}],"about":[{"href":"https:\/\/kuuloasi.fi\/sv\/wp-json\/wp\/v2\/types\/product"}],"replies":[{"embeddable":true,"href":"https:\/\/kuuloasi.fi\/sv\/wp-json\/wp\/v2\/comments?post=704"}],"wp:featuredmedia":[{"embeddable":true,"href":"https:\/\/kuuloasi.fi\/sv\/wp-json\/wp\/v2\/media\/699"}],"wp:attachment":[{"href":"https:\/\/kuuloasi.fi\/sv\/wp-json\/wp\/v2\/media?parent=704"}],"wp:term":[{"taxonomy":"product_brand","embeddable":true,"href":"https:\/\/kuuloasi.fi\/sv\/wp-json\/wp\/v2\/product_brand?post=704"},{"taxonomy":"product_cat","embeddable":true,"href":"https:\/\/kuuloasi.fi\/sv\/wp-json\/wp\/v2\/product_cat?post=704"},{"taxonomy":"product_tag","embeddable":true,"href":"https:\/\/kuuloasi.fi\/sv\/wp-json\/wp\/v2\/product_tag?post=704"}],"curies":[{"name":"wp","href":"https:\/\/api.w.org\/{rel}","templated":true}]}}