{"id":694,"date":"2025-12-03T16:10:01","date_gmt":"2025-12-03T16:10:01","guid":{"rendered":"https:\/\/kuuloasi.fi\/?post_type=product&#038;p=694"},"modified":"2026-04-14T15:26:51","modified_gmt":"2026-04-14T15:26:51","slug":"signia-click-sleeve-2-0-ventillinen-tippi","status":"publish","type":"product","link":"https:\/\/kuuloasi.fi\/sv\/produkt\/signia-click-sleeve-2-0-ventillinen-tippi\/","title":{"rendered":"Signia Click Sleeve 2.0 ventilerad droppbeh\u00e5llare"},"content":{"rendered":"<p><iframe title=\"Byte av spets p\u00e5 h\u00f6rapparat\" width=\"800\" height=\"450\" src=\"https:\/\/www.youtube.com\/embed\/9MKWhWD0MN4?feature=oembed\" frameborder=\"0\" allow=\"accelerometer; autoplay; clipboard-write; encrypted-media; gyroscope; picture-in-picture; web-share\" referrerpolicy=\"strict-origin-when-cross-origin\" allowfullscreen><\/iframe><\/p>\n<h2 tabindex=\"0\" data-end=\"738\" data-start=\"714\">Produktens egenskaper<\/h2>\n<ul data-end=\"1321\" data-start=\"740\">\n<li data-end=\"859\" data-start=\"740\">\n<p data-end=\"859\" data-start=\"742\"><strong data-end=\"761\" data-start=\"742\">Kompatibilitet:<\/strong>\u00a0L\u00e4mplig f\u00f6r\u00a0<strong data-end=\"778\" data-start=\"768\">Signia<\/strong>,\u00a0<strong data-end=\"791\" data-start=\"780\">Siemens<\/strong>\u00a0och\u00a0<strong data-end=\"805\" data-start=\"795\">Rexton<\/strong>\u00a0f\u00f6r h\u00f6rapparater som anv\u00e4nder Click-systemet<\/p>\n<\/li>\n<li data-end=\"988\" data-start=\"860\">\n<p data-end=\"988\" data-start=\"862\"><strong data-end=\"887\" data-start=\"862\">Design med ventiler:<\/strong>\u00a0L\u00e5ter luften cirkulera i h\u00f6rselg\u00e5ngen, vilket minskar egenekot och \u00f6kar komforten<\/p>\n<\/li>\n<li data-end=\"1092\" data-start=\"989\">\n<p data-end=\"1092\" data-start=\"991\"><strong data-end=\"1014\" data-start=\"991\">Adaptiv passform:<\/strong>\u00a0Mjukt material som formar sig efter h\u00f6rselg\u00e5ngen och sitter bra p\u00e5 plats<\/p>\n<\/li>\n<li data-end=\"1181\" data-start=\"1093\">\n<p data-end=\"1181\" data-start=\"1095\"><strong data-end=\"1117\" data-start=\"1095\">Ett naturligt ljud:<\/strong>\u00a0Den \u00f6ppna strukturen ger en balanserad och naturlig lyssningsupplevelse<\/p>\n<\/li>\n<li data-end=\"1288\" data-start=\"1182\">\n<p data-end=\"1288\" data-start=\"1184\"><strong data-end=\"1202\" data-start=\"1184\">L\u00e4tt att byta ut:<\/strong>\u00a0Spetsen sn\u00e4pps p\u00e5 plats med Click-mekanismen - snabb och s\u00e4ker fixering<\/p>\n<\/li>\n<li data-end=\"1321\" data-start=\"1289\">\n<p data-end=\"1321\" data-start=\"1291\"><strong data-end=\"1303\" data-start=\"1291\">F\u00f6rpackning:<\/strong>\u00a06 stycken (3 par)<\/p>\n<\/li>\n<\/ul>\n<h2 tabindex=\"0\" data-end=\"1349\" data-start=\"1328\"><\/h2>\n<h2 tabindex=\"0\" data-end=\"1349\" data-start=\"1328\">Storlekar och f\u00e4rgkoder<\/h2>\n<p data-end=\"1431\" data-start=\"1351\">V\u00e4lj r\u00e4tt storlek f\u00f6r din h\u00f6rselg\u00e5ng. Storleken framg\u00e5r av f\u00e4rgen p\u00e5 f\u00f6rpackningen:<\/p>\n<div class=\"_tableContainer_1rjym_1\">\n<div class=\"group _tableWrapper_1rjym_13 flex w-fit flex-col-reverse\" tabindex=\"-1\">\n<table class=\"w-fit min-w-(--thread-content-width)\" data-end=\"1651\" data-start=\"1433\">\n<thead data-end=\"1457\" data-start=\"1433\">\n<tr data-end=\"1457\" data-start=\"1433\">\n<th data-col-size=\"sm\" data-end=\"1440\" data-start=\"1433\">Storlek<\/th>\n<th data-col-size=\"sm\" data-end=\"1447\" data-start=\"1440\">F\u00e4rg<\/th>\n<th data-col-size=\"sm\" data-end=\"1457\" data-start=\"1447\">\u00a0 \u00a0 \u00a0 \u00a0 Beskrivning<\/th>\n<\/tr>\n<\/thead>\n<tbody data-end=\"1651\" data-start=\"1483\">\n<tr data-end=\"1529\" data-start=\"1483\">\n<td data-col-size=\"sm\" data-end=\"1488\" data-start=\"1483\">XS<\/td>\n<td data-col-size=\"sm\" data-end=\"1498\" data-start=\"1488\">Orange<\/td>\n<td data-col-size=\"sm\" data-end=\"1529\" data-start=\"1498\">\u00a0 \u00a0 \u00a0 \u00a0 Mycket liten h\u00f6rselg\u00e5ng<\/td>\n<\/tr>\n<tr data-end=\"1565\" data-start=\"1530\">\n<td data-col-size=\"sm\" data-end=\"1534\" data-start=\"1530\">S<\/td>\n<td data-col-size=\"sm\" data-end=\"1543\" data-start=\"1534\">Gr\u00f6n<\/td>\n<td data-col-size=\"sm\" data-end=\"1565\" data-start=\"1543\">\u00a0 \u00a0 \u00a0 \u00a0 Liten h\u00f6rselg\u00e5ng<\/td>\n<\/tr>\n<tr data-end=\"1610\" data-start=\"1566\">\n<td data-col-size=\"sm\" data-end=\"1570\" data-start=\"1566\">M<\/td>\n<td data-col-size=\"sm\" data-end=\"1580\" data-start=\"1570\">Bl\u00e5<\/td>\n<td data-col-size=\"sm\" data-end=\"1610\" data-start=\"1580\">\u00a0 \u00a0 \u00a0 \u00a0 Medelstor h\u00f6rselg\u00e5ng<\/td>\n<\/tr>\n<tr data-end=\"1651\" data-start=\"1611\">\n<td data-col-size=\"sm\" data-end=\"1615\" data-start=\"1611\">L<\/td>\n<td data-col-size=\"sm\" data-end=\"1626\" data-start=\"1615\">Lila<\/td>\n<td data-col-size=\"sm\" data-end=\"1651\" data-start=\"1626\">\u00a0 \u00a0 \u00a0 \u00a0 St\u00f6rre h\u00f6rselg\u00e5ng<\/td>\n<\/tr>\n<\/tbody>\n<\/table>\n<\/div>\n<\/div>\n<p data-end=\"1701\" data-start=\"1653\">V\u00e4lj storlek fr\u00e5n rullgardinsmenyn innan du best\u00e4ller.<\/p>\n<h2 tabindex=\"0\" data-end=\"1742\" data-start=\"1708\"><\/h2>\n<h2 tabindex=\"0\" data-end=\"1742\" data-start=\"1708\">Varf\u00f6r v\u00e4lja en droppe med ventil?<\/h2>\n<p data-end=\"1817\" data-start=\"1744\">Det ventilerade (konditionerade) droppet \u00e4r ett utm\u00e4rkt alternativ f\u00f6r dem som:<\/p>\n<ul data-end=\"2016\" data-start=\"1818\">\n<li data-end=\"1878\" data-start=\"1818\">\n<p data-end=\"1878\" data-start=\"1820\">erfarenhet\u00a0<strong data-end=\"1855\" data-start=\"1828\">ekot av deras egen r\u00f6st<\/strong>\u00a0med slutna T-stycken<\/p>\n<\/li>\n<li data-end=\"1937\" data-start=\"1879\">\n<p data-end=\"1937\" data-start=\"1881\">vill ha\u00a0<strong data-end=\"1926\" data-start=\"1890\">en l\u00e4ttare och luftigare k\u00e4nsla<\/strong>\u00a0I ditt \u00f6ra<\/p>\n<\/li>\n<li data-end=\"2016\" data-start=\"1938\">\n<p data-end=\"2016\" data-start=\"1940\">uppskatta\u00a0<strong data-end=\"1993\" data-start=\"1951\">naturlig ljudkvalitet och komfort<\/strong>\u00a0efter l\u00e5ngvarig anv\u00e4ndning<\/p>\n<\/li>\n<\/ul>\n<p data-end=\"2186\" data-start=\"2018\">Det intraven\u00f6sa droppet \u00e4r s\u00e4rskilt popul\u00e4rt bland dem som har\u00a0<strong data-end=\"2102\" data-start=\"2076\">lindrigare h\u00f6rselneds\u00e4ttning<\/strong>, eller som vill minimera tryckk\u00e4nslan i \u00f6rat som orsakas av en st\u00e4ngd spets.<\/p>\n<h2 tabindex=\"0\" data-end=\"2208\" data-start=\"2193\"><\/h2>\n<h2 tabindex=\"0\" data-end=\"2208\" data-start=\"2193\">Hur man anv\u00e4nder<\/h2>\n<p data-end=\"2374\" data-start=\"2210\">Spetsen ska placeras i \u00f6rat s\u00e5 att den\u00a0<strong data-end=\"2283\" data-start=\"2253\">\u201dst\u00e5\u201d upp\u00e5t i \u00f6rat<\/strong>. Detta garanterar b\u00e4sta m\u00f6jliga t\u00e4thet, anv\u00e4ndarv\u00e4nlighet och en praktiskt taget osynlig finish.<\/p>\n<p data-end=\"2550\" data-start=\"2376\"><strong data-end=\"2390\" data-start=\"2379\">Tips:<\/strong>\u00a0Om du funderar p\u00e5 att \u00e4ndra droppm\u00f6nster (t.ex. fr\u00e5n sluten till ventilerad) ska du alltid r\u00e5dfr\u00e5ga en audionom eller h\u00f6rselv\u00e5rdspersonal f\u00f6r att s\u00e4kerst\u00e4lla b\u00e4sta resultat.<\/p>\n<h2 tabindex=\"0\" data-end=\"2570\" data-start=\"2557\"><\/h2>\n<h2 tabindex=\"0\" data-end=\"2570\" data-start=\"2557\">Sammanfattning<\/h2>\n<p data-end=\"2820\" data-start=\"2572\"><strong data-end=\"2617\" data-start=\"2572\">Signia Click Sleeve 2.0 ventilerad droppbeh\u00e5llare<\/strong>\u00a0ger en l\u00e4tt, luftig och naturlig lyssningsupplevelse utan k\u00e4nsla av tr\u00e4ngsel. Den \u00e4r enkel att installera, bekv\u00e4m att anv\u00e4nda och kompatibel med de flesta Signia-, Siemens- och Rexton-h\u00f6rapparater.<\/p>","protected":false},"excerpt":{"rendered":"<p><strong data-end=\"402\" data-start=\"312\">en andningsbar och naturlig lyssningsupplevelse<\/strong><\/p>\n<p data-end=\"707\" data-start=\"404\"><strong data-end=\"449\" data-start=\"404\">Signia Click Sleeve 2.0 ventilerad droppbeh\u00e5llare<\/strong>\u00a0\u00e4r en h\u00f6gkvalitativ h\u00f6rapparatanpassning som kombinerar komfort med naturlig ljudkvalitet. Den ventilerade designen g\u00f6r den h\u00e4r proppen till ett utm\u00e4rkt val f\u00f6r dem som vill ha en l\u00e4ttare, \u00f6ppnare lyssningsupplevelse utan tr\u00e4ngsel.<\/p>","protected":false},"featured_media":699,"comment_status":"closed","ping_status":"closed","template":"","meta":{"_acf_changed":false},"product_brand":[],"product_cat":[72,22],"product_tag":[111,77],"class_list":{"0":"post-694","1":"product","2":"type-product","3":"status-publish","4":"has-post-thumbnail","6":"product_cat-signia","7":"product_cat-varaosat","8":"product_tag-signia","9":"product_tag-tippi","11":"first","12":"instock","13":"taxable","14":"shipping-taxable","15":"purchasable","16":"product-type-variable"},"acf":[],"yoast_head":"<!-- This site is optimized with the Yoast SEO plugin v27.4 - https:\/\/yoast.com\/product\/yoast-seo-wordpress\/ -->\n<title>Signia Click Sleeve 2.0 ventillinen tippi - kuuloasi.fi<\/title>\n<meta name=\"robots\" content=\"index, follow, max-snippet:-1, max-image-preview:large, max-video-preview:-1\" \/>\n<link rel=\"canonical\" href=\"https:\/\/kuuloasi.fi\/sv\/produkt\/signia-click-sleeve-2-0-ventillinen-tippi\/\" \/>\n<meta property=\"og:locale\" content=\"sv_SE\" \/>\n<meta property=\"og:type\" content=\"article\" \/>\n<meta property=\"og:title\" content=\"Signia Click Sleeve 2.0 ventillinen tippi - kuuloasi.fi\" \/>\n<meta property=\"og:description\" content=\"hengitt\u00e4v\u00e4 ja luonnollinen kuuntelukokemus Signia Click Sleeve 2.0 ventillinen tippi\u00a0on korkealaatuinen kuulokojeen sovite, joka yhdist\u00e4\u00e4 k\u00e4ytt\u00f6mukavuuden ja luonnollisen \u00e4\u00e4nenlaadun. Ilmastoitu, ventillinen rakenne tekee t\u00e4st\u00e4 tipist\u00e4 erinomaisen valinnan niille, jotka haluavat kevyemm\u00e4n ja avoimemman kuuntelutuntuman ilman tukkoisuutta.\" \/>\n<meta property=\"og:url\" content=\"https:\/\/kuuloasi.fi\/sv\/produkt\/signia-click-sleeve-2-0-ventillinen-tippi\/\" \/>\n<meta property=\"og:site_name\" content=\"kuuloasi.fi\" \/>\n<meta property=\"article:modified_time\" content=\"2026-04-14T15:26:51+00:00\" \/>\n<meta property=\"og:image\" content=\"https:\/\/kuuloasi.fi\/wp-content\/uploads\/2025\/12\/Click-Sleeves-20_vented_900x900.jpg\" \/>\n\t<meta property=\"og:image:width\" content=\"900\" \/>\n\t<meta property=\"og:image:height\" content=\"900\" \/>\n\t<meta property=\"og:image:type\" content=\"image\/jpeg\" \/>\n<meta name=\"twitter:card\" content=\"summary_large_image\" \/>\n<meta name=\"twitter:label1\" content=\"Ber\u00e4knad l\u00e4stid\" \/>\n\t<meta name=\"twitter:data1\" content=\"1 minut\" \/>\n<script type=\"application\/ld+json\" class=\"yoast-schema-graph\">{\"@context\":\"https:\\\/\\\/schema.org\",\"@graph\":[{\"@type\":\"WebPage\",\"@id\":\"https:\\\/\\\/kuuloasi.fi\\\/tuote\\\/signia-click-sleeve-2-0-ventillinen-tippi\\\/\",\"url\":\"https:\\\/\\\/kuuloasi.fi\\\/tuote\\\/signia-click-sleeve-2-0-ventillinen-tippi\\\/\",\"name\":\"Signia Click Sleeve 2.0 ventillinen tippi - kuuloasi.fi\",\"isPartOf\":{\"@id\":\"https:\\\/\\\/kuuloasi.fi\\\/#website\"},\"primaryImageOfPage\":{\"@id\":\"https:\\\/\\\/kuuloasi.fi\\\/tuote\\\/signia-click-sleeve-2-0-ventillinen-tippi\\\/#primaryimage\"},\"image\":{\"@id\":\"https:\\\/\\\/kuuloasi.fi\\\/tuote\\\/signia-click-sleeve-2-0-ventillinen-tippi\\\/#primaryimage\"},\"thumbnailUrl\":\"https:\\\/\\\/kuuloasi.fi\\\/wp-content\\\/uploads\\\/2025\\\/12\\\/Click-Sleeves-20_vented_900x900.jpg\",\"datePublished\":\"2025-12-03T16:10:01+00:00\",\"dateModified\":\"2026-04-14T15:26:51+00:00\",\"breadcrumb\":{\"@id\":\"https:\\\/\\\/kuuloasi.fi\\\/tuote\\\/signia-click-sleeve-2-0-ventillinen-tippi\\\/#breadcrumb\"},\"inLanguage\":\"sv-SE\",\"potentialAction\":[{\"@type\":\"ReadAction\",\"target\":[\"https:\\\/\\\/kuuloasi.fi\\\/tuote\\\/signia-click-sleeve-2-0-ventillinen-tippi\\\/\"]}]},{\"@type\":\"ImageObject\",\"inLanguage\":\"sv-SE\",\"@id\":\"https:\\\/\\\/kuuloasi.fi\\\/tuote\\\/signia-click-sleeve-2-0-ventillinen-tippi\\\/#primaryimage\",\"url\":\"https:\\\/\\\/kuuloasi.fi\\\/wp-content\\\/uploads\\\/2025\\\/12\\\/Click-Sleeves-20_vented_900x900.jpg\",\"contentUrl\":\"https:\\\/\\\/kuuloasi.fi\\\/wp-content\\\/uploads\\\/2025\\\/12\\\/Click-Sleeves-20_vented_900x900.jpg\",\"width\":900,\"height\":900},{\"@type\":\"BreadcrumbList\",\"@id\":\"https:\\\/\\\/kuuloasi.fi\\\/tuote\\\/signia-click-sleeve-2-0-ventillinen-tippi\\\/#breadcrumb\",\"itemListElement\":[{\"@type\":\"ListItem\",\"position\":1,\"name\":\"Etusivu\",\"item\":\"https:\\\/\\\/kuuloasi.fi\\\/\"},{\"@type\":\"ListItem\",\"position\":2,\"name\":\"Kauppa\",\"item\":\"https:\\\/\\\/kuuloasi.fi\\\/kauppa\\\/\"},{\"@type\":\"ListItem\",\"position\":3,\"name\":\"Signia Click Sleeve 2.0 ventillinen tippi\"}]},{\"@type\":\"WebSite\",\"@id\":\"https:\\\/\\\/kuuloasi.fi\\\/#website\",\"url\":\"https:\\\/\\\/kuuloasi.fi\\\/\",\"name\":\"kuuloasi.fi\",\"description\":\"\",\"potentialAction\":[{\"@type\":\"SearchAction\",\"target\":{\"@type\":\"EntryPoint\",\"urlTemplate\":\"https:\\\/\\\/kuuloasi.fi\\\/?s={search_term_string}\"},\"query-input\":{\"@type\":\"PropertyValueSpecification\",\"valueRequired\":true,\"valueName\":\"search_term_string\"}}],\"inLanguage\":\"sv-SE\"}]}<\/script>\n<!-- \/ Yoast SEO plugin. -->","yoast_head_json":{"title":"Signia Click Sleeve 2.0 ventillinen tippi - kuuloasi.fi","robots":{"index":"index","follow":"follow","max-snippet":"max-snippet:-1","max-image-preview":"max-image-preview:large","max-video-preview":"max-video-preview:-1"},"canonical":"https:\/\/kuuloasi.fi\/sv\/produkt\/signia-click-sleeve-2-0-ventillinen-tippi\/","og_locale":"sv_SE","og_type":"article","og_title":"Signia Click Sleeve 2.0 ventillinen tippi - kuuloasi.fi","og_description":"hengitt\u00e4v\u00e4 ja luonnollinen kuuntelukokemus Signia Click Sleeve 2.0 ventillinen tippi\u00a0on korkealaatuinen kuulokojeen sovite, joka yhdist\u00e4\u00e4 k\u00e4ytt\u00f6mukavuuden ja luonnollisen \u00e4\u00e4nenlaadun. Ilmastoitu, ventillinen rakenne tekee t\u00e4st\u00e4 tipist\u00e4 erinomaisen valinnan niille, jotka haluavat kevyemm\u00e4n ja avoimemman kuuntelutuntuman ilman tukkoisuutta.","og_url":"https:\/\/kuuloasi.fi\/sv\/produkt\/signia-click-sleeve-2-0-ventillinen-tippi\/","og_site_name":"kuuloasi.fi","article_modified_time":"2026-04-14T15:26:51+00:00","og_image":[{"width":900,"height":900,"url":"https:\/\/kuuloasi.fi\/wp-content\/uploads\/2025\/12\/Click-Sleeves-20_vented_900x900.jpg","type":"image\/jpeg"}],"twitter_card":"summary_large_image","twitter_misc":{"Ber\u00e4knad l\u00e4stid":"1 minut"},"schema":{"@context":"https:\/\/schema.org","@graph":[{"@type":"WebPage","@id":"https:\/\/kuuloasi.fi\/tuote\/signia-click-sleeve-2-0-ventillinen-tippi\/","url":"https:\/\/kuuloasi.fi\/tuote\/signia-click-sleeve-2-0-ventillinen-tippi\/","name":"Signia Click Sleeve 2.0 ventillinen tippi - kuuloasi.fi","isPartOf":{"@id":"https:\/\/kuuloasi.fi\/#website"},"primaryImageOfPage":{"@id":"https:\/\/kuuloasi.fi\/tuote\/signia-click-sleeve-2-0-ventillinen-tippi\/#primaryimage"},"image":{"@id":"https:\/\/kuuloasi.fi\/tuote\/signia-click-sleeve-2-0-ventillinen-tippi\/#primaryimage"},"thumbnailUrl":"https:\/\/kuuloasi.fi\/wp-content\/uploads\/2025\/12\/Click-Sleeves-20_vented_900x900.jpg","datePublished":"2025-12-03T16:10:01+00:00","dateModified":"2026-04-14T15:26:51+00:00","breadcrumb":{"@id":"https:\/\/kuuloasi.fi\/tuote\/signia-click-sleeve-2-0-ventillinen-tippi\/#breadcrumb"},"inLanguage":"sv-SE","potentialAction":[{"@type":"ReadAction","target":["https:\/\/kuuloasi.fi\/tuote\/signia-click-sleeve-2-0-ventillinen-tippi\/"]}]},{"@type":"ImageObject","inLanguage":"sv-SE","@id":"https:\/\/kuuloasi.fi\/tuote\/signia-click-sleeve-2-0-ventillinen-tippi\/#primaryimage","url":"https:\/\/kuuloasi.fi\/wp-content\/uploads\/2025\/12\/Click-Sleeves-20_vented_900x900.jpg","contentUrl":"https:\/\/kuuloasi.fi\/wp-content\/uploads\/2025\/12\/Click-Sleeves-20_vented_900x900.jpg","width":900,"height":900},{"@type":"BreadcrumbList","@id":"https:\/\/kuuloasi.fi\/tuote\/signia-click-sleeve-2-0-ventillinen-tippi\/#breadcrumb","itemListElement":[{"@type":"ListItem","position":1,"name":"Etusivu","item":"https:\/\/kuuloasi.fi\/"},{"@type":"ListItem","position":2,"name":"Kauppa","item":"https:\/\/kuuloasi.fi\/kauppa\/"},{"@type":"ListItem","position":3,"name":"Signia Click Sleeve 2.0 ventillinen tippi"}]},{"@type":"WebSite","@id":"https:\/\/kuuloasi.fi\/#website","url":"https:\/\/kuuloasi.fi\/","name":"h\u00f6rsel.co.uk","description":"","potentialAction":[{"@type":"SearchAction","target":{"@type":"EntryPoint","urlTemplate":"https:\/\/kuuloasi.fi\/?s={search_term_string}"},"query-input":{"@type":"PropertyValueSpecification","valueRequired":true,"valueName":"search_term_string"}}],"inLanguage":"sv-SE"}]}},"_links":{"self":[{"href":"https:\/\/kuuloasi.fi\/sv\/wp-json\/wp\/v2\/product\/694","targetHints":{"allow":["GET"]}}],"collection":[{"href":"https:\/\/kuuloasi.fi\/sv\/wp-json\/wp\/v2\/product"}],"about":[{"href":"https:\/\/kuuloasi.fi\/sv\/wp-json\/wp\/v2\/types\/product"}],"replies":[{"embeddable":true,"href":"https:\/\/kuuloasi.fi\/sv\/wp-json\/wp\/v2\/comments?post=694"}],"wp:featuredmedia":[{"embeddable":true,"href":"https:\/\/kuuloasi.fi\/sv\/wp-json\/wp\/v2\/media\/699"}],"wp:attachment":[{"href":"https:\/\/kuuloasi.fi\/sv\/wp-json\/wp\/v2\/media?parent=694"}],"wp:term":[{"taxonomy":"product_brand","embeddable":true,"href":"https:\/\/kuuloasi.fi\/sv\/wp-json\/wp\/v2\/product_brand?post=694"},{"taxonomy":"product_cat","embeddable":true,"href":"https:\/\/kuuloasi.fi\/sv\/wp-json\/wp\/v2\/product_cat?post=694"},{"taxonomy":"product_tag","embeddable":true,"href":"https:\/\/kuuloasi.fi\/sv\/wp-json\/wp\/v2\/product_tag?post=694"}],"curies":[{"name":"wp","href":"https:\/\/api.w.org\/{rel}","templated":true}]}}