{"id":680,"date":"2025-12-03T15:59:54","date_gmt":"2025-12-03T15:59:54","guid":{"rendered":"https:\/\/kuuloasi.fi\/?post_type=product&#038;p=680"},"modified":"2025-12-03T16:01:30","modified_gmt":"2025-12-03T16:01:30","slug":"phonak-micro-sarjan-ohutletku","status":"publish","type":"product","link":"https:\/\/kuuloasi.fi\/sv\/produkt\/phonak-micro-sarjan-ohutletku\/","title":{"rendered":"Phonak Micro-series tunn tub"},"content":{"rendered":"<h4 tabindex=\"0\"><strong>Phonak Micro-series tunn tub<\/strong><\/h4>\n<h4 tabindex=\"0\"><\/h4>\n<p>Slang som passar Phonaks tunna slangar. Push-fit-design, ingen vridning.<\/p>\n<p>&nbsp;<\/p>\n<p>N\u00e4r du best\u00e4ller tunna slangar m\u00e5ste du vara mycket f\u00f6rsiktig med f\u00e4stet p\u00e5 h\u00f6rapparaten. Tunna slangar ser v\u00e4ldigt lika ut, men f\u00e4stet \u00e4r annorlunda.<\/p>\n<p>&nbsp;<\/p>\n<p>Fyra olika l\u00e4ngdalternativ 0, 1, 2 och 3. V\u00e4lj den l\u00e4ngd p\u00e5 slangen som passar dig i rullgardinsmenyn och vilken sida av instrumentet du vill ha slangen p\u00e5.<\/p>\n<p>&nbsp;<\/p>\n<p>F\u00f6rpackning med 5 delar<\/p>","protected":false},"excerpt":{"rendered":"<p>Slang som passar Phonaks tunna slangar. Push-fit-design, ingen vridning.<\/p>","protected":false},"featured_media":689,"comment_status":"closed","ping_status":"closed","template":"","meta":{"_acf_changed":false},"product_brand":[],"product_cat":[71,22],"product_tag":[84,102,95],"class_list":{"0":"post-680","1":"product","2":"type-product","3":"status-publish","4":"has-post-thumbnail","6":"product_cat-phonak","7":"product_cat-varaosat","8":"product_tag-letku","9":"product_tag-ohutletku","10":"product_tag-phonak","12":"first","13":"instock","14":"taxable","15":"shipping-taxable","16":"purchasable","17":"product-type-variable"},"acf":[],"yoast_head":"<!-- This site is optimized with the Yoast SEO plugin v27.4 - https:\/\/yoast.com\/product\/yoast-seo-wordpress\/ -->\n<title>Phonak Micro-sarjan ohutletku - kuuloasi.fi<\/title>\n<meta name=\"robots\" content=\"index, follow, max-snippet:-1, max-image-preview:large, max-video-preview:-1\" \/>\n<link rel=\"canonical\" href=\"https:\/\/kuuloasi.fi\/sv\/produkt\/phonak-micro-sarjan-ohutletku\/\" \/>\n<meta property=\"og:locale\" content=\"sv_SE\" \/>\n<meta property=\"og:type\" content=\"article\" \/>\n<meta property=\"og:title\" content=\"Phonak Micro-sarjan ohutletku - kuuloasi.fi\" \/>\n<meta property=\"og:description\" content=\"Phonak ohutletkukojeisiin sopiva letku. Painettava malli, ei kierrett\u00e4.\" \/>\n<meta property=\"og:url\" content=\"https:\/\/kuuloasi.fi\/sv\/produkt\/phonak-micro-sarjan-ohutletku\/\" \/>\n<meta property=\"og:site_name\" content=\"kuuloasi.fi\" \/>\n<meta property=\"article:modified_time\" content=\"2025-12-03T16:01:30+00:00\" \/>\n<meta property=\"og:image\" content=\"https:\/\/kuuloasi.fi\/wp-content\/uploads\/2025\/12\/1_8_Ohutputket_mikrokojeisiin_orig3-228x228-1.jpg\" \/>\n\t<meta property=\"og:image:width\" content=\"228\" \/>\n\t<meta property=\"og:image:height\" content=\"228\" \/>\n\t<meta property=\"og:image:type\" content=\"image\/jpeg\" \/>\n<meta name=\"twitter:card\" content=\"summary_large_image\" \/>\n<script type=\"application\/ld+json\" class=\"yoast-schema-graph\">{\"@context\":\"https:\\\/\\\/schema.org\",\"@graph\":[{\"@type\":\"WebPage\",\"@id\":\"https:\\\/\\\/kuuloasi.fi\\\/tuote\\\/phonak-micro-sarjan-ohutletku\\\/\",\"url\":\"https:\\\/\\\/kuuloasi.fi\\\/tuote\\\/phonak-micro-sarjan-ohutletku\\\/\",\"name\":\"Phonak Micro-sarjan ohutletku - kuuloasi.fi\",\"isPartOf\":{\"@id\":\"https:\\\/\\\/kuuloasi.fi\\\/#website\"},\"primaryImageOfPage\":{\"@id\":\"https:\\\/\\\/kuuloasi.fi\\\/tuote\\\/phonak-micro-sarjan-ohutletku\\\/#primaryimage\"},\"image\":{\"@id\":\"https:\\\/\\\/kuuloasi.fi\\\/tuote\\\/phonak-micro-sarjan-ohutletku\\\/#primaryimage\"},\"thumbnailUrl\":\"https:\\\/\\\/kuuloasi.fi\\\/wp-content\\\/uploads\\\/2025\\\/12\\\/1_8_Ohutputket_mikrokojeisiin_orig3-228x228-1.jpg\",\"datePublished\":\"2025-12-03T15:59:54+00:00\",\"dateModified\":\"2025-12-03T16:01:30+00:00\",\"breadcrumb\":{\"@id\":\"https:\\\/\\\/kuuloasi.fi\\\/tuote\\\/phonak-micro-sarjan-ohutletku\\\/#breadcrumb\"},\"inLanguage\":\"sv-SE\",\"potentialAction\":[{\"@type\":\"ReadAction\",\"target\":[\"https:\\\/\\\/kuuloasi.fi\\\/tuote\\\/phonak-micro-sarjan-ohutletku\\\/\"]}]},{\"@type\":\"ImageObject\",\"inLanguage\":\"sv-SE\",\"@id\":\"https:\\\/\\\/kuuloasi.fi\\\/tuote\\\/phonak-micro-sarjan-ohutletku\\\/#primaryimage\",\"url\":\"https:\\\/\\\/kuuloasi.fi\\\/wp-content\\\/uploads\\\/2025\\\/12\\\/1_8_Ohutputket_mikrokojeisiin_orig3-228x228-1.jpg\",\"contentUrl\":\"https:\\\/\\\/kuuloasi.fi\\\/wp-content\\\/uploads\\\/2025\\\/12\\\/1_8_Ohutputket_mikrokojeisiin_orig3-228x228-1.jpg\",\"width\":228,\"height\":228},{\"@type\":\"BreadcrumbList\",\"@id\":\"https:\\\/\\\/kuuloasi.fi\\\/tuote\\\/phonak-micro-sarjan-ohutletku\\\/#breadcrumb\",\"itemListElement\":[{\"@type\":\"ListItem\",\"position\":1,\"name\":\"Etusivu\",\"item\":\"https:\\\/\\\/kuuloasi.fi\\\/\"},{\"@type\":\"ListItem\",\"position\":2,\"name\":\"Kauppa\",\"item\":\"https:\\\/\\\/kuuloasi.fi\\\/kauppa\\\/\"},{\"@type\":\"ListItem\",\"position\":3,\"name\":\"Phonak Micro-sarjan ohutletku\"}]},{\"@type\":\"WebSite\",\"@id\":\"https:\\\/\\\/kuuloasi.fi\\\/#website\",\"url\":\"https:\\\/\\\/kuuloasi.fi\\\/\",\"name\":\"kuuloasi.fi\",\"description\":\"\",\"potentialAction\":[{\"@type\":\"SearchAction\",\"target\":{\"@type\":\"EntryPoint\",\"urlTemplate\":\"https:\\\/\\\/kuuloasi.fi\\\/?s={search_term_string}\"},\"query-input\":{\"@type\":\"PropertyValueSpecification\",\"valueRequired\":true,\"valueName\":\"search_term_string\"}}],\"inLanguage\":\"sv-SE\"}]}<\/script>\n<!-- \/ Yoast SEO plugin. -->","yoast_head_json":{"title":"Phonak Micro-sarjan ohutletku - kuuloasi.fi","robots":{"index":"index","follow":"follow","max-snippet":"max-snippet:-1","max-image-preview":"max-image-preview:large","max-video-preview":"max-video-preview:-1"},"canonical":"https:\/\/kuuloasi.fi\/sv\/produkt\/phonak-micro-sarjan-ohutletku\/","og_locale":"sv_SE","og_type":"article","og_title":"Phonak Micro-sarjan ohutletku - kuuloasi.fi","og_description":"Phonak ohutletkukojeisiin sopiva letku. Painettava malli, ei kierrett\u00e4.","og_url":"https:\/\/kuuloasi.fi\/sv\/produkt\/phonak-micro-sarjan-ohutletku\/","og_site_name":"kuuloasi.fi","article_modified_time":"2025-12-03T16:01:30+00:00","og_image":[{"width":228,"height":228,"url":"https:\/\/kuuloasi.fi\/wp-content\/uploads\/2025\/12\/1_8_Ohutputket_mikrokojeisiin_orig3-228x228-1.jpg","type":"image\/jpeg"}],"twitter_card":"summary_large_image","schema":{"@context":"https:\/\/schema.org","@graph":[{"@type":"WebPage","@id":"https:\/\/kuuloasi.fi\/tuote\/phonak-micro-sarjan-ohutletku\/","url":"https:\/\/kuuloasi.fi\/tuote\/phonak-micro-sarjan-ohutletku\/","name":"Phonak Micro-sarjan ohutletku - kuuloasi.fi","isPartOf":{"@id":"https:\/\/kuuloasi.fi\/#website"},"primaryImageOfPage":{"@id":"https:\/\/kuuloasi.fi\/tuote\/phonak-micro-sarjan-ohutletku\/#primaryimage"},"image":{"@id":"https:\/\/kuuloasi.fi\/tuote\/phonak-micro-sarjan-ohutletku\/#primaryimage"},"thumbnailUrl":"https:\/\/kuuloasi.fi\/wp-content\/uploads\/2025\/12\/1_8_Ohutputket_mikrokojeisiin_orig3-228x228-1.jpg","datePublished":"2025-12-03T15:59:54+00:00","dateModified":"2025-12-03T16:01:30+00:00","breadcrumb":{"@id":"https:\/\/kuuloasi.fi\/tuote\/phonak-micro-sarjan-ohutletku\/#breadcrumb"},"inLanguage":"sv-SE","potentialAction":[{"@type":"ReadAction","target":["https:\/\/kuuloasi.fi\/tuote\/phonak-micro-sarjan-ohutletku\/"]}]},{"@type":"ImageObject","inLanguage":"sv-SE","@id":"https:\/\/kuuloasi.fi\/tuote\/phonak-micro-sarjan-ohutletku\/#primaryimage","url":"https:\/\/kuuloasi.fi\/wp-content\/uploads\/2025\/12\/1_8_Ohutputket_mikrokojeisiin_orig3-228x228-1.jpg","contentUrl":"https:\/\/kuuloasi.fi\/wp-content\/uploads\/2025\/12\/1_8_Ohutputket_mikrokojeisiin_orig3-228x228-1.jpg","width":228,"height":228},{"@type":"BreadcrumbList","@id":"https:\/\/kuuloasi.fi\/tuote\/phonak-micro-sarjan-ohutletku\/#breadcrumb","itemListElement":[{"@type":"ListItem","position":1,"name":"Etusivu","item":"https:\/\/kuuloasi.fi\/"},{"@type":"ListItem","position":2,"name":"Kauppa","item":"https:\/\/kuuloasi.fi\/kauppa\/"},{"@type":"ListItem","position":3,"name":"Phonak Micro-sarjan ohutletku"}]},{"@type":"WebSite","@id":"https:\/\/kuuloasi.fi\/#website","url":"https:\/\/kuuloasi.fi\/","name":"h\u00f6rsel.co.uk","description":"","potentialAction":[{"@type":"SearchAction","target":{"@type":"EntryPoint","urlTemplate":"https:\/\/kuuloasi.fi\/?s={search_term_string}"},"query-input":{"@type":"PropertyValueSpecification","valueRequired":true,"valueName":"search_term_string"}}],"inLanguage":"sv-SE"}]}},"_links":{"self":[{"href":"https:\/\/kuuloasi.fi\/sv\/wp-json\/wp\/v2\/product\/680","targetHints":{"allow":["GET"]}}],"collection":[{"href":"https:\/\/kuuloasi.fi\/sv\/wp-json\/wp\/v2\/product"}],"about":[{"href":"https:\/\/kuuloasi.fi\/sv\/wp-json\/wp\/v2\/types\/product"}],"replies":[{"embeddable":true,"href":"https:\/\/kuuloasi.fi\/sv\/wp-json\/wp\/v2\/comments?post=680"}],"wp:featuredmedia":[{"embeddable":true,"href":"https:\/\/kuuloasi.fi\/sv\/wp-json\/wp\/v2\/media\/689"}],"wp:attachment":[{"href":"https:\/\/kuuloasi.fi\/sv\/wp-json\/wp\/v2\/media?parent=680"}],"wp:term":[{"taxonomy":"product_brand","embeddable":true,"href":"https:\/\/kuuloasi.fi\/sv\/wp-json\/wp\/v2\/product_brand?post=680"},{"taxonomy":"product_cat","embeddable":true,"href":"https:\/\/kuuloasi.fi\/sv\/wp-json\/wp\/v2\/product_cat?post=680"},{"taxonomy":"product_tag","embeddable":true,"href":"https:\/\/kuuloasi.fi\/sv\/wp-json\/wp\/v2\/product_tag?post=680"}],"curies":[{"name":"wp","href":"https:\/\/api.w.org\/{rel}","templated":true}]}}