{"id":656,"date":"2025-12-03T15:44:31","date_gmt":"2025-12-03T15:44:31","guid":{"rendered":"https:\/\/kuuloasi.fi\/?post_type=product&#038;p=656"},"modified":"2026-03-17T19:27:09","modified_gmt":"2026-03-17T19:27:09","slug":"phonak-micro-sarja-suljettu-tippi","status":"publish","type":"product","link":"https:\/\/kuuloasi.fi\/sv\/produkt\/phonak-micro-sarja-suljettu-tippi\/","title":{"rendered":"Phonak micro-series f\u00f6rseglad droppe"},"content":{"rendered":"<p><iframe title=\"Byte av spets p\u00e5 h\u00f6rapparat\" width=\"800\" height=\"450\" src=\"https:\/\/www.youtube.com\/embed\/9MKWhWD0MN4?feature=oembed\" frameborder=\"0\" allow=\"accelerometer; autoplay; clipboard-write; encrypted-media; gyroscope; picture-in-picture; web-share\" referrerpolicy=\"strict-origin-when-cross-origin\" allowfullscreen><\/iframe><\/p>\n<p><strong>F\u00e5 en bekv\u00e4m och h\u00f6gkvalitativ l\u00f6sning f\u00f6r din h\u00f6rsel fr\u00e5n onlinebutiken - Phonak micro series sealed IV<\/strong><\/p>\n<p>&nbsp;<\/p>\n<p>Letar du efter h\u00f6gkvalitativa h\u00f6rseltillbeh\u00f6r till Phonaks h\u00f6rapparater och h\u00f6rlurar? V\u00e4lkommen till Your Hearing Online Shop! Vi erbjuder Phonak mikroseriens f\u00f6rseglade \u00f6ronsn\u00e4cka med dropp f\u00f6r en f\u00f6rstklassig lyssningsupplevelse.<\/p>\n<p>&nbsp;<\/p>\n<p><strong>Varf\u00f6r v\u00e4lja en Phonak t\u00e4tad droppe<\/strong><\/p>\n<p>&nbsp;<\/p>\n<p>- Adaptern passar perfekt p\u00e5 de tunna slangarna och h\u00f6rlurarna i Phonaks h\u00f6rapparater.<br \/>\n- Enkel att installera och bekv\u00e4m att b\u00e4ra - adaptern f\u00e4sts p\u00e5 headsetet genom att trycka ned\u00e5t.<br \/>\n- T\u00e4theten i den f\u00f6rseglade spetsen minskar risken f\u00f6r gnissel och ger en starkare \u00e5tergivning av l\u00e5ga frekvenser.<br \/>\n- Viktig anm\u00e4rkning: Innan du byter spets rekommenderar vi alltid att du pratar med din audionom, eftersom l\u00e4mplig spetsmodell beror p\u00e5 din individuella h\u00f6rsel.<\/p>\n<p>&nbsp;<\/p>\n<p><strong>V\u00e4lj r\u00e4tt storlek:<\/strong><\/p>\n<p>- Vi erbjuder tre olika storleksalternativ:<\/p>\n<p>S (5 mm)<\/p>\n<p>M (7 mm)<\/p>\n<p>L (10 mm).<\/p>\n<p>V\u00e4lj l\u00e4mplig storlek fr\u00e5n rullgardinsmenyn. Storleken m\u00e4ts utifr\u00e5n diametern p\u00e5 beslagets bredare mynning.<\/p>\n<p>&nbsp;<\/p>\n<p><strong>Lystring!<\/strong><\/p>\n<p>Observera att denna f\u00f6rseglade droppspets inte \u00e4r kompatibel med Phonak-Marvel h\u00f6rapparater.<\/p>\n<p>&nbsp;<\/p>\n<p><strong>Ett paket med 10 stycken:<\/strong><\/p>\n<p>Vi erbjuder denna h\u00f6gkvalitativa Phonak Closed Dome-pluggadapter i en f\u00f6rpackning om 10 stycken, vilket garanterar l\u00e5ngvarig anv\u00e4ndning.<\/p>\n<p>&nbsp;<\/p>\n<p>K\u00f6p dina h\u00f6rapparater online nu och f\u00f6rb\u00e4ttra din lyssningsupplevelse med h\u00f6rapparater av h\u00f6g kvalitet! V\u00e4lkommen till shopping d\u00e4r kundn\u00f6jdhet och produktkvalitet \u00e4r av st\u00f6rsta vikt.<\/p>","protected":false},"excerpt":{"rendered":"<p><strong>Paket med 10 delar:<\/strong><\/p>\n<p>Letar du efter h\u00f6gkvalitativa h\u00f6rseltillbeh\u00f6r till Phonaks h\u00f6rapparater och h\u00f6rlurar? V\u00e4lkommen till Your Hearing Online Shop! Vi erbjuder Phonak mikroseriens f\u00f6rseglade \u00f6ronsn\u00e4cka med dropp f\u00f6r en f\u00f6rstklassig lyssningsupplevelse.<\/p>","protected":false},"featured_media":660,"comment_status":"closed","ping_status":"closed","template":"","meta":{"_acf_changed":false},"product_brand":[],"product_cat":[71,22],"product_tag":[95,77],"class_list":{"0":"post-656","1":"product","2":"type-product","3":"status-publish","4":"has-post-thumbnail","6":"product_cat-phonak","7":"product_cat-varaosat","8":"product_tag-phonak","9":"product_tag-tippi","11":"first","12":"instock","13":"taxable","14":"shipping-taxable","15":"purchasable","16":"product-type-variable"},"acf":[],"yoast_head":"<!-- This site is optimized with the Yoast SEO plugin v27.4 - https:\/\/yoast.com\/product\/yoast-seo-wordpress\/ -->\n<title>Phonak micro-sarja suljettu tippi - kuuloasi.fi<\/title>\n<meta name=\"robots\" content=\"index, follow, max-snippet:-1, max-image-preview:large, max-video-preview:-1\" \/>\n<link rel=\"canonical\" href=\"https:\/\/kuuloasi.fi\/sv\/produkt\/phonak-micro-sarja-suljettu-tippi\/\" \/>\n<meta property=\"og:locale\" content=\"sv_SE\" \/>\n<meta property=\"og:type\" content=\"article\" \/>\n<meta property=\"og:title\" content=\"Phonak micro-sarja suljettu tippi - kuuloasi.fi\" \/>\n<meta property=\"og:description\" content=\"10 Kappaleen paketti:  Etsitk\u00f6 korkealaatuisia kuulotarvikkeita Phonak-merkkisille kuulolaitteille ja kuulokkeille? Tervetuloa Kuuloasi Verkkokauppaan! Tarjoamme Phonak micro-sarjan suljetun tippisovitteen, joka tarjoaa ensiluokkaisen kuuntelukokemuksen.\" \/>\n<meta property=\"og:url\" content=\"https:\/\/kuuloasi.fi\/sv\/produkt\/phonak-micro-sarja-suljettu-tippi\/\" \/>\n<meta property=\"og:site_name\" content=\"kuuloasi.fi\" \/>\n<meta property=\"article:modified_time\" content=\"2026-03-17T19:27:09+00:00\" \/>\n<meta property=\"og:image\" content=\"https:\/\/kuuloasi.fi\/wp-content\/uploads\/2025\/12\/054-1991_Closed_Dome_M-228x228_ml.jpg\" \/>\n\t<meta property=\"og:image:width\" content=\"228\" \/>\n\t<meta property=\"og:image:height\" content=\"228\" \/>\n\t<meta property=\"og:image:type\" content=\"image\/jpeg\" \/>\n<meta name=\"twitter:card\" content=\"summary_large_image\" \/>\n<meta name=\"twitter:label1\" content=\"Ber\u00e4knad l\u00e4stid\" \/>\n\t<meta name=\"twitter:data1\" content=\"1 minut\" \/>\n<script type=\"application\/ld+json\" class=\"yoast-schema-graph\">{\"@context\":\"https:\\\/\\\/schema.org\",\"@graph\":[{\"@type\":\"WebPage\",\"@id\":\"https:\\\/\\\/kuuloasi.fi\\\/tuote\\\/phonak-micro-sarja-suljettu-tippi\\\/\",\"url\":\"https:\\\/\\\/kuuloasi.fi\\\/tuote\\\/phonak-micro-sarja-suljettu-tippi\\\/\",\"name\":\"Phonak micro-sarja suljettu tippi - kuuloasi.fi\",\"isPartOf\":{\"@id\":\"https:\\\/\\\/kuuloasi.fi\\\/#website\"},\"primaryImageOfPage\":{\"@id\":\"https:\\\/\\\/kuuloasi.fi\\\/tuote\\\/phonak-micro-sarja-suljettu-tippi\\\/#primaryimage\"},\"image\":{\"@id\":\"https:\\\/\\\/kuuloasi.fi\\\/tuote\\\/phonak-micro-sarja-suljettu-tippi\\\/#primaryimage\"},\"thumbnailUrl\":\"https:\\\/\\\/kuuloasi.fi\\\/wp-content\\\/uploads\\\/2025\\\/12\\\/054-1991_Closed_Dome_M-228x228_ml.jpg\",\"datePublished\":\"2025-12-03T15:44:31+00:00\",\"dateModified\":\"2026-03-17T19:27:09+00:00\",\"breadcrumb\":{\"@id\":\"https:\\\/\\\/kuuloasi.fi\\\/tuote\\\/phonak-micro-sarja-suljettu-tippi\\\/#breadcrumb\"},\"inLanguage\":\"sv-SE\",\"potentialAction\":[{\"@type\":\"ReadAction\",\"target\":[\"https:\\\/\\\/kuuloasi.fi\\\/tuote\\\/phonak-micro-sarja-suljettu-tippi\\\/\"]}]},{\"@type\":\"ImageObject\",\"inLanguage\":\"sv-SE\",\"@id\":\"https:\\\/\\\/kuuloasi.fi\\\/tuote\\\/phonak-micro-sarja-suljettu-tippi\\\/#primaryimage\",\"url\":\"https:\\\/\\\/kuuloasi.fi\\\/wp-content\\\/uploads\\\/2025\\\/12\\\/054-1991_Closed_Dome_M-228x228_ml.jpg\",\"contentUrl\":\"https:\\\/\\\/kuuloasi.fi\\\/wp-content\\\/uploads\\\/2025\\\/12\\\/054-1991_Closed_Dome_M-228x228_ml.jpg\",\"width\":228,\"height\":228},{\"@type\":\"BreadcrumbList\",\"@id\":\"https:\\\/\\\/kuuloasi.fi\\\/tuote\\\/phonak-micro-sarja-suljettu-tippi\\\/#breadcrumb\",\"itemListElement\":[{\"@type\":\"ListItem\",\"position\":1,\"name\":\"Etusivu\",\"item\":\"https:\\\/\\\/kuuloasi.fi\\\/\"},{\"@type\":\"ListItem\",\"position\":2,\"name\":\"Kauppa\",\"item\":\"https:\\\/\\\/kuuloasi.fi\\\/kauppa\\\/\"},{\"@type\":\"ListItem\",\"position\":3,\"name\":\"Phonak micro-sarja suljettu tippi\"}]},{\"@type\":\"WebSite\",\"@id\":\"https:\\\/\\\/kuuloasi.fi\\\/#website\",\"url\":\"https:\\\/\\\/kuuloasi.fi\\\/\",\"name\":\"kuuloasi.fi\",\"description\":\"\",\"potentialAction\":[{\"@type\":\"SearchAction\",\"target\":{\"@type\":\"EntryPoint\",\"urlTemplate\":\"https:\\\/\\\/kuuloasi.fi\\\/?s={search_term_string}\"},\"query-input\":{\"@type\":\"PropertyValueSpecification\",\"valueRequired\":true,\"valueName\":\"search_term_string\"}}],\"inLanguage\":\"sv-SE\"}]}<\/script>\n<!-- \/ Yoast SEO plugin. -->","yoast_head_json":{"title":"Phonak micro-sarja suljettu tippi - kuuloasi.fi","robots":{"index":"index","follow":"follow","max-snippet":"max-snippet:-1","max-image-preview":"max-image-preview:large","max-video-preview":"max-video-preview:-1"},"canonical":"https:\/\/kuuloasi.fi\/sv\/produkt\/phonak-micro-sarja-suljettu-tippi\/","og_locale":"sv_SE","og_type":"article","og_title":"Phonak micro-sarja suljettu tippi - kuuloasi.fi","og_description":"10 Kappaleen paketti:  Etsitk\u00f6 korkealaatuisia kuulotarvikkeita Phonak-merkkisille kuulolaitteille ja kuulokkeille? Tervetuloa Kuuloasi Verkkokauppaan! Tarjoamme Phonak micro-sarjan suljetun tippisovitteen, joka tarjoaa ensiluokkaisen kuuntelukokemuksen.","og_url":"https:\/\/kuuloasi.fi\/sv\/produkt\/phonak-micro-sarja-suljettu-tippi\/","og_site_name":"kuuloasi.fi","article_modified_time":"2026-03-17T19:27:09+00:00","og_image":[{"width":228,"height":228,"url":"https:\/\/kuuloasi.fi\/wp-content\/uploads\/2025\/12\/054-1991_Closed_Dome_M-228x228_ml.jpg","type":"image\/jpeg"}],"twitter_card":"summary_large_image","twitter_misc":{"Ber\u00e4knad l\u00e4stid":"1 minut"},"schema":{"@context":"https:\/\/schema.org","@graph":[{"@type":"WebPage","@id":"https:\/\/kuuloasi.fi\/tuote\/phonak-micro-sarja-suljettu-tippi\/","url":"https:\/\/kuuloasi.fi\/tuote\/phonak-micro-sarja-suljettu-tippi\/","name":"Phonak micro-sarja suljettu tippi - kuuloasi.fi","isPartOf":{"@id":"https:\/\/kuuloasi.fi\/#website"},"primaryImageOfPage":{"@id":"https:\/\/kuuloasi.fi\/tuote\/phonak-micro-sarja-suljettu-tippi\/#primaryimage"},"image":{"@id":"https:\/\/kuuloasi.fi\/tuote\/phonak-micro-sarja-suljettu-tippi\/#primaryimage"},"thumbnailUrl":"https:\/\/kuuloasi.fi\/wp-content\/uploads\/2025\/12\/054-1991_Closed_Dome_M-228x228_ml.jpg","datePublished":"2025-12-03T15:44:31+00:00","dateModified":"2026-03-17T19:27:09+00:00","breadcrumb":{"@id":"https:\/\/kuuloasi.fi\/tuote\/phonak-micro-sarja-suljettu-tippi\/#breadcrumb"},"inLanguage":"sv-SE","potentialAction":[{"@type":"ReadAction","target":["https:\/\/kuuloasi.fi\/tuote\/phonak-micro-sarja-suljettu-tippi\/"]}]},{"@type":"ImageObject","inLanguage":"sv-SE","@id":"https:\/\/kuuloasi.fi\/tuote\/phonak-micro-sarja-suljettu-tippi\/#primaryimage","url":"https:\/\/kuuloasi.fi\/wp-content\/uploads\/2025\/12\/054-1991_Closed_Dome_M-228x228_ml.jpg","contentUrl":"https:\/\/kuuloasi.fi\/wp-content\/uploads\/2025\/12\/054-1991_Closed_Dome_M-228x228_ml.jpg","width":228,"height":228},{"@type":"BreadcrumbList","@id":"https:\/\/kuuloasi.fi\/tuote\/phonak-micro-sarja-suljettu-tippi\/#breadcrumb","itemListElement":[{"@type":"ListItem","position":1,"name":"Etusivu","item":"https:\/\/kuuloasi.fi\/"},{"@type":"ListItem","position":2,"name":"Kauppa","item":"https:\/\/kuuloasi.fi\/kauppa\/"},{"@type":"ListItem","position":3,"name":"Phonak micro-sarja suljettu tippi"}]},{"@type":"WebSite","@id":"https:\/\/kuuloasi.fi\/#website","url":"https:\/\/kuuloasi.fi\/","name":"h\u00f6rsel.co.uk","description":"","potentialAction":[{"@type":"SearchAction","target":{"@type":"EntryPoint","urlTemplate":"https:\/\/kuuloasi.fi\/?s={search_term_string}"},"query-input":{"@type":"PropertyValueSpecification","valueRequired":true,"valueName":"search_term_string"}}],"inLanguage":"sv-SE"}]}},"_links":{"self":[{"href":"https:\/\/kuuloasi.fi\/sv\/wp-json\/wp\/v2\/product\/656","targetHints":{"allow":["GET"]}}],"collection":[{"href":"https:\/\/kuuloasi.fi\/sv\/wp-json\/wp\/v2\/product"}],"about":[{"href":"https:\/\/kuuloasi.fi\/sv\/wp-json\/wp\/v2\/types\/product"}],"replies":[{"embeddable":true,"href":"https:\/\/kuuloasi.fi\/sv\/wp-json\/wp\/v2\/comments?post=656"}],"wp:featuredmedia":[{"embeddable":true,"href":"https:\/\/kuuloasi.fi\/sv\/wp-json\/wp\/v2\/media\/660"}],"wp:attachment":[{"href":"https:\/\/kuuloasi.fi\/sv\/wp-json\/wp\/v2\/media?parent=656"}],"wp:term":[{"taxonomy":"product_brand","embeddable":true,"href":"https:\/\/kuuloasi.fi\/sv\/wp-json\/wp\/v2\/product_brand?post=656"},{"taxonomy":"product_cat","embeddable":true,"href":"https:\/\/kuuloasi.fi\/sv\/wp-json\/wp\/v2\/product_cat?post=656"},{"taxonomy":"product_tag","embeddable":true,"href":"https:\/\/kuuloasi.fi\/sv\/wp-json\/wp\/v2\/product_tag?post=656"}],"curies":[{"name":"wp","href":"https:\/\/api.w.org\/{rel}","templated":true}]}}