{"id":648,"date":"2025-12-03T15:38:49","date_gmt":"2025-12-03T15:38:49","guid":{"rendered":"https:\/\/kuuloasi.fi\/?post_type=product&#038;p=648"},"modified":"2026-04-15T10:24:07","modified_gmt":"2026-04-15T10:24:07","slug":"phonak-cerushield-vahasuoja","status":"publish","type":"product","link":"https:\/\/kuuloasi.fi\/sv\/produkt\/phonak-cerushield-vahasuoja\/","title":{"rendered":"Phonak Cerushield vaxskydd"},"content":{"rendered":"<p><iframe title=\"Cerushield vaxskydd ers\u00e4ttning f\u00f6r h\u00f6rapparater\" width=\"800\" height=\"450\" src=\"https:\/\/www.youtube.com\/embed\/8Jbxm67xjaQ?feature=oembed\" frameborder=\"0\" allow=\"accelerometer; autoplay; clipboard-write; encrypted-media; gyroscope; picture-in-picture; web-share\" referrerpolicy=\"strict-origin-when-cross-origin\" allowfullscreen><\/iframe><\/p>\n<h2 tabindex=\"0\" data-pm-slice=\"1 1 []\">Phonak Marvel &amp; Paradise - CeruShield-skydd f\u00f6r h\u00f6rapparater<\/h2>\n<p>Phonak CeruShield vaxskydd \u00e4r utformat f\u00f6r att skydda h\u00f6rapparaten fr\u00e5n \u00f6ronvax och andra f\u00f6roreningar som kan blockera h\u00f6rapparatens ljudkanal. Detta lilla, vita filter hindrar vax fr\u00e5n att tr\u00e4nga in i h\u00f6rlurarna och bidrar till att bibeh\u00e5lla h\u00f6rapparatens ljudkvalitet och tillf\u00f6rlitlighet. CeruShield vaxskydd \u00e4r kompatibelt med m\u00e5nga av Phonaks Marvel- och Paradise-modeller.<\/p>\n<p>Uppbyggnad av \u00f6ronvax \u00e4r en av de vanligaste orsakerna till fel p\u00e5 h\u00f6rapparaten. Vaxskyddet b\u00f6r kontrolleras och bytas ut regelbundet - s\u00e4rskilt n\u00e4r ljudet minskar eller f\u00f6rsvinner helt. Att byta ut vaxskyddet \u00e4r ett enkelt s\u00e4tt att undvika on\u00f6diga servicebes\u00f6k och se till att h\u00f6rapparaten forts\u00e4tter att fungera.<\/p>\n<h3 tabindex=\"0\">Vaxskyddets egenskaper<\/h3>\n<p>Phonak CeruShield vaxskydd \u00e4r:<\/p>\n<ul data-spread=\"false\">\n<li>H\u00f6gkvalitativ h\u00f6rapparat som skyddar h\u00f6rselg\u00e5ngen p\u00e5 ett effektivt s\u00e4tt<\/li>\n<li>Enkel att anv\u00e4nda: inga separata verktyg kr\u00e4vs<\/li>\n<li>H\u00e5llbar och p\u00e5litlig: s\u00e4kerst\u00e4ller l\u00e5ng livsl\u00e4ngd f\u00f6r h\u00f6rapparaten<\/li>\n<\/ul>\n<p>F\u00f6rpackningen inneh\u00e5ller 8 vaxfilter i en praktisk skiva, som fungerar b\u00e5de som ett borttagningsverktyg och som bas f\u00f6r installation av ett nytt filter.<\/p>\n<h3 tabindex=\"0\">Kompatibilitet<\/h3>\n<p>CeruShield passar vissa Phonak Marvel och Paradise h\u00f6rapparater. Vissa modeller anv\u00e4nder ist\u00e4llet CeruStop power protection. Kontrollera i bruksanvisningen till din h\u00f6rapparat eller fr\u00e5ga din audionom vilket vaxskydd som \u00e4r r\u00e4tt.<\/p>\n<h3 tabindex=\"0\">Byta ut din CeruShield - steg f\u00f6r steg<\/h3>\n<ol start=\"1\" data-spread=\"true\">\n<li><strong>F\u00f6rberedelser<\/strong>: Se till att du har en ny CeruShield p\u00e5 din rulle och tv\u00e4tta h\u00e4nderna innan du b\u00f6rjar.<\/li>\n<li><strong>Avl\u00e4gsnande av det gamla vaxskyddet<\/strong>: Vrid skivan s\u00e5 att avtappningsh\u00e5let (papperskorgen) och det nya vaxskyddet syns i punkterna 1 och 2. Skjut in kulan direkt i papperskorgen tills du k\u00e4nner ett klick och dra ut den rakt - det gamla vaxskyddet tas bort.<\/li>\n<li><strong>Installation av ett nytt vaxskydd<\/strong>: S\u00e4tt sedan in kulan d\u00e4r det nya vaxskyddet \u00e4r klart. Tryck f\u00f6rsiktigt tills du k\u00e4nner att det nya vaxskyddet s\u00e4tter sig p\u00e5 plats och dra ut \u00f6ronsn\u00e4ckan.<\/li>\n<li><strong>Kontrollera<\/strong>: Sl\u00e5 p\u00e5 h\u00f6rapparaten och kontrollera att ljudet \u00e4r normalt och att vaxskyddet \u00e4r ordentligt st\u00e4ngt.<\/li>\n<\/ol>\n<h3 tabindex=\"0\">Varf\u00f6r ska du byta vaxskydd regelbundet?<\/h3>\n<ul data-spread=\"false\">\n<li><strong>B\u00e4ttre ljudkvalitet<\/strong>: Ett vaxskydd f\u00f6rhindrar att ljudet d\u00e4mpas och f\u00f6rvr\u00e4ngs.<\/li>\n<li><strong>Skyddad h\u00f6rapparat<\/strong>: Hindrar \u00f6ronvax och fukt fr\u00e5n att tr\u00e4nga in i h\u00f6rapparatens k\u00e4nsliga delar.<\/li>\n<li><strong>Hygien<\/strong>: Clean vaxskydd minskar tillv\u00e4xten av bakterier och svampar.<\/li>\n<li><strong>F\u00e4rre underh\u00e5llsbes\u00f6k<\/strong>: Regelbundna byten f\u00f6rl\u00e4nger enhetens livsl\u00e4ngd och minskar behovet av underh\u00e5ll.<\/li>\n<\/ul>\n<h3 tabindex=\"0\">Best\u00e4ll CeruShield-skydd enkelt online<\/h3>\n<p>CeruShield h\u00f6rselskydd \u00e4r ett viktigt h\u00f6rseltillbeh\u00f6r f\u00f6r anv\u00e4ndare av Phonak-h\u00f6rapparater. De h\u00e5ller apparaten ren, ljudet klart och h\u00f6rapparaten fungerar utan avbrott.<\/p>\n<p>Best\u00e4ll Phonak CeruShield skumskydd enkelt fr\u00e5n Your Hearings webbutik. Om du \u00e4r os\u00e4ker p\u00e5 vilket vaxskydd som \u00e4r r\u00e4tt f\u00f6r din h\u00f6rapparat, hj\u00e4lper v\u00e5r kundtj\u00e4nst g\u00e4rna till.<\/p>\n<p><strong>F\u00f6rpackningen inneh\u00e5ller 8 vaxskydd.<\/strong><\/p>","protected":false},"excerpt":{"rendered":"<p>Phonak CeruShield vaxskydd \u00e4r utformat f\u00f6r att skydda h\u00f6rapparaten fr\u00e5n \u00f6ronvax och andra f\u00f6roreningar som kan blockera h\u00f6rapparatens ljudkanal. Detta lilla, vita filter hindrar vax fr\u00e5n att tr\u00e4nga in i h\u00f6rlurarna och bidrar till att bibeh\u00e5lla h\u00f6rapparatens ljudkvalitet och tillf\u00f6rlitlighet. CeruShield vaxskydd \u00e4r kompatibelt med m\u00e5nga av Phonaks Marvel- och Paradise-modeller.<\/p>\n<div class=\"InfoArea New\">\n<div id=\"ProductInfoTabs\" class=\"ui-tabs ui-widget ui-widget-content ui-corner-all epProductInfoTabs ep-js\" data-js=\"\">\n<div id=\"tab-product-description\" class=\"ui-tabs-panel ui-widget-content ui-corner-bottom\" role=\"tabpanel\" aria-live=\"polite\" aria-labelledby=\"ui-id-1\" aria-hidden=\"false\">\n<div class=\"description\">\n<p><strong>F\u00f6rpackningen inneh\u00e5ller 8 vaxskydd.<\/strong><\/p>\n<\/div>\n<\/div>\n<\/div>\n<\/div>","protected":false},"featured_media":649,"comment_status":"closed","ping_status":"closed","template":"","meta":{"_acf_changed":false},"product_brand":[],"product_cat":[71,22],"product_tag":[95,79],"class_list":{"0":"post-648","1":"product","2":"type-product","3":"status-publish","4":"has-post-thumbnail","6":"product_cat-phonak","7":"product_cat-varaosat","8":"product_tag-phonak","9":"product_tag-vahasuoja","11":"first","12":"instock","13":"taxable","14":"shipping-taxable","15":"purchasable","16":"product-type-simple"},"acf":[],"yoast_head":"<!-- This site is optimized with the Yoast SEO plugin v27.4 - https:\/\/yoast.com\/product\/yoast-seo-wordpress\/ -->\n<title>Phonak Cerushield vahasuoja - kuuloasi.fi<\/title>\n<meta name=\"robots\" content=\"index, follow, max-snippet:-1, max-image-preview:large, max-video-preview:-1\" \/>\n<link rel=\"canonical\" href=\"https:\/\/kuuloasi.fi\/sv\/produkt\/phonak-cerushield-vahasuoja\/\" \/>\n<meta property=\"og:locale\" content=\"sv_SE\" \/>\n<meta property=\"og:type\" content=\"article\" \/>\n<meta property=\"og:title\" content=\"Phonak Cerushield vahasuoja - kuuloasi.fi\" \/>\n<meta property=\"og:description\" content=\"Phonak CeruShield -vahasuoja on suunniteltu suojaamaan kuulokojetta korvavahalta ja muilta ep\u00e4puhtauksilta, jotka voivat tukkia kuulokojeen \u00e4\u00e4nikanavan. T\u00e4m\u00e4 pieni, valkoinen suodatin est\u00e4\u00e4 vahaa p\u00e4\u00e4sem\u00e4st\u00e4 kuulokkeen sis\u00e4\u00e4n ja auttaa s\u00e4ilytt\u00e4m\u00e4\u00e4n kuulokojeen \u00e4\u00e4nenlaadun ja toimintavarmuuden. CeruShield-vahasuoja on yhteensopiva useiden Phonak Marvel- ja Paradise-mallien kanssa.      Pakkaus sis\u00e4lt\u00e4\u00e4 8 vahasuojaa.\" \/>\n<meta property=\"og:url\" content=\"https:\/\/kuuloasi.fi\/sv\/produkt\/phonak-cerushield-vahasuoja\/\" \/>\n<meta property=\"og:site_name\" content=\"kuuloasi.fi\" \/>\n<meta property=\"article:modified_time\" content=\"2026-04-15T10:24:07+00:00\" \/>\n<meta property=\"og:image\" content=\"https:\/\/kuuloasi.fi\/wp-content\/uploads\/2025\/12\/31GwYxWw6ZL._AC_SY400__ml.jpg\" \/>\n\t<meta property=\"og:image:width\" content=\"353\" \/>\n\t<meta property=\"og:image:height\" content=\"310\" \/>\n\t<meta property=\"og:image:type\" content=\"image\/jpeg\" \/>\n<meta name=\"twitter:card\" content=\"summary_large_image\" \/>\n<meta name=\"twitter:label1\" content=\"Ber\u00e4knad l\u00e4stid\" \/>\n\t<meta name=\"twitter:data1\" content=\"2 minuter\" \/>\n<script type=\"application\/ld+json\" class=\"yoast-schema-graph\">{\"@context\":\"https:\\\/\\\/schema.org\",\"@graph\":[{\"@type\":\"WebPage\",\"@id\":\"https:\\\/\\\/kuuloasi.fi\\\/tuote\\\/phonak-cerushield-vahasuoja\\\/\",\"url\":\"https:\\\/\\\/kuuloasi.fi\\\/tuote\\\/phonak-cerushield-vahasuoja\\\/\",\"name\":\"Phonak Cerushield vahasuoja - kuuloasi.fi\",\"isPartOf\":{\"@id\":\"https:\\\/\\\/kuuloasi.fi\\\/#website\"},\"primaryImageOfPage\":{\"@id\":\"https:\\\/\\\/kuuloasi.fi\\\/tuote\\\/phonak-cerushield-vahasuoja\\\/#primaryimage\"},\"image\":{\"@id\":\"https:\\\/\\\/kuuloasi.fi\\\/tuote\\\/phonak-cerushield-vahasuoja\\\/#primaryimage\"},\"thumbnailUrl\":\"https:\\\/\\\/kuuloasi.fi\\\/wp-content\\\/uploads\\\/2025\\\/12\\\/31GwYxWw6ZL._AC_SY400__ml.jpg\",\"datePublished\":\"2025-12-03T15:38:49+00:00\",\"dateModified\":\"2026-04-15T10:24:07+00:00\",\"breadcrumb\":{\"@id\":\"https:\\\/\\\/kuuloasi.fi\\\/tuote\\\/phonak-cerushield-vahasuoja\\\/#breadcrumb\"},\"inLanguage\":\"sv-SE\",\"potentialAction\":[{\"@type\":\"ReadAction\",\"target\":[\"https:\\\/\\\/kuuloasi.fi\\\/tuote\\\/phonak-cerushield-vahasuoja\\\/\"]}]},{\"@type\":\"ImageObject\",\"inLanguage\":\"sv-SE\",\"@id\":\"https:\\\/\\\/kuuloasi.fi\\\/tuote\\\/phonak-cerushield-vahasuoja\\\/#primaryimage\",\"url\":\"https:\\\/\\\/kuuloasi.fi\\\/wp-content\\\/uploads\\\/2025\\\/12\\\/31GwYxWw6ZL._AC_SY400__ml.jpg\",\"contentUrl\":\"https:\\\/\\\/kuuloasi.fi\\\/wp-content\\\/uploads\\\/2025\\\/12\\\/31GwYxWw6ZL._AC_SY400__ml.jpg\",\"width\":353,\"height\":310},{\"@type\":\"BreadcrumbList\",\"@id\":\"https:\\\/\\\/kuuloasi.fi\\\/tuote\\\/phonak-cerushield-vahasuoja\\\/#breadcrumb\",\"itemListElement\":[{\"@type\":\"ListItem\",\"position\":1,\"name\":\"Etusivu\",\"item\":\"https:\\\/\\\/kuuloasi.fi\\\/\"},{\"@type\":\"ListItem\",\"position\":2,\"name\":\"Kauppa\",\"item\":\"https:\\\/\\\/kuuloasi.fi\\\/kauppa\\\/\"},{\"@type\":\"ListItem\",\"position\":3,\"name\":\"Phonak Cerushield vahasuoja\"}]},{\"@type\":\"WebSite\",\"@id\":\"https:\\\/\\\/kuuloasi.fi\\\/#website\",\"url\":\"https:\\\/\\\/kuuloasi.fi\\\/\",\"name\":\"kuuloasi.fi\",\"description\":\"\",\"potentialAction\":[{\"@type\":\"SearchAction\",\"target\":{\"@type\":\"EntryPoint\",\"urlTemplate\":\"https:\\\/\\\/kuuloasi.fi\\\/?s={search_term_string}\"},\"query-input\":{\"@type\":\"PropertyValueSpecification\",\"valueRequired\":true,\"valueName\":\"search_term_string\"}}],\"inLanguage\":\"sv-SE\"}]}<\/script>\n<!-- \/ Yoast SEO plugin. -->","yoast_head_json":{"title":"Phonak Cerushield vahasuoja - kuuloasi.fi","robots":{"index":"index","follow":"follow","max-snippet":"max-snippet:-1","max-image-preview":"max-image-preview:large","max-video-preview":"max-video-preview:-1"},"canonical":"https:\/\/kuuloasi.fi\/sv\/produkt\/phonak-cerushield-vahasuoja\/","og_locale":"sv_SE","og_type":"article","og_title":"Phonak Cerushield vahasuoja - kuuloasi.fi","og_description":"Phonak CeruShield -vahasuoja on suunniteltu suojaamaan kuulokojetta korvavahalta ja muilta ep\u00e4puhtauksilta, jotka voivat tukkia kuulokojeen \u00e4\u00e4nikanavan. T\u00e4m\u00e4 pieni, valkoinen suodatin est\u00e4\u00e4 vahaa p\u00e4\u00e4sem\u00e4st\u00e4 kuulokkeen sis\u00e4\u00e4n ja auttaa s\u00e4ilytt\u00e4m\u00e4\u00e4n kuulokojeen \u00e4\u00e4nenlaadun ja toimintavarmuuden. CeruShield-vahasuoja on yhteensopiva useiden Phonak Marvel- ja Paradise-mallien kanssa.      Pakkaus sis\u00e4lt\u00e4\u00e4 8 vahasuojaa.","og_url":"https:\/\/kuuloasi.fi\/sv\/produkt\/phonak-cerushield-vahasuoja\/","og_site_name":"kuuloasi.fi","article_modified_time":"2026-04-15T10:24:07+00:00","og_image":[{"width":353,"height":310,"url":"https:\/\/kuuloasi.fi\/wp-content\/uploads\/2025\/12\/31GwYxWw6ZL._AC_SY400__ml.jpg","type":"image\/jpeg"}],"twitter_card":"summary_large_image","twitter_misc":{"Ber\u00e4knad l\u00e4stid":"2 minuter"},"schema":{"@context":"https:\/\/schema.org","@graph":[{"@type":"WebPage","@id":"https:\/\/kuuloasi.fi\/tuote\/phonak-cerushield-vahasuoja\/","url":"https:\/\/kuuloasi.fi\/tuote\/phonak-cerushield-vahasuoja\/","name":"Phonak Cerushield vahasuoja - kuuloasi.fi","isPartOf":{"@id":"https:\/\/kuuloasi.fi\/#website"},"primaryImageOfPage":{"@id":"https:\/\/kuuloasi.fi\/tuote\/phonak-cerushield-vahasuoja\/#primaryimage"},"image":{"@id":"https:\/\/kuuloasi.fi\/tuote\/phonak-cerushield-vahasuoja\/#primaryimage"},"thumbnailUrl":"https:\/\/kuuloasi.fi\/wp-content\/uploads\/2025\/12\/31GwYxWw6ZL._AC_SY400__ml.jpg","datePublished":"2025-12-03T15:38:49+00:00","dateModified":"2026-04-15T10:24:07+00:00","breadcrumb":{"@id":"https:\/\/kuuloasi.fi\/tuote\/phonak-cerushield-vahasuoja\/#breadcrumb"},"inLanguage":"sv-SE","potentialAction":[{"@type":"ReadAction","target":["https:\/\/kuuloasi.fi\/tuote\/phonak-cerushield-vahasuoja\/"]}]},{"@type":"ImageObject","inLanguage":"sv-SE","@id":"https:\/\/kuuloasi.fi\/tuote\/phonak-cerushield-vahasuoja\/#primaryimage","url":"https:\/\/kuuloasi.fi\/wp-content\/uploads\/2025\/12\/31GwYxWw6ZL._AC_SY400__ml.jpg","contentUrl":"https:\/\/kuuloasi.fi\/wp-content\/uploads\/2025\/12\/31GwYxWw6ZL._AC_SY400__ml.jpg","width":353,"height":310},{"@type":"BreadcrumbList","@id":"https:\/\/kuuloasi.fi\/tuote\/phonak-cerushield-vahasuoja\/#breadcrumb","itemListElement":[{"@type":"ListItem","position":1,"name":"Etusivu","item":"https:\/\/kuuloasi.fi\/"},{"@type":"ListItem","position":2,"name":"Kauppa","item":"https:\/\/kuuloasi.fi\/kauppa\/"},{"@type":"ListItem","position":3,"name":"Phonak Cerushield vahasuoja"}]},{"@type":"WebSite","@id":"https:\/\/kuuloasi.fi\/#website","url":"https:\/\/kuuloasi.fi\/","name":"h\u00f6rsel.co.uk","description":"","potentialAction":[{"@type":"SearchAction","target":{"@type":"EntryPoint","urlTemplate":"https:\/\/kuuloasi.fi\/?s={search_term_string}"},"query-input":{"@type":"PropertyValueSpecification","valueRequired":true,"valueName":"search_term_string"}}],"inLanguage":"sv-SE"}]}},"_links":{"self":[{"href":"https:\/\/kuuloasi.fi\/sv\/wp-json\/wp\/v2\/product\/648","targetHints":{"allow":["GET"]}}],"collection":[{"href":"https:\/\/kuuloasi.fi\/sv\/wp-json\/wp\/v2\/product"}],"about":[{"href":"https:\/\/kuuloasi.fi\/sv\/wp-json\/wp\/v2\/types\/product"}],"replies":[{"embeddable":true,"href":"https:\/\/kuuloasi.fi\/sv\/wp-json\/wp\/v2\/comments?post=648"}],"wp:featuredmedia":[{"embeddable":true,"href":"https:\/\/kuuloasi.fi\/sv\/wp-json\/wp\/v2\/media\/649"}],"wp:attachment":[{"href":"https:\/\/kuuloasi.fi\/sv\/wp-json\/wp\/v2\/media?parent=648"}],"wp:term":[{"taxonomy":"product_brand","embeddable":true,"href":"https:\/\/kuuloasi.fi\/sv\/wp-json\/wp\/v2\/product_brand?post=648"},{"taxonomy":"product_cat","embeddable":true,"href":"https:\/\/kuuloasi.fi\/sv\/wp-json\/wp\/v2\/product_cat?post=648"},{"taxonomy":"product_tag","embeddable":true,"href":"https:\/\/kuuloasi.fi\/sv\/wp-json\/wp\/v2\/product_tag?post=648"}],"curies":[{"name":"wp","href":"https:\/\/api.w.org\/{rel}","templated":true}]}}