{"id":624,"date":"2025-12-03T15:24:54","date_gmt":"2025-12-03T15:24:54","guid":{"rendered":"https:\/\/kuuloasi.fi\/?post_type=product&#038;p=624"},"modified":"2026-04-16T11:00:47","modified_gmt":"2026-04-16T11:00:47","slug":"phonak-4-0-avoin-tippi","status":"publish","type":"product","link":"https:\/\/kuuloasi.fi\/sv\/produkt\/phonak-4-0-avoin-tippi\/","title":{"rendered":"Phonak 4.0 \u00f6ppen spets"},"content":{"rendered":"<p><iframe title=\"Byte av spets p\u00e5 h\u00f6rapparat\" width=\"800\" height=\"450\" src=\"https:\/\/www.youtube.com\/embed\/9MKWhWD0MN4?feature=oembed\" frameborder=\"0\" allow=\"accelerometer; autoplay; clipboard-write; encrypted-media; gyroscope; picture-in-picture; web-share\" referrerpolicy=\"strict-origin-when-cross-origin\" allowfullscreen><\/iframe><\/p>\n<p>Den \u00f6ppna Phonak-droppen l\u00e5ter h\u00f6rselg\u00e5ngen andas och ger en naturlig ljudkvalitet. Det g\u00f6r den till ett utm\u00e4rkt val f\u00f6r anv\u00e4ndare som tycker att slutna proppar \u00e4r obekv\u00e4ma eller vars egen r\u00f6st ekar. Den \u00f6ppna proppen minskar resonansen i din egen r\u00f6st avsev\u00e4rt och \u00e4r s\u00e4rskilt l\u00e4mplig f\u00f6r personer med mild h\u00f6rselneds\u00e4ttning.<\/p>\n<p>Phonak drops \u00e4r ett viktigt h\u00f6rseltillbeh\u00f6r f\u00f6r att din h\u00f6rapparat ska fungera och vara bekv\u00e4m. Det mjuka materialet k\u00e4nns behagligt i \u00f6rat och den \u00f6ppna designen g\u00f6r att det n\u00e4stan inte m\u00e4rks i den dagliga anv\u00e4ndningen.<\/p>\n<h3 tabindex=\"0\">Storlekar, m\u00e5tt och produktkoder<\/h3>\n<p>Phonak Marvel \/ Paradise \u00f6ppen \u00f6ronsn\u00e4cka finns i tre olika storlekar. Storlek Small (S) har en diameter p\u00e5 7 mm och tillverkarens produktkod \u00e4r 054-0785. Storlek Medium (M) \u00e4r 9 mm i diameter och tillverkarens produktkod \u00e4r 054-0786. Den st\u00f6rsta storleken Large (L) \u00e4r 11 mm i diameter och har produktkod 054-0787. V\u00e4nligen v\u00e4lj r\u00e4tt storlek i rullgardinsmenyn innan du best\u00e4ller.<\/p>\n<h3 tabindex=\"0\">Varf\u00f6r v\u00e4lja ett Phonak-dropp?<\/h3>\n<p>Phonak-spetsen s\u00e4kerst\u00e4ller att h\u00f6rapparaten sitter t\u00e4tt men bekv\u00e4mt i \u00f6rat. Den \u00f6ppna designen g\u00f6r att den andas och \u00e4r bekv\u00e4m, s\u00e4rskilt vid l\u00e5ngvarig anv\u00e4ndning. Att v\u00e4lja r\u00e4tt propp har en betydande inverkan p\u00e5 ljudkvalitet, komfort och h\u00f6rapparatens prestanda.<\/p>\n<p>Valet av spets b\u00f6r g\u00f6ras i samr\u00e5d med din audionom, eftersom den b\u00e4sta modellen beror p\u00e5 din individuella h\u00f6rsel och h\u00f6rapparatens utformning. Det finns olika modeller av proppar - \u00f6ppna, halvslutna och helt slutna - och varje modell har sitt eget syfte. Den h\u00e4r \u00f6ppna modellen \u00e4r l\u00e4mplig f\u00f6r anv\u00e4ndare med mild till m\u00e5ttlig h\u00f6rselneds\u00e4ttning som vill ha en mer naturlig lyssningsupplevelse.<\/p>\n<h3 tabindex=\"0\">Byte av spetsadapter<\/h3>\n<p>Phonak-droppar b\u00f6r bytas ut regelbundet f\u00f6r att bibeh\u00e5lla ljudkvaliteten och hygienen i din h\u00f6rapparat. Bytet \u00e4r enkelt: ta bort den gamla spetsen genom att f\u00f6rsiktigt dra ut den ur h\u00f6rapparaten eller slangen och s\u00e4tt i den nya spetsen genom att trycka in den ordentligt i headsetets huvud. Se till att den nya spetsen sitter ordentligt och inte lossnar under anv\u00e4ndning.<\/p>\n<p>N\u00e4r du byter spets f\u00f6rb\u00e4ttras h\u00f6rapparatens ljudkvalitet och komfort. Det \u00e4r en viktig del av h\u00f6rapparatunderh\u00e5llet och ett av de enklaste s\u00e4tten att se till att h\u00f6rapparaten fungerar dagligen. En ren och intakt Phonak-spets f\u00f6rhindrar ocks\u00e5 uppbyggnad av \u00f6ronvax och blockeringar som kan p\u00e5verka apparatens prestanda.<\/p>\n<h3 tabindex=\"0\">Modeller och anv\u00e4ndningsomr\u00e5den<\/h3>\n<p>Phonak erbjuder flera olika typer av 4.0-adaptrar som \u00e4r utformade f\u00f6r att tillgodose olika anv\u00e4ndares h\u00f6rselbehov. En \u00f6ppen droppe, som den h\u00e4r modellen, ger ett naturligt ljud och g\u00f6r att du kan h\u00f6ra omgivande ljud utan att k\u00e4nna dig inst\u00e4ngd. Ventilerade spetsar ger mer f\u00f6rst\u00e4rkning f\u00f6r l\u00e5ga frekvenser men beh\u00e5ller en delvis \u00f6ppen k\u00e4nsla. Power-fittings \u00e4r dubbla lager, f\u00f6rseglade spetsar som ger effektiv ljudisolering och f\u00f6rst\u00e4rkning, s\u00e4rskilt f\u00f6r anv\u00e4ndare med sv\u00e5rare h\u00f6rselneds\u00e4ttning.<\/p>\n<p>Phonaks droppar \u00e4r l\u00e4tta att byta ut och kan enkelt f\u00e4stas p\u00e5 en h\u00f6rapparat eller en tunn slang utan verktyg. F\u00f6r att uppn\u00e5 b\u00e4sta m\u00f6jliga ljudkvalitet och anv\u00e4ndarkomfort \u00e4r det l\u00e4mpligt att v\u00e4lja r\u00e4tt modell i samr\u00e5d med en audiolog.<\/p>\n<h3 tabindex=\"0\">H\u00e5llbarhet och f\u00f6rvaringsanvisningar<\/h3>\n<p>Phonak IV \u00e4r en t\u00e5lig h\u00f6rapparat med l\u00e5ng livsl\u00e4ngd. Det datum som kan f\u00f6rekomma p\u00e5 f\u00f6rpackningen \u00e4r tillverkningsdatumet, inte utg\u00e5ngsdatumet. Dropparna kan anv\u00e4ndas i m\u00e5nga \u00e5r efter tillverkningen om de f\u00f6rvaras p\u00e5 r\u00e4tt s\u00e4tt. Vi rekommenderar att oanv\u00e4nda droppar f\u00f6rvaras i originalf\u00f6rpackningen f\u00f6r att s\u00e4kerst\u00e4lla att de \u00e4r rena och redo att anv\u00e4ndas.<\/p>\n<h3 tabindex=\"0\">K\u00f6p Phonak-droppar enkelt online<\/h3>\n<p>\u00d6ppna spetsar till Phonak Marvel och Paradise h\u00f6rapparater s\u00e4ljs i f\u00f6rpackningar om 10 st. De \u00e4r originaltillbeh\u00f6r till Phonak-h\u00f6rapparater och \u00e4r kompatibla enligt tillverkarens anvisningar. Best\u00e4ll r\u00e4tt storlek fr\u00e5n Your Hearings webbutik och se till att din h\u00f6rapparat f\u00f6rblir bekv\u00e4m, ren och funktionell varje dag.<\/p>\n<p>Om du beh\u00f6ver hj\u00e4lp med att v\u00e4lja r\u00e4tt Phonak-tips hj\u00e4lper v\u00e5rt kunniga kundtj\u00e4nstteam dig g\u00e4rna. Best\u00e4ll nu och h\u00e5ll dina h\u00f6rapparater i toppskick med de b\u00e4sta h\u00f6rseltillbeh\u00f6ren fr\u00e5n Phonak.<\/p>","protected":false},"excerpt":{"rendered":"<p>Phonak Marvel and Paradise open tip \u00e4r en h\u00f6rapparat tillverkad av mjuk silikon som ger en bekv\u00e4m och diskret passform. Open tip-adaptern f\u00e4sts p\u00e5 h\u00f6rapparatens h\u00f6rlurs- eller tunna slang\u00e4nde och leder effektivt ljudet till \u00f6rat samtidigt som anv\u00e4ndningskomforten bibeh\u00e5lls.<\/p>","protected":false},"featured_media":628,"comment_status":"closed","ping_status":"closed","template":"","meta":{"_acf_changed":false},"product_brand":[],"product_cat":[71,22],"product_tag":[95,77],"class_list":{"0":"post-624","1":"product","2":"type-product","3":"status-publish","4":"has-post-thumbnail","6":"product_cat-phonak","7":"product_cat-varaosat","8":"product_tag-phonak","9":"product_tag-tippi","11":"first","12":"instock","13":"taxable","14":"shipping-taxable","15":"purchasable","16":"product-type-variable"},"acf":[],"yoast_head":"<!-- This site is optimized with the Yoast SEO plugin v27.4 - https:\/\/yoast.com\/product\/yoast-seo-wordpress\/ -->\n<title>Phonak 4.0 avoin tippi - kuuloasi.fi<\/title>\n<meta name=\"robots\" content=\"index, follow, max-snippet:-1, max-image-preview:large, max-video-preview:-1\" \/>\n<link rel=\"canonical\" href=\"https:\/\/kuuloasi.fi\/sv\/produkt\/phonak-4-0-avoin-tippi\/\" \/>\n<meta property=\"og:locale\" content=\"sv_SE\" \/>\n<meta property=\"og:type\" content=\"article\" \/>\n<meta property=\"og:title\" content=\"Phonak 4.0 avoin tippi - kuuloasi.fi\" \/>\n<meta property=\"og:description\" content=\"Phonak Marvel- ja Paradise-kuulokojeisiin sopiva avoin tippi on pehme\u00e4st\u00e4 silikonista valmistettu kuulotarvike, joka varmistaa kuulokojeen miellytt\u00e4v\u00e4n ja huomaamattoman istuvuuden. Avoin tippisovite kiinnitet\u00e4\u00e4n kuulokojeen kuulokkeen tai ohutletkun p\u00e4\u00e4h\u00e4n, ja se ohjaa \u00e4\u00e4nen tehokkaasti korvaan s\u00e4ilytt\u00e4en k\u00e4ytt\u00f6mukavuuden.\" \/>\n<meta property=\"og:url\" content=\"https:\/\/kuuloasi.fi\/sv\/produkt\/phonak-4-0-avoin-tippi\/\" \/>\n<meta property=\"og:site_name\" content=\"kuuloasi.fi\" \/>\n<meta property=\"article:modified_time\" content=\"2026-04-16T11:00:47+00:00\" \/>\n<meta property=\"og:image\" content=\"https:\/\/kuuloasi.fi\/wp-content\/uploads\/2025\/12\/Marvel-s-avoin-500x500-1.png\" \/>\n\t<meta property=\"og:image:width\" content=\"500\" \/>\n\t<meta property=\"og:image:height\" content=\"500\" \/>\n\t<meta property=\"og:image:type\" content=\"image\/png\" \/>\n<meta name=\"twitter:card\" content=\"summary_large_image\" \/>\n<meta name=\"twitter:label1\" content=\"Ber\u00e4knad l\u00e4stid\" \/>\n\t<meta name=\"twitter:data1\" content=\"3 minuter\" \/>\n<script type=\"application\/ld+json\" class=\"yoast-schema-graph\">{\"@context\":\"https:\\\/\\\/schema.org\",\"@graph\":[{\"@type\":\"WebPage\",\"@id\":\"https:\\\/\\\/kuuloasi.fi\\\/tuote\\\/phonak-4-0-avoin-tippi\\\/\",\"url\":\"https:\\\/\\\/kuuloasi.fi\\\/tuote\\\/phonak-4-0-avoin-tippi\\\/\",\"name\":\"Phonak 4.0 avoin tippi - kuuloasi.fi\",\"isPartOf\":{\"@id\":\"https:\\\/\\\/kuuloasi.fi\\\/#website\"},\"primaryImageOfPage\":{\"@id\":\"https:\\\/\\\/kuuloasi.fi\\\/tuote\\\/phonak-4-0-avoin-tippi\\\/#primaryimage\"},\"image\":{\"@id\":\"https:\\\/\\\/kuuloasi.fi\\\/tuote\\\/phonak-4-0-avoin-tippi\\\/#primaryimage\"},\"thumbnailUrl\":\"https:\\\/\\\/kuuloasi.fi\\\/wp-content\\\/uploads\\\/2025\\\/12\\\/Marvel-s-avoin-500x500-1.png\",\"datePublished\":\"2025-12-03T15:24:54+00:00\",\"dateModified\":\"2026-04-16T11:00:47+00:00\",\"breadcrumb\":{\"@id\":\"https:\\\/\\\/kuuloasi.fi\\\/tuote\\\/phonak-4-0-avoin-tippi\\\/#breadcrumb\"},\"inLanguage\":\"sv-SE\",\"potentialAction\":[{\"@type\":\"ReadAction\",\"target\":[\"https:\\\/\\\/kuuloasi.fi\\\/tuote\\\/phonak-4-0-avoin-tippi\\\/\"]}]},{\"@type\":\"ImageObject\",\"inLanguage\":\"sv-SE\",\"@id\":\"https:\\\/\\\/kuuloasi.fi\\\/tuote\\\/phonak-4-0-avoin-tippi\\\/#primaryimage\",\"url\":\"https:\\\/\\\/kuuloasi.fi\\\/wp-content\\\/uploads\\\/2025\\\/12\\\/Marvel-s-avoin-500x500-1.png\",\"contentUrl\":\"https:\\\/\\\/kuuloasi.fi\\\/wp-content\\\/uploads\\\/2025\\\/12\\\/Marvel-s-avoin-500x500-1.png\",\"width\":500,\"height\":500},{\"@type\":\"BreadcrumbList\",\"@id\":\"https:\\\/\\\/kuuloasi.fi\\\/tuote\\\/phonak-4-0-avoin-tippi\\\/#breadcrumb\",\"itemListElement\":[{\"@type\":\"ListItem\",\"position\":1,\"name\":\"Etusivu\",\"item\":\"https:\\\/\\\/kuuloasi.fi\\\/\"},{\"@type\":\"ListItem\",\"position\":2,\"name\":\"Kauppa\",\"item\":\"https:\\\/\\\/kuuloasi.fi\\\/kauppa\\\/\"},{\"@type\":\"ListItem\",\"position\":3,\"name\":\"Phonak 4.0 avoin tippi\"}]},{\"@type\":\"WebSite\",\"@id\":\"https:\\\/\\\/kuuloasi.fi\\\/#website\",\"url\":\"https:\\\/\\\/kuuloasi.fi\\\/\",\"name\":\"kuuloasi.fi\",\"description\":\"\",\"potentialAction\":[{\"@type\":\"SearchAction\",\"target\":{\"@type\":\"EntryPoint\",\"urlTemplate\":\"https:\\\/\\\/kuuloasi.fi\\\/?s={search_term_string}\"},\"query-input\":{\"@type\":\"PropertyValueSpecification\",\"valueRequired\":true,\"valueName\":\"search_term_string\"}}],\"inLanguage\":\"sv-SE\"}]}<\/script>\n<!-- \/ Yoast SEO plugin. -->","yoast_head_json":{"title":"Phonak 4.0 avoin tippi - kuuloasi.fi","robots":{"index":"index","follow":"follow","max-snippet":"max-snippet:-1","max-image-preview":"max-image-preview:large","max-video-preview":"max-video-preview:-1"},"canonical":"https:\/\/kuuloasi.fi\/sv\/produkt\/phonak-4-0-avoin-tippi\/","og_locale":"sv_SE","og_type":"article","og_title":"Phonak 4.0 avoin tippi - kuuloasi.fi","og_description":"Phonak Marvel- ja Paradise-kuulokojeisiin sopiva avoin tippi on pehme\u00e4st\u00e4 silikonista valmistettu kuulotarvike, joka varmistaa kuulokojeen miellytt\u00e4v\u00e4n ja huomaamattoman istuvuuden. Avoin tippisovite kiinnitet\u00e4\u00e4n kuulokojeen kuulokkeen tai ohutletkun p\u00e4\u00e4h\u00e4n, ja se ohjaa \u00e4\u00e4nen tehokkaasti korvaan s\u00e4ilytt\u00e4en k\u00e4ytt\u00f6mukavuuden.","og_url":"https:\/\/kuuloasi.fi\/sv\/produkt\/phonak-4-0-avoin-tippi\/","og_site_name":"kuuloasi.fi","article_modified_time":"2026-04-16T11:00:47+00:00","og_image":[{"width":500,"height":500,"url":"https:\/\/kuuloasi.fi\/wp-content\/uploads\/2025\/12\/Marvel-s-avoin-500x500-1.png","type":"image\/png"}],"twitter_card":"summary_large_image","twitter_misc":{"Ber\u00e4knad l\u00e4stid":"3 minuter"},"schema":{"@context":"https:\/\/schema.org","@graph":[{"@type":"WebPage","@id":"https:\/\/kuuloasi.fi\/tuote\/phonak-4-0-avoin-tippi\/","url":"https:\/\/kuuloasi.fi\/tuote\/phonak-4-0-avoin-tippi\/","name":"Phonak 4.0 avoin tippi - kuuloasi.fi","isPartOf":{"@id":"https:\/\/kuuloasi.fi\/#website"},"primaryImageOfPage":{"@id":"https:\/\/kuuloasi.fi\/tuote\/phonak-4-0-avoin-tippi\/#primaryimage"},"image":{"@id":"https:\/\/kuuloasi.fi\/tuote\/phonak-4-0-avoin-tippi\/#primaryimage"},"thumbnailUrl":"https:\/\/kuuloasi.fi\/wp-content\/uploads\/2025\/12\/Marvel-s-avoin-500x500-1.png","datePublished":"2025-12-03T15:24:54+00:00","dateModified":"2026-04-16T11:00:47+00:00","breadcrumb":{"@id":"https:\/\/kuuloasi.fi\/tuote\/phonak-4-0-avoin-tippi\/#breadcrumb"},"inLanguage":"sv-SE","potentialAction":[{"@type":"ReadAction","target":["https:\/\/kuuloasi.fi\/tuote\/phonak-4-0-avoin-tippi\/"]}]},{"@type":"ImageObject","inLanguage":"sv-SE","@id":"https:\/\/kuuloasi.fi\/tuote\/phonak-4-0-avoin-tippi\/#primaryimage","url":"https:\/\/kuuloasi.fi\/wp-content\/uploads\/2025\/12\/Marvel-s-avoin-500x500-1.png","contentUrl":"https:\/\/kuuloasi.fi\/wp-content\/uploads\/2025\/12\/Marvel-s-avoin-500x500-1.png","width":500,"height":500},{"@type":"BreadcrumbList","@id":"https:\/\/kuuloasi.fi\/tuote\/phonak-4-0-avoin-tippi\/#breadcrumb","itemListElement":[{"@type":"ListItem","position":1,"name":"Etusivu","item":"https:\/\/kuuloasi.fi\/"},{"@type":"ListItem","position":2,"name":"Kauppa","item":"https:\/\/kuuloasi.fi\/kauppa\/"},{"@type":"ListItem","position":3,"name":"Phonak 4.0 avoin tippi"}]},{"@type":"WebSite","@id":"https:\/\/kuuloasi.fi\/#website","url":"https:\/\/kuuloasi.fi\/","name":"h\u00f6rsel.co.uk","description":"","potentialAction":[{"@type":"SearchAction","target":{"@type":"EntryPoint","urlTemplate":"https:\/\/kuuloasi.fi\/?s={search_term_string}"},"query-input":{"@type":"PropertyValueSpecification","valueRequired":true,"valueName":"search_term_string"}}],"inLanguage":"sv-SE"}]}},"_links":{"self":[{"href":"https:\/\/kuuloasi.fi\/sv\/wp-json\/wp\/v2\/product\/624","targetHints":{"allow":["GET"]}}],"collection":[{"href":"https:\/\/kuuloasi.fi\/sv\/wp-json\/wp\/v2\/product"}],"about":[{"href":"https:\/\/kuuloasi.fi\/sv\/wp-json\/wp\/v2\/types\/product"}],"replies":[{"embeddable":true,"href":"https:\/\/kuuloasi.fi\/sv\/wp-json\/wp\/v2\/comments?post=624"}],"wp:featuredmedia":[{"embeddable":true,"href":"https:\/\/kuuloasi.fi\/sv\/wp-json\/wp\/v2\/media\/628"}],"wp:attachment":[{"href":"https:\/\/kuuloasi.fi\/sv\/wp-json\/wp\/v2\/media?parent=624"}],"wp:term":[{"taxonomy":"product_brand","embeddable":true,"href":"https:\/\/kuuloasi.fi\/sv\/wp-json\/wp\/v2\/product_brand?post=624"},{"taxonomy":"product_cat","embeddable":true,"href":"https:\/\/kuuloasi.fi\/sv\/wp-json\/wp\/v2\/product_cat?post=624"},{"taxonomy":"product_tag","embeddable":true,"href":"https:\/\/kuuloasi.fi\/sv\/wp-json\/wp\/v2\/product_tag?post=624"}],"curies":[{"name":"wp","href":"https:\/\/api.w.org\/{rel}","templated":true}]}}