{"id":602,"date":"2025-12-03T14:19:03","date_gmt":"2025-12-03T14:19:03","guid":{"rendered":"https:\/\/kuuloasi.fi\/?post_type=product&#038;p=602"},"modified":"2026-04-02T12:21:54","modified_gmt":"2026-04-02T12:21:54","slug":"no-wax-vahasuoja","status":"publish","type":"product","link":"https:\/\/kuuloasi.fi\/sv\/produkt\/no-wax-vahasuoja\/","title":{"rendered":"No-Wax vaxskydd"},"content":{"rendered":"<p><iframe title=\"Prowax vaxskydd ers\u00e4ttning f\u00f6r h\u00f6rapparater\" width=\"800\" height=\"450\" src=\"https:\/\/www.youtube.com\/embed\/WHBGzkKjkc4?feature=oembed\" frameborder=\"0\" allow=\"accelerometer; autoplay; clipboard-write; encrypted-media; gyroscope; picture-in-picture; web-share\" referrerpolicy=\"strict-origin-when-cross-origin\" allowfullscreen><\/iframe><\/p>\n<h2 tabindex=\"0\" data-end=\"963\" data-start=\"934\">Varf\u00f6r \u00e4r det viktigt med vaxskydd?<\/h2>\n<p data-end=\"1211\" data-start=\"965\">\u00d6rat uts\u00f6ndrar alltid lite vax, men m\u00e4ngden varierar fr\u00e5n person till person. \u00d6ronvax kan t\u00e4ppa till h\u00f6rapparaten, vilket resulterar i reducerat, f\u00f6rvr\u00e4ngt eller inget ljud. Detta \u00e4r den vanligaste orsaken till att h\u00f6rapparaten inte fungerar som den ska. Med NoWax \u00f6ronvaxskydd:<\/p>\n<ul data-end=\"1368\" data-start=\"1212\">\n<li data-end=\"1255\" data-start=\"1212\">\n<p data-end=\"1255\" data-start=\"1214\">H\u00f6rapparatens ljudkvalitet f\u00f6rblir tydlig<\/p>\n<\/li>\n<li data-end=\"1298\" data-start=\"1256\">\n<p data-end=\"1298\" data-start=\"1258\">Risken f\u00f6r blockeringar minskar avsev\u00e4rt<\/p>\n<\/li>\n<li data-end=\"1368\" data-start=\"1299\">\n<p data-end=\"1368\" data-start=\"1301\">Minskat behov av servicebes\u00f6k, eftersom du kan byta vaxskyddet sj\u00e4lv<\/p>\n<\/li>\n<\/ul>\n<h2 tabindex=\"0\" data-end=\"1386\" data-start=\"1375\"><\/h2>\n<h2 tabindex=\"0\" data-end=\"1386\" data-start=\"1375\">Kompatibilitet<\/h2>\n<ul data-end=\"1531\" data-start=\"1388\">\n<li data-end=\"1458\" data-start=\"1388\">\n<p data-end=\"1458\" data-start=\"1390\"><strong data-end=\"1412\" data-start=\"1390\">Oticon h\u00f6rapparater<\/strong>\u00a0(h\u00f6rselg\u00e5ngsapparater och RIC\/RIE\/RITE-modeller)<\/p>\n<\/li>\n<li data-end=\"1531\" data-start=\"1459\">\n<p data-end=\"1531\" data-start=\"1461\"><strong data-end=\"1485\" data-start=\"1461\">Bernafons h\u00f6rapparater<\/strong>\u00a0(h\u00f6rselg\u00e5ngsapparater och RIC\/RIE\/RITE-modeller)<\/p>\n<\/li>\n<\/ul>\n<p data-end=\"1650\" data-start=\"1533\">Kontrollera alltid h\u00f6rapparatens bruksanvisning eller m\u00e4rkning f\u00f6r att s\u00e4kerst\u00e4lla att Oticon NoWax vaxskydd \u00e4r r\u00e4tt modell.<\/p>\n<h2 tabindex=\"0\" data-end=\"1678\" data-start=\"1657\"><\/h2>\n<h2 tabindex=\"0\" data-end=\"1678\" data-start=\"1657\">F\u00f6rpackning och inneh\u00e5ll<\/h2>\n<ul data-end=\"1912\" data-start=\"1680\">\n<li data-end=\"1721\" data-start=\"1680\">\n<p data-end=\"1721\" data-start=\"1682\">6 vaxfilter f\u00f6r eng\u00e5ngsbruk<\/p>\n<\/li>\n<li data-end=\"1768\" data-start=\"1722\">\n<p data-end=\"1768\" data-start=\"1724\">6 verktyg f\u00f6r byte av vaxskydd (p\u00e5 skiva)<\/p>\n<\/li>\n<li data-end=\"1912\" data-start=\"1769\">\n<p data-end=\"1806\" data-start=\"1771\">Ers\u00e4ttningsverktyget har tv\u00e5 grenar:<\/p>\n<ul data-end=\"1912\" data-start=\"1809\">\n<li data-end=\"1857\" data-start=\"1809\">\n<p data-end=\"1857\" data-start=\"1811\"><strong data-end=\"1824\" data-start=\"1811\">Tomt huvud<\/strong>\u00a0f\u00f6r borttagning av gammalt vaxskydd<\/p>\n<\/li>\n<li data-end=\"1912\" data-start=\"1860\">\n<p data-end=\"1912\" data-start=\"1862\"><strong data-end=\"1880\" data-start=\"1862\">Nytt vaxskydd<\/strong>\u00a0f\u00f6r utprovning av h\u00f6rapparat<\/p>\n<\/li>\n<\/ul>\n<\/li>\n<\/ul>\n<p data-end=\"2107\" data-start=\"1914\">Observera! F\u00f6rpackningens layout har \u00e4ndrats, men inneh\u00e5llet och anv\u00e4ndningsomr\u00e5det \u00e4r detsamma. Det datum som anges p\u00e5 f\u00f6rpackningen \u00e4r tillverkningsdatumet och vaxskydden kan anv\u00e4ndas i flera \u00e5r efter tillverkningen.<\/p>\n<h2 tabindex=\"0\" data-end=\"2149\" data-start=\"2114\"><\/h2>\n<h2 tabindex=\"0\" data-end=\"2149\" data-start=\"2114\">N\u00e4r b\u00f6r vaxskyddet bytas ut?<\/h2>\n<ul data-end=\"2322\" data-start=\"2151\">\n<li data-end=\"2225\" data-start=\"2151\">\n<p data-end=\"2225\" data-start=\"2153\">N\u00e4r ljudet fr\u00e5n h\u00f6rapparaten f\u00f6rsvagas, f\u00f6rvr\u00e4ngs eller f\u00f6rsvinner helt<\/p>\n<\/li>\n<li data-end=\"2277\" data-start=\"2226\">\n<p data-end=\"2277\" data-start=\"2228\">N\u00e4r vaxskyddet \u00e4r igensatt av vax eller smuts<\/p>\n<\/li>\n<li data-end=\"2322\" data-start=\"2278\">\n<p data-end=\"2322\" data-start=\"2280\">Regelbundet som en del av underh\u00e5llet av h\u00f6rapparaten<\/p>\n<\/li>\n<\/ul>\n<p data-end=\"2416\" data-start=\"2324\"><strong data-end=\"2337\" data-start=\"2324\">Rekommendation:<\/strong>\u00a0\u00c5tminstone\u00a0<strong data-end=\"2372\" data-start=\"2348\">var fj\u00e4rde vecka<\/strong>, men oftare om det finns mycket vaxansamlingar.<\/p>\n<h2 tabindex=\"0\" data-end=\"2437\" data-start=\"2423\"><\/h2>\n<h2 tabindex=\"0\" data-end=\"2437\" data-start=\"2423\">Guide f\u00f6r utbyte<\/h2>\n<ol data-end=\"2880\" data-start=\"2439\">\n<li data-end=\"2482\" data-start=\"2439\">\n<p data-end=\"2482\" data-start=\"2442\">Ta bort ett verktyg fr\u00e5n vaxskyddsskivan.<\/p>\n<\/li>\n<li data-end=\"2553\" data-start=\"2483\">\n<p data-end=\"2553\" data-start=\"2486\">Verktyget har tv\u00e5 \u00e4ndar: en tom, den andra med ett nytt vaxskydd.<\/p>\n<\/li>\n<li data-end=\"2633\" data-start=\"2554\">\n<p data-end=\"2633\" data-start=\"2557\">Tryck in den tomma \u00e4nden i det gamla vaxskyddet i h\u00f6rapparaten och dra ut den.<\/p>\n<\/li>\n<li data-end=\"2708\" data-start=\"2634\">\n<p data-end=\"2708\" data-start=\"2637\">Tryck in den andra \u00e4nden av verktyget (det nya vaxskyddet) i h\u00f6rapparatens h\u00f6rsn\u00e4cka.<\/p>\n<\/li>\n<li data-end=\"2800\" data-start=\"2709\">\n<p data-end=\"2800\" data-start=\"2712\">Ta f\u00f6rsiktigt bort verktyget och se till att det nya vaxskyddet sitter p\u00e5 plats.<\/p>\n<\/li>\n<li data-end=\"2880\" data-start=\"2801\">\n<p data-end=\"2880\" data-start=\"2804\">Kassera det anv\u00e4nda verktyget s\u00e5 att det inte blandas med de oanv\u00e4nda.<\/p>\n<\/li>\n<\/ol>\n<p data-end=\"2975\" data-start=\"2882\">Tips: Var f\u00f6rsiktig n\u00e4r du tar bort verktygen fr\u00e5n rullen, eftersom vaxskyddet l\u00e4tt kan lossna fr\u00e5n verktyget.<\/p>\n<h2 tabindex=\"0\" data-end=\"2999\" data-start=\"2982\"><\/h2>\n<h2 tabindex=\"0\" data-end=\"2999\" data-start=\"2982\">Tips f\u00f6r anv\u00e4ndning<\/h2>\n<ul data-end=\"3354\" data-start=\"3001\">\n<li data-end=\"3167\" data-start=\"3001\">\n<p data-end=\"3167\" data-start=\"3003\">Det l\u00f6nar sig oftast inte att reng\u00f6ra vaxskyddet. Om det samlas l\u00f6s smuts p\u00e5 ytan kan den f\u00f6rsiktigt sopas bort med en reng\u00f6ringsborste (t.ex. Multitool eller Cedis reng\u00f6ringsborste).<\/p>\n<\/li>\n<li data-end=\"3279\" data-start=\"3168\">\n<p data-end=\"3279\" data-start=\"3170\">Om du \u00e4r os\u00e4ker p\u00e5 vilket vaxskydd som \u00e4r l\u00e4mpligt f\u00f6r din h\u00f6rapparat, kontakta din h\u00f6rapparatleverant\u00f6r eller servicecenter.<\/p>\n<\/li>\n<li data-end=\"3354\" data-start=\"3280\">\n<p data-end=\"3354\" data-start=\"3282\">Byt omedelbart ut vaxskyddet om du m\u00e4rker en onormal ljudkvalitet.<\/p>\n<\/li>\n<\/ul>\n<h2 tabindex=\"0\" data-end=\"3374\" data-start=\"3361\"><\/h2>\n<h2 tabindex=\"0\" data-end=\"3374\" data-start=\"3361\">Sammanfattning<\/h2>\n<p data-end=\"3596\" data-start=\"3376\">Oticos NoWax vaxskydd \u00e4r en p\u00e5litlig och l\u00e4ttanv\u00e4nd l\u00f6sning f\u00f6r att skydda dina h\u00f6rapparater fr\u00e5n vax och smuts. Regelbundna byten f\u00f6rl\u00e4nger h\u00f6rapparatens livsl\u00e4ngd och s\u00e4kerst\u00e4ller b\u00e4sta m\u00f6jliga lyssningsupplevelse.<\/p>","protected":false},"excerpt":{"rendered":"<p><strong data-end=\"426\" data-start=\"348\">skydda dina h\u00f6rapparater fr\u00e5n vax och bevara ljudkvaliteten<\/strong><\/p>\n<p data-end=\"705\" data-start=\"428\"><strong data-end=\"454\" data-start=\"428\">Oticon NoWax vaxskydd<\/strong>\u00a0\u00e4r ett litet vitt eng\u00e5ngsfilter som f\u00f6rhindrar att vax och smuts fr\u00e5n h\u00f6rselg\u00e5ngen kommer in i h\u00f6rapparatens h\u00f6rsn\u00e4cka. Regelbundet byte av vaxfiltret h\u00e5ller h\u00f6rapparaten ren, f\u00f6rhindrar ljudf\u00f6rs\u00e4mring och minskar antalet on\u00f6diga servicebes\u00f6k.<\/p>\n<p data-end=\"927\" data-start=\"707\">Detta paket inneh\u00e5ller\u00a0<strong data-end=\"760\" data-start=\"729\">6 st NoWax vaxfilter<\/strong>\u00a0och ers\u00e4ttningsverktyg f\u00f6r dem. Vaxskydd \u00e4r l\u00e4mpliga f\u00f6r\u00a0<strong data-end=\"927\" data-start=\"821\">Oticon och Bernafon i-\u00f6rat och i-\u00f6rat-modeller (RIC, RIE, RITE).<\/strong><\/p>","protected":false},"featured_media":603,"comment_status":"closed","ping_status":"closed","template":"","meta":{"_acf_changed":false},"product_brand":[],"product_cat":[70,22],"product_tag":[90,79],"class_list":{"0":"post-602","1":"product","2":"type-product","3":"status-publish","4":"has-post-thumbnail","6":"product_cat-oticon","7":"product_cat-varaosat","8":"product_tag-oticon","9":"product_tag-vahasuoja","11":"first","12":"instock","13":"taxable","14":"shipping-taxable","15":"purchasable","16":"product-type-simple"},"acf":[],"yoast_head":"<!-- This site is optimized with the Yoast SEO plugin v27.4 - https:\/\/yoast.com\/product\/yoast-seo-wordpress\/ -->\n<title>No-Wax vahasuoja - kuuloasi.fi<\/title>\n<meta name=\"robots\" content=\"index, follow, max-snippet:-1, max-image-preview:large, max-video-preview:-1\" \/>\n<link rel=\"canonical\" href=\"https:\/\/kuuloasi.fi\/sv\/produkt\/no-wax-vahasuoja\/\" \/>\n<meta property=\"og:locale\" content=\"sv_SE\" \/>\n<meta property=\"og:type\" content=\"article\" \/>\n<meta property=\"og:title\" content=\"No-Wax vahasuoja - kuuloasi.fi\" \/>\n<meta property=\"og:description\" content=\"suojaa kuulokojeesi vahalta ja s\u00e4ilyt\u00e4 \u00e4\u00e4nenlaatu Oticon NoWax vahasuoja\u00a0on pieni valkoinen kertak\u00e4ytt\u00f6inen suodatin, joka est\u00e4\u00e4 korvak\u00e4yt\u00e4v\u00e4n vahaa ja likaa p\u00e4\u00e4sem\u00e4st\u00e4 kuulokojeen kuulokkeeseen. S\u00e4\u00e4nn\u00f6llinen vahasuojan vaihto pit\u00e4\u00e4 kuulokojeen puhtaana, est\u00e4\u00e4 \u00e4\u00e4nen heikentymist\u00e4 ja v\u00e4hent\u00e4\u00e4 tarpeettomia huoltok\u00e4yntej\u00e4. T\u00e4m\u00e4 pakkaus sis\u00e4lt\u00e4\u00e4\u00a06 kpl NoWax-vahasuodattimia\u00a0sek\u00e4 niihin tarkoitetut vaihto-ty\u00f6kalut. Vahasuojat sopivat\u00a0Oticonin ja Bernafonin korvak\u00e4yt\u00e4v\u00e4kojeisiin sek\u00e4 kuuloke korvassa oleviin malleihin (RIC, RIE, RITE).\" \/>\n<meta property=\"og:url\" content=\"https:\/\/kuuloasi.fi\/sv\/produkt\/no-wax-vahasuoja\/\" \/>\n<meta property=\"og:site_name\" content=\"kuuloasi.fi\" \/>\n<meta property=\"article:modified_time\" content=\"2026-04-02T12:21:54+00:00\" \/>\n<meta property=\"og:image\" content=\"https:\/\/kuuloasi.fi\/wp-content\/uploads\/2025\/12\/Nowax-228x228-1.jpg\" \/>\n\t<meta property=\"og:image:width\" content=\"228\" \/>\n\t<meta property=\"og:image:height\" content=\"228\" \/>\n\t<meta property=\"og:image:type\" content=\"image\/jpeg\" \/>\n<meta name=\"twitter:card\" content=\"summary_large_image\" \/>\n<meta name=\"twitter:label1\" content=\"Ber\u00e4knad l\u00e4stid\" \/>\n\t<meta name=\"twitter:data1\" content=\"2 minuter\" \/>\n<script type=\"application\/ld+json\" class=\"yoast-schema-graph\">{\"@context\":\"https:\\\/\\\/schema.org\",\"@graph\":[{\"@type\":\"WebPage\",\"@id\":\"https:\\\/\\\/kuuloasi.fi\\\/tuote\\\/no-wax-vahasuoja\\\/\",\"url\":\"https:\\\/\\\/kuuloasi.fi\\\/tuote\\\/no-wax-vahasuoja\\\/\",\"name\":\"No-Wax vahasuoja - kuuloasi.fi\",\"isPartOf\":{\"@id\":\"https:\\\/\\\/kuuloasi.fi\\\/#website\"},\"primaryImageOfPage\":{\"@id\":\"https:\\\/\\\/kuuloasi.fi\\\/tuote\\\/no-wax-vahasuoja\\\/#primaryimage\"},\"image\":{\"@id\":\"https:\\\/\\\/kuuloasi.fi\\\/tuote\\\/no-wax-vahasuoja\\\/#primaryimage\"},\"thumbnailUrl\":\"https:\\\/\\\/kuuloasi.fi\\\/wp-content\\\/uploads\\\/2025\\\/12\\\/Nowax-228x228-1.jpg\",\"datePublished\":\"2025-12-03T14:19:03+00:00\",\"dateModified\":\"2026-04-02T12:21:54+00:00\",\"breadcrumb\":{\"@id\":\"https:\\\/\\\/kuuloasi.fi\\\/tuote\\\/no-wax-vahasuoja\\\/#breadcrumb\"},\"inLanguage\":\"sv-SE\",\"potentialAction\":[{\"@type\":\"ReadAction\",\"target\":[\"https:\\\/\\\/kuuloasi.fi\\\/tuote\\\/no-wax-vahasuoja\\\/\"]}]},{\"@type\":\"ImageObject\",\"inLanguage\":\"sv-SE\",\"@id\":\"https:\\\/\\\/kuuloasi.fi\\\/tuote\\\/no-wax-vahasuoja\\\/#primaryimage\",\"url\":\"https:\\\/\\\/kuuloasi.fi\\\/wp-content\\\/uploads\\\/2025\\\/12\\\/Nowax-228x228-1.jpg\",\"contentUrl\":\"https:\\\/\\\/kuuloasi.fi\\\/wp-content\\\/uploads\\\/2025\\\/12\\\/Nowax-228x228-1.jpg\",\"width\":228,\"height\":228},{\"@type\":\"BreadcrumbList\",\"@id\":\"https:\\\/\\\/kuuloasi.fi\\\/tuote\\\/no-wax-vahasuoja\\\/#breadcrumb\",\"itemListElement\":[{\"@type\":\"ListItem\",\"position\":1,\"name\":\"Etusivu\",\"item\":\"https:\\\/\\\/kuuloasi.fi\\\/\"},{\"@type\":\"ListItem\",\"position\":2,\"name\":\"Kauppa\",\"item\":\"https:\\\/\\\/kuuloasi.fi\\\/kauppa\\\/\"},{\"@type\":\"ListItem\",\"position\":3,\"name\":\"No-Wax vahasuoja\"}]},{\"@type\":\"WebSite\",\"@id\":\"https:\\\/\\\/kuuloasi.fi\\\/#website\",\"url\":\"https:\\\/\\\/kuuloasi.fi\\\/\",\"name\":\"kuuloasi.fi\",\"description\":\"\",\"potentialAction\":[{\"@type\":\"SearchAction\",\"target\":{\"@type\":\"EntryPoint\",\"urlTemplate\":\"https:\\\/\\\/kuuloasi.fi\\\/?s={search_term_string}\"},\"query-input\":{\"@type\":\"PropertyValueSpecification\",\"valueRequired\":true,\"valueName\":\"search_term_string\"}}],\"inLanguage\":\"sv-SE\"}]}<\/script>\n<!-- \/ Yoast SEO plugin. -->","yoast_head_json":{"title":"No-Wax vahasuoja - kuuloasi.fi","robots":{"index":"index","follow":"follow","max-snippet":"max-snippet:-1","max-image-preview":"max-image-preview:large","max-video-preview":"max-video-preview:-1"},"canonical":"https:\/\/kuuloasi.fi\/sv\/produkt\/no-wax-vahasuoja\/","og_locale":"sv_SE","og_type":"article","og_title":"No-Wax vahasuoja - kuuloasi.fi","og_description":"suojaa kuulokojeesi vahalta ja s\u00e4ilyt\u00e4 \u00e4\u00e4nenlaatu Oticon NoWax vahasuoja\u00a0on pieni valkoinen kertak\u00e4ytt\u00f6inen suodatin, joka est\u00e4\u00e4 korvak\u00e4yt\u00e4v\u00e4n vahaa ja likaa p\u00e4\u00e4sem\u00e4st\u00e4 kuulokojeen kuulokkeeseen. S\u00e4\u00e4nn\u00f6llinen vahasuojan vaihto pit\u00e4\u00e4 kuulokojeen puhtaana, est\u00e4\u00e4 \u00e4\u00e4nen heikentymist\u00e4 ja v\u00e4hent\u00e4\u00e4 tarpeettomia huoltok\u00e4yntej\u00e4. T\u00e4m\u00e4 pakkaus sis\u00e4lt\u00e4\u00e4\u00a06 kpl NoWax-vahasuodattimia\u00a0sek\u00e4 niihin tarkoitetut vaihto-ty\u00f6kalut. Vahasuojat sopivat\u00a0Oticonin ja Bernafonin korvak\u00e4yt\u00e4v\u00e4kojeisiin sek\u00e4 kuuloke korvassa oleviin malleihin (RIC, RIE, RITE).","og_url":"https:\/\/kuuloasi.fi\/sv\/produkt\/no-wax-vahasuoja\/","og_site_name":"kuuloasi.fi","article_modified_time":"2026-04-02T12:21:54+00:00","og_image":[{"width":228,"height":228,"url":"https:\/\/kuuloasi.fi\/wp-content\/uploads\/2025\/12\/Nowax-228x228-1.jpg","type":"image\/jpeg"}],"twitter_card":"summary_large_image","twitter_misc":{"Ber\u00e4knad l\u00e4stid":"2 minuter"},"schema":{"@context":"https:\/\/schema.org","@graph":[{"@type":"WebPage","@id":"https:\/\/kuuloasi.fi\/tuote\/no-wax-vahasuoja\/","url":"https:\/\/kuuloasi.fi\/tuote\/no-wax-vahasuoja\/","name":"No-Wax vahasuoja - kuuloasi.fi","isPartOf":{"@id":"https:\/\/kuuloasi.fi\/#website"},"primaryImageOfPage":{"@id":"https:\/\/kuuloasi.fi\/tuote\/no-wax-vahasuoja\/#primaryimage"},"image":{"@id":"https:\/\/kuuloasi.fi\/tuote\/no-wax-vahasuoja\/#primaryimage"},"thumbnailUrl":"https:\/\/kuuloasi.fi\/wp-content\/uploads\/2025\/12\/Nowax-228x228-1.jpg","datePublished":"2025-12-03T14:19:03+00:00","dateModified":"2026-04-02T12:21:54+00:00","breadcrumb":{"@id":"https:\/\/kuuloasi.fi\/tuote\/no-wax-vahasuoja\/#breadcrumb"},"inLanguage":"sv-SE","potentialAction":[{"@type":"ReadAction","target":["https:\/\/kuuloasi.fi\/tuote\/no-wax-vahasuoja\/"]}]},{"@type":"ImageObject","inLanguage":"sv-SE","@id":"https:\/\/kuuloasi.fi\/tuote\/no-wax-vahasuoja\/#primaryimage","url":"https:\/\/kuuloasi.fi\/wp-content\/uploads\/2025\/12\/Nowax-228x228-1.jpg","contentUrl":"https:\/\/kuuloasi.fi\/wp-content\/uploads\/2025\/12\/Nowax-228x228-1.jpg","width":228,"height":228},{"@type":"BreadcrumbList","@id":"https:\/\/kuuloasi.fi\/tuote\/no-wax-vahasuoja\/#breadcrumb","itemListElement":[{"@type":"ListItem","position":1,"name":"Etusivu","item":"https:\/\/kuuloasi.fi\/"},{"@type":"ListItem","position":2,"name":"Kauppa","item":"https:\/\/kuuloasi.fi\/kauppa\/"},{"@type":"ListItem","position":3,"name":"No-Wax vahasuoja"}]},{"@type":"WebSite","@id":"https:\/\/kuuloasi.fi\/#website","url":"https:\/\/kuuloasi.fi\/","name":"h\u00f6rsel.co.uk","description":"","potentialAction":[{"@type":"SearchAction","target":{"@type":"EntryPoint","urlTemplate":"https:\/\/kuuloasi.fi\/?s={search_term_string}"},"query-input":{"@type":"PropertyValueSpecification","valueRequired":true,"valueName":"search_term_string"}}],"inLanguage":"sv-SE"}]}},"_links":{"self":[{"href":"https:\/\/kuuloasi.fi\/sv\/wp-json\/wp\/v2\/product\/602","targetHints":{"allow":["GET"]}}],"collection":[{"href":"https:\/\/kuuloasi.fi\/sv\/wp-json\/wp\/v2\/product"}],"about":[{"href":"https:\/\/kuuloasi.fi\/sv\/wp-json\/wp\/v2\/types\/product"}],"replies":[{"embeddable":true,"href":"https:\/\/kuuloasi.fi\/sv\/wp-json\/wp\/v2\/comments?post=602"}],"wp:featuredmedia":[{"embeddable":true,"href":"https:\/\/kuuloasi.fi\/sv\/wp-json\/wp\/v2\/media\/603"}],"wp:attachment":[{"href":"https:\/\/kuuloasi.fi\/sv\/wp-json\/wp\/v2\/media?parent=602"}],"wp:term":[{"taxonomy":"product_brand","embeddable":true,"href":"https:\/\/kuuloasi.fi\/sv\/wp-json\/wp\/v2\/product_brand?post=602"},{"taxonomy":"product_cat","embeddable":true,"href":"https:\/\/kuuloasi.fi\/sv\/wp-json\/wp\/v2\/product_cat?post=602"},{"taxonomy":"product_tag","embeddable":true,"href":"https:\/\/kuuloasi.fi\/sv\/wp-json\/wp\/v2\/product_tag?post=602"}],"curies":[{"name":"wp","href":"https:\/\/api.w.org\/{rel}","templated":true}]}}