{"id":601,"date":"2025-12-03T14:18:57","date_gmt":"2025-12-03T14:18:57","guid":{"rendered":"https:\/\/kuuloasi.fi\/?post_type=product&#038;p=601"},"modified":"2026-04-14T09:11:43","modified_gmt":"2026-04-14T09:11:43","slug":"prowax-minifit-vahasuoja","status":"publish","type":"product","link":"https:\/\/kuuloasi.fi\/sv\/produkt\/prowax-minifit-vahasuoja\/","title":{"rendered":"ProWax miniFit-skydd"},"content":{"rendered":"<p><iframe title=\"Prowax vaxskydd ers\u00e4ttning f\u00f6r h\u00f6rapparater\" width=\"800\" height=\"450\" src=\"https:\/\/www.youtube.com\/embed\/WHBGzkKjkc4?feature=oembed\" frameborder=\"0\" allow=\"accelerometer; autoplay; clipboard-write; encrypted-media; gyroscope; picture-in-picture; web-share\" referrerpolicy=\"strict-origin-when-cross-origin\" allowfullscreen><\/iframe><\/p>\n<h2 tabindex=\"0\" data-end=\"701\" data-start=\"677\">Produktens egenskaper<\/h2>\n<ul data-end=\"1157\" data-start=\"703\">\n<li data-end=\"765\" data-start=\"703\">\n<p data-end=\"765\" data-start=\"705\">Hindrar \u00f6ronvax och smuts fr\u00e5n att tr\u00e4nga in i h\u00f6rapparatens k\u00e4nsliga delar<\/p>\n<\/li>\n<li data-end=\"828\" data-start=\"766\">\n<p data-end=\"828\" data-start=\"768\">F\u00f6rl\u00e4nger livsl\u00e4ngden p\u00e5 din h\u00f6rapparat och minskar behovet av underh\u00e5ll<\/p>\n<\/li>\n<li data-end=\"923\" data-start=\"829\">\n<p data-end=\"923\" data-start=\"831\">L\u00e4mplig f\u00f6r b\u00e5de\u00a0<strong data-end=\"867\" data-start=\"842\">f\u00f6r h\u00f6rselg\u00e5ngsapparater<\/strong>\u00a0till\u00a0<strong data-end=\"921\" data-start=\"873\">Modeller med h\u00f6rlurar i \u00f6rat (RIC, RIE, RITE)<\/strong><\/p>\n<\/li>\n<li data-end=\"981\" data-start=\"924\">\n<p data-end=\"981\" data-start=\"926\">Kompatibel med h\u00f6rapparater fr\u00e5n Oticon och Bernafon<\/p>\n<\/li>\n<li data-end=\"1104\" data-start=\"982\">\n<p data-end=\"1104\" data-start=\"984\">Praktiskt 6-pack: varje verktyg har ett nytt vaxskydd i ena \u00e4nden och en tom gren f\u00f6r att ta bort det gamla<\/p>\n<\/li>\n<li data-end=\"1157\" data-start=\"1105\">\n<p data-end=\"1157\" data-start=\"1107\">Snabbt och enkelt att byta ut sj\u00e4lv utan servicebes\u00f6k<\/p>\n<\/li>\n<\/ul>\n<h2 tabindex=\"0\" data-end=\"1181\" data-start=\"1164\"><\/h2>\n<h2 tabindex=\"0\" data-end=\"1181\" data-start=\"1164\">Kompatibilitet<\/h2>\n<ul data-end=\"1304\" data-start=\"1183\">\n<li data-end=\"1242\" data-start=\"1183\">\n<p data-end=\"1242\" data-start=\"1185\"><strong data-end=\"1195\" data-start=\"1185\">Oticon<\/strong>\u00a0h\u00f6rapparater (med miniFit ProWax-system)<\/p>\n<\/li>\n<li data-end=\"1304\" data-start=\"1243\">\n<p data-end=\"1304\" data-start=\"1245\"><strong data-end=\"1257\" data-start=\"1245\">Bernafon<\/strong>\u00a0h\u00f6rapparater (med miniFit ProWax-system)<\/p>\n<\/li>\n<\/ul>\n<h2 tabindex=\"0\" data-end=\"1332\" data-start=\"1311\"><\/h2>\n<h2 tabindex=\"0\" data-end=\"1332\" data-start=\"1311\">F\u00f6rnyad f\u00f6rpackning<\/h2>\n<p data-end=\"1572\" data-start=\"1334\">Fr\u00e5n och med mars 2025 kommer Oticon ProWax miniFit kit att ers\u00e4ttas med ett mer milj\u00f6v\u00e4nligt design- och utbytesverktyg.\u00a0<strong data-end=\"1527\" data-start=\"1467\">Sj\u00e4lva vaxskydden \u00e4r identiska och kompatibla<\/strong>\u00a0- endast f\u00f6rpackningen och verktyget har \u00e4ndrats.<\/p>\n<p data-end=\"1746\" data-start=\"1574\">Det datum som anges p\u00e5 f\u00f6rpackningen \u00e4r tillverkningsdatumet. Vaxskydd kan anv\u00e4ndas i flera \u00e5r efter tillverkningen f\u00f6rutsatt att de f\u00f6rvaras i sin egen f\u00f6rslutna f\u00f6rpackning.<\/p>\n<h2 tabindex=\"0\" data-end=\"1786\" data-start=\"1753\"><\/h2>\n<h2 tabindex=\"0\" data-end=\"1786\" data-start=\"1753\">Varf\u00f6r ska vaxskyddet bytas ut?<\/h2>\n<p data-end=\"2066\" data-start=\"1788\">H\u00f6rselg\u00e5ngen uts\u00f6ndrar alltid vax, som med tiden kan t\u00e4ppa till h\u00f6rapparaten. Detta leder till f\u00f6rs\u00e4mrat ljud, f\u00f6rvr\u00e4ngning eller att ljudet helt st\u00e4ngs av.\u00a0<strong data-end=\"2002\" data-start=\"1944\">Tillt\u00e4ppt vaxskydd \u00e4r det vanligaste problemet med h\u00f6rapparater<\/strong>, men detta kan enkelt f\u00f6rhindras genom att du sj\u00e4lv byter ut vaxskyddet.<\/p>\n<h2 tabindex=\"0\" data-end=\"2087\" data-start=\"2073\"><\/h2>\n<h2 tabindex=\"0\" data-end=\"2087\" data-start=\"2073\">Guide f\u00f6r utbyte<\/h2>\n<ol data-end=\"2502\" data-start=\"2089\">\n<li data-end=\"2127\" data-start=\"2089\">\n<p data-end=\"2127\" data-start=\"2092\">Ta ut ett verktyg ur f\u00f6rpackningen.<\/p>\n<\/li>\n<li data-end=\"2246\" data-start=\"2128\">\n<p data-end=\"2246\" data-start=\"2131\">Verktyget har tv\u00e5 grenar:\u00a0<strong data-end=\"2174\" data-start=\"2159\">tom gren<\/strong>\u00a0ta bort det gamla vaxskyddet, och\u00a0<strong data-end=\"2227\" data-start=\"2209\">ny vaxvakt<\/strong>\u00a0i andra \u00e4nden.<\/p>\n<\/li>\n<li data-end=\"2328\" data-start=\"2247\">\n<p data-end=\"2328\" data-start=\"2250\">Tryck in den tomma grenen i det gamla vaxskyddet i h\u00f6rapparaten och dra ut den.<\/p>\n<\/li>\n<li data-end=\"2412\" data-start=\"2329\">\n<p data-end=\"2412\" data-start=\"2332\">S\u00e4tt i det nya vaxskyddet i h\u00f6rapparaten genom att trycka in den andra \u00e4nden av verktyget.<\/p>\n<\/li>\n<li data-end=\"2502\" data-start=\"2413\">\n<p data-end=\"2502\" data-start=\"2416\">Ta bort verktyget och kasta det f\u00f6r att undvika att blanda ihop anv\u00e4nt och nytt vaxskydd.<\/p>\n<\/li>\n<\/ol>\n<h2 tabindex=\"0\" data-end=\"2550\" data-start=\"2509\"><\/h2>\n<h2 tabindex=\"0\" data-end=\"2550\" data-start=\"2509\">Hur ofta b\u00f6r vaxskyddet bytas ut?<\/h2>\n<ul data-end=\"2868\" data-start=\"2552\">\n<li data-end=\"2649\" data-start=\"2552\">\n<p data-end=\"2649\" data-start=\"2554\">Vi rekommenderar byte\u00a0<strong data-end=\"2608\" data-start=\"2576\">minst en g\u00e5ng i m\u00e5naden<\/strong>\u00a0eller oftare om det finns mycket vaxansamlingar.<\/p>\n<\/li>\n<li data-end=\"2752\" data-start=\"2650\">\n<p data-end=\"2752\" data-start=\"2652\">Byt omedelbart ut vaxskyddet om h\u00f6rapparatens ljud blir svagare, onormalt eller f\u00f6rsvinner.<\/p>\n<\/li>\n<li data-end=\"2868\" data-start=\"2753\">\n<p data-end=\"2868\" data-start=\"2755\">Vaxskyddet beh\u00f6ver inte reng\u00f6ras, men du kan f\u00f6rsiktigt borsta av den l\u00f6sa folien, t.ex. med en reng\u00f6ringsborste fr\u00e5n Multitool.<\/p>\n<\/li>\n<\/ul>\n<h2 tabindex=\"0\" data-end=\"2888\" data-start=\"2875\"><\/h2>\n<h2 tabindex=\"0\" data-end=\"2888\" data-start=\"2875\">Sammanfattning<\/h2>\n<p data-end=\"3119\" data-start=\"2890\"><strong data-end=\"2925\" data-start=\"2890\">Oticon ProWax miniFit vaxskydd<\/strong>\u00a0\u00e4r en l\u00e4ttanv\u00e4nd och p\u00e5litlig l\u00f6sning f\u00f6r att skydda dina h\u00f6rapparater fr\u00e5n \u00f6ronvax. Det h\u00e5ller h\u00f6rapparaterna i gott skick, minskar behovet av underh\u00e5ll och s\u00e4kerst\u00e4ller b\u00e4sta m\u00f6jliga ljudkvalitet.<\/p>","protected":false},"excerpt":{"rendered":"<p><strong data-end=\"316\" data-start=\"237\">skydda dina h\u00f6rapparater och bevara ljudkvaliteten<\/strong><\/p>\n<p data-end=\"576\" data-start=\"318\"><strong data-end=\"353\" data-start=\"318\">Oticon ProWax miniFit vaxskydd<\/strong>\u00a0\u00e4r en liten men viktig h\u00f6rapparat som skyddar h\u00f6rselg\u00e5ngen fr\u00e5n blockeringar av \u00f6ronvax och smuts. Genom att regelbundet byta ut den s\u00e4kerst\u00e4ller du att dina h\u00f6rapparater fungerar tillf\u00f6rlitligt och att ljudkvaliteten f\u00f6rblir klar.<\/p>\n<p data-end=\"670\" data-start=\"578\">Paketet inneh\u00e5ller\u00a0<strong data-end=\"632\" data-start=\"595\">6 vaxfilter f\u00f6r eng\u00e5ngsbruk<\/strong>\u00a0och l\u00e4ttanv\u00e4nda utbytesverktyg.<\/p>","protected":false},"featured_media":598,"comment_status":"closed","ping_status":"closed","template":"","meta":{"_acf_changed":false},"product_brand":[],"product_cat":[70,22],"product_tag":[90,79],"class_list":{"0":"post-601","1":"product","2":"type-product","3":"status-publish","4":"has-post-thumbnail","6":"product_cat-oticon","7":"product_cat-varaosat","8":"product_tag-oticon","9":"product_tag-vahasuoja","11":"first","12":"instock","13":"taxable","14":"shipping-taxable","15":"purchasable","16":"product-type-simple"},"acf":[],"yoast_head":"<!-- This site is optimized with the Yoast SEO plugin v27.4 - https:\/\/yoast.com\/product\/yoast-seo-wordpress\/ -->\n<title>ProWax miniFit-vahasuoja - kuuloasi.fi<\/title>\n<meta name=\"robots\" content=\"index, follow, max-snippet:-1, max-image-preview:large, max-video-preview:-1\" \/>\n<link rel=\"canonical\" href=\"https:\/\/kuuloasi.fi\/sv\/produkt\/prowax-minifit-vahasuoja\/\" \/>\n<meta property=\"og:locale\" content=\"sv_SE\" \/>\n<meta property=\"og:type\" content=\"article\" \/>\n<meta property=\"og:title\" content=\"ProWax miniFit-vahasuoja - kuuloasi.fi\" \/>\n<meta property=\"og:description\" content=\"suojaa kuulokojeesi ja s\u00e4ilyt\u00e4 \u00e4\u00e4nenlaatu Oticon ProWax miniFit vahasuoja\u00a0on pieni mutta t\u00e4rke\u00e4 kuulotarvike, joka suojaa kuulokojetta korvavahan ja lian aiheuttamilta tukkeutumisilta. S\u00e4\u00e4nn\u00f6llisesti vaihdettuna se varmistaa, ett\u00e4 kuulokojeesi toimii luotettavasti ja \u00e4\u00e4nenlaatu pysyy selke\u00e4n\u00e4. Pakkaus sis\u00e4lt\u00e4\u00e4\u00a06 kertak\u00e4ytt\u00f6ist\u00e4 vahasuodattinta\u00a0ja helppok\u00e4ytt\u00f6iset vaihtoty\u00f6kalut.\" \/>\n<meta property=\"og:url\" content=\"https:\/\/kuuloasi.fi\/sv\/produkt\/prowax-minifit-vahasuoja\/\" \/>\n<meta property=\"og:site_name\" content=\"kuuloasi.fi\" \/>\n<meta property=\"article:modified_time\" content=\"2026-04-14T09:11:43+00:00\" \/>\n<meta property=\"og:image\" content=\"https:\/\/kuuloasi.fi\/wp-content\/uploads\/2025\/12\/Oticon-ProWax-Minifit.jpg\" \/>\n\t<meta property=\"og:image:width\" content=\"750\" \/>\n\t<meta property=\"og:image:height\" content=\"750\" \/>\n\t<meta property=\"og:image:type\" content=\"image\/jpeg\" \/>\n<meta name=\"twitter:card\" content=\"summary_large_image\" \/>\n<meta name=\"twitter:label1\" content=\"Ber\u00e4knad l\u00e4stid\" \/>\n\t<meta name=\"twitter:data1\" content=\"2 minuter\" \/>\n<script type=\"application\/ld+json\" class=\"yoast-schema-graph\">{\"@context\":\"https:\\\/\\\/schema.org\",\"@graph\":[{\"@type\":\"WebPage\",\"@id\":\"https:\\\/\\\/kuuloasi.fi\\\/tuote\\\/prowax-minifit-vahasuoja\\\/\",\"url\":\"https:\\\/\\\/kuuloasi.fi\\\/tuote\\\/prowax-minifit-vahasuoja\\\/\",\"name\":\"ProWax miniFit-vahasuoja - kuuloasi.fi\",\"isPartOf\":{\"@id\":\"https:\\\/\\\/kuuloasi.fi\\\/#website\"},\"primaryImageOfPage\":{\"@id\":\"https:\\\/\\\/kuuloasi.fi\\\/tuote\\\/prowax-minifit-vahasuoja\\\/#primaryimage\"},\"image\":{\"@id\":\"https:\\\/\\\/kuuloasi.fi\\\/tuote\\\/prowax-minifit-vahasuoja\\\/#primaryimage\"},\"thumbnailUrl\":\"https:\\\/\\\/kuuloasi.fi\\\/wp-content\\\/uploads\\\/2025\\\/12\\\/Oticon-ProWax-Minifit.jpg\",\"datePublished\":\"2025-12-03T14:18:57+00:00\",\"dateModified\":\"2026-04-14T09:11:43+00:00\",\"breadcrumb\":{\"@id\":\"https:\\\/\\\/kuuloasi.fi\\\/tuote\\\/prowax-minifit-vahasuoja\\\/#breadcrumb\"},\"inLanguage\":\"sv-SE\",\"potentialAction\":[{\"@type\":\"ReadAction\",\"target\":[\"https:\\\/\\\/kuuloasi.fi\\\/tuote\\\/prowax-minifit-vahasuoja\\\/\"]}]},{\"@type\":\"ImageObject\",\"inLanguage\":\"sv-SE\",\"@id\":\"https:\\\/\\\/kuuloasi.fi\\\/tuote\\\/prowax-minifit-vahasuoja\\\/#primaryimage\",\"url\":\"https:\\\/\\\/kuuloasi.fi\\\/wp-content\\\/uploads\\\/2025\\\/12\\\/Oticon-ProWax-Minifit.jpg\",\"contentUrl\":\"https:\\\/\\\/kuuloasi.fi\\\/wp-content\\\/uploads\\\/2025\\\/12\\\/Oticon-ProWax-Minifit.jpg\",\"width\":750,\"height\":750},{\"@type\":\"BreadcrumbList\",\"@id\":\"https:\\\/\\\/kuuloasi.fi\\\/tuote\\\/prowax-minifit-vahasuoja\\\/#breadcrumb\",\"itemListElement\":[{\"@type\":\"ListItem\",\"position\":1,\"name\":\"Etusivu\",\"item\":\"https:\\\/\\\/kuuloasi.fi\\\/\"},{\"@type\":\"ListItem\",\"position\":2,\"name\":\"Kauppa\",\"item\":\"https:\\\/\\\/kuuloasi.fi\\\/kauppa\\\/\"},{\"@type\":\"ListItem\",\"position\":3,\"name\":\"ProWax miniFit-vahasuoja\"}]},{\"@type\":\"WebSite\",\"@id\":\"https:\\\/\\\/kuuloasi.fi\\\/#website\",\"url\":\"https:\\\/\\\/kuuloasi.fi\\\/\",\"name\":\"kuuloasi.fi\",\"description\":\"\",\"potentialAction\":[{\"@type\":\"SearchAction\",\"target\":{\"@type\":\"EntryPoint\",\"urlTemplate\":\"https:\\\/\\\/kuuloasi.fi\\\/?s={search_term_string}\"},\"query-input\":{\"@type\":\"PropertyValueSpecification\",\"valueRequired\":true,\"valueName\":\"search_term_string\"}}],\"inLanguage\":\"sv-SE\"}]}<\/script>\n<!-- \/ Yoast SEO plugin. -->","yoast_head_json":{"title":"ProWax miniFit-vahasuoja - kuuloasi.fi","robots":{"index":"index","follow":"follow","max-snippet":"max-snippet:-1","max-image-preview":"max-image-preview:large","max-video-preview":"max-video-preview:-1"},"canonical":"https:\/\/kuuloasi.fi\/sv\/produkt\/prowax-minifit-vahasuoja\/","og_locale":"sv_SE","og_type":"article","og_title":"ProWax miniFit-vahasuoja - kuuloasi.fi","og_description":"suojaa kuulokojeesi ja s\u00e4ilyt\u00e4 \u00e4\u00e4nenlaatu Oticon ProWax miniFit vahasuoja\u00a0on pieni mutta t\u00e4rke\u00e4 kuulotarvike, joka suojaa kuulokojetta korvavahan ja lian aiheuttamilta tukkeutumisilta. S\u00e4\u00e4nn\u00f6llisesti vaihdettuna se varmistaa, ett\u00e4 kuulokojeesi toimii luotettavasti ja \u00e4\u00e4nenlaatu pysyy selke\u00e4n\u00e4. Pakkaus sis\u00e4lt\u00e4\u00e4\u00a06 kertak\u00e4ytt\u00f6ist\u00e4 vahasuodattinta\u00a0ja helppok\u00e4ytt\u00f6iset vaihtoty\u00f6kalut.","og_url":"https:\/\/kuuloasi.fi\/sv\/produkt\/prowax-minifit-vahasuoja\/","og_site_name":"kuuloasi.fi","article_modified_time":"2026-04-14T09:11:43+00:00","og_image":[{"width":750,"height":750,"url":"https:\/\/kuuloasi.fi\/wp-content\/uploads\/2025\/12\/Oticon-ProWax-Minifit.jpg","type":"image\/jpeg"}],"twitter_card":"summary_large_image","twitter_misc":{"Ber\u00e4knad l\u00e4stid":"2 minuter"},"schema":{"@context":"https:\/\/schema.org","@graph":[{"@type":"WebPage","@id":"https:\/\/kuuloasi.fi\/tuote\/prowax-minifit-vahasuoja\/","url":"https:\/\/kuuloasi.fi\/tuote\/prowax-minifit-vahasuoja\/","name":"ProWax miniFit-vahasuoja - kuuloasi.fi","isPartOf":{"@id":"https:\/\/kuuloasi.fi\/#website"},"primaryImageOfPage":{"@id":"https:\/\/kuuloasi.fi\/tuote\/prowax-minifit-vahasuoja\/#primaryimage"},"image":{"@id":"https:\/\/kuuloasi.fi\/tuote\/prowax-minifit-vahasuoja\/#primaryimage"},"thumbnailUrl":"https:\/\/kuuloasi.fi\/wp-content\/uploads\/2025\/12\/Oticon-ProWax-Minifit.jpg","datePublished":"2025-12-03T14:18:57+00:00","dateModified":"2026-04-14T09:11:43+00:00","breadcrumb":{"@id":"https:\/\/kuuloasi.fi\/tuote\/prowax-minifit-vahasuoja\/#breadcrumb"},"inLanguage":"sv-SE","potentialAction":[{"@type":"ReadAction","target":["https:\/\/kuuloasi.fi\/tuote\/prowax-minifit-vahasuoja\/"]}]},{"@type":"ImageObject","inLanguage":"sv-SE","@id":"https:\/\/kuuloasi.fi\/tuote\/prowax-minifit-vahasuoja\/#primaryimage","url":"https:\/\/kuuloasi.fi\/wp-content\/uploads\/2025\/12\/Oticon-ProWax-Minifit.jpg","contentUrl":"https:\/\/kuuloasi.fi\/wp-content\/uploads\/2025\/12\/Oticon-ProWax-Minifit.jpg","width":750,"height":750},{"@type":"BreadcrumbList","@id":"https:\/\/kuuloasi.fi\/tuote\/prowax-minifit-vahasuoja\/#breadcrumb","itemListElement":[{"@type":"ListItem","position":1,"name":"Etusivu","item":"https:\/\/kuuloasi.fi\/"},{"@type":"ListItem","position":2,"name":"Kauppa","item":"https:\/\/kuuloasi.fi\/kauppa\/"},{"@type":"ListItem","position":3,"name":"ProWax miniFit-vahasuoja"}]},{"@type":"WebSite","@id":"https:\/\/kuuloasi.fi\/#website","url":"https:\/\/kuuloasi.fi\/","name":"h\u00f6rsel.co.uk","description":"","potentialAction":[{"@type":"SearchAction","target":{"@type":"EntryPoint","urlTemplate":"https:\/\/kuuloasi.fi\/?s={search_term_string}"},"query-input":{"@type":"PropertyValueSpecification","valueRequired":true,"valueName":"search_term_string"}}],"inLanguage":"sv-SE"}]}},"_links":{"self":[{"href":"https:\/\/kuuloasi.fi\/sv\/wp-json\/wp\/v2\/product\/601","targetHints":{"allow":["GET"]}}],"collection":[{"href":"https:\/\/kuuloasi.fi\/sv\/wp-json\/wp\/v2\/product"}],"about":[{"href":"https:\/\/kuuloasi.fi\/sv\/wp-json\/wp\/v2\/types\/product"}],"replies":[{"embeddable":true,"href":"https:\/\/kuuloasi.fi\/sv\/wp-json\/wp\/v2\/comments?post=601"}],"wp:featuredmedia":[{"embeddable":true,"href":"https:\/\/kuuloasi.fi\/sv\/wp-json\/wp\/v2\/media\/598"}],"wp:attachment":[{"href":"https:\/\/kuuloasi.fi\/sv\/wp-json\/wp\/v2\/media?parent=601"}],"wp:term":[{"taxonomy":"product_brand","embeddable":true,"href":"https:\/\/kuuloasi.fi\/sv\/wp-json\/wp\/v2\/product_brand?post=601"},{"taxonomy":"product_cat","embeddable":true,"href":"https:\/\/kuuloasi.fi\/sv\/wp-json\/wp\/v2\/product_cat?post=601"},{"taxonomy":"product_tag","embeddable":true,"href":"https:\/\/kuuloasi.fi\/sv\/wp-json\/wp\/v2\/product_tag?post=601"}],"curies":[{"name":"wp","href":"https:\/\/api.w.org\/{rel}","templated":true}]}}