{"id":597,"date":"2025-12-03T14:16:13","date_gmt":"2025-12-03T14:16:13","guid":{"rendered":"https:\/\/kuuloasi.fi\/?post_type=product&#038;p=597"},"modified":"2026-04-05T11:28:23","modified_gmt":"2026-04-05T11:28:23","slug":"prowax-vahasuoja","status":"publish","type":"product","link":"https:\/\/kuuloasi.fi\/sv\/produkt\/prowax-vahasuoja\/","title":{"rendered":"ProWax vaxskydd"},"content":{"rendered":"<p><iframe title=\"Prowax vaxskydd ers\u00e4ttning f\u00f6r h\u00f6rapparater\" width=\"800\" height=\"450\" src=\"https:\/\/www.youtube.com\/embed\/WHBGzkKjkc4?feature=oembed\" frameborder=\"0\" allow=\"accelerometer; autoplay; clipboard-write; encrypted-media; gyroscope; picture-in-picture; web-share\" referrerpolicy=\"strict-origin-when-cross-origin\" allowfullscreen><\/iframe><\/p>\n<h2 tabindex=\"0\" data-end=\"654\" data-start=\"630\">Produktens egenskaper<\/h2>\n<ul data-end=\"1026\" data-start=\"656\">\n<li data-end=\"710\" data-start=\"656\">\n<p data-end=\"710\" data-start=\"658\">Hindrar \u00f6ronvax fr\u00e5n att tr\u00e4nga in i h\u00f6rapparatens k\u00e4nsliga delar<\/p>\n<\/li>\n<li data-end=\"816\" data-start=\"711\">\n<p data-end=\"816\" data-start=\"713\">Kompatibel med b\u00e5de\u00a0<strong data-end=\"755\" data-start=\"731\">h\u00f6rselg\u00e5ngsapparater<\/strong>\u00a0till\u00a0<strong data-end=\"807\" data-start=\"761\">h\u00f6rlurar i \u00f6rat modeller (RIC, RIE, RITE)<\/strong>\u00a0med<\/p>\n<\/li>\n<li data-end=\"865\" data-start=\"817\">\n<p data-end=\"865\" data-start=\"819\">L\u00e4mplig f\u00f6r\u00a0<strong data-end=\"863\" data-start=\"825\">F\u00f6r h\u00f6rapparater fr\u00e5n Oticon och Bernafon<\/strong><\/p>\n<\/li>\n<li data-end=\"988\" data-start=\"866\">\n<p data-end=\"988\" data-start=\"868\">Praktiskt 6-pack: varje verktyg har ett nytt vaxskydd i ena \u00e4nden och en tom gren f\u00f6r att ta bort det gamla<\/p>\n<\/li>\n<li data-end=\"1026\" data-start=\"989\">\n<p data-end=\"1026\" data-start=\"991\">L\u00e4tt att fixa och byta ut sj\u00e4lv<\/p>\n<\/li>\n<\/ul>\n<h2 tabindex=\"0\" data-end=\"1050\" data-start=\"1033\"><\/h2>\n<h2 tabindex=\"0\" data-end=\"1050\" data-start=\"1033\">Kompatibilitet<\/h2>\n<ul data-end=\"1241\" data-start=\"1052\">\n<li data-end=\"1145\" data-start=\"1052\">\n<p data-end=\"1145\" data-start=\"1054\"><strong data-end=\"1076\" data-start=\"1054\">Oticon h\u00f6rapparater<\/strong>\u00a0(h\u00f6rselg\u00e5ngsapparater och RIC-modeller med ProWax-skydd)<\/p>\n<\/li>\n<li data-end=\"1241\" data-start=\"1146\">\n<p data-end=\"1241\" data-start=\"1148\"><strong data-end=\"1172\" data-start=\"1148\">Bernafons h\u00f6rapparater<\/strong>\u00a0(h\u00f6rselg\u00e5ngsapparater och RIC-modeller med ProWax-skydd)<\/p>\n<\/li>\n<\/ul>\n<h2 tabindex=\"0\" data-end=\"1271\" data-start=\"1248\"><\/h2>\n<h2 tabindex=\"0\" data-end=\"1271\" data-start=\"1248\">F\u00f6rpackning och livsl\u00e4ngd<\/h2>\n<ul data-end=\"1585\" data-start=\"1273\">\n<li data-end=\"1317\" data-start=\"1273\">\n<p data-end=\"1317\" data-start=\"1275\"><strong data-end=\"1295\" data-start=\"1275\">6 st vaxskydd<\/strong>\u00a0och 6 utbytesverktyg<\/p>\n<\/li>\n<li data-end=\"1425\" data-start=\"1318\">\n<p data-end=\"1425\" data-start=\"1320\">Observera! Oticon ProWax-f\u00f6rpackningen har f\u00e5tt en ny design, men produkten \u00e4r exakt densamma och fungerar som vanligt.<\/p>\n<\/li>\n<li data-end=\"1585\" data-start=\"1426\">\n<p data-end=\"1585\" data-start=\"1428\">Det datum som anges p\u00e5 f\u00f6rpackningen \u00e4r tillverkningsdatumet. Vaxskydd kan anv\u00e4ndas i flera \u00e5r efter tillverkningen, f\u00f6rutsatt att de f\u00f6rvaras i sin egen f\u00f6rpackning.<\/p>\n<\/li>\n<\/ul>\n<h2 tabindex=\"0\" data-end=\"1625\" data-start=\"1592\"><\/h2>\n<h2 tabindex=\"0\" data-end=\"1625\" data-start=\"1592\">Varf\u00f6r ska vaxskyddet bytas ut?<\/h2>\n<p data-end=\"1847\" data-start=\"1627\">I h\u00f6rselg\u00e5ngen bildas vax som kan blockera h\u00f6rapparatens \u00f6ronsn\u00e4cka. Detta \u00e4r den vanligaste orsaken till att h\u00f6rapparaten inte fungerar som den ska. En blockerad vaxt\u00e4tning kan orsaka ljudf\u00f6rlust, f\u00f6rvr\u00e4ngning eller st\u00e4nga av ljudet i apparaten.<\/p>\n<p data-end=\"1892\" data-start=\"1849\">Regelbundet byte av vaxskyddet s\u00e4kerst\u00e4ller detta:<\/p>\n<ul data-end=\"1996\" data-start=\"1893\">\n<li data-end=\"1928\" data-start=\"1893\">\n<p data-end=\"1928\" data-start=\"1895\">H\u00f6rapparater f\u00f6r b\u00e4sta ljudkvalitet<\/p>\n<\/li>\n<li data-end=\"1957\" data-start=\"1929\">\n<p data-end=\"1957\" data-start=\"1931\">Enhetens livsl\u00e4ngd<\/p>\n<\/li>\n<li data-end=\"1996\" data-start=\"1958\">\n<p data-end=\"1996\" data-start=\"1960\">Minskat behov av servicebes\u00f6k<\/p>\n<\/li>\n<\/ul>\n<h2 tabindex=\"0\" data-end=\"2017\" data-start=\"2003\"><\/h2>\n<h2 tabindex=\"0\" data-end=\"2017\" data-start=\"2003\">Guide f\u00f6r utbyte<\/h2>\n<ol data-end=\"2442\" data-start=\"2019\">\n<li data-end=\"2057\" data-start=\"2019\">\n<p data-end=\"2057\" data-start=\"2022\">Ta ut ett verktyg ur f\u00f6rpackningen.<\/p>\n<\/li>\n<li data-end=\"2173\" data-start=\"2058\">\n<p data-end=\"2173\" data-start=\"2061\">Verktyget har tv\u00e5 huvuden:\u00a0<strong data-end=\"2101\" data-start=\"2088\">tomt huvud<\/strong>\u00a0ta bort det gamla vaxskyddet, och\u00a0<strong data-end=\"2154\" data-start=\"2136\">ny vaxvakt<\/strong>\u00a0i andra \u00e4nden.<\/p>\n<\/li>\n<li data-end=\"2253\" data-start=\"2174\">\n<p data-end=\"2253\" data-start=\"2177\">Tryck in den tomma \u00e4nden i det gamla vaxskyddet i h\u00f6rapparaten och dra ut den.<\/p>\n<\/li>\n<li data-end=\"2337\" data-start=\"2254\">\n<p data-end=\"2337\" data-start=\"2257\">S\u00e4tt i det nya vaxskyddet i h\u00f6rapparaten genom att trycka in den andra \u00e4nden av verktyget.<\/p>\n<\/li>\n<li data-end=\"2442\" data-start=\"2338\">\n<p data-end=\"2442\" data-start=\"2341\">Ta bort verktyget och kasta det efter anv\u00e4ndning f\u00f6r att undvika att blanda anv\u00e4nda och nya vaxskydd.<\/p>\n<\/li>\n<\/ol>\n<p data-end=\"2488\" data-start=\"2444\">Se \u00e4ven instruktionsvideon om hur man byter ut vaxskyddet.<\/p>\n<h2 tabindex=\"0\" data-end=\"2536\" data-start=\"2495\"><\/h2>\n<h2 tabindex=\"0\" data-end=\"2536\" data-start=\"2495\">Hur ofta b\u00f6r vaxskyddet bytas ut?<\/h2>\n<ul data-end=\"2829\" data-start=\"2538\">\n<li data-end=\"2615\" data-start=\"2538\">\n<p data-end=\"2615\" data-start=\"2540\"><strong data-end=\"2572\" data-start=\"2540\">Minst en g\u00e5ng i m\u00e5naden<\/strong>\u00a0eller oftare om det finns mycket vaxuppbyggnad<\/p>\n<\/li>\n<li data-end=\"2693\" data-start=\"2616\">\n<p data-end=\"2693\" data-start=\"2618\">Byt omedelbart ut om ljudet fr\u00e5n h\u00f6rapparaten blir svagare, f\u00f6rvr\u00e4ngs eller f\u00f6rsvinner<\/p>\n<\/li>\n<li data-end=\"2829\" data-start=\"2694\">\n<p data-end=\"2829\" data-start=\"2696\">Vaxskyddet reng\u00f6rs normalt inte, men du kan f\u00f6rsiktigt torka bort det som lossnat, t.ex. med en reng\u00f6ringsborste (t.ex. Multitool eller Cedis).<\/p>\n<\/li>\n<\/ul>\n<h2 tabindex=\"0\" data-end=\"2849\" data-start=\"2836\"><\/h2>\n<h2 tabindex=\"0\" data-end=\"2849\" data-start=\"2836\">Sammanfattning<\/h2>\n<p data-end=\"3107\" data-start=\"2851\"><strong data-end=\"2878\" data-start=\"2851\">Oticon ProWax vaxskydd<\/strong>\u00a0h\u00e5ller dina h\u00f6rapparater ig\u00e5ng och ger ett klart ljud genom att skydda dem fr\u00e5n blockeringar av \u00f6ronvax. Enkel att anv\u00e4nda, kompatibel med h\u00f6rapparater fr\u00e5n Oticon och Bernafon och finns i en praktisk f\u00f6rpackning med 6 delar.<\/p>","protected":false},"excerpt":{"rendered":"<p><strong data-end=\"317\" data-start=\"252\">skyddar dina h\u00f6rapparater fr\u00e5n igens\u00e4ttning<\/strong><\/p>\n<p data-end=\"527\" data-start=\"319\"><strong data-end=\"346\" data-start=\"319\">Oticon ProWax vaxskydd<\/strong>\u00a0\u00e4r en liten men viktig del av h\u00f6rapparatens underh\u00e5ll. Det f\u00f6rhindrar att \u00f6ronvax och smuts kommer in i h\u00f6rapparatens \u00f6ronstycke och hj\u00e4lper till att h\u00e5lla apparaten i funktionsdugligt skick och ljudkvaliteten klar.<\/p>\n<p data-end=\"623\" data-start=\"529\">Paketet inneh\u00e5ller\u00a0<strong data-end=\"583\" data-start=\"546\">6 vaxfilter f\u00f6r eng\u00e5ngsbruk<\/strong>\u00a0och l\u00e4ttanv\u00e4nda utbytesverktyg.<\/p>","protected":false},"featured_media":600,"comment_status":"closed","ping_status":"closed","template":"","meta":{"_acf_changed":false},"product_brand":[],"product_cat":[70,22],"product_tag":[90,79],"class_list":{"0":"post-597","1":"product","2":"type-product","3":"status-publish","4":"has-post-thumbnail","6":"product_cat-oticon","7":"product_cat-varaosat","8":"product_tag-oticon","9":"product_tag-vahasuoja","11":"first","12":"instock","13":"taxable","14":"shipping-taxable","15":"purchasable","16":"product-type-simple"},"acf":[],"yoast_head":"<!-- This site is optimized with the Yoast SEO plugin v27.4 - https:\/\/yoast.com\/product\/yoast-seo-wordpress\/ -->\n<title>ProWax-vahasuoja - kuuloasi.fi<\/title>\n<meta name=\"robots\" content=\"index, follow, max-snippet:-1, max-image-preview:large, max-video-preview:-1\" \/>\n<link rel=\"canonical\" href=\"https:\/\/kuuloasi.fi\/sv\/produkt\/prowax-vahasuoja\/\" \/>\n<meta property=\"og:locale\" content=\"sv_SE\" \/>\n<meta property=\"og:type\" content=\"article\" \/>\n<meta property=\"og:title\" content=\"ProWax-vahasuoja - kuuloasi.fi\" \/>\n<meta property=\"og:description\" content=\"suojaa kuulokojeesi tukkeutumiselta Oticon ProWax vahasuoja\u00a0on pieni mutta t\u00e4rke\u00e4 osa kuulokojeen huoltoa. Se est\u00e4\u00e4 korvavahan ja lian p\u00e4\u00e4syn kuulokojeen kuulokkeeseen ja auttaa pit\u00e4m\u00e4\u00e4n laitteen toimintakunnossa ja \u00e4\u00e4nenlaadun kirkkaana. Pakkaus sis\u00e4lt\u00e4\u00e4\u00a06 kertak\u00e4ytt\u00f6ist\u00e4 vahasuodattinta\u00a0sek\u00e4 helppok\u00e4ytt\u00f6iset vaihtoty\u00f6kalut.\" \/>\n<meta property=\"og:url\" content=\"https:\/\/kuuloasi.fi\/sv\/produkt\/prowax-vahasuoja\/\" \/>\n<meta property=\"og:site_name\" content=\"kuuloasi.fi\" \/>\n<meta property=\"article:modified_time\" content=\"2026-04-05T11:28:23+00:00\" \/>\n<meta property=\"og:image\" content=\"https:\/\/kuuloasi.fi\/wp-content\/uploads\/2025\/12\/prowax-228x228-1.jpg\" \/>\n\t<meta property=\"og:image:width\" content=\"228\" \/>\n\t<meta property=\"og:image:height\" content=\"228\" \/>\n\t<meta property=\"og:image:type\" content=\"image\/jpeg\" \/>\n<meta name=\"twitter:card\" content=\"summary_large_image\" \/>\n<meta name=\"twitter:label1\" content=\"Ber\u00e4knad l\u00e4stid\" \/>\n\t<meta name=\"twitter:data1\" content=\"2 minuter\" \/>\n<script type=\"application\/ld+json\" class=\"yoast-schema-graph\">{\"@context\":\"https:\\\/\\\/schema.org\",\"@graph\":[{\"@type\":\"WebPage\",\"@id\":\"https:\\\/\\\/kuuloasi.fi\\\/tuote\\\/prowax-vahasuoja\\\/\",\"url\":\"https:\\\/\\\/kuuloasi.fi\\\/tuote\\\/prowax-vahasuoja\\\/\",\"name\":\"ProWax-vahasuoja - kuuloasi.fi\",\"isPartOf\":{\"@id\":\"https:\\\/\\\/kuuloasi.fi\\\/#website\"},\"primaryImageOfPage\":{\"@id\":\"https:\\\/\\\/kuuloasi.fi\\\/tuote\\\/prowax-vahasuoja\\\/#primaryimage\"},\"image\":{\"@id\":\"https:\\\/\\\/kuuloasi.fi\\\/tuote\\\/prowax-vahasuoja\\\/#primaryimage\"},\"thumbnailUrl\":\"https:\\\/\\\/kuuloasi.fi\\\/wp-content\\\/uploads\\\/2025\\\/12\\\/prowax-228x228-1.jpg\",\"datePublished\":\"2025-12-03T14:16:13+00:00\",\"dateModified\":\"2026-04-05T11:28:23+00:00\",\"breadcrumb\":{\"@id\":\"https:\\\/\\\/kuuloasi.fi\\\/tuote\\\/prowax-vahasuoja\\\/#breadcrumb\"},\"inLanguage\":\"sv-SE\",\"potentialAction\":[{\"@type\":\"ReadAction\",\"target\":[\"https:\\\/\\\/kuuloasi.fi\\\/tuote\\\/prowax-vahasuoja\\\/\"]}]},{\"@type\":\"ImageObject\",\"inLanguage\":\"sv-SE\",\"@id\":\"https:\\\/\\\/kuuloasi.fi\\\/tuote\\\/prowax-vahasuoja\\\/#primaryimage\",\"url\":\"https:\\\/\\\/kuuloasi.fi\\\/wp-content\\\/uploads\\\/2025\\\/12\\\/prowax-228x228-1.jpg\",\"contentUrl\":\"https:\\\/\\\/kuuloasi.fi\\\/wp-content\\\/uploads\\\/2025\\\/12\\\/prowax-228x228-1.jpg\",\"width\":228,\"height\":228},{\"@type\":\"BreadcrumbList\",\"@id\":\"https:\\\/\\\/kuuloasi.fi\\\/tuote\\\/prowax-vahasuoja\\\/#breadcrumb\",\"itemListElement\":[{\"@type\":\"ListItem\",\"position\":1,\"name\":\"Etusivu\",\"item\":\"https:\\\/\\\/kuuloasi.fi\\\/\"},{\"@type\":\"ListItem\",\"position\":2,\"name\":\"Kauppa\",\"item\":\"https:\\\/\\\/kuuloasi.fi\\\/kauppa\\\/\"},{\"@type\":\"ListItem\",\"position\":3,\"name\":\"ProWax-vahasuoja\"}]},{\"@type\":\"WebSite\",\"@id\":\"https:\\\/\\\/kuuloasi.fi\\\/#website\",\"url\":\"https:\\\/\\\/kuuloasi.fi\\\/\",\"name\":\"kuuloasi.fi\",\"description\":\"\",\"potentialAction\":[{\"@type\":\"SearchAction\",\"target\":{\"@type\":\"EntryPoint\",\"urlTemplate\":\"https:\\\/\\\/kuuloasi.fi\\\/?s={search_term_string}\"},\"query-input\":{\"@type\":\"PropertyValueSpecification\",\"valueRequired\":true,\"valueName\":\"search_term_string\"}}],\"inLanguage\":\"sv-SE\"}]}<\/script>\n<!-- \/ Yoast SEO plugin. -->","yoast_head_json":{"title":"ProWax-vahasuoja - kuuloasi.fi","robots":{"index":"index","follow":"follow","max-snippet":"max-snippet:-1","max-image-preview":"max-image-preview:large","max-video-preview":"max-video-preview:-1"},"canonical":"https:\/\/kuuloasi.fi\/sv\/produkt\/prowax-vahasuoja\/","og_locale":"sv_SE","og_type":"article","og_title":"ProWax-vahasuoja - kuuloasi.fi","og_description":"suojaa kuulokojeesi tukkeutumiselta Oticon ProWax vahasuoja\u00a0on pieni mutta t\u00e4rke\u00e4 osa kuulokojeen huoltoa. Se est\u00e4\u00e4 korvavahan ja lian p\u00e4\u00e4syn kuulokojeen kuulokkeeseen ja auttaa pit\u00e4m\u00e4\u00e4n laitteen toimintakunnossa ja \u00e4\u00e4nenlaadun kirkkaana. Pakkaus sis\u00e4lt\u00e4\u00e4\u00a06 kertak\u00e4ytt\u00f6ist\u00e4 vahasuodattinta\u00a0sek\u00e4 helppok\u00e4ytt\u00f6iset vaihtoty\u00f6kalut.","og_url":"https:\/\/kuuloasi.fi\/sv\/produkt\/prowax-vahasuoja\/","og_site_name":"kuuloasi.fi","article_modified_time":"2026-04-05T11:28:23+00:00","og_image":[{"width":228,"height":228,"url":"https:\/\/kuuloasi.fi\/wp-content\/uploads\/2025\/12\/prowax-228x228-1.jpg","type":"image\/jpeg"}],"twitter_card":"summary_large_image","twitter_misc":{"Ber\u00e4knad l\u00e4stid":"2 minuter"},"schema":{"@context":"https:\/\/schema.org","@graph":[{"@type":"WebPage","@id":"https:\/\/kuuloasi.fi\/tuote\/prowax-vahasuoja\/","url":"https:\/\/kuuloasi.fi\/tuote\/prowax-vahasuoja\/","name":"ProWax-vahasuoja - kuuloasi.fi","isPartOf":{"@id":"https:\/\/kuuloasi.fi\/#website"},"primaryImageOfPage":{"@id":"https:\/\/kuuloasi.fi\/tuote\/prowax-vahasuoja\/#primaryimage"},"image":{"@id":"https:\/\/kuuloasi.fi\/tuote\/prowax-vahasuoja\/#primaryimage"},"thumbnailUrl":"https:\/\/kuuloasi.fi\/wp-content\/uploads\/2025\/12\/prowax-228x228-1.jpg","datePublished":"2025-12-03T14:16:13+00:00","dateModified":"2026-04-05T11:28:23+00:00","breadcrumb":{"@id":"https:\/\/kuuloasi.fi\/tuote\/prowax-vahasuoja\/#breadcrumb"},"inLanguage":"sv-SE","potentialAction":[{"@type":"ReadAction","target":["https:\/\/kuuloasi.fi\/tuote\/prowax-vahasuoja\/"]}]},{"@type":"ImageObject","inLanguage":"sv-SE","@id":"https:\/\/kuuloasi.fi\/tuote\/prowax-vahasuoja\/#primaryimage","url":"https:\/\/kuuloasi.fi\/wp-content\/uploads\/2025\/12\/prowax-228x228-1.jpg","contentUrl":"https:\/\/kuuloasi.fi\/wp-content\/uploads\/2025\/12\/prowax-228x228-1.jpg","width":228,"height":228},{"@type":"BreadcrumbList","@id":"https:\/\/kuuloasi.fi\/tuote\/prowax-vahasuoja\/#breadcrumb","itemListElement":[{"@type":"ListItem","position":1,"name":"Etusivu","item":"https:\/\/kuuloasi.fi\/"},{"@type":"ListItem","position":2,"name":"Kauppa","item":"https:\/\/kuuloasi.fi\/kauppa\/"},{"@type":"ListItem","position":3,"name":"ProWax-vahasuoja"}]},{"@type":"WebSite","@id":"https:\/\/kuuloasi.fi\/#website","url":"https:\/\/kuuloasi.fi\/","name":"h\u00f6rsel.co.uk","description":"","potentialAction":[{"@type":"SearchAction","target":{"@type":"EntryPoint","urlTemplate":"https:\/\/kuuloasi.fi\/?s={search_term_string}"},"query-input":{"@type":"PropertyValueSpecification","valueRequired":true,"valueName":"search_term_string"}}],"inLanguage":"sv-SE"}]}},"_links":{"self":[{"href":"https:\/\/kuuloasi.fi\/sv\/wp-json\/wp\/v2\/product\/597","targetHints":{"allow":["GET"]}}],"collection":[{"href":"https:\/\/kuuloasi.fi\/sv\/wp-json\/wp\/v2\/product"}],"about":[{"href":"https:\/\/kuuloasi.fi\/sv\/wp-json\/wp\/v2\/types\/product"}],"replies":[{"embeddable":true,"href":"https:\/\/kuuloasi.fi\/sv\/wp-json\/wp\/v2\/comments?post=597"}],"wp:featuredmedia":[{"embeddable":true,"href":"https:\/\/kuuloasi.fi\/sv\/wp-json\/wp\/v2\/media\/600"}],"wp:attachment":[{"href":"https:\/\/kuuloasi.fi\/sv\/wp-json\/wp\/v2\/media?parent=597"}],"wp:term":[{"taxonomy":"product_brand","embeddable":true,"href":"https:\/\/kuuloasi.fi\/sv\/wp-json\/wp\/v2\/product_brand?post=597"},{"taxonomy":"product_cat","embeddable":true,"href":"https:\/\/kuuloasi.fi\/sv\/wp-json\/wp\/v2\/product_cat?post=597"},{"taxonomy":"product_tag","embeddable":true,"href":"https:\/\/kuuloasi.fi\/sv\/wp-json\/wp\/v2\/product_tag?post=597"}],"curies":[{"name":"wp","href":"https:\/\/api.w.org\/{rel}","templated":true}]}}