{"id":587,"date":"2025-12-03T13:55:52","date_gmt":"2025-12-03T13:55:52","guid":{"rendered":"https:\/\/kuuloasi.fi\/?post_type=product&#038;p=587"},"modified":"2026-04-07T10:22:14","modified_gmt":"2026-04-07T10:22:14","slug":"oticon-power-tippi","status":"publish","type":"product","link":"https:\/\/kuuloasi.fi\/sv\/produkt\/oticon-power-tippi\/","title":{"rendered":"Oticon miniFit kraftspets"},"content":{"rendered":"<p><iframe title=\"Byte av spets p\u00e5 h\u00f6rapparat\" width=\"800\" height=\"450\" src=\"https:\/\/www.youtube.com\/embed\/9MKWhWD0MN4?feature=oembed\" frameborder=\"0\" allow=\"accelerometer; autoplay; clipboard-write; encrypted-media; gyroscope; picture-in-picture; web-share\" referrerpolicy=\"strict-origin-when-cross-origin\" allowfullscreen><\/iframe><\/p>\n<h2 tabindex=\"0\" data-end=\"723\" data-start=\"693\">Varf\u00f6r v\u00e4lja Power-tip?<\/h2>\n<p data-end=\"1040\" data-start=\"724\">Power-modellen har en f\u00f6rseglad design med dubbla lager som minimerar ljudets spridning och g\u00f6r att h\u00f6rapparaten kan\u00a0<strong data-end=\"871\" data-start=\"848\">mer bekr\u00e4ftelse<\/strong>. Det g\u00f6r spetsen till ett utm\u00e4rkt alternativ f\u00f6r anv\u00e4ndare som beh\u00f6ver en h\u00f6gre volym eller t\u00e4tare passform \u00e4n vad en \u00f6ppen spets eller ventilspets kan erbjuda.<\/p>\n<h2 tabindex=\"0\" data-end=\"1075\" data-start=\"1042\">Material och anv\u00e4ndarv\u00e4nlighet<\/h2>\n<p data-end=\"1343\" data-start=\"1076\">H\u00f6rsn\u00e4ckorna \u00e4r tillverkade av mjukt, hudv\u00e4nligt silikonmaterial som anpassar sig till h\u00f6rselg\u00e5ngens form och k\u00e4nns bekv\u00e4mt \u00e4ven efter l\u00e5ngvarig anv\u00e4ndning. Det mjuka materialet bidrar till en \u00e5tsittande men bekv\u00e4m passform.<\/p>\n<h2 tabindex=\"0\" data-end=\"1365\" data-start=\"1345\">Storlekar och valm\u00f6jligheter<\/h2>\n<p data-end=\"1660\" data-start=\"1366\">V\u00e4lj mellan fyra storlekar: 6 mm, 8 mm, 10 mm eller 12 mm. V\u00e4lj storlek i rullgardinsmenyn innan du best\u00e4ller - r\u00e4tt storlek \u00e4r viktig f\u00f6r optimal passform och ljudkvalitet.<\/p>\n<h2 tabindex=\"0\" data-end=\"1687\" data-start=\"1662\">Underh\u00e5lls- och utbytesintervall<\/h2>\n<p data-end=\"1955\" data-start=\"1688\">Rekommenderat bytesintervall \u00e4r minst en g\u00e5ng i m\u00e5naden, eller s\u00e5 snart spetsens yta verkar smutsig, l\u00f6s eller ljudkvaliteten f\u00f6rs\u00e4mras eller f\u00f6rvr\u00e4ngs.<br data-end=\"1853\" data-start=\"1850\" \/>Reng\u00f6r spetsens yta dagligen, t.ex. med en reng\u00f6ringsduk, s\u00e5 att den fungerar optimalt.<\/p>\n<h2 tabindex=\"0\" data-end=\"1972\" data-start=\"1957\">Sammanfattning<\/h2>\n<p data-end=\"2259\" data-start=\"1973\">Oticon miniFit Power tip kombinerar en t\u00e4t design, mjuk passform och kompatibilitet med ett brett utbud av h\u00f6rapparater fr\u00e5n Oticon och Bernafon. Det \u00e4r ett utm\u00e4rkt val n\u00e4r du vill maximera prestandan hos dina h\u00f6rapparater.\u00a0<strong data-end=\"2258\" data-start=\"2212\">h\u00f6ra mer, tydligare och mer tillf\u00f6rlitligt<\/strong>.<\/p>","protected":false},"excerpt":{"rendered":"<h1 tabindex=\"0\" data-end=\"266\" data-start=\"189\">maximal f\u00f6rst\u00e4rkning med st\u00e4ngd armatur<\/h1>\n<h2 tabindex=\"0\" data-end=\"306\" data-start=\"268\">Kompatibilitet<\/h2>\n<p data-end=\"691\" data-start=\"307\">Oticon miniFit Power Tip \u00e4r l\u00e4mplig f\u00f6r anv\u00e4ndning med Oticon h\u00f6rapparater (t.ex. Intent, Real, More, Opn S, Opn Play, Ruby, CROS, Opn, Siya, Alta, Alta2, Nera, Nera2, Ria, Ria2) och Bernafon (Encanta, Alpha XT, Alpha, Zerena, Viron) tunnr\u00f6rssystem (RITE\/RIE). F\u00f6rpackningen inneh\u00e5ller 10 stycken spetsar.<\/p>","protected":false},"featured_media":592,"comment_status":"closed","ping_status":"closed","template":"","meta":{"_acf_changed":false},"product_brand":[],"product_cat":[70,22],"product_tag":[89,90,77],"class_list":{"0":"post-587","1":"product","2":"type-product","3":"status-publish","4":"has-post-thumbnail","6":"product_cat-oticon","7":"product_cat-varaosat","8":"product_tag-minifit","9":"product_tag-oticon","10":"product_tag-tippi","12":"first","13":"instock","14":"taxable","15":"shipping-taxable","16":"purchasable","17":"product-type-variable"},"acf":[],"yoast_head":"<!-- This site is optimized with the Yoast SEO plugin v27.4 - https:\/\/yoast.com\/product\/yoast-seo-wordpress\/ -->\n<title>Oticon miniFit power tippi - kuuloasi.fi<\/title>\n<meta name=\"robots\" content=\"index, follow, max-snippet:-1, max-image-preview:large, max-video-preview:-1\" \/>\n<link rel=\"canonical\" href=\"https:\/\/kuuloasi.fi\/sv\/produkt\/oticon-power-tippi\/\" \/>\n<meta property=\"og:locale\" content=\"sv_SE\" \/>\n<meta property=\"og:type\" content=\"article\" \/>\n<meta property=\"og:title\" content=\"Oticon miniFit power tippi - kuuloasi.fi\" \/>\n<meta property=\"og:description\" content=\"maksimaalinen vahvistus suljetulla sovitteella Yhteensopivuus Oticon miniFit Power tippi sopii k\u00e4ytett\u00e4v\u00e4ksi Oticon-kuulokojeiden (esim. Intent, Real, More, Opn S, Opn Play, Ruby, CROS, Opn, Siya, Alta, Alta2, Nera, Nera2, Ria, Ria2) sek\u00e4 Bernafonin (Encanta, Alpha XT, Alpha, Zerena, Viron) ohutletku- (RITE\/RIE)-j\u00e4rjestelmiin. Paketissa on 10 kappaletta tippej\u00e4.\" \/>\n<meta property=\"og:url\" content=\"https:\/\/kuuloasi.fi\/sv\/produkt\/oticon-power-tippi\/\" \/>\n<meta property=\"og:site_name\" content=\"kuuloasi.fi\" \/>\n<meta property=\"article:modified_time\" content=\"2026-04-07T10:22:14+00:00\" \/>\n<meta property=\"og:image\" content=\"https:\/\/kuuloasi.fi\/wp-content\/uploads\/2025\/12\/oticon-tippi-6mm-power-minifit_orig.jpg\" \/>\n\t<meta property=\"og:image:width\" content=\"800\" \/>\n\t<meta property=\"og:image:height\" content=\"800\" \/>\n\t<meta property=\"og:image:type\" content=\"image\/jpeg\" \/>\n<meta name=\"twitter:card\" content=\"summary_large_image\" \/>\n<meta name=\"twitter:label1\" content=\"Ber\u00e4knad l\u00e4stid\" \/>\n\t<meta name=\"twitter:data1\" content=\"1 minut\" \/>\n<script type=\"application\/ld+json\" class=\"yoast-schema-graph\">{\"@context\":\"https:\\\/\\\/schema.org\",\"@graph\":[{\"@type\":\"WebPage\",\"@id\":\"https:\\\/\\\/kuuloasi.fi\\\/tuote\\\/oticon-power-tippi\\\/\",\"url\":\"https:\\\/\\\/kuuloasi.fi\\\/tuote\\\/oticon-power-tippi\\\/\",\"name\":\"Oticon miniFit power tippi - kuuloasi.fi\",\"isPartOf\":{\"@id\":\"https:\\\/\\\/kuuloasi.fi\\\/#website\"},\"primaryImageOfPage\":{\"@id\":\"https:\\\/\\\/kuuloasi.fi\\\/tuote\\\/oticon-power-tippi\\\/#primaryimage\"},\"image\":{\"@id\":\"https:\\\/\\\/kuuloasi.fi\\\/tuote\\\/oticon-power-tippi\\\/#primaryimage\"},\"thumbnailUrl\":\"https:\\\/\\\/kuuloasi.fi\\\/wp-content\\\/uploads\\\/2025\\\/12\\\/oticon-tippi-6mm-power-minifit_orig.jpg\",\"datePublished\":\"2025-12-03T13:55:52+00:00\",\"dateModified\":\"2026-04-07T10:22:14+00:00\",\"breadcrumb\":{\"@id\":\"https:\\\/\\\/kuuloasi.fi\\\/tuote\\\/oticon-power-tippi\\\/#breadcrumb\"},\"inLanguage\":\"sv-SE\",\"potentialAction\":[{\"@type\":\"ReadAction\",\"target\":[\"https:\\\/\\\/kuuloasi.fi\\\/tuote\\\/oticon-power-tippi\\\/\"]}]},{\"@type\":\"ImageObject\",\"inLanguage\":\"sv-SE\",\"@id\":\"https:\\\/\\\/kuuloasi.fi\\\/tuote\\\/oticon-power-tippi\\\/#primaryimage\",\"url\":\"https:\\\/\\\/kuuloasi.fi\\\/wp-content\\\/uploads\\\/2025\\\/12\\\/oticon-tippi-6mm-power-minifit_orig.jpg\",\"contentUrl\":\"https:\\\/\\\/kuuloasi.fi\\\/wp-content\\\/uploads\\\/2025\\\/12\\\/oticon-tippi-6mm-power-minifit_orig.jpg\",\"width\":800,\"height\":800},{\"@type\":\"BreadcrumbList\",\"@id\":\"https:\\\/\\\/kuuloasi.fi\\\/tuote\\\/oticon-power-tippi\\\/#breadcrumb\",\"itemListElement\":[{\"@type\":\"ListItem\",\"position\":1,\"name\":\"Etusivu\",\"item\":\"https:\\\/\\\/kuuloasi.fi\\\/\"},{\"@type\":\"ListItem\",\"position\":2,\"name\":\"Kauppa\",\"item\":\"https:\\\/\\\/kuuloasi.fi\\\/kauppa\\\/\"},{\"@type\":\"ListItem\",\"position\":3,\"name\":\"Oticon miniFit power tippi\"}]},{\"@type\":\"WebSite\",\"@id\":\"https:\\\/\\\/kuuloasi.fi\\\/#website\",\"url\":\"https:\\\/\\\/kuuloasi.fi\\\/\",\"name\":\"kuuloasi.fi\",\"description\":\"\",\"potentialAction\":[{\"@type\":\"SearchAction\",\"target\":{\"@type\":\"EntryPoint\",\"urlTemplate\":\"https:\\\/\\\/kuuloasi.fi\\\/?s={search_term_string}\"},\"query-input\":{\"@type\":\"PropertyValueSpecification\",\"valueRequired\":true,\"valueName\":\"search_term_string\"}}],\"inLanguage\":\"sv-SE\"}]}<\/script>\n<!-- \/ Yoast SEO plugin. -->","yoast_head_json":{"title":"Oticon miniFit power tippi - kuuloasi.fi","robots":{"index":"index","follow":"follow","max-snippet":"max-snippet:-1","max-image-preview":"max-image-preview:large","max-video-preview":"max-video-preview:-1"},"canonical":"https:\/\/kuuloasi.fi\/sv\/produkt\/oticon-power-tippi\/","og_locale":"sv_SE","og_type":"article","og_title":"Oticon miniFit power tippi - kuuloasi.fi","og_description":"maksimaalinen vahvistus suljetulla sovitteella Yhteensopivuus Oticon miniFit Power tippi sopii k\u00e4ytett\u00e4v\u00e4ksi Oticon-kuulokojeiden (esim. Intent, Real, More, Opn S, Opn Play, Ruby, CROS, Opn, Siya, Alta, Alta2, Nera, Nera2, Ria, Ria2) sek\u00e4 Bernafonin (Encanta, Alpha XT, Alpha, Zerena, Viron) ohutletku- (RITE\/RIE)-j\u00e4rjestelmiin. Paketissa on 10 kappaletta tippej\u00e4.","og_url":"https:\/\/kuuloasi.fi\/sv\/produkt\/oticon-power-tippi\/","og_site_name":"kuuloasi.fi","article_modified_time":"2026-04-07T10:22:14+00:00","og_image":[{"width":800,"height":800,"url":"https:\/\/kuuloasi.fi\/wp-content\/uploads\/2025\/12\/oticon-tippi-6mm-power-minifit_orig.jpg","type":"image\/jpeg"}],"twitter_card":"summary_large_image","twitter_misc":{"Ber\u00e4knad l\u00e4stid":"1 minut"},"schema":{"@context":"https:\/\/schema.org","@graph":[{"@type":"WebPage","@id":"https:\/\/kuuloasi.fi\/tuote\/oticon-power-tippi\/","url":"https:\/\/kuuloasi.fi\/tuote\/oticon-power-tippi\/","name":"Oticon miniFit power tippi - kuuloasi.fi","isPartOf":{"@id":"https:\/\/kuuloasi.fi\/#website"},"primaryImageOfPage":{"@id":"https:\/\/kuuloasi.fi\/tuote\/oticon-power-tippi\/#primaryimage"},"image":{"@id":"https:\/\/kuuloasi.fi\/tuote\/oticon-power-tippi\/#primaryimage"},"thumbnailUrl":"https:\/\/kuuloasi.fi\/wp-content\/uploads\/2025\/12\/oticon-tippi-6mm-power-minifit_orig.jpg","datePublished":"2025-12-03T13:55:52+00:00","dateModified":"2026-04-07T10:22:14+00:00","breadcrumb":{"@id":"https:\/\/kuuloasi.fi\/tuote\/oticon-power-tippi\/#breadcrumb"},"inLanguage":"sv-SE","potentialAction":[{"@type":"ReadAction","target":["https:\/\/kuuloasi.fi\/tuote\/oticon-power-tippi\/"]}]},{"@type":"ImageObject","inLanguage":"sv-SE","@id":"https:\/\/kuuloasi.fi\/tuote\/oticon-power-tippi\/#primaryimage","url":"https:\/\/kuuloasi.fi\/wp-content\/uploads\/2025\/12\/oticon-tippi-6mm-power-minifit_orig.jpg","contentUrl":"https:\/\/kuuloasi.fi\/wp-content\/uploads\/2025\/12\/oticon-tippi-6mm-power-minifit_orig.jpg","width":800,"height":800},{"@type":"BreadcrumbList","@id":"https:\/\/kuuloasi.fi\/tuote\/oticon-power-tippi\/#breadcrumb","itemListElement":[{"@type":"ListItem","position":1,"name":"Etusivu","item":"https:\/\/kuuloasi.fi\/"},{"@type":"ListItem","position":2,"name":"Kauppa","item":"https:\/\/kuuloasi.fi\/kauppa\/"},{"@type":"ListItem","position":3,"name":"Oticon miniFit power tippi"}]},{"@type":"WebSite","@id":"https:\/\/kuuloasi.fi\/#website","url":"https:\/\/kuuloasi.fi\/","name":"h\u00f6rsel.co.uk","description":"","potentialAction":[{"@type":"SearchAction","target":{"@type":"EntryPoint","urlTemplate":"https:\/\/kuuloasi.fi\/?s={search_term_string}"},"query-input":{"@type":"PropertyValueSpecification","valueRequired":true,"valueName":"search_term_string"}}],"inLanguage":"sv-SE"}]}},"_links":{"self":[{"href":"https:\/\/kuuloasi.fi\/sv\/wp-json\/wp\/v2\/product\/587","targetHints":{"allow":["GET"]}}],"collection":[{"href":"https:\/\/kuuloasi.fi\/sv\/wp-json\/wp\/v2\/product"}],"about":[{"href":"https:\/\/kuuloasi.fi\/sv\/wp-json\/wp\/v2\/types\/product"}],"replies":[{"embeddable":true,"href":"https:\/\/kuuloasi.fi\/sv\/wp-json\/wp\/v2\/comments?post=587"}],"wp:featuredmedia":[{"embeddable":true,"href":"https:\/\/kuuloasi.fi\/sv\/wp-json\/wp\/v2\/media\/592"}],"wp:attachment":[{"href":"https:\/\/kuuloasi.fi\/sv\/wp-json\/wp\/v2\/media?parent=587"}],"wp:term":[{"taxonomy":"product_brand","embeddable":true,"href":"https:\/\/kuuloasi.fi\/sv\/wp-json\/wp\/v2\/product_brand?post=587"},{"taxonomy":"product_cat","embeddable":true,"href":"https:\/\/kuuloasi.fi\/sv\/wp-json\/wp\/v2\/product_cat?post=587"},{"taxonomy":"product_tag","embeddable":true,"href":"https:\/\/kuuloasi.fi\/sv\/wp-json\/wp\/v2\/product_tag?post=587"}],"curies":[{"name":"wp","href":"https:\/\/api.w.org\/{rel}","templated":true}]}}