{"id":581,"date":"2025-12-03T13:54:29","date_gmt":"2025-12-03T13:54:29","guid":{"rendered":"https:\/\/kuuloasi.fi\/?post_type=product&#038;p=581"},"modified":"2026-04-14T09:11:44","modified_gmt":"2026-04-14T09:11:44","slug":"oticon-minifit-bassotippi-2venttia","status":"publish","type":"product","link":"https:\/\/kuuloasi.fi\/sv\/produkt\/oticon-minifit-bassotippi-2venttia\/","title":{"rendered":"Oticon minifit Bass Tip, 2 ventiler"},"content":{"rendered":"<div class=\"InfoArea New\">\n<div id=\"ProductInfoTabs\" class=\"ui-tabs ui-widget ui-widget-content ui-corner-all epProductInfoTabs ep-js\" data-js=\"\">\n<div id=\"tab-product-description\" class=\"ui-tabs-panel ui-widget-content ui-corner-bottom\" role=\"tabpanel\" aria-live=\"polite\" aria-labelledby=\"ui-id-1\" aria-hidden=\"false\">\n<div class=\"description\">\n<p><iframe title=\"Byte av spets p\u00e5 h\u00f6rapparat\" width=\"800\" height=\"450\" src=\"https:\/\/www.youtube.com\/embed\/9MKWhWD0MN4?feature=oembed\" frameborder=\"0\" allow=\"accelerometer; autoplay; clipboard-write; encrypted-media; gyroscope; picture-in-picture; web-share\" referrerpolicy=\"strict-origin-when-cross-origin\" allowfullscreen><\/iframe><\/p>\n<h2 tabindex=\"0\" data-end=\"702\" data-start=\"678\">Produktens egenskaper<\/h2>\n<ul data-end=\"1034\" data-start=\"704\">\n<li data-end=\"747\" data-start=\"704\">\n<p data-end=\"747\" data-start=\"706\">Dubbelventilad bas-tee<\/p>\n<\/li>\n<li data-end=\"796\" data-start=\"748\">\n<p data-end=\"796\" data-start=\"750\">Ger mer bekr\u00e4ftelse \u00e4n ett \u00f6ppet tips<\/p>\n<\/li>\n<li data-end=\"872\" data-start=\"797\">\n<p data-end=\"872\" data-start=\"799\">Mjukt och hudv\u00e4nligt material som formar sig efter h\u00f6rselg\u00e5ngen<\/p>\n<\/li>\n<li data-end=\"937\" data-start=\"873\">\n<p data-end=\"937\" data-start=\"875\">Diskret, tydlig och transparent - n\u00e4stan osynlig vid anv\u00e4ndning<\/p>\n<\/li>\n<li data-end=\"985\" data-start=\"938\">\n<p data-end=\"985\" data-start=\"940\">L\u00e4tt att s\u00e4tta fast och ta loss fr\u00e5n h\u00f6rapparaten<\/p>\n<\/li>\n<li data-end=\"1034\" data-start=\"986\">\n<p data-end=\"1034\" data-start=\"988\">Passar bra i m\u00e5nga olika h\u00f6rselg\u00e5ngar<\/p>\n<\/li>\n<\/ul>\n<h2 tabindex=\"0\" data-end=\"1058\" data-start=\"1041\"><\/h2>\n<h2 tabindex=\"0\" data-end=\"1058\" data-start=\"1041\">Kompatibilitet<\/h2>\n<p data-end=\"1186\" data-start=\"1060\"><strong data-end=\"1071\" data-start=\"1060\">Oticon:<\/strong>\u00a0Avsikt, Verklig, Mer, Zirkon, Play PX, Opn S, Opn Play, Rubin, CROS, Opn, Siya, Alta, Alta2, Nera, Nera2, Ria, Ria2<\/p>\n<p data-end=\"1243\" data-start=\"1188\"><strong data-end=\"1201\" data-start=\"1188\">Bernafon:<\/strong>\u00a0Encanta, Alpha XT, Alpha, Zerena, Viron<\/p>\n<h2 tabindex=\"0\" data-end=\"1268\" data-start=\"1250\"><\/h2>\n<h2 tabindex=\"0\" data-end=\"1268\" data-start=\"1250\">Storlekar och f\u00f6rpackningar<\/h2>\n<ul data-end=\"1443\" data-start=\"1270\">\n<li data-end=\"1321\" data-start=\"1270\">\n<p data-end=\"1321\" data-start=\"1272\">Fyra olika storlekar:\u00a0<strong data-end=\"1319\" data-start=\"1289\">6 mm, 8 mm, 10 mm och 12 mm<\/strong><\/p>\n<\/li>\n<li data-end=\"1377\" data-start=\"1322\">\n<p data-end=\"1377\" data-start=\"1324\">V\u00e4lj r\u00e4tt storlek fr\u00e5n rullgardinsmenyn innan du best\u00e4ller<\/p>\n<\/li>\n<li data-end=\"1443\" data-start=\"1378\">\n<p data-end=\"1443\" data-start=\"1380\"><strong data-end=\"1404\" data-start=\"1380\">F\u00f6rpackning med 10 stycken<\/strong>\u00a0(eng\u00e5ngsspetsar\/adaptrar)<\/p>\n<\/li>\n<\/ul>\n<p data-end=\"1606\" data-start=\"1445\">Observera! Tillverkningsdatumet kan vara synligt p\u00e5 f\u00f6rpackningen. Dropparna kan anv\u00e4ndas i flera \u00e5r efter tillverkningen, f\u00f6rutsatt att de f\u00f6rvaras i sin egen f\u00f6rslutna f\u00f6rpackning.<\/p>\n<h2 tabindex=\"0\" data-end=\"1638\" data-start=\"1613\"><\/h2>\n<h2 tabindex=\"0\" data-end=\"1638\" data-start=\"1613\">Varf\u00f6r \u00e4r det viktigt med tips?<\/h2>\n<p data-end=\"1719\" data-start=\"1640\">R\u00e4tt typ av anpassning, eller drop, g\u00f6r hela skillnaden f\u00f6r hur bra din h\u00f6rapparat fungerar:<\/p>\n<ul data-end=\"1892\" data-start=\"1720\">\n<li data-end=\"1766\" data-start=\"1720\">\n<p data-end=\"1766\" data-start=\"1722\">F\u00f6rb\u00e4ttrar ljudkvaliteten och h\u00f6rselkomforten<\/p>\n<\/li>\n<li data-end=\"1812\" data-start=\"1767\">\n<p data-end=\"1812\" data-start=\"1769\">M\u00f6jligg\u00f6r b\u00e4ttre passform i \u00f6rat<\/p>\n<\/li>\n<li data-end=\"1855\" data-start=\"1813\">\n<p data-end=\"1855\" data-start=\"1815\">Minskar ljudf\u00f6rvr\u00e4ngning och l\u00e4ckage<\/p>\n<\/li>\n<li data-end=\"1892\" data-start=\"1856\">\n<p data-end=\"1892\" data-start=\"1858\">Mer f\u00f6rst\u00e4rkning efter behov<\/p>\n<\/li>\n<\/ul>\n<p data-end=\"2142\" data-start=\"1894\">Spetsens storlek och modell best\u00e4ms av typen av h\u00f6rapparat, h\u00f6rselg\u00e5ngens storlek och h\u00f6rselneds\u00e4ttningen. H\u00f6rselv\u00e5rden fastst\u00e4ller vanligtvis r\u00e4tt passform vid utprovningen, och denna information finns ofta i bruksanvisningen eller i utprovningsdokumenten.<\/p>\n<h2 tabindex=\"0\" data-end=\"2168\" data-start=\"2149\"><\/h2>\n<h2 tabindex=\"0\" data-end=\"2168\" data-start=\"2149\">Anv\u00e4ndning och underh\u00e5ll<\/h2>\n<ul data-end=\"2335\" data-start=\"2170\">\n<li data-end=\"2269\" data-start=\"2170\">\n<p data-end=\"2269\" data-start=\"2172\"><strong data-end=\"2187\" data-start=\"2172\">Utbytesintervall:<\/strong>\u00a0minst en g\u00e5ng i m\u00e5naden, eller oftare om droppet blir smutsigt eller om ljudet f\u00f6r\u00e4ndras<\/p>\n<\/li>\n<li data-end=\"2335\" data-start=\"2270\">\n<p data-end=\"2335\" data-start=\"2272\"><strong data-end=\"2286\" data-start=\"2272\">Reng\u00f6ring:<\/strong>\u00a0torka av dagligen, t.ex. med en reng\u00f6ringsduk<\/p>\n<\/li>\n<\/ul>\n<p data-end=\"2355\" data-start=\"2337\"><strong data-end=\"2353\" data-start=\"2337\">Instruktioner f\u00f6r byte:<\/strong><\/p>\n<ol data-end=\"2582\" data-start=\"2356\">\n<li data-end=\"2442\" data-start=\"2356\">\n<p data-end=\"2442\" data-start=\"2359\">H\u00e5ll i \u00f6ronsn\u00e4ckan och dra f\u00f6rsiktigt bort den gamla spetsen fr\u00e5n kanten f\u00f6r att ta bort den.<\/p>\n<\/li>\n<li data-end=\"2502\" data-start=\"2443\">\n<p data-end=\"2502\" data-start=\"2446\">F\u00f6r in den nya droppen i \u00f6ronsn\u00e4ckan fr\u00e5n mitten till basen.<\/p>\n<\/li>\n<li data-end=\"2582\" data-start=\"2503\">\n<p data-end=\"2582\" data-start=\"2506\">Tryck h\u00e5rt f\u00f6r att s\u00e4kerst\u00e4lla att droppen sitter ordentligt p\u00e5 plats.<\/p>\n<\/li>\n<\/ol>\n<p data-end=\"2635\" data-start=\"2584\">Se vid behov instruktionsvideon om hur du byter spets.<\/p>\n<h2 tabindex=\"0\" data-end=\"2655\" data-start=\"2642\"><\/h2>\n<h2 tabindex=\"0\" data-end=\"2655\" data-start=\"2642\">Sammanfattning<\/h2>\n<p data-end=\"2898\" data-start=\"2657\"><strong data-end=\"2697\" data-start=\"2657\">Oticon MiniFit Bass Tip med 2 ventiler<\/strong> \u00e4r ett utm\u00e4rkt val n\u00e4r du vill ha mer f\u00f6rst\u00e4rkning men \u00e4nd\u00e5 vill ha en naturlig lyssningsupplevelse. Den \u00e4r enkel att anv\u00e4nda, diskret och kompatibel med de flesta h\u00f6rapparater fr\u00e5n Oticon och Bernafon.<\/p>\n<\/div>\n<\/div>\n<\/div>\n<\/div>","protected":false},"excerpt":{"rendered":"<p><strong data-end=\"374\" data-start=\"280\">Oticon MiniFit Bass Tip med 2 ventiler - mer f\u00f6rst\u00e4rkning och en naturlig lyssningsupplevelse<\/strong><\/p>\n<p data-end=\"671\" data-start=\"376\"><strong data-end=\"416\" data-start=\"376\">Oticon MiniFit Bass Tip med 2 ventiler<\/strong>\u00a0\u00e4r en diskret passform av h\u00f6g kvalitet som ger en mer sluten passform \u00e4n en \u00f6ppen drop. Tack vare de tv\u00e5 ventilations\u00f6ppningarna sl\u00e4pper den igenom en del naturliga ljud samtidigt som den ger mer f\u00f6rst\u00e4rkning, s\u00e4rskilt i l\u00e5ga frekvenser och talfrekvenser.<\/p>","protected":false},"featured_media":586,"comment_status":"closed","ping_status":"closed","template":"","meta":{"_acf_changed":false},"product_brand":[],"product_cat":[70,22],"product_tag":[89,90,77],"class_list":{"0":"post-581","1":"product","2":"type-product","3":"status-publish","4":"has-post-thumbnail","6":"product_cat-oticon","7":"product_cat-varaosat","8":"product_tag-minifit","9":"product_tag-oticon","10":"product_tag-tippi","12":"first","13":"instock","14":"taxable","15":"shipping-taxable","16":"purchasable","17":"product-type-variable"},"acf":[],"yoast_head":"<!-- This site is optimized with the Yoast SEO plugin v27.4 - https:\/\/yoast.com\/product\/yoast-seo-wordpress\/ -->\n<title>Oticon minifit Bassotippi, 2 ventti\u00e4 - kuuloasi.fi<\/title>\n<meta name=\"robots\" content=\"index, follow, max-snippet:-1, max-image-preview:large, max-video-preview:-1\" \/>\n<link rel=\"canonical\" href=\"https:\/\/kuuloasi.fi\/sv\/produkt\/oticon-minifit-bassotippi-2venttia\/\" \/>\n<meta property=\"og:locale\" content=\"sv_SE\" \/>\n<meta property=\"og:type\" content=\"article\" \/>\n<meta property=\"og:title\" content=\"Oticon minifit Bassotippi, 2 ventti\u00e4 - kuuloasi.fi\" \/>\n<meta property=\"og:description\" content=\"Oticon MiniFit Bassotippi 2 ventill\u00e4 \u2013 enemm\u00e4n vahvistusta ja luonnollinen kuulemiskokemus Oticon MiniFit Bassotippi 2 ventill\u00e4\u00a0on laadukas ja huomaamaton sovite, joka tarjoaa suljetumpaa istuvuutta kuin avoin tippi. Kahden ventin ansiosta se p\u00e4\u00e4st\u00e4\u00e4 osan luonnollisista \u00e4\u00e4nist\u00e4 l\u00e4pi, mutta antaa samalla enemm\u00e4n vahvistusta erityisesti matalilla taajuuksilla ja puhetaajuuksissa.\" \/>\n<meta property=\"og:url\" content=\"https:\/\/kuuloasi.fi\/sv\/produkt\/oticon-minifit-bassotippi-2venttia\/\" \/>\n<meta property=\"og:site_name\" content=\"kuuloasi.fi\" \/>\n<meta property=\"article:modified_time\" content=\"2026-04-14T09:11:44+00:00\" \/>\n<meta property=\"og:image\" content=\"https:\/\/kuuloasi.fi\/wp-content\/uploads\/2025\/12\/oticon-6mm-bassotippi-2-ventti-minifit_orig.jpg\" \/>\n\t<meta property=\"og:image:width\" content=\"1000\" \/>\n\t<meta property=\"og:image:height\" content=\"1000\" \/>\n\t<meta property=\"og:image:type\" content=\"image\/jpeg\" \/>\n<meta name=\"twitter:card\" content=\"summary_large_image\" \/>\n<meta name=\"twitter:label1\" content=\"Ber\u00e4knad l\u00e4stid\" \/>\n\t<meta name=\"twitter:data1\" content=\"1 minut\" \/>\n<script type=\"application\/ld+json\" class=\"yoast-schema-graph\">{\"@context\":\"https:\\\/\\\/schema.org\",\"@graph\":[{\"@type\":\"WebPage\",\"@id\":\"https:\\\/\\\/kuuloasi.fi\\\/tuote\\\/oticon-minifit-bassotippi-2venttia\\\/\",\"url\":\"https:\\\/\\\/kuuloasi.fi\\\/tuote\\\/oticon-minifit-bassotippi-2venttia\\\/\",\"name\":\"Oticon minifit Bassotippi, 2 ventti\u00e4 - kuuloasi.fi\",\"isPartOf\":{\"@id\":\"https:\\\/\\\/kuuloasi.fi\\\/#website\"},\"primaryImageOfPage\":{\"@id\":\"https:\\\/\\\/kuuloasi.fi\\\/tuote\\\/oticon-minifit-bassotippi-2venttia\\\/#primaryimage\"},\"image\":{\"@id\":\"https:\\\/\\\/kuuloasi.fi\\\/tuote\\\/oticon-minifit-bassotippi-2venttia\\\/#primaryimage\"},\"thumbnailUrl\":\"https:\\\/\\\/kuuloasi.fi\\\/wp-content\\\/uploads\\\/2025\\\/12\\\/oticon-6mm-bassotippi-2-ventti-minifit_orig.jpg\",\"datePublished\":\"2025-12-03T13:54:29+00:00\",\"dateModified\":\"2026-04-14T09:11:44+00:00\",\"breadcrumb\":{\"@id\":\"https:\\\/\\\/kuuloasi.fi\\\/tuote\\\/oticon-minifit-bassotippi-2venttia\\\/#breadcrumb\"},\"inLanguage\":\"sv-SE\",\"potentialAction\":[{\"@type\":\"ReadAction\",\"target\":[\"https:\\\/\\\/kuuloasi.fi\\\/tuote\\\/oticon-minifit-bassotippi-2venttia\\\/\"]}]},{\"@type\":\"ImageObject\",\"inLanguage\":\"sv-SE\",\"@id\":\"https:\\\/\\\/kuuloasi.fi\\\/tuote\\\/oticon-minifit-bassotippi-2venttia\\\/#primaryimage\",\"url\":\"https:\\\/\\\/kuuloasi.fi\\\/wp-content\\\/uploads\\\/2025\\\/12\\\/oticon-6mm-bassotippi-2-ventti-minifit_orig.jpg\",\"contentUrl\":\"https:\\\/\\\/kuuloasi.fi\\\/wp-content\\\/uploads\\\/2025\\\/12\\\/oticon-6mm-bassotippi-2-ventti-minifit_orig.jpg\",\"width\":1000,\"height\":1000},{\"@type\":\"BreadcrumbList\",\"@id\":\"https:\\\/\\\/kuuloasi.fi\\\/tuote\\\/oticon-minifit-bassotippi-2venttia\\\/#breadcrumb\",\"itemListElement\":[{\"@type\":\"ListItem\",\"position\":1,\"name\":\"Etusivu\",\"item\":\"https:\\\/\\\/kuuloasi.fi\\\/\"},{\"@type\":\"ListItem\",\"position\":2,\"name\":\"Kauppa\",\"item\":\"https:\\\/\\\/kuuloasi.fi\\\/kauppa\\\/\"},{\"@type\":\"ListItem\",\"position\":3,\"name\":\"Oticon minifit Bassotippi, 2 ventti\u00e4\"}]},{\"@type\":\"WebSite\",\"@id\":\"https:\\\/\\\/kuuloasi.fi\\\/#website\",\"url\":\"https:\\\/\\\/kuuloasi.fi\\\/\",\"name\":\"kuuloasi.fi\",\"description\":\"\",\"potentialAction\":[{\"@type\":\"SearchAction\",\"target\":{\"@type\":\"EntryPoint\",\"urlTemplate\":\"https:\\\/\\\/kuuloasi.fi\\\/?s={search_term_string}\"},\"query-input\":{\"@type\":\"PropertyValueSpecification\",\"valueRequired\":true,\"valueName\":\"search_term_string\"}}],\"inLanguage\":\"sv-SE\"}]}<\/script>\n<!-- \/ Yoast SEO plugin. -->","yoast_head_json":{"title":"Oticon minifit Bassotippi, 2 ventti\u00e4 - kuuloasi.fi","robots":{"index":"index","follow":"follow","max-snippet":"max-snippet:-1","max-image-preview":"max-image-preview:large","max-video-preview":"max-video-preview:-1"},"canonical":"https:\/\/kuuloasi.fi\/sv\/produkt\/oticon-minifit-bassotippi-2venttia\/","og_locale":"sv_SE","og_type":"article","og_title":"Oticon minifit Bassotippi, 2 ventti\u00e4 - kuuloasi.fi","og_description":"Oticon MiniFit Bassotippi 2 ventill\u00e4 \u2013 enemm\u00e4n vahvistusta ja luonnollinen kuulemiskokemus Oticon MiniFit Bassotippi 2 ventill\u00e4\u00a0on laadukas ja huomaamaton sovite, joka tarjoaa suljetumpaa istuvuutta kuin avoin tippi. Kahden ventin ansiosta se p\u00e4\u00e4st\u00e4\u00e4 osan luonnollisista \u00e4\u00e4nist\u00e4 l\u00e4pi, mutta antaa samalla enemm\u00e4n vahvistusta erityisesti matalilla taajuuksilla ja puhetaajuuksissa.","og_url":"https:\/\/kuuloasi.fi\/sv\/produkt\/oticon-minifit-bassotippi-2venttia\/","og_site_name":"kuuloasi.fi","article_modified_time":"2026-04-14T09:11:44+00:00","og_image":[{"width":1000,"height":1000,"url":"https:\/\/kuuloasi.fi\/wp-content\/uploads\/2025\/12\/oticon-6mm-bassotippi-2-ventti-minifit_orig.jpg","type":"image\/jpeg"}],"twitter_card":"summary_large_image","twitter_misc":{"Ber\u00e4knad l\u00e4stid":"1 minut"},"schema":{"@context":"https:\/\/schema.org","@graph":[{"@type":"WebPage","@id":"https:\/\/kuuloasi.fi\/tuote\/oticon-minifit-bassotippi-2venttia\/","url":"https:\/\/kuuloasi.fi\/tuote\/oticon-minifit-bassotippi-2venttia\/","name":"Oticon minifit Bassotippi, 2 ventti\u00e4 - kuuloasi.fi","isPartOf":{"@id":"https:\/\/kuuloasi.fi\/#website"},"primaryImageOfPage":{"@id":"https:\/\/kuuloasi.fi\/tuote\/oticon-minifit-bassotippi-2venttia\/#primaryimage"},"image":{"@id":"https:\/\/kuuloasi.fi\/tuote\/oticon-minifit-bassotippi-2venttia\/#primaryimage"},"thumbnailUrl":"https:\/\/kuuloasi.fi\/wp-content\/uploads\/2025\/12\/oticon-6mm-bassotippi-2-ventti-minifit_orig.jpg","datePublished":"2025-12-03T13:54:29+00:00","dateModified":"2026-04-14T09:11:44+00:00","breadcrumb":{"@id":"https:\/\/kuuloasi.fi\/tuote\/oticon-minifit-bassotippi-2venttia\/#breadcrumb"},"inLanguage":"sv-SE","potentialAction":[{"@type":"ReadAction","target":["https:\/\/kuuloasi.fi\/tuote\/oticon-minifit-bassotippi-2venttia\/"]}]},{"@type":"ImageObject","inLanguage":"sv-SE","@id":"https:\/\/kuuloasi.fi\/tuote\/oticon-minifit-bassotippi-2venttia\/#primaryimage","url":"https:\/\/kuuloasi.fi\/wp-content\/uploads\/2025\/12\/oticon-6mm-bassotippi-2-ventti-minifit_orig.jpg","contentUrl":"https:\/\/kuuloasi.fi\/wp-content\/uploads\/2025\/12\/oticon-6mm-bassotippi-2-ventti-minifit_orig.jpg","width":1000,"height":1000},{"@type":"BreadcrumbList","@id":"https:\/\/kuuloasi.fi\/tuote\/oticon-minifit-bassotippi-2venttia\/#breadcrumb","itemListElement":[{"@type":"ListItem","position":1,"name":"Etusivu","item":"https:\/\/kuuloasi.fi\/"},{"@type":"ListItem","position":2,"name":"Kauppa","item":"https:\/\/kuuloasi.fi\/kauppa\/"},{"@type":"ListItem","position":3,"name":"Oticon minifit Bassotippi, 2 ventti\u00e4"}]},{"@type":"WebSite","@id":"https:\/\/kuuloasi.fi\/#website","url":"https:\/\/kuuloasi.fi\/","name":"h\u00f6rsel.co.uk","description":"","potentialAction":[{"@type":"SearchAction","target":{"@type":"EntryPoint","urlTemplate":"https:\/\/kuuloasi.fi\/?s={search_term_string}"},"query-input":{"@type":"PropertyValueSpecification","valueRequired":true,"valueName":"search_term_string"}}],"inLanguage":"sv-SE"}]}},"_links":{"self":[{"href":"https:\/\/kuuloasi.fi\/sv\/wp-json\/wp\/v2\/product\/581","targetHints":{"allow":["GET"]}}],"collection":[{"href":"https:\/\/kuuloasi.fi\/sv\/wp-json\/wp\/v2\/product"}],"about":[{"href":"https:\/\/kuuloasi.fi\/sv\/wp-json\/wp\/v2\/types\/product"}],"replies":[{"embeddable":true,"href":"https:\/\/kuuloasi.fi\/sv\/wp-json\/wp\/v2\/comments?post=581"}],"wp:featuredmedia":[{"embeddable":true,"href":"https:\/\/kuuloasi.fi\/sv\/wp-json\/wp\/v2\/media\/586"}],"wp:attachment":[{"href":"https:\/\/kuuloasi.fi\/sv\/wp-json\/wp\/v2\/media?parent=581"}],"wp:term":[{"taxonomy":"product_brand","embeddable":true,"href":"https:\/\/kuuloasi.fi\/sv\/wp-json\/wp\/v2\/product_brand?post=581"},{"taxonomy":"product_cat","embeddable":true,"href":"https:\/\/kuuloasi.fi\/sv\/wp-json\/wp\/v2\/product_cat?post=581"},{"taxonomy":"product_tag","embeddable":true,"href":"https:\/\/kuuloasi.fi\/sv\/wp-json\/wp\/v2\/product_tag?post=581"}],"curies":[{"name":"wp","href":"https:\/\/api.w.org\/{rel}","templated":true}]}}