{"id":572,"date":"2025-12-03T13:36:28","date_gmt":"2025-12-03T13:36:28","guid":{"rendered":"https:\/\/kuuloasi.fi\/?post_type=product&#038;p=572"},"modified":"2026-04-03T07:51:57","modified_gmt":"2026-04-03T07:51:57","slug":"oticon-minifit-bassotippi-1ventti","status":"publish","type":"product","link":"https:\/\/kuuloasi.fi\/sv\/produkt\/oticon-minifit-bassotippi-1ventti\/","title":{"rendered":"Oticon minifit basspets, 1 ventil"},"content":{"rendered":"<p><iframe title=\"Byte av spets p\u00e5 h\u00f6rapparat\" width=\"800\" height=\"450\" src=\"https:\/\/www.youtube.com\/embed\/9MKWhWD0MN4?feature=oembed\" frameborder=\"0\" allow=\"accelerometer; autoplay; clipboard-write; encrypted-media; gyroscope; picture-in-picture; web-share\" referrerpolicy=\"strict-origin-when-cross-origin\" allowfullscreen><\/iframe><\/p>\n<h2 tabindex=\"0\" data-end=\"701\" data-start=\"677\">Produktens egenskaper<\/h2>\n<ul data-end=\"1029\" data-start=\"703\">\n<li data-end=\"759\" data-start=\"703\">\n<p data-end=\"759\" data-start=\"705\">Mjukt material som formar sig efter h\u00f6rselg\u00e5ngen<\/p>\n<\/li>\n<li data-end=\"806\" data-start=\"760\">\n<p data-end=\"806\" data-start=\"762\">Diskret, tydligt och transparent utseende<\/p>\n<\/li>\n<li data-end=\"892\" data-start=\"807\">\n<p data-end=\"892\" data-start=\"809\">Enkel ventil minskar ocklusionen i h\u00f6rselg\u00e5ngen och ger ett mer naturligt ljud<\/p>\n<\/li>\n<li data-end=\"971\" data-start=\"893\">\n<p data-end=\"971\" data-start=\"895\">F\u00f6rst\u00e4rker l\u00e5ga frekvenser och talfrekvenser j\u00e4mf\u00f6rt med en \u00f6ppen droppe<\/p>\n<\/li>\n<li data-end=\"1029\" data-start=\"972\">\n<p data-end=\"1029\" data-start=\"974\">L\u00e4tt att s\u00e4tta fast och ta bort h\u00f6rapparaten fr\u00e5n \u00f6ronsn\u00e4ckan<\/p>\n<\/li>\n<\/ul>\n<h2 tabindex=\"0\" data-end=\"1053\" data-start=\"1036\"><\/h2>\n<h2 tabindex=\"0\" data-end=\"1053\" data-start=\"1036\">Kompatibilitet<\/h2>\n<p data-end=\"1089\" data-start=\"1055\">Passar f\u00f6ljande h\u00f6rapparater:<\/p>\n<ul data-end=\"1185\" data-start=\"1091\">\n<li data-end=\"1142\" data-start=\"1091\">\n<p data-end=\"1142\" data-start=\"1093\"><strong data-end=\"1104\" data-start=\"1093\">Oticon:<\/strong>\u00a0Avsikt, Verklig, Mer, Zircon, Spela PX<\/p>\n<\/li>\n<li data-end=\"1185\" data-start=\"1143\">\n<p data-end=\"1185\" data-start=\"1145\"><strong data-end=\"1158\" data-start=\"1145\">Bernafon:<\/strong>\u00a0Encanta, Alpha XT, Alpha<\/p>\n<\/li>\n<\/ul>\n<h2 tabindex=\"0\" data-end=\"1210\" data-start=\"1192\"><\/h2>\n<h2 tabindex=\"0\" data-end=\"1210\" data-start=\"1192\">Storlekar och f\u00f6rpackningar<\/h2>\n<ul data-end=\"1360\" data-start=\"1212\">\n<li data-end=\"1252\" data-start=\"1212\">\n<p data-end=\"1252\" data-start=\"1214\">Storlekar:\u00a0<strong data-end=\"1250\" data-start=\"1220\">6 mm, 8 mm, 10 mm och 12 mm<\/strong><\/p>\n<\/li>\n<li data-end=\"1294\" data-start=\"1253\">\n<p data-end=\"1294\" data-start=\"1255\">V\u00e4lj l\u00e4mplig storlek fr\u00e5n rullgardinsmenyn<\/p>\n<\/li>\n<li data-end=\"1360\" data-start=\"1295\">\n<p data-end=\"1360\" data-start=\"1297\"><strong data-end=\"1321\" data-start=\"1297\">F\u00f6rpackning med 10 stycken<\/strong>\u00a0(eng\u00e5ngsspetsar\/adaptrar)<\/p>\n<\/li>\n<\/ul>\n<p data-end=\"1518\" data-start=\"1362\">Observera! Tillverkningsdatumet kan vara synligt p\u00e5 f\u00f6rpackningen. Dropparna kan anv\u00e4ndas i flera \u00e5r fr\u00e5n tillverkningsdatumet, f\u00f6rutsatt att de f\u00f6rvaras i sin egen f\u00f6rpackning.<\/p>\n<h2 tabindex=\"0\" data-end=\"1550\" data-start=\"1525\"><\/h2>\n<h2 tabindex=\"0\" data-end=\"1550\" data-start=\"1525\">Varf\u00f6r \u00e4r det viktigt med tips?<\/h2>\n<p data-end=\"1597\" data-start=\"1552\">En korrekt dimensionerad droppe, d.v.s. en armatur, s\u00e4kerst\u00e4ller detta:<\/p>\n<ul data-end=\"1728\" data-start=\"1598\">\n<li data-end=\"1643\" data-start=\"1598\">\n<p data-end=\"1643\" data-start=\"1600\">F\u00e5 ut det b\u00e4sta av din h\u00f6rapparat<\/p>\n<\/li>\n<li data-end=\"1677\" data-start=\"1644\">\n<p data-end=\"1677\" data-start=\"1646\">Naturligt och klart ljud<\/p>\n<\/li>\n<li data-end=\"1728\" data-start=\"1678\">\n<p data-end=\"1728\" data-start=\"1680\">Komfort \u00e4ven efter l\u00e5nga anv\u00e4ndningsperioder<\/p>\n<\/li>\n<\/ul>\n<p data-end=\"1980\" data-start=\"1730\">Typ och storlek p\u00e5 spetsen beror p\u00e5 h\u00f6rapparatens fabrikat och modell, h\u00f6rselg\u00e5ngens anatomi och graden av h\u00f6rselneds\u00e4ttning. H\u00f6rselv\u00e5rden best\u00e4mmer l\u00e4mplig spetsstorlek vid utprovningen, och denna information finns vanligtvis i bruksanvisningen eller i utprovningshandlingarna.<\/p>\n<h2 tabindex=\"0\" data-end=\"2006\" data-start=\"1987\"><\/h2>\n<h2 tabindex=\"0\" data-end=\"2006\" data-start=\"1987\">Anv\u00e4ndning och utbyte<\/h2>\n<ul data-end=\"2180\" data-start=\"2008\">\n<li data-end=\"2114\" data-start=\"2008\">\n<p data-end=\"2114\" data-start=\"2010\"><strong data-end=\"2025\" data-start=\"2010\">Utbytesintervall:<\/strong>\u00a0minst en g\u00e5ng i m\u00e5naden, eller oftare om droppen blir smutsig eller obekv\u00e4m<\/p>\n<\/li>\n<li data-end=\"2180\" data-start=\"2115\">\n<p data-end=\"2180\" data-start=\"2117\"><strong data-end=\"2131\" data-start=\"2117\">Reng\u00f6ring:<\/strong>\u00a0torka av dagligen, t.ex. med en reng\u00f6ringsduk<\/p>\n<\/li>\n<\/ul>\n<p data-end=\"2200\" data-start=\"2182\"><strong data-end=\"2198\" data-start=\"2182\">Instruktioner f\u00f6r byte:<\/strong><\/p>\n<ol data-end=\"2430\" data-start=\"2201\">\n<li data-end=\"2287\" data-start=\"2201\">\n<p data-end=\"2287\" data-start=\"2204\">H\u00e5ll i \u00f6ronsn\u00e4ckan och dra f\u00f6rsiktigt bort den gamla spetsen fr\u00e5n kanten f\u00f6r att ta bort den.<\/p>\n<\/li>\n<li data-end=\"2356\" data-start=\"2288\">\n<p data-end=\"2356\" data-start=\"2291\">F\u00f6r in den nya droppen i \u00f6ronsn\u00e4ckan fr\u00e5n mitten till basen.<\/p>\n<\/li>\n<li data-end=\"2430\" data-start=\"2357\">\n<p data-end=\"2430\" data-start=\"2360\">Tryck h\u00e5rt igen f\u00f6r att s\u00e4kerst\u00e4lla att droppen sitter ordentligt fast.<\/p>\n<\/li>\n<\/ol>\n<h2 tabindex=\"0\" data-end=\"2450\" data-start=\"2437\"><\/h2>\n<h2 tabindex=\"0\" data-end=\"2450\" data-start=\"2437\">Sammanfattning<\/h2>\n<p data-end=\"2717\" data-start=\"2452\">Oticon MiniFit Bass Tip med 1 ventil ger ett naturligt ljud, en bra passform och en f\u00f6rb\u00e4ttrad lyssningsupplevelse, s\u00e4rskilt n\u00e4r det g\u00e4ller tal och l\u00e5ga frekvenser. V\u00e4lj r\u00e4tt storlek och byt ut regelbundet f\u00f6r att dina h\u00f6rapparater ska fungera optimalt.<\/p>","protected":false},"excerpt":{"rendered":"<p><strong data-end=\"355\" data-start=\"278\">Naturligt ljud och bra passform<\/strong><\/p>\n<p data-end=\"670\" data-start=\"357\"><strong data-end=\"386\" data-start=\"357\">Oticon MiniFit basspets<\/strong>\u00a0\u00e4r en h\u00f6gkvalitativ, diskret anpassning som \u00e4r utformad f\u00f6r att ge en bekv\u00e4m anv\u00e4ndarupplevelse och tydlig ljudkvalitet. Denna\u00a0<strong data-end=\"542\" data-start=\"506\">1 basspets med ventil<\/strong>\u00a0kombinerar en naturlig lyssningsupplevelse med b\u00e4ttre l\u00e5gfrekvensf\u00f6rst\u00e4rkning n\u00e4r du lyssnar p\u00e5 livemusik, till exempel.<\/p>","protected":false},"featured_media":577,"comment_status":"closed","ping_status":"closed","template":"","meta":{"_acf_changed":false},"product_brand":[],"product_cat":[70,22],"product_tag":[89,90,77],"class_list":{"0":"post-572","1":"product","2":"type-product","3":"status-publish","4":"has-post-thumbnail","6":"product_cat-oticon","7":"product_cat-varaosat","8":"product_tag-minifit","9":"product_tag-oticon","10":"product_tag-tippi","12":"first","13":"instock","14":"taxable","15":"shipping-taxable","16":"purchasable","17":"product-type-variable"},"acf":[],"yoast_head":"<!-- This site is optimized with the Yoast SEO plugin v27.4 - https:\/\/yoast.com\/product\/yoast-seo-wordpress\/ -->\n<title>Oticon minifit Bassotippi, 1 ventti - kuuloasi.fi<\/title>\n<meta name=\"robots\" content=\"index, follow, max-snippet:-1, max-image-preview:large, max-video-preview:-1\" \/>\n<link rel=\"canonical\" href=\"https:\/\/kuuloasi.fi\/sv\/produkt\/oticon-minifit-bassotippi-1ventti\/\" \/>\n<meta property=\"og:locale\" content=\"sv_SE\" \/>\n<meta property=\"og:type\" content=\"article\" \/>\n<meta property=\"og:title\" content=\"Oticon minifit Bassotippi, 1 ventti - kuuloasi.fi\" \/>\n<meta property=\"og:description\" content=\"Luonnollinen \u00e4\u00e4ni ja hyv\u00e4 istuvuus Oticon MiniFit Bassotippi\u00a0on laadukas ja huomaamaton sovite, joka on suunniteltu tarjoamaan miellytt\u00e4v\u00e4 k\u00e4ytt\u00f6kokemus ja selke\u00e4 \u00e4\u00e4nenlaatu. T\u00e4m\u00e4\u00a01 ventill\u00e4 varustettu bassotippi\u00a0yhdist\u00e4\u00e4 luonnollisen kuulemiskokemuksen ja paremman matalien taajuuksien vahvistuksen esimerkiksi suoratoistoa kuunnellessa.\" \/>\n<meta property=\"og:url\" content=\"https:\/\/kuuloasi.fi\/sv\/produkt\/oticon-minifit-bassotippi-1ventti\/\" \/>\n<meta property=\"og:site_name\" content=\"kuuloasi.fi\" \/>\n<meta property=\"article:modified_time\" content=\"2026-04-03T07:51:57+00:00\" \/>\n<meta property=\"og:image\" content=\"https:\/\/kuuloasi.fi\/wp-content\/uploads\/2025\/12\/oticon-bassotippi-6mm-yksi-ventti-minifit_orig.jpg\" \/>\n\t<meta property=\"og:image:width\" content=\"1000\" \/>\n\t<meta property=\"og:image:height\" content=\"1000\" \/>\n\t<meta property=\"og:image:type\" content=\"image\/jpeg\" \/>\n<meta name=\"twitter:card\" content=\"summary_large_image\" \/>\n<meta name=\"twitter:label1\" content=\"Ber\u00e4knad l\u00e4stid\" \/>\n\t<meta name=\"twitter:data1\" content=\"1 minut\" \/>\n<script type=\"application\/ld+json\" class=\"yoast-schema-graph\">{\"@context\":\"https:\\\/\\\/schema.org\",\"@graph\":[{\"@type\":\"WebPage\",\"@id\":\"https:\\\/\\\/kuuloasi.fi\\\/tuote\\\/oticon-minifit-bassotippi-1ventti\\\/\",\"url\":\"https:\\\/\\\/kuuloasi.fi\\\/tuote\\\/oticon-minifit-bassotippi-1ventti\\\/\",\"name\":\"Oticon minifit Bassotippi, 1 ventti - kuuloasi.fi\",\"isPartOf\":{\"@id\":\"https:\\\/\\\/kuuloasi.fi\\\/#website\"},\"primaryImageOfPage\":{\"@id\":\"https:\\\/\\\/kuuloasi.fi\\\/tuote\\\/oticon-minifit-bassotippi-1ventti\\\/#primaryimage\"},\"image\":{\"@id\":\"https:\\\/\\\/kuuloasi.fi\\\/tuote\\\/oticon-minifit-bassotippi-1ventti\\\/#primaryimage\"},\"thumbnailUrl\":\"https:\\\/\\\/kuuloasi.fi\\\/wp-content\\\/uploads\\\/2025\\\/12\\\/oticon-bassotippi-6mm-yksi-ventti-minifit_orig.jpg\",\"datePublished\":\"2025-12-03T13:36:28+00:00\",\"dateModified\":\"2026-04-03T07:51:57+00:00\",\"breadcrumb\":{\"@id\":\"https:\\\/\\\/kuuloasi.fi\\\/tuote\\\/oticon-minifit-bassotippi-1ventti\\\/#breadcrumb\"},\"inLanguage\":\"sv-SE\",\"potentialAction\":[{\"@type\":\"ReadAction\",\"target\":[\"https:\\\/\\\/kuuloasi.fi\\\/tuote\\\/oticon-minifit-bassotippi-1ventti\\\/\"]}]},{\"@type\":\"ImageObject\",\"inLanguage\":\"sv-SE\",\"@id\":\"https:\\\/\\\/kuuloasi.fi\\\/tuote\\\/oticon-minifit-bassotippi-1ventti\\\/#primaryimage\",\"url\":\"https:\\\/\\\/kuuloasi.fi\\\/wp-content\\\/uploads\\\/2025\\\/12\\\/oticon-bassotippi-6mm-yksi-ventti-minifit_orig.jpg\",\"contentUrl\":\"https:\\\/\\\/kuuloasi.fi\\\/wp-content\\\/uploads\\\/2025\\\/12\\\/oticon-bassotippi-6mm-yksi-ventti-minifit_orig.jpg\",\"width\":1000,\"height\":1000},{\"@type\":\"BreadcrumbList\",\"@id\":\"https:\\\/\\\/kuuloasi.fi\\\/tuote\\\/oticon-minifit-bassotippi-1ventti\\\/#breadcrumb\",\"itemListElement\":[{\"@type\":\"ListItem\",\"position\":1,\"name\":\"Etusivu\",\"item\":\"https:\\\/\\\/kuuloasi.fi\\\/\"},{\"@type\":\"ListItem\",\"position\":2,\"name\":\"Kauppa\",\"item\":\"https:\\\/\\\/kuuloasi.fi\\\/kauppa\\\/\"},{\"@type\":\"ListItem\",\"position\":3,\"name\":\"Oticon minifit Bassotippi, 1 ventti\"}]},{\"@type\":\"WebSite\",\"@id\":\"https:\\\/\\\/kuuloasi.fi\\\/#website\",\"url\":\"https:\\\/\\\/kuuloasi.fi\\\/\",\"name\":\"kuuloasi.fi\",\"description\":\"\",\"potentialAction\":[{\"@type\":\"SearchAction\",\"target\":{\"@type\":\"EntryPoint\",\"urlTemplate\":\"https:\\\/\\\/kuuloasi.fi\\\/?s={search_term_string}\"},\"query-input\":{\"@type\":\"PropertyValueSpecification\",\"valueRequired\":true,\"valueName\":\"search_term_string\"}}],\"inLanguage\":\"sv-SE\"}]}<\/script>\n<!-- \/ Yoast SEO plugin. -->","yoast_head_json":{"title":"Oticon minifit Bassotippi, 1 ventti - kuuloasi.fi","robots":{"index":"index","follow":"follow","max-snippet":"max-snippet:-1","max-image-preview":"max-image-preview:large","max-video-preview":"max-video-preview:-1"},"canonical":"https:\/\/kuuloasi.fi\/sv\/produkt\/oticon-minifit-bassotippi-1ventti\/","og_locale":"sv_SE","og_type":"article","og_title":"Oticon minifit Bassotippi, 1 ventti - kuuloasi.fi","og_description":"Luonnollinen \u00e4\u00e4ni ja hyv\u00e4 istuvuus Oticon MiniFit Bassotippi\u00a0on laadukas ja huomaamaton sovite, joka on suunniteltu tarjoamaan miellytt\u00e4v\u00e4 k\u00e4ytt\u00f6kokemus ja selke\u00e4 \u00e4\u00e4nenlaatu. T\u00e4m\u00e4\u00a01 ventill\u00e4 varustettu bassotippi\u00a0yhdist\u00e4\u00e4 luonnollisen kuulemiskokemuksen ja paremman matalien taajuuksien vahvistuksen esimerkiksi suoratoistoa kuunnellessa.","og_url":"https:\/\/kuuloasi.fi\/sv\/produkt\/oticon-minifit-bassotippi-1ventti\/","og_site_name":"kuuloasi.fi","article_modified_time":"2026-04-03T07:51:57+00:00","og_image":[{"width":1000,"height":1000,"url":"https:\/\/kuuloasi.fi\/wp-content\/uploads\/2025\/12\/oticon-bassotippi-6mm-yksi-ventti-minifit_orig.jpg","type":"image\/jpeg"}],"twitter_card":"summary_large_image","twitter_misc":{"Ber\u00e4knad l\u00e4stid":"1 minut"},"schema":{"@context":"https:\/\/schema.org","@graph":[{"@type":"WebPage","@id":"https:\/\/kuuloasi.fi\/tuote\/oticon-minifit-bassotippi-1ventti\/","url":"https:\/\/kuuloasi.fi\/tuote\/oticon-minifit-bassotippi-1ventti\/","name":"Oticon minifit Bassotippi, 1 ventti - kuuloasi.fi","isPartOf":{"@id":"https:\/\/kuuloasi.fi\/#website"},"primaryImageOfPage":{"@id":"https:\/\/kuuloasi.fi\/tuote\/oticon-minifit-bassotippi-1ventti\/#primaryimage"},"image":{"@id":"https:\/\/kuuloasi.fi\/tuote\/oticon-minifit-bassotippi-1ventti\/#primaryimage"},"thumbnailUrl":"https:\/\/kuuloasi.fi\/wp-content\/uploads\/2025\/12\/oticon-bassotippi-6mm-yksi-ventti-minifit_orig.jpg","datePublished":"2025-12-03T13:36:28+00:00","dateModified":"2026-04-03T07:51:57+00:00","breadcrumb":{"@id":"https:\/\/kuuloasi.fi\/tuote\/oticon-minifit-bassotippi-1ventti\/#breadcrumb"},"inLanguage":"sv-SE","potentialAction":[{"@type":"ReadAction","target":["https:\/\/kuuloasi.fi\/tuote\/oticon-minifit-bassotippi-1ventti\/"]}]},{"@type":"ImageObject","inLanguage":"sv-SE","@id":"https:\/\/kuuloasi.fi\/tuote\/oticon-minifit-bassotippi-1ventti\/#primaryimage","url":"https:\/\/kuuloasi.fi\/wp-content\/uploads\/2025\/12\/oticon-bassotippi-6mm-yksi-ventti-minifit_orig.jpg","contentUrl":"https:\/\/kuuloasi.fi\/wp-content\/uploads\/2025\/12\/oticon-bassotippi-6mm-yksi-ventti-minifit_orig.jpg","width":1000,"height":1000},{"@type":"BreadcrumbList","@id":"https:\/\/kuuloasi.fi\/tuote\/oticon-minifit-bassotippi-1ventti\/#breadcrumb","itemListElement":[{"@type":"ListItem","position":1,"name":"Etusivu","item":"https:\/\/kuuloasi.fi\/"},{"@type":"ListItem","position":2,"name":"Kauppa","item":"https:\/\/kuuloasi.fi\/kauppa\/"},{"@type":"ListItem","position":3,"name":"Oticon minifit Bassotippi, 1 ventti"}]},{"@type":"WebSite","@id":"https:\/\/kuuloasi.fi\/#website","url":"https:\/\/kuuloasi.fi\/","name":"h\u00f6rsel.co.uk","description":"","potentialAction":[{"@type":"SearchAction","target":{"@type":"EntryPoint","urlTemplate":"https:\/\/kuuloasi.fi\/?s={search_term_string}"},"query-input":{"@type":"PropertyValueSpecification","valueRequired":true,"valueName":"search_term_string"}}],"inLanguage":"sv-SE"}]}},"_links":{"self":[{"href":"https:\/\/kuuloasi.fi\/sv\/wp-json\/wp\/v2\/product\/572","targetHints":{"allow":["GET"]}}],"collection":[{"href":"https:\/\/kuuloasi.fi\/sv\/wp-json\/wp\/v2\/product"}],"about":[{"href":"https:\/\/kuuloasi.fi\/sv\/wp-json\/wp\/v2\/types\/product"}],"replies":[{"embeddable":true,"href":"https:\/\/kuuloasi.fi\/sv\/wp-json\/wp\/v2\/comments?post=572"}],"wp:featuredmedia":[{"embeddable":true,"href":"https:\/\/kuuloasi.fi\/sv\/wp-json\/wp\/v2\/media\/577"}],"wp:attachment":[{"href":"https:\/\/kuuloasi.fi\/sv\/wp-json\/wp\/v2\/media?parent=572"}],"wp:term":[{"taxonomy":"product_brand","embeddable":true,"href":"https:\/\/kuuloasi.fi\/sv\/wp-json\/wp\/v2\/product_brand?post=572"},{"taxonomy":"product_cat","embeddable":true,"href":"https:\/\/kuuloasi.fi\/sv\/wp-json\/wp\/v2\/product_cat?post=572"},{"taxonomy":"product_tag","embeddable":true,"href":"https:\/\/kuuloasi.fi\/sv\/wp-json\/wp\/v2\/product_tag?post=572"}],"curies":[{"name":"wp","href":"https:\/\/api.w.org\/{rel}","templated":true}]}}