{"id":561,"date":"2025-12-03T12:43:53","date_gmt":"2025-12-03T12:43:53","guid":{"rendered":"https:\/\/kuuloasi.fi\/?post_type=product&#038;p=561"},"modified":"2026-04-16T09:39:52","modified_gmt":"2026-04-16T09:39:52","slug":"kuulokojeen-valiletku-40cm","status":"publish","type":"product","link":"https:\/\/kuuloasi.fi\/sv\/produkt\/kuulokojeen-valiletku-40cm\/","title":{"rendered":"H\u00f6rapparat mellanslang 40cm"},"content":{"rendered":"<p><iframe title=\"Byte av mellanr\u00f6r i h\u00f6rapparat\" width=\"800\" height=\"450\" src=\"https:\/\/www.youtube.com\/embed\/_bcwL-e_B4k?feature=oembed\" frameborder=\"0\" allow=\"accelerometer; autoplay; clipboard-write; encrypted-media; gyroscope; picture-in-picture; web-share\" referrerpolicy=\"strict-origin-when-cross-origin\" allowfullscreen><\/iframe><\/p>\n<p><strong>Byte av slang<\/strong><\/p>\n<p>Vi rekommenderar att du byter mellanslang ungef\u00e4r en g\u00e5ng i m\u00e5naden, eftersom en h\u00e5rd mellanslang kan skada kroken p\u00e5 h\u00f6rapparaten eller \u00f6ronsn\u00e4ckan. Dessutom f\u00f6rs\u00e4mrar h\u00e4rdningen ljud\u00f6verf\u00f6ringen, vilket p\u00e5verkar h\u00f6rapparatens funktion. Regelbundet byte s\u00e4kerst\u00e4ller b\u00e4sta m\u00f6jliga ljudkvalitet och h\u00e5llbarhet hos h\u00f6rapparaten.<\/p>\n<p><strong>Hitta fler h\u00f6rapparater<\/strong><\/p>\n<p>Kolla in v\u00e5rt breda sortiment av h\u00f6rapparater online och se till att dina h\u00f6rapparater alltid fungerar p\u00e5 b\u00e4sta s\u00e4tt. Vi har alla h\u00f6rseltillbeh\u00f6r du beh\u00f6ver, oavsett om det \u00e4r en ers\u00e4ttningsslang, batterier eller andra reservdelar.<\/p>","protected":false},"excerpt":{"rendered":"<p>H\u00f6rapparatens mellanslang \u00e4r ett viktigt h\u00f6rseltillbeh\u00f6r som ansluter h\u00f6rapparaten till den individuella \u00f6ronsn\u00e4ckan. Den h\u00e4r diskreta, transparenta mellanslangen passar alla h\u00f6rapparater som anv\u00e4nder en personlig \u00f6ronsn\u00e4cka. Den \u00e4r 40 cm l\u00e5ng och kan enkelt klippas till exakt samma storlek som den gamla slangen f\u00f6r att f\u00e5 r\u00e4tt l\u00e4ngd.<\/p>","protected":false},"featured_media":562,"comment_status":"closed","ping_status":"closed","template":"","meta":{"_acf_changed":false},"product_brand":[],"product_cat":[25,70,71,69,72,22,73],"product_tag":[84,83],"class_list":{"0":"post-561","1":"product","2":"type-product","3":"status-publish","4":"has-post-thumbnail","6":"product_cat-muut-tuotteet","7":"product_cat-oticon","8":"product_cat-phonak","9":"product_cat-resound","10":"product_cat-signia","11":"product_cat-varaosat","12":"product_cat-widex","13":"product_tag-letku","14":"product_tag-valiletku","16":"first","17":"instock","18":"taxable","19":"shipping-taxable","20":"purchasable","21":"product-type-simple"},"acf":[],"yoast_head":"<!-- This site is optimized with the Yoast SEO plugin v27.4 - https:\/\/yoast.com\/product\/yoast-seo-wordpress\/ -->\n<title>Kuulokojeen v\u00e4liletku 40cm - kuuloasi.fi<\/title>\n<meta name=\"robots\" content=\"index, follow, max-snippet:-1, max-image-preview:large, max-video-preview:-1\" \/>\n<link rel=\"canonical\" href=\"https:\/\/kuuloasi.fi\/sv\/produkt\/kuulokojeen-valiletku-40cm\/\" \/>\n<meta property=\"og:locale\" content=\"sv_SE\" \/>\n<meta property=\"og:type\" content=\"article\" \/>\n<meta property=\"og:title\" content=\"Kuulokojeen v\u00e4liletku 40cm - kuuloasi.fi\" \/>\n<meta property=\"og:description\" content=\"Kuulokojeen v\u00e4liletku on olennainen kuulotarvike, joka yhdist\u00e4\u00e4 kuulolaitteen ja yksil\u00f6llisen korvakappaleen. T\u00e4m\u00e4 huomaamaton, l\u00e4pin\u00e4kyv\u00e4 v\u00e4liletku sopii kaikkiin kuulokojeisiin, joissa k\u00e4ytet\u00e4\u00e4n yksil\u00f6llist\u00e4 korvakappaletta. V\u00e4liletku on 40 cm pitk\u00e4, ja sen voi leikata helposti juuri sopivan kokoiseksi vanhan letkun mukaan, jotta pituus pysyy oikeana.\" \/>\n<meta property=\"og:url\" content=\"https:\/\/kuuloasi.fi\/sv\/produkt\/kuulokojeen-valiletku-40cm\/\" \/>\n<meta property=\"og:site_name\" content=\"kuuloasi.fi\" \/>\n<meta property=\"article:modified_time\" content=\"2026-04-16T09:39:52+00:00\" \/>\n<meta property=\"og:image\" content=\"https:\/\/kuuloasi.fi\/wp-content\/uploads\/2025\/12\/vaeliletku-228x228-1.jpg\" \/>\n\t<meta property=\"og:image:width\" content=\"228\" \/>\n\t<meta property=\"og:image:height\" content=\"228\" \/>\n\t<meta property=\"og:image:type\" content=\"image\/jpeg\" \/>\n<meta name=\"twitter:card\" content=\"summary_large_image\" \/>\n<script type=\"application\/ld+json\" class=\"yoast-schema-graph\">{\"@context\":\"https:\\\/\\\/schema.org\",\"@graph\":[{\"@type\":\"WebPage\",\"@id\":\"https:\\\/\\\/kuuloasi.fi\\\/tuote\\\/kuulokojeen-valiletku-40cm\\\/\",\"url\":\"https:\\\/\\\/kuuloasi.fi\\\/tuote\\\/kuulokojeen-valiletku-40cm\\\/\",\"name\":\"Kuulokojeen v\u00e4liletku 40cm - kuuloasi.fi\",\"isPartOf\":{\"@id\":\"https:\\\/\\\/kuuloasi.fi\\\/#website\"},\"primaryImageOfPage\":{\"@id\":\"https:\\\/\\\/kuuloasi.fi\\\/tuote\\\/kuulokojeen-valiletku-40cm\\\/#primaryimage\"},\"image\":{\"@id\":\"https:\\\/\\\/kuuloasi.fi\\\/tuote\\\/kuulokojeen-valiletku-40cm\\\/#primaryimage\"},\"thumbnailUrl\":\"https:\\\/\\\/kuuloasi.fi\\\/wp-content\\\/uploads\\\/2025\\\/12\\\/vaeliletku-228x228-1.jpg\",\"datePublished\":\"2025-12-03T12:43:53+00:00\",\"dateModified\":\"2026-04-16T09:39:52+00:00\",\"breadcrumb\":{\"@id\":\"https:\\\/\\\/kuuloasi.fi\\\/tuote\\\/kuulokojeen-valiletku-40cm\\\/#breadcrumb\"},\"inLanguage\":\"sv-SE\",\"potentialAction\":[{\"@type\":\"ReadAction\",\"target\":[\"https:\\\/\\\/kuuloasi.fi\\\/tuote\\\/kuulokojeen-valiletku-40cm\\\/\"]}]},{\"@type\":\"ImageObject\",\"inLanguage\":\"sv-SE\",\"@id\":\"https:\\\/\\\/kuuloasi.fi\\\/tuote\\\/kuulokojeen-valiletku-40cm\\\/#primaryimage\",\"url\":\"https:\\\/\\\/kuuloasi.fi\\\/wp-content\\\/uploads\\\/2025\\\/12\\\/vaeliletku-228x228-1.jpg\",\"contentUrl\":\"https:\\\/\\\/kuuloasi.fi\\\/wp-content\\\/uploads\\\/2025\\\/12\\\/vaeliletku-228x228-1.jpg\",\"width\":228,\"height\":228},{\"@type\":\"BreadcrumbList\",\"@id\":\"https:\\\/\\\/kuuloasi.fi\\\/tuote\\\/kuulokojeen-valiletku-40cm\\\/#breadcrumb\",\"itemListElement\":[{\"@type\":\"ListItem\",\"position\":1,\"name\":\"Etusivu\",\"item\":\"https:\\\/\\\/kuuloasi.fi\\\/\"},{\"@type\":\"ListItem\",\"position\":2,\"name\":\"Kauppa\",\"item\":\"https:\\\/\\\/kuuloasi.fi\\\/kauppa\\\/\"},{\"@type\":\"ListItem\",\"position\":3,\"name\":\"Kuulokojeen v\u00e4liletku 40cm\"}]},{\"@type\":\"WebSite\",\"@id\":\"https:\\\/\\\/kuuloasi.fi\\\/#website\",\"url\":\"https:\\\/\\\/kuuloasi.fi\\\/\",\"name\":\"kuuloasi.fi\",\"description\":\"\",\"potentialAction\":[{\"@type\":\"SearchAction\",\"target\":{\"@type\":\"EntryPoint\",\"urlTemplate\":\"https:\\\/\\\/kuuloasi.fi\\\/?s={search_term_string}\"},\"query-input\":{\"@type\":\"PropertyValueSpecification\",\"valueRequired\":true,\"valueName\":\"search_term_string\"}}],\"inLanguage\":\"sv-SE\"}]}<\/script>\n<!-- \/ Yoast SEO plugin. -->","yoast_head_json":{"title":"Kuulokojeen v\u00e4liletku 40cm - kuuloasi.fi","robots":{"index":"index","follow":"follow","max-snippet":"max-snippet:-1","max-image-preview":"max-image-preview:large","max-video-preview":"max-video-preview:-1"},"canonical":"https:\/\/kuuloasi.fi\/sv\/produkt\/kuulokojeen-valiletku-40cm\/","og_locale":"sv_SE","og_type":"article","og_title":"Kuulokojeen v\u00e4liletku 40cm - kuuloasi.fi","og_description":"Kuulokojeen v\u00e4liletku on olennainen kuulotarvike, joka yhdist\u00e4\u00e4 kuulolaitteen ja yksil\u00f6llisen korvakappaleen. T\u00e4m\u00e4 huomaamaton, l\u00e4pin\u00e4kyv\u00e4 v\u00e4liletku sopii kaikkiin kuulokojeisiin, joissa k\u00e4ytet\u00e4\u00e4n yksil\u00f6llist\u00e4 korvakappaletta. V\u00e4liletku on 40 cm pitk\u00e4, ja sen voi leikata helposti juuri sopivan kokoiseksi vanhan letkun mukaan, jotta pituus pysyy oikeana.","og_url":"https:\/\/kuuloasi.fi\/sv\/produkt\/kuulokojeen-valiletku-40cm\/","og_site_name":"kuuloasi.fi","article_modified_time":"2026-04-16T09:39:52+00:00","og_image":[{"width":228,"height":228,"url":"https:\/\/kuuloasi.fi\/wp-content\/uploads\/2025\/12\/vaeliletku-228x228-1.jpg","type":"image\/jpeg"}],"twitter_card":"summary_large_image","schema":{"@context":"https:\/\/schema.org","@graph":[{"@type":"WebPage","@id":"https:\/\/kuuloasi.fi\/tuote\/kuulokojeen-valiletku-40cm\/","url":"https:\/\/kuuloasi.fi\/tuote\/kuulokojeen-valiletku-40cm\/","name":"Kuulokojeen v\u00e4liletku 40cm - kuuloasi.fi","isPartOf":{"@id":"https:\/\/kuuloasi.fi\/#website"},"primaryImageOfPage":{"@id":"https:\/\/kuuloasi.fi\/tuote\/kuulokojeen-valiletku-40cm\/#primaryimage"},"image":{"@id":"https:\/\/kuuloasi.fi\/tuote\/kuulokojeen-valiletku-40cm\/#primaryimage"},"thumbnailUrl":"https:\/\/kuuloasi.fi\/wp-content\/uploads\/2025\/12\/vaeliletku-228x228-1.jpg","datePublished":"2025-12-03T12:43:53+00:00","dateModified":"2026-04-16T09:39:52+00:00","breadcrumb":{"@id":"https:\/\/kuuloasi.fi\/tuote\/kuulokojeen-valiletku-40cm\/#breadcrumb"},"inLanguage":"sv-SE","potentialAction":[{"@type":"ReadAction","target":["https:\/\/kuuloasi.fi\/tuote\/kuulokojeen-valiletku-40cm\/"]}]},{"@type":"ImageObject","inLanguage":"sv-SE","@id":"https:\/\/kuuloasi.fi\/tuote\/kuulokojeen-valiletku-40cm\/#primaryimage","url":"https:\/\/kuuloasi.fi\/wp-content\/uploads\/2025\/12\/vaeliletku-228x228-1.jpg","contentUrl":"https:\/\/kuuloasi.fi\/wp-content\/uploads\/2025\/12\/vaeliletku-228x228-1.jpg","width":228,"height":228},{"@type":"BreadcrumbList","@id":"https:\/\/kuuloasi.fi\/tuote\/kuulokojeen-valiletku-40cm\/#breadcrumb","itemListElement":[{"@type":"ListItem","position":1,"name":"Etusivu","item":"https:\/\/kuuloasi.fi\/"},{"@type":"ListItem","position":2,"name":"Kauppa","item":"https:\/\/kuuloasi.fi\/kauppa\/"},{"@type":"ListItem","position":3,"name":"Kuulokojeen v\u00e4liletku 40cm"}]},{"@type":"WebSite","@id":"https:\/\/kuuloasi.fi\/#website","url":"https:\/\/kuuloasi.fi\/","name":"h\u00f6rsel.co.uk","description":"","potentialAction":[{"@type":"SearchAction","target":{"@type":"EntryPoint","urlTemplate":"https:\/\/kuuloasi.fi\/?s={search_term_string}"},"query-input":{"@type":"PropertyValueSpecification","valueRequired":true,"valueName":"search_term_string"}}],"inLanguage":"sv-SE"}]}},"_links":{"self":[{"href":"https:\/\/kuuloasi.fi\/sv\/wp-json\/wp\/v2\/product\/561","targetHints":{"allow":["GET"]}}],"collection":[{"href":"https:\/\/kuuloasi.fi\/sv\/wp-json\/wp\/v2\/product"}],"about":[{"href":"https:\/\/kuuloasi.fi\/sv\/wp-json\/wp\/v2\/types\/product"}],"replies":[{"embeddable":true,"href":"https:\/\/kuuloasi.fi\/sv\/wp-json\/wp\/v2\/comments?post=561"}],"wp:featuredmedia":[{"embeddable":true,"href":"https:\/\/kuuloasi.fi\/sv\/wp-json\/wp\/v2\/media\/562"}],"wp:attachment":[{"href":"https:\/\/kuuloasi.fi\/sv\/wp-json\/wp\/v2\/media?parent=561"}],"wp:term":[{"taxonomy":"product_brand","embeddable":true,"href":"https:\/\/kuuloasi.fi\/sv\/wp-json\/wp\/v2\/product_brand?post=561"},{"taxonomy":"product_cat","embeddable":true,"href":"https:\/\/kuuloasi.fi\/sv\/wp-json\/wp\/v2\/product_cat?post=561"},{"taxonomy":"product_tag","embeddable":true,"href":"https:\/\/kuuloasi.fi\/sv\/wp-json\/wp\/v2\/product_tag?post=561"}],"curies":[{"name":"wp","href":"https:\/\/api.w.org\/{rel}","templated":true}]}}