{"id":559,"date":"2025-12-03T12:41:12","date_gmt":"2025-12-03T12:41:12","guid":{"rendered":"https:\/\/kuuloasi.fi\/?post_type=product&#038;p=559"},"modified":"2026-01-28T08:40:31","modified_gmt":"2026-01-28T08:40:31","slug":"resound-tulppanitippi","status":"publish","type":"product","link":"https:\/\/kuuloasi.fi\/sv\/produkt\/resound-tulppanitippi\/","title":{"rendered":"Resound stoppn\u00e5l"},"content":{"rendered":"<p style=\"text-align: left;\" align=\"center\">En tulpanpropp sitter t\u00e4tare i \u00f6rat \u00e4n en \u00f6ppen propp och det \u00e4r mindre sannolikt att den orsakar gnissel. Tulpanspetsen kallas ocks\u00e5 f\u00f6r konspets och p\u00e5 vissa m\u00e4rken har den ersatts av en sluten spets. De har dock alla samma egenskaper, varav den viktigaste \u00e4r b\u00e4ttre f\u00f6rst\u00e4rkning av l\u00e5ga frekvenser \u00e4n en \u00f6ppen spets. Vi rekommenderar alltid att du diskuterar med din audionom innan du byter modell p\u00e5 droppet, eftersom modellen beror mycket p\u00e5 personens h\u00f6rsel.<\/p>\n<p style=\"text-align: left;\" align=\"center\">ReSound tulpanproppar finns endast i en storlek. Tack vare den flexibla designen passar den de flesta \u00f6ron och eliminerar behovet av olika storlekar.<\/p>\n<p style=\"text-align: left;\" align=\"center\">Dropparna s\u00e4ljs i f\u00f6rpackningar om 10 st.<\/p>","protected":false},"excerpt":{"rendered":"<p>ReSound tulpanpluggadapter f\u00f6r \u00e4ldre ReSound h\u00f6rapparater (upp till ReSound LiNX2). F\u00f6r nyare h\u00f6rapparater passar endast den svarta surefit-stiftet. Adaptrarna sitter p\u00e5 huvudet av headsetet, vilket g\u00f6r det s\u00e5 bekv\u00e4mt som m\u00f6jligt att b\u00e4ra h\u00f6rapparaten. Adaptern b\u00f6r bytas ut vid behov.<\/p>","protected":false},"featured_media":560,"comment_status":"closed","ping_status":"closed","template":"","meta":{"_acf_changed":false},"product_brand":[],"product_cat":[69,22],"product_tag":[78,77],"class_list":{"0":"post-559","1":"product","2":"type-product","3":"status-publish","4":"has-post-thumbnail","6":"product_cat-resound","7":"product_cat-varaosat","8":"product_tag-resound","9":"product_tag-tippi","11":"first","12":"instock","13":"taxable","14":"shipping-taxable","15":"purchasable","16":"product-type-simple"},"acf":[],"yoast_head":"<!-- This site is optimized with the Yoast SEO plugin v27.4 - https:\/\/yoast.com\/product\/yoast-seo-wordpress\/ -->\n<title>Resound tulppanitippi - kuuloasi.fi<\/title>\n<meta name=\"robots\" content=\"index, follow, max-snippet:-1, max-image-preview:large, max-video-preview:-1\" \/>\n<link rel=\"canonical\" href=\"https:\/\/kuuloasi.fi\/sv\/produkt\/resound-tulppanitippi\/\" \/>\n<meta property=\"og:locale\" content=\"sv_SE\" \/>\n<meta property=\"og:type\" content=\"article\" \/>\n<meta property=\"og:title\" content=\"Resound tulppanitippi - kuuloasi.fi\" \/>\n<meta property=\"og:description\" content=\"ReSoundin tulppaanitippi sovite, joka sopii vanhempiin ReSound kuulokojeisiin (ReSound LiNX2 asti). Uudempiin kuulokojeihin sopii vain musta surefit tippi. Sovitteet tulevat kuulokkeen p\u00e4\u00e4h\u00e4n, joka tekee kuulokojeen k\u00e4ytt\u00e4misest\u00e4 mahdollisimman mukavaa. Sovitetta tulee vaihtaa tarvittaessa.\" \/>\n<meta property=\"og:url\" content=\"https:\/\/kuuloasi.fi\/sv\/produkt\/resound-tulppanitippi\/\" \/>\n<meta property=\"og:site_name\" content=\"kuuloasi.fi\" \/>\n<meta property=\"article:modified_time\" content=\"2026-01-28T08:40:31+00:00\" \/>\n<meta property=\"og:image\" content=\"https:\/\/kuuloasi.fi\/wp-content\/uploads\/2025\/12\/ReSoundReceiverTulipDome-228x228-transparent_ml.png\" \/>\n\t<meta property=\"og:image:width\" content=\"500\" \/>\n\t<meta property=\"og:image:height\" content=\"500\" \/>\n\t<meta property=\"og:image:type\" content=\"image\/png\" \/>\n<meta name=\"twitter:card\" content=\"summary_large_image\" \/>\n<script type=\"application\/ld+json\" class=\"yoast-schema-graph\">{\"@context\":\"https:\\\/\\\/schema.org\",\"@graph\":[{\"@type\":\"WebPage\",\"@id\":\"https:\\\/\\\/kuuloasi.fi\\\/tuote\\\/resound-tulppanitippi\\\/\",\"url\":\"https:\\\/\\\/kuuloasi.fi\\\/tuote\\\/resound-tulppanitippi\\\/\",\"name\":\"Resound tulppanitippi - kuuloasi.fi\",\"isPartOf\":{\"@id\":\"https:\\\/\\\/kuuloasi.fi\\\/#website\"},\"primaryImageOfPage\":{\"@id\":\"https:\\\/\\\/kuuloasi.fi\\\/tuote\\\/resound-tulppanitippi\\\/#primaryimage\"},\"image\":{\"@id\":\"https:\\\/\\\/kuuloasi.fi\\\/tuote\\\/resound-tulppanitippi\\\/#primaryimage\"},\"thumbnailUrl\":\"https:\\\/\\\/kuuloasi.fi\\\/wp-content\\\/uploads\\\/2025\\\/12\\\/ReSoundReceiverTulipDome-228x228-transparent_ml.png\",\"datePublished\":\"2025-12-03T12:41:12+00:00\",\"dateModified\":\"2026-01-28T08:40:31+00:00\",\"breadcrumb\":{\"@id\":\"https:\\\/\\\/kuuloasi.fi\\\/tuote\\\/resound-tulppanitippi\\\/#breadcrumb\"},\"inLanguage\":\"sv-SE\",\"potentialAction\":[{\"@type\":\"ReadAction\",\"target\":[\"https:\\\/\\\/kuuloasi.fi\\\/tuote\\\/resound-tulppanitippi\\\/\"]}]},{\"@type\":\"ImageObject\",\"inLanguage\":\"sv-SE\",\"@id\":\"https:\\\/\\\/kuuloasi.fi\\\/tuote\\\/resound-tulppanitippi\\\/#primaryimage\",\"url\":\"https:\\\/\\\/kuuloasi.fi\\\/wp-content\\\/uploads\\\/2025\\\/12\\\/ReSoundReceiverTulipDome-228x228-transparent_ml.png\",\"contentUrl\":\"https:\\\/\\\/kuuloasi.fi\\\/wp-content\\\/uploads\\\/2025\\\/12\\\/ReSoundReceiverTulipDome-228x228-transparent_ml.png\",\"width\":500,\"height\":500},{\"@type\":\"BreadcrumbList\",\"@id\":\"https:\\\/\\\/kuuloasi.fi\\\/tuote\\\/resound-tulppanitippi\\\/#breadcrumb\",\"itemListElement\":[{\"@type\":\"ListItem\",\"position\":1,\"name\":\"Etusivu\",\"item\":\"https:\\\/\\\/kuuloasi.fi\\\/\"},{\"@type\":\"ListItem\",\"position\":2,\"name\":\"Kauppa\",\"item\":\"https:\\\/\\\/kuuloasi.fi\\\/kauppa\\\/\"},{\"@type\":\"ListItem\",\"position\":3,\"name\":\"Resound tulppanitippi\"}]},{\"@type\":\"WebSite\",\"@id\":\"https:\\\/\\\/kuuloasi.fi\\\/#website\",\"url\":\"https:\\\/\\\/kuuloasi.fi\\\/\",\"name\":\"kuuloasi.fi\",\"description\":\"\",\"potentialAction\":[{\"@type\":\"SearchAction\",\"target\":{\"@type\":\"EntryPoint\",\"urlTemplate\":\"https:\\\/\\\/kuuloasi.fi\\\/?s={search_term_string}\"},\"query-input\":{\"@type\":\"PropertyValueSpecification\",\"valueRequired\":true,\"valueName\":\"search_term_string\"}}],\"inLanguage\":\"sv-SE\"}]}<\/script>\n<!-- \/ Yoast SEO plugin. -->","yoast_head_json":{"title":"Resound tulppanitippi - kuuloasi.fi","robots":{"index":"index","follow":"follow","max-snippet":"max-snippet:-1","max-image-preview":"max-image-preview:large","max-video-preview":"max-video-preview:-1"},"canonical":"https:\/\/kuuloasi.fi\/sv\/produkt\/resound-tulppanitippi\/","og_locale":"sv_SE","og_type":"article","og_title":"Resound tulppanitippi - kuuloasi.fi","og_description":"ReSoundin tulppaanitippi sovite, joka sopii vanhempiin ReSound kuulokojeisiin (ReSound LiNX2 asti). Uudempiin kuulokojeihin sopii vain musta surefit tippi. Sovitteet tulevat kuulokkeen p\u00e4\u00e4h\u00e4n, joka tekee kuulokojeen k\u00e4ytt\u00e4misest\u00e4 mahdollisimman mukavaa. Sovitetta tulee vaihtaa tarvittaessa.","og_url":"https:\/\/kuuloasi.fi\/sv\/produkt\/resound-tulppanitippi\/","og_site_name":"kuuloasi.fi","article_modified_time":"2026-01-28T08:40:31+00:00","og_image":[{"width":500,"height":500,"url":"https:\/\/kuuloasi.fi\/wp-content\/uploads\/2025\/12\/ReSoundReceiverTulipDome-228x228-transparent_ml.png","type":"image\/png"}],"twitter_card":"summary_large_image","schema":{"@context":"https:\/\/schema.org","@graph":[{"@type":"WebPage","@id":"https:\/\/kuuloasi.fi\/tuote\/resound-tulppanitippi\/","url":"https:\/\/kuuloasi.fi\/tuote\/resound-tulppanitippi\/","name":"Resound tulppanitippi - kuuloasi.fi","isPartOf":{"@id":"https:\/\/kuuloasi.fi\/#website"},"primaryImageOfPage":{"@id":"https:\/\/kuuloasi.fi\/tuote\/resound-tulppanitippi\/#primaryimage"},"image":{"@id":"https:\/\/kuuloasi.fi\/tuote\/resound-tulppanitippi\/#primaryimage"},"thumbnailUrl":"https:\/\/kuuloasi.fi\/wp-content\/uploads\/2025\/12\/ReSoundReceiverTulipDome-228x228-transparent_ml.png","datePublished":"2025-12-03T12:41:12+00:00","dateModified":"2026-01-28T08:40:31+00:00","breadcrumb":{"@id":"https:\/\/kuuloasi.fi\/tuote\/resound-tulppanitippi\/#breadcrumb"},"inLanguage":"sv-SE","potentialAction":[{"@type":"ReadAction","target":["https:\/\/kuuloasi.fi\/tuote\/resound-tulppanitippi\/"]}]},{"@type":"ImageObject","inLanguage":"sv-SE","@id":"https:\/\/kuuloasi.fi\/tuote\/resound-tulppanitippi\/#primaryimage","url":"https:\/\/kuuloasi.fi\/wp-content\/uploads\/2025\/12\/ReSoundReceiverTulipDome-228x228-transparent_ml.png","contentUrl":"https:\/\/kuuloasi.fi\/wp-content\/uploads\/2025\/12\/ReSoundReceiverTulipDome-228x228-transparent_ml.png","width":500,"height":500},{"@type":"BreadcrumbList","@id":"https:\/\/kuuloasi.fi\/tuote\/resound-tulppanitippi\/#breadcrumb","itemListElement":[{"@type":"ListItem","position":1,"name":"Etusivu","item":"https:\/\/kuuloasi.fi\/"},{"@type":"ListItem","position":2,"name":"Kauppa","item":"https:\/\/kuuloasi.fi\/kauppa\/"},{"@type":"ListItem","position":3,"name":"Resound tulppanitippi"}]},{"@type":"WebSite","@id":"https:\/\/kuuloasi.fi\/#website","url":"https:\/\/kuuloasi.fi\/","name":"h\u00f6rsel.co.uk","description":"","potentialAction":[{"@type":"SearchAction","target":{"@type":"EntryPoint","urlTemplate":"https:\/\/kuuloasi.fi\/?s={search_term_string}"},"query-input":{"@type":"PropertyValueSpecification","valueRequired":true,"valueName":"search_term_string"}}],"inLanguage":"sv-SE"}]}},"_links":{"self":[{"href":"https:\/\/kuuloasi.fi\/sv\/wp-json\/wp\/v2\/product\/559","targetHints":{"allow":["GET"]}}],"collection":[{"href":"https:\/\/kuuloasi.fi\/sv\/wp-json\/wp\/v2\/product"}],"about":[{"href":"https:\/\/kuuloasi.fi\/sv\/wp-json\/wp\/v2\/types\/product"}],"replies":[{"embeddable":true,"href":"https:\/\/kuuloasi.fi\/sv\/wp-json\/wp\/v2\/comments?post=559"}],"wp:featuredmedia":[{"embeddable":true,"href":"https:\/\/kuuloasi.fi\/sv\/wp-json\/wp\/v2\/media\/560"}],"wp:attachment":[{"href":"https:\/\/kuuloasi.fi\/sv\/wp-json\/wp\/v2\/media?parent=559"}],"wp:term":[{"taxonomy":"product_brand","embeddable":true,"href":"https:\/\/kuuloasi.fi\/sv\/wp-json\/wp\/v2\/product_brand?post=559"},{"taxonomy":"product_cat","embeddable":true,"href":"https:\/\/kuuloasi.fi\/sv\/wp-json\/wp\/v2\/product_cat?post=559"},{"taxonomy":"product_tag","embeddable":true,"href":"https:\/\/kuuloasi.fi\/sv\/wp-json\/wp\/v2\/product_tag?post=559"}],"curies":[{"name":"wp","href":"https:\/\/api.w.org\/{rel}","templated":true}]}}