{"id":554,"date":"2025-12-03T12:40:07","date_gmt":"2025-12-03T12:40:07","guid":{"rendered":"https:\/\/kuuloasi.fi\/?post_type=product&#038;p=554"},"modified":"2026-04-13T08:18:56","modified_gmt":"2026-04-13T08:18:56","slug":"resound-avoin-tippi","status":"publish","type":"product","link":"https:\/\/kuuloasi.fi\/sv\/produkt\/resound-avoin-tippi\/","title":{"rendered":"Resound \u00f6ppen spets"},"content":{"rendered":"<div>Tack vare ventilationsh\u00e5len andas den \u00f6ppna passformen bra i \u00f6rat, vilket g\u00f6r den s\u00e5 bekv\u00e4m som m\u00f6jligt att b\u00e4ra. J\u00e4mf\u00f6rt med en sluten spets minskar en \u00f6ppen passform ekot av din egen r\u00f6st avsev\u00e4rt. Vi rekommenderar dock alltid att du diskuterar med din Audionom innan du byter modell p\u00e5 droppet. Modellen p\u00e5 spetsen beror ocks\u00e5 mycket p\u00e5 h\u00f6rseln.<\/div>\n<p>ReSound-spetsen finns i tre olika storlekar. S (5 mm), M (7 mm) och L (10 mm). Millimetrarna m\u00e4ts enligt diametern p\u00e5 den bredare mynningen p\u00e5 anpassningen. I rullgardinsmenyn kan du v\u00e4lja den storlek p\u00e5 spetsen som passar dig b\u00e4st.<\/p>\n<p>Spetsarna s\u00e4ljs i en p\u00e5se med 10 st.<\/p>","protected":false},"excerpt":{"rendered":"<p>En \u00f6ppen droppkoppling som passar Resound och Beltone NP-h\u00f6rlurar. Denna spets passar \u00e4ldre modeller upp till ReSound LiNX 2. F\u00f6r nyare h\u00f6rapparater passar endast de svarta surefit-spetsarna. Adaptern passar p\u00e5 headsetets huvud och g\u00f6r att headsetet sitter s\u00e5 t\u00e4tt som m\u00f6jligt mot \u00f6rat.<\/p>","protected":false},"featured_media":555,"comment_status":"closed","ping_status":"closed","template":"","meta":{"_acf_changed":false},"product_brand":[],"product_cat":[69,22],"product_tag":[78,77],"class_list":{"0":"post-554","1":"product","2":"type-product","3":"status-publish","4":"has-post-thumbnail","6":"product_cat-resound","7":"product_cat-varaosat","8":"product_tag-resound","9":"product_tag-tippi","11":"first","12":"instock","13":"taxable","14":"shipping-taxable","15":"purchasable","16":"product-type-variable"},"acf":[],"yoast_head":"<!-- This site is optimized with the Yoast SEO plugin v27.4 - https:\/\/yoast.com\/product\/yoast-seo-wordpress\/ -->\n<title>Resound avoin tippi - kuuloasi.fi<\/title>\n<meta name=\"robots\" content=\"index, follow, max-snippet:-1, max-image-preview:large, max-video-preview:-1\" \/>\n<link rel=\"canonical\" href=\"https:\/\/kuuloasi.fi\/sv\/produkt\/resound-avoin-tippi\/\" \/>\n<meta property=\"og:locale\" content=\"sv_SE\" \/>\n<meta property=\"og:type\" content=\"article\" \/>\n<meta property=\"og:title\" content=\"Resound avoin tippi - kuuloasi.fi\" \/>\n<meta property=\"og:description\" content=\"Avoin tippi sovite joka sopii Resound ja Beltone merkkisiin NP-kuulokkeisiin. T\u00e4m\u00e4 tippi sopii vanhemman mallin kojeisiin ReSound LiNX 2 asti. Uudempiin kuulokojeisiin k\u00e4y vain mustat surefit tipit. Sovite tulee kuulokkeen p\u00e4\u00e4h\u00e4n kiinni ja tekee kuulokkeesta mahdollisimman hyvin istuvan korvaan.\" \/>\n<meta property=\"og:url\" content=\"https:\/\/kuuloasi.fi\/sv\/produkt\/resound-avoin-tippi\/\" \/>\n<meta property=\"og:site_name\" content=\"kuuloasi.fi\" \/>\n<meta property=\"article:modified_time\" content=\"2026-04-13T08:18:56+00:00\" \/>\n<meta property=\"og:image\" content=\"https:\/\/kuuloasi.fi\/wp-content\/uploads\/2025\/12\/ReSoundReceiverDomes-228x228-transparent.png\" \/>\n\t<meta property=\"og:image:width\" content=\"500\" \/>\n\t<meta property=\"og:image:height\" content=\"500\" \/>\n\t<meta property=\"og:image:type\" content=\"image\/png\" \/>\n<meta name=\"twitter:card\" content=\"summary_large_image\" \/>\n<script type=\"application\/ld+json\" class=\"yoast-schema-graph\">{\"@context\":\"https:\\\/\\\/schema.org\",\"@graph\":[{\"@type\":\"WebPage\",\"@id\":\"https:\\\/\\\/kuuloasi.fi\\\/tuote\\\/resound-avoin-tippi\\\/\",\"url\":\"https:\\\/\\\/kuuloasi.fi\\\/tuote\\\/resound-avoin-tippi\\\/\",\"name\":\"Resound avoin tippi - kuuloasi.fi\",\"isPartOf\":{\"@id\":\"https:\\\/\\\/kuuloasi.fi\\\/#website\"},\"primaryImageOfPage\":{\"@id\":\"https:\\\/\\\/kuuloasi.fi\\\/tuote\\\/resound-avoin-tippi\\\/#primaryimage\"},\"image\":{\"@id\":\"https:\\\/\\\/kuuloasi.fi\\\/tuote\\\/resound-avoin-tippi\\\/#primaryimage\"},\"thumbnailUrl\":\"https:\\\/\\\/kuuloasi.fi\\\/wp-content\\\/uploads\\\/2025\\\/12\\\/ReSoundReceiverDomes-228x228-transparent.png\",\"datePublished\":\"2025-12-03T12:40:07+00:00\",\"dateModified\":\"2026-04-13T08:18:56+00:00\",\"breadcrumb\":{\"@id\":\"https:\\\/\\\/kuuloasi.fi\\\/tuote\\\/resound-avoin-tippi\\\/#breadcrumb\"},\"inLanguage\":\"sv-SE\",\"potentialAction\":[{\"@type\":\"ReadAction\",\"target\":[\"https:\\\/\\\/kuuloasi.fi\\\/tuote\\\/resound-avoin-tippi\\\/\"]}]},{\"@type\":\"ImageObject\",\"inLanguage\":\"sv-SE\",\"@id\":\"https:\\\/\\\/kuuloasi.fi\\\/tuote\\\/resound-avoin-tippi\\\/#primaryimage\",\"url\":\"https:\\\/\\\/kuuloasi.fi\\\/wp-content\\\/uploads\\\/2025\\\/12\\\/ReSoundReceiverDomes-228x228-transparent.png\",\"contentUrl\":\"https:\\\/\\\/kuuloasi.fi\\\/wp-content\\\/uploads\\\/2025\\\/12\\\/ReSoundReceiverDomes-228x228-transparent.png\",\"width\":500,\"height\":500},{\"@type\":\"BreadcrumbList\",\"@id\":\"https:\\\/\\\/kuuloasi.fi\\\/tuote\\\/resound-avoin-tippi\\\/#breadcrumb\",\"itemListElement\":[{\"@type\":\"ListItem\",\"position\":1,\"name\":\"Etusivu\",\"item\":\"https:\\\/\\\/kuuloasi.fi\\\/\"},{\"@type\":\"ListItem\",\"position\":2,\"name\":\"Kauppa\",\"item\":\"https:\\\/\\\/kuuloasi.fi\\\/kauppa\\\/\"},{\"@type\":\"ListItem\",\"position\":3,\"name\":\"Resound avoin tippi\"}]},{\"@type\":\"WebSite\",\"@id\":\"https:\\\/\\\/kuuloasi.fi\\\/#website\",\"url\":\"https:\\\/\\\/kuuloasi.fi\\\/\",\"name\":\"kuuloasi.fi\",\"description\":\"\",\"potentialAction\":[{\"@type\":\"SearchAction\",\"target\":{\"@type\":\"EntryPoint\",\"urlTemplate\":\"https:\\\/\\\/kuuloasi.fi\\\/?s={search_term_string}\"},\"query-input\":{\"@type\":\"PropertyValueSpecification\",\"valueRequired\":true,\"valueName\":\"search_term_string\"}}],\"inLanguage\":\"sv-SE\"}]}<\/script>\n<!-- \/ Yoast SEO plugin. -->","yoast_head_json":{"title":"Resound avoin tippi - kuuloasi.fi","robots":{"index":"index","follow":"follow","max-snippet":"max-snippet:-1","max-image-preview":"max-image-preview:large","max-video-preview":"max-video-preview:-1"},"canonical":"https:\/\/kuuloasi.fi\/sv\/produkt\/resound-avoin-tippi\/","og_locale":"sv_SE","og_type":"article","og_title":"Resound avoin tippi - kuuloasi.fi","og_description":"Avoin tippi sovite joka sopii Resound ja Beltone merkkisiin NP-kuulokkeisiin. T\u00e4m\u00e4 tippi sopii vanhemman mallin kojeisiin ReSound LiNX 2 asti. Uudempiin kuulokojeisiin k\u00e4y vain mustat surefit tipit. Sovite tulee kuulokkeen p\u00e4\u00e4h\u00e4n kiinni ja tekee kuulokkeesta mahdollisimman hyvin istuvan korvaan.","og_url":"https:\/\/kuuloasi.fi\/sv\/produkt\/resound-avoin-tippi\/","og_site_name":"kuuloasi.fi","article_modified_time":"2026-04-13T08:18:56+00:00","og_image":[{"width":500,"height":500,"url":"https:\/\/kuuloasi.fi\/wp-content\/uploads\/2025\/12\/ReSoundReceiverDomes-228x228-transparent.png","type":"image\/png"}],"twitter_card":"summary_large_image","schema":{"@context":"https:\/\/schema.org","@graph":[{"@type":"WebPage","@id":"https:\/\/kuuloasi.fi\/tuote\/resound-avoin-tippi\/","url":"https:\/\/kuuloasi.fi\/tuote\/resound-avoin-tippi\/","name":"Resound avoin tippi - kuuloasi.fi","isPartOf":{"@id":"https:\/\/kuuloasi.fi\/#website"},"primaryImageOfPage":{"@id":"https:\/\/kuuloasi.fi\/tuote\/resound-avoin-tippi\/#primaryimage"},"image":{"@id":"https:\/\/kuuloasi.fi\/tuote\/resound-avoin-tippi\/#primaryimage"},"thumbnailUrl":"https:\/\/kuuloasi.fi\/wp-content\/uploads\/2025\/12\/ReSoundReceiverDomes-228x228-transparent.png","datePublished":"2025-12-03T12:40:07+00:00","dateModified":"2026-04-13T08:18:56+00:00","breadcrumb":{"@id":"https:\/\/kuuloasi.fi\/tuote\/resound-avoin-tippi\/#breadcrumb"},"inLanguage":"sv-SE","potentialAction":[{"@type":"ReadAction","target":["https:\/\/kuuloasi.fi\/tuote\/resound-avoin-tippi\/"]}]},{"@type":"ImageObject","inLanguage":"sv-SE","@id":"https:\/\/kuuloasi.fi\/tuote\/resound-avoin-tippi\/#primaryimage","url":"https:\/\/kuuloasi.fi\/wp-content\/uploads\/2025\/12\/ReSoundReceiverDomes-228x228-transparent.png","contentUrl":"https:\/\/kuuloasi.fi\/wp-content\/uploads\/2025\/12\/ReSoundReceiverDomes-228x228-transparent.png","width":500,"height":500},{"@type":"BreadcrumbList","@id":"https:\/\/kuuloasi.fi\/tuote\/resound-avoin-tippi\/#breadcrumb","itemListElement":[{"@type":"ListItem","position":1,"name":"Etusivu","item":"https:\/\/kuuloasi.fi\/"},{"@type":"ListItem","position":2,"name":"Kauppa","item":"https:\/\/kuuloasi.fi\/kauppa\/"},{"@type":"ListItem","position":3,"name":"Resound avoin tippi"}]},{"@type":"WebSite","@id":"https:\/\/kuuloasi.fi\/#website","url":"https:\/\/kuuloasi.fi\/","name":"h\u00f6rsel.co.uk","description":"","potentialAction":[{"@type":"SearchAction","target":{"@type":"EntryPoint","urlTemplate":"https:\/\/kuuloasi.fi\/?s={search_term_string}"},"query-input":{"@type":"PropertyValueSpecification","valueRequired":true,"valueName":"search_term_string"}}],"inLanguage":"sv-SE"}]}},"_links":{"self":[{"href":"https:\/\/kuuloasi.fi\/sv\/wp-json\/wp\/v2\/product\/554","targetHints":{"allow":["GET"]}}],"collection":[{"href":"https:\/\/kuuloasi.fi\/sv\/wp-json\/wp\/v2\/product"}],"about":[{"href":"https:\/\/kuuloasi.fi\/sv\/wp-json\/wp\/v2\/types\/product"}],"replies":[{"embeddable":true,"href":"https:\/\/kuuloasi.fi\/sv\/wp-json\/wp\/v2\/comments?post=554"}],"wp:featuredmedia":[{"embeddable":true,"href":"https:\/\/kuuloasi.fi\/sv\/wp-json\/wp\/v2\/media\/555"}],"wp:attachment":[{"href":"https:\/\/kuuloasi.fi\/sv\/wp-json\/wp\/v2\/media?parent=554"}],"wp:term":[{"taxonomy":"product_brand","embeddable":true,"href":"https:\/\/kuuloasi.fi\/sv\/wp-json\/wp\/v2\/product_brand?post=554"},{"taxonomy":"product_cat","embeddable":true,"href":"https:\/\/kuuloasi.fi\/sv\/wp-json\/wp\/v2\/product_cat?post=554"},{"taxonomy":"product_tag","embeddable":true,"href":"https:\/\/kuuloasi.fi\/sv\/wp-json\/wp\/v2\/product_tag?post=554"}],"curies":[{"name":"wp","href":"https:\/\/api.w.org\/{rel}","templated":true}]}}