{"id":548,"date":"2025-12-03T12:35:10","date_gmt":"2025-12-03T12:35:10","guid":{"rendered":"https:\/\/kuuloasi.fi\/?post_type=product&#038;p=548"},"modified":"2026-04-14T12:59:19","modified_gmt":"2026-04-14T12:59:19","slug":"hf-3-vahasuoja","status":"publish","type":"product","link":"https:\/\/kuuloasi.fi\/sv\/produkt\/hf-3-vahasuoja\/","title":{"rendered":"HF-3 Vaxskydd"},"content":{"rendered":"<p><iframe title=\"HF 3 och HF 4 utbyte av vaxskydd f\u00f6r h\u00f6rapparater\" width=\"800\" height=\"450\" src=\"https:\/\/www.youtube.com\/embed\/LQ6mhZ6xJB0?feature=oembed\" frameborder=\"0\" allow=\"accelerometer; autoplay; clipboard-write; encrypted-media; gyroscope; picture-in-picture; web-share\" referrerpolicy=\"strict-origin-when-cross-origin\" allowfullscreen><\/iframe><\/p>\n<h2 tabindex=\"0\" data-end=\"882\" data-start=\"839\">Varf\u00f6r \u00e4r det viktigt att byta ut HF-3 vaxskyddet?<\/h2>\n<p data-end=\"991\" data-start=\"884\">I h\u00f6rselg\u00e5ngen bildas vax som kan blockera h\u00f6rapparatens ljudkanal. En blockerad vaxvakt kan orsaka:<\/p>\n<ul data-end=\"1071\" data-start=\"992\">\n<li data-end=\"1014\" data-start=\"992\">\n<p data-end=\"1014\" data-start=\"994\">ljudd\u00e4mpning<\/p>\n<\/li>\n<li data-end=\"1038\" data-start=\"1015\">\n<p data-end=\"1038\" data-start=\"1017\">ljudf\u00f6rvr\u00e4ngning<\/p>\n<\/li>\n<li data-end=\"1071\" data-start=\"1039\">\n<p data-end=\"1071\" data-start=\"1041\">fullst\u00e4ndig f\u00f6rlust av ljud<\/p>\n<\/li>\n<\/ul>\n<p data-end=\"1117\" data-start=\"1073\">Regelbundet byte av HF-3 vaxskydd:<\/p>\n<ul data-end=\"1259\" data-start=\"1118\">\n<li data-end=\"1153\" data-start=\"1118\">\n<p data-end=\"1153\" data-start=\"1120\">h\u00e5ller ljudkvaliteten optimal<\/p>\n<\/li>\n<li data-end=\"1188\" data-start=\"1154\">\n<p data-end=\"1188\" data-start=\"1156\">skyddar h\u00f6rapparaten fr\u00e5n skador<\/p>\n<\/li>\n<li data-end=\"1259\" data-start=\"1189\">\n<p data-end=\"1259\" data-start=\"1191\">f\u00f6rb\u00e4ttrar hygienniv\u00e5erna genom att minska tillv\u00e4xten av bakterier och svampar<\/p>\n<\/li>\n<\/ul>\n<h2 tabindex=\"0\" data-end=\"1312\" data-start=\"1266\"><\/h2>\n<h2 tabindex=\"0\" data-end=\"1312\" data-start=\"1266\">Hur ofta ska vaxskyddet HF-3 bytas ut?<\/h2>\n<ul data-end=\"1482\" data-start=\"1314\">\n<li data-end=\"1362\" data-start=\"1314\">\n<p data-end=\"1362\" data-start=\"1316\"><strong data-end=\"1342\" data-start=\"1316\">Rekommenderat bytesintervall:<\/strong>\u00a0Var 4:e-8:e vecka<\/p>\n<\/li>\n<li data-end=\"1482\" data-start=\"1363\">\n<p data-end=\"1384\" data-start=\"1365\">Byt omedelbart om:<\/p>\n<ul data-end=\"1482\" data-start=\"1387\">\n<li data-end=\"1428\" data-start=\"1387\">\n<p data-end=\"1428\" data-start=\"1389\">ljudet fr\u00e5n h\u00f6rapparaten blir d\u00e4mpat eller f\u00f6r\u00e4ndras<\/p>\n<\/li>\n<li data-end=\"1482\" data-start=\"1431\">\n<p data-end=\"1482\" data-start=\"1433\">vaxskyddet ser smutsigt eller igensatt ut<\/p>\n<\/li>\n<\/ul>\n<\/li>\n<\/ul>\n<p data-end=\"1565\" data-start=\"1484\">\u00a0Anv\u00e4nd inte h\u00f6rselskyddet utan vaxskydd - det kan orsaka permanenta skador.<\/p>\n<h2 tabindex=\"0\" data-end=\"1586\" data-start=\"1572\"><\/h2>\n<h2 tabindex=\"0\" data-end=\"1586\" data-start=\"1572\">Guide f\u00f6r utbyte<\/h2>\n<ol data-end=\"1879\" data-start=\"1588\">\n<li data-end=\"1672\" data-start=\"1588\">\n<p data-end=\"1672\" data-start=\"1591\">Skruva in den g\u00e4ngade \u00e4nden p\u00e5 borttagningsverktyget i det gamla vaxskyddet i h\u00f6rapparaten.<\/p>\n<\/li>\n<li data-end=\"1704\" data-start=\"1673\">\n<p data-end=\"1704\" data-start=\"1676\">Dra ut det gamla vaxskyddet.<\/p>\n<\/li>\n<li data-end=\"1747\" data-start=\"1705\">\n<p data-end=\"1747\" data-start=\"1708\">Ta ett nytt vaxskydd fr\u00e5n vaxskyddsskivan.<\/p>\n<\/li>\n<li data-end=\"1823\" data-start=\"1748\">\n<p data-end=\"1823\" data-start=\"1751\">S\u00e4tt i det nya vaxskyddet i h\u00f6rapparaten genom att f\u00f6rsiktigt trycka det p\u00e5 plats.<\/p>\n<\/li>\n<li data-end=\"1879\" data-start=\"1824\">\n<p data-end=\"1879\" data-start=\"1827\">Se till att vaxskyddet \u00e4r ordentligt fastsatt.<\/p>\n<\/li>\n<\/ol>\n<h2 tabindex=\"0\" data-end=\"1899\" data-start=\"1886\"><\/h2>\n<h2 tabindex=\"0\" data-end=\"1899\" data-start=\"1886\">Sammanfattning<\/h2>\n<p data-end=\"2104\" data-start=\"1901\"><strong data-end=\"1934\" data-start=\"1901\">HF-3 vaxskydd f\u00f6r h\u00f6rapparat<\/strong>\u00a0skyddar effektivt din enhet och ser till att du h\u00f6r ljuden tydligt varje dag. Det \u00e4r enkelt att byta ut, hygieniskt och utformat f\u00f6r att klara daglig anv\u00e4ndning.<\/p>","protected":false},"excerpt":{"rendered":"<ul data-end=\"832\" data-start=\"553\">\n<li data-end=\"638\" data-start=\"553\">\n<p data-end=\"638\" data-start=\"555\"><strong data-end=\"570\" data-start=\"555\">Diameter:<\/strong>\u00a03 mm - l\u00e4mplig f\u00f6r h\u00f6rapparater som kr\u00e4ver ett st\u00f6rre filter<\/p>\n<\/li>\n<li data-end=\"752\" data-start=\"639\">\n<p data-end=\"659\" data-start=\"641\"><strong data-end=\"657\" data-start=\"641\">F\u00e4rgkodning:<\/strong><\/p>\n<ul data-end=\"752\" data-start=\"662\">\n<li data-end=\"705\" data-start=\"662\">\n<p data-end=\"705\" data-start=\"664\">R\u00f6d = f\u00f6r h\u00f6rapparat i h\u00f6ger \u00f6ra<\/p>\n<\/li>\n<li data-end=\"752\" data-start=\"708\">\n<p data-end=\"752\" data-start=\"710\">Bl\u00e5 = f\u00f6r h\u00f6rapparat till v\u00e4nster \u00f6ra<\/p>\n<\/li>\n<\/ul>\n<\/li>\n<li data-end=\"780\" data-start=\"753\">\n<p data-end=\"780\" data-start=\"755\"><strong data-end=\"771\" data-start=\"755\">Paketets storlek:<\/strong>\u00a015 stycken<\/p>\n<\/li>\n<li data-end=\"832\" data-start=\"781\">\n<p data-end=\"832\" data-start=\"783\">Snabbt och enkelt att byta tack vare f\u00e4rgkodning<\/p>\n<\/li>\n<\/ul>","protected":false},"featured_media":553,"comment_status":"closed","ping_status":"closed","template":"","meta":{"_acf_changed":false},"product_brand":[],"product_cat":[71,69,72,22],"product_tag":[78,79],"class_list":{"0":"post-548","1":"product","2":"type-product","3":"status-publish","4":"has-post-thumbnail","6":"product_cat-phonak","7":"product_cat-resound","8":"product_cat-signia","9":"product_cat-varaosat","10":"product_tag-resound","11":"product_tag-vahasuoja","13":"first","14":"instock","15":"taxable","16":"shipping-taxable","17":"purchasable","18":"product-type-variable"},"acf":[],"yoast_head":"<!-- This site is optimized with the Yoast SEO plugin v27.4 - https:\/\/yoast.com\/product\/yoast-seo-wordpress\/ -->\n<title>HF-3 Vahasuoja - kuuloasi.fi<\/title>\n<meta name=\"robots\" content=\"index, follow, max-snippet:-1, max-image-preview:large, max-video-preview:-1\" \/>\n<link rel=\"canonical\" href=\"https:\/\/kuuloasi.fi\/sv\/produkt\/hf-3-vahasuoja\/\" \/>\n<meta property=\"og:locale\" content=\"sv_SE\" \/>\n<meta property=\"og:type\" content=\"article\" \/>\n<meta property=\"og:title\" content=\"HF-3 Vahasuoja - kuuloasi.fi\" \/>\n<meta property=\"og:description\" content=\"Halkaisija:\u00a03 mm \u2013 sopii kuulokojeisiin, jotka vaativat suuremman suodattimen    V\u00e4rikoodaus:     Punainen = oikean korvan kuulokojeeseen    Sininen = vasemman korvan kuulokojeeseen      Pakkauskoko:\u00a015 kpl    Helppo ja nopea vaihtaa v\u00e4rikoodauksen ansiosta\" \/>\n<meta property=\"og:url\" content=\"https:\/\/kuuloasi.fi\/sv\/produkt\/hf-3-vahasuoja\/\" \/>\n<meta property=\"og:site_name\" content=\"kuuloasi.fi\" \/>\n<meta property=\"article:modified_time\" content=\"2026-04-14T12:59:19+00:00\" \/>\n<meta property=\"og:image\" content=\"https:\/\/kuuloasi.fi\/wp-content\/uploads\/2025\/12\/945934589.jpg\" \/>\n\t<meta property=\"og:image:width\" content=\"1080\" \/>\n\t<meta property=\"og:image:height\" content=\"1080\" \/>\n\t<meta property=\"og:image:type\" content=\"image\/jpeg\" \/>\n<meta name=\"twitter:card\" content=\"summary_large_image\" \/>\n<meta name=\"twitter:label1\" content=\"Ber\u00e4knad l\u00e4stid\" \/>\n\t<meta name=\"twitter:data1\" content=\"1 minut\" \/>\n<script type=\"application\/ld+json\" class=\"yoast-schema-graph\">{\"@context\":\"https:\\\/\\\/schema.org\",\"@graph\":[{\"@type\":\"WebPage\",\"@id\":\"https:\\\/\\\/kuuloasi.fi\\\/tuote\\\/hf-3-vahasuoja\\\/\",\"url\":\"https:\\\/\\\/kuuloasi.fi\\\/tuote\\\/hf-3-vahasuoja\\\/\",\"name\":\"HF-3 Vahasuoja - kuuloasi.fi\",\"isPartOf\":{\"@id\":\"https:\\\/\\\/kuuloasi.fi\\\/#website\"},\"primaryImageOfPage\":{\"@id\":\"https:\\\/\\\/kuuloasi.fi\\\/tuote\\\/hf-3-vahasuoja\\\/#primaryimage\"},\"image\":{\"@id\":\"https:\\\/\\\/kuuloasi.fi\\\/tuote\\\/hf-3-vahasuoja\\\/#primaryimage\"},\"thumbnailUrl\":\"https:\\\/\\\/kuuloasi.fi\\\/wp-content\\\/uploads\\\/2025\\\/12\\\/945934589.jpg\",\"datePublished\":\"2025-12-03T12:35:10+00:00\",\"dateModified\":\"2026-04-14T12:59:19+00:00\",\"breadcrumb\":{\"@id\":\"https:\\\/\\\/kuuloasi.fi\\\/tuote\\\/hf-3-vahasuoja\\\/#breadcrumb\"},\"inLanguage\":\"sv-SE\",\"potentialAction\":[{\"@type\":\"ReadAction\",\"target\":[\"https:\\\/\\\/kuuloasi.fi\\\/tuote\\\/hf-3-vahasuoja\\\/\"]}]},{\"@type\":\"ImageObject\",\"inLanguage\":\"sv-SE\",\"@id\":\"https:\\\/\\\/kuuloasi.fi\\\/tuote\\\/hf-3-vahasuoja\\\/#primaryimage\",\"url\":\"https:\\\/\\\/kuuloasi.fi\\\/wp-content\\\/uploads\\\/2025\\\/12\\\/945934589.jpg\",\"contentUrl\":\"https:\\\/\\\/kuuloasi.fi\\\/wp-content\\\/uploads\\\/2025\\\/12\\\/945934589.jpg\",\"width\":1080,\"height\":1080},{\"@type\":\"BreadcrumbList\",\"@id\":\"https:\\\/\\\/kuuloasi.fi\\\/tuote\\\/hf-3-vahasuoja\\\/#breadcrumb\",\"itemListElement\":[{\"@type\":\"ListItem\",\"position\":1,\"name\":\"Etusivu\",\"item\":\"https:\\\/\\\/kuuloasi.fi\\\/\"},{\"@type\":\"ListItem\",\"position\":2,\"name\":\"Kauppa\",\"item\":\"https:\\\/\\\/kuuloasi.fi\\\/kauppa\\\/\"},{\"@type\":\"ListItem\",\"position\":3,\"name\":\"HF-3 Vahasuoja\"}]},{\"@type\":\"WebSite\",\"@id\":\"https:\\\/\\\/kuuloasi.fi\\\/#website\",\"url\":\"https:\\\/\\\/kuuloasi.fi\\\/\",\"name\":\"kuuloasi.fi\",\"description\":\"\",\"potentialAction\":[{\"@type\":\"SearchAction\",\"target\":{\"@type\":\"EntryPoint\",\"urlTemplate\":\"https:\\\/\\\/kuuloasi.fi\\\/?s={search_term_string}\"},\"query-input\":{\"@type\":\"PropertyValueSpecification\",\"valueRequired\":true,\"valueName\":\"search_term_string\"}}],\"inLanguage\":\"sv-SE\"}]}<\/script>\n<!-- \/ Yoast SEO plugin. -->","yoast_head_json":{"title":"HF-3 Vahasuoja - kuuloasi.fi","robots":{"index":"index","follow":"follow","max-snippet":"max-snippet:-1","max-image-preview":"max-image-preview:large","max-video-preview":"max-video-preview:-1"},"canonical":"https:\/\/kuuloasi.fi\/sv\/produkt\/hf-3-vahasuoja\/","og_locale":"sv_SE","og_type":"article","og_title":"HF-3 Vahasuoja - kuuloasi.fi","og_description":"Halkaisija:\u00a03 mm \u2013 sopii kuulokojeisiin, jotka vaativat suuremman suodattimen    V\u00e4rikoodaus:     Punainen = oikean korvan kuulokojeeseen    Sininen = vasemman korvan kuulokojeeseen      Pakkauskoko:\u00a015 kpl    Helppo ja nopea vaihtaa v\u00e4rikoodauksen ansiosta","og_url":"https:\/\/kuuloasi.fi\/sv\/produkt\/hf-3-vahasuoja\/","og_site_name":"kuuloasi.fi","article_modified_time":"2026-04-14T12:59:19+00:00","og_image":[{"width":1080,"height":1080,"url":"https:\/\/kuuloasi.fi\/wp-content\/uploads\/2025\/12\/945934589.jpg","type":"image\/jpeg"}],"twitter_card":"summary_large_image","twitter_misc":{"Ber\u00e4knad l\u00e4stid":"1 minut"},"schema":{"@context":"https:\/\/schema.org","@graph":[{"@type":"WebPage","@id":"https:\/\/kuuloasi.fi\/tuote\/hf-3-vahasuoja\/","url":"https:\/\/kuuloasi.fi\/tuote\/hf-3-vahasuoja\/","name":"HF-3 Vahasuoja - kuuloasi.fi","isPartOf":{"@id":"https:\/\/kuuloasi.fi\/#website"},"primaryImageOfPage":{"@id":"https:\/\/kuuloasi.fi\/tuote\/hf-3-vahasuoja\/#primaryimage"},"image":{"@id":"https:\/\/kuuloasi.fi\/tuote\/hf-3-vahasuoja\/#primaryimage"},"thumbnailUrl":"https:\/\/kuuloasi.fi\/wp-content\/uploads\/2025\/12\/945934589.jpg","datePublished":"2025-12-03T12:35:10+00:00","dateModified":"2026-04-14T12:59:19+00:00","breadcrumb":{"@id":"https:\/\/kuuloasi.fi\/tuote\/hf-3-vahasuoja\/#breadcrumb"},"inLanguage":"sv-SE","potentialAction":[{"@type":"ReadAction","target":["https:\/\/kuuloasi.fi\/tuote\/hf-3-vahasuoja\/"]}]},{"@type":"ImageObject","inLanguage":"sv-SE","@id":"https:\/\/kuuloasi.fi\/tuote\/hf-3-vahasuoja\/#primaryimage","url":"https:\/\/kuuloasi.fi\/wp-content\/uploads\/2025\/12\/945934589.jpg","contentUrl":"https:\/\/kuuloasi.fi\/wp-content\/uploads\/2025\/12\/945934589.jpg","width":1080,"height":1080},{"@type":"BreadcrumbList","@id":"https:\/\/kuuloasi.fi\/tuote\/hf-3-vahasuoja\/#breadcrumb","itemListElement":[{"@type":"ListItem","position":1,"name":"Etusivu","item":"https:\/\/kuuloasi.fi\/"},{"@type":"ListItem","position":2,"name":"Kauppa","item":"https:\/\/kuuloasi.fi\/kauppa\/"},{"@type":"ListItem","position":3,"name":"HF-3 Vahasuoja"}]},{"@type":"WebSite","@id":"https:\/\/kuuloasi.fi\/#website","url":"https:\/\/kuuloasi.fi\/","name":"h\u00f6rsel.co.uk","description":"","potentialAction":[{"@type":"SearchAction","target":{"@type":"EntryPoint","urlTemplate":"https:\/\/kuuloasi.fi\/?s={search_term_string}"},"query-input":{"@type":"PropertyValueSpecification","valueRequired":true,"valueName":"search_term_string"}}],"inLanguage":"sv-SE"}]}},"_links":{"self":[{"href":"https:\/\/kuuloasi.fi\/sv\/wp-json\/wp\/v2\/product\/548","targetHints":{"allow":["GET"]}}],"collection":[{"href":"https:\/\/kuuloasi.fi\/sv\/wp-json\/wp\/v2\/product"}],"about":[{"href":"https:\/\/kuuloasi.fi\/sv\/wp-json\/wp\/v2\/types\/product"}],"replies":[{"embeddable":true,"href":"https:\/\/kuuloasi.fi\/sv\/wp-json\/wp\/v2\/comments?post=548"}],"wp:featuredmedia":[{"embeddable":true,"href":"https:\/\/kuuloasi.fi\/sv\/wp-json\/wp\/v2\/media\/553"}],"wp:attachment":[{"href":"https:\/\/kuuloasi.fi\/sv\/wp-json\/wp\/v2\/media?parent=548"}],"wp:term":[{"taxonomy":"product_brand","embeddable":true,"href":"https:\/\/kuuloasi.fi\/sv\/wp-json\/wp\/v2\/product_brand?post=548"},{"taxonomy":"product_cat","embeddable":true,"href":"https:\/\/kuuloasi.fi\/sv\/wp-json\/wp\/v2\/product_cat?post=548"},{"taxonomy":"product_tag","embeddable":true,"href":"https:\/\/kuuloasi.fi\/sv\/wp-json\/wp\/v2\/product_tag?post=548"}],"curies":[{"name":"wp","href":"https:\/\/api.w.org\/{rel}","templated":true}]}}