{"id":542,"date":"2025-12-03T12:35:04","date_gmt":"2025-12-03T12:35:04","guid":{"rendered":"https:\/\/kuuloasi.fi\/?post_type=product&#038;p=542"},"modified":"2026-04-15T14:18:37","modified_gmt":"2026-04-15T14:18:37","slug":"hf-4-vahasuoja","status":"publish","type":"product","link":"https:\/\/kuuloasi.fi\/sv\/produkt\/hf-4-vahasuoja\/","title":{"rendered":"HF-4 Vaxskydd"},"content":{"rendered":"<p><iframe title=\"HF 3 och HF 4 utbyte av vaxskydd f\u00f6r h\u00f6rapparater\" width=\"800\" height=\"450\" src=\"https:\/\/www.youtube.com\/embed\/LQ6mhZ6xJB0?feature=oembed\" frameborder=\"0\" allow=\"accelerometer; autoplay; clipboard-write; encrypted-media; gyroscope; picture-in-picture; web-share\" referrerpolicy=\"strict-origin-when-cross-origin\" allowfullscreen><\/iframe><\/p>\n<h2 tabindex=\"0\" data-end=\"695\" data-start=\"669\">Vad \u00e4r HF-4 vaxskydd?<\/h2>\n<ul data-end=\"985\" data-start=\"697\">\n<li data-end=\"723\" data-start=\"697\">\n<p data-end=\"723\" data-start=\"699\"><strong data-end=\"714\" data-start=\"699\">Diameter:<\/strong>\u00a02,4 mm<\/p>\n<\/li>\n<li data-end=\"841\" data-start=\"724\">\n<p data-end=\"841\" data-start=\"726\"><strong data-end=\"738\" data-start=\"726\">Installation:<\/strong>\u00a0placeras inuti h\u00f6rapparatens \u00f6ronsn\u00e4cka f\u00f6r att f\u00f6rhindra att vax och smuts kommer in i apparatens k\u00e4nsliga delar<\/p>\n<\/li>\n<li data-end=\"957\" data-start=\"842\">\n<p data-end=\"856\" data-start=\"844\"><strong data-end=\"854\" data-start=\"844\">F\u00e4rger:<\/strong><\/p>\n<ul data-end=\"957\" data-start=\"859\">\n<li data-end=\"906\" data-start=\"859\">\n<p data-end=\"906\" data-start=\"861\"><strong data-end=\"873\" data-start=\"861\">R\u00f6d<\/strong>\u00a0- i h\u00f6rapparaten i h\u00f6ger \u00f6ra<\/p>\n<\/li>\n<li data-end=\"957\" data-start=\"909\">\n<p data-end=\"957\" data-start=\"911\"><strong data-end=\"922\" data-start=\"911\">Bl\u00e5<\/strong>\u00a0- i h\u00f6rapparaten i v\u00e4nster \u00f6ra<\/p>\n<\/li>\n<\/ul>\n<\/li>\n<li data-end=\"985\" data-start=\"958\">\n<p data-end=\"985\" data-start=\"960\"><strong data-end=\"976\" data-start=\"960\">Paketets storlek:<\/strong>\u00a015 stycken<\/p>\n<\/li>\n<\/ul>\n<h2 tabindex=\"0\" data-end=\"1040\" data-start=\"992\"><\/h2>\n<h2 tabindex=\"0\" data-end=\"1040\" data-start=\"992\">Varf\u00f6r \u00e4r det viktigt att byta ut vaxskyddet HF-4?<\/h2>\n<p data-end=\"1095\" data-start=\"1042\">Om det inte byts ut regelbundet kan \u00f6ronvax orsaka:<\/p>\n<ul data-end=\"1176\" data-start=\"1096\">\n<li data-end=\"1118\" data-start=\"1096\">\n<p data-end=\"1118\" data-start=\"1098\">Tystnad av r\u00f6sten<\/p>\n<\/li>\n<li data-end=\"1142\" data-start=\"1119\">\n<p data-end=\"1142\" data-start=\"1121\">ljudf\u00f6rvr\u00e4ngning<\/p>\n<\/li>\n<li data-end=\"1176\" data-start=\"1143\">\n<p data-end=\"1176\" data-start=\"1145\">fullst\u00e4ndig bortkoppling av ljud<\/p>\n<\/li>\n<\/ul>\n<p data-end=\"1308\" data-start=\"1178\">HF-4 vaxskydd f\u00f6rebygger dessa problem, minskar antalet servicebes\u00f6k och s\u00e4kerst\u00e4ller att h\u00f6rapparatens ljud f\u00f6rblir klart och tillf\u00f6rlitligt.<\/p>\n<h2 tabindex=\"0\" data-end=\"1364\" data-start=\"1315\"><\/h2>\n<h2 tabindex=\"0\" data-end=\"1364\" data-start=\"1315\">Hur ofta ska vaxskyddet HF-4 bytas ut?<\/h2>\n<ul data-end=\"1529\" data-start=\"1366\">\n<li data-end=\"1401\" data-start=\"1366\">\n<p data-end=\"1401\" data-start=\"1368\">Rekommendation:\u00a0<strong data-end=\"1399\" data-start=\"1378\">Var 4:e-8:e vecka<\/strong><\/p>\n<\/li>\n<li data-end=\"1529\" data-start=\"1402\">\n<p data-end=\"1431\" data-start=\"1404\">\u00c4ndra omedelbart om du m\u00e4rker det:<\/p>\n<ul data-end=\"1529\" data-start=\"1434\">\n<li data-end=\"1474\" data-start=\"1434\">\n<p data-end=\"1474\" data-start=\"1436\">d\u00e4mpat eller f\u00f6rvr\u00e4ngt ljud<\/p>\n<\/li>\n<li data-end=\"1529\" data-start=\"1477\">\n<p data-end=\"1529\" data-start=\"1479\">vaxskyddet \u00e4r synbart smutsigt eller blockerat<\/p>\n<\/li>\n<\/ul>\n<\/li>\n<\/ul>\n<p data-end=\"1624\" data-start=\"1531\">\u00a0Anv\u00e4nd aldrig en h\u00f6rapparat utan vaxskydd - det kan orsaka permanenta skador p\u00e5 apparaten.<\/p>\n<h2 tabindex=\"0\" data-end=\"1684\" data-start=\"1631\"><\/h2>\n<h2 tabindex=\"0\" data-end=\"1684\" data-start=\"1631\">HF-4 byte av vaxskydd - enkla steg-f\u00f6r-steg-instruktioner<\/h2>\n<ol data-end=\"2053\" data-start=\"1686\">\n<li data-end=\"1737\" data-start=\"1686\">\n<p data-end=\"1737\" data-start=\"1689\">Ta fram utbytesverktyget HF-4 (medf\u00f6ljer i f\u00f6rpackningen).<\/p>\n<\/li>\n<li data-end=\"1832\" data-start=\"1738\">\n<p data-end=\"1832\" data-start=\"1741\">Skruva in den g\u00e4ngade \u00e4nden av verktyget i det gamla vaxskyddet i h\u00f6rapparaten och dra ut det.<\/p>\n<\/li>\n<li data-end=\"1908\" data-start=\"1833\">\n<p data-end=\"1908\" data-start=\"1836\">Ta bort det gamla vaxskyddet fr\u00e5n verktyget med hj\u00e4lp av h\u00e5let i mitten av skivan.<\/p>\n<\/li>\n<li data-end=\"1969\" data-start=\"1909\">\n<p data-end=\"1969\" data-start=\"1912\">Lyft av det nya vaxskyddet fr\u00e5n skivan med verktygets sl\u00e4ta yta.<\/p>\n<\/li>\n<li data-end=\"2053\" data-start=\"1970\">\n<p data-end=\"2053\" data-start=\"1973\">S\u00e4tt in det nya vaxskyddet i h\u00f6rapparaten och dra f\u00f6rsiktigt ut verktyget.<\/p>\n<\/li>\n<\/ol>\n<h2 tabindex=\"0\" data-end=\"2124\" data-start=\"2107\">Kompatibilitet<\/h2>\n<p data-end=\"2204\" data-start=\"2126\">HF-4 vaxskydd \u00e4r kompatibelt med m\u00e5nga ledande tillverkare av h\u00f6rapparater, inklusive<\/p>\n<ul data-end=\"2301\" data-start=\"2205\">\n<li data-end=\"2219\" data-start=\"2205\">\n<p data-end=\"2219\" data-start=\"2207\"><strong data-end=\"2217\" data-start=\"2207\">Phonak<\/strong><\/p>\n<\/li>\n<li data-end=\"2234\" data-start=\"2220\">\n<p data-end=\"2234\" data-start=\"2222\"><strong data-end=\"2232\" data-start=\"2222\">Oticon<\/strong><\/p>\n<\/li>\n<li data-end=\"2248\" data-start=\"2235\">\n<p data-end=\"2248\" data-start=\"2237\"><strong data-end=\"2246\" data-start=\"2237\">Widex<\/strong><\/p>\n<\/li>\n<li data-end=\"2265\" data-start=\"2249\">\n<p data-end=\"2265\" data-start=\"2251\"><strong data-end=\"2263\" data-start=\"2251\">Bernafon<\/strong><\/p>\n<\/li>\n<li data-end=\"2301\" data-start=\"2266\">\n<p data-end=\"2301\" data-start=\"2268\"><strong data-end=\"2279\" data-start=\"2268\">ReSound<\/strong>\u00a0(beroende p\u00e5 modell)<\/p>\n<\/li>\n<\/ul>\n<p data-end=\"2380\" data-start=\"2303\">Kontrollera alltid i bruksanvisningen till din h\u00f6rapparat att den anv\u00e4nder HF-4 vaxskydd.<\/p>\n<h2 tabindex=\"0\" data-end=\"2442\" data-start=\"2387\"><\/h2>\n<h2 tabindex=\"0\" data-end=\"2442\" data-start=\"2387\">Varf\u00f6r best\u00e4lla HF-4 vaxskydd fr\u00e5n din webbutik?<\/h2>\n<ul data-end=\"2575\" data-start=\"2444\">\n<li data-end=\"2478\" data-start=\"2444\">\n<p data-end=\"2478\" data-start=\"2446\">\u00a0Snabb och p\u00e5litlig leverans<\/p>\n<\/li>\n<li data-end=\"2523\" data-start=\"2479\">\n<p data-end=\"2523\" data-start=\"2481\">\u00a0Experttj\u00e4nster inom h\u00f6rapparater<\/p>\n<\/li>\n<li data-end=\"2575\" data-start=\"2524\">\n<p data-end=\"2575\" data-start=\"2526\">\u00a0Billiga multipack f\u00f6r underh\u00e5ll av h\u00f6rapparater<\/p>\n<\/li>\n<\/ul>\n<p data-end=\"2721\" data-start=\"2577\"><strong data-end=\"2719\" data-start=\"2577\">Best\u00e4ll ditt HF-4 vaxskydd idag och se till att dina h\u00f6rapparater fungerar perfekt, att ljudet f\u00f6rblir klart och att dina h\u00f6rapparater h\u00e5ller l\u00e4ngre.<\/strong><\/p>","protected":false},"excerpt":{"rendered":"<h2 tabindex=\"0\" data-end=\"416\" data-start=\"330\"><strong data-end=\"416\" data-start=\"332\">Skyddar, f\u00f6rl\u00e4nger livsl\u00e4ngden och bevarar ljudkvaliteten<\/strong><\/h2>\n<p data-end=\"662\" data-start=\"418\"><strong data-end=\"436\" data-start=\"418\">HF-4 vaxskydd<\/strong>\u00a0\u00e4r ett h\u00f6gkvalitativt, viktigt h\u00f6rseltillbeh\u00f6r som skyddar din h\u00f6rapparat fr\u00e5n \u00f6ronvax, fukt och smuts. Detta lilla men viktiga filter s\u00e4kerst\u00e4ller att din h\u00f6rapparat fungerar tillf\u00f6rlitligt och f\u00f6rblir hygienisk under l\u00e5ng tid.<\/p>","protected":false},"featured_media":545,"comment_status":"closed","ping_status":"closed","template":"","meta":{"_acf_changed":false},"product_brand":[],"product_cat":[71,69,72,22],"product_tag":[78,79],"class_list":{"0":"post-542","1":"product","2":"type-product","3":"status-publish","4":"has-post-thumbnail","6":"product_cat-phonak","7":"product_cat-resound","8":"product_cat-signia","9":"product_cat-varaosat","10":"product_tag-resound","11":"product_tag-vahasuoja","13":"first","14":"instock","15":"taxable","16":"shipping-taxable","17":"purchasable","18":"product-type-variable"},"acf":[],"yoast_head":"<!-- This site is optimized with the Yoast SEO plugin v27.4 - https:\/\/yoast.com\/product\/yoast-seo-wordpress\/ -->\n<title>HF-4 Vahasuoja - kuuloasi.fi<\/title>\n<meta name=\"robots\" content=\"index, follow, max-snippet:-1, max-image-preview:large, max-video-preview:-1\" \/>\n<link rel=\"canonical\" href=\"https:\/\/kuuloasi.fi\/sv\/produkt\/hf-4-vahasuoja\/\" \/>\n<meta property=\"og:locale\" content=\"sv_SE\" \/>\n<meta property=\"og:type\" content=\"article\" \/>\n<meta property=\"og:title\" content=\"HF-4 Vahasuoja - kuuloasi.fi\" \/>\n<meta property=\"og:description\" content=\"Suojaa, pidenn\u00e4 k\u00e4ytt\u00f6ik\u00e4\u00e4 ja s\u00e4ilyt\u00e4 \u00e4\u00e4nenlaatu HF-4 vahasuoja\u00a0on korkealaatuinen ja v\u00e4ltt\u00e4m\u00e4t\u00f6n kuulotarvike, joka suojaa kuulokojetta korvavahalta, kosteudelta ja lialta. T\u00e4m\u00e4 pieni mutta t\u00e4rke\u00e4 suodatin varmistaa, ett\u00e4 kuulokojeesi toimii luotettavasti ja pysyy hygieenisen\u00e4 pitk\u00e4\u00e4n.\" \/>\n<meta property=\"og:url\" content=\"https:\/\/kuuloasi.fi\/sv\/produkt\/hf-4-vahasuoja\/\" \/>\n<meta property=\"og:site_name\" content=\"kuuloasi.fi\" \/>\n<meta property=\"article:modified_time\" content=\"2026-04-15T14:18:37+00:00\" \/>\n<meta property=\"og:image\" content=\"https:\/\/kuuloasi.fi\/wp-content\/uploads\/2025\/12\/HF4-Hearing-Aid-Earwax-Guard-Wax-Filter-Prevents-Earwax-Cerumen-from-Hearing-Aids-16pcs-wheel.jpg_960x960.jpg\" \/>\n\t<meta property=\"og:image:width\" content=\"960\" \/>\n\t<meta property=\"og:image:height\" content=\"960\" \/>\n\t<meta property=\"og:image:type\" content=\"image\/jpeg\" \/>\n<meta name=\"twitter:card\" content=\"summary_large_image\" \/>\n<meta name=\"twitter:label1\" content=\"Ber\u00e4knad l\u00e4stid\" \/>\n\t<meta name=\"twitter:data1\" content=\"1 minut\" \/>\n<script type=\"application\/ld+json\" class=\"yoast-schema-graph\">{\"@context\":\"https:\\\/\\\/schema.org\",\"@graph\":[{\"@type\":\"WebPage\",\"@id\":\"https:\\\/\\\/kuuloasi.fi\\\/tuote\\\/hf-4-vahasuoja\\\/\",\"url\":\"https:\\\/\\\/kuuloasi.fi\\\/tuote\\\/hf-4-vahasuoja\\\/\",\"name\":\"HF-4 Vahasuoja - kuuloasi.fi\",\"isPartOf\":{\"@id\":\"https:\\\/\\\/kuuloasi.fi\\\/#website\"},\"primaryImageOfPage\":{\"@id\":\"https:\\\/\\\/kuuloasi.fi\\\/tuote\\\/hf-4-vahasuoja\\\/#primaryimage\"},\"image\":{\"@id\":\"https:\\\/\\\/kuuloasi.fi\\\/tuote\\\/hf-4-vahasuoja\\\/#primaryimage\"},\"thumbnailUrl\":\"https:\\\/\\\/kuuloasi.fi\\\/wp-content\\\/uploads\\\/2025\\\/12\\\/HF4-Hearing-Aid-Earwax-Guard-Wax-Filter-Prevents-Earwax-Cerumen-from-Hearing-Aids-16pcs-wheel.jpg_960x960.jpg\",\"datePublished\":\"2025-12-03T12:35:04+00:00\",\"dateModified\":\"2026-04-15T14:18:37+00:00\",\"breadcrumb\":{\"@id\":\"https:\\\/\\\/kuuloasi.fi\\\/tuote\\\/hf-4-vahasuoja\\\/#breadcrumb\"},\"inLanguage\":\"sv-SE\",\"potentialAction\":[{\"@type\":\"ReadAction\",\"target\":[\"https:\\\/\\\/kuuloasi.fi\\\/tuote\\\/hf-4-vahasuoja\\\/\"]}]},{\"@type\":\"ImageObject\",\"inLanguage\":\"sv-SE\",\"@id\":\"https:\\\/\\\/kuuloasi.fi\\\/tuote\\\/hf-4-vahasuoja\\\/#primaryimage\",\"url\":\"https:\\\/\\\/kuuloasi.fi\\\/wp-content\\\/uploads\\\/2025\\\/12\\\/HF4-Hearing-Aid-Earwax-Guard-Wax-Filter-Prevents-Earwax-Cerumen-from-Hearing-Aids-16pcs-wheel.jpg_960x960.jpg\",\"contentUrl\":\"https:\\\/\\\/kuuloasi.fi\\\/wp-content\\\/uploads\\\/2025\\\/12\\\/HF4-Hearing-Aid-Earwax-Guard-Wax-Filter-Prevents-Earwax-Cerumen-from-Hearing-Aids-16pcs-wheel.jpg_960x960.jpg\",\"width\":960,\"height\":960},{\"@type\":\"BreadcrumbList\",\"@id\":\"https:\\\/\\\/kuuloasi.fi\\\/tuote\\\/hf-4-vahasuoja\\\/#breadcrumb\",\"itemListElement\":[{\"@type\":\"ListItem\",\"position\":1,\"name\":\"Etusivu\",\"item\":\"https:\\\/\\\/kuuloasi.fi\\\/\"},{\"@type\":\"ListItem\",\"position\":2,\"name\":\"Kauppa\",\"item\":\"https:\\\/\\\/kuuloasi.fi\\\/kauppa\\\/\"},{\"@type\":\"ListItem\",\"position\":3,\"name\":\"HF-4 Vahasuoja\"}]},{\"@type\":\"WebSite\",\"@id\":\"https:\\\/\\\/kuuloasi.fi\\\/#website\",\"url\":\"https:\\\/\\\/kuuloasi.fi\\\/\",\"name\":\"kuuloasi.fi\",\"description\":\"\",\"potentialAction\":[{\"@type\":\"SearchAction\",\"target\":{\"@type\":\"EntryPoint\",\"urlTemplate\":\"https:\\\/\\\/kuuloasi.fi\\\/?s={search_term_string}\"},\"query-input\":{\"@type\":\"PropertyValueSpecification\",\"valueRequired\":true,\"valueName\":\"search_term_string\"}}],\"inLanguage\":\"sv-SE\"}]}<\/script>\n<!-- \/ Yoast SEO plugin. -->","yoast_head_json":{"title":"HF-4 Vahasuoja - kuuloasi.fi","robots":{"index":"index","follow":"follow","max-snippet":"max-snippet:-1","max-image-preview":"max-image-preview:large","max-video-preview":"max-video-preview:-1"},"canonical":"https:\/\/kuuloasi.fi\/sv\/produkt\/hf-4-vahasuoja\/","og_locale":"sv_SE","og_type":"article","og_title":"HF-4 Vahasuoja - kuuloasi.fi","og_description":"Suojaa, pidenn\u00e4 k\u00e4ytt\u00f6ik\u00e4\u00e4 ja s\u00e4ilyt\u00e4 \u00e4\u00e4nenlaatu HF-4 vahasuoja\u00a0on korkealaatuinen ja v\u00e4ltt\u00e4m\u00e4t\u00f6n kuulotarvike, joka suojaa kuulokojetta korvavahalta, kosteudelta ja lialta. T\u00e4m\u00e4 pieni mutta t\u00e4rke\u00e4 suodatin varmistaa, ett\u00e4 kuulokojeesi toimii luotettavasti ja pysyy hygieenisen\u00e4 pitk\u00e4\u00e4n.","og_url":"https:\/\/kuuloasi.fi\/sv\/produkt\/hf-4-vahasuoja\/","og_site_name":"kuuloasi.fi","article_modified_time":"2026-04-15T14:18:37+00:00","og_image":[{"width":960,"height":960,"url":"https:\/\/kuuloasi.fi\/wp-content\/uploads\/2025\/12\/HF4-Hearing-Aid-Earwax-Guard-Wax-Filter-Prevents-Earwax-Cerumen-from-Hearing-Aids-16pcs-wheel.jpg_960x960.jpg","type":"image\/jpeg"}],"twitter_card":"summary_large_image","twitter_misc":{"Ber\u00e4knad l\u00e4stid":"1 minut"},"schema":{"@context":"https:\/\/schema.org","@graph":[{"@type":"WebPage","@id":"https:\/\/kuuloasi.fi\/tuote\/hf-4-vahasuoja\/","url":"https:\/\/kuuloasi.fi\/tuote\/hf-4-vahasuoja\/","name":"HF-4 Vahasuoja - kuuloasi.fi","isPartOf":{"@id":"https:\/\/kuuloasi.fi\/#website"},"primaryImageOfPage":{"@id":"https:\/\/kuuloasi.fi\/tuote\/hf-4-vahasuoja\/#primaryimage"},"image":{"@id":"https:\/\/kuuloasi.fi\/tuote\/hf-4-vahasuoja\/#primaryimage"},"thumbnailUrl":"https:\/\/kuuloasi.fi\/wp-content\/uploads\/2025\/12\/HF4-Hearing-Aid-Earwax-Guard-Wax-Filter-Prevents-Earwax-Cerumen-from-Hearing-Aids-16pcs-wheel.jpg_960x960.jpg","datePublished":"2025-12-03T12:35:04+00:00","dateModified":"2026-04-15T14:18:37+00:00","breadcrumb":{"@id":"https:\/\/kuuloasi.fi\/tuote\/hf-4-vahasuoja\/#breadcrumb"},"inLanguage":"sv-SE","potentialAction":[{"@type":"ReadAction","target":["https:\/\/kuuloasi.fi\/tuote\/hf-4-vahasuoja\/"]}]},{"@type":"ImageObject","inLanguage":"sv-SE","@id":"https:\/\/kuuloasi.fi\/tuote\/hf-4-vahasuoja\/#primaryimage","url":"https:\/\/kuuloasi.fi\/wp-content\/uploads\/2025\/12\/HF4-Hearing-Aid-Earwax-Guard-Wax-Filter-Prevents-Earwax-Cerumen-from-Hearing-Aids-16pcs-wheel.jpg_960x960.jpg","contentUrl":"https:\/\/kuuloasi.fi\/wp-content\/uploads\/2025\/12\/HF4-Hearing-Aid-Earwax-Guard-Wax-Filter-Prevents-Earwax-Cerumen-from-Hearing-Aids-16pcs-wheel.jpg_960x960.jpg","width":960,"height":960},{"@type":"BreadcrumbList","@id":"https:\/\/kuuloasi.fi\/tuote\/hf-4-vahasuoja\/#breadcrumb","itemListElement":[{"@type":"ListItem","position":1,"name":"Etusivu","item":"https:\/\/kuuloasi.fi\/"},{"@type":"ListItem","position":2,"name":"Kauppa","item":"https:\/\/kuuloasi.fi\/kauppa\/"},{"@type":"ListItem","position":3,"name":"HF-4 Vahasuoja"}]},{"@type":"WebSite","@id":"https:\/\/kuuloasi.fi\/#website","url":"https:\/\/kuuloasi.fi\/","name":"h\u00f6rsel.co.uk","description":"","potentialAction":[{"@type":"SearchAction","target":{"@type":"EntryPoint","urlTemplate":"https:\/\/kuuloasi.fi\/?s={search_term_string}"},"query-input":{"@type":"PropertyValueSpecification","valueRequired":true,"valueName":"search_term_string"}}],"inLanguage":"sv-SE"}]}},"_links":{"self":[{"href":"https:\/\/kuuloasi.fi\/sv\/wp-json\/wp\/v2\/product\/542","targetHints":{"allow":["GET"]}}],"collection":[{"href":"https:\/\/kuuloasi.fi\/sv\/wp-json\/wp\/v2\/product"}],"about":[{"href":"https:\/\/kuuloasi.fi\/sv\/wp-json\/wp\/v2\/types\/product"}],"replies":[{"embeddable":true,"href":"https:\/\/kuuloasi.fi\/sv\/wp-json\/wp\/v2\/comments?post=542"}],"wp:featuredmedia":[{"embeddable":true,"href":"https:\/\/kuuloasi.fi\/sv\/wp-json\/wp\/v2\/media\/545"}],"wp:attachment":[{"href":"https:\/\/kuuloasi.fi\/sv\/wp-json\/wp\/v2\/media?parent=542"}],"wp:term":[{"taxonomy":"product_brand","embeddable":true,"href":"https:\/\/kuuloasi.fi\/sv\/wp-json\/wp\/v2\/product_brand?post=542"},{"taxonomy":"product_cat","embeddable":true,"href":"https:\/\/kuuloasi.fi\/sv\/wp-json\/wp\/v2\/product_cat?post=542"},{"taxonomy":"product_tag","embeddable":true,"href":"https:\/\/kuuloasi.fi\/sv\/wp-json\/wp\/v2\/product_tag?post=542"}],"curies":[{"name":"wp","href":"https:\/\/api.w.org\/{rel}","templated":true}]}}