{"id":538,"date":"2025-12-03T12:18:29","date_gmt":"2025-12-03T12:18:29","guid":{"rendered":"https:\/\/kuuloasi.fi\/?post_type=product&#038;p=538"},"modified":"2026-04-16T18:59:25","modified_gmt":"2026-04-16T18:59:25","slug":"cerustop-vahasuoja","status":"publish","type":"product","link":"https:\/\/kuuloasi.fi\/sv\/produkt\/cerustop-vahasuoja\/","title":{"rendered":"Cerustop Vaxskydd"},"content":{"rendered":"<p><iframe title=\"Cerustop vaxskydd ers\u00e4ttning f\u00f6r h\u00f6rapparater\" width=\"800\" height=\"450\" src=\"https:\/\/www.youtube.com\/embed\/v93oyweIpB4?feature=oembed\" frameborder=\"0\" allow=\"accelerometer; autoplay; clipboard-write; encrypted-media; gyroscope; picture-in-picture; web-share\" referrerpolicy=\"strict-origin-when-cross-origin\" allowfullscreen><\/iframe><\/p>\n<h3 tabindex=\"0\">Varf\u00f6r b\u00f6r Cerustop Wax Protector bytas ut regelbundet?<\/h3>\n<p>Vaxskyddet fungerar som en barri\u00e4r mot ansamling av \u00f6ronvax i h\u00f6rapparatens ljudkanal. Om filtret blockeras kan det minska eller eliminera ljudet avsev\u00e4rt. Dessutom kan h\u00f6rapparaten f\u00e5 funktionsfel eller sluta fungera helt och h\u00e5llet. Genom att regelbundet byta ut vaxskyddet f\u00f6rhindrar du fel p\u00e5 utrustningen och f\u00f6rl\u00e4nger h\u00f6rapparatens livsl\u00e4ngd.<\/p>\n<p>Hygienen \u00e4r ocks\u00e5 en viktig faktor. H\u00f6rapparaten b\u00e4rs direkt i \u00f6rat, s\u00e5 den uts\u00e4tts l\u00e4tt f\u00f6r fukt, bakterier och f\u00f6roreningar. Cerustop vaxskydd hj\u00e4lper till att uppr\u00e4tth\u00e5lla hygienen f\u00f6r apparaten och h\u00e4lsan hos anv\u00e4ndarens \u00f6ra.<\/p>\n<h3 tabindex=\"0\">Cerustop Wax Guard Egenskaper<\/h3>\n<ul data-spread=\"false\">\n<li><strong>Anv\u00e4ndarv\u00e4nlighet<\/strong>: Vaxskyddet \u00e4r snabbt och enkelt att byta ut. F\u00f6rpackningen inneh\u00e5ller \u00e5tta ers\u00e4ttningspinnar, var och en med ett nytt vaxskydd i ena \u00e4nden och en tom \u00e4nde f\u00f6r att ta bort det gamla i den andra.<\/li>\n<li><strong>Kompatibilitet<\/strong>: Passar de flesta i-\u00f6rat-h\u00f6rapparater, s\u00e4rskilt Phonak-modeller.<\/li>\n<li><strong>Slitstark konstruktion<\/strong>: Filtren \u00e4r utformade f\u00f6r att t\u00e5la daglig anv\u00e4ndning och sitter bra p\u00e5 plats.<\/li>\n<\/ul>\n<h3 tabindex=\"0\">S\u00e5 h\u00e4r byter du ut din Cerustop Wax Guard - Praktiska instruktioner<\/h3>\n<ol start=\"1\" data-spread=\"false\">\n<li>Tv\u00e4tta h\u00e4nderna f\u00f6re ingreppet.<\/li>\n<li>Ta ut en ny vaxpinne ur f\u00f6rpackningen.<\/li>\n<li>F\u00f6r in den tomma \u00e4nden i det gamla vaxskyddet i h\u00f6rapparaten.<\/li>\n<li>Dra ut det gamla filtret.<\/li>\n<li>V\u00e4nd p\u00e5 pinnen och s\u00e4tt in det nya vaxskyddet i h\u00f6rapparaten.<\/li>\n<li>Kontrollera att det nya vaxskyddet sitter ordentligt p\u00e5 plats och testa h\u00f6rapparatens ljud.<\/li>\n<\/ol>\n<h3 tabindex=\"0\">N\u00e4r \u00e4r det dags att byta ut Cerustop?<\/h3>\n<p>Om ljudet fr\u00e5n din h\u00f6rapparat d\u00e4mpas eller f\u00f6rsvinner beror det ofta p\u00e5 en blockerad vaxf\u00f6rsegling. Bytesfrekvensen varierar fr\u00e5n person till person, men var 1-2:e vecka rekommenderas, eller enligt r\u00e5d fr\u00e5n din audionom.<\/p>\n<h3 tabindex=\"0\">F\u00f6rpackning och f\u00f6rvaring<\/h3>\n<p>Cerustop-skydd levereras i en liten skiva med \u00e5tta ers\u00e4ttningspinnar. Filtren f\u00f6rblir anv\u00e4ndbara i flera \u00e5r om de f\u00f6rvaras i originalf\u00f6rpackningen p\u00e5 en torr och ren plats.<\/p>\n<h3 tabindex=\"0\">Best\u00e4ll Cerustop vaxskydd f\u00f6r h\u00f6rapparat billigt fr\u00e5n YourHearing.fi onlinebutik<\/h3>\n<p>I webbutiken Kuuloasi.fi har Cerustop-skyddet nu ett specialerbjudande: fem f\u00f6rpackningar f\u00f6r endast 35 \u20ac! Erbjudandet g\u00f6r det enkelt att l\u00e5ngsiktigt underh\u00e5lla din h\u00f6rapparat och skydda den p\u00e5 ett effektivt s\u00e4tt.<\/p>\n<p>Cerustop \u00e4r ett viktigt hj\u00e4lpmedel f\u00f6r alla anv\u00e4ndare av h\u00f6rapparater. Den uppr\u00e4tth\u00e5ller apparatens prestanda, f\u00f6rebygger problem och st\u00f6der anv\u00e4ndarens h\u00f6rsel p\u00e5 b\u00e4sta m\u00f6jliga s\u00e4tt.<\/p>\n<p>Produkten \u00e4r l\u00e4mplig f\u00f6r alla h\u00f6rapparater med Nanocare, Oticon waxstop eller GN waxfilter<\/p>\n<p><strong>V\u00e4lj Cerustop och se till att dina h\u00f6rapparater fungerar - best\u00e4ll nu fr\u00e5n Hearing.fi:s webbutik.<\/strong><\/p>","protected":false},"excerpt":{"rendered":"<h2 tabindex=\"0\">Effektivt skydd och tydlig ljudkvalitet<\/h2>\n<p>Cerustop vaxskydd f\u00f6r h\u00f6rapparater \u00e4r ett viktigt h\u00f6rseltillbeh\u00f6r som effektivt f\u00f6rhindrar att \u00f6ronvax och andra f\u00f6roreningar kommer in i h\u00f6rapparaten. Det skyddar de k\u00e4nsliga delarna av apparaten och bidrar till att bibeh\u00e5lla optimal ljudkvalitet. \u00d6ronvax \u00e4r en av de vanligaste orsakerna till fel p\u00e5 h\u00f6rapparaten och d\u00e4rf\u00f6r \u00e4r det viktigt att regelbundet byta ut vaxskyddet.<\/p>\n<p>Cerustop h\u00f6rselskydd \u00e4r kompatibla med h\u00f6rapparater fr\u00e5n m\u00e5nga v\u00e4lk\u00e4nda tillverkare, bland annat Phonak, Widex, Oticon, Bernafon och ReSound. Den breda kompatibiliteten och tillf\u00f6rlitligheten g\u00f6r dem till f\u00f6rstahandsvalet f\u00f6r b\u00e5de proffs och anv\u00e4ndare.<\/p>\n<p><strong>10\u20ac rabatt n\u00e4r du best\u00e4ller 5 paket p\u00e5 en g\u00e5ng! <a href=\"https:\/\/kuuloasi.fi\/sv\/produkt\/5pakettia-cerustop-vahasuojia\/\">Se h\u00e4r!<\/a><\/strong><\/p>","protected":false},"featured_media":2064,"comment_status":"closed","ping_status":"closed","template":"","meta":{"_acf_changed":false},"product_brand":[],"product_cat":[70,71,69,22,73],"product_tag":[80,78,79],"class_list":{"0":"post-538","1":"product","2":"type-product","3":"status-publish","4":"has-post-thumbnail","6":"product_cat-oticon","7":"product_cat-phonak","8":"product_cat-resound","9":"product_cat-varaosat","10":"product_cat-widex","11":"product_tag-cerustop","12":"product_tag-resound","13":"product_tag-vahasuoja","15":"first","16":"onbackorder","17":"taxable","18":"shipping-taxable","19":"purchasable","20":"product-type-simple"},"acf":[],"yoast_head":"<!-- This site is optimized with the Yoast SEO plugin v27.4 - https:\/\/yoast.com\/product\/yoast-seo-wordpress\/ -->\n<title>Cerustop Vahasuoja - kuuloasi.fi<\/title>\n<meta name=\"robots\" content=\"index, follow, max-snippet:-1, max-image-preview:large, max-video-preview:-1\" \/>\n<link rel=\"canonical\" href=\"https:\/\/kuuloasi.fi\/sv\/produkt\/cerustop-vahasuoja\/\" \/>\n<meta property=\"og:locale\" content=\"sv_SE\" \/>\n<meta property=\"og:type\" content=\"article\" \/>\n<meta property=\"og:title\" content=\"Cerustop Vahasuoja - kuuloasi.fi\" \/>\n<meta property=\"og:description\" content=\"Tehokas Suoja ja Selke\u00e4 \u00c4\u00e4nenlaatu Cerustop kuulokojeen vahasuoja on olennainen kuulotarvike, joka ehk\u00e4isee tehokkaasti korvavahan ja muiden ep\u00e4puhtauksien p\u00e4\u00e4syn kuulokojeeseen. Se suojaa laitteen herkki\u00e4 osia ja auttaa s\u00e4ilytt\u00e4m\u00e4\u00e4n optimaalisen \u00e4\u00e4nenlaadun. Korvavaha on yksi yleisimmist\u00e4 syist\u00e4 kuulokojeen toimintah\u00e4iri\u00f6ihin, mink\u00e4 vuoksi s\u00e4\u00e4nn\u00f6llinen vahasuojan vaihto on eritt\u00e4in t\u00e4rke\u00e4\u00e4.  Cerustop-vahasuojat ovat yhteensopivia monien tunnettujen valmistajien kuulokojeiden kanssa, mukaan lukien Phonak, Widex, Oticon, Bernafon ja ReSound. Niiden laaja yhteensopivuus ja luotettavuus tekev\u00e4t niist\u00e4 suosituimman valinnan sek\u00e4 ammattilaisten ett\u00e4 k\u00e4ytt\u00e4jien keskuudessa.  10\u20ac alennusta kun tilaat 5 pakettia kerralla! Katso t\u00e4st\u00e4!\" \/>\n<meta property=\"og:url\" content=\"https:\/\/kuuloasi.fi\/sv\/produkt\/cerustop-vahasuoja\/\" \/>\n<meta property=\"og:site_name\" content=\"kuuloasi.fi\" \/>\n<meta property=\"article:modified_time\" content=\"2026-04-16T18:59:25+00:00\" \/>\n<meta property=\"og:image\" content=\"https:\/\/kuuloasi.fi\/wp-content\/uploads\/2025\/12\/cerustop_12.jpg\" \/>\n\t<meta property=\"og:image:width\" content=\"2226\" \/>\n\t<meta property=\"og:image:height\" content=\"1824\" \/>\n\t<meta property=\"og:image:type\" content=\"image\/jpeg\" \/>\n<meta name=\"twitter:card\" content=\"summary_large_image\" \/>\n<meta name=\"twitter:label1\" content=\"Ber\u00e4knad l\u00e4stid\" \/>\n\t<meta name=\"twitter:data1\" content=\"2 minuter\" \/>\n<script type=\"application\/ld+json\" class=\"yoast-schema-graph\">{\"@context\":\"https:\\\/\\\/schema.org\",\"@graph\":[{\"@type\":\"WebPage\",\"@id\":\"https:\\\/\\\/kuuloasi.fi\\\/tuote\\\/cerustop-vahasuoja\\\/\",\"url\":\"https:\\\/\\\/kuuloasi.fi\\\/tuote\\\/cerustop-vahasuoja\\\/\",\"name\":\"Cerustop Vahasuoja - kuuloasi.fi\",\"isPartOf\":{\"@id\":\"https:\\\/\\\/kuuloasi.fi\\\/#website\"},\"primaryImageOfPage\":{\"@id\":\"https:\\\/\\\/kuuloasi.fi\\\/tuote\\\/cerustop-vahasuoja\\\/#primaryimage\"},\"image\":{\"@id\":\"https:\\\/\\\/kuuloasi.fi\\\/tuote\\\/cerustop-vahasuoja\\\/#primaryimage\"},\"thumbnailUrl\":\"https:\\\/\\\/kuuloasi.fi\\\/wp-content\\\/uploads\\\/2025\\\/12\\\/cerustop_12.jpg\",\"datePublished\":\"2025-12-03T12:18:29+00:00\",\"dateModified\":\"2026-04-16T18:59:25+00:00\",\"breadcrumb\":{\"@id\":\"https:\\\/\\\/kuuloasi.fi\\\/tuote\\\/cerustop-vahasuoja\\\/#breadcrumb\"},\"inLanguage\":\"sv-SE\",\"potentialAction\":[{\"@type\":\"ReadAction\",\"target\":[\"https:\\\/\\\/kuuloasi.fi\\\/tuote\\\/cerustop-vahasuoja\\\/\"]}]},{\"@type\":\"ImageObject\",\"inLanguage\":\"sv-SE\",\"@id\":\"https:\\\/\\\/kuuloasi.fi\\\/tuote\\\/cerustop-vahasuoja\\\/#primaryimage\",\"url\":\"https:\\\/\\\/kuuloasi.fi\\\/wp-content\\\/uploads\\\/2025\\\/12\\\/cerustop_12.jpg\",\"contentUrl\":\"https:\\\/\\\/kuuloasi.fi\\\/wp-content\\\/uploads\\\/2025\\\/12\\\/cerustop_12.jpg\",\"width\":2226,\"height\":1824},{\"@type\":\"BreadcrumbList\",\"@id\":\"https:\\\/\\\/kuuloasi.fi\\\/tuote\\\/cerustop-vahasuoja\\\/#breadcrumb\",\"itemListElement\":[{\"@type\":\"ListItem\",\"position\":1,\"name\":\"Etusivu\",\"item\":\"https:\\\/\\\/kuuloasi.fi\\\/\"},{\"@type\":\"ListItem\",\"position\":2,\"name\":\"Kauppa\",\"item\":\"https:\\\/\\\/kuuloasi.fi\\\/kauppa\\\/\"},{\"@type\":\"ListItem\",\"position\":3,\"name\":\"Cerustop Vahasuoja\"}]},{\"@type\":\"WebSite\",\"@id\":\"https:\\\/\\\/kuuloasi.fi\\\/#website\",\"url\":\"https:\\\/\\\/kuuloasi.fi\\\/\",\"name\":\"kuuloasi.fi\",\"description\":\"\",\"potentialAction\":[{\"@type\":\"SearchAction\",\"target\":{\"@type\":\"EntryPoint\",\"urlTemplate\":\"https:\\\/\\\/kuuloasi.fi\\\/?s={search_term_string}\"},\"query-input\":{\"@type\":\"PropertyValueSpecification\",\"valueRequired\":true,\"valueName\":\"search_term_string\"}}],\"inLanguage\":\"sv-SE\"}]}<\/script>\n<!-- \/ Yoast SEO plugin. -->","yoast_head_json":{"title":"Cerustop Vahasuoja - kuuloasi.fi","robots":{"index":"index","follow":"follow","max-snippet":"max-snippet:-1","max-image-preview":"max-image-preview:large","max-video-preview":"max-video-preview:-1"},"canonical":"https:\/\/kuuloasi.fi\/sv\/produkt\/cerustop-vahasuoja\/","og_locale":"sv_SE","og_type":"article","og_title":"Cerustop Vahasuoja - kuuloasi.fi","og_description":"Tehokas Suoja ja Selke\u00e4 \u00c4\u00e4nenlaatu Cerustop kuulokojeen vahasuoja on olennainen kuulotarvike, joka ehk\u00e4isee tehokkaasti korvavahan ja muiden ep\u00e4puhtauksien p\u00e4\u00e4syn kuulokojeeseen. Se suojaa laitteen herkki\u00e4 osia ja auttaa s\u00e4ilytt\u00e4m\u00e4\u00e4n optimaalisen \u00e4\u00e4nenlaadun. Korvavaha on yksi yleisimmist\u00e4 syist\u00e4 kuulokojeen toimintah\u00e4iri\u00f6ihin, mink\u00e4 vuoksi s\u00e4\u00e4nn\u00f6llinen vahasuojan vaihto on eritt\u00e4in t\u00e4rke\u00e4\u00e4.  Cerustop-vahasuojat ovat yhteensopivia monien tunnettujen valmistajien kuulokojeiden kanssa, mukaan lukien Phonak, Widex, Oticon, Bernafon ja ReSound. Niiden laaja yhteensopivuus ja luotettavuus tekev\u00e4t niist\u00e4 suosituimman valinnan sek\u00e4 ammattilaisten ett\u00e4 k\u00e4ytt\u00e4jien keskuudessa.  10\u20ac alennusta kun tilaat 5 pakettia kerralla! Katso t\u00e4st\u00e4!","og_url":"https:\/\/kuuloasi.fi\/sv\/produkt\/cerustop-vahasuoja\/","og_site_name":"kuuloasi.fi","article_modified_time":"2026-04-16T18:59:25+00:00","og_image":[{"width":2226,"height":1824,"url":"https:\/\/kuuloasi.fi\/wp-content\/uploads\/2025\/12\/cerustop_12.jpg","type":"image\/jpeg"}],"twitter_card":"summary_large_image","twitter_misc":{"Ber\u00e4knad l\u00e4stid":"2 minuter"},"schema":{"@context":"https:\/\/schema.org","@graph":[{"@type":"WebPage","@id":"https:\/\/kuuloasi.fi\/tuote\/cerustop-vahasuoja\/","url":"https:\/\/kuuloasi.fi\/tuote\/cerustop-vahasuoja\/","name":"Cerustop Vahasuoja - kuuloasi.fi","isPartOf":{"@id":"https:\/\/kuuloasi.fi\/#website"},"primaryImageOfPage":{"@id":"https:\/\/kuuloasi.fi\/tuote\/cerustop-vahasuoja\/#primaryimage"},"image":{"@id":"https:\/\/kuuloasi.fi\/tuote\/cerustop-vahasuoja\/#primaryimage"},"thumbnailUrl":"https:\/\/kuuloasi.fi\/wp-content\/uploads\/2025\/12\/cerustop_12.jpg","datePublished":"2025-12-03T12:18:29+00:00","dateModified":"2026-04-16T18:59:25+00:00","breadcrumb":{"@id":"https:\/\/kuuloasi.fi\/tuote\/cerustop-vahasuoja\/#breadcrumb"},"inLanguage":"sv-SE","potentialAction":[{"@type":"ReadAction","target":["https:\/\/kuuloasi.fi\/tuote\/cerustop-vahasuoja\/"]}]},{"@type":"ImageObject","inLanguage":"sv-SE","@id":"https:\/\/kuuloasi.fi\/tuote\/cerustop-vahasuoja\/#primaryimage","url":"https:\/\/kuuloasi.fi\/wp-content\/uploads\/2025\/12\/cerustop_12.jpg","contentUrl":"https:\/\/kuuloasi.fi\/wp-content\/uploads\/2025\/12\/cerustop_12.jpg","width":2226,"height":1824},{"@type":"BreadcrumbList","@id":"https:\/\/kuuloasi.fi\/tuote\/cerustop-vahasuoja\/#breadcrumb","itemListElement":[{"@type":"ListItem","position":1,"name":"Etusivu","item":"https:\/\/kuuloasi.fi\/"},{"@type":"ListItem","position":2,"name":"Kauppa","item":"https:\/\/kuuloasi.fi\/kauppa\/"},{"@type":"ListItem","position":3,"name":"Cerustop Vahasuoja"}]},{"@type":"WebSite","@id":"https:\/\/kuuloasi.fi\/#website","url":"https:\/\/kuuloasi.fi\/","name":"h\u00f6rsel.co.uk","description":"","potentialAction":[{"@type":"SearchAction","target":{"@type":"EntryPoint","urlTemplate":"https:\/\/kuuloasi.fi\/?s={search_term_string}"},"query-input":{"@type":"PropertyValueSpecification","valueRequired":true,"valueName":"search_term_string"}}],"inLanguage":"sv-SE"}]}},"_links":{"self":[{"href":"https:\/\/kuuloasi.fi\/sv\/wp-json\/wp\/v2\/product\/538","targetHints":{"allow":["GET"]}}],"collection":[{"href":"https:\/\/kuuloasi.fi\/sv\/wp-json\/wp\/v2\/product"}],"about":[{"href":"https:\/\/kuuloasi.fi\/sv\/wp-json\/wp\/v2\/types\/product"}],"replies":[{"embeddable":true,"href":"https:\/\/kuuloasi.fi\/sv\/wp-json\/wp\/v2\/comments?post=538"}],"wp:featuredmedia":[{"embeddable":true,"href":"https:\/\/kuuloasi.fi\/sv\/wp-json\/wp\/v2\/media\/2064"}],"wp:attachment":[{"href":"https:\/\/kuuloasi.fi\/sv\/wp-json\/wp\/v2\/media?parent=538"}],"wp:term":[{"taxonomy":"product_brand","embeddable":true,"href":"https:\/\/kuuloasi.fi\/sv\/wp-json\/wp\/v2\/product_brand?post=538"},{"taxonomy":"product_cat","embeddable":true,"href":"https:\/\/kuuloasi.fi\/sv\/wp-json\/wp\/v2\/product_cat?post=538"},{"taxonomy":"product_tag","embeddable":true,"href":"https:\/\/kuuloasi.fi\/sv\/wp-json\/wp\/v2\/product_tag?post=538"}],"curies":[{"name":"wp","href":"https:\/\/api.w.org\/{rel}","templated":true}]}}