{"id":531,"date":"2025-12-03T12:08:03","date_gmt":"2025-12-03T12:08:03","guid":{"rendered":"https:\/\/kuuloasi.fi\/?post_type=product&#038;p=531"},"modified":"2026-03-17T20:11:49","modified_gmt":"2026-03-17T20:11:49","slug":"resound-surefit-3-power-tippi","status":"publish","type":"product","link":"https:\/\/kuuloasi.fi\/sv\/produkt\/resound-surefit-3-power-tippi\/","title":{"rendered":"ReSound SureFit 3 str\u00f6mf\u00f6rs\u00f6rjningstips"},"content":{"rendered":"<p><iframe title=\"Byte av spets p\u00e5 h\u00f6rapparat\" width=\"800\" height=\"450\" src=\"https:\/\/www.youtube.com\/embed\/9MKWhWD0MN4?feature=oembed\" frameborder=\"0\" allow=\"accelerometer; autoplay; clipboard-write; encrypted-media; gyroscope; picture-in-picture; web-share\" referrerpolicy=\"strict-origin-when-cross-origin\" allowfullscreen><\/iframe><\/p>\n<h2 tabindex=\"0\" data-end=\"850\" data-start=\"800\"><strong data-end=\"850\" data-start=\"803\">Komfort och precision vid varje anv\u00e4ndningstillf\u00e4lle<\/strong><\/h2>\n<p data-end=\"1066\" data-start=\"852\">Powerpluggen \u00e4r tillverkad i ett mjukt, hudv\u00e4nligt material som sitter bekv\u00e4mt i h\u00f6rselg\u00e5ngen. Den sn\u00e4pps enkelt fast p\u00e5 h\u00f6rapparaten och kan snabbt bytas ut utan verktyg.<\/p>\n<p data-end=\"1282\" data-start=\"1068\">ReSound SureFit 3 Power Tip \u00e4r utformad f\u00f6r att sitta t\u00e4tt och s\u00e4kert i \u00f6rat. Den t\u00e4ta designen minskar ljudl\u00e4ckage och s\u00e4kerst\u00e4ller att alla ljud \u00f6verf\u00f6rs s\u00e5 effektivt som m\u00f6jligt till h\u00f6rapparaten.<\/p>\n<h2 tabindex=\"0\" data-end=\"1310\" data-start=\"1284\"><\/h2>\n<h2 tabindex=\"0\" data-end=\"1310\" data-start=\"1284\"><strong data-end=\"1310\" data-start=\"1287\">Storlekar och produktkoder<\/strong><\/h2>\n<p data-end=\"1424\" data-start=\"1312\">ReSound SureFit 3 Power Tip finns i tre olika storlekar s\u00e5 att du kan hitta den perfekta passformen f\u00f6r ditt \u00f6ra:<\/p>\n<ul data-end=\"1663\" data-start=\"1425\">\n<li data-end=\"1500\" data-start=\"1425\">\n<p data-end=\"1500\" data-start=\"1427\"><strong data-end=\"1444\" data-start=\"1427\">Storlek S (5 mm)<\/strong>\u00a0- produktkod 21432700, l\u00e4mplig f\u00f6r sm\u00e5 h\u00f6rselg\u00e5ngar<\/p>\n<\/li>\n<li data-end=\"1583\" data-start=\"1501\">\n<p data-end=\"1583\" data-start=\"1503\"><strong data-end=\"1520\" data-start=\"1503\">Storlek M (7 mm)<\/strong>\u00a0- produktkod 21432800, l\u00e4mplig f\u00f6r medelstora \u00f6rong\u00e5ngar<\/p>\n<\/li>\n<li data-end=\"1663\" data-start=\"1584\">\n<p data-end=\"1663\" data-start=\"1586\"><strong data-end=\"1604\" data-start=\"1586\">Storlek L (10 mm)<\/strong>\u00a0- produktkod 21432900, l\u00e4mplig f\u00f6r st\u00f6rre h\u00f6rselg\u00e5ngar<\/p>\n<\/li>\n<\/ul>\n<p data-end=\"1818\" data-start=\"1665\">Storleken v\u00e4ljs utifr\u00e5n din h\u00f6rselg\u00e5ng och m\u00e5ttet baseras p\u00e5 diametern p\u00e5 den \u00f6vre delen av proppen. Du kan enkelt hitta r\u00e4tt storlek i rullgardinsmenyn innan du best\u00e4ller.<\/p>\n<h2 tabindex=\"0\" data-end=\"1866\" data-start=\"1820\"><strong data-end=\"1866\" data-start=\"1823\">Kompatibilitet med SureFit 2-serien<\/strong><\/h2>\n<p data-end=\"2011\" data-start=\"1868\">SureFit 3 Power-tips \u00e4r ocks\u00e5 kompatibla med \u00e4ldre\u00a0<strong data-end=\"1946\" data-start=\"1925\">SureFit 2-serien<\/strong>\u00a0med h\u00f6rapparater.<br data-end=\"1971\" data-start=\"1968\" \/>Motsvarande SureFit 2-produktkoder \u00e4r:<\/p>\n<ul data-end=\"2081\" data-start=\"2012\">\n<li data-end=\"2034\" data-start=\"2012\">\n<p data-end=\"2034\" data-start=\"2014\">S (5 mm): 19398600<\/p>\n<\/li>\n<li data-end=\"2057\" data-start=\"2035\">\n<p data-end=\"2057\" data-start=\"2037\">M (7 mm): 19398700<\/p>\n<\/li>\n<li data-end=\"2081\" data-start=\"2058\">\n<p data-end=\"2081\" data-start=\"2060\">L (10 mm): 19398800<\/p>\n<\/li>\n<\/ul>\n<p data-end=\"2126\" data-start=\"2083\"><strong data-end=\"2099\" data-start=\"2083\">Paketets storlek:<\/strong>\u00a010 stycken (5 par).<\/p>\n<h2 tabindex=\"0\" data-end=\"2160\" data-start=\"2128\"><strong data-end=\"2160\" data-start=\"2131\">Vem \u00e4r ett Power Tip f\u00f6r<\/strong><\/h2>\n<p data-end=\"2436\" data-start=\"2162\">Power Tip \u00e4r ett utm\u00e4rkt val f\u00f6r dig som vill ha maximal ljudf\u00f6rst\u00e4rkning och en t\u00e4tare passform \u00e4n med \u00f6ppna eller ventilerade tips. Det \u00e4r det b\u00e4sta alternativet f\u00f6r anv\u00e4ndare som vill minimera ljudl\u00e4ckage och f\u00f6rb\u00e4ttra h\u00f6rapparatens prestanda.<\/p>\n<p data-end=\"2617\" data-start=\"2438\">Innan du byter typ av spets rekommenderar vi att du pratar med din audionom, eftersom r\u00e4tt typ av spets och graden av \u00e5tdragning p\u00e5verkar f\u00f6rst\u00e4rkningen och komforten i din h\u00f6rapparat.<\/p>\n<h2 tabindex=\"0\" data-end=\"2651\" data-start=\"2619\"><strong data-end=\"2651\" data-start=\"2622\">L\u00e4tt att underh\u00e5lla och byta ut<\/strong><\/h2>\n<p data-end=\"2913\" data-start=\"2653\">Power Tip \u00e4r l\u00e4tt att installera i h\u00f6rapparaten och att ta bort vid behov. Byt ut spetsen n\u00e4r den ser sliten eller smutsig ut. Reng\u00f6r propparna regelbundet med en torr trasa eller reng\u00f6ringsborste och f\u00f6rvara reservpropparna p\u00e5 en torr och ren plats.<\/p>\n<h2 tabindex=\"0\" data-end=\"2932\" data-start=\"2915\"><strong data-end=\"2932\" data-start=\"2918\">Sammanfattning<\/strong><\/h2>\n<p data-end=\"3126\" data-start=\"2934\"><strong data-end=\"2967\" data-start=\"2934\">ReSound SureFit 3 Str\u00f6mbrytare<\/strong>\u00a0erbjuder den perfekta kombinationen av kraft, passform och komfort. Den \u00e4r enkel att installera, s\u00e4ker att anv\u00e4nda och utformad f\u00f6r att t\u00e5la daglig anv\u00e4ndning.<\/p>\n<p data-end=\"3285\" data-start=\"3128\">Prenumerera p\u00e5\u00a0<strong data-end=\"3167\" data-start=\"3134\">ReSound SureFit 3 Str\u00f6mbrytare<\/strong>\u00a0Handla din h\u00f6rsel online och se till att dina h\u00f6rapparater fungerar med full kraft och att ditt ljud f\u00f6rblir klart varje dag<\/p>","protected":false},"excerpt":{"rendered":"<p><strong data-end=\"258\" data-start=\"181\">maximal f\u00f6rst\u00e4rkning och s\u00e4ker passform<\/strong><\/p>\n<h2 tabindex=\"0\" data-end=\"306\" data-start=\"260\"><strong data-end=\"306\" data-start=\"263\">Effektiv och kompakt passform f\u00f6r h\u00f6rapparater<\/strong><\/h2>\n<p data-end=\"602\" data-start=\"308\"><strong data-end=\"341\" data-start=\"308\">ReSound SureFit 3 Str\u00f6mbrytare<\/strong>\u00a0\u00e4r en kompakt, h\u00f6gpresterande h\u00f6rapparat fr\u00e5n ReSounds popul\u00e4ra SureFit-serie som ger b\u00e4sta m\u00f6jliga ljudf\u00f6rst\u00e4rkning. Den \u00e4r utformad f\u00f6r de senaste\u00a0<strong data-end=\"534\" data-start=\"508\">F\u00f6r ReSound h\u00f6rapparater<\/strong>, som LiNX\u00b2, ENYA, LiNX 3D, LiNX Quattro, Key och ONE.<\/p>\n<p data-end=\"798\" data-start=\"604\">Power-modellen \u00e4r kompakt och f\u00f6rst\u00e4rker ljudet maximalt, vilket g\u00f6r den till det perfekta valet f\u00f6r anv\u00e4ndare med st\u00f6rre h\u00f6rselneds\u00e4ttning eller som beh\u00f6ver starkare volym.<\/p>","protected":false},"featured_media":535,"comment_status":"closed","ping_status":"closed","template":"","meta":{"_acf_changed":false},"product_brand":[],"product_cat":[69,22],"product_tag":[78,77],"class_list":{"0":"post-531","1":"product","2":"type-product","3":"status-publish","4":"has-post-thumbnail","6":"product_cat-resound","7":"product_cat-varaosat","8":"product_tag-resound","9":"product_tag-tippi","11":"first","12":"instock","13":"taxable","14":"shipping-taxable","15":"purchasable","16":"product-type-variable"},"acf":[],"yoast_head":"<!-- This site is optimized with the Yoast SEO plugin v27.4 - https:\/\/yoast.com\/product\/yoast-seo-wordpress\/ -->\n<title>ReSound SureFit 3 power tippi - kuuloasi.fi<\/title>\n<meta name=\"robots\" content=\"index, follow, max-snippet:-1, max-image-preview:large, max-video-preview:-1\" \/>\n<link rel=\"canonical\" href=\"https:\/\/kuuloasi.fi\/sv\/produkt\/resound-surefit-3-power-tippi\/\" \/>\n<meta property=\"og:locale\" content=\"sv_SE\" \/>\n<meta property=\"og:type\" content=\"article\" \/>\n<meta property=\"og:title\" content=\"ReSound SureFit 3 power tippi - kuuloasi.fi\" \/>\n<meta property=\"og:description\" content=\"maksimaalinen vahvistus ja varma istuvuus Tehokas ja tiivis sovite kuulokojeeseen ReSound SureFit 3 Power tippi\u00a0on ReSoundin suosittuun SureFit-sarjaan kuuluva tiivis ja tehokas kuulokojeen sovite, joka tarjoaa parhaan mahdollisen \u00e4\u00e4nenvahvistuksen. Se on suunniteltu uusimpiin\u00a0ReSound-kuulokojeisiin, kuten LiNX\u00b2, ENYA, LiNX 3D, LiNX Quattro, Key ja ONE -malleihin. Power-malli on tiivis ja vahvistaa \u00e4\u00e4nt\u00e4 maksimaalisesti, mik\u00e4 tekee siit\u00e4 t\u00e4ydellisen valinnan k\u00e4ytt\u00e4jille, joilla on suurempi kuulonalenema tai jotka tarvitsevat vahvempaa \u00e4\u00e4nenvoimakkuutta.\" \/>\n<meta property=\"og:url\" content=\"https:\/\/kuuloasi.fi\/sv\/produkt\/resound-surefit-3-power-tippi\/\" \/>\n<meta property=\"og:site_name\" content=\"kuuloasi.fi\" \/>\n<meta property=\"article:modified_time\" content=\"2026-03-17T20:11:49+00:00\" \/>\n<meta property=\"og:image\" content=\"https:\/\/kuuloasi.fi\/wp-content\/uploads\/2025\/12\/resound-surefit3-tippi-power-3a5c0cc3_orig.jpg\" \/>\n\t<meta property=\"og:image:width\" content=\"1000\" \/>\n\t<meta property=\"og:image:height\" content=\"1000\" \/>\n\t<meta property=\"og:image:type\" content=\"image\/jpeg\" \/>\n<meta name=\"twitter:card\" content=\"summary_large_image\" \/>\n<meta name=\"twitter:label1\" content=\"Ber\u00e4knad l\u00e4stid\" \/>\n\t<meta name=\"twitter:data1\" content=\"2 minuter\" \/>\n<script type=\"application\/ld+json\" class=\"yoast-schema-graph\">{\"@context\":\"https:\\\/\\\/schema.org\",\"@graph\":[{\"@type\":\"WebPage\",\"@id\":\"https:\\\/\\\/kuuloasi.fi\\\/tuote\\\/resound-surefit-3-power-tippi\\\/\",\"url\":\"https:\\\/\\\/kuuloasi.fi\\\/tuote\\\/resound-surefit-3-power-tippi\\\/\",\"name\":\"ReSound SureFit 3 power tippi - kuuloasi.fi\",\"isPartOf\":{\"@id\":\"https:\\\/\\\/kuuloasi.fi\\\/#website\"},\"primaryImageOfPage\":{\"@id\":\"https:\\\/\\\/kuuloasi.fi\\\/tuote\\\/resound-surefit-3-power-tippi\\\/#primaryimage\"},\"image\":{\"@id\":\"https:\\\/\\\/kuuloasi.fi\\\/tuote\\\/resound-surefit-3-power-tippi\\\/#primaryimage\"},\"thumbnailUrl\":\"https:\\\/\\\/kuuloasi.fi\\\/wp-content\\\/uploads\\\/2025\\\/12\\\/resound-surefit3-tippi-power-3a5c0cc3_orig.jpg\",\"datePublished\":\"2025-12-03T12:08:03+00:00\",\"dateModified\":\"2026-03-17T20:11:49+00:00\",\"breadcrumb\":{\"@id\":\"https:\\\/\\\/kuuloasi.fi\\\/tuote\\\/resound-surefit-3-power-tippi\\\/#breadcrumb\"},\"inLanguage\":\"sv-SE\",\"potentialAction\":[{\"@type\":\"ReadAction\",\"target\":[\"https:\\\/\\\/kuuloasi.fi\\\/tuote\\\/resound-surefit-3-power-tippi\\\/\"]}]},{\"@type\":\"ImageObject\",\"inLanguage\":\"sv-SE\",\"@id\":\"https:\\\/\\\/kuuloasi.fi\\\/tuote\\\/resound-surefit-3-power-tippi\\\/#primaryimage\",\"url\":\"https:\\\/\\\/kuuloasi.fi\\\/wp-content\\\/uploads\\\/2025\\\/12\\\/resound-surefit3-tippi-power-3a5c0cc3_orig.jpg\",\"contentUrl\":\"https:\\\/\\\/kuuloasi.fi\\\/wp-content\\\/uploads\\\/2025\\\/12\\\/resound-surefit3-tippi-power-3a5c0cc3_orig.jpg\",\"width\":1000,\"height\":1000},{\"@type\":\"BreadcrumbList\",\"@id\":\"https:\\\/\\\/kuuloasi.fi\\\/tuote\\\/resound-surefit-3-power-tippi\\\/#breadcrumb\",\"itemListElement\":[{\"@type\":\"ListItem\",\"position\":1,\"name\":\"Etusivu\",\"item\":\"https:\\\/\\\/kuuloasi.fi\\\/\"},{\"@type\":\"ListItem\",\"position\":2,\"name\":\"Kauppa\",\"item\":\"https:\\\/\\\/kuuloasi.fi\\\/kauppa\\\/\"},{\"@type\":\"ListItem\",\"position\":3,\"name\":\"ReSound SureFit 3 power tippi\"}]},{\"@type\":\"WebSite\",\"@id\":\"https:\\\/\\\/kuuloasi.fi\\\/#website\",\"url\":\"https:\\\/\\\/kuuloasi.fi\\\/\",\"name\":\"kuuloasi.fi\",\"description\":\"\",\"potentialAction\":[{\"@type\":\"SearchAction\",\"target\":{\"@type\":\"EntryPoint\",\"urlTemplate\":\"https:\\\/\\\/kuuloasi.fi\\\/?s={search_term_string}\"},\"query-input\":{\"@type\":\"PropertyValueSpecification\",\"valueRequired\":true,\"valueName\":\"search_term_string\"}}],\"inLanguage\":\"sv-SE\"}]}<\/script>\n<!-- \/ Yoast SEO plugin. -->","yoast_head_json":{"title":"ReSound SureFit 3 power tippi - kuuloasi.fi","robots":{"index":"index","follow":"follow","max-snippet":"max-snippet:-1","max-image-preview":"max-image-preview:large","max-video-preview":"max-video-preview:-1"},"canonical":"https:\/\/kuuloasi.fi\/sv\/produkt\/resound-surefit-3-power-tippi\/","og_locale":"sv_SE","og_type":"article","og_title":"ReSound SureFit 3 power tippi - kuuloasi.fi","og_description":"maksimaalinen vahvistus ja varma istuvuus Tehokas ja tiivis sovite kuulokojeeseen ReSound SureFit 3 Power tippi\u00a0on ReSoundin suosittuun SureFit-sarjaan kuuluva tiivis ja tehokas kuulokojeen sovite, joka tarjoaa parhaan mahdollisen \u00e4\u00e4nenvahvistuksen. Se on suunniteltu uusimpiin\u00a0ReSound-kuulokojeisiin, kuten LiNX\u00b2, ENYA, LiNX 3D, LiNX Quattro, Key ja ONE -malleihin. Power-malli on tiivis ja vahvistaa \u00e4\u00e4nt\u00e4 maksimaalisesti, mik\u00e4 tekee siit\u00e4 t\u00e4ydellisen valinnan k\u00e4ytt\u00e4jille, joilla on suurempi kuulonalenema tai jotka tarvitsevat vahvempaa \u00e4\u00e4nenvoimakkuutta.","og_url":"https:\/\/kuuloasi.fi\/sv\/produkt\/resound-surefit-3-power-tippi\/","og_site_name":"kuuloasi.fi","article_modified_time":"2026-03-17T20:11:49+00:00","og_image":[{"width":1000,"height":1000,"url":"https:\/\/kuuloasi.fi\/wp-content\/uploads\/2025\/12\/resound-surefit3-tippi-power-3a5c0cc3_orig.jpg","type":"image\/jpeg"}],"twitter_card":"summary_large_image","twitter_misc":{"Ber\u00e4knad l\u00e4stid":"2 minuter"},"schema":{"@context":"https:\/\/schema.org","@graph":[{"@type":"WebPage","@id":"https:\/\/kuuloasi.fi\/tuote\/resound-surefit-3-power-tippi\/","url":"https:\/\/kuuloasi.fi\/tuote\/resound-surefit-3-power-tippi\/","name":"ReSound SureFit 3 power tippi - kuuloasi.fi","isPartOf":{"@id":"https:\/\/kuuloasi.fi\/#website"},"primaryImageOfPage":{"@id":"https:\/\/kuuloasi.fi\/tuote\/resound-surefit-3-power-tippi\/#primaryimage"},"image":{"@id":"https:\/\/kuuloasi.fi\/tuote\/resound-surefit-3-power-tippi\/#primaryimage"},"thumbnailUrl":"https:\/\/kuuloasi.fi\/wp-content\/uploads\/2025\/12\/resound-surefit3-tippi-power-3a5c0cc3_orig.jpg","datePublished":"2025-12-03T12:08:03+00:00","dateModified":"2026-03-17T20:11:49+00:00","breadcrumb":{"@id":"https:\/\/kuuloasi.fi\/tuote\/resound-surefit-3-power-tippi\/#breadcrumb"},"inLanguage":"sv-SE","potentialAction":[{"@type":"ReadAction","target":["https:\/\/kuuloasi.fi\/tuote\/resound-surefit-3-power-tippi\/"]}]},{"@type":"ImageObject","inLanguage":"sv-SE","@id":"https:\/\/kuuloasi.fi\/tuote\/resound-surefit-3-power-tippi\/#primaryimage","url":"https:\/\/kuuloasi.fi\/wp-content\/uploads\/2025\/12\/resound-surefit3-tippi-power-3a5c0cc3_orig.jpg","contentUrl":"https:\/\/kuuloasi.fi\/wp-content\/uploads\/2025\/12\/resound-surefit3-tippi-power-3a5c0cc3_orig.jpg","width":1000,"height":1000},{"@type":"BreadcrumbList","@id":"https:\/\/kuuloasi.fi\/tuote\/resound-surefit-3-power-tippi\/#breadcrumb","itemListElement":[{"@type":"ListItem","position":1,"name":"Etusivu","item":"https:\/\/kuuloasi.fi\/"},{"@type":"ListItem","position":2,"name":"Kauppa","item":"https:\/\/kuuloasi.fi\/kauppa\/"},{"@type":"ListItem","position":3,"name":"ReSound SureFit 3 power tippi"}]},{"@type":"WebSite","@id":"https:\/\/kuuloasi.fi\/#website","url":"https:\/\/kuuloasi.fi\/","name":"h\u00f6rsel.co.uk","description":"","potentialAction":[{"@type":"SearchAction","target":{"@type":"EntryPoint","urlTemplate":"https:\/\/kuuloasi.fi\/?s={search_term_string}"},"query-input":{"@type":"PropertyValueSpecification","valueRequired":true,"valueName":"search_term_string"}}],"inLanguage":"sv-SE"}]}},"_links":{"self":[{"href":"https:\/\/kuuloasi.fi\/sv\/wp-json\/wp\/v2\/product\/531","targetHints":{"allow":["GET"]}}],"collection":[{"href":"https:\/\/kuuloasi.fi\/sv\/wp-json\/wp\/v2\/product"}],"about":[{"href":"https:\/\/kuuloasi.fi\/sv\/wp-json\/wp\/v2\/types\/product"}],"replies":[{"embeddable":true,"href":"https:\/\/kuuloasi.fi\/sv\/wp-json\/wp\/v2\/comments?post=531"}],"wp:featuredmedia":[{"embeddable":true,"href":"https:\/\/kuuloasi.fi\/sv\/wp-json\/wp\/v2\/media\/535"}],"wp:attachment":[{"href":"https:\/\/kuuloasi.fi\/sv\/wp-json\/wp\/v2\/media?parent=531"}],"wp:term":[{"taxonomy":"product_brand","embeddable":true,"href":"https:\/\/kuuloasi.fi\/sv\/wp-json\/wp\/v2\/product_brand?post=531"},{"taxonomy":"product_cat","embeddable":true,"href":"https:\/\/kuuloasi.fi\/sv\/wp-json\/wp\/v2\/product_cat?post=531"},{"taxonomy":"product_tag","embeddable":true,"href":"https:\/\/kuuloasi.fi\/sv\/wp-json\/wp\/v2\/product_tag?post=531"}],"curies":[{"name":"wp","href":"https:\/\/api.w.org\/{rel}","templated":true}]}}