{"id":526,"date":"2025-12-03T12:05:41","date_gmt":"2025-12-03T12:05:41","guid":{"rendered":"https:\/\/kuuloasi.fi\/?post_type=product&#038;p=526"},"modified":"2026-03-31T13:25:00","modified_gmt":"2026-03-31T13:25:00","slug":"resound-surefit-3-tulppaani-tippi","status":"publish","type":"product","link":"https:\/\/kuuloasi.fi\/sv\/produkt\/resound-surefit-3-tulppaani-tippi\/","title":{"rendered":"ReSound SureFit 3 tulpan dropp"},"content":{"rendered":"<p><iframe title=\"Byte av spets p\u00e5 h\u00f6rapparat\" width=\"800\" height=\"450\" src=\"https:\/\/www.youtube.com\/embed\/9MKWhWD0MN4?feature=oembed\" frameborder=\"0\" allow=\"accelerometer; autoplay; clipboard-write; encrypted-media; gyroscope; picture-in-picture; web-share\" referrerpolicy=\"strict-origin-when-cross-origin\" allowfullscreen><\/iframe><\/p>\n<h2 tabindex=\"0\" data-end=\"1003\" data-start=\"917\"><strong data-end=\"1003\" data-start=\"920\">Tulpandropp - den perfekta balansen mellan \u00f6ppen och sluten droppning<\/strong><\/h2>\n<p data-end=\"1296\" data-start=\"1005\">En tulpan- (eller kon-) drip-passform ger en t\u00e4tare passform \u00e4n en \u00f6ppen drip, men \u00e4r ocks\u00e5 bekv\u00e4mare och mer ventilerande \u00e4n en helt sluten design. Detta g\u00f6r den till ett utm\u00e4rkt alternativ f\u00f6r anv\u00e4ndare som vill ha ett naturligt ljud men beh\u00f6ver lite mer f\u00f6rst\u00e4rkning.<\/p>\n<p data-end=\"1546\" data-start=\"1298\">Tulpandropparna minskar gnisslet och f\u00f6rb\u00e4ttrar \u00e5tergivningen av l\u00e5ga ljud, vilket g\u00f6r att du h\u00f6r tal och omgivande ljud tydligare och mer distinkt. Det ger en bekv\u00e4m lyssningsupplevelse i alla situationer - hemma, utomhus eller p\u00e5 jobbet.<\/p>\n<p data-end=\"1704\" data-start=\"1548\">Vi rekommenderar alltid att du pratar med din audionom innan du byter spets, eftersom l\u00e4mplig spetstyp beror p\u00e5 h\u00f6rapparatmodellen och din individuella h\u00f6rsel.<\/p>\n<h2 tabindex=\"0\" data-end=\"1745\" data-start=\"1706\"><\/h2>\n<h2 tabindex=\"0\" data-end=\"1745\" data-start=\"1706\"><strong data-end=\"1745\" data-start=\"1709\">Bekv\u00e4m passform och enkel att anv\u00e4nda<\/strong><\/h2>\n<p data-end=\"1988\" data-start=\"1747\">ReSound SureFit 3 Tulip Drip \u00e4r utformad f\u00f6r att vara flexibel och anpassningsbar - en storlek passar de flesta \u00f6ron. Den flexibla designen g\u00f6r att proppen sitter s\u00e4kert p\u00e5 plats, samtidigt som den k\u00e4nns mjuk och diskret i \u00f6rat.<\/p>\n<p data-end=\"2008\" data-start=\"1990\"><strong data-end=\"2006\" data-start=\"1990\">Instruktioner f\u00f6r byte:<\/strong><\/p>\n<ol data-end=\"2267\" data-start=\"2009\">\n<li data-end=\"2075\" data-start=\"2009\">\n<p data-end=\"2075\" data-start=\"2012\">Ta f\u00f6rsiktigt bort den gamla spetsen genom att dra ut den ur h\u00f6rapparaten.<\/p>\n<\/li>\n<li data-end=\"2197\" data-start=\"2076\">\n<p data-end=\"2197\" data-start=\"2079\">Tryck p\u00e5 ny<strong data-end=\"2138\" data-start=\"2090\">\u00a0Tips\u00a0<\/strong>p\u00e5 h\u00f6rapparatens huvud tills den sn\u00e4pper fast ordentligt.<\/p>\n<\/li>\n<li data-end=\"2267\" data-start=\"2198\">\n<p data-end=\"2267\" data-start=\"2201\">Se till att droppen \u00e4r ren och korrekt isatt f\u00f6re anv\u00e4ndning.<\/p>\n<\/li>\n<\/ol>\n<p data-end=\"2410\" data-start=\"2269\">Spetsen \u00e4r l\u00e4tt att ta bort och s\u00e4tta tillbaka och b\u00f6r kontrolleras regelbundet - rekommendationen \u00e4r att byta ut den ungef\u00e4r en g\u00e5ng i m\u00e5naden eller vid behov.<\/p>\n<h2 tabindex=\"0\" data-end=\"2459\" data-start=\"2412\"><\/h2>\n<h2 tabindex=\"0\" data-end=\"2459\" data-start=\"2412\"><strong data-end=\"2459\" data-start=\"2415\">Kompatibilitet \u00e4ven med SureFit 2 droppar<\/strong><\/h2>\n<p data-end=\"2706\" data-start=\"2461\">ReSound SureFit 3 Tulip tips \u00e4r ocks\u00e5 l\u00e4mpliga f\u00f6r h\u00f6rapparater som har anv\u00e4nt \u00e4ldre\u00a0<strong data-end=\"2575\" data-start=\"2553\">SureFit 2 droppar<\/strong>\u00a0(produktkod: 19398500). Detta g\u00f6r \u00f6verg\u00e5ngen till den nya modellen enkel och s\u00e4kerst\u00e4ller kompatibilitet med gammal utrustning.<\/p>\n<h2 tabindex=\"0\" data-end=\"2734\" data-start=\"2708\"><\/h2>\n<h2 tabindex=\"0\" data-end=\"2734\" data-start=\"2708\"><strong data-end=\"2734\" data-start=\"2711\">F\u00f6rpackning och f\u00f6rvaring<\/strong><\/h2>\n<p data-end=\"2952\" data-start=\"2736\"><strong data-end=\"2752\" data-start=\"2736\">Paketets storlek:<\/strong>\u00a010 stycken (5 par).<br data-end=\"2780\" data-start=\"2777\" \/>Spetsarna \u00e4r hygieniskt f\u00f6rpackade och l\u00e4tta att ta ut en efter en. F\u00f6rvara spetsarna p\u00e5 en torr och ren plats s\u00e5 att de \u00e4r klara f\u00f6r anv\u00e4ndning och h\u00e5ller l\u00e4nge.<\/p>\n<h2 tabindex=\"0\" data-end=\"2994\" data-start=\"2954\"><\/h2>\n<h2 tabindex=\"0\" data-end=\"2994\" data-start=\"2954\"><strong data-end=\"2994\" data-start=\"2957\">F\u00f6rb\u00e4ttra din h\u00f6rselupplevelse p\u00e5 ett enkelt s\u00e4tt<\/strong><\/h2>\n<p data-end=\"3200\" data-start=\"2996\">ReSound SureFit 3 Tulpan droppkombination\u00a0<strong data-end=\"3086\" data-start=\"3039\">komfort, effektivitet och h\u00f6gkvalitativt ljud<\/strong>. Den ger en naturlig lyssningsupplevelse, minskar gnissel och g\u00f6r det bekv\u00e4mare att anv\u00e4nda h\u00f6rapparaten.<\/p>\n<p data-end=\"3467\" data-start=\"3202\">Prenumerera p\u00e5\u00a0<strong data-end=\"3262\" data-start=\"3208\">ReSound SureFit 3 Tulip spetsf\u00e4ste (21432300)<\/strong>\u00a0nu\u00a0<strong data-end=\"3294\" data-start=\"3267\">Fr\u00e5n webbutiken<\/strong>\u00a0och s\u00e4kerst\u00e4lla optimal prestanda f\u00f6r dina h\u00f6rapparater. Vi erbjuder\u00a0<strong data-end=\"3375\" data-start=\"3353\">snabba leveranser<\/strong>,\u00a0<strong data-end=\"3409\" data-start=\"3377\">tillf\u00f6rlitlig expertis<\/strong>\u00a0och\u00a0<strong data-end=\"3443\" data-start=\"3413\">h\u00f6rapparater av h\u00f6g kvalitet<\/strong>\u00a0f\u00f6r alla anv\u00e4ndare.<\/p>","protected":false},"excerpt":{"rendered":"<h2 tabindex=\"0\" data-end=\"264\" data-start=\"219\"><strong data-end=\"264\" data-start=\"222\">H\u00f6gkvalitativ utprovning av ReSound h\u00f6rapparater<\/strong><\/h2>\n<p data-end=\"641\" data-start=\"266\"><strong data-end=\"326\" data-start=\"266\">ReSound SureFit 3 Tulip Drip (produktkod: 21432300)<\/strong>\u00a0\u00e4r en n\u00e4rmare anpassad h\u00f6rapparat utvecklad av ReSound som erbjuder den perfekta balansen mellan komfort och ljudkvalitet. Denna droppanpassning \u00e4r en del av ReSounds nya\u00a0<strong data-end=\"515\" data-start=\"493\">SureFit 3-serien<\/strong>, och den passar in i den senaste\u00a0<strong data-end=\"565\" data-start=\"539\">F\u00f6r ReSound h\u00f6rapparater<\/strong>, s\u00e5som\u00a0<strong data-end=\"616\" data-start=\"573\">LiNX\u00b2, ENYA, LiNX 3D, LiNX Quattro, Nyckel<\/strong>\u00a0och\u00a0<strong data-end=\"627\" data-start=\"620\">EN<\/strong>\u00a0-modeller.<\/p>\n<p data-end=\"915\" data-start=\"643\">Tulip Drip Fitting f\u00e4sts enkelt p\u00e5 h\u00f6rapparatens huvud med ett sn\u00e4pp och \u00e4r tillverkad av ett mjukt, hudv\u00e4nligt material som formar sig efter h\u00f6rselg\u00e5ngen f\u00f6r en utm\u00e4rkt passform.<\/p>","protected":false},"featured_media":530,"comment_status":"closed","ping_status":"closed","template":"","meta":{"_acf_changed":false},"product_brand":[],"product_cat":[69,22],"product_tag":[78,77],"class_list":{"0":"post-526","1":"product","2":"type-product","3":"status-publish","4":"has-post-thumbnail","6":"product_cat-resound","7":"product_cat-varaosat","8":"product_tag-resound","9":"product_tag-tippi","11":"first","12":"instock","13":"taxable","14":"shipping-taxable","15":"purchasable","16":"product-type-simple"},"acf":[],"yoast_head":"<!-- This site is optimized with the Yoast SEO plugin v27.4 - https:\/\/yoast.com\/product\/yoast-seo-wordpress\/ -->\n<title>ReSound SureFit 3 tulppaani tippi - kuuloasi.fi<\/title>\n<meta name=\"robots\" content=\"index, follow, max-snippet:-1, max-image-preview:large, max-video-preview:-1\" \/>\n<link rel=\"canonical\" href=\"https:\/\/kuuloasi.fi\/sv\/produkt\/resound-surefit-3-tulppaani-tippi\/\" \/>\n<meta property=\"og:locale\" content=\"sv_SE\" \/>\n<meta property=\"og:type\" content=\"article\" \/>\n<meta property=\"og:title\" content=\"ReSound SureFit 3 tulppaani tippi - kuuloasi.fi\" \/>\n<meta property=\"og:description\" content=\"Laadukas sovite ReSound-kuulokojeisiin ReSound SureFit 3 Tulppaani tippi (tuotekoodi: 21432300)\u00a0on ReSoundin kehitt\u00e4m\u00e4, tiiviimpi kuulokojeen sovite, joka tarjoaa t\u00e4ydellisen tasapainon mukavuuden ja \u00e4\u00e4nenlaadun v\u00e4lill\u00e4. T\u00e4m\u00e4 tippisovite kuuluu ReSoundin uuteen\u00a0SureFit 3 -sarjaan, ja se sopii uusimpiin\u00a0ReSound-kuulokojeisiin, kuten\u00a0LiNX\u00b2, ENYA, LiNX 3D, LiNX Quattro, Key\u00a0ja\u00a0ONE\u00a0-malleihin. Tulppaani tippisovite kiinnittyy helposti kuulokojeen p\u00e4\u00e4h\u00e4n napsauttamalla, ja se on valmistettu pehme\u00e4st\u00e4, ihoyst\u00e4v\u00e4llisest\u00e4 materiaalista, joka mukautuu korvak\u00e4yt\u00e4v\u00e4n mukaan tarjoten erinomaisen istuvuuden.\" \/>\n<meta property=\"og:url\" content=\"https:\/\/kuuloasi.fi\/sv\/produkt\/resound-surefit-3-tulppaani-tippi\/\" \/>\n<meta property=\"og:site_name\" content=\"kuuloasi.fi\" \/>\n<meta property=\"article:modified_time\" content=\"2026-03-31T13:25:00+00:00\" \/>\n<meta property=\"og:image\" content=\"https:\/\/kuuloasi.fi\/wp-content\/uploads\/2025\/12\/resound-surefit3-tippi-tulppaani-6ee62983_orig.jpg\" \/>\n\t<meta property=\"og:image:width\" content=\"1000\" \/>\n\t<meta property=\"og:image:height\" content=\"1000\" \/>\n\t<meta property=\"og:image:type\" content=\"image\/jpeg\" \/>\n<meta name=\"twitter:card\" content=\"summary_large_image\" \/>\n<meta name=\"twitter:label1\" content=\"Ber\u00e4knad l\u00e4stid\" \/>\n\t<meta name=\"twitter:data1\" content=\"2 minuter\" \/>\n<script type=\"application\/ld+json\" class=\"yoast-schema-graph\">{\"@context\":\"https:\\\/\\\/schema.org\",\"@graph\":[{\"@type\":\"WebPage\",\"@id\":\"https:\\\/\\\/kuuloasi.fi\\\/tuote\\\/resound-surefit-3-tulppaani-tippi\\\/\",\"url\":\"https:\\\/\\\/kuuloasi.fi\\\/tuote\\\/resound-surefit-3-tulppaani-tippi\\\/\",\"name\":\"ReSound SureFit 3 tulppaani tippi - kuuloasi.fi\",\"isPartOf\":{\"@id\":\"https:\\\/\\\/kuuloasi.fi\\\/#website\"},\"primaryImageOfPage\":{\"@id\":\"https:\\\/\\\/kuuloasi.fi\\\/tuote\\\/resound-surefit-3-tulppaani-tippi\\\/#primaryimage\"},\"image\":{\"@id\":\"https:\\\/\\\/kuuloasi.fi\\\/tuote\\\/resound-surefit-3-tulppaani-tippi\\\/#primaryimage\"},\"thumbnailUrl\":\"https:\\\/\\\/kuuloasi.fi\\\/wp-content\\\/uploads\\\/2025\\\/12\\\/resound-surefit3-tippi-tulppaani-6ee62983_orig.jpg\",\"datePublished\":\"2025-12-03T12:05:41+00:00\",\"dateModified\":\"2026-03-31T13:25:00+00:00\",\"breadcrumb\":{\"@id\":\"https:\\\/\\\/kuuloasi.fi\\\/tuote\\\/resound-surefit-3-tulppaani-tippi\\\/#breadcrumb\"},\"inLanguage\":\"sv-SE\",\"potentialAction\":[{\"@type\":\"ReadAction\",\"target\":[\"https:\\\/\\\/kuuloasi.fi\\\/tuote\\\/resound-surefit-3-tulppaani-tippi\\\/\"]}]},{\"@type\":\"ImageObject\",\"inLanguage\":\"sv-SE\",\"@id\":\"https:\\\/\\\/kuuloasi.fi\\\/tuote\\\/resound-surefit-3-tulppaani-tippi\\\/#primaryimage\",\"url\":\"https:\\\/\\\/kuuloasi.fi\\\/wp-content\\\/uploads\\\/2025\\\/12\\\/resound-surefit3-tippi-tulppaani-6ee62983_orig.jpg\",\"contentUrl\":\"https:\\\/\\\/kuuloasi.fi\\\/wp-content\\\/uploads\\\/2025\\\/12\\\/resound-surefit3-tippi-tulppaani-6ee62983_orig.jpg\",\"width\":1000,\"height\":1000},{\"@type\":\"BreadcrumbList\",\"@id\":\"https:\\\/\\\/kuuloasi.fi\\\/tuote\\\/resound-surefit-3-tulppaani-tippi\\\/#breadcrumb\",\"itemListElement\":[{\"@type\":\"ListItem\",\"position\":1,\"name\":\"Etusivu\",\"item\":\"https:\\\/\\\/kuuloasi.fi\\\/\"},{\"@type\":\"ListItem\",\"position\":2,\"name\":\"Kauppa\",\"item\":\"https:\\\/\\\/kuuloasi.fi\\\/kauppa\\\/\"},{\"@type\":\"ListItem\",\"position\":3,\"name\":\"ReSound SureFit 3 tulppaani tippi\"}]},{\"@type\":\"WebSite\",\"@id\":\"https:\\\/\\\/kuuloasi.fi\\\/#website\",\"url\":\"https:\\\/\\\/kuuloasi.fi\\\/\",\"name\":\"kuuloasi.fi\",\"description\":\"\",\"potentialAction\":[{\"@type\":\"SearchAction\",\"target\":{\"@type\":\"EntryPoint\",\"urlTemplate\":\"https:\\\/\\\/kuuloasi.fi\\\/?s={search_term_string}\"},\"query-input\":{\"@type\":\"PropertyValueSpecification\",\"valueRequired\":true,\"valueName\":\"search_term_string\"}}],\"inLanguage\":\"sv-SE\"}]}<\/script>\n<!-- \/ Yoast SEO plugin. -->","yoast_head_json":{"title":"ReSound SureFit 3 tulppaani tippi - kuuloasi.fi","robots":{"index":"index","follow":"follow","max-snippet":"max-snippet:-1","max-image-preview":"max-image-preview:large","max-video-preview":"max-video-preview:-1"},"canonical":"https:\/\/kuuloasi.fi\/sv\/produkt\/resound-surefit-3-tulppaani-tippi\/","og_locale":"sv_SE","og_type":"article","og_title":"ReSound SureFit 3 tulppaani tippi - kuuloasi.fi","og_description":"Laadukas sovite ReSound-kuulokojeisiin ReSound SureFit 3 Tulppaani tippi (tuotekoodi: 21432300)\u00a0on ReSoundin kehitt\u00e4m\u00e4, tiiviimpi kuulokojeen sovite, joka tarjoaa t\u00e4ydellisen tasapainon mukavuuden ja \u00e4\u00e4nenlaadun v\u00e4lill\u00e4. T\u00e4m\u00e4 tippisovite kuuluu ReSoundin uuteen\u00a0SureFit 3 -sarjaan, ja se sopii uusimpiin\u00a0ReSound-kuulokojeisiin, kuten\u00a0LiNX\u00b2, ENYA, LiNX 3D, LiNX Quattro, Key\u00a0ja\u00a0ONE\u00a0-malleihin. Tulppaani tippisovite kiinnittyy helposti kuulokojeen p\u00e4\u00e4h\u00e4n napsauttamalla, ja se on valmistettu pehme\u00e4st\u00e4, ihoyst\u00e4v\u00e4llisest\u00e4 materiaalista, joka mukautuu korvak\u00e4yt\u00e4v\u00e4n mukaan tarjoten erinomaisen istuvuuden.","og_url":"https:\/\/kuuloasi.fi\/sv\/produkt\/resound-surefit-3-tulppaani-tippi\/","og_site_name":"kuuloasi.fi","article_modified_time":"2026-03-31T13:25:00+00:00","og_image":[{"width":1000,"height":1000,"url":"https:\/\/kuuloasi.fi\/wp-content\/uploads\/2025\/12\/resound-surefit3-tippi-tulppaani-6ee62983_orig.jpg","type":"image\/jpeg"}],"twitter_card":"summary_large_image","twitter_misc":{"Ber\u00e4knad l\u00e4stid":"2 minuter"},"schema":{"@context":"https:\/\/schema.org","@graph":[{"@type":"WebPage","@id":"https:\/\/kuuloasi.fi\/tuote\/resound-surefit-3-tulppaani-tippi\/","url":"https:\/\/kuuloasi.fi\/tuote\/resound-surefit-3-tulppaani-tippi\/","name":"ReSound SureFit 3 tulppaani tippi - kuuloasi.fi","isPartOf":{"@id":"https:\/\/kuuloasi.fi\/#website"},"primaryImageOfPage":{"@id":"https:\/\/kuuloasi.fi\/tuote\/resound-surefit-3-tulppaani-tippi\/#primaryimage"},"image":{"@id":"https:\/\/kuuloasi.fi\/tuote\/resound-surefit-3-tulppaani-tippi\/#primaryimage"},"thumbnailUrl":"https:\/\/kuuloasi.fi\/wp-content\/uploads\/2025\/12\/resound-surefit3-tippi-tulppaani-6ee62983_orig.jpg","datePublished":"2025-12-03T12:05:41+00:00","dateModified":"2026-03-31T13:25:00+00:00","breadcrumb":{"@id":"https:\/\/kuuloasi.fi\/tuote\/resound-surefit-3-tulppaani-tippi\/#breadcrumb"},"inLanguage":"sv-SE","potentialAction":[{"@type":"ReadAction","target":["https:\/\/kuuloasi.fi\/tuote\/resound-surefit-3-tulppaani-tippi\/"]}]},{"@type":"ImageObject","inLanguage":"sv-SE","@id":"https:\/\/kuuloasi.fi\/tuote\/resound-surefit-3-tulppaani-tippi\/#primaryimage","url":"https:\/\/kuuloasi.fi\/wp-content\/uploads\/2025\/12\/resound-surefit3-tippi-tulppaani-6ee62983_orig.jpg","contentUrl":"https:\/\/kuuloasi.fi\/wp-content\/uploads\/2025\/12\/resound-surefit3-tippi-tulppaani-6ee62983_orig.jpg","width":1000,"height":1000},{"@type":"BreadcrumbList","@id":"https:\/\/kuuloasi.fi\/tuote\/resound-surefit-3-tulppaani-tippi\/#breadcrumb","itemListElement":[{"@type":"ListItem","position":1,"name":"Etusivu","item":"https:\/\/kuuloasi.fi\/"},{"@type":"ListItem","position":2,"name":"Kauppa","item":"https:\/\/kuuloasi.fi\/kauppa\/"},{"@type":"ListItem","position":3,"name":"ReSound SureFit 3 tulppaani tippi"}]},{"@type":"WebSite","@id":"https:\/\/kuuloasi.fi\/#website","url":"https:\/\/kuuloasi.fi\/","name":"h\u00f6rsel.co.uk","description":"","potentialAction":[{"@type":"SearchAction","target":{"@type":"EntryPoint","urlTemplate":"https:\/\/kuuloasi.fi\/?s={search_term_string}"},"query-input":{"@type":"PropertyValueSpecification","valueRequired":true,"valueName":"search_term_string"}}],"inLanguage":"sv-SE"}]}},"_links":{"self":[{"href":"https:\/\/kuuloasi.fi\/sv\/wp-json\/wp\/v2\/product\/526","targetHints":{"allow":["GET"]}}],"collection":[{"href":"https:\/\/kuuloasi.fi\/sv\/wp-json\/wp\/v2\/product"}],"about":[{"href":"https:\/\/kuuloasi.fi\/sv\/wp-json\/wp\/v2\/types\/product"}],"replies":[{"embeddable":true,"href":"https:\/\/kuuloasi.fi\/sv\/wp-json\/wp\/v2\/comments?post=526"}],"wp:featuredmedia":[{"embeddable":true,"href":"https:\/\/kuuloasi.fi\/sv\/wp-json\/wp\/v2\/media\/530"}],"wp:attachment":[{"href":"https:\/\/kuuloasi.fi\/sv\/wp-json\/wp\/v2\/media?parent=526"}],"wp:term":[{"taxonomy":"product_brand","embeddable":true,"href":"https:\/\/kuuloasi.fi\/sv\/wp-json\/wp\/v2\/product_brand?post=526"},{"taxonomy":"product_cat","embeddable":true,"href":"https:\/\/kuuloasi.fi\/sv\/wp-json\/wp\/v2\/product_cat?post=526"},{"taxonomy":"product_tag","embeddable":true,"href":"https:\/\/kuuloasi.fi\/sv\/wp-json\/wp\/v2\/product_tag?post=526"}],"curies":[{"name":"wp","href":"https:\/\/api.w.org\/{rel}","templated":true}]}}