{"id":521,"date":"2025-12-03T12:03:12","date_gmt":"2025-12-03T12:03:12","guid":{"rendered":"https:\/\/kuuloasi.fi\/?post_type=product&#038;p=521"},"modified":"2026-03-28T08:08:02","modified_gmt":"2026-03-28T08:08:02","slug":"resound-surefit-3-suljettu-tippi","status":"publish","type":"product","link":"https:\/\/kuuloasi.fi\/sv\/produkt\/resound-surefit-3-suljettu-tippi\/","title":{"rendered":"ReSound SureFit 3 st\u00e4ngd droppe"},"content":{"rendered":"<p><strong>Varf\u00f6r v\u00e4lja ett slutet dropptr\u00e5g?<\/strong><\/p>\n<p>Den slutna ReSound Surefit3-h\u00f6rsn\u00e4ckan g\u00f6r att ljudet stannar kvar i \u00f6rat mer effektivt, vilket kan bidra till att minska st\u00f6rningar fr\u00e5n omgivande ljud. Att anv\u00e4nda en sluten propp kan vara anv\u00e4ndbart n\u00e4r du vill fokusera p\u00e5 klart ljud, oavsett omgivande ljud.<\/p>\n<p>&nbsp;<\/p>\n<p><strong>V\u00e4lj r\u00e4tt storlek:<\/strong><\/p>\n<p>ReSound Surefit3 sluten droppspets finns i tre olika storlekar:<\/p>\n<p>- S - 5mm (produktkod: 21432400)<br \/>\n- M - 7 mm (produktkod: 21432500)<br \/>\n- L - 10 mm (produktkod: 21432600)<\/p>\n<p>V\u00e4lj den storlek som passar dina behov, och du kan g\u00f6ra det enkelt fr\u00e5n rullgardinsmenyn.<\/p>\n<p>&nbsp;<\/p>\n<p><strong>Passar \u00e4ven f\u00f6r \u00e4ldre Surefit 2-droppar:<\/strong><\/p>\n<p>Om du har \u00e4ldre Surefit 2-droppar beh\u00f6ver du inte oroa dig! ReSound Surefit3-droppar \u00e4r kompatibla med dem ocks\u00e5:<\/p>\n<p>- S - 5mm (produktkod: 19398200)<br \/>\n- M - 7 mm (produktkod: 19398300)<br \/>\n- L - 10 mm (produktkod: 19398400)<\/p>\n<p>&nbsp;<\/p>\n<p><strong>ReSound Surefit3 Closed Tip Anv\u00e4ndarmanual:<\/strong><\/p>\n<p>1. V\u00e4lj r\u00e4tt storlek: ReSound Surefit3 finns i tre olika storlekar: S (5 mm), M (7 mm) och L (10 mm). V\u00e4lj den storlek som k\u00e4nns mest bekv\u00e4m i ditt \u00f6ra.<\/p>\n<p>2. Ta bort den gamla droppspetsen: Om du redan har en droppspets monterad p\u00e5 h\u00f6rapparaten drar du f\u00f6rsiktigt bort den.<\/p>\n<p>3. S\u00e4tt fast den nya droppsk\u00e5len: Tryck in den nya ReSound Surefit3 droppsk\u00e5len i passformen p\u00e5 h\u00f6rapparaten f\u00f6r att s\u00e4kerst\u00e4lla en s\u00e4ker passform.<\/p>\n<p>&nbsp;<\/p>\n<p><strong>Anv\u00e4nd:<\/strong><\/p>\n<p>1. Placera h\u00f6rapparaten i \u00f6rat s\u00e5 att droppspetsen sitter bekv\u00e4mt i h\u00f6rselg\u00e5ngen. Kontrollera att den sitter ordentligt och att den k\u00e4nns bekv\u00e4m.<\/p>\n<p>2. Se till att droppbrickan \u00e4r ren och fri fr\u00e5n vaxproppar som kan p\u00e5verka ljudets klarhet.<\/p>\n<p>3. Byt vid behov ut droppl\u00e5dan om den \u00e4r sliten eller skadad.<\/p>\n<p>&nbsp;<\/p>\n<p><strong>Tips:<\/strong><\/p>\n<p>- Om du upplever ljudproblem, t.ex. ljudf\u00f6rvr\u00e4ngning, kontrollera att droppsk\u00e5len \u00e4r korrekt monterad och ren.<\/p>\n<p>- Om du k\u00e4nner obehag eller sm\u00e4rta ska du kontakta din audionom. De kan hj\u00e4lpa dig att f\u00f6rb\u00e4ttra din h\u00f6rselupplevelse.<\/p>\n<p>- F\u00f6rvara eventuella extra ReSound Surefit3 droppmunstycken p\u00e5 en ren och torr plats s\u00e5 att du kan byta ut dem vid behov.<\/p>\n<p>&nbsp;<\/p>\n<p><strong>Inneh\u00e5ll i f\u00f6rpackningen:<\/strong>\u00a0ReSound Surefit3-tips s\u00e4ljs i f\u00f6rpackningar om 10 stycken, s\u00e5 att du har ett l\u00e5ngt lager av oumb\u00e4rliga tillbeh\u00f6r till dina h\u00f6rapparater.<\/p>\n<p>K\u00f6p nu ReSound Surefit3 f\u00f6rseglad IV-anpassning och f\u00f6rb\u00e4ttra din h\u00f6rselupplevelse. Denna h\u00f6gkvalitativa och bekv\u00e4ma h\u00f6rapparat finns tillg\u00e4nglig i Your Hearings onlinebutik. Vi erbjuder snabb leverans och p\u00e5litlig kvalitet. St\u00e5 inte ut med mer obehag med dina h\u00f6rapparater - byt till Surefit3 sluten droppanpassning och njut av klart ljud och en bekv\u00e4m b\u00e4rupplevelse.<\/p>","protected":false},"excerpt":{"rendered":"<p><strong>ReSound Surefit3 Closed Tip f\u00f6r h\u00f6rapparater<\/strong><\/p>\n<p>ReSound Surefit3 \u00e4r en del av den popul\u00e4ra Surefit-serien, och denna f\u00f6rseglade droppspets \u00e4r speciellt utformad f\u00f6r de senaste ReSound-h\u00f6rapparaterna, inklusive ReSound LiNX2, ENYA, LiNX 3D, LiNX Quattro, Key och ONE-modellerna. F\u00f6r \u00e4ldre modeller \u00e4r endast det ljusa dropplocket l\u00e4mpligt. Adaptern placeras p\u00e5 h\u00f6rapparatens huvud, vilket g\u00f6r den mycket bekv\u00e4m att anv\u00e4nda. Den kan bytas ut efter behov och \u00e4r l\u00e4tt att s\u00e4tta fast och ta loss.<\/p>","protected":false},"featured_media":525,"comment_status":"closed","ping_status":"closed","template":"","meta":{"_acf_changed":false},"product_brand":[],"product_cat":[69,22],"product_tag":[78,77],"class_list":{"0":"post-521","1":"product","2":"type-product","3":"status-publish","4":"has-post-thumbnail","6":"product_cat-resound","7":"product_cat-varaosat","8":"product_tag-resound","9":"product_tag-tippi","11":"first","12":"instock","13":"taxable","14":"shipping-taxable","15":"purchasable","16":"product-type-variable"},"acf":[],"yoast_head":"<!-- This site is optimized with the Yoast SEO plugin v27.4 - https:\/\/yoast.com\/product\/yoast-seo-wordpress\/ -->\n<title>ReSound SureFit 3 suljettu tippi - kuuloasi.fi<\/title>\n<meta name=\"robots\" content=\"index, follow, max-snippet:-1, max-image-preview:large, max-video-preview:-1\" \/>\n<link rel=\"canonical\" href=\"https:\/\/kuuloasi.fi\/sv\/produkt\/resound-surefit-3-suljettu-tippi\/\" \/>\n<meta property=\"og:locale\" content=\"sv_SE\" \/>\n<meta property=\"og:type\" content=\"article\" \/>\n<meta property=\"og:title\" content=\"ReSound SureFit 3 suljettu tippi - kuuloasi.fi\" \/>\n<meta property=\"og:description\" content=\"ReSound Surefit3 Suljettu Tippi Kuulokojeisiin  ReSound Surefit3 on osa suosittua Surefit-sarjaa, ja t\u00e4m\u00e4 suljettu tippisovite on suunniteltu erityisesti uusimpiin ReSound-kuulokojeisiin, kuten ReSound LiNX2, ENYA, LiNX 3D, LiNX Quattro, Key ja ONE -malleihin. Vanhempiin malleihin sopii ainoastaan vaalea tippisovite. T\u00e4m\u00e4 sovite asetetaan kuulokojeen p\u00e4\u00e4h\u00e4n, mik\u00e4 tekee kuulokojeen k\u00e4yt\u00f6st\u00e4 eritt\u00e4in mukavaa. Sovitetta voi vaihtaa tarpeen mukaan, ja se on helppo kiinnitt\u00e4\u00e4 ja irrottaa.\" \/>\n<meta property=\"og:url\" content=\"https:\/\/kuuloasi.fi\/sv\/produkt\/resound-surefit-3-suljettu-tippi\/\" \/>\n<meta property=\"og:site_name\" content=\"kuuloasi.fi\" \/>\n<meta property=\"article:modified_time\" content=\"2026-03-28T08:08:02+00:00\" \/>\n<meta property=\"og:image\" content=\"https:\/\/kuuloasi.fi\/wp-content\/uploads\/2025\/12\/resound-surefit3-tippi-suljettu-2e9dd5c0_orig.jpg\" \/>\n\t<meta property=\"og:image:width\" content=\"1000\" \/>\n\t<meta property=\"og:image:height\" content=\"1000\" \/>\n\t<meta property=\"og:image:type\" content=\"image\/jpeg\" \/>\n<meta name=\"twitter:card\" content=\"summary_large_image\" \/>\n<meta name=\"twitter:label1\" content=\"Ber\u00e4knad l\u00e4stid\" \/>\n\t<meta name=\"twitter:data1\" content=\"2 minuter\" \/>\n<script type=\"application\/ld+json\" class=\"yoast-schema-graph\">{\"@context\":\"https:\\\/\\\/schema.org\",\"@graph\":[{\"@type\":\"WebPage\",\"@id\":\"https:\\\/\\\/kuuloasi.fi\\\/tuote\\\/resound-surefit-3-suljettu-tippi\\\/\",\"url\":\"https:\\\/\\\/kuuloasi.fi\\\/tuote\\\/resound-surefit-3-suljettu-tippi\\\/\",\"name\":\"ReSound SureFit 3 suljettu tippi - kuuloasi.fi\",\"isPartOf\":{\"@id\":\"https:\\\/\\\/kuuloasi.fi\\\/#website\"},\"primaryImageOfPage\":{\"@id\":\"https:\\\/\\\/kuuloasi.fi\\\/tuote\\\/resound-surefit-3-suljettu-tippi\\\/#primaryimage\"},\"image\":{\"@id\":\"https:\\\/\\\/kuuloasi.fi\\\/tuote\\\/resound-surefit-3-suljettu-tippi\\\/#primaryimage\"},\"thumbnailUrl\":\"https:\\\/\\\/kuuloasi.fi\\\/wp-content\\\/uploads\\\/2025\\\/12\\\/resound-surefit3-tippi-suljettu-2e9dd5c0_orig.jpg\",\"datePublished\":\"2025-12-03T12:03:12+00:00\",\"dateModified\":\"2026-03-28T08:08:02+00:00\",\"breadcrumb\":{\"@id\":\"https:\\\/\\\/kuuloasi.fi\\\/tuote\\\/resound-surefit-3-suljettu-tippi\\\/#breadcrumb\"},\"inLanguage\":\"sv-SE\",\"potentialAction\":[{\"@type\":\"ReadAction\",\"target\":[\"https:\\\/\\\/kuuloasi.fi\\\/tuote\\\/resound-surefit-3-suljettu-tippi\\\/\"]}]},{\"@type\":\"ImageObject\",\"inLanguage\":\"sv-SE\",\"@id\":\"https:\\\/\\\/kuuloasi.fi\\\/tuote\\\/resound-surefit-3-suljettu-tippi\\\/#primaryimage\",\"url\":\"https:\\\/\\\/kuuloasi.fi\\\/wp-content\\\/uploads\\\/2025\\\/12\\\/resound-surefit3-tippi-suljettu-2e9dd5c0_orig.jpg\",\"contentUrl\":\"https:\\\/\\\/kuuloasi.fi\\\/wp-content\\\/uploads\\\/2025\\\/12\\\/resound-surefit3-tippi-suljettu-2e9dd5c0_orig.jpg\",\"width\":1000,\"height\":1000},{\"@type\":\"BreadcrumbList\",\"@id\":\"https:\\\/\\\/kuuloasi.fi\\\/tuote\\\/resound-surefit-3-suljettu-tippi\\\/#breadcrumb\",\"itemListElement\":[{\"@type\":\"ListItem\",\"position\":1,\"name\":\"Etusivu\",\"item\":\"https:\\\/\\\/kuuloasi.fi\\\/\"},{\"@type\":\"ListItem\",\"position\":2,\"name\":\"Kauppa\",\"item\":\"https:\\\/\\\/kuuloasi.fi\\\/kauppa\\\/\"},{\"@type\":\"ListItem\",\"position\":3,\"name\":\"ReSound SureFit 3 suljettu tippi\"}]},{\"@type\":\"WebSite\",\"@id\":\"https:\\\/\\\/kuuloasi.fi\\\/#website\",\"url\":\"https:\\\/\\\/kuuloasi.fi\\\/\",\"name\":\"kuuloasi.fi\",\"description\":\"\",\"potentialAction\":[{\"@type\":\"SearchAction\",\"target\":{\"@type\":\"EntryPoint\",\"urlTemplate\":\"https:\\\/\\\/kuuloasi.fi\\\/?s={search_term_string}\"},\"query-input\":{\"@type\":\"PropertyValueSpecification\",\"valueRequired\":true,\"valueName\":\"search_term_string\"}}],\"inLanguage\":\"sv-SE\"}]}<\/script>\n<!-- \/ Yoast SEO plugin. -->","yoast_head_json":{"title":"ReSound SureFit 3 suljettu tippi - kuuloasi.fi","robots":{"index":"index","follow":"follow","max-snippet":"max-snippet:-1","max-image-preview":"max-image-preview:large","max-video-preview":"max-video-preview:-1"},"canonical":"https:\/\/kuuloasi.fi\/sv\/produkt\/resound-surefit-3-suljettu-tippi\/","og_locale":"sv_SE","og_type":"article","og_title":"ReSound SureFit 3 suljettu tippi - kuuloasi.fi","og_description":"ReSound Surefit3 Suljettu Tippi Kuulokojeisiin  ReSound Surefit3 on osa suosittua Surefit-sarjaa, ja t\u00e4m\u00e4 suljettu tippisovite on suunniteltu erityisesti uusimpiin ReSound-kuulokojeisiin, kuten ReSound LiNX2, ENYA, LiNX 3D, LiNX Quattro, Key ja ONE -malleihin. Vanhempiin malleihin sopii ainoastaan vaalea tippisovite. T\u00e4m\u00e4 sovite asetetaan kuulokojeen p\u00e4\u00e4h\u00e4n, mik\u00e4 tekee kuulokojeen k\u00e4yt\u00f6st\u00e4 eritt\u00e4in mukavaa. Sovitetta voi vaihtaa tarpeen mukaan, ja se on helppo kiinnitt\u00e4\u00e4 ja irrottaa.","og_url":"https:\/\/kuuloasi.fi\/sv\/produkt\/resound-surefit-3-suljettu-tippi\/","og_site_name":"kuuloasi.fi","article_modified_time":"2026-03-28T08:08:02+00:00","og_image":[{"width":1000,"height":1000,"url":"https:\/\/kuuloasi.fi\/wp-content\/uploads\/2025\/12\/resound-surefit3-tippi-suljettu-2e9dd5c0_orig.jpg","type":"image\/jpeg"}],"twitter_card":"summary_large_image","twitter_misc":{"Ber\u00e4knad l\u00e4stid":"2 minuter"},"schema":{"@context":"https:\/\/schema.org","@graph":[{"@type":"WebPage","@id":"https:\/\/kuuloasi.fi\/tuote\/resound-surefit-3-suljettu-tippi\/","url":"https:\/\/kuuloasi.fi\/tuote\/resound-surefit-3-suljettu-tippi\/","name":"ReSound SureFit 3 suljettu tippi - kuuloasi.fi","isPartOf":{"@id":"https:\/\/kuuloasi.fi\/#website"},"primaryImageOfPage":{"@id":"https:\/\/kuuloasi.fi\/tuote\/resound-surefit-3-suljettu-tippi\/#primaryimage"},"image":{"@id":"https:\/\/kuuloasi.fi\/tuote\/resound-surefit-3-suljettu-tippi\/#primaryimage"},"thumbnailUrl":"https:\/\/kuuloasi.fi\/wp-content\/uploads\/2025\/12\/resound-surefit3-tippi-suljettu-2e9dd5c0_orig.jpg","datePublished":"2025-12-03T12:03:12+00:00","dateModified":"2026-03-28T08:08:02+00:00","breadcrumb":{"@id":"https:\/\/kuuloasi.fi\/tuote\/resound-surefit-3-suljettu-tippi\/#breadcrumb"},"inLanguage":"sv-SE","potentialAction":[{"@type":"ReadAction","target":["https:\/\/kuuloasi.fi\/tuote\/resound-surefit-3-suljettu-tippi\/"]}]},{"@type":"ImageObject","inLanguage":"sv-SE","@id":"https:\/\/kuuloasi.fi\/tuote\/resound-surefit-3-suljettu-tippi\/#primaryimage","url":"https:\/\/kuuloasi.fi\/wp-content\/uploads\/2025\/12\/resound-surefit3-tippi-suljettu-2e9dd5c0_orig.jpg","contentUrl":"https:\/\/kuuloasi.fi\/wp-content\/uploads\/2025\/12\/resound-surefit3-tippi-suljettu-2e9dd5c0_orig.jpg","width":1000,"height":1000},{"@type":"BreadcrumbList","@id":"https:\/\/kuuloasi.fi\/tuote\/resound-surefit-3-suljettu-tippi\/#breadcrumb","itemListElement":[{"@type":"ListItem","position":1,"name":"Etusivu","item":"https:\/\/kuuloasi.fi\/"},{"@type":"ListItem","position":2,"name":"Kauppa","item":"https:\/\/kuuloasi.fi\/kauppa\/"},{"@type":"ListItem","position":3,"name":"ReSound SureFit 3 suljettu tippi"}]},{"@type":"WebSite","@id":"https:\/\/kuuloasi.fi\/#website","url":"https:\/\/kuuloasi.fi\/","name":"h\u00f6rsel.co.uk","description":"","potentialAction":[{"@type":"SearchAction","target":{"@type":"EntryPoint","urlTemplate":"https:\/\/kuuloasi.fi\/?s={search_term_string}"},"query-input":{"@type":"PropertyValueSpecification","valueRequired":true,"valueName":"search_term_string"}}],"inLanguage":"sv-SE"}]}},"_links":{"self":[{"href":"https:\/\/kuuloasi.fi\/sv\/wp-json\/wp\/v2\/product\/521","targetHints":{"allow":["GET"]}}],"collection":[{"href":"https:\/\/kuuloasi.fi\/sv\/wp-json\/wp\/v2\/product"}],"about":[{"href":"https:\/\/kuuloasi.fi\/sv\/wp-json\/wp\/v2\/types\/product"}],"replies":[{"embeddable":true,"href":"https:\/\/kuuloasi.fi\/sv\/wp-json\/wp\/v2\/comments?post=521"}],"wp:featuredmedia":[{"embeddable":true,"href":"https:\/\/kuuloasi.fi\/sv\/wp-json\/wp\/v2\/media\/525"}],"wp:attachment":[{"href":"https:\/\/kuuloasi.fi\/sv\/wp-json\/wp\/v2\/media?parent=521"}],"wp:term":[{"taxonomy":"product_brand","embeddable":true,"href":"https:\/\/kuuloasi.fi\/sv\/wp-json\/wp\/v2\/product_brand?post=521"},{"taxonomy":"product_cat","embeddable":true,"href":"https:\/\/kuuloasi.fi\/sv\/wp-json\/wp\/v2\/product_cat?post=521"},{"taxonomy":"product_tag","embeddable":true,"href":"https:\/\/kuuloasi.fi\/sv\/wp-json\/wp\/v2\/product_tag?post=521"}],"curies":[{"name":"wp","href":"https:\/\/api.w.org\/{rel}","templated":true}]}}