{"id":515,"date":"2025-12-03T11:59:38","date_gmt":"2025-12-03T11:59:38","guid":{"rendered":"https:\/\/kuuloasi.fi\/?post_type=product&#038;p=515"},"modified":"2026-04-15T15:16:04","modified_gmt":"2026-04-15T15:16:04","slug":"resound-surefit-3-avoin-tippi","status":"publish","type":"product","link":"https:\/\/kuuloasi.fi\/sv\/produkt\/resound-surefit-3-avoin-tippi\/","title":{"rendered":"ReSound SureFit 3 \u00f6ppen spets"},"content":{"rendered":"<p><iframe title=\"Byte av spets p\u00e5 h\u00f6rapparat\" width=\"800\" height=\"450\" src=\"https:\/\/www.youtube.com\/embed\/9MKWhWD0MN4?feature=oembed\" frameborder=\"0\" allow=\"accelerometer; autoplay; clipboard-write; encrypted-media; gyroscope; picture-in-picture; web-share\" referrerpolicy=\"strict-origin-when-cross-origin\" allowfullscreen><\/iframe><\/p>\n<h2 tabindex=\"0\" data-end=\"811\" data-start=\"783\"><strong data-end=\"811\" data-start=\"786\">Produktens egenskaper<\/strong><\/h2>\n<ul data-end=\"1213\" data-start=\"813\">\n<li data-end=\"897\" data-start=\"813\">\n<p data-end=\"897\" data-start=\"815\">L\u00e4mplig f\u00f6r\u00a0<strong data-end=\"895\" data-start=\"821\">ReSound f\u00f6r h\u00f6rapparaterna LiNX\u00b2, ENYA, LiNX 3D, LiNX Quattro, Key och ONE<\/strong><\/p>\n<\/li>\n<li data-end=\"982\" data-start=\"898\">\n<p data-end=\"982\" data-start=\"900\">\u00d6ppen och ventilerande design minskar ekot av din egen r\u00f6st och \u00f6kar komforten<\/p>\n<\/li>\n<li data-end=\"1060\" data-start=\"983\">\n<p data-end=\"1060\" data-start=\"985\">Mjukt och hudv\u00e4nligt material som anpassar sig till h\u00f6rselg\u00e5ngens form<\/p>\n<\/li>\n<li data-end=\"1120\" data-start=\"1061\">\n<p data-end=\"1120\" data-start=\"1063\">L\u00e4tt att s\u00e4tta fast och ta loss med Click-systemet<\/p>\n<\/li>\n<li data-end=\"1178\" data-start=\"1121\">\n<p data-end=\"1178\" data-start=\"1123\">Slitstark och hygienisk konstruktion f\u00f6r daglig anv\u00e4ndning<\/p>\n<\/li>\n<li data-end=\"1213\" data-start=\"1179\">\n<p data-end=\"1213\" data-start=\"1181\"><strong data-end=\"1197\" data-start=\"1181\">Paketets storlek:<\/strong>\u00a010 stycken<\/p>\n<\/li>\n<\/ul>\n<h2 tabindex=\"0\" data-end=\"1246\" data-start=\"1220\"><\/h2>\n<h2 tabindex=\"0\" data-end=\"1246\" data-start=\"1220\"><strong data-end=\"1246\" data-start=\"1223\">Storlekar och produktkoder<\/strong><\/h2>\n<p data-end=\"1351\" data-start=\"1248\">ReSound SureFit 3 open drop finns i tre olika storlekar f\u00f6r att hitta den perfekta passformen:<\/p>\n<ul data-end=\"1606\" data-start=\"1353\">\n<li data-end=\"1433\" data-start=\"1353\">\n<p data-end=\"1433\" data-start=\"1355\"><strong data-end=\"1372\" data-start=\"1355\">Storlek S (5 mm)<\/strong>\u00a0- Produktkod\u00a0<strong data-end=\"1398\" data-start=\"1386\">21432400<\/strong>\u00a0- L\u00e4mplig f\u00f6r sm\u00e5 \u00f6rong\u00e5ngar<\/p>\n<\/li>\n<li data-end=\"1521\" data-start=\"1434\">\n<p data-end=\"1521\" data-start=\"1436\"><strong data-end=\"1453\" data-start=\"1436\">Storlek M (7 mm)<\/strong>\u00a0- Produktkod\u00a0<strong data-end=\"1479\" data-start=\"1467\">21432500<\/strong>\u00a0- L\u00e4mplig f\u00f6r medelstora \u00f6rong\u00e5ngar<\/p>\n<\/li>\n<li data-end=\"1606\" data-start=\"1522\">\n<p data-end=\"1606\" data-start=\"1524\"><strong data-end=\"1542\" data-start=\"1524\">Storlek L (10 mm)<\/strong>\u00a0- Produktkod\u00a0<strong data-end=\"1568\" data-start=\"1556\">21432600<\/strong>\u00a0- L\u00e4mplig f\u00f6r st\u00f6rre \u00f6rong\u00e5ngar<\/p>\n<\/li>\n<\/ul>\n<p data-end=\"1656\" data-start=\"1608\">V\u00e4lj storlek fr\u00e5n rullgardinsmenyn innan du best\u00e4ller.<\/p>\n<h2 tabindex=\"0\" data-end=\"1709\" data-start=\"1663\"><\/h2>\n<h2 tabindex=\"0\" data-end=\"1709\" data-start=\"1663\"><strong data-end=\"1709\" data-start=\"1666\">Kompatibilitet med SureFit 2-serien<\/strong><\/h2>\n<p data-end=\"1863\" data-start=\"1711\">ReSound SureFit 3 tips passar \u00e4ven \u00e4ldre personer\u00a0<strong data-end=\"1773\" data-start=\"1760\">SureFit 2<\/strong>\u00a0-h\u00f6rhj\u00e4lpmedel med samma monteringsmetod.<br data-end=\"1823\" data-start=\"1820\" \/>Motsvarande SureFit 2-produktkoder \u00e4r:<\/p>\n<ul data-end=\"1945\" data-start=\"1864\">\n<li data-end=\"1890\" data-start=\"1864\">\n<p data-end=\"1890\" data-start=\"1866\"><strong data-end=\"1879\" data-start=\"1866\">S (5 mm):<\/strong>\u00a019398200<\/p>\n<\/li>\n<li data-end=\"1917\" data-start=\"1891\">\n<p data-end=\"1917\" data-start=\"1893\"><strong data-end=\"1906\" data-start=\"1893\">M (7 mm):<\/strong>\u00a019398300<\/p>\n<\/li>\n<li data-end=\"1945\" data-start=\"1918\">\n<p data-end=\"1945\" data-start=\"1920\"><strong data-end=\"1934\" data-start=\"1920\">L (10 mm):<\/strong>\u00a019398400<\/p>\n<\/li>\n<\/ul>\n<h2 tabindex=\"0\" data-end=\"1984\" data-start=\"1952\"><\/h2>\n<h2 tabindex=\"0\" data-end=\"1984\" data-start=\"1952\"><strong data-end=\"1984\" data-start=\"1955\">Varf\u00f6r v\u00e4lja en \u00f6ppen spets?<\/strong><\/h2>\n<p data-end=\"2182\" data-start=\"1986\">Den \u00f6ppna pipetten \u00e4r utformad f\u00f6r att andas, vilket g\u00f6r att ljudet blir mer naturligt och l\u00e4ttare att h\u00f6ra. Det g\u00f6r att luften kan cirkulera i h\u00f6rselg\u00e5ngen, vilket minskar ekot av din egen r\u00f6st och \u00f6kar komforten.<\/p>\n<p data-end=\"2226\" data-start=\"2184\">En \u00f6ppen spets \u00e4r ett utm\u00e4rkt val om:<\/p>\n<ul data-end=\"2366\" data-start=\"2227\">\n<li data-end=\"2276\" data-start=\"2227\">\n<p data-end=\"2276\" data-start=\"2229\">du k\u00e4nner dig igent\u00e4ppt eller tung i dina slutna tips<\/p>\n<\/li>\n<li data-end=\"2331\" data-start=\"2277\">\n<p data-end=\"2331\" data-start=\"2279\">du vill ha ett mer naturligt ljud och en luftigare k\u00e4nsla<\/p>\n<\/li>\n<li data-end=\"2366\" data-start=\"2332\">\n<p data-end=\"2366\" data-start=\"2334\">din h\u00f6rselneds\u00e4ttning \u00e4r mindre allvarlig<\/p>\n<\/li>\n<\/ul>\n<h2 tabindex=\"0\" data-end=\"2392\" data-start=\"2373\"><\/h2>\n<h2 tabindex=\"0\" data-end=\"2392\" data-start=\"2373\"><strong data-end=\"2392\" data-start=\"2376\">Instruktioner f\u00f6r anv\u00e4ndning<\/strong><\/h2>\n<ol data-end=\"2807\" data-start=\"2394\">\n<li data-end=\"2472\" data-start=\"2394\">\n<p data-end=\"2472\" data-start=\"2397\">V\u00e4lj r\u00e4tt storlek (S, M eller L) och se till att spetsen k\u00e4nns bekv\u00e4m.<\/p>\n<\/li>\n<li data-end=\"2544\" data-start=\"2473\">\n<p data-end=\"2544\" data-start=\"2476\">Ta bort den gamla droppen genom att f\u00f6rsiktigt dra ut den ur h\u00f6rapparatens \u00e4nde.<\/p>\n<\/li>\n<li data-end=\"2642\" data-start=\"2545\">\n<p data-end=\"2642\" data-start=\"2548\">Tryck p\u00e5 ny\u00a0<strong data-end=\"2578\" data-start=\"2559\">SureFit 3 tips<\/strong>\u00a0h\u00f6rapparaten tills den sn\u00e4pper p\u00e5 plats.<\/p>\n<\/li>\n<li data-end=\"2729\" data-start=\"2643\">\n<p data-end=\"2729\" data-start=\"2646\">Placera h\u00f6rapparaten i \u00f6rat och se till att spetsen sitter bekv\u00e4mt i h\u00f6rselg\u00e5ngen.<\/p>\n<\/li>\n<li data-end=\"2807\" data-start=\"2730\">\n<p data-end=\"2807\" data-start=\"2733\">Byt ut spetsen vid behov om den \u00e4r sliten, smutsig eller sitter l\u00f6st.<\/p>\n<\/li>\n<\/ol>\n<h2 tabindex=\"0\" data-end=\"2839\" data-start=\"2814\"><\/h2>\n<h2 tabindex=\"0\" data-end=\"2839\" data-start=\"2814\"><strong data-end=\"2839\" data-start=\"2817\">Tips och underh\u00e5ll<\/strong><\/h2>\n<ul data-end=\"3158\" data-start=\"2841\">\n<li data-end=\"2914\" data-start=\"2841\">\n<p data-end=\"2914\" data-start=\"2843\">Reng\u00f6r spetsarna regelbundet med en torr trasa eller reng\u00f6ringsborste<\/p>\n<\/li>\n<li data-end=\"2967\" data-start=\"2915\">\n<p data-end=\"2967\" data-start=\"2917\">F\u00f6rvara reservbanden p\u00e5 en ren och torr plats<\/p>\n<\/li>\n<li data-end=\"3035\" data-start=\"2968\">\n<p data-end=\"3035\" data-start=\"2970\">Byt ut droppet om ljudet blir v\u00e4rre eller om du k\u00e4nner dig obekv\u00e4m<\/p>\n<\/li>\n<li data-end=\"3158\" data-start=\"3036\">\n<p data-end=\"3158\" data-start=\"3038\">Tala med din audionom innan du \u00e4ndrar spetsens utformning (\u00f6ppen \u2194 st\u00e4ngd) f\u00f6r att f\u00e5 b\u00e4sta m\u00f6jliga ljudkvalitet<\/p>\n<\/li>\n<\/ul>\n<h2 tabindex=\"0\" data-end=\"3182\" data-start=\"3165\"><\/h2>\n<h2 tabindex=\"0\" data-end=\"3182\" data-start=\"3165\"><strong data-end=\"3182\" data-start=\"3168\">Sammanfattning<\/strong><\/h2>\n<p data-end=\"3417\" data-start=\"3184\"><strong data-end=\"3217\" data-start=\"3184\">ReSound SureFit 3 \u00f6ppen spets<\/strong>\u00a0erbjuder den perfekta kombinationen av komfort, andningsf\u00f6rm\u00e5ga och ljudklarhet. Den \u00e4r enkel att anpassa, bekv\u00e4m att b\u00e4ra och kompatibel med de flesta av ReSounds h\u00f6rapparater - inklusive SureFit 2-serien.<\/p>\n<p data-end=\"3532\" data-start=\"3419\">H\u00e5ll dina h\u00f6rapparater i gott skick och njut av naturligt ljud - v\u00e4lj ReSound SureFit 3 fr\u00e5n ReSound SureFit 3 Your Hearing onlinebutik!<\/p>","protected":false},"excerpt":{"rendered":"<p><strong data-end=\"292\" data-start=\"215\">naturligt ljud och total komfort<\/strong><\/p>\n<p data-end=\"583\" data-start=\"294\"><strong data-end=\"327\" data-start=\"294\">ReSound SureFit 3 \u00f6ppen spets<\/strong>\u00a0\u00e4r en h\u00f6rapparatanpassning av h\u00f6gsta kvalitet som ger ett naturligt ljud och en utm\u00e4rkt passform. Spetsen \u00e4r speciellt utformad f\u00f6r de senaste\u00a0<strong data-end=\"492\" data-start=\"466\">F\u00f6r ReSound h\u00f6rapparater<\/strong>, och ger en luftig och behaglig lyssningsupplevelse - utan k\u00e4nslan av tr\u00e4ngsel.<\/p>\n<p data-end=\"776\" data-start=\"585\">Den ventilerade, \u00f6ppna designen minskar sj\u00e4lvljudsekot och till\u00e5ter naturlig luftcirkulation i h\u00f6rselg\u00e5ngen. Det mjuka och flexibla materialet g\u00f6r den bekv\u00e4m att b\u00e4ra hela dagen.<\/p>","protected":false},"featured_media":519,"comment_status":"closed","ping_status":"closed","template":"","meta":{"_acf_changed":false},"product_brand":[],"product_cat":[69,22],"product_tag":[78,77],"class_list":{"0":"post-515","1":"product","2":"type-product","3":"status-publish","4":"has-post-thumbnail","6":"product_cat-resound","7":"product_cat-varaosat","8":"product_tag-resound","9":"product_tag-tippi","11":"first","12":"instock","13":"taxable","14":"shipping-taxable","15":"purchasable","16":"product-type-variable"},"acf":[],"yoast_head":"<!-- This site is optimized with the Yoast SEO plugin v27.4 - https:\/\/yoast.com\/product\/yoast-seo-wordpress\/ -->\n<title>ReSound SureFit 3 avoin tippi - kuuloasi.fi<\/title>\n<meta name=\"robots\" content=\"index, follow, max-snippet:-1, max-image-preview:large, max-video-preview:-1\" \/>\n<link rel=\"canonical\" href=\"https:\/\/kuuloasi.fi\/sv\/produkt\/resound-surefit-3-avoin-tippi\/\" \/>\n<meta property=\"og:locale\" content=\"sv_SE\" \/>\n<meta property=\"og:type\" content=\"article\" \/>\n<meta property=\"og:title\" content=\"ReSound SureFit 3 avoin tippi - kuuloasi.fi\" \/>\n<meta property=\"og:description\" content=\"luonnollinen \u00e4\u00e4ni ja t\u00e4ydellinen mukavuus ReSound SureFit 3 avoin tippi\u00a0on huippulaadukas kuulokojeen sovite, joka takaa luonnollisen \u00e4\u00e4nen ja erinomaisen istuvuuden. Tippi on suunniteltu erityisesti uusimpiin\u00a0ReSound-kuulokojeisiin, ja se tarjoaa ilmavan ja miellytt\u00e4v\u00e4n kuuntelukokemuksen \u2013 ilman tukkoisuuden tunnetta. Ilmastoitu, avoin rakenne v\u00e4hent\u00e4\u00e4 oman \u00e4\u00e4nen kaikumista ja mahdollistaa korvak\u00e4yt\u00e4v\u00e4n luonnollisen ilmankierron. Pehme\u00e4 ja joustava materiaali tekee k\u00e4yt\u00f6st\u00e4 miellytt\u00e4v\u00e4\u00e4 koko p\u00e4iv\u00e4n ajan.\" \/>\n<meta property=\"og:url\" content=\"https:\/\/kuuloasi.fi\/sv\/produkt\/resound-surefit-3-avoin-tippi\/\" \/>\n<meta property=\"og:site_name\" content=\"kuuloasi.fi\" \/>\n<meta property=\"article:modified_time\" content=\"2026-04-15T15:16:04+00:00\" \/>\n<meta property=\"og:image\" content=\"https:\/\/kuuloasi.fi\/wp-content\/uploads\/2025\/12\/resound-surefit3-tippi-avoin-68f90363_orig.jpg\" \/>\n\t<meta property=\"og:image:width\" content=\"1000\" \/>\n\t<meta property=\"og:image:height\" content=\"1000\" \/>\n\t<meta property=\"og:image:type\" content=\"image\/jpeg\" \/>\n<meta name=\"twitter:card\" content=\"summary_large_image\" \/>\n<meta name=\"twitter:label1\" content=\"Ber\u00e4knad l\u00e4stid\" \/>\n\t<meta name=\"twitter:data1\" content=\"2 minuter\" \/>\n<script type=\"application\/ld+json\" class=\"yoast-schema-graph\">{\"@context\":\"https:\\\/\\\/schema.org\",\"@graph\":[{\"@type\":\"WebPage\",\"@id\":\"https:\\\/\\\/kuuloasi.fi\\\/tuote\\\/resound-surefit-3-avoin-tippi\\\/\",\"url\":\"https:\\\/\\\/kuuloasi.fi\\\/tuote\\\/resound-surefit-3-avoin-tippi\\\/\",\"name\":\"ReSound SureFit 3 avoin tippi - kuuloasi.fi\",\"isPartOf\":{\"@id\":\"https:\\\/\\\/kuuloasi.fi\\\/#website\"},\"primaryImageOfPage\":{\"@id\":\"https:\\\/\\\/kuuloasi.fi\\\/tuote\\\/resound-surefit-3-avoin-tippi\\\/#primaryimage\"},\"image\":{\"@id\":\"https:\\\/\\\/kuuloasi.fi\\\/tuote\\\/resound-surefit-3-avoin-tippi\\\/#primaryimage\"},\"thumbnailUrl\":\"https:\\\/\\\/kuuloasi.fi\\\/wp-content\\\/uploads\\\/2025\\\/12\\\/resound-surefit3-tippi-avoin-68f90363_orig.jpg\",\"datePublished\":\"2025-12-03T11:59:38+00:00\",\"dateModified\":\"2026-04-15T15:16:04+00:00\",\"breadcrumb\":{\"@id\":\"https:\\\/\\\/kuuloasi.fi\\\/tuote\\\/resound-surefit-3-avoin-tippi\\\/#breadcrumb\"},\"inLanguage\":\"sv-SE\",\"potentialAction\":[{\"@type\":\"ReadAction\",\"target\":[\"https:\\\/\\\/kuuloasi.fi\\\/tuote\\\/resound-surefit-3-avoin-tippi\\\/\"]}]},{\"@type\":\"ImageObject\",\"inLanguage\":\"sv-SE\",\"@id\":\"https:\\\/\\\/kuuloasi.fi\\\/tuote\\\/resound-surefit-3-avoin-tippi\\\/#primaryimage\",\"url\":\"https:\\\/\\\/kuuloasi.fi\\\/wp-content\\\/uploads\\\/2025\\\/12\\\/resound-surefit3-tippi-avoin-68f90363_orig.jpg\",\"contentUrl\":\"https:\\\/\\\/kuuloasi.fi\\\/wp-content\\\/uploads\\\/2025\\\/12\\\/resound-surefit3-tippi-avoin-68f90363_orig.jpg\",\"width\":1000,\"height\":1000},{\"@type\":\"BreadcrumbList\",\"@id\":\"https:\\\/\\\/kuuloasi.fi\\\/tuote\\\/resound-surefit-3-avoin-tippi\\\/#breadcrumb\",\"itemListElement\":[{\"@type\":\"ListItem\",\"position\":1,\"name\":\"Etusivu\",\"item\":\"https:\\\/\\\/kuuloasi.fi\\\/\"},{\"@type\":\"ListItem\",\"position\":2,\"name\":\"Kauppa\",\"item\":\"https:\\\/\\\/kuuloasi.fi\\\/kauppa\\\/\"},{\"@type\":\"ListItem\",\"position\":3,\"name\":\"ReSound SureFit 3 avoin tippi\"}]},{\"@type\":\"WebSite\",\"@id\":\"https:\\\/\\\/kuuloasi.fi\\\/#website\",\"url\":\"https:\\\/\\\/kuuloasi.fi\\\/\",\"name\":\"kuuloasi.fi\",\"description\":\"\",\"potentialAction\":[{\"@type\":\"SearchAction\",\"target\":{\"@type\":\"EntryPoint\",\"urlTemplate\":\"https:\\\/\\\/kuuloasi.fi\\\/?s={search_term_string}\"},\"query-input\":{\"@type\":\"PropertyValueSpecification\",\"valueRequired\":true,\"valueName\":\"search_term_string\"}}],\"inLanguage\":\"sv-SE\"}]}<\/script>\n<!-- \/ Yoast SEO plugin. -->","yoast_head_json":{"title":"ReSound SureFit 3 avoin tippi - kuuloasi.fi","robots":{"index":"index","follow":"follow","max-snippet":"max-snippet:-1","max-image-preview":"max-image-preview:large","max-video-preview":"max-video-preview:-1"},"canonical":"https:\/\/kuuloasi.fi\/sv\/produkt\/resound-surefit-3-avoin-tippi\/","og_locale":"sv_SE","og_type":"article","og_title":"ReSound SureFit 3 avoin tippi - kuuloasi.fi","og_description":"luonnollinen \u00e4\u00e4ni ja t\u00e4ydellinen mukavuus ReSound SureFit 3 avoin tippi\u00a0on huippulaadukas kuulokojeen sovite, joka takaa luonnollisen \u00e4\u00e4nen ja erinomaisen istuvuuden. Tippi on suunniteltu erityisesti uusimpiin\u00a0ReSound-kuulokojeisiin, ja se tarjoaa ilmavan ja miellytt\u00e4v\u00e4n kuuntelukokemuksen \u2013 ilman tukkoisuuden tunnetta. Ilmastoitu, avoin rakenne v\u00e4hent\u00e4\u00e4 oman \u00e4\u00e4nen kaikumista ja mahdollistaa korvak\u00e4yt\u00e4v\u00e4n luonnollisen ilmankierron. Pehme\u00e4 ja joustava materiaali tekee k\u00e4yt\u00f6st\u00e4 miellytt\u00e4v\u00e4\u00e4 koko p\u00e4iv\u00e4n ajan.","og_url":"https:\/\/kuuloasi.fi\/sv\/produkt\/resound-surefit-3-avoin-tippi\/","og_site_name":"kuuloasi.fi","article_modified_time":"2026-04-15T15:16:04+00:00","og_image":[{"width":1000,"height":1000,"url":"https:\/\/kuuloasi.fi\/wp-content\/uploads\/2025\/12\/resound-surefit3-tippi-avoin-68f90363_orig.jpg","type":"image\/jpeg"}],"twitter_card":"summary_large_image","twitter_misc":{"Ber\u00e4knad l\u00e4stid":"2 minuter"},"schema":{"@context":"https:\/\/schema.org","@graph":[{"@type":"WebPage","@id":"https:\/\/kuuloasi.fi\/tuote\/resound-surefit-3-avoin-tippi\/","url":"https:\/\/kuuloasi.fi\/tuote\/resound-surefit-3-avoin-tippi\/","name":"ReSound SureFit 3 avoin tippi - kuuloasi.fi","isPartOf":{"@id":"https:\/\/kuuloasi.fi\/#website"},"primaryImageOfPage":{"@id":"https:\/\/kuuloasi.fi\/tuote\/resound-surefit-3-avoin-tippi\/#primaryimage"},"image":{"@id":"https:\/\/kuuloasi.fi\/tuote\/resound-surefit-3-avoin-tippi\/#primaryimage"},"thumbnailUrl":"https:\/\/kuuloasi.fi\/wp-content\/uploads\/2025\/12\/resound-surefit3-tippi-avoin-68f90363_orig.jpg","datePublished":"2025-12-03T11:59:38+00:00","dateModified":"2026-04-15T15:16:04+00:00","breadcrumb":{"@id":"https:\/\/kuuloasi.fi\/tuote\/resound-surefit-3-avoin-tippi\/#breadcrumb"},"inLanguage":"sv-SE","potentialAction":[{"@type":"ReadAction","target":["https:\/\/kuuloasi.fi\/tuote\/resound-surefit-3-avoin-tippi\/"]}]},{"@type":"ImageObject","inLanguage":"sv-SE","@id":"https:\/\/kuuloasi.fi\/tuote\/resound-surefit-3-avoin-tippi\/#primaryimage","url":"https:\/\/kuuloasi.fi\/wp-content\/uploads\/2025\/12\/resound-surefit3-tippi-avoin-68f90363_orig.jpg","contentUrl":"https:\/\/kuuloasi.fi\/wp-content\/uploads\/2025\/12\/resound-surefit3-tippi-avoin-68f90363_orig.jpg","width":1000,"height":1000},{"@type":"BreadcrumbList","@id":"https:\/\/kuuloasi.fi\/tuote\/resound-surefit-3-avoin-tippi\/#breadcrumb","itemListElement":[{"@type":"ListItem","position":1,"name":"Etusivu","item":"https:\/\/kuuloasi.fi\/"},{"@type":"ListItem","position":2,"name":"Kauppa","item":"https:\/\/kuuloasi.fi\/kauppa\/"},{"@type":"ListItem","position":3,"name":"ReSound SureFit 3 avoin tippi"}]},{"@type":"WebSite","@id":"https:\/\/kuuloasi.fi\/#website","url":"https:\/\/kuuloasi.fi\/","name":"h\u00f6rsel.co.uk","description":"","potentialAction":[{"@type":"SearchAction","target":{"@type":"EntryPoint","urlTemplate":"https:\/\/kuuloasi.fi\/?s={search_term_string}"},"query-input":{"@type":"PropertyValueSpecification","valueRequired":true,"valueName":"search_term_string"}}],"inLanguage":"sv-SE"}]}},"_links":{"self":[{"href":"https:\/\/kuuloasi.fi\/sv\/wp-json\/wp\/v2\/product\/515","targetHints":{"allow":["GET"]}}],"collection":[{"href":"https:\/\/kuuloasi.fi\/sv\/wp-json\/wp\/v2\/product"}],"about":[{"href":"https:\/\/kuuloasi.fi\/sv\/wp-json\/wp\/v2\/types\/product"}],"replies":[{"embeddable":true,"href":"https:\/\/kuuloasi.fi\/sv\/wp-json\/wp\/v2\/comments?post=515"}],"wp:featuredmedia":[{"embeddable":true,"href":"https:\/\/kuuloasi.fi\/sv\/wp-json\/wp\/v2\/media\/519"}],"wp:attachment":[{"href":"https:\/\/kuuloasi.fi\/sv\/wp-json\/wp\/v2\/media?parent=515"}],"wp:term":[{"taxonomy":"product_brand","embeddable":true,"href":"https:\/\/kuuloasi.fi\/sv\/wp-json\/wp\/v2\/product_brand?post=515"},{"taxonomy":"product_cat","embeddable":true,"href":"https:\/\/kuuloasi.fi\/sv\/wp-json\/wp\/v2\/product_cat?post=515"},{"taxonomy":"product_tag","embeddable":true,"href":"https:\/\/kuuloasi.fi\/sv\/wp-json\/wp\/v2\/product_tag?post=515"}],"curies":[{"name":"wp","href":"https:\/\/api.w.org\/{rel}","templated":true}]}}