{"id":301,"date":"2025-11-24T13:55:17","date_gmt":"2025-11-24T13:55:17","guid":{"rendered":"https:\/\/kuuloasi.fi\/?post_type=product&#038;p=301"},"modified":"2026-04-10T11:55:49","modified_gmt":"2026-04-10T11:55:49","slug":"duracell-kuulokojeparisto","status":"publish","type":"product","link":"https:\/\/kuuloasi.fi\/sv\/produkt\/duracell-kuulokojeparisto\/","title":{"rendered":"Duracell batteri f\u00f6r h\u00f6rlurar"},"content":{"rendered":"<p><iframe title=\"Byte av batteri i h\u00f6rapparat\" width=\"800\" height=\"450\" src=\"https:\/\/www.youtube.com\/embed\/N60iiXmX9ds?feature=oembed\" frameborder=\"0\" allow=\"accelerometer; autoplay; clipboard-write; encrypted-media; gyroscope; picture-in-picture; web-share\" referrerpolicy=\"strict-origin-when-cross-origin\" allowfullscreen><\/iframe><\/p>\n<p><strong>Livsl\u00e4ngd och tillf\u00f6rlitlighet<\/strong><\/p>\n<p>Duracells h\u00f6rapparatsbatterier har en livsl\u00e4ngd p\u00e5 cirka 7-12 dagar, men detta kan variera beroende p\u00e5 individuella faktorer som h\u00f6rapparatens inst\u00e4llningar och hur mycket den anv\u00e4nds. Med regelbunden anv\u00e4ndning kommer du att l\u00e4ra dig att hitta ett utbytesschema som fungerar f\u00f6r dig, s\u00e5 att din h\u00f6rapparat alltid fungerar optimalt. O\u00f6ppnade Duracell-batterier h\u00e5ller i upp till 3-4 \u00e5r, s\u00e5 du kan lita p\u00e5 deras kvalitet \u00e4ven under l\u00e4ngre f\u00f6rvaringsperioder.<\/p>\n<p><strong>V\u00e4lj r\u00e4tt storlek enkelt<\/strong><\/p>\n<p>Duracell h\u00f6rlursbatterier finns i fyra storlekar: 10, 13, 312 och 675. Storleken \u00e4r tydligt numrerad p\u00e5 f\u00f6rpackningens lock, och batterierna \u00e4r ocks\u00e5 f\u00e4rgkodade f\u00f6r enkel identifiering:<img decoding=\"async\" src=\"https:\/\/www.kuuloasi.fi\/WebRoot\/vilkasfi03\/Shops\/2017112003\/MediaGallery\/Duracell1.png\" alt=\"Duracell1\" data-pagespeed-url-hash=\"1181214642\" \/><\/p>\n<div>\n<ul>\n<li><strong>10 - Gul<\/strong><\/li>\n<li><strong>13 - Orange<\/strong><\/li>\n<li><strong>312 - Brun<\/strong><\/li>\n<li><strong>675 - Bl\u00e5<\/strong><\/li>\n<\/ul>\n<p>Du kan enkelt v\u00e4lja r\u00e4tt storlek p\u00e5 batterierna i rullgardinsmenyn f\u00f6r att s\u00e4kerst\u00e4lla att din h\u00f6rapparat f\u00e5r precis r\u00e4tt m\u00e4ngd str\u00f6m.<\/p>\n<p><strong>Praktisk f\u00f6rpackning<\/strong><\/p>\n<p>Duracell h\u00f6rlursbatterier s\u00e4ljs i en praktisk plastf\u00f6rpackning med 6 delar som \u00e4r utformad f\u00f6r att g\u00f6ra det enkelt att byta batterier. F\u00f6rpackningen g\u00f6r att du kan h\u00e5lla batterierna prydligt organiserade och byta ut dem snabbt och enkelt n\u00e4r det beh\u00f6vs.<\/p>\n<p><strong>Best\u00e4ll Duracell h\u00f6rapparatbatterier fr\u00e5n v\u00e5r onlinebutik idag!<\/strong><\/p>\n<p>Se till att dina h\u00f6rapparater fungerar optimalt med Duracells h\u00f6rapparatbatterier. V\u00e4lj r\u00e4tt storlek, best\u00e4ll enkelt och se till att du h\u00f6r v\u00e4rldens ljud h\u00f6gt och tydligt varje dag!<\/p>\n<\/div>","protected":false},"excerpt":{"rendered":"<p>Duracells h\u00f6rapparatsbatterier ger tillf\u00f6rlitlig och l\u00e5ngvarig str\u00f6mf\u00f6rs\u00f6rjning till alla h\u00f6rapparater, oavsett m\u00e4rke. Dessa h\u00f6gkvalitativa batterier \u00e4r utformade f\u00f6r att s\u00e4kerst\u00e4lla att dina h\u00f6rapparater fungerar felfritt och ger b\u00e4sta m\u00f6jliga ljudkvalitet f\u00f6r daglig anv\u00e4ndning.<\/p>\n<p><strong>5\u20ac rabatt n\u00e4r du best\u00e4ller 4 paket p\u00e5 en g\u00e5ng! <a href=\"https:\/\/kuuloasi.fi\/sv\/produkt\/duracell-kuulokojeparisto-4-pakettia\/\">Se h\u00e4r<\/a><\/strong><\/p>","protected":false},"featured_media":293,"comment_status":"open","ping_status":"closed","template":"","meta":{"_acf_changed":false},"product_brand":[],"product_cat":[21,16],"product_tag":[35,28],"class_list":{"0":"post-301","1":"product","2":"type-product","3":"status-publish","4":"has-post-thumbnail","6":"product_cat-paristot","7":"product_cat-yleinen","8":"product_tag-duracell","9":"product_tag-paristo","11":"first","12":"instock","13":"taxable","14":"shipping-taxable","15":"purchasable","16":"product-type-variable"},"acf":[],"yoast_head":"<!-- This site is optimized with the Yoast SEO plugin v27.4 - https:\/\/yoast.com\/product\/yoast-seo-wordpress\/ -->\n<title>Duracell kuulokojeparisto - kuuloasi.fi<\/title>\n<meta name=\"robots\" content=\"index, follow, max-snippet:-1, max-image-preview:large, max-video-preview:-1\" \/>\n<link rel=\"canonical\" href=\"https:\/\/kuuloasi.fi\/sv\/produkt\/duracell-kuulokojeparisto\/\" \/>\n<meta property=\"og:locale\" content=\"sv_SE\" \/>\n<meta property=\"og:type\" content=\"article\" \/>\n<meta property=\"og:title\" content=\"Duracell kuulokojeparisto - kuuloasi.fi\" \/>\n<meta property=\"og:description\" content=\"Duracell kuulokojeparistot tarjoavat luotettavaa ja pitk\u00e4kestoista tehoa kaikkiin kuulokojeisiin, merkist\u00e4 riippumatta. N\u00e4m\u00e4 laadukkaat paristot on suunniteltu varmistamaan, ett\u00e4 kuulokojeesi toimii moitteettomasti ja tarjoaa parhaan mahdollisen \u00e4\u00e4nenlaadun p\u00e4ivitt\u00e4isess\u00e4 k\u00e4yt\u00f6ss\u00e4  5\u20ac alennus kun tilaat 4 pakettia kerralla! Katso t\u00e4st\u00e4\" \/>\n<meta property=\"og:url\" content=\"https:\/\/kuuloasi.fi\/sv\/produkt\/duracell-kuulokojeparisto\/\" \/>\n<meta property=\"og:site_name\" content=\"kuuloasi.fi\" \/>\n<meta property=\"article:modified_time\" content=\"2026-04-10T11:55:49+00:00\" \/>\n<meta property=\"og:image\" content=\"https:\/\/kuuloasi.fi\/wp-content\/uploads\/2025\/11\/Duracell-kuulokojeparisto-4.jpg\" \/>\n\t<meta property=\"og:image:width\" content=\"800\" \/>\n\t<meta property=\"og:image:height\" content=\"800\" \/>\n\t<meta property=\"og:image:type\" content=\"image\/jpeg\" \/>\n<meta name=\"twitter:card\" content=\"summary_large_image\" \/>\n<meta name=\"twitter:label1\" content=\"Ber\u00e4knad l\u00e4stid\" \/>\n\t<meta name=\"twitter:data1\" content=\"1 minut\" \/>\n<script type=\"application\/ld+json\" class=\"yoast-schema-graph\">{\"@context\":\"https:\\\/\\\/schema.org\",\"@graph\":[{\"@type\":\"WebPage\",\"@id\":\"https:\\\/\\\/kuuloasi.fi\\\/tuote\\\/duracell-kuulokojeparisto\\\/\",\"url\":\"https:\\\/\\\/kuuloasi.fi\\\/tuote\\\/duracell-kuulokojeparisto\\\/\",\"name\":\"Duracell kuulokojeparisto - kuuloasi.fi\",\"isPartOf\":{\"@id\":\"https:\\\/\\\/kuuloasi.fi\\\/#website\"},\"primaryImageOfPage\":{\"@id\":\"https:\\\/\\\/kuuloasi.fi\\\/tuote\\\/duracell-kuulokojeparisto\\\/#primaryimage\"},\"image\":{\"@id\":\"https:\\\/\\\/kuuloasi.fi\\\/tuote\\\/duracell-kuulokojeparisto\\\/#primaryimage\"},\"thumbnailUrl\":\"https:\\\/\\\/kuuloasi.fi\\\/wp-content\\\/uploads\\\/2025\\\/11\\\/Duracell-kuulokojeparisto-4.jpg\",\"datePublished\":\"2025-11-24T13:55:17+00:00\",\"dateModified\":\"2026-04-10T11:55:49+00:00\",\"breadcrumb\":{\"@id\":\"https:\\\/\\\/kuuloasi.fi\\\/tuote\\\/duracell-kuulokojeparisto\\\/#breadcrumb\"},\"inLanguage\":\"sv-SE\",\"potentialAction\":[{\"@type\":\"ReadAction\",\"target\":[\"https:\\\/\\\/kuuloasi.fi\\\/tuote\\\/duracell-kuulokojeparisto\\\/\"]}]},{\"@type\":\"ImageObject\",\"inLanguage\":\"sv-SE\",\"@id\":\"https:\\\/\\\/kuuloasi.fi\\\/tuote\\\/duracell-kuulokojeparisto\\\/#primaryimage\",\"url\":\"https:\\\/\\\/kuuloasi.fi\\\/wp-content\\\/uploads\\\/2025\\\/11\\\/Duracell-kuulokojeparisto-4.jpg\",\"contentUrl\":\"https:\\\/\\\/kuuloasi.fi\\\/wp-content\\\/uploads\\\/2025\\\/11\\\/Duracell-kuulokojeparisto-4.jpg\",\"width\":800,\"height\":800},{\"@type\":\"BreadcrumbList\",\"@id\":\"https:\\\/\\\/kuuloasi.fi\\\/tuote\\\/duracell-kuulokojeparisto\\\/#breadcrumb\",\"itemListElement\":[{\"@type\":\"ListItem\",\"position\":1,\"name\":\"Etusivu\",\"item\":\"https:\\\/\\\/kuuloasi.fi\\\/\"},{\"@type\":\"ListItem\",\"position\":2,\"name\":\"Kauppa\",\"item\":\"https:\\\/\\\/kuuloasi.fi\\\/kauppa\\\/\"},{\"@type\":\"ListItem\",\"position\":3,\"name\":\"Duracell kuulokojeparisto\"}]},{\"@type\":\"WebSite\",\"@id\":\"https:\\\/\\\/kuuloasi.fi\\\/#website\",\"url\":\"https:\\\/\\\/kuuloasi.fi\\\/\",\"name\":\"kuuloasi.fi\",\"description\":\"\",\"potentialAction\":[{\"@type\":\"SearchAction\",\"target\":{\"@type\":\"EntryPoint\",\"urlTemplate\":\"https:\\\/\\\/kuuloasi.fi\\\/?s={search_term_string}\"},\"query-input\":{\"@type\":\"PropertyValueSpecification\",\"valueRequired\":true,\"valueName\":\"search_term_string\"}}],\"inLanguage\":\"sv-SE\"}]}<\/script>\n<!-- \/ Yoast SEO plugin. -->","yoast_head_json":{"title":"Duracell kuulokojeparisto - kuuloasi.fi","robots":{"index":"index","follow":"follow","max-snippet":"max-snippet:-1","max-image-preview":"max-image-preview:large","max-video-preview":"max-video-preview:-1"},"canonical":"https:\/\/kuuloasi.fi\/sv\/produkt\/duracell-kuulokojeparisto\/","og_locale":"sv_SE","og_type":"article","og_title":"Duracell kuulokojeparisto - kuuloasi.fi","og_description":"Duracell kuulokojeparistot tarjoavat luotettavaa ja pitk\u00e4kestoista tehoa kaikkiin kuulokojeisiin, merkist\u00e4 riippumatta. N\u00e4m\u00e4 laadukkaat paristot on suunniteltu varmistamaan, ett\u00e4 kuulokojeesi toimii moitteettomasti ja tarjoaa parhaan mahdollisen \u00e4\u00e4nenlaadun p\u00e4ivitt\u00e4isess\u00e4 k\u00e4yt\u00f6ss\u00e4  5\u20ac alennus kun tilaat 4 pakettia kerralla! Katso t\u00e4st\u00e4","og_url":"https:\/\/kuuloasi.fi\/sv\/produkt\/duracell-kuulokojeparisto\/","og_site_name":"kuuloasi.fi","article_modified_time":"2026-04-10T11:55:49+00:00","og_image":[{"width":800,"height":800,"url":"https:\/\/kuuloasi.fi\/wp-content\/uploads\/2025\/11\/Duracell-kuulokojeparisto-4.jpg","type":"image\/jpeg"}],"twitter_card":"summary_large_image","twitter_misc":{"Ber\u00e4knad l\u00e4stid":"1 minut"},"schema":{"@context":"https:\/\/schema.org","@graph":[{"@type":"WebPage","@id":"https:\/\/kuuloasi.fi\/tuote\/duracell-kuulokojeparisto\/","url":"https:\/\/kuuloasi.fi\/tuote\/duracell-kuulokojeparisto\/","name":"Duracell kuulokojeparisto - kuuloasi.fi","isPartOf":{"@id":"https:\/\/kuuloasi.fi\/#website"},"primaryImageOfPage":{"@id":"https:\/\/kuuloasi.fi\/tuote\/duracell-kuulokojeparisto\/#primaryimage"},"image":{"@id":"https:\/\/kuuloasi.fi\/tuote\/duracell-kuulokojeparisto\/#primaryimage"},"thumbnailUrl":"https:\/\/kuuloasi.fi\/wp-content\/uploads\/2025\/11\/Duracell-kuulokojeparisto-4.jpg","datePublished":"2025-11-24T13:55:17+00:00","dateModified":"2026-04-10T11:55:49+00:00","breadcrumb":{"@id":"https:\/\/kuuloasi.fi\/tuote\/duracell-kuulokojeparisto\/#breadcrumb"},"inLanguage":"sv-SE","potentialAction":[{"@type":"ReadAction","target":["https:\/\/kuuloasi.fi\/tuote\/duracell-kuulokojeparisto\/"]}]},{"@type":"ImageObject","inLanguage":"sv-SE","@id":"https:\/\/kuuloasi.fi\/tuote\/duracell-kuulokojeparisto\/#primaryimage","url":"https:\/\/kuuloasi.fi\/wp-content\/uploads\/2025\/11\/Duracell-kuulokojeparisto-4.jpg","contentUrl":"https:\/\/kuuloasi.fi\/wp-content\/uploads\/2025\/11\/Duracell-kuulokojeparisto-4.jpg","width":800,"height":800},{"@type":"BreadcrumbList","@id":"https:\/\/kuuloasi.fi\/tuote\/duracell-kuulokojeparisto\/#breadcrumb","itemListElement":[{"@type":"ListItem","position":1,"name":"Etusivu","item":"https:\/\/kuuloasi.fi\/"},{"@type":"ListItem","position":2,"name":"Kauppa","item":"https:\/\/kuuloasi.fi\/kauppa\/"},{"@type":"ListItem","position":3,"name":"Duracell kuulokojeparisto"}]},{"@type":"WebSite","@id":"https:\/\/kuuloasi.fi\/#website","url":"https:\/\/kuuloasi.fi\/","name":"h\u00f6rsel.co.uk","description":"","potentialAction":[{"@type":"SearchAction","target":{"@type":"EntryPoint","urlTemplate":"https:\/\/kuuloasi.fi\/?s={search_term_string}"},"query-input":{"@type":"PropertyValueSpecification","valueRequired":true,"valueName":"search_term_string"}}],"inLanguage":"sv-SE"}]}},"_links":{"self":[{"href":"https:\/\/kuuloasi.fi\/sv\/wp-json\/wp\/v2\/product\/301","targetHints":{"allow":["GET"]}}],"collection":[{"href":"https:\/\/kuuloasi.fi\/sv\/wp-json\/wp\/v2\/product"}],"about":[{"href":"https:\/\/kuuloasi.fi\/sv\/wp-json\/wp\/v2\/types\/product"}],"replies":[{"embeddable":true,"href":"https:\/\/kuuloasi.fi\/sv\/wp-json\/wp\/v2\/comments?post=301"}],"wp:featuredmedia":[{"embeddable":true,"href":"https:\/\/kuuloasi.fi\/sv\/wp-json\/wp\/v2\/media\/293"}],"wp:attachment":[{"href":"https:\/\/kuuloasi.fi\/sv\/wp-json\/wp\/v2\/media?parent=301"}],"wp:term":[{"taxonomy":"product_brand","embeddable":true,"href":"https:\/\/kuuloasi.fi\/sv\/wp-json\/wp\/v2\/product_brand?post=301"},{"taxonomy":"product_cat","embeddable":true,"href":"https:\/\/kuuloasi.fi\/sv\/wp-json\/wp\/v2\/product_cat?post=301"},{"taxonomy":"product_tag","embeddable":true,"href":"https:\/\/kuuloasi.fi\/sv\/wp-json\/wp\/v2\/product_tag?post=301"}],"curies":[{"name":"wp","href":"https:\/\/api.w.org\/{rel}","templated":true}]}}