{"id":2945,"date":"2026-05-10T19:17:45","date_gmt":"2026-05-10T19:17:45","guid":{"rendered":"https:\/\/kuuloasi.fi\/?post_type=product&#038;p=2945"},"modified":"2026-05-13T17:53:14","modified_gmt":"2026-05-13T17:53:14","slug":"10-pakettia-cerustop-vahasuojia","status":"publish","type":"product","link":"https:\/\/kuuloasi.fi\/sv\/produkt\/10-pakettia-cerustop-vahasuojia\/","title":{"rendered":"10 paket Cerustop vaxskydd"},"content":{"rendered":"<p><iframe title=\"Cerustop vaxskydd ers\u00e4ttning f\u00f6r h\u00f6rapparater\" width=\"800\" height=\"450\" src=\"https:\/\/www.youtube.com\/embed\/v93oyweIpB4?feature=oembed\" frameborder=\"0\" allow=\"accelerometer; autoplay; clipboard-write; encrypted-media; gyroscope; picture-in-picture; web-share\" referrerpolicy=\"strict-origin-when-cross-origin\" allowfullscreen><\/iframe><\/p>\n<h2>Cerustop vaxskydd \u2013 10 paket (80 st) ursprungliga vaxfilter<\/h2>\n<p><strong>Prisv\u00e4rt sparset f\u00f6r aktiv anv\u00e4ndning.<\/strong> Detta 10-pack Cerustop-set inneh\u00e5ller totalt 80 original vaxskydd f\u00f6r h\u00f6rapparater. Paketet passar anv\u00e4ndare som vill underh\u00e5lla sina h\u00f6rapparater regelbundet och s\u00e4kerst\u00e4lla att det alltid finns vaxskydd redo hemma.<\/p>\n<p>Cerustop-vaxskydd hj\u00e4lper till att f\u00f6rhindra att \u00f6ronvax och f\u00f6roreningar kommer in i h\u00f6rselskyddet p\u00e5 h\u00f6rselhj\u00e4lpmedlet. Ett blockerat vaxskydd \u00e4r en av de vanligaste orsakerna till att ljudet fr\u00e5n ett h\u00f6rselhj\u00e4lpmedel blir d\u00e4mpat, hackigt eller f\u00f6rsvinner helt.<\/p>\n<div style=\"background: #eef4ff; padding: 16px; border-radius: 10px; margin: 24px 0;\">\n<p><strong>Kompatibilitet \u2013 kontrollera f\u00f6rst<\/strong><\/p>\n<p>Cerustop passar om det aktuella vaxfiltret eller dess bricka har texten:<\/p>\n<p><span style=\"display: inline-block; background: #fff; padding: 6px 12px; border-radius: 20px; margin: 4px; border: 1px solid #d9d9d9;\">Cerustop<\/span> <span style=\"display: inline-block; background: #fff; padding: 6px 12px; border-radius: 20px; margin: 4px; border: 1px solid #d9d9d9;\">Nanov\u00e5rd<\/span> <span style=\"display: inline-block; background: #fff; padding: 6px 12px; border-radius: 20px; margin: 4px; border: 1px solid #d9d9d9;\">VaxStopp<\/span> <span style=\"display: inline-block; background: #fff; padding: 6px 12px; border-radius: 20px; margin: 4px; border: 1px solid #d9d9d9;\">GN vaxfilter<\/span><\/p>\n<p>&nbsp;<\/p>\n<p>Passar generellt till flera <strong>F\u00f6r Phonak-, Widex-, Oticon-, ReSound-, Unitron-, Hansaton- och Bernafon-h\u00f6rapparater.<\/strong><\/p>\n<\/div>\n<div style=\"background: #fff3f3; padding: 14px; border-radius: 10px; margin: 20px 0; border: 1px solid #f0b5b5;\"><strong>Passar inte CeruShield-systemet.<\/strong><br \/>\nOm ditt nuvarande vaxskydd finns i en rund, skivformad CeruShield-kassett, \u00e4r detta inte r\u00e4tt produkt.<\/div>\n<div style=\"background: #fff7e8; padding: 14px; border-radius: 10px; margin: 20px 0; border: 1px solid #f0d79a;\">\ud83d\udcf7 <strong>Os\u00e4ker p\u00e5 l\u00e4mpligheten?<\/strong><br \/>\nSend a picture of your current ear mold or hearing aid to our customer service \u2013 we will help you choose the right model.<\/div>\n<h3>F\u00f6rpackningens inneh\u00e5ll<\/h3>\n<ul>\n<li>10 paket med Cerustop vaxskydd<\/li>\n<li>Totalt 80 vaxskydd<\/li>\n<li>8 utbytespinnar per f\u00f6rpackning<\/li>\n<li>Original Cerustop-produkt<\/li>\n<\/ul>\n<p>Varje bytepinne har i ena \u00e4nden ett nytt vaxskydd och i den andra \u00e4nden f\u00f6r borttagning av ett gammalt filter.<\/p>\n<h3>Hur l\u00e4nge r\u00e4cker 80 vaxskydd?<\/h3>\n<p>De flesta anv\u00e4ndare har tv\u00e5 h\u00f6rapparater, s\u00e5 vaxskydden byts vanligtvis ut i b\u00e5da apparaterna samtidigt. D\u00e5 f\u00f6rbrukar en byte tv\u00e5 vaxskydd.<\/p>\n<table style=\"width: 100%; border-collapse: collapse; margin: 20px 0;\">\n<thead>\n<tr style=\"background: #f5f5f5;\">\n<th style=\"padding: 10px; border: 1px solid #ddd; text-align: left;\">Byt intervall<\/th>\n<th style=\"padding: 10px; border: 1px solid #ddd; text-align: left;\">Ber\u00e4knad varaktighet f\u00f6r 2 h\u00f6rapparater<\/th>\n<\/tr>\n<\/thead>\n<tbody>\n<tr>\n<td style=\"padding: 10px; border: 1px solid #ddd;\">1 byte per vecka<\/td>\n<td style=\"padding: 10px; border: 1px solid #ddd;\">cirka 40 veckor (~9 m\u00e5nader)<\/td>\n<\/tr>\n<tr>\n<td style=\"padding: 10px; border: 1px solid #ddd;\">1 byte \/ 2 veckor<\/td>\n<td style=\"padding: 10px; border: 1px solid #ddd;\">cirka 80 veckor (~18 m\u00e5nader)<\/td>\n<\/tr>\n<tr>\n<td style=\"padding: 10px; border: 1px solid #ddd;\">1 byte \/ 3 veckor<\/td>\n<td style=\"padding: 10px; border: 1px solid #ddd;\">cirka 120 veckor (~28 m\u00e5nader)<\/td>\n<\/tr>\n<\/tbody>\n<\/table>\n<p>Bytintervallen beror individuellt p\u00e5 m\u00e4ngden \u00f6ronvax, anv\u00e4ndningsm\u00e4ngden och anv\u00e4ndningsf\u00f6rh\u00e5llandena. Om h\u00f6rapparatens ljud f\u00f6rs\u00e4mras f\u00f6re det normala byteintervallet b\u00f6r vaxfiltret bytas genast.<\/p>\n<h3>N\u00e4r ska vaxfiltret bytas?<\/h3>\n<p>Vaxskyddet b\u00f6r bytas ut omedelbart om du m\u00e4rker n\u00e5got av f\u00f6ljande symtom:<\/p>\n<ul>\n<li>H\u00f6rselk\u00e5pans ljud d\u00e4mpas<\/li>\n<li>Ljudet hackar eller brusar<\/li>\n<li>Koja som inte h\u00f6r till normalt<\/li>\n<li>Ljudkvaliteten blir oklar<\/li>\n<li>H\u00f6rlurar k\u00e4nns t\u00e4ppta<\/li>\n<\/ul>\n<p>I m\u00e5nga fall \u00e5terst\u00e4ller bara byte av vaxskyddet ljudet till det normala utan underh\u00e5ll.<\/p>\n<h3>S\u00e5 h\u00e4r byter du Cerustop-vaxskydd<\/h3>\n<ol>\n<li>Tv\u00e4tta h\u00e4nderna f\u00f6re byte.<\/li>\n<li>Skjut in den tomma \u00e4nden av v\u00e4xelpinnen i den gamla vaxf\u00f6rseglingen och dra ut det gamla filtret.<\/li>\n<li>V\u00e4nd stickan och s\u00e4tt en ny vaxskydd p\u00e5 plats.<\/li>\n<li>Testa ljudet p\u00e5 h\u00f6rapparaten efter byte.<\/li>\n<\/ol>\n<p>Cerustop-vaxskyddet \u00e4r designat f\u00f6r att vara l\u00e4tt att byta ut \u00e4ven vid hemmabruk.<\/p>\n<h3>Varf\u00f6r \u00e4r vaxskydd viktigt f\u00f6r en h\u00f6rapparat?<\/h3>\n<p>H\u00f6rsn\u00e4ppans mottagare, det vill s\u00e4ga mottagaren, \u00e4r en k\u00e4nslig del genom vilken ljudet f\u00e4rdas till \u00f6rat. \u00d6ronvax, fukt och sm\u00e5 f\u00f6roreningar kan blockera ljudkanalen och f\u00f6rs\u00e4mra h\u00f6rsn\u00e4ppans funktion.<\/p>\n<p>Cerustop-vaxskyddet fungerar som ett filter framf\u00f6r mottagaren. Det hj\u00e4lper till att skydda h\u00f6rapparaten och g\u00f6r service av apparaten enklare. Regelbundet byte av vaxskyddet \u00e4r ett enkelt s\u00e4tt att f\u00f6rebygga ljudf\u00f6rs\u00e4mring och on\u00f6diga servicebes\u00f6k.<\/p>\n<h3>Vanliga fr\u00e5gor och svar<\/h3>\n<p><strong>Hur vet jag om jag anv\u00e4nder Cerustop- eller CeruShield-vaxskydd?<\/strong><br \/>\nCerustop anv\u00e4nder en liten utbytespinne med ett nytt filter p\u00e5 ena sidan. CeruShield anv\u00e4nder en rund, skivliknande kassett.<\/p>\n<p><strong>Hur ofta b\u00f6r vaxfiltret bytas?<\/strong><br \/>\nF\u00f6r de flesta anv\u00e4ndare \u00e4r en bytesintervall p\u00e5 cirka 1\u20133 veckor l\u00e4mplig. Om det bildas mycket \u00f6ronvax eller om ljudet blir d\u00e4mpat snabbt, kan det vara n\u00f6dv\u00e4ndigt att byta oftare.<\/p>\n<p><strong>Kan en vaxskydd bytas sj\u00e4lv hemma?<\/strong><br \/>\nJa. Cerustop vaxproppar \u00e4r utformade f\u00f6r att vara l\u00e4tta att byta ut utan behov av specialverktyg.<\/p>\n<p><strong>Passar samma vaxskydd f\u00f6r b\u00e5da \u00f6ronen?<\/strong><br \/>\nJa, samma filter passar b\u00e5de v\u00e4nster och h\u00f6ger h\u00f6rapparat om apparaten anv\u00e4nder Cerustop-systemet.<\/p>\n<h3>Best\u00e4ll Cerustop vaxskydd enkelt fr\u00e5n n\u00e4tet<\/h3>\n<p>Cerustop-vaxskydd \u00e4r en viktig del av den dagliga sk\u00f6tseln av h\u00f6rselhj\u00e4lpmedel. Regelbundet byte hj\u00e4lper till att bibeh\u00e5lla god ljudkvalitet och f\u00f6rhindrar att mottagaren blir igensatt.<\/p>\n<p>Best\u00e4ll Cerustop-vaxskydd enkelt fr\u00e5n v\u00e5r n\u00e4tbutik med snabb leverans fr\u00e5n Finland.<\/p>","protected":false},"excerpt":{"rendered":"<p><strong>10 paket med ursprungliga Cerustop-vaxskydd f\u00f6r h\u00f6rapparater.<\/strong><\/p>\n<ul>\n<li>Totalt 80 vaxskydd<\/li>\n<li>Passar Cerustop, NanoCare, WaxStop och GN vaxfiltersystem<\/li>\n<li>Kompatibel med flera Phonak-, Oticon-, Widex-, ReSound-, Unitron- och Bernafon-h\u00f6rapparater<\/li>\n<li>Hj\u00e4lper till att f\u00f6rhindra att r\u00f6sten d\u00e4mpas och att h\u00f6rapparaten blir igensatt<\/li>\n<li>R\u00e4cker typiskt ungef\u00e4r 9\u201328 m\u00e5nader f\u00f6r tv\u00e5 h\u00f6rapparater beroende p\u00e5 utbytesintervall<\/li>\n<\/ul>\n<p><strong>Passar inte CeruShield-systemet.<\/strong><\/p>","protected":false},"featured_media":2064,"comment_status":"closed","ping_status":"closed","template":"","meta":{"_acf_changed":false},"product_brand":[],"product_cat":[71,69,26,22,73],"product_tag":[80,186,187,164,163,79,188,165],"class_list":{"0":"post-2945","1":"product","2":"type-product","3":"status-publish","4":"has-post-thumbnail","6":"product_cat-phonak","7":"product_cat-resound","8":"product_cat-tarjouksessa","9":"product_cat-varaosat","10":"product_cat-widex","11":"product_tag-cerustop","12":"product_tag-filtteri","13":"product_tag-suoja","14":"product_tag-vaha","15":"product_tag-vahasuodatin","16":"product_tag-vahasuoja","17":"product_tag-wax","18":"product_tag-waxguard","20":"first","21":"instock","22":"sale","23":"taxable","24":"shipping-taxable","25":"purchasable","26":"product-type-simple"},"acf":[],"yoast_head":"<!-- This site is optimized with the Yoast SEO plugin v27.6 - https:\/\/yoast.com\/product\/yoast-seo-wordpress\/ -->\n<title>10 pakettia Cerustop vahasuojia - kuuloasi.fi<\/title>\n<meta name=\"robots\" content=\"index, follow, max-snippet:-1, max-image-preview:large, max-video-preview:-1\" \/>\n<link rel=\"canonical\" href=\"https:\/\/kuuloasi.fi\/sv\/produkt\/10-pakettia-cerustop-vahasuojia\/\" \/>\n<meta property=\"og:locale\" content=\"sv_SE\" \/>\n<meta property=\"og:type\" content=\"article\" \/>\n<meta property=\"og:title\" content=\"10 pakettia Cerustop vahasuojia - kuuloasi.fi\" \/>\n<meta property=\"og:description\" content=\"10 pakettia alkuper\u00e4isi\u00e4 Cerustop-vahasuojia kuulokojeisiin.   Yhteens\u00e4 80 vahasuojaa  Sopii Cerustop-, NanoCare-, WaxStop- ja GN waxfilter -j\u00e4rjestelmiin  Yhteensopiva useiden Phonak-, Oticon-, Widex-, ReSound-, Unitron- ja Bernafon-kuulokojeiden kanssa  Auttaa ehk\u00e4isem\u00e4\u00e4n \u00e4\u00e4nen vaimenemista ja kuulokojeen tukkeutumista  Riitt\u00e4\u00e4 tyypillisesti noin 9\u201328 kuukaudeksi kahdelle kuulokojeelle vaihtov\u00e4list\u00e4 riippuen  Ei sovi CeruShield-j\u00e4rjestelm\u00e4\u00e4n.\" \/>\n<meta property=\"og:url\" content=\"https:\/\/kuuloasi.fi\/sv\/produkt\/10-pakettia-cerustop-vahasuojia\/\" \/>\n<meta property=\"og:site_name\" content=\"kuuloasi.fi\" \/>\n<meta property=\"article:modified_time\" content=\"2026-05-13T17:53:14+00:00\" \/>\n<meta property=\"og:image\" content=\"https:\/\/kuuloasi.fi\/wp-content\/uploads\/2025\/12\/cerustop_12.jpg\" \/>\n\t<meta property=\"og:image:width\" content=\"2226\" \/>\n\t<meta property=\"og:image:height\" content=\"1824\" \/>\n\t<meta property=\"og:image:type\" content=\"image\/jpeg\" \/>\n<meta name=\"twitter:card\" content=\"summary_large_image\" \/>\n<meta name=\"twitter:label1\" content=\"Ber\u00e4knad l\u00e4stid\" \/>\n\t<meta name=\"twitter:data1\" content=\"4 minuter\" \/>\n<script type=\"application\/ld+json\" class=\"yoast-schema-graph\">{\"@context\":\"https:\\\/\\\/schema.org\",\"@graph\":[{\"@type\":\"WebPage\",\"@id\":\"https:\\\/\\\/kuuloasi.fi\\\/tuote\\\/10-pakettia-cerustop-vahasuojia\\\/\",\"url\":\"https:\\\/\\\/kuuloasi.fi\\\/tuote\\\/10-pakettia-cerustop-vahasuojia\\\/\",\"name\":\"10 pakettia Cerustop vahasuojia - kuuloasi.fi\",\"isPartOf\":{\"@id\":\"https:\\\/\\\/kuuloasi.fi\\\/#website\"},\"primaryImageOfPage\":{\"@id\":\"https:\\\/\\\/kuuloasi.fi\\\/tuote\\\/10-pakettia-cerustop-vahasuojia\\\/#primaryimage\"},\"image\":{\"@id\":\"https:\\\/\\\/kuuloasi.fi\\\/tuote\\\/10-pakettia-cerustop-vahasuojia\\\/#primaryimage\"},\"thumbnailUrl\":\"https:\\\/\\\/kuuloasi.fi\\\/wp-content\\\/uploads\\\/2025\\\/12\\\/cerustop_12.jpg\",\"datePublished\":\"2026-05-10T19:17:45+00:00\",\"dateModified\":\"2026-05-13T17:53:14+00:00\",\"breadcrumb\":{\"@id\":\"https:\\\/\\\/kuuloasi.fi\\\/tuote\\\/10-pakettia-cerustop-vahasuojia\\\/#breadcrumb\"},\"inLanguage\":\"sv-SE\",\"potentialAction\":[{\"@type\":\"ReadAction\",\"target\":[\"https:\\\/\\\/kuuloasi.fi\\\/tuote\\\/10-pakettia-cerustop-vahasuojia\\\/\"]}]},{\"@type\":\"ImageObject\",\"inLanguage\":\"sv-SE\",\"@id\":\"https:\\\/\\\/kuuloasi.fi\\\/tuote\\\/10-pakettia-cerustop-vahasuojia\\\/#primaryimage\",\"url\":\"https:\\\/\\\/kuuloasi.fi\\\/wp-content\\\/uploads\\\/2025\\\/12\\\/cerustop_12.jpg\",\"contentUrl\":\"https:\\\/\\\/kuuloasi.fi\\\/wp-content\\\/uploads\\\/2025\\\/12\\\/cerustop_12.jpg\",\"width\":2226,\"height\":1824},{\"@type\":\"BreadcrumbList\",\"@id\":\"https:\\\/\\\/kuuloasi.fi\\\/tuote\\\/10-pakettia-cerustop-vahasuojia\\\/#breadcrumb\",\"itemListElement\":[{\"@type\":\"ListItem\",\"position\":1,\"name\":\"Etusivu\",\"item\":\"https:\\\/\\\/kuuloasi.fi\\\/\"},{\"@type\":\"ListItem\",\"position\":2,\"name\":\"Kauppa\",\"item\":\"https:\\\/\\\/kuuloasi.fi\\\/kauppa\\\/\"},{\"@type\":\"ListItem\",\"position\":3,\"name\":\"10 pakettia Cerustop vahasuojia\"}]},{\"@type\":\"WebSite\",\"@id\":\"https:\\\/\\\/kuuloasi.fi\\\/#website\",\"url\":\"https:\\\/\\\/kuuloasi.fi\\\/\",\"name\":\"kuuloasi.fi\",\"description\":\"\",\"potentialAction\":[{\"@type\":\"SearchAction\",\"target\":{\"@type\":\"EntryPoint\",\"urlTemplate\":\"https:\\\/\\\/kuuloasi.fi\\\/?s={search_term_string}\"},\"query-input\":{\"@type\":\"PropertyValueSpecification\",\"valueRequired\":true,\"valueName\":\"search_term_string\"}}],\"inLanguage\":\"sv-SE\"}]}<\/script>\n<!-- \/ Yoast SEO plugin. -->","yoast_head_json":{"title":"10 pakettia Cerustop vahasuojia - kuuloasi.fi","robots":{"index":"index","follow":"follow","max-snippet":"max-snippet:-1","max-image-preview":"max-image-preview:large","max-video-preview":"max-video-preview:-1"},"canonical":"https:\/\/kuuloasi.fi\/sv\/produkt\/10-pakettia-cerustop-vahasuojia\/","og_locale":"sv_SE","og_type":"article","og_title":"10 pakettia Cerustop vahasuojia - kuuloasi.fi","og_description":"10 pakettia alkuper\u00e4isi\u00e4 Cerustop-vahasuojia kuulokojeisiin.   Yhteens\u00e4 80 vahasuojaa  Sopii Cerustop-, NanoCare-, WaxStop- ja GN waxfilter -j\u00e4rjestelmiin  Yhteensopiva useiden Phonak-, Oticon-, Widex-, ReSound-, Unitron- ja Bernafon-kuulokojeiden kanssa  Auttaa ehk\u00e4isem\u00e4\u00e4n \u00e4\u00e4nen vaimenemista ja kuulokojeen tukkeutumista  Riitt\u00e4\u00e4 tyypillisesti noin 9\u201328 kuukaudeksi kahdelle kuulokojeelle vaihtov\u00e4list\u00e4 riippuen  Ei sovi CeruShield-j\u00e4rjestelm\u00e4\u00e4n.","og_url":"https:\/\/kuuloasi.fi\/sv\/produkt\/10-pakettia-cerustop-vahasuojia\/","og_site_name":"kuuloasi.fi","article_modified_time":"2026-05-13T17:53:14+00:00","og_image":[{"width":2226,"height":1824,"url":"https:\/\/kuuloasi.fi\/wp-content\/uploads\/2025\/12\/cerustop_12.jpg","type":"image\/jpeg"}],"twitter_card":"summary_large_image","twitter_misc":{"Ber\u00e4knad l\u00e4stid":"4 minuter"},"schema":{"@context":"https:\/\/schema.org","@graph":[{"@type":"WebPage","@id":"https:\/\/kuuloasi.fi\/tuote\/10-pakettia-cerustop-vahasuojia\/","url":"https:\/\/kuuloasi.fi\/tuote\/10-pakettia-cerustop-vahasuojia\/","name":"10 pakettia Cerustop vahasuojia - kuuloasi.fi","isPartOf":{"@id":"https:\/\/kuuloasi.fi\/#website"},"primaryImageOfPage":{"@id":"https:\/\/kuuloasi.fi\/tuote\/10-pakettia-cerustop-vahasuojia\/#primaryimage"},"image":{"@id":"https:\/\/kuuloasi.fi\/tuote\/10-pakettia-cerustop-vahasuojia\/#primaryimage"},"thumbnailUrl":"https:\/\/kuuloasi.fi\/wp-content\/uploads\/2025\/12\/cerustop_12.jpg","datePublished":"2026-05-10T19:17:45+00:00","dateModified":"2026-05-13T17:53:14+00:00","breadcrumb":{"@id":"https:\/\/kuuloasi.fi\/tuote\/10-pakettia-cerustop-vahasuojia\/#breadcrumb"},"inLanguage":"sv-SE","potentialAction":[{"@type":"ReadAction","target":["https:\/\/kuuloasi.fi\/tuote\/10-pakettia-cerustop-vahasuojia\/"]}]},{"@type":"ImageObject","inLanguage":"sv-SE","@id":"https:\/\/kuuloasi.fi\/tuote\/10-pakettia-cerustop-vahasuojia\/#primaryimage","url":"https:\/\/kuuloasi.fi\/wp-content\/uploads\/2025\/12\/cerustop_12.jpg","contentUrl":"https:\/\/kuuloasi.fi\/wp-content\/uploads\/2025\/12\/cerustop_12.jpg","width":2226,"height":1824},{"@type":"BreadcrumbList","@id":"https:\/\/kuuloasi.fi\/tuote\/10-pakettia-cerustop-vahasuojia\/#breadcrumb","itemListElement":[{"@type":"ListItem","position":1,"name":"Etusivu","item":"https:\/\/kuuloasi.fi\/"},{"@type":"ListItem","position":2,"name":"Kauppa","item":"https:\/\/kuuloasi.fi\/kauppa\/"},{"@type":"ListItem","position":3,"name":"10 pakettia Cerustop vahasuojia"}]},{"@type":"WebSite","@id":"https:\/\/kuuloasi.fi\/#website","url":"https:\/\/kuuloasi.fi\/","name":"h\u00f6rsel.co.uk","description":"","potentialAction":[{"@type":"SearchAction","target":{"@type":"EntryPoint","urlTemplate":"https:\/\/kuuloasi.fi\/?s={search_term_string}"},"query-input":{"@type":"PropertyValueSpecification","valueRequired":true,"valueName":"search_term_string"}}],"inLanguage":"sv-SE"}]}},"_links":{"self":[{"href":"https:\/\/kuuloasi.fi\/sv\/wp-json\/wp\/v2\/product\/2945","targetHints":{"allow":["GET"]}}],"collection":[{"href":"https:\/\/kuuloasi.fi\/sv\/wp-json\/wp\/v2\/product"}],"about":[{"href":"https:\/\/kuuloasi.fi\/sv\/wp-json\/wp\/v2\/types\/product"}],"replies":[{"embeddable":true,"href":"https:\/\/kuuloasi.fi\/sv\/wp-json\/wp\/v2\/comments?post=2945"}],"wp:featuredmedia":[{"embeddable":true,"href":"https:\/\/kuuloasi.fi\/sv\/wp-json\/wp\/v2\/media\/2064"}],"wp:attachment":[{"href":"https:\/\/kuuloasi.fi\/sv\/wp-json\/wp\/v2\/media?parent=2945"}],"wp:term":[{"taxonomy":"product_brand","embeddable":true,"href":"https:\/\/kuuloasi.fi\/sv\/wp-json\/wp\/v2\/product_brand?post=2945"},{"taxonomy":"product_cat","embeddable":true,"href":"https:\/\/kuuloasi.fi\/sv\/wp-json\/wp\/v2\/product_cat?post=2945"},{"taxonomy":"product_tag","embeddable":true,"href":"https:\/\/kuuloasi.fi\/sv\/wp-json\/wp\/v2\/product_tag?post=2945"}],"curies":[{"name":"wp","href":"https:\/\/api.w.org\/{rel}","templated":true}]}}