{"id":2656,"date":"2026-04-30T07:15:18","date_gmt":"2026-04-30T07:15:18","guid":{"rendered":"https:\/\/kuuloasi.fi\/?post_type=product&#038;p=2656"},"modified":"2026-04-30T07:30:45","modified_gmt":"2026-04-30T07:30:45","slug":"signia-click-3-0-avoin-tippi","status":"publish","type":"product","link":"https:\/\/kuuloasi.fi\/sv\/produkt\/signia-click-3-0-avoin-tippi\/","title":{"rendered":"Signia Click 3.0 \u00f6ppen tipp"},"content":{"rendered":"<p data-start=\"186\" data-end=\"364\"><strong data-start=\"186\" data-end=\"216\">Signia Click 3.0 \u00f6ppen tipp<\/strong>\u00a0\u00e4r en kvalitet och bekv\u00e4m h\u00f6rlursspets, som \u00e4r designad f\u00f6r Signia-h\u00f6rlurar, som anv\u00e4nder <strong data-start=\"320\" data-end=\"361\">Click 3.0 -f\u00e4stesystemet<\/strong>.<\/p>\n<p data-start=\"366\" data-end=\"529\">\u00d6ppen konstruktion ger en mer naturlig lyssningsupplevelse och \u00e4r s\u00e4rskilt l\u00e4mplig f\u00f6r anv\u00e4ndare som vill ha en s\u00e5 diskret och l\u00e4tt k\u00e4nsla i \u00f6rat som m\u00f6jligt.<\/p>\n<h2 data-section-id=\"i7l9a4\" data-start=\"536\" data-end=\"578\"><span role=\"text\"><strong data-start=\"542\" data-end=\"578\">Varf\u00f6r v\u00e4lja \u00f6ppen Signia-spets?<\/strong><\/span><\/h2>\n<p data-start=\"580\" data-end=\"724\">En \u00f6ppen spets g\u00f6r att naturliga omgivningsljud kan h\u00f6ras i \u00f6rat ut\u00f6ver h\u00f6rself\u00f6rst\u00e4rkningen fr\u00e5n h\u00f6rapparaten. Detta g\u00f6r h\u00f6randet mer behagligt och autentiskt.<\/p>\n<p data-start=\"726\" data-end=\"737\"><strong data-start=\"726\" data-end=\"737\">F\u00f6rdelar<\/strong><\/p>\n<ul data-start=\"738\" data-end=\"883\">\n<li data-section-id=\"xhz14\" data-start=\"738\" data-end=\"780\">Mindre \u201ct\u00e4ppt\u201d k\u00e4nsla i \u00f6rat<\/li>\n<li data-section-id=\"sytrvh\" data-start=\"781\" data-end=\"804\">Naturligare r\u00f6st<\/li>\n<li data-section-id=\"1jo8iiu\" data-start=\"805\" data-end=\"837\">L\u00e4tt och diskret att anv\u00e4nda<\/li>\n<li data-section-id=\"xhh9jk\" data-start=\"838\" data-end=\"883\">Utm\u00e4rkt val f\u00f6r en f\u00f6rsta dricks<\/li>\n<\/ul>\n<h2 data-section-id=\"zzh1d7\" data-start=\"890\" data-end=\"919\"><span role=\"text\"><strong data-start=\"896\" data-end=\"919\">Vem passar detta f\u00f6r?<\/strong><\/span><\/h2>\n<p data-start=\"921\" data-end=\"950\">Den h\u00e4r modellen \u00e4r s\u00e4rskilt l\u00e4mplig f\u00f6r:<\/p>\n<ul data-start=\"952\" data-end=\"1104\">\n<li data-section-id=\"10smoq3\" data-start=\"952\" data-end=\"997\">Vid mild till m\u00e5ttlig h\u00f6rselneds\u00e4ttning<\/li>\n<li data-section-id=\"elblzq\" data-start=\"998\" data-end=\"1037\">F\u00f6r f\u00f6rst\u00e4rkning av h\u00f6ga frekvenser<\/li>\n<li data-section-id=\"ogsrny\" data-start=\"1038\" data-end=\"1104\">F\u00f6r anv\u00e4ndare som vill ha en \u00f6ppen och luftig k\u00e4nsla i \u00f6rat<\/li>\n<\/ul>\n<h2 data-section-id=\"fcjg61\" data-start=\"1111\" data-end=\"1132\"><span role=\"text\"><strong data-start=\"1117\" data-end=\"1132\">\u00a0Information om produkten<\/strong><\/span><\/h2>\n<ul data-start=\"1134\" data-end=\"1413\">\n<li data-section-id=\"6yrclq\" data-start=\"1134\" data-end=\"1187\"><strong data-start=\"1136\" data-end=\"1152\">Produkttyp:<\/strong> \u00d6ppen kupol (\u00f6ppen kupol)<\/li>\n<li data-section-id=\"7hfw0r\" data-start=\"1188\" data-end=\"1246\"><strong data-start=\"1190\" data-end=\"1209\">Kompatibilitet:<\/strong> Signia Klick Dom 3.0 -system<\/li>\n<li data-section-id=\"1vy01gu\" data-start=\"1247\" data-end=\"1278\"><strong data-start=\"1249\" data-end=\"1258\">Storlekar:<\/strong> 5 mm, 7 mm, 10 mm<\/li>\n<li data-section-id=\"yat5te\" data-start=\"1279\" data-end=\"1302\"><strong data-start=\"1281\" data-end=\"1293\">F\u00f6rpackning:<\/strong> 6 stycken<\/li>\n<li data-section-id=\"tanfa6\" data-start=\"1303\" data-end=\"1356\"><strong data-start=\"1305\" data-end=\"1320\">Material:<\/strong> Mjuk medicinsk silikon<\/li>\n<li data-section-id=\"ctu6j5\" data-start=\"1357\" data-end=\"1413\"><strong data-start=\"1359\" data-end=\"1373\">F\u00e4ste<\/strong> Enkel klickf\u00e4stning (inga verktyg)<\/li>\n<\/ul>\n<h2 data-section-id=\"13iryqy\" data-start=\"1420\" data-end=\"1444\"><span role=\"text\"><strong data-start=\"1426\" data-end=\"1444\">\u00a0Kompatibilitet<\/strong><\/span><\/h2>\n<p data-start=\"1446\" data-end=\"1471\">\u00a0 \u00a0 \u00a0 \u00a0 \u00a0Passar bl.a. f\u00f6r f\u00f6ljande:<\/p>\n<ul data-start=\"1472\" data-end=\"1633\">\n<li data-section-id=\"h8q1u6\" data-start=\"1472\" data-end=\"1518\">Signia IX-serien (t.ex. Pure Charge&amp;Go IX)<\/li>\n<li data-section-id=\"dop03n\" data-start=\"1519\" data-end=\"1578\">Signia AX-serien (till exempel Pure Charge&amp;Go AX, Styletto AX)<\/li>\n<li data-section-id=\"1qm6xyr\" data-start=\"1579\" data-end=\"1633\">Andra h\u00f6rapparater med Click Dome 3.0-f\u00e4ste<\/li>\n<\/ul>\n<p data-start=\"1635\" data-end=\"1647\">\u00a0 \u00a0 \u00a0 \u00a0 Passar inte:<\/p>\n<ul data-start=\"1648\" data-end=\"1727\">\n<li data-section-id=\"h6va65\" data-start=\"1648\" data-end=\"1692\">Till det \u00e4ldre Click Dome 2.0-systemet<\/li>\n<li data-section-id=\"9rsp63\" data-start=\"1693\" data-end=\"1727\">F\u00f6r Signia X, Nx eller Px-serien<\/li>\n<\/ul>\n<p data-start=\"1729\" data-end=\"1796\">Kontrollera vid behov kompatibiliteten beroende p\u00e5 din h\u00f6rapparats modell.<\/p>\n<h2 data-section-id=\"13q7up2\" data-start=\"1803\" data-end=\"1832\"><span role=\"text\"><strong data-start=\"1809\" data-end=\"1832\">L\u00e4tt att byta sj\u00e4lv<\/strong><\/span><\/h2>\n<p data-start=\"1834\" data-end=\"1872\">En byte av tipp kan g\u00f6ras snabbt hemma.<\/p>\n<ol data-start=\"1874\" data-end=\"2017\">\n<li data-section-id=\"1n5giff\" data-start=\"1874\" data-end=\"1900\">Dra ut den gamla droppslangen.<\/li>\n<li data-section-id=\"1u3ej49\" data-start=\"1901\" data-end=\"1933\">S\u00e4tt en ny napp p\u00e5 plats<\/li>\n<li data-section-id=\"3pgwge\" data-start=\"1934\" data-end=\"1972\">Tryck tills det klickar fast<\/li>\n<li data-section-id=\"1fj10ty\" data-start=\"1973\" data-end=\"2017\">Kontrollera att tipset sitter ordentligt<\/li>\n<\/ol>\n<h2 data-section-id=\"pdn8sy\" data-start=\"2024\" data-end=\"2067\"><span role=\"text\"><strong data-start=\"2030\" data-end=\"2067\">Hur ofta ska katetern bytas?<\/strong><\/span><\/h2>\n<p data-start=\"2069\" data-end=\"2094\">Rekommenderad intervall \u00e4r:<\/p>\n<p data-start=\"2096\" data-end=\"2123\"><strong data-start=\"2099\" data-end=\"2123\">1\u20133 m\u00e5naders mellanrum<\/strong><\/p>\n<p data-start=\"2125\" data-end=\"2188\">Serviceintervallet beror p\u00e5 anv\u00e4ndning, \u00f6ronvax och hygienniv\u00e5.<\/p>\n<h2 data-section-id=\"owmdx2\" data-start=\"2195\" data-end=\"2228\"><span role=\"text\"><strong data-start=\"2200\" data-end=\"2228\">Vanliga fr\u00e5gor och svar<\/strong><\/span><\/h2>\n<p data-start=\"2230\" data-end=\"2375\"><strong data-start=\"2230\" data-end=\"2269\">Passar detta till min h\u00f6rapparat?<\/strong><br data-start=\"2269\" data-end=\"2272\" \/>Passar alla h\u00f6rapparater med Click Dome 3.0-f\u00e4ste. Ej kompatibel med 2.0-modeller.<\/p>\n<p data-start=\"2377\" data-end=\"2516\"><strong data-start=\"2377\" data-end=\"2415\">Vad \u00e4r skillnaden mellan modell 2.0 och 3.0?<\/strong><br data-start=\"2415\" data-end=\"2418\" \/>Click Dome 3.0 \u00e4r ett nyare f\u00e4stsystem och \u00e4r inte kompatibelt med den \u00e4ldre 2.0-versionen.<\/p>\n<p data-start=\"2518\" data-end=\"2673\"><strong data-start=\"2518\" data-end=\"2549\">Hur v\u00e4ljer jag r\u00e4tt storlek?<\/strong><br data-start=\"2549\" data-end=\"2552\" \/>Storlek (5 mm, 7 mm, 10 mm) v\u00e4ljs baserat p\u00e5 h\u00f6rselg\u00e5ngens storlek och komfort. Vanligtvis samma storlek som tidigare.<\/p>\n<p data-start=\"2675\" data-end=\"2763\"><strong data-start=\"2675\" data-end=\"2705\">Kan jag byta tipset sj\u00e4lv?<\/strong><br data-start=\"2705\" data-end=\"2708\" \/>Ja \u2013 utbytet \u00e4r mycket enkelt och kr\u00e4ver inga verktyg.<\/p>\n<h2 data-section-id=\"1c9p2nc\" data-start=\"2770\" data-end=\"2808\"><span role=\"text\">\ud83d\udd39 <strong data-start=\"2776\" data-end=\"2808\">Varf\u00f6r k\u00f6pa fr\u00e5n Kuuloasi.fi?<\/strong><\/span><\/h2>\n<ul data-start=\"2810\" data-end=\"2965\">\n<li data-section-id=\"ywn3p7\" data-start=\"2810\" data-end=\"2842\">Snabb leverans fr\u00e5n Finland \ud83c\uddeb\ud83c\uddee<\/li>\n<li data-section-id=\"16t6h94\" data-start=\"2843\" data-end=\"2878\">S\u00e4kerligen kompatibla produkter<\/li>\n<li data-section-id=\"t7krjn\" data-start=\"2879\" data-end=\"2911\">Enkel och s\u00e4ker best\u00e4llning<\/li>\n<li data-section-id=\"p6drpo\" data-start=\"2912\" data-end=\"2965\">Avsedd f\u00f6r finl\u00e4ndska h\u00f6rapparatanv\u00e4ndare<\/li>\n<\/ul>","protected":false},"excerpt":{"rendered":"<p data-start=\"79\" data-end=\"273\"><strong data-start=\"79\" data-end=\"109\">Signia Click Dome 3.0 \u00d6ppen<\/strong> en \u00f6ppen och bekv\u00e4m h\u00f6rapparatsslang som erbjuder ett naturligt ljud och en l\u00e4tt anv\u00e4ndningsk\u00e4nsla. Passar Signia-h\u00f6rapparater med Click Dome 3.0-f\u00e4ste.<\/p>\n<ul data-start=\"275\" data-end=\"448\">\n<li data-section-id=\"gfr7ep\" data-start=\"275\" data-end=\"314\">\u00d6ppen modell \u2013 mindre t\u00e4ppa<\/li>\n<li data-section-id=\"1xn4i6c\" data-start=\"315\" data-end=\"357\">Naturlig och luftig lyssningsupplevelse<\/li>\n<li data-section-id=\"bkv4d9\" data-start=\"358\" data-end=\"400\">Enkel klickf\u00e4stning utan verktyg<\/li>\n<li data-section-id=\"1eii5m6\" data-start=\"401\" data-end=\"428\">Storlekar: 5 mm, 7 mm, 10 mm<\/li>\n<li data-section-id=\"vl7c8i\" data-start=\"429\" data-end=\"448\">F\u00f6rpackning: 10 st<\/li>\n<\/ul>\n<p data-start=\"450\" data-end=\"489\" data-is-last-node=\"\" data-is-only-node=\"\">\u00a0Rekommenderat intervall 1\u20133 m\u00e5nader.<\/p>","protected":false},"featured_media":2657,"comment_status":"closed","ping_status":"closed","template":"","meta":{"_acf_changed":false},"product_brand":[],"product_cat":[72,22,16],"product_tag":[171,172,113,111,77,173,174],"class_list":{"0":"post-2656","1":"product","2":"type-product","3":"status-publish","4":"has-post-thumbnail","6":"product_cat-signia","7":"product_cat-varaosat","8":"product_cat-yleinen","9":"product_tag-clic","10":"product_tag-dome","11":"product_tag-siemens","12":"product_tag-signia","13":"product_tag-tippi","14":"product_tag-tulip","15":"product_tag-tulppaani","17":"first","18":"onbackorder","19":"taxable","20":"shipping-taxable","21":"product-type-variable"},"acf":[],"yoast_head":"<!-- This site is optimized with the Yoast SEO plugin v27.5 - https:\/\/yoast.com\/product\/yoast-seo-wordpress\/ -->\n<title>Signia Click 3.0 avoin tippi - kuuloasi.fi<\/title>\n<meta name=\"description\" content=\"Signia Click Dome 3.0 Open tippi \u2013 luonnollinen \u00e4\u00e4ni ja mukava istuvuus. Valitse oikea koko (5\u201310 mm). Tilaa nopeasti Kuuloasi.fi:st\u00e4!\" \/>\n<meta name=\"robots\" content=\"index, follow, max-snippet:-1, max-image-preview:large, max-video-preview:-1\" \/>\n<link rel=\"canonical\" href=\"https:\/\/kuuloasi.fi\/sv\/produkt\/signia-click-3-0-avoin-tippi\/\" \/>\n<meta property=\"og:locale\" content=\"sv_SE\" \/>\n<meta property=\"og:type\" content=\"article\" \/>\n<meta property=\"og:title\" content=\"Signia Click 3.0 avoin tippi - kuuloasi.fi\" \/>\n<meta property=\"og:description\" content=\"Signia Click Dome 3.0 Open tippi \u2013 luonnollinen \u00e4\u00e4ni ja mukava istuvuus. Valitse oikea koko (5\u201310 mm). Tilaa nopeasti Kuuloasi.fi:st\u00e4!\" \/>\n<meta property=\"og:url\" content=\"https:\/\/kuuloasi.fi\/sv\/produkt\/signia-click-3-0-avoin-tippi\/\" \/>\n<meta property=\"og:site_name\" content=\"kuuloasi.fi\" \/>\n<meta property=\"article:modified_time\" content=\"2026-04-30T07:30:45+00:00\" \/>\n<meta property=\"og:image\" content=\"https:\/\/kuuloasi.fi\/wp-content\/uploads\/2026\/04\/10-open.jpg\" \/>\n\t<meta property=\"og:image:width\" content=\"318\" \/>\n\t<meta property=\"og:image:height\" content=\"600\" \/>\n\t<meta property=\"og:image:type\" content=\"image\/jpeg\" \/>\n<meta name=\"twitter:card\" content=\"summary_large_image\" \/>\n<meta name=\"twitter:label1\" content=\"Ber\u00e4knad l\u00e4stid\" \/>\n\t<meta name=\"twitter:data1\" content=\"3 minuter\" \/>\n<script type=\"application\/ld+json\" class=\"yoast-schema-graph\">{\"@context\":\"https:\\\/\\\/schema.org\",\"@graph\":[{\"@type\":\"WebPage\",\"@id\":\"https:\\\/\\\/kuuloasi.fi\\\/tuote\\\/signia-click-3-0-avoin-tippi\\\/\",\"url\":\"https:\\\/\\\/kuuloasi.fi\\\/tuote\\\/signia-click-3-0-avoin-tippi\\\/\",\"name\":\"Signia Click 3.0 avoin tippi - kuuloasi.fi\",\"isPartOf\":{\"@id\":\"https:\\\/\\\/kuuloasi.fi\\\/#website\"},\"primaryImageOfPage\":{\"@id\":\"https:\\\/\\\/kuuloasi.fi\\\/tuote\\\/signia-click-3-0-avoin-tippi\\\/#primaryimage\"},\"image\":{\"@id\":\"https:\\\/\\\/kuuloasi.fi\\\/tuote\\\/signia-click-3-0-avoin-tippi\\\/#primaryimage\"},\"thumbnailUrl\":\"https:\\\/\\\/kuuloasi.fi\\\/wp-content\\\/uploads\\\/2026\\\/04\\\/10-open.jpg\",\"datePublished\":\"2026-04-30T07:15:18+00:00\",\"dateModified\":\"2026-04-30T07:30:45+00:00\",\"description\":\"Signia Click Dome 3.0 Open tippi \u2013 luonnollinen \u00e4\u00e4ni ja mukava istuvuus. Valitse oikea koko (5\u201310 mm). Tilaa nopeasti Kuuloasi.fi:st\u00e4!\",\"breadcrumb\":{\"@id\":\"https:\\\/\\\/kuuloasi.fi\\\/tuote\\\/signia-click-3-0-avoin-tippi\\\/#breadcrumb\"},\"inLanguage\":\"sv-SE\",\"potentialAction\":[{\"@type\":\"ReadAction\",\"target\":[\"https:\\\/\\\/kuuloasi.fi\\\/tuote\\\/signia-click-3-0-avoin-tippi\\\/\"]}]},{\"@type\":\"ImageObject\",\"inLanguage\":\"sv-SE\",\"@id\":\"https:\\\/\\\/kuuloasi.fi\\\/tuote\\\/signia-click-3-0-avoin-tippi\\\/#primaryimage\",\"url\":\"https:\\\/\\\/kuuloasi.fi\\\/wp-content\\\/uploads\\\/2026\\\/04\\\/10-open.jpg\",\"contentUrl\":\"https:\\\/\\\/kuuloasi.fi\\\/wp-content\\\/uploads\\\/2026\\\/04\\\/10-open.jpg\",\"width\":318,\"height\":600,\"caption\":\"Signia click open dome, avoin tippi\"},{\"@type\":\"BreadcrumbList\",\"@id\":\"https:\\\/\\\/kuuloasi.fi\\\/tuote\\\/signia-click-3-0-avoin-tippi\\\/#breadcrumb\",\"itemListElement\":[{\"@type\":\"ListItem\",\"position\":1,\"name\":\"Etusivu\",\"item\":\"https:\\\/\\\/kuuloasi.fi\\\/\"},{\"@type\":\"ListItem\",\"position\":2,\"name\":\"Kauppa\",\"item\":\"https:\\\/\\\/kuuloasi.fi\\\/kauppa\\\/\"},{\"@type\":\"ListItem\",\"position\":3,\"name\":\"Signia Click 3.0 avoin tippi\"}]},{\"@type\":\"WebSite\",\"@id\":\"https:\\\/\\\/kuuloasi.fi\\\/#website\",\"url\":\"https:\\\/\\\/kuuloasi.fi\\\/\",\"name\":\"kuuloasi.fi\",\"description\":\"\",\"potentialAction\":[{\"@type\":\"SearchAction\",\"target\":{\"@type\":\"EntryPoint\",\"urlTemplate\":\"https:\\\/\\\/kuuloasi.fi\\\/?s={search_term_string}\"},\"query-input\":{\"@type\":\"PropertyValueSpecification\",\"valueRequired\":true,\"valueName\":\"search_term_string\"}}],\"inLanguage\":\"sv-SE\"}]}<\/script>\n<!-- \/ Yoast SEO plugin. -->","yoast_head_json":{"title":"Signia Click 3.0 avoin tippi - kuuloasi.fi","description":"Signia Click Dome 3.0 Open tippi \u2013 luonnollinen \u00e4\u00e4ni ja mukava istuvuus. Valitse oikea koko (5\u201310 mm). Tilaa nopeasti Kuuloasi.fi:st\u00e4!","robots":{"index":"index","follow":"follow","max-snippet":"max-snippet:-1","max-image-preview":"max-image-preview:large","max-video-preview":"max-video-preview:-1"},"canonical":"https:\/\/kuuloasi.fi\/sv\/produkt\/signia-click-3-0-avoin-tippi\/","og_locale":"sv_SE","og_type":"article","og_title":"Signia Click 3.0 avoin tippi - kuuloasi.fi","og_description":"Signia Click Dome 3.0 Open tippi \u2013 luonnollinen \u00e4\u00e4ni ja mukava istuvuus. Valitse oikea koko (5\u201310 mm). Tilaa nopeasti Kuuloasi.fi:st\u00e4!","og_url":"https:\/\/kuuloasi.fi\/sv\/produkt\/signia-click-3-0-avoin-tippi\/","og_site_name":"kuuloasi.fi","article_modified_time":"2026-04-30T07:30:45+00:00","og_image":[{"width":318,"height":600,"url":"https:\/\/kuuloasi.fi\/wp-content\/uploads\/2026\/04\/10-open.jpg","type":"image\/jpeg"}],"twitter_card":"summary_large_image","twitter_misc":{"Ber\u00e4knad l\u00e4stid":"3 minuter"},"schema":{"@context":"https:\/\/schema.org","@graph":[{"@type":"WebPage","@id":"https:\/\/kuuloasi.fi\/tuote\/signia-click-3-0-avoin-tippi\/","url":"https:\/\/kuuloasi.fi\/tuote\/signia-click-3-0-avoin-tippi\/","name":"Signia Click 3.0 avoin tippi - kuuloasi.fi","isPartOf":{"@id":"https:\/\/kuuloasi.fi\/#website"},"primaryImageOfPage":{"@id":"https:\/\/kuuloasi.fi\/tuote\/signia-click-3-0-avoin-tippi\/#primaryimage"},"image":{"@id":"https:\/\/kuuloasi.fi\/tuote\/signia-click-3-0-avoin-tippi\/#primaryimage"},"thumbnailUrl":"https:\/\/kuuloasi.fi\/wp-content\/uploads\/2026\/04\/10-open.jpg","datePublished":"2026-04-30T07:15:18+00:00","dateModified":"2026-04-30T07:30:45+00:00","description":"Signia Click Dome 3.0 Open tippi \u2013 luonnollinen \u00e4\u00e4ni ja mukava istuvuus. Valitse oikea koko (5\u201310 mm). Tilaa nopeasti Kuuloasi.fi:st\u00e4!","breadcrumb":{"@id":"https:\/\/kuuloasi.fi\/tuote\/signia-click-3-0-avoin-tippi\/#breadcrumb"},"inLanguage":"sv-SE","potentialAction":[{"@type":"ReadAction","target":["https:\/\/kuuloasi.fi\/tuote\/signia-click-3-0-avoin-tippi\/"]}]},{"@type":"ImageObject","inLanguage":"sv-SE","@id":"https:\/\/kuuloasi.fi\/tuote\/signia-click-3-0-avoin-tippi\/#primaryimage","url":"https:\/\/kuuloasi.fi\/wp-content\/uploads\/2026\/04\/10-open.jpg","contentUrl":"https:\/\/kuuloasi.fi\/wp-content\/uploads\/2026\/04\/10-open.jpg","width":318,"height":600,"caption":"Signia click open dome, avoin tippi"},{"@type":"BreadcrumbList","@id":"https:\/\/kuuloasi.fi\/tuote\/signia-click-3-0-avoin-tippi\/#breadcrumb","itemListElement":[{"@type":"ListItem","position":1,"name":"Etusivu","item":"https:\/\/kuuloasi.fi\/"},{"@type":"ListItem","position":2,"name":"Kauppa","item":"https:\/\/kuuloasi.fi\/kauppa\/"},{"@type":"ListItem","position":3,"name":"Signia Click 3.0 avoin tippi"}]},{"@type":"WebSite","@id":"https:\/\/kuuloasi.fi\/#website","url":"https:\/\/kuuloasi.fi\/","name":"h\u00f6rsel.co.uk","description":"","potentialAction":[{"@type":"SearchAction","target":{"@type":"EntryPoint","urlTemplate":"https:\/\/kuuloasi.fi\/?s={search_term_string}"},"query-input":{"@type":"PropertyValueSpecification","valueRequired":true,"valueName":"search_term_string"}}],"inLanguage":"sv-SE"}]}},"_links":{"self":[{"href":"https:\/\/kuuloasi.fi\/sv\/wp-json\/wp\/v2\/product\/2656","targetHints":{"allow":["GET"]}}],"collection":[{"href":"https:\/\/kuuloasi.fi\/sv\/wp-json\/wp\/v2\/product"}],"about":[{"href":"https:\/\/kuuloasi.fi\/sv\/wp-json\/wp\/v2\/types\/product"}],"replies":[{"embeddable":true,"href":"https:\/\/kuuloasi.fi\/sv\/wp-json\/wp\/v2\/comments?post=2656"}],"wp:featuredmedia":[{"embeddable":true,"href":"https:\/\/kuuloasi.fi\/sv\/wp-json\/wp\/v2\/media\/2657"}],"wp:attachment":[{"href":"https:\/\/kuuloasi.fi\/sv\/wp-json\/wp\/v2\/media?parent=2656"}],"wp:term":[{"taxonomy":"product_brand","embeddable":true,"href":"https:\/\/kuuloasi.fi\/sv\/wp-json\/wp\/v2\/product_brand?post=2656"},{"taxonomy":"product_cat","embeddable":true,"href":"https:\/\/kuuloasi.fi\/sv\/wp-json\/wp\/v2\/product_cat?post=2656"},{"taxonomy":"product_tag","embeddable":true,"href":"https:\/\/kuuloasi.fi\/sv\/wp-json\/wp\/v2\/product_tag?post=2656"}],"curies":[{"name":"wp","href":"https:\/\/api.w.org\/{rel}","templated":true}]}}