{"id":199,"date":"2025-11-11T16:15:55","date_gmt":"2025-11-11T16:15:55","guid":{"rendered":"https:\/\/kuuloasi.fi\/?post_type=product&#038;p=199"},"modified":"2026-04-16T08:52:17","modified_gmt":"2026-04-16T08:52:17","slug":"rayovac-kuulokojeparistoja-10-pakettia","status":"publish","type":"product","link":"https:\/\/kuuloasi.fi\/sv\/produkt\/rayovac-kuulokojeparistoja-10-pakettia\/","title":{"rendered":"Rayovac h\u00f6rapparater 10 f\u00f6rpackningar"},"content":{"rendered":"<p><iframe title=\"Byte av batteri i h\u00f6rapparat\" width=\"800\" height=\"450\" src=\"https:\/\/www.youtube.com\/embed\/N60iiXmX9ds?feature=oembed\" frameborder=\"0\" allow=\"accelerometer; autoplay; clipboard-write; encrypted-media; gyroscope; picture-in-picture; web-share\" referrerpolicy=\"strict-origin-when-cross-origin\" allowfullscreen><\/iframe><\/p>\n<p>Rayovac har nyligen lanserat sitt nya b\u00e4sta batteri hittills. Den nya designen f\u00f6rl\u00e4nger batteriets livsl\u00e4ngd och s\u00e4kerst\u00e4ller en smidig och korrekt lyssningsupplevelse. 25%:s st\u00f6rre klisterm\u00e4rke p\u00e5 batteriet \u00e4r ergonomiskt utformat f\u00f6r att g\u00f6ra det enklare att byta ut h\u00f6rapparatens batteri. Batterikabeln har ocks\u00e5 f\u00e5tt en ny design.<\/p>\n<p id=\"tw-target-text\" class=\"tw-data-text tw-text-large XcVN5d tw-ta\" dir=\"ltr\" data-placeholder=\"K\u00e4\u00e4nn\u00f6s\"><img decoding=\"async\" src=\"https:\/\/www.kuuloasi.fi\/WebRoot\/vilkasfi03\/Shops\/2017112003\/MediaGallery\/Extra_Features_sq-2021.png\" alt=\"kuulolaiteparisto\" data-pagespeed-url-hash=\"3831002292\" \/><\/p>\n<p class=\"tw-data-text tw-text-large XcVN5d tw-ta\" dir=\"ltr\" data-placeholder=\"K\u00e4\u00e4nn\u00f6s\">1.\u00a0<span lang=\"fi\">Active Core Plus utan optimering<\/span><\/p>\n<p class=\"tw-data-text tw-text-large XcVN5d tw-ta\" dir=\"ltr\" data-placeholder=\"K\u00e4\u00e4nn\u00f6s\"><span lang=\"fi\">2.\u00a0<\/span><span lang=\"fi\">Uppdaterad f\u00f6rpackning<\/span><\/p>\n<p dir=\"ltr\">3. Optimerad storleksspecifikation<\/p>\n<p dir=\"ltr\">4. Uppdaterat st\u00f6rre klisterm\u00e4rke<\/p>\n<p dir=\"ltr\">5. F\u00f6rb\u00e4ttrade klisterm\u00e4rken<\/p>\n<p><strong>Batteristorlekar f\u00f6r h\u00f6rapparater<\/strong><\/p>\n<p>Rayovacs h\u00f6rapparatsbatterier finns i fyra olika storlekar. Du hittar r\u00e4tt storlek genom att titta p\u00e5 det aktuella batteriet i h\u00f6rapparaten, som har en f\u00e4rgremsa p\u00e5 baksidan som talar om vilken storlek du beh\u00f6ver p\u00e5 batteriet eller batteripaketet. H\u00e4r listas batteristorlekar f\u00f6r h\u00f6rapparater och motsvarande f\u00e4rgkoder. Batterier till h\u00f6rapparater har en f\u00e4rgremsa p\u00e5 batteriets ovansida som anger storleken.<\/p>\n<p><img decoding=\"async\" title=\"batterier till h\u00f6rapparater\" src=\"https:\/\/www.kuuloasi.fi\/WebRoot\/vilkasfi03\/Shops\/2017112003\/MediaGallery\/size-tabs.png\" alt=\"kuulolaiteparisto\" data-pagespeed-url-hash=\"3728090305\" \/><\/p>\n<p><strong>Batteriets livsl\u00e4ngd<\/strong><\/p>\n<p>Batteritiden f\u00f6r h\u00f6rapparater \u00e4r mycket individuell och p\u00e5verkas av m\u00e5nga faktorer. Sammanfattningsvis p\u00e5verkas varaktigheten av hur mycket batteriet anv\u00e4nds, i vilken milj\u00f6 det anv\u00e4nds, batteriets storlek och apparatens teknik. Livsl\u00e4ngden f\u00f6r ett enda batteri \u00e4r cirka 7-12 dagar, naturligtvis beroende p\u00e5 ovanst\u00e5ende variabler. L\u00e5t oss utforska dem lite mer.<\/p>\n<ul>\n<li><strong>Anv\u00e4nda h\u00f6rapparat<\/strong>Anv\u00e4nda h\u00f6rapparat: Ju mer h\u00f6rapparaten anv\u00e4nds under dagen, desto mer batteristr\u00f6m f\u00f6rbrukar den. Det \u00e4r naturligtvis bra att anv\u00e4nda h\u00f6rapparaten s\u00e5 mycket som m\u00f6jligt s\u00e5 att \u00f6rat kan v\u00e4nja sig vid det ljud som f\u00f6rst\u00e4rks av h\u00f6rapparaten.<\/li>\n<\/ul>\n<p>&nbsp;<\/p>\n<ul>\n<li><strong>Anv\u00e4ndarmilj\u00f6<\/strong>\u00a0\u00e4r n\u00e5got som man s\u00e4llan t\u00e4nker p\u00e5 n\u00e4r man pratar om batterif\u00f6rbrukning i h\u00f6rapparater. Men en bullrig milj\u00f6 kr\u00e4ver mer av en h\u00f6rapparat, s\u00e4rskilt om h\u00f6rapparaten har en automatisk ljud- eller brusreducerande funktion. Om lyssningsmilj\u00f6n \u00e4r riktigt tyst och h\u00f6rapparaten m\u00e5ste vridas upp till maximal volym, kommer batteriet att ta slut snabbare.<\/li>\n<\/ul>\n<p>&nbsp;<\/p>\n<ul>\n<li><strong>Batteriets storlek<\/strong>: Det finns fyra olika storlekar p\u00e5 batterier med olika kapacitet. Den fysiska storleken p\u00e5 h\u00f6rapparaten p\u00e5verkar ocks\u00e5 batteriets storlek, s\u00e5 ju mindre h\u00f6rapparaten \u00e4r, desto mindre \u00e4r batteriet.<\/li>\n<\/ul>\n<p>&nbsp;<\/p>\n<ul>\n<li><strong>Teknik f\u00f6r h\u00f6rapparater<\/strong>: F\u00f6rst\u00e4rkningen av h\u00f6rapparaten har ocks\u00e5 en stor inverkan p\u00e5 batterif\u00f6rbrukningen. Ju mer f\u00f6rst\u00e4rkning en h\u00f6rapparat har, desto mer f\u00f6rbrukar den batteristr\u00f6m.<\/li>\n<li>Ett stort antal tillbeh\u00f6r kan anslutas till h\u00f6rapparater. Alla dessa \u00f6kar h\u00f6rapparatens batterif\u00f6rbrukning (t.ex. telefon, fj\u00e4rrkontroller etc.).<\/li>\n<\/ul>\n<p>&nbsp;<\/p>\n<p><strong>Tips f\u00f6r att f\u00e5 h\u00f6rapparatens batteri att r\u00e4cka s\u00e5 l\u00e4nge som m\u00f6jligt.<\/strong><\/p>\n<ul>\n<li>\u00d6ppna alltid h\u00f6rapparatens batterifack n\u00e4r du inte anv\u00e4nder h\u00f6rapparaten.<\/li>\n<li>L\u00e5t batteriet ladda i n\u00e5gra minuter efter att du tagit bort klisterm\u00e4rket innan du s\u00e4tter in det i h\u00f6rapparaten.<\/li>\n<li>F\u00f6rvara alltid batterierna i rumstemperatur och ta endast bort klisterm\u00e4rket fr\u00e5n batterierna n\u00e4r du ska s\u00e4tta in dem i h\u00f6rapparaten. O\u00f6ppnade batterier h\u00e5ller i cirka 2-4 \u00e5r<\/li>\n<\/ul>\n<p>&nbsp;<\/p>\n<p>Om du har n\u00e5gra fr\u00e5gor om batterier till h\u00f6rapparater hj\u00e4lper vi dig g\u00e4rna. Du kan st\u00e4lla en fr\u00e5ga till oss via telefon eller e-post, eller genom att anv\u00e4nda chatboten i v\u00e5r onlinebutik, som du hittar l\u00e4ngst ner till h\u00f6ger p\u00e5 sidan. Vi \u00e4r glada att kunna hj\u00e4lpa till!<\/p>","protected":false},"excerpt":{"rendered":"<p>H\u00f6gkvalitativa och h\u00e5llbara Rayovac h\u00f6rapparatbatterier passar alla m\u00e4rken av h\u00f6rapparater. Rayovac \u00e4r ett av de mest popul\u00e4ra och anv\u00e4nda h\u00f6rapparatbatterierna i v\u00e4rlden. Nu kan du ocks\u00e5 f\u00e5 dem i det h\u00e4r s\u00e5 kallade familjepaketet med totalt 60 batterier.<\/p>","protected":false},"featured_media":205,"comment_status":"open","ping_status":"closed","template":"","meta":{"_acf_changed":false},"product_brand":[],"product_cat":[21,26,16],"product_tag":[28,27],"class_list":{"0":"post-199","1":"product","2":"type-product","3":"status-publish","4":"has-post-thumbnail","6":"product_cat-paristot","7":"product_cat-tarjouksessa","8":"product_cat-yleinen","9":"product_tag-paristo","10":"product_tag-rayovac","12":"first","13":"instock","14":"sale","15":"taxable","16":"shipping-taxable","17":"purchasable","18":"product-type-variable"},"acf":[],"yoast_head":"<!-- This site is optimized with the Yoast SEO plugin v27.4 - https:\/\/yoast.com\/product\/yoast-seo-wordpress\/ -->\n<title>Rayovac kuulokojeparistoja 10 pakettia - kuuloasi.fi<\/title>\n<meta name=\"robots\" content=\"index, follow, max-snippet:-1, max-image-preview:large, max-video-preview:-1\" \/>\n<link rel=\"canonical\" href=\"https:\/\/kuuloasi.fi\/sv\/produkt\/rayovac-kuulokojeparistoja-10-pakettia\/\" \/>\n<meta property=\"og:locale\" content=\"sv_SE\" \/>\n<meta property=\"og:type\" content=\"article\" \/>\n<meta property=\"og:title\" content=\"Rayovac kuulokojeparistoja 10 pakettia - kuuloasi.fi\" \/>\n<meta property=\"og:description\" content=\"Eritt\u00e4in laadukkaat ja kest\u00e4v\u00e4t Rayovac\u00a0kuulokojeparistot\u00a0sopivat kaiken merkkisiin kuulokojeisiin.\u00a0Rayovac\u00a0on yksi maailman suosituimmista ja k\u00e4ytetyimmist\u00e4\u00a0kuulokojeparistoista. Nyt saat niit\u00e4 my\u00f6s t\u00e4ss\u00e4 niin sanotussa perhepaketissa jossa on yhteens\u00e4 60 paristoa.\" \/>\n<meta property=\"og:url\" content=\"https:\/\/kuuloasi.fi\/sv\/produkt\/rayovac-kuulokojeparistoja-10-pakettia\/\" \/>\n<meta property=\"og:site_name\" content=\"kuuloasi.fi\" \/>\n<meta property=\"article:modified_time\" content=\"2026-04-16T08:52:17+00:00\" \/>\n<meta property=\"og:image\" content=\"https:\/\/kuuloasi.fi\/wp-content\/uploads\/2025\/11\/Rayovac_kuulolaiteparisto_312_10kpl.png\" \/>\n\t<meta property=\"og:image:width\" content=\"699\" \/>\n\t<meta property=\"og:image:height\" content=\"1000\" \/>\n\t<meta property=\"og:image:type\" content=\"image\/png\" \/>\n<meta name=\"twitter:card\" content=\"summary_large_image\" \/>\n<meta name=\"twitter:label1\" content=\"Ber\u00e4knad l\u00e4stid\" \/>\n\t<meta name=\"twitter:data1\" content=\"2 minuter\" \/>\n<script type=\"application\/ld+json\" class=\"yoast-schema-graph\">{\"@context\":\"https:\\\/\\\/schema.org\",\"@graph\":[{\"@type\":\"WebPage\",\"@id\":\"https:\\\/\\\/kuuloasi.fi\\\/tuote\\\/rayovac-kuulokojeparistoja-10-pakettia\\\/\",\"url\":\"https:\\\/\\\/kuuloasi.fi\\\/tuote\\\/rayovac-kuulokojeparistoja-10-pakettia\\\/\",\"name\":\"Rayovac kuulokojeparistoja 10 pakettia - kuuloasi.fi\",\"isPartOf\":{\"@id\":\"https:\\\/\\\/kuuloasi.fi\\\/#website\"},\"primaryImageOfPage\":{\"@id\":\"https:\\\/\\\/kuuloasi.fi\\\/tuote\\\/rayovac-kuulokojeparistoja-10-pakettia\\\/#primaryimage\"},\"image\":{\"@id\":\"https:\\\/\\\/kuuloasi.fi\\\/tuote\\\/rayovac-kuulokojeparistoja-10-pakettia\\\/#primaryimage\"},\"thumbnailUrl\":\"https:\\\/\\\/kuuloasi.fi\\\/wp-content\\\/uploads\\\/2025\\\/11\\\/Rayovac_kuulolaiteparisto_312_10kpl.png\",\"datePublished\":\"2025-11-11T16:15:55+00:00\",\"dateModified\":\"2026-04-16T08:52:17+00:00\",\"breadcrumb\":{\"@id\":\"https:\\\/\\\/kuuloasi.fi\\\/tuote\\\/rayovac-kuulokojeparistoja-10-pakettia\\\/#breadcrumb\"},\"inLanguage\":\"sv-SE\",\"potentialAction\":[{\"@type\":\"ReadAction\",\"target\":[\"https:\\\/\\\/kuuloasi.fi\\\/tuote\\\/rayovac-kuulokojeparistoja-10-pakettia\\\/\"]}]},{\"@type\":\"ImageObject\",\"inLanguage\":\"sv-SE\",\"@id\":\"https:\\\/\\\/kuuloasi.fi\\\/tuote\\\/rayovac-kuulokojeparistoja-10-pakettia\\\/#primaryimage\",\"url\":\"https:\\\/\\\/kuuloasi.fi\\\/wp-content\\\/uploads\\\/2025\\\/11\\\/Rayovac_kuulolaiteparisto_312_10kpl.png\",\"contentUrl\":\"https:\\\/\\\/kuuloasi.fi\\\/wp-content\\\/uploads\\\/2025\\\/11\\\/Rayovac_kuulolaiteparisto_312_10kpl.png\",\"width\":699,\"height\":1000},{\"@type\":\"BreadcrumbList\",\"@id\":\"https:\\\/\\\/kuuloasi.fi\\\/tuote\\\/rayovac-kuulokojeparistoja-10-pakettia\\\/#breadcrumb\",\"itemListElement\":[{\"@type\":\"ListItem\",\"position\":1,\"name\":\"Etusivu\",\"item\":\"https:\\\/\\\/kuuloasi.fi\\\/\"},{\"@type\":\"ListItem\",\"position\":2,\"name\":\"Kauppa\",\"item\":\"https:\\\/\\\/kuuloasi.fi\\\/kauppa\\\/\"},{\"@type\":\"ListItem\",\"position\":3,\"name\":\"Rayovac kuulokojeparistoja 10 pakettia\"}]},{\"@type\":\"WebSite\",\"@id\":\"https:\\\/\\\/kuuloasi.fi\\\/#website\",\"url\":\"https:\\\/\\\/kuuloasi.fi\\\/\",\"name\":\"kuuloasi.fi\",\"description\":\"\",\"potentialAction\":[{\"@type\":\"SearchAction\",\"target\":{\"@type\":\"EntryPoint\",\"urlTemplate\":\"https:\\\/\\\/kuuloasi.fi\\\/?s={search_term_string}\"},\"query-input\":{\"@type\":\"PropertyValueSpecification\",\"valueRequired\":true,\"valueName\":\"search_term_string\"}}],\"inLanguage\":\"sv-SE\"}]}<\/script>\n<!-- \/ Yoast SEO plugin. -->","yoast_head_json":{"title":"Rayovac kuulokojeparistoja 10 pakettia - kuuloasi.fi","robots":{"index":"index","follow":"follow","max-snippet":"max-snippet:-1","max-image-preview":"max-image-preview:large","max-video-preview":"max-video-preview:-1"},"canonical":"https:\/\/kuuloasi.fi\/sv\/produkt\/rayovac-kuulokojeparistoja-10-pakettia\/","og_locale":"sv_SE","og_type":"article","og_title":"Rayovac kuulokojeparistoja 10 pakettia - kuuloasi.fi","og_description":"Eritt\u00e4in laadukkaat ja kest\u00e4v\u00e4t Rayovac\u00a0kuulokojeparistot\u00a0sopivat kaiken merkkisiin kuulokojeisiin.\u00a0Rayovac\u00a0on yksi maailman suosituimmista ja k\u00e4ytetyimmist\u00e4\u00a0kuulokojeparistoista. Nyt saat niit\u00e4 my\u00f6s t\u00e4ss\u00e4 niin sanotussa perhepaketissa jossa on yhteens\u00e4 60 paristoa.","og_url":"https:\/\/kuuloasi.fi\/sv\/produkt\/rayovac-kuulokojeparistoja-10-pakettia\/","og_site_name":"kuuloasi.fi","article_modified_time":"2026-04-16T08:52:17+00:00","og_image":[{"width":699,"height":1000,"url":"https:\/\/kuuloasi.fi\/wp-content\/uploads\/2025\/11\/Rayovac_kuulolaiteparisto_312_10kpl.png","type":"image\/png"}],"twitter_card":"summary_large_image","twitter_misc":{"Ber\u00e4knad l\u00e4stid":"2 minuter"},"schema":{"@context":"https:\/\/schema.org","@graph":[{"@type":"WebPage","@id":"https:\/\/kuuloasi.fi\/tuote\/rayovac-kuulokojeparistoja-10-pakettia\/","url":"https:\/\/kuuloasi.fi\/tuote\/rayovac-kuulokojeparistoja-10-pakettia\/","name":"Rayovac kuulokojeparistoja 10 pakettia - kuuloasi.fi","isPartOf":{"@id":"https:\/\/kuuloasi.fi\/#website"},"primaryImageOfPage":{"@id":"https:\/\/kuuloasi.fi\/tuote\/rayovac-kuulokojeparistoja-10-pakettia\/#primaryimage"},"image":{"@id":"https:\/\/kuuloasi.fi\/tuote\/rayovac-kuulokojeparistoja-10-pakettia\/#primaryimage"},"thumbnailUrl":"https:\/\/kuuloasi.fi\/wp-content\/uploads\/2025\/11\/Rayovac_kuulolaiteparisto_312_10kpl.png","datePublished":"2025-11-11T16:15:55+00:00","dateModified":"2026-04-16T08:52:17+00:00","breadcrumb":{"@id":"https:\/\/kuuloasi.fi\/tuote\/rayovac-kuulokojeparistoja-10-pakettia\/#breadcrumb"},"inLanguage":"sv-SE","potentialAction":[{"@type":"ReadAction","target":["https:\/\/kuuloasi.fi\/tuote\/rayovac-kuulokojeparistoja-10-pakettia\/"]}]},{"@type":"ImageObject","inLanguage":"sv-SE","@id":"https:\/\/kuuloasi.fi\/tuote\/rayovac-kuulokojeparistoja-10-pakettia\/#primaryimage","url":"https:\/\/kuuloasi.fi\/wp-content\/uploads\/2025\/11\/Rayovac_kuulolaiteparisto_312_10kpl.png","contentUrl":"https:\/\/kuuloasi.fi\/wp-content\/uploads\/2025\/11\/Rayovac_kuulolaiteparisto_312_10kpl.png","width":699,"height":1000},{"@type":"BreadcrumbList","@id":"https:\/\/kuuloasi.fi\/tuote\/rayovac-kuulokojeparistoja-10-pakettia\/#breadcrumb","itemListElement":[{"@type":"ListItem","position":1,"name":"Etusivu","item":"https:\/\/kuuloasi.fi\/"},{"@type":"ListItem","position":2,"name":"Kauppa","item":"https:\/\/kuuloasi.fi\/kauppa\/"},{"@type":"ListItem","position":3,"name":"Rayovac kuulokojeparistoja 10 pakettia"}]},{"@type":"WebSite","@id":"https:\/\/kuuloasi.fi\/#website","url":"https:\/\/kuuloasi.fi\/","name":"h\u00f6rsel.co.uk","description":"","potentialAction":[{"@type":"SearchAction","target":{"@type":"EntryPoint","urlTemplate":"https:\/\/kuuloasi.fi\/?s={search_term_string}"},"query-input":{"@type":"PropertyValueSpecification","valueRequired":true,"valueName":"search_term_string"}}],"inLanguage":"sv-SE"}]}},"_links":{"self":[{"href":"https:\/\/kuuloasi.fi\/sv\/wp-json\/wp\/v2\/product\/199","targetHints":{"allow":["GET"]}}],"collection":[{"href":"https:\/\/kuuloasi.fi\/sv\/wp-json\/wp\/v2\/product"}],"about":[{"href":"https:\/\/kuuloasi.fi\/sv\/wp-json\/wp\/v2\/types\/product"}],"replies":[{"embeddable":true,"href":"https:\/\/kuuloasi.fi\/sv\/wp-json\/wp\/v2\/comments?post=199"}],"wp:featuredmedia":[{"embeddable":true,"href":"https:\/\/kuuloasi.fi\/sv\/wp-json\/wp\/v2\/media\/205"}],"wp:attachment":[{"href":"https:\/\/kuuloasi.fi\/sv\/wp-json\/wp\/v2\/media?parent=199"}],"wp:term":[{"taxonomy":"product_brand","embeddable":true,"href":"https:\/\/kuuloasi.fi\/sv\/wp-json\/wp\/v2\/product_brand?post=199"},{"taxonomy":"product_cat","embeddable":true,"href":"https:\/\/kuuloasi.fi\/sv\/wp-json\/wp\/v2\/product_cat?post=199"},{"taxonomy":"product_tag","embeddable":true,"href":"https:\/\/kuuloasi.fi\/sv\/wp-json\/wp\/v2\/product_tag?post=199"}],"curies":[{"name":"wp","href":"https:\/\/api.w.org\/{rel}","templated":true}]}}