{"id":1544,"date":"2026-03-11T06:26:02","date_gmt":"2026-03-11T06:26:02","guid":{"rendered":"https:\/\/kuuloasi.fi\/?post_type=product&#038;p=1544"},"modified":"2026-03-11T06:27:39","modified_gmt":"2026-03-11T06:27:39","slug":"4-pakettia-prowax-minifit-vahasuojia","status":"publish","type":"product","link":"https:\/\/kuuloasi.fi\/sv\/produkt\/4-pakettia-prowax-minifit-vahasuojia\/","title":{"rendered":"4 f\u00f6rpackningar Prowax minifit vaxskydd"},"content":{"rendered":"<p><iframe title=\"Prowax vaxskydd ers\u00e4ttning f\u00f6r h\u00f6rapparater\" width=\"800\" height=\"450\" src=\"https:\/\/www.youtube.com\/embed\/WHBGzkKjkc4?feature=oembed\" frameborder=\"0\" allow=\"accelerometer; autoplay; clipboard-write; encrypted-media; gyroscope; picture-in-picture; web-share\" referrerpolicy=\"strict-origin-when-cross-origin\" allowfullscreen><\/iframe><\/p>\n<h2 data-start=\"728\" data-end=\"752\">Produktens egenskaper<\/h2>\n<p data-start=\"754\" data-end=\"1122\">Hindrar \u00f6ronvax och smuts fr\u00e5n att tr\u00e4nga in i h\u00f6rapparatens k\u00e4nsliga delar.<br data-start=\"813\" data-end=\"816\" \/>F\u00f6rb\u00e4ttrar ljudkvaliteten och f\u00f6rl\u00e4nger livsl\u00e4ngden p\u00e5 din h\u00f6rapparat.<br data-start=\"872\" data-end=\"875\" \/>Minskar behovet av underh\u00e5ll och on\u00f6diga servicebes\u00f6k.<br data-start=\"924\" data-end=\"927\" \/>L\u00e4mplig f\u00f6r RIC-, RIE-, RITE- och h\u00f6rselg\u00e5ngsapparater.<br data-start=\"983\" data-end=\"986\" \/>Snabbt och enkelt att byta ut sj\u00e4lv utan servicebes\u00f6k.<br data-start=\"1035\" data-end=\"1038\" \/>Ett praktiskt utbytesverktyg: ett nytt vaxskydd i ena \u00e4nden och en tom gren f\u00f6r att ta bort det gamla.<\/p>\n<h2 data-start=\"1124\" data-end=\"1141\">Kompatibilitet<\/h2>\n<p data-start=\"1143\" data-end=\"1304\"><span class=\"hover:entity-accent entity-underline inline cursor-pointer align-baseline\"><span class=\"whitespace-normal\">Oticon<\/span><\/span> h\u00f6rapparater (miniFit ProWax-system)<br data-start=\"1222\" data-end=\"1225\" \/><span class=\"hover:entity-accent entity-underline inline cursor-pointer align-baseline\"><span class=\"whitespace-normal\">Bernafon<\/span><\/span> h\u00f6rapparater (miniFit ProWax-system)<\/p>\n<p data-start=\"1306\" data-end=\"1426\">Innan du best\u00e4ller, kontrollera bruksanvisningen till din h\u00f6rapparat eller p\u00e5 ink\u00f6psst\u00e4llet f\u00f6r att s\u00e4kerst\u00e4lla att du har miniFit ProWax vaxskydd.<\/p>\n<p data-start=\"1697\" data-end=\"1849\">Det datum som anges p\u00e5 f\u00f6rpackningen \u00e4r tillverkningsdatumet. Vaxskydd kan anv\u00e4ndas i flera \u00e5r s\u00e5 l\u00e4nge de f\u00f6rvaras i sin egen f\u00f6rslutna f\u00f6rpackning.<\/p>\n<h2 data-start=\"1851\" data-end=\"1884\">Varf\u00f6r ska vaxskyddet bytas ut?<\/h2>\n<p data-start=\"1886\" data-end=\"2071\">H\u00f6rselg\u00e5ngen uts\u00f6ndrar naturligt \u00f6ronvax, som med tiden kan t\u00e4ppa till h\u00f6rapparaten. Detta kan leda till att ljudet blir svagare, f\u00f6rvr\u00e4ngs eller att h\u00f6rapparaten helt st\u00e4ngs av.<\/p>\n<p data-start=\"2073\" data-end=\"2206\">En blockerad vaxt\u00e4tning \u00e4r det vanligaste felet p\u00e5 h\u00f6rapparaten, men det \u00e4r l\u00e4tt att f\u00f6rebygga genom att sj\u00e4lv regelbundet byta ut vaxt\u00e4tningen.<\/p>\n<h2 data-start=\"2208\" data-end=\"2250\">Hur man byter ut ProWax miniFit vaxskydd<\/h2>\n<p data-start=\"2252\" data-end=\"2555\">Ta ut ett utbytesverktyg ur f\u00f6rpackningen.<br data-start=\"2291\" data-end=\"2294\" \/>Verktyget har tv\u00e5 grenar: en tom gren f\u00f6r att ta bort det gamla vaxskyddet och ett nytt vaxskydd i andra \u00e4nden.<br data-start=\"2399\" data-end=\"2402\" \/>Tryck in den tomma grenen i det gamla vaxskyddet och dra ut den.<br data-start=\"2456\" data-end=\"2459\" \/>Tryck det nya vaxskyddet p\u00e5 plats med den andra grenen.<br data-start=\"2509\" data-end=\"2512\" \/>Ta bort verktyget och kassera det efter anv\u00e4ndning.<\/p>\n<p data-start=\"2557\" data-end=\"2634\">Kasta alltid anv\u00e4nda verktyg f\u00f6r att undvika att de blandas med nya.<\/p>\n<h2 data-start=\"2636\" data-end=\"2677\">Hur ofta b\u00f6r vaxskyddet bytas ut?<\/h2>\n<p data-start=\"2679\" data-end=\"2822\">Rekommendationen \u00e4r minst en g\u00e5ng i m\u00e5naden.<br data-start=\"2720\" data-end=\"2723\" \/>Oftare om du samlar p\u00e5 dig mycket \u00f6ronvax.<br data-start=\"2765\" data-end=\"2768\" \/>Byt omedelbart ut om ljudet blir svagare, f\u00f6rvr\u00e4ngs eller f\u00f6rsvinner.<\/p>\n<p data-start=\"2824\" data-end=\"2951\">Du beh\u00f6ver inte reng\u00f6ra vaxskyddet, men du kan f\u00f6rsiktigt borsta bort l\u00f6st sittande film p\u00e5 ytan, t.ex. med en reng\u00f6ringsborste.<\/p>\n<h2 data-start=\"2953\" data-end=\"2972\">Paketet inneh\u00e5ller<\/h2>\n<p data-start=\"2974\" data-end=\"3084\">4 \u00d7 ProWax miniFit vaxskyddsskivor<br data-start=\"3009\" data-end=\"3012\" \/>6 \u00d7 utbytesverktyg f\u00f6r eng\u00e5ngsbruk \/ wafer<br data-start=\"3055\" data-end=\"3058\" \/>Totalt 24 vaxfilter<\/p>\n<h2 data-start=\"3086\" data-end=\"3099\">Sammanfattning<\/h2>\n<p data-start=\"3101\" data-end=\"3438\">Oticon ProWax miniFit vaxskydd \u00e4r en p\u00e5litlig och l\u00e4ttanv\u00e4nd l\u00f6sning f\u00f6r att skydda dina h\u00f6rapparater fr\u00e5n \u00f6ronvax. Regelbundna byten f\u00f6rb\u00e4ttrar ljudkvaliteten, minskar underh\u00e5llet och h\u00e5ller h\u00f6rapparaten i gott skick under l\u00e5ng tid. Detta 4-pack erbjuder ett prisv\u00e4rt och problemfritt s\u00e4tt att h\u00e5lla dina h\u00f6rapparater i gott skick.<\/p>","protected":false},"excerpt":{"rendered":"<p data-start=\"329\" data-end=\"567\"><strong data-start=\"329\" data-end=\"380\">ProWax miniFit vaxskydd f\u00f6rpackning med 4 st.<\/strong> \u00e4r en l\u00e4ttanv\u00e4nd och kostnadseffektiv l\u00f6sning f\u00f6r att skydda dina h\u00f6rapparater fr\u00e5n \u00f6ronvax. Kitet inneh\u00e5ller <strong data-start=\"486\" data-end=\"508\">4 vaxskivor<\/strong>, med totalt <strong data-start=\"529\" data-end=\"566\">24 vaxfilter f\u00f6r eng\u00e5ngsbruk<\/strong>.<\/p>\n<p data-start=\"569\" data-end=\"681\">Detta multipack ger en tydlig <strong data-start=\"602\" data-end=\"615\">settiedun<\/strong> - motsvarande antal vaxsk\u00e4rmar skulle kosta <strong data-start=\"653\" data-end=\"680\">k\u00f6ps separat 40 \u20ac.<\/strong>.<\/p>\n<p data-start=\"683\" data-end=\"843\">Vaxskydd \u00e4r l\u00e4mpliga f\u00f6r b\u00e5de <strong data-start=\"707\" data-end=\"760\">f\u00f6r h\u00f6rapparater som sitter i \u00f6rat (RIC, RIE, RITE)<\/strong> till <strong data-start=\"766\" data-end=\"791\">f\u00f6r h\u00f6rselg\u00e5ngsapparater<\/strong>, som anv\u00e4nder <strong data-start=\"810\" data-end=\"828\">miniFit ProWax<\/strong> -system<\/p>","protected":false},"featured_media":1546,"comment_status":"closed","ping_status":"closed","template":"","meta":{"_acf_changed":false},"product_brand":[],"product_cat":[70,26,22,16],"product_tag":[159,89,90,162,160,158,157,164,163,79,161,165],"class_list":{"0":"post-1544","1":"product","2":"type-product","3":"status-publish","4":"has-post-thumbnail","6":"product_cat-oticon","7":"product_cat-tarjouksessa","8":"product_cat-varaosat","9":"product_cat-yleinen","10":"product_tag-bernafon","11":"product_tag-minifit","12":"product_tag-oticon","13":"product_tag-pieni","14":"product_tag-pieni-valkoinen","15":"product_tag-prowax","16":"product_tag-prowax-minifit","17":"product_tag-vaha","18":"product_tag-vahasuodatin","19":"product_tag-vahasuoja","20":"product_tag-valkoinen","21":"product_tag-waxguard","23":"first","24":"instock","25":"sale","26":"taxable","27":"shipping-taxable","28":"purchasable","29":"product-type-simple"},"acf":[],"yoast_head":"<!-- This site is optimized with the Yoast SEO plugin v27.3 - https:\/\/yoast.com\/product\/yoast-seo-wordpress\/ -->\n<title>4 pakettia Prowax minifit vahasuojia - kuuloasi.fi<\/title>\n<meta name=\"description\" content=\"ProWax miniFit vahasuojat 4 kpl pakkaus. Yhteens\u00e4 24 suodatinta Oticon- ja Bernafon-kuulokojeisiin. Est\u00e4\u00e4 tukkeutumisen ja parantaa \u00e4\u00e4nt\u00e4.\" \/>\n<meta name=\"robots\" content=\"index, follow, max-snippet:-1, max-image-preview:large, max-video-preview:-1\" \/>\n<link rel=\"canonical\" href=\"https:\/\/kuuloasi.fi\/sv\/produkt\/4-pakettia-prowax-minifit-vahasuojia\/\" \/>\n<meta property=\"og:locale\" content=\"sv_SE\" \/>\n<meta property=\"og:type\" content=\"article\" \/>\n<meta property=\"og:title\" content=\"4 pakettia Prowax minifit vahasuojia - kuuloasi.fi\" \/>\n<meta property=\"og:description\" content=\"ProWax miniFit vahasuojat 4 kpl pakkaus. Yhteens\u00e4 24 suodatinta Oticon- ja Bernafon-kuulokojeisiin. Est\u00e4\u00e4 tukkeutumisen ja parantaa \u00e4\u00e4nt\u00e4.\" \/>\n<meta property=\"og:url\" content=\"https:\/\/kuuloasi.fi\/sv\/produkt\/4-pakettia-prowax-minifit-vahasuojia\/\" \/>\n<meta property=\"og:site_name\" content=\"kuuloasi.fi\" \/>\n<meta property=\"article:modified_time\" content=\"2026-03-11T06:27:39+00:00\" \/>\n<meta property=\"og:image\" content=\"https:\/\/kuuloasi.fi\/wp-content\/uploads\/2026\/02\/1-12.jpg\" \/>\n\t<meta property=\"og:image:width\" content=\"1601\" \/>\n\t<meta property=\"og:image:height\" content=\"1601\" \/>\n\t<meta property=\"og:image:type\" content=\"image\/jpeg\" \/>\n<meta name=\"twitter:card\" content=\"summary_large_image\" \/>\n<meta name=\"twitter:label1\" content=\"Ber\u00e4knad l\u00e4stid\" \/>\n\t<meta name=\"twitter:data1\" content=\"2 minuter\" \/>\n<script type=\"application\/ld+json\" class=\"yoast-schema-graph\">{\"@context\":\"https:\\\/\\\/schema.org\",\"@graph\":[{\"@type\":\"WebPage\",\"@id\":\"https:\\\/\\\/kuuloasi.fi\\\/tuote\\\/4-pakettia-prowax-minifit-vahasuojia\\\/\",\"url\":\"https:\\\/\\\/kuuloasi.fi\\\/tuote\\\/4-pakettia-prowax-minifit-vahasuojia\\\/\",\"name\":\"4 pakettia Prowax minifit vahasuojia - kuuloasi.fi\",\"isPartOf\":{\"@id\":\"https:\\\/\\\/kuuloasi.fi\\\/#website\"},\"primaryImageOfPage\":{\"@id\":\"https:\\\/\\\/kuuloasi.fi\\\/tuote\\\/4-pakettia-prowax-minifit-vahasuojia\\\/#primaryimage\"},\"image\":{\"@id\":\"https:\\\/\\\/kuuloasi.fi\\\/tuote\\\/4-pakettia-prowax-minifit-vahasuojia\\\/#primaryimage\"},\"thumbnailUrl\":\"https:\\\/\\\/kuuloasi.fi\\\/wp-content\\\/uploads\\\/2026\\\/02\\\/1-12.jpg\",\"datePublished\":\"2026-03-11T06:26:02+00:00\",\"dateModified\":\"2026-03-11T06:27:39+00:00\",\"description\":\"ProWax miniFit vahasuojat 4 kpl pakkaus. Yhteens\u00e4 24 suodatinta Oticon- ja Bernafon-kuulokojeisiin. Est\u00e4\u00e4 tukkeutumisen ja parantaa \u00e4\u00e4nt\u00e4.\",\"breadcrumb\":{\"@id\":\"https:\\\/\\\/kuuloasi.fi\\\/tuote\\\/4-pakettia-prowax-minifit-vahasuojia\\\/#breadcrumb\"},\"inLanguage\":\"sv-SE\",\"potentialAction\":[{\"@type\":\"ReadAction\",\"target\":[\"https:\\\/\\\/kuuloasi.fi\\\/tuote\\\/4-pakettia-prowax-minifit-vahasuojia\\\/\"]}]},{\"@type\":\"ImageObject\",\"inLanguage\":\"sv-SE\",\"@id\":\"https:\\\/\\\/kuuloasi.fi\\\/tuote\\\/4-pakettia-prowax-minifit-vahasuojia\\\/#primaryimage\",\"url\":\"https:\\\/\\\/kuuloasi.fi\\\/wp-content\\\/uploads\\\/2026\\\/02\\\/1-12.jpg\",\"contentUrl\":\"https:\\\/\\\/kuuloasi.fi\\\/wp-content\\\/uploads\\\/2026\\\/02\\\/1-12.jpg\",\"width\":1601,\"height\":1601},{\"@type\":\"BreadcrumbList\",\"@id\":\"https:\\\/\\\/kuuloasi.fi\\\/tuote\\\/4-pakettia-prowax-minifit-vahasuojia\\\/#breadcrumb\",\"itemListElement\":[{\"@type\":\"ListItem\",\"position\":1,\"name\":\"Etusivu\",\"item\":\"https:\\\/\\\/kuuloasi.fi\\\/\"},{\"@type\":\"ListItem\",\"position\":2,\"name\":\"Kauppa\",\"item\":\"https:\\\/\\\/kuuloasi.fi\\\/kauppa\\\/\"},{\"@type\":\"ListItem\",\"position\":3,\"name\":\"4 pakettia Prowax minifit vahasuojia\"}]},{\"@type\":\"WebSite\",\"@id\":\"https:\\\/\\\/kuuloasi.fi\\\/#website\",\"url\":\"https:\\\/\\\/kuuloasi.fi\\\/\",\"name\":\"kuuloasi.fi\",\"description\":\"\",\"potentialAction\":[{\"@type\":\"SearchAction\",\"target\":{\"@type\":\"EntryPoint\",\"urlTemplate\":\"https:\\\/\\\/kuuloasi.fi\\\/?s={search_term_string}\"},\"query-input\":{\"@type\":\"PropertyValueSpecification\",\"valueRequired\":true,\"valueName\":\"search_term_string\"}}],\"inLanguage\":\"sv-SE\"}]}<\/script>\n<!-- \/ Yoast SEO plugin. -->","yoast_head_json":{"title":"4 pakettia Prowax minifit vahasuojia - kuuloasi.fi","description":"ProWax miniFit vahasuojat 4 kpl pakkaus. Yhteens\u00e4 24 suodatinta Oticon- ja Bernafon-kuulokojeisiin. Est\u00e4\u00e4 tukkeutumisen ja parantaa \u00e4\u00e4nt\u00e4.","robots":{"index":"index","follow":"follow","max-snippet":"max-snippet:-1","max-image-preview":"max-image-preview:large","max-video-preview":"max-video-preview:-1"},"canonical":"https:\/\/kuuloasi.fi\/sv\/produkt\/4-pakettia-prowax-minifit-vahasuojia\/","og_locale":"sv_SE","og_type":"article","og_title":"4 pakettia Prowax minifit vahasuojia - kuuloasi.fi","og_description":"ProWax miniFit vahasuojat 4 kpl pakkaus. Yhteens\u00e4 24 suodatinta Oticon- ja Bernafon-kuulokojeisiin. Est\u00e4\u00e4 tukkeutumisen ja parantaa \u00e4\u00e4nt\u00e4.","og_url":"https:\/\/kuuloasi.fi\/sv\/produkt\/4-pakettia-prowax-minifit-vahasuojia\/","og_site_name":"kuuloasi.fi","article_modified_time":"2026-03-11T06:27:39+00:00","og_image":[{"width":1601,"height":1601,"url":"https:\/\/kuuloasi.fi\/wp-content\/uploads\/2026\/02\/1-12.jpg","type":"image\/jpeg"}],"twitter_card":"summary_large_image","twitter_misc":{"Ber\u00e4knad l\u00e4stid":"2 minuter"},"schema":{"@context":"https:\/\/schema.org","@graph":[{"@type":"WebPage","@id":"https:\/\/kuuloasi.fi\/tuote\/4-pakettia-prowax-minifit-vahasuojia\/","url":"https:\/\/kuuloasi.fi\/tuote\/4-pakettia-prowax-minifit-vahasuojia\/","name":"4 pakettia Prowax minifit vahasuojia - kuuloasi.fi","isPartOf":{"@id":"https:\/\/kuuloasi.fi\/#website"},"primaryImageOfPage":{"@id":"https:\/\/kuuloasi.fi\/tuote\/4-pakettia-prowax-minifit-vahasuojia\/#primaryimage"},"image":{"@id":"https:\/\/kuuloasi.fi\/tuote\/4-pakettia-prowax-minifit-vahasuojia\/#primaryimage"},"thumbnailUrl":"https:\/\/kuuloasi.fi\/wp-content\/uploads\/2026\/02\/1-12.jpg","datePublished":"2026-03-11T06:26:02+00:00","dateModified":"2026-03-11T06:27:39+00:00","description":"ProWax miniFit vahasuojat 4 kpl pakkaus. Yhteens\u00e4 24 suodatinta Oticon- ja Bernafon-kuulokojeisiin. Est\u00e4\u00e4 tukkeutumisen ja parantaa \u00e4\u00e4nt\u00e4.","breadcrumb":{"@id":"https:\/\/kuuloasi.fi\/tuote\/4-pakettia-prowax-minifit-vahasuojia\/#breadcrumb"},"inLanguage":"sv-SE","potentialAction":[{"@type":"ReadAction","target":["https:\/\/kuuloasi.fi\/tuote\/4-pakettia-prowax-minifit-vahasuojia\/"]}]},{"@type":"ImageObject","inLanguage":"sv-SE","@id":"https:\/\/kuuloasi.fi\/tuote\/4-pakettia-prowax-minifit-vahasuojia\/#primaryimage","url":"https:\/\/kuuloasi.fi\/wp-content\/uploads\/2026\/02\/1-12.jpg","contentUrl":"https:\/\/kuuloasi.fi\/wp-content\/uploads\/2026\/02\/1-12.jpg","width":1601,"height":1601},{"@type":"BreadcrumbList","@id":"https:\/\/kuuloasi.fi\/tuote\/4-pakettia-prowax-minifit-vahasuojia\/#breadcrumb","itemListElement":[{"@type":"ListItem","position":1,"name":"Etusivu","item":"https:\/\/kuuloasi.fi\/"},{"@type":"ListItem","position":2,"name":"Kauppa","item":"https:\/\/kuuloasi.fi\/kauppa\/"},{"@type":"ListItem","position":3,"name":"4 pakettia Prowax minifit vahasuojia"}]},{"@type":"WebSite","@id":"https:\/\/kuuloasi.fi\/#website","url":"https:\/\/kuuloasi.fi\/","name":"h\u00f6rsel.co.uk","description":"","potentialAction":[{"@type":"SearchAction","target":{"@type":"EntryPoint","urlTemplate":"https:\/\/kuuloasi.fi\/?s={search_term_string}"},"query-input":{"@type":"PropertyValueSpecification","valueRequired":true,"valueName":"search_term_string"}}],"inLanguage":"sv-SE"}]}},"_links":{"self":[{"href":"https:\/\/kuuloasi.fi\/sv\/wp-json\/wp\/v2\/product\/1544","targetHints":{"allow":["GET"]}}],"collection":[{"href":"https:\/\/kuuloasi.fi\/sv\/wp-json\/wp\/v2\/product"}],"about":[{"href":"https:\/\/kuuloasi.fi\/sv\/wp-json\/wp\/v2\/types\/product"}],"replies":[{"embeddable":true,"href":"https:\/\/kuuloasi.fi\/sv\/wp-json\/wp\/v2\/comments?post=1544"}],"wp:featuredmedia":[{"embeddable":true,"href":"https:\/\/kuuloasi.fi\/sv\/wp-json\/wp\/v2\/media\/1546"}],"wp:attachment":[{"href":"https:\/\/kuuloasi.fi\/sv\/wp-json\/wp\/v2\/media?parent=1544"}],"wp:term":[{"taxonomy":"product_brand","embeddable":true,"href":"https:\/\/kuuloasi.fi\/sv\/wp-json\/wp\/v2\/product_brand?post=1544"},{"taxonomy":"product_cat","embeddable":true,"href":"https:\/\/kuuloasi.fi\/sv\/wp-json\/wp\/v2\/product_cat?post=1544"},{"taxonomy":"product_tag","embeddable":true,"href":"https:\/\/kuuloasi.fi\/sv\/wp-json\/wp\/v2\/product_tag?post=1544"}],"curies":[{"name":"wp","href":"https:\/\/api.w.org\/{rel}","templated":true}]}}