{"id":876,"date":"2025-12-04T12:36:47","date_gmt":"2025-12-04T12:36:47","guid":{"rendered":"https:\/\/kuuloasi.fi\/?page_id=876"},"modified":"2026-01-21T19:44:56","modified_gmt":"2026-01-21T19:44:56","slug":"toimitusehdot","status":"publish","type":"page","link":"https:\/\/kuuloasi.fi\/sv\/toimitusehdot\/","title":{"rendered":"Leveransvillkor"},"content":{"rendered":"<div data-elementor-type=\"wp-page\" data-elementor-id=\"876\" class=\"elementor elementor-876\" data-elementor-post-type=\"page\">\n\t\t\t\t<div data-particle_enable=\"false\" data-particle-mobile-disabled=\"false\" class=\"elementor-element elementor-element-07e5561 e-con-full e-flex e-con e-parent\" data-id=\"07e5561\" data-element_type=\"container\" data-e-type=\"container\">\n\t\t\t\t<div class=\"elementor-element elementor-element-d95ed56 elementor-widget elementor-widget-heading\" data-id=\"d95ed56\" data-element_type=\"widget\" data-e-type=\"widget\" data-widget_type=\"heading.default\">\n\t\t\t\t\t<h1 class=\"elementor-heading-title elementor-size-default\">Leveransvillkor<\/h1>\t\t\t\t<\/div>\n\t\t\t\t<\/div>\n\t\t<div data-particle_enable=\"false\" data-particle-mobile-disabled=\"false\" class=\"elementor-element elementor-element-0250b7e e-con-full e-flex e-con e-parent\" data-id=\"0250b7e\" data-element_type=\"container\" data-e-type=\"container\">\n\t\t\t\t<div class=\"elementor-element elementor-element-227d692 elementor-widget elementor-widget-heading\" data-id=\"227d692\" data-element_type=\"widget\" data-e-type=\"widget\" data-widget_type=\"heading.default\">\n\t\t\t\t\t<h2 class=\"elementor-heading-title elementor-size-default\">Allm\u00e4n information<\/h2>\t\t\t\t<\/div>\n\t\t\t\t<div class=\"elementor-element elementor-element-e769d35 elementor-widget__width-initial elementor-widget elementor-widget-text-editor\" data-id=\"e769d35\" data-element_type=\"widget\" data-e-type=\"widget\" data-widget_type=\"text-editor.default\">\n\t\t\t\t\t\t\t\t\t<p>Kuuloasi webbutik, FO-nummer: 2868192-8, adress: Harakantie 18; s\u00e4ljer produkter till f\u00f6retag och vuxna privatpersoner inom EU. Dessa villkor g\u00e4ller f\u00f6r best\u00e4llningar som g\u00f6rs i v\u00e5r webbutik och f\u00f6r motsvarande leveranser.<\/p><p>Dessa villkor g\u00e4ller fr\u00e5n och med 21.12.2017. Vi kan ensidigt \u00e4ndra v\u00e5ra leveransvillkor fr\u00e5n tid till annan, s\u00e5 v\u00e4nligen kontrollera v\u00e5ra leveransvillkor varje g\u00e5ng du best\u00e4ller produkter fr\u00e5n v\u00e5r webbutik.<\/p>\t\t\t\t\t\t\t\t<\/div>\n\t\t\t\t<div class=\"elementor-element elementor-element-fd1f93e elementor-widget elementor-widget-heading\" data-id=\"fd1f93e\" data-element_type=\"widget\" data-e-type=\"widget\" data-widget_type=\"heading.default\">\n\t\t\t\t\t<h2 class=\"elementor-heading-title elementor-size-default\">Produkter och produktpriser\n<\/h2>\t\t\t\t<\/div>\n\t\t\t\t<div class=\"elementor-element elementor-element-ce08336 elementor-widget__width-initial elementor-widget elementor-widget-text-editor\" data-id=\"ce08336\" data-element_type=\"widget\" data-e-type=\"widget\" data-widget_type=\"text-editor.default\">\n\t\t\t\t\t\t\t\t\t<p>Egenskaper och priser f\u00f6r produkterna i webbutiken framg\u00e5r av produktbeskrivningen f\u00f6r varje produkt. Vi f\u00f6rbeh\u00e5ller oss r\u00e4tten att \u00e4ndra priser och leveransavgifter, s\u00e5 v\u00e4nligen kontrollera priserna i din kundvagn innan du g\u00f6r en best\u00e4llning. Priserna p\u00e5 produkterna , som kommer att anges i kundvagnen och i orderbekr\u00e4ftelsen.<\/p>\t\t\t\t\t\t\t\t<\/div>\n\t\t\t\t<div class=\"elementor-element elementor-element-6181b64 elementor-widget elementor-widget-heading\" data-id=\"6181b64\" data-element_type=\"widget\" data-e-type=\"widget\" data-widget_type=\"heading.default\">\n\t\t\t\t\t<h2 class=\"elementor-heading-title elementor-size-default\">Leveransavgifter\n<\/h2>\t\t\t\t<\/div>\n\t\t\t\t<div class=\"elementor-element elementor-element-03832b8 elementor-widget__width-initial elementor-widget elementor-widget-text-editor\" data-id=\"03832b8\" data-element_type=\"widget\" data-e-type=\"widget\" data-widget_type=\"text-editor.default\">\n\t\t\t\t\t\t\t\t\t<p>Eventuella leveranskostnader som kan debiteras f\u00f6r en best\u00e4llning beror p\u00e5 sj\u00e4lva produkten (t.ex. vikt, f\u00f6rpackning) och den valda leveransmetoden och l\u00e4ggs automatiskt till det totala beloppet f\u00f6r best\u00e4llningen. Du kan se de leveranskostnader (om n\u00e5gra) som kommer att till\u00e4mpas p\u00e5 din best\u00e4llning i din kundvagn innan du accepterar best\u00e4llningen.<\/p>\t\t\t\t\t\t\t\t<\/div>\n\t\t\t\t<div class=\"elementor-element elementor-element-d94ea1f elementor-widget elementor-widget-heading\" data-id=\"d94ea1f\" data-element_type=\"widget\" data-e-type=\"widget\" data-widget_type=\"heading.default\">\n\t\t\t\t\t<h2 class=\"elementor-heading-title elementor-size-default\">Best\u00e4llning och avtal\n<\/h2>\t\t\t\t<\/div>\n\t\t\t\t<div class=\"elementor-element elementor-element-ccd50d7 elementor-widget__width-initial elementor-widget elementor-widget-text-editor\" data-id=\"ccd50d7\" data-element_type=\"widget\" data-e-type=\"widget\" data-widget_type=\"text-editor.default\">\n\t\t\t\t\t\t\t\t\t<p>Du kan best\u00e4lla produkter p\u00e5 v\u00e5r webbshopwebbplats genom att l\u00e4gga dem i din varukorg, bekr\u00e4fta din best\u00e4llning och betala f\u00f6r inneh\u00e5llet i din varukorg i betalningstj\u00e4nsten. N\u00e4r du best\u00e4ller fr\u00e5n v\u00e5r webbutik m\u00e5ste du ha l\u00e4st och godk\u00e4nt v\u00e5ra aktuella leveransvillkor. Du f\u00f6rst\u00e5r att din best\u00e4llning, n\u00e4r den har accepterats och bekr\u00e4ftats av oss, \u00e4r bindande, f\u00f6rutom i den utstr\u00e4ckning som \u00e5ngerr\u00e4tten n\u00e4mns nedan, och skapar ett avtal med dessa leveransvillkor mellan oss.<\/p>\t\t\t\t\t\t\t\t<\/div>\n\t\t\t\t<div class=\"elementor-element elementor-element-5c9d7e1 elementor-widget elementor-widget-heading\" data-id=\"5c9d7e1\" data-element_type=\"widget\" data-e-type=\"widget\" data-widget_type=\"heading.default\">\n\t\t\t\t\t<h2 class=\"elementor-heading-title elementor-size-default\">Betalning och betalningsmetoder\n<\/h2>\t\t\t\t<\/div>\n\t\t\t\t<div class=\"elementor-element elementor-element-00f1895 elementor-widget__width-initial elementor-widget elementor-widget-text-editor\" data-id=\"00f1895\" data-element_type=\"widget\" data-e-type=\"widget\" data-widget_type=\"text-editor.default\">\n\t\t\t\t\t\t\t\t\t<p>Du kan betala f\u00f6r din best\u00e4llning med de betalningsmetoder som beskrivs i webbutiken och som finns tillg\u00e4ngliga i kundvagnen.<\/p>\t\t\t\t\t\t\t\t<\/div>\n\t\t\t\t<div class=\"elementor-element elementor-element-1a26a58 elementor-widget elementor-widget-heading\" data-id=\"1a26a58\" data-element_type=\"widget\" data-e-type=\"widget\" data-widget_type=\"heading.default\">\n\t\t\t\t\t<h2 class=\"elementor-heading-title elementor-size-default\">Order- och betalningsbekr\u00e4ftelse\n<\/h2>\t\t\t\t<\/div>\n\t\t\t\t<div class=\"elementor-element elementor-element-32436fd elementor-widget__width-initial elementor-widget elementor-widget-text-editor\" data-id=\"32436fd\" data-element_type=\"widget\" data-e-type=\"widget\" data-widget_type=\"text-editor.default\">\n\t\t\t\t\t\t\t\t\t<p>Efter en lyckad best\u00e4llning kommer en orderbekr\u00e4ftelse att skickas till din e-postadress, s\u00e5 ange din e-postadress n\u00e4r du g\u00f6r din best\u00e4llning. I orderbekr\u00e4ftelsen bekr\u00e4ftas ocks\u00e5 den betalningsmetod som anv\u00e4nts.<\/p><p>Om vi av n\u00e5gon ov\u00e4ntad anledning inte kan bekr\u00e4fta din best\u00e4llning kommer vi att meddela dig via e-post s\u00e5 snart som m\u00f6jligt.<\/p>\t\t\t\t\t\t\t\t<\/div>\n\t\t\t\t<div class=\"elementor-element elementor-element-e05184b elementor-widget elementor-widget-heading\" data-id=\"e05184b\" data-element_type=\"widget\" data-e-type=\"widget\" data-widget_type=\"heading.default\">\n\t\t\t\t\t<h2 class=\"elementor-heading-title elementor-size-default\">Leveransmetod\n<\/h2>\t\t\t\t<\/div>\n\t\t\t\t<div class=\"elementor-element elementor-element-64beb78 elementor-widget__width-initial elementor-widget elementor-widget-text-editor\" data-id=\"64beb78\" data-element_type=\"widget\" data-e-type=\"widget\" data-widget_type=\"text-editor.default\">\n\t\t\t\t\t\t\t\t\t<p>Vi levererar din best\u00e4llning med hj\u00e4lp av n\u00e5gon av de leveransmetoder som anges p\u00e5 v\u00e5r webbplats och som du v\u00e4ljer n\u00e4r du g\u00f6r din best\u00e4llning.<\/p>\t\t\t\t\t\t\t\t<\/div>\n\t\t\t\t<div class=\"elementor-element elementor-element-f28f2ee elementor-widget elementor-widget-heading\" data-id=\"f28f2ee\" data-element_type=\"widget\" data-e-type=\"widget\" data-widget_type=\"heading.default\">\n\t\t\t\t\t<h2 class=\"elementor-heading-title elementor-size-default\">Leveranstid<\/h2>\t\t\t\t<\/div>\n\t\t\t\t<div class=\"elementor-element elementor-element-afed78e elementor-widget__width-initial elementor-widget elementor-widget-text-editor\" data-id=\"afed78e\" data-element_type=\"widget\" data-e-type=\"widget\" data-widget_type=\"text-editor.default\">\n\t\t\t\t\t\t\t\t\t<p>V\u00e5ra vanligaste leveranstider till EU \u00e4r en dag, beroende p\u00e5 order och leveransmetod. Mer specifika tider anges i produktalternativen.<\/p>\t\t\t\t\t\t\t\t<\/div>\n\t\t\t\t<div class=\"elementor-element elementor-element-bb36e58 elementor-widget elementor-widget-heading\" data-id=\"bb36e58\" data-element_type=\"widget\" data-e-type=\"widget\" data-widget_type=\"heading.default\">\n\t\t\t\t\t<h2 class=\"elementor-heading-title elementor-size-default\">\u00c5ngerr\u00e4tt och villkor f\u00f6r \u00e5terbetalning\n<\/h2>\t\t\t\t<\/div>\n\t\t\t\t<div class=\"elementor-element elementor-element-51e4373 elementor-widget__width-initial elementor-widget elementor-widget-text-editor\" data-id=\"51e4373\" data-element_type=\"widget\" data-e-type=\"widget\" data-widget_type=\"text-editor.default\">\n\t\t\t\t\t\t\t\t\t<p>Om du \u00e4r konsument har du enligt konsumentskyddslagen r\u00e4tt att avbest\u00e4lla din best\u00e4llning genom att meddela oss detta senast 14 dagar efter mottagandet av varan eller den sista leveransen eller, vid regelbundna leveranser, den f\u00f6rsta leveransen.<\/p><p>\u00a0<\/p><p>Meddelande om avbest\u00e4llning ska g\u00f6ras p\u00e5 ett tydligt s\u00e4tt, till exempel genom att anv\u00e4nda v\u00e5rt avbest\u00e4llningsformul\u00e4r, genom att skicka ett e-postmeddelande till oss nedan eller genom att skicka ett skriftligt meddelande till oss tillsammans med de returnerade varorna.<\/p><p>\u00a0<\/p><p>\u00c5ngerr\u00e4tten g\u00e4ller endast och d\u00e4rf\u00f6r m\u00e5ste de produkter som ska returneras vara i originalf\u00f6rpackning, oanv\u00e4nda och v\u00e4l f\u00f6rpackade f\u00f6r retur. Om den returnerade produkten har anv\u00e4nts i strid med k\u00f6parens lagstadgade omsorgsplikt har f\u00f6retaget r\u00e4tt att kr\u00e4va en v\u00e4rdeminskning upp till produktens fulla pris plus returkostnader.<\/p><p>\u00a0<\/p><p>Om transaktionen annulleras m\u00e5ste varorna returneras utan dr\u00f6jsm\u00e5l och senast 14 dagar efter det att annulleringsmeddelandet har l\u00e4mnats till v\u00e5r returadress nedan. Vid behov m\u00e5ste den som returnerar varorna bevisa att de returnerats inom tidsfristen, till exempel med hj\u00e4lp av ett returkvitto. Den returnerande parten m\u00e5ste betala kostnaderna f\u00f6r returen. Dessa kostnader kommer inte att \u00e5terbetalas till den returnerande parten.<\/p><p>\u00a0<\/p><p>N\u00e4r du returnerar en levererad order ska du ange ditt namn och dina kontaktuppgifter samt ditt kontonummer f\u00f6r \u00e5terbetalning.<\/p><p>Vi \u00e5terbetalar utan dr\u00f6jsm\u00e5l de pengar som du har betalat f\u00f6r best\u00e4llningen i enlighet med konsumentskyddslagen.<\/p><p>\u00a0<\/p><p>V\u00e5r returadress:<br \/>Lyssna p\u00e5 din webbutik<br \/>Harakantie 18 A<br \/>02650 Esbo<br \/>Finland<\/p>\t\t\t\t\t\t\t\t<\/div>\n\t\t\t\t<div class=\"elementor-element elementor-element-9a8ea2c elementor-widget elementor-widget-heading\" data-id=\"9a8ea2c\" data-element_type=\"widget\" data-e-type=\"widget\" data-widget_type=\"heading.default\">\n\t\t\t\t\t<h2 class=\"elementor-heading-title elementor-size-default\">Kontroll av f\u00f6rs\u00e4ndelse, fel och problem\n<\/h2>\t\t\t\t<\/div>\n\t\t\t\t<div class=\"elementor-element elementor-element-8284233 elementor-widget__width-initial elementor-widget elementor-widget-text-editor\" data-id=\"8284233\" data-element_type=\"widget\" data-e-type=\"widget\" data-widget_type=\"text-editor.default\">\n\t\t\t\t\t\t\t\t\t<p>Kontrollera leveransen s\u00e5 snart du har mottagit den. Om produkten f\u00f6rsvinner eller skadas under transporten, eller p\u00e5 annat s\u00e4tt inte st\u00e4mmer \u00f6verens med din best\u00e4llning eller \u00e4r felaktig, ber vi dig att snarast m\u00f6jligt och senast inom 14 dagar meddela v\u00e5r kundtj\u00e4nst, s\u00e5 kommer vi \u00f6verens om hur felet ska \u00e5tg\u00e4rdas. Vid konsumenttransaktioner f\u00f6ljer vi de tvingande konsumentskyddslagarnas best\u00e4mmelser om ansvar f\u00f6r fel.<\/p>\t\t\t\t\t\t\t\t<\/div>\n\t\t\t\t<div class=\"elementor-element elementor-element-b1d3f9e elementor-widget elementor-widget-heading\" data-id=\"b1d3f9e\" data-element_type=\"widget\" data-e-type=\"widget\" data-widget_type=\"heading.default\">\n\t\t\t\t\t<h2 class=\"elementor-heading-title elementor-size-default\">Kundservice\n<\/h2>\t\t\t\t<\/div>\n\t\t\t\t<div class=\"elementor-element elementor-element-39b71ee elementor-widget__width-initial elementor-widget elementor-widget-text-editor\" data-id=\"39b71ee\" data-element_type=\"widget\" data-e-type=\"widget\" data-widget_type=\"text-editor.default\">\n\t\t\t\t\t\t\t\t\t<p>V\u00e5r personal hj\u00e4lper dig med alla fr\u00e5gor du kan ha om din best\u00e4llning. Kontakta oss g\u00e4rna, antingen via e-post eller telefon:<\/p><p>info@kuuloasi.fi<br \/><a>+358503577727<\/a><\/p>\t\t\t\t\t\t\t\t<\/div>\n\t\t\t\t<div class=\"elementor-element elementor-element-0f7cfe2 elementor-widget elementor-widget-heading\" data-id=\"0f7cfe2\" data-element_type=\"widget\" data-e-type=\"widget\" data-widget_type=\"heading.default\">\n\t\t\t\t\t<h2 class=\"elementor-heading-title elementor-size-default\">Begr\u00e4nsning av ansvar\n<\/h2>\t\t\t\t<\/div>\n\t\t\t\t<div class=\"elementor-element elementor-element-ffa5e5e elementor-widget__width-initial elementor-widget elementor-widget-text-editor\" data-id=\"ffa5e5e\" data-element_type=\"widget\" data-e-type=\"widget\" data-widget_type=\"text-editor.default\">\n\t\t\t\t\t\t\t\t\t<p>Riku Eerikkil\u00e4 asuntosijoitus Oy ansvarar inte f\u00f6r indirekta eller direkta skador eller andra skador som h\u00e4nf\u00f6r sig till best\u00e4llningen, leveransen eller produkten eller n\u00e5got av det ovan n\u00e4mnda, utom i den utstr\u00e4ckning som n\u00e5got annat f\u00f6ljer av en tvingande best\u00e4mmelse i konsumentskyddslagen eller n\u00e5gon annan tvingande lag om skadan i fr\u00e5ga.<\/p><p>\u00a0<\/p>\t\t\t\t\t\t\t\t<\/div>\n\t\t\t\t<div class=\"elementor-element elementor-element-f9d8ef2 elementor-widget elementor-widget-heading\" data-id=\"f9d8ef2\" data-element_type=\"widget\" data-e-type=\"widget\" data-widget_type=\"heading.default\">\n\t\t\t\t\t<h2 class=\"elementor-heading-title elementor-size-default\">Meningsskiljaktigheter\n\n<\/h2>\t\t\t\t<\/div>\n\t\t\t\t<div class=\"elementor-element elementor-element-151705b elementor-widget__width-initial elementor-widget elementor-widget-text-editor\" data-id=\"151705b\" data-element_type=\"widget\" data-e-type=\"widget\" data-widget_type=\"text-editor.default\">\n\t\t\t\t\t\t\t\t\t<div><p>Vi str\u00e4var efter att l\u00f6sa eventuella tvister om din best\u00e4llning genom \u00f6verenskommelse i f\u00f6rsta hand, s\u00e5 v\u00e4nligen kontakta v\u00e5r kundtj\u00e4nst i f\u00f6rsta hand f\u00f6r att l\u00f6sa \u00e4rendet.<\/p><p>Om en tvist om ett kommersiellt avtal inte kan l\u00f6sas genom f\u00f6rhandlingar mellan parterna kan konsumenten v\u00e4nda sig till konsumenttvisten\u00e4mnden (<a href=\"http:\/\/www.kuluttajariita.fi\/\" data-link-type=\"external\" data-type=\"linkpicker\">www.kuluttajariita.fi<\/a>). Innan konsumenten v\u00e4nder sig till konsumenttvisten\u00e4mnden b\u00f6r han eller hon kontakta magistraternas konsumentr\u00e5dgivning (<a href=\"http:\/\/www.kuluttajaneuvonta.fi\/\" data-link-type=\"external\" data-type=\"linkpicker\">www.kuluttajaneuvonta.fi<\/a>).<\/p><\/div>\t\t\t\t\t\t\t\t<\/div>\n\t\t\t\t<\/div>\n\t\t\t\t<\/div>","protected":false},"excerpt":{"rendered":"<p>Toimitusehdot Yleist\u00e4 Kuuloasi verkkokauppa, y-tunnus: 2868192-8, osoite: Harakantie 18;\u00a0myy tuotteita yrityksille ja t\u00e4ysi-ik\u00e4isille yksityishenkil\u00f6ille\u00a0EU-alueelle. N\u00e4m\u00e4 toimitusehdot soveltuvat tuotteiden tilaamiseen verkkokaupassamme sek\u00e4 vastaaviin toimituksiin. N\u00e4m\u00e4 toimitusehtomme ovat voimassa 21.12.2017 alkaen. Voimme muuttaa toimitusehtoja yksipuolisesti aika ajoin, joten tutustuthan toimitusehtoihimme joka kerta etuk\u00e4teen kun tilaat tuotteita verkkokaupastamme. Tuotteet ja tuotehinnat Verkkokaupan tuotteiden ominaisuudet ja hinnat on esitetty [&hellip;]<\/p>\n","protected":false},"author":2,"featured_media":0,"parent":0,"menu_order":0,"comment_status":"closed","ping_status":"closed","template":"","meta":{"_acf_changed":false,"footnotes":""},"class_list":["post-876","page","type-page","status-publish","hentry"],"acf":[],"yoast_head":"<!-- This site is optimized with the Yoast SEO plugin v27.4 - https:\/\/yoast.com\/product\/yoast-seo-wordpress\/ -->\n<title>Toimitusehdot - Kuuloasi.fi<\/title>\n<meta name=\"description\" content=\"Tutustu Kuuloasi.fi -verkkokaupan toimitusehtoihin.\" \/>\n<meta name=\"robots\" content=\"index, follow, max-snippet:-1, max-image-preview:large, max-video-preview:-1\" \/>\n<link rel=\"canonical\" href=\"https:\/\/kuuloasi.fi\/sv\/toimitusehdot\/\" \/>\n<meta property=\"og:locale\" content=\"sv_SE\" \/>\n<meta property=\"og:type\" content=\"article\" \/>\n<meta property=\"og:title\" content=\"Toimitusehdot - Kuuloasi.fi\" \/>\n<meta property=\"og:description\" content=\"Tutustu Kuuloasi.fi -verkkokaupan toimitusehtoihin.\" \/>\n<meta property=\"og:url\" content=\"https:\/\/kuuloasi.fi\/sv\/toimitusehdot\/\" \/>\n<meta property=\"og:site_name\" content=\"kuuloasi.fi\" \/>\n<meta property=\"article:modified_time\" content=\"2026-01-21T19:44:56+00:00\" \/>\n<meta name=\"twitter:card\" content=\"summary_large_image\" \/>\n<meta name=\"twitter:label1\" content=\"Ber\u00e4knad l\u00e4stid\" \/>\n\t<meta name=\"twitter:data1\" content=\"4 minuter\" \/>\n<script type=\"application\/ld+json\" class=\"yoast-schema-graph\">{\"@context\":\"https:\\\/\\\/schema.org\",\"@graph\":[{\"@type\":\"WebPage\",\"@id\":\"https:\\\/\\\/kuuloasi.fi\\\/toimitusehdot\\\/\",\"url\":\"https:\\\/\\\/kuuloasi.fi\\\/toimitusehdot\\\/\",\"name\":\"Toimitusehdot - Kuuloasi.fi\",\"isPartOf\":{\"@id\":\"https:\\\/\\\/kuuloasi.fi\\\/#website\"},\"datePublished\":\"2025-12-04T12:36:47+00:00\",\"dateModified\":\"2026-01-21T19:44:56+00:00\",\"description\":\"Tutustu Kuuloasi.fi -verkkokaupan toimitusehtoihin.\",\"breadcrumb\":{\"@id\":\"https:\\\/\\\/kuuloasi.fi\\\/toimitusehdot\\\/#breadcrumb\"},\"inLanguage\":\"sv-SE\",\"potentialAction\":[{\"@type\":\"ReadAction\",\"target\":[\"https:\\\/\\\/kuuloasi.fi\\\/toimitusehdot\\\/\"]}]},{\"@type\":\"BreadcrumbList\",\"@id\":\"https:\\\/\\\/kuuloasi.fi\\\/toimitusehdot\\\/#breadcrumb\",\"itemListElement\":[{\"@type\":\"ListItem\",\"position\":1,\"name\":\"Etusivu\",\"item\":\"https:\\\/\\\/kuuloasi.fi\\\/\"},{\"@type\":\"ListItem\",\"position\":2,\"name\":\"Toimitusehdot\"}]},{\"@type\":\"WebSite\",\"@id\":\"https:\\\/\\\/kuuloasi.fi\\\/#website\",\"url\":\"https:\\\/\\\/kuuloasi.fi\\\/\",\"name\":\"kuuloasi.fi\",\"description\":\"\",\"potentialAction\":[{\"@type\":\"SearchAction\",\"target\":{\"@type\":\"EntryPoint\",\"urlTemplate\":\"https:\\\/\\\/kuuloasi.fi\\\/?s={search_term_string}\"},\"query-input\":{\"@type\":\"PropertyValueSpecification\",\"valueRequired\":true,\"valueName\":\"search_term_string\"}}],\"inLanguage\":\"sv-SE\"}]}<\/script>\n<!-- \/ Yoast SEO plugin. -->","yoast_head_json":{"title":"Toimitusehdot - Kuuloasi.fi","description":"Tutustu Kuuloasi.fi -verkkokaupan toimitusehtoihin.","robots":{"index":"index","follow":"follow","max-snippet":"max-snippet:-1","max-image-preview":"max-image-preview:large","max-video-preview":"max-video-preview:-1"},"canonical":"https:\/\/kuuloasi.fi\/sv\/toimitusehdot\/","og_locale":"sv_SE","og_type":"article","og_title":"Toimitusehdot - Kuuloasi.fi","og_description":"Tutustu Kuuloasi.fi -verkkokaupan toimitusehtoihin.","og_url":"https:\/\/kuuloasi.fi\/sv\/toimitusehdot\/","og_site_name":"kuuloasi.fi","article_modified_time":"2026-01-21T19:44:56+00:00","twitter_card":"summary_large_image","twitter_misc":{"Ber\u00e4knad l\u00e4stid":"4 minuter"},"schema":{"@context":"https:\/\/schema.org","@graph":[{"@type":"WebPage","@id":"https:\/\/kuuloasi.fi\/toimitusehdot\/","url":"https:\/\/kuuloasi.fi\/toimitusehdot\/","name":"Toimitusehdot - Kuuloasi.fi","isPartOf":{"@id":"https:\/\/kuuloasi.fi\/#website"},"datePublished":"2025-12-04T12:36:47+00:00","dateModified":"2026-01-21T19:44:56+00:00","description":"Tutustu Kuuloasi.fi -verkkokaupan toimitusehtoihin.","breadcrumb":{"@id":"https:\/\/kuuloasi.fi\/toimitusehdot\/#breadcrumb"},"inLanguage":"sv-SE","potentialAction":[{"@type":"ReadAction","target":["https:\/\/kuuloasi.fi\/toimitusehdot\/"]}]},{"@type":"BreadcrumbList","@id":"https:\/\/kuuloasi.fi\/toimitusehdot\/#breadcrumb","itemListElement":[{"@type":"ListItem","position":1,"name":"Etusivu","item":"https:\/\/kuuloasi.fi\/"},{"@type":"ListItem","position":2,"name":"Toimitusehdot"}]},{"@type":"WebSite","@id":"https:\/\/kuuloasi.fi\/#website","url":"https:\/\/kuuloasi.fi\/","name":"h\u00f6rsel.co.uk","description":"","potentialAction":[{"@type":"SearchAction","target":{"@type":"EntryPoint","urlTemplate":"https:\/\/kuuloasi.fi\/?s={search_term_string}"},"query-input":{"@type":"PropertyValueSpecification","valueRequired":true,"valueName":"search_term_string"}}],"inLanguage":"sv-SE"}]}},"_links":{"self":[{"href":"https:\/\/kuuloasi.fi\/sv\/wp-json\/wp\/v2\/pages\/876","targetHints":{"allow":["GET"]}}],"collection":[{"href":"https:\/\/kuuloasi.fi\/sv\/wp-json\/wp\/v2\/pages"}],"about":[{"href":"https:\/\/kuuloasi.fi\/sv\/wp-json\/wp\/v2\/types\/page"}],"author":[{"embeddable":true,"href":"https:\/\/kuuloasi.fi\/sv\/wp-json\/wp\/v2\/users\/2"}],"replies":[{"embeddable":true,"href":"https:\/\/kuuloasi.fi\/sv\/wp-json\/wp\/v2\/comments?post=876"}],"version-history":[{"count":10,"href":"https:\/\/kuuloasi.fi\/sv\/wp-json\/wp\/v2\/pages\/876\/revisions"}],"predecessor-version":[{"id":1152,"href":"https:\/\/kuuloasi.fi\/sv\/wp-json\/wp\/v2\/pages\/876\/revisions\/1152"}],"wp:attachment":[{"href":"https:\/\/kuuloasi.fi\/sv\/wp-json\/wp\/v2\/media?parent=876"}],"curies":[{"name":"wp","href":"https:\/\/api.w.org\/{rel}","templated":true}]}}